{"id":3624,"date":"2025-01-02T07:15:34","date_gmt":"2025-01-02T07:15:34","guid":{"rendered":"https:\/\/vapestornado.com\/?post_type=product&#038;p=3624"},"modified":"2025-08-23T11:39:50","modified_gmt":"2025-08-23T11:39:50","slug":"vozol-star-20000-puffs-disposable-vape-2-low-nicotine-bulk-buy-wholesale-cheap-price","status":"publish","type":"product","link":"https:\/\/vapestornado.com\/hu\/product\/vozol-star-20000-puffs-disposable-vape-2-low-nicotine-bulk-buy-wholesale-cheap-price\/","title":{"rendered":"VOZOL Star 20000 Puffs Eldobhat\u00f3 Vape 2% Alacsony Nikotintartalm\u00fa T\u00f6meges V\u00e1s\u00e1rl\u00e1s Nagyker Olcs\u00f3 \u00c1r"},"content":{"rendered":"<h1 class=\"product-title\">VOZOL Star 20000 Puffs Eldobhat\u00f3 Vape 2% Alacsony Nikotintartalm\u00fa T\u00f6meges V\u00e1s\u00e1rl\u00e1s Nagyker Olcs\u00f3 \u00c1r<\/h1>\n<p data-start=\"197\" data-end=\"530\">A <strong data-start=\"201\" data-end=\"243\">VOZOL Star 20000 Puffs Eldobhat\u00f3 Vape<\/strong> egy innovat\u00edv eszk\u00f6z, amelyet a vaperek \u00e9s a <strong data-start=\"289\" data-end=\"315\">nagykereskedelmi forgalmaz\u00f3k<\/strong> sz\u00e1m\u00e1ra fejlesztettek ki, akik valami egyedit szeretn\u00e9nek a polcokon. Mint a vil\u00e1g els\u0151 eldobhat\u00f3 k\u00e9sz\u00fcl\u00e9ke egy <strong data-start=\"395\" data-end=\"421\">2,2 h\u00fcvelykes HD t\u00fck\u00f6r kijelz\u0151vel<\/strong>futurisztikus diz\u00e1jnt \u00e9s praktikus funkcionalit\u00e1st k\u00edn\u00e1l, \u00edgy kiemelkedik b\u00e1rmely kiskereskedelmi k\u00edn\u00e1latban.<\/p>\n<p data-start=\"532\" data-end=\"840\">Ak\u00e1r <strong data-start=\"543\" data-end=\"559\">20 000 puffot<\/strong>a Star-t egy <strong data-start=\"586\" data-end=\"617\">650mAh-s \u00fajrat\u00f6lthet\u0151 akkumul\u00e1tor<\/strong> \u00e9s egy <strong data-start=\"624\" data-end=\"657\">24 ml-es el\u0151ret\u00f6lt\u00f6tt e-liquid tart\u00e1ly<\/strong>t\u00e1pl\u00e1lja, biztos\u00edtva a hosszan tart\u00f3 teljes\u00edtm\u00e9nyt. A <strong data-start=\"694\" data-end=\"719\">kett\u0151s h\u00e1l\u00f3s tekercs rendszer<\/strong> gazdag \u00edzt \u00e9s s\u0171r\u0171 felh\u0151ket produk\u00e1l, m\u00edg az \u00e1ll\u00edthat\u00f3 be\u00e1ll\u00edt\u00e1sok lehet\u0151v\u00e9 teszik a felhaszn\u00e1l\u00f3k sz\u00e1m\u00e1ra, hogy szem\u00e9lyre szabj\u00e1k a vaping \u00fcl\u00e9seiket.<\/p>\n<p data-start=\"842\" data-end=\"1136\">A <strong data-start=\"846\" data-end=\"874\">interakt\u00edv sz\u00ednes k\u00e9perny\u0151<\/strong> val\u00f3s id\u0151ben mutatja a slukkok sz\u00e1m\u00e1t, az akkumul\u00e1tor t\u00f6lt\u00f6tts\u00e9gi szintj\u00e9t \u00e9s a megmaradt e-liquidet, teljes ir\u00e1ny\u00edt\u00e1st biztos\u00edtva az \u00fcgyfelek sz\u00e1m\u00e1ra az \u00e9lm\u00e9ny felett. Eleg\u00e1ns \u00e9s modern megjelen\u00e9se k\u00fcl\u00f6n\u00f6sen vonz\u00f3v\u00e1 teszi a fiatalabb koroszt\u00e1lyok sz\u00e1m\u00e1ra N\u00e9metorsz\u00e1gban, Franciaorsz\u00e1gban, Spanyolorsz\u00e1gban \u00e9s m\u00e1s EU-s piacokon.<\/p>\n<p data-start=\"1138\" data-end=\"1324\">Nagykeresked\u0151k sz\u00e1m\u00e1ra a <strong data-start=\"1159\" data-end=\"1177\">VOZOL Star 20K<\/strong> kombin\u00e1lja a fejlett funkci\u00f3kat, a hosszan tart\u00f3 haszn\u00e1latot \u00e9s a versenyk\u00e9pes t\u00f6meges \u00e1rakat \u2013 \u00edgy egy er\u0151s elad\u00e1s\u00fa eldobhat\u00f3 vape a magyarorsz\u00e1gi forgalmaz\u00e1shoz.<\/p>\n<p><strong>Rendelje meg a VOZOL Star 20000 eldobhat\u00f3 vape-et<\/strong> online a <strong>vapestornado online vape \u00e1ruh\u00e1zb\u00f3l<\/strong>\u00a0\u00e9s \u00e9lvezze az egyedi sz\u00e1ll\u00edt\u00e1si szolg\u00e1ltat\u00e1sokat <strong>N\u00e9metorsz\u00e1g<\/strong>, <strong>Hollandia<\/strong>, <strong>Franciaorsz\u00e1g<\/strong>, <strong>Olaszorsz\u00e1g<\/strong>, <strong>Spanyolorsz\u00e1g<\/strong>, <strong>Sv\u00e1jcban<\/strong>, <strong>Sv\u00e9dorsz\u00e1g<\/strong>, <strong>Lengyelorsz\u00e1g<\/strong>, <strong>Belgium<\/strong>, <strong>Ausztria<\/strong>, <strong>Norv\u00e9gi\u00e1ban<\/strong>, <strong>D\u00e1nia<\/strong>, <strong>Finnorsz\u00e1g<\/strong>, <strong>Portug\u00e1lia<\/strong>, <strong>Magyarorsz\u00e1g<\/strong>, \u00e9s m\u00e9g sok m\u00e1s.<\/p>\n<p>&nbsp;<\/p>\n<p><span style=\"color: #ff0000;\"><strong>Add meg Amy Whatsappj\u00e1t a gyors v\u00e1lasz\u00e9rt \u00e9s vape kupon\u00e9rt!<\/strong><\/span><\/p>\n<p><img fetchpriority=\"high\" decoding=\"async\" class=\"size-full wp-image-2932\" src=\"https:\/\/vapestornado.com\/wp-content\/uploads\/2024\/12\/Vape-Wholesale.jpg\" alt=\"Vape nagykereskedelem\" width=\"229\" height=\"300\" \/><\/p>\n<h3><a href=\"https:\/\/wa.me\/8617776015835\" target=\"_blank\" rel=\"noopener\"><span style=\"color: #ff0000;\"><strong>WhatsApp: +86 17776015835<\/strong><\/span><\/a><\/h3>\n<p>&nbsp;<\/p>\n<h2 class=\"product-title\"><strong>VOZOL Star 20000 term\u00e9kjellemz\u0151k<\/strong><\/h2>\n<div role=\"article\" data-tabster=\"{&quot;groupper&quot;:{&quot;tabbability&quot;:2},&quot;focusable&quot;:{}}\" data-content=\"ai-message\" aria-labelledby=\"juhNTJ6o7Gk1cgwZMJgv2-author juhNTJ6o7Gk1cgwZMJgv2-content\">\n<div id=\"juhNTJ6o7Gk1cgwZMJgv2-content\">\n<div role=\"article\" data-tabster=\"{&quot;groupper&quot;:{&quot;tabbability&quot;:2},&quot;focusable&quot;:{}}\" data-content=\"ai-message\" aria-labelledby=\"x4EZuCZWrTbh3weWUt7CU-author x4EZuCZWrTbh3weWUt7CU-content\">\n<div id=\"x4EZuCZWrTbh3weWUt7CU-content\">\n<div class=\"flex max-w-full flex-col flex-grow\">\n<div class=\"min-h-8 text-message flex w-full flex-col items-end gap-2 whitespace-normal break-words text-start [.text-message+&amp;]:mt-5\" dir=\"auto\" data-message-author-role=\"assistant\" data-message-id=\"52c6e00a-252f-4104-805d-2f1a84739c71\" data-message-model-slug=\"gpt-4o\">\n<div class=\"flex w-full flex-col gap-1 empty:hidden first:pt-[3px]\">\n<div class=\"markdown prose w-full break-words dark:prose-invert light\">\n<p>&nbsp;<\/p>\n<ol>\n<li><strong>2,2\u2033 HD t\u00fck\u00f6r kijelz\u0151<\/strong>: Tiszta, interakt\u00edv kijelz\u0151 a g\u0151z\u00f6l\u00e9si statisztik\u00e1k egyszer\u0171 nyomon k\u00f6vet\u00e9s\u00e9hez.<\/li>\n<li><strong>Twin Mesh Coil technol\u00f3gia<\/strong>: Fokozza az \u00edz intenzit\u00e1s\u00e1t \u00e9s biztos\u00edtja az egyenletes g\u0151ztermel\u00e9st.<\/li>\n<li><strong>Ak\u00e1r 20 000 sz\u00edv\u00e1s<\/strong>: Hosszan tart\u00f3 g\u0151z\u00f6l\u00e9si \u00e9lm\u00e9ny testreszabhat\u00f3 teljes\u00edtm\u00e9nnyel.<\/li>\n<li><strong>650mAh \u00fajrat\u00f6lthet\u0151 akkumul\u00e1tor<\/strong>: Gyors t\u00f6lt\u00e9s a hosszabb haszn\u00e1lat \u00e9rdek\u00e9ben minim\u00e1lis \u00e1ll\u00e1sid\u0151vel.<\/li>\n<li><strong>24 ml E-liquid kapacit\u00e1s<\/strong>: B\u0151s\u00e9ges e-liquid-et biztos\u00edt a hosszabb haszn\u00e1lathoz gyakori \u00fajrat\u00f6lt\u00e9s n\u00e9lk\u00fcl.<\/li>\n<li><strong>\u00c1tl\u00e1tsz\u00f3 kialak\u00edt\u00e1s<\/strong>: Tekintse meg a megmaradt e-liquidet a nagyobb k\u00e9nyelem \u00e9s a k\u00f6nny\u0171 haszn\u00e1lat \u00e9rdek\u00e9ben.<\/li>\n<\/ol>\n<figure id=\"attachment_3630\" aria-describedby=\"caption-attachment-3630\" style=\"width: 800px\" class=\"wp-caption alignnone\"><img decoding=\"async\" class=\"wp-image-3630 size-full\" src=\"https:\/\/vapestornado.com\/wp-content\/uploads\/2025\/01\/Vozol-Star-20000-Puff-Rechargeable-Disposable-Vape.webp\" alt=\"Vozol Star 20000 Puffs \u00dajrat\u00f6lthet\u0151 Eldobhat\u00f3 Vape\" width=\"800\" height=\"800\" srcset=\"https:\/\/vapestornado.com\/wp-content\/uploads\/2025\/01\/Vozol-Star-20000-Puff-Rechargeable-Disposable-Vape.webp 800w, https:\/\/vapestornado.com\/wp-content\/uploads\/2025\/01\/Vozol-Star-20000-Puff-Rechargeable-Disposable-Vape-300x300.webp 300w, https:\/\/vapestornado.com\/wp-content\/uploads\/2025\/01\/Vozol-Star-20000-Puff-Rechargeable-Disposable-Vape-150x150.webp 150w, https:\/\/vapestornado.com\/wp-content\/uploads\/2025\/01\/Vozol-Star-20000-Puff-Rechargeable-Disposable-Vape-768x768.webp 768w, https:\/\/vapestornado.com\/wp-content\/uploads\/2025\/01\/Vozol-Star-20000-Puff-Rechargeable-Disposable-Vape-600x600.webp 600w, https:\/\/vapestornado.com\/wp-content\/uploads\/2025\/01\/Vozol-Star-20000-Puff-Rechargeable-Disposable-Vape-100x100.webp 100w\" sizes=\"(max-width: 800px) 100vw, 800px\" \/><figcaption id=\"caption-attachment-3630\" class=\"wp-caption-text\">Vozol Star 20000 Puffs \u00dajrat\u00f6lthet\u0151 Eldobhat\u00f3 Vape<\/figcaption><\/figure>\n<\/div>\n<\/div>\n<\/div>\n<\/div>\n<div class=\"mb-2 flex gap-3 empty:hidden -ml-2\"><\/div>\n<\/div>\n<\/div>\n<\/div>\n<\/div>\n<h2 class=\"product-title\"><strong>N\u00e9pszer\u0171 \u00edzek a VOZOL Star 20000-hez<\/strong><strong>\u00a0<\/strong><strong>Eldobhat\u00f3 Vape-ekhez<\/strong><\/h2>\n<p>A Vozol Star 20000 v\u00e1ltozatos \u00e9s izgalmas lehet\u0151s\u00e9geket k\u00edn\u00e1l term\u00e9kpalett\u00e1j\u00e1hoz, kiel\u00e9g\u00edtve a k\u00fcl\u00f6nf\u00e9le \u00edzl\u00e9sbeli ig\u00e9nyeket! K\u00e9rj\u00fck, tekintse meg a n\u00e9pszer\u0171 \u00edzeket \u00e9rt\u00e9kes\u00edt\u00e9si adataink \u00e9s v\u00e1s\u00e1rl\u00f3i visszajelz\u00e9seink alapj\u00e1n.<\/p>\n<p>1. Citromos menta<br \/>\n2. Vegyes bogy\u00f3s gy\u00fcm\u00f6lcs\u00f6k<span style=\"color: #ff0000;\"> <strong>&gt;&gt;&gt; Felkapott!<\/strong><\/span><br \/>\n3. Epres mang\u00f3<br \/>\n4. Mang\u00f3 j\u00e9g<br \/>\n5. Mang\u00f3 Anan\u00e1sz Grapefruit<br \/>\n6. Sz\u0151l\u0151 j\u00e9g<span style=\"color: #ff0000;\"><strong>&gt;&gt;&gt; Felkapott!<\/strong><\/span><br \/>\n7. \u0150szibarack J\u00e9g<br \/>\n8. Citrom Lime<br \/>\n9. G\u00f6r\u00f6gdinnye j\u00e9g <span style=\"color: #ff0000;\"><strong>&gt;&gt;&gt; Felkapott!<\/strong><\/span><br \/>\n10. S\u00e1rk\u00e1nygy\u00fcm\u00f6lcs Ban\u00e1n Cseresznye<br \/>\n11. Dupla Alma J\u00e9g<br \/>\n12. Cseresznye Limon\u00e1d\u00e9<br \/>\n13. Eper g\u00f6r\u00f6gdinnye<br \/>\n14. K\u00e9k M\u00e1lna J\u00e9g <span style=\"color: #ff0000;\"><strong>&gt;&gt;&gt; Felkapott!<\/strong><\/span><br \/>\n15. \u00c1fonya Vihar<br \/>\n16. K\u00e9k Mojito <span style=\"color: #ff0000;\"><strong>&gt;&gt;&gt; A legjobb!<\/strong><\/span><br \/>\n17. M\u00e1lna G\u00f6r\u00f6gdinnye<br \/>\n18. L\u00e1vat\u0171z<\/p>\n<p>&nbsp;<\/p>\n<div class=\"flex-shrink-0 flex flex-col relative items-end\">\n<div class=\"pt-0\">\n<div class=\"gizmo-bot-avatar flex h-8 w-8 items-center justify-center overflow-hidden rounded-full\">\n<div class=\"relative p-1 rounded-sm flex items-center justify-center bg-token-main-surface-primary text-token-text-primary h-8 w-8\">\n<h2>GYIK a VOZOL Star 20k-hoz<strong>\u00a0<\/strong>Eldobhat\u00f3 Vape<\/h2>\n<p>&nbsp;<\/p>\n<ol>\n<li><strong>Meddig b\u00edrja a VOZOL Star 20000?<\/strong><br \/>\nA VOZOL Star ak\u00e1r <strong>20 000 puffot<\/strong>haszn\u00e1latot biztos\u00edt, hosszan tart\u00f3 \u00e9lm\u00e9nyt ny\u00fajtva a sokat sz\u00edv\u00f3knak.<\/li>\n<li><strong>Mi a c\u00e9lja a 2,2\u2033-os HD t\u00fck\u00f6r kijelz\u0151nek?<\/strong><br \/>\nA <strong>2.2\u2033 HD t\u00fck\u00f6r kijelz\u0151j\u00e9t tartalmazza<\/strong> fontos inform\u00e1ci\u00f3kat jelen\u00edt meg, mint p\u00e9ld\u00e1ul a slukkok sz\u00e1ma, az akkumul\u00e1tor \u00e9lettartama \u00e9s az e-liquid szintje az interakt\u00edv, felhaszn\u00e1l\u00f3bar\u00e1t \u00e9lm\u00e9ny \u00e9rdek\u00e9ben.<\/li>\n<li><strong>Hogyan jav\u00edtja az iker h\u00e1l\u00f3s tekercs technol\u00f3gia a vaping \u00e9lm\u00e9nyt?<\/strong><br \/>\nA <strong>kett\u0151s h\u00e1l\u00f3s tekercs technol\u00f3gi\u00e1ban rejlik<\/strong> fokozza az \u00edz intenzit\u00e1s\u00e1t \u00e9s biztos\u00edtja az egyenletes g\u0151ztermel\u00e9st, sim\u00e1bb, gazdagabb \u00e9lm\u00e9nyt ny\u00fajtva a felhaszn\u00e1l\u00f3knak.<\/li>\n<li><strong>\u00dajrat\u00f6lthet\u0151 a VOZOL Star?<\/strong><br \/>\nIgen, a k\u00e9sz\u00fcl\u00e9khez tartozik egy <strong>650mAh-s \u00fajrat\u00f6lthet\u0151 akkumul\u00e1tor<\/strong> \u00e9s gyorsan \u00fajrat\u00f6lthet\u0151 a le\u00e1ll\u00e1s minimaliz\u00e1l\u00e1sa \u00e9rdek\u00e9ben.<\/li>\n<li><strong>Mennyi e-liquid f\u00e9r a VOZOL Starba?<\/strong><br \/>\nA <strong>VOZOL Csillag<\/strong> rendelkezik egy <strong>24 ml e-liquid kapacit\u00e1s<\/strong>ami ide\u00e1lis a hosszabb ideig tart\u00f3 g\u0151z\u00f6l\u00e9shez.<\/li>\n<li><strong>Hol v\u00e1s\u00e1rolhatok VOZOL Star 20000 Puffs term\u00e9ket?<\/strong><br \/>\nA <strong>VOZOL Star 20000 Puffs<\/strong> online megv\u00e1s\u00e1rolhat\u00f3 a <strong>vapestornado<\/strong>oldalon, sz\u00e1ll\u00edt\u00e1si szolg\u00e1ltat\u00e1sokkal k\u00fcl\u00f6nb\u00f6z\u0151 eur\u00f3pai orsz\u00e1gokba, bele\u00e9rtve Magyarorsz\u00e1got is <strong>N\u00e9metorsz\u00e1g<\/strong>, <strong>Franciaorsz\u00e1g<\/strong>, <strong>Olaszorsz\u00e1g<\/strong>, \u00e9s m\u00e9g sok m\u00e1s.<\/li>\n<\/ol>\n<div class=\"flex max-w-full flex-col flex-grow\"><\/div>\n<\/div>\n<\/div>\n<\/div>\n<\/div>\n<div class=\"flex-shrink-0 flex flex-col relative items-end\">\n<div class=\"pt-0\">\n<div class=\"gizmo-bot-avatar flex h-8 w-8 items-center justify-center overflow-hidden rounded-full\">\n<div class=\"relative p-1 rounded-sm flex items-center justify-center bg-token-main-surface-primary text-token-text-primary h-8 w-8\">\n<div class=\"mb-2 flex gap-3 empty:hidden -ml-2\">\n<div role=\"article\" data-tabster=\"{&quot;groupper&quot;:{&quot;tabbability&quot;:2},&quot;focusable&quot;:{}}\" data-content=\"ai-message\" aria-labelledby=\"Vdt5ez4X7Tg813x6rFVha-author Vdt5ez4X7Tg813x6rFVha-content\">\n<div id=\"Vdt5ez4X7Tg813x6rFVha-content\">\n<div role=\"article\" data-tabster=\"{&quot;groupper&quot;:{&quot;tabbability&quot;:2},&quot;focusable&quot;:{}}\" data-content=\"ai-message\" aria-labelledby=\"o968oC7CEo2fGHsGdsRYC-author o968oC7CEo2fGHsGdsRYC-content\">\n<div id=\"o968oC7CEo2fGHsGdsRYC-content\">\n<h2>Mi\u00e9rt v\u00e1lassza a vapestornado-t a VOZOL Star 20k Puffs Vape nagykereskedelm\u00e9hez?<\/h2>\n<div class=\"flex-shrink-0 flex flex-col relative items-end\">\n<div class=\"pt-0\">\n<div class=\"gizmo-bot-avatar flex h-8 w-8 items-center justify-center overflow-hidden rounded-full\">\n<div class=\"relative p-1 rounded-sm flex items-center justify-center bg-token-main-surface-primary text-token-text-primary h-8 w-8\">\n<p>\u00dcdv\u00f6z\u00f6lj\u00fck a vapestornado-n, az \u00d6n megb\u00edzhat\u00f3 online vape boltj\u00e1ban a pr\u00e9mium eldobhat\u00f3 vape-okhoz. T\u00f6bb mint 5 \u00e9ves szak\u00e9rtelemmel hozunk el \u00d6nnek n\u00e9pszer\u0171 eldobhat\u00f3 vape m\u00e1rk\u00e1kat, mint p\u00e9ld\u00e1ul a Fumot RandM Vape, <a href=\"https:\/\/vapestornado.com\/hu\/product-category\/vapme-shisha\/\">Vapme<\/a>, Bang Vape, Waspe Vape \u00e9s WGA Vape, stb.<\/p>\n<p>K\u00edn\u00e1latunkban szerepelnek n\u00e9pszer\u0171 vape-ok, mint a <a href=\"https:\/\/vapestornado.com\/hu\/product\/randm-12000-puffs-fumot-digital-disposable-vape-wholesale-price\/\">RandM Torn\u00e1d\u00f3 12000<\/a>, \u00e9s \u00edzgazdag v\u00e1laszt\u00e1sok, mint a <a href=\"https:\/\/vapestornado.com\/hu\/product\/wga-crystal-pro-max-extra-15000-puffs-rechargeable-disposable-vape-wholesale-bulk-buy\/\">\u00a0WGA Krist\u00e1ly 15k Puffs<\/a> . Minden term\u00e9k\u00fcnket a min\u0151s\u00e9g, \u00e9rt\u00e9k \u00e9s v\u00e1ltozatoss\u00e1g figyelembev\u00e9tel\u00e9vel v\u00e1lasztjuk ki, biztos\u00edtva, hogy megtal\u00e1lja az ig\u00e9nyeinek legmegfelel\u0151bbet. Fedezze fel a kiv\u00e9teles szolg\u00e1ltat\u00e1st \u00e9s a top term\u00e9kek sz\u00e9les v\u00e1laszt\u00e9k\u00e1t nagykereskedelmi \u00e1ron a vapestornado-n.<\/p>\n<\/div>\n<p>&nbsp;<\/p>\n<p><strong>Egy\u00e9b n\u00e9pszer\u0171 eldobhat\u00f3 vape-ek<\/strong><\/p>\n<p><a href=\"https:\/\/vapestornado.com\/hu\/product\/vozol-vista-20000-vape-rechargeable-disposable-vape-wholesale-cheap-price\/\">VOZOL VISTA 20000 Puffs <span style=\"color: #ff0000;\"><strong>&gt;&gt;&gt;&gt; Indul\u00e1s!<\/strong><\/span><\/a><\/p>\n<p><a href=\"https:\/\/vapestornado.com\/hu\/product\/vozol-gear-power-20k-20000-puffs-vape-rechargeable-disposable-box-bulk-buy-cheap-price\/\">VOZOL Csillag 20000<span style=\"color: #ff0000;\"><strong>&gt;&gt;&gt;&gt; Indul\u00e1s!<\/strong><\/span><\/a><\/p>\n<p><a href=\"https:\/\/vapestornado.com\/hu\/product\/puff-25k-bang-king-25000-puffs-rechargeable-disposable-vape-wholesale-bulk-buy\/\">Bang King 25000 <span style=\"color: #ff0000;\"><strong>&gt;&gt;&gt;&gt; Indul\u00e1s!<\/strong><\/span><\/a><\/p>\n<\/div>\n<\/div>\n<\/div>\n<p>&nbsp;<\/p>\n<\/div>\n<\/div>\n<\/div>\n<\/div>\n<\/div>\n<\/div>\n<\/div>\n<\/div>\n<\/div>","protected":false},"excerpt":{"rendered":"<p>VOZOL Star 20000 Puffs 2% Alacsony Nikotintartalm\u00fa Eldobhat\u00f3 Vape Nagykereskedelem<br \/>\nVOZOL Star 20000 Puff Digit\u00e1lis Kijelz\u0151 Eldobhat\u00f3 Vape T\u00f6meges V\u00e1s\u00e1rl\u00e1s<br \/>\nVOZOL Star 20k \u00dajrat\u00f6lthet\u0151 Eldobhat\u00f3 Vape Olcs\u00f3 \u00c1r<\/p>\n<p><strong>Adja hozz\u00e1 Amy-t WhatsApp-on, hogy azonnali v\u00e1laszt \u00e9s vape kupont kapjon!<\/strong><\/p>\n<p><img fetchpriority=\"high\" decoding=\"async\" class=\"size-full wp-image-2932\" src=\"https:\/\/vapestornado.com\/wp-content\/uploads\/2024\/12\/Vape-Wholesale.jpg\" alt=\"Vape nagykereskedelem\" width=\"229\" height=\"300\" \/><\/p>\n<h3><a href=\"https:\/\/wa.me\/8617776015835\"><span style=\"color: #ff0000;\"><strong>WhatsApp: +86 17776015835<\/strong><\/span><\/a><\/h3>\n<p>&nbsp;<\/p>","protected":false},"featured_media":3625,"comment_status":"open","ping_status":"closed","template":"","meta":{"_acf_changed":false,"_uag_custom_page_level_css":"","_lmt_disableupdate":"no","_lmt_disable":"","_monsterinsights_skip_tracking":false,"_monsterinsights_sitenote_active":false,"_monsterinsights_sitenote_note":"","_monsterinsights_sitenote_category":0,"site-sidebar-layout":"default","site-content-layout":"","ast-site-content-layout":"default","site-content-style":"default","site-sidebar-style":"default","ast-global-header-display":"","ast-banner-title-visibility":"","ast-main-header-display":"","ast-hfb-above-header-display":"","ast-hfb-below-header-display":"","ast-hfb-mobile-header-display":"","site-post-title":"","ast-breadcrumbs-content":"","ast-featured-img":"","footer-sml-layout":"","ast-disable-related-posts":"","theme-transparent-header-meta":"default","adv-header-id-meta":"","stick-header-meta":"","header-above-stick-meta":"","header-main-stick-meta":"","header-below-stick-meta":"","astra-migrate-meta-layouts":"set","ast-page-background-enabled":"default","ast-page-background-meta":{"desktop":{"background-color":"","background-image":"","background-repeat":"repeat","background-position":"center center","background-size":"auto","background-attachment":"scroll","background-type":"","background-media":"","overlay-type":"","overlay-color":"","overlay-opacity":"","overlay-gradient":""},"tablet":{"background-color":"","background-image":"","background-repeat":"repeat","background-position":"center center","background-size":"auto","background-attachment":"scroll","background-type":"","background-media":"","overlay-type":"","overlay-color":"","overlay-opacity":"","overlay-gradient":""},"mobile":{"background-color":"","background-image":"","background-repeat":"repeat","background-position":"center center","background-size":"auto","background-attachment":"scroll","background-type":"","background-media":"","overlay-type":"","overlay-color":"","overlay-opacity":"","overlay-gradient":""}},"ast-content-background-meta":{"desktop":{"background-color":"var(--ast-global-color-5)","background-image":"","background-repeat":"repeat","background-position":"center center","background-size":"auto","background-attachment":"scroll","background-type":"","background-media":"","overlay-type":"","overlay-color":"","overlay-opacity":"","overlay-gradient":""},"tablet":{"background-color":"var(--ast-global-color-5)","background-image":"","background-repeat":"repeat","background-position":"center center","background-size":"auto","background-attachment":"scroll","background-type":"","background-media":"","overlay-type":"","overlay-color":"","overlay-opacity":"","overlay-gradient":""},"mobile":{"background-color":"var(--ast-global-color-5)","background-image":"","background-repeat":"repeat","background-position":"center center","background-size":"auto","background-attachment":"scroll","background-type":"","background-media":"","overlay-type":"","overlay-color":"","overlay-opacity":"","overlay-gradient":""}},"_joinchat":{"telephone":"+8617776015835"}},"product_brand":[],"product_cat":[69,154,155,157,160,142,146,57],"product_tag":[165,105,97,166,94,222,221,220],"class_list":{"0":"post-3624","1":"product","2":"type-product","3":"status-publish","4":"has-post-thumbnail","6":"product_cat-20000-puff","7":"product_cat-buy-disposable-vapes-in-netherlands","8":"product_cat-buy-disposable-vapes-in-norway","9":"product_cat-buy-disposable-vapes-in-portugal","10":"product_cat-buy-disposable-vapes-in-switzerland","11":"product_cat-digital-box-disposable-vapes","12":"product_cat-rechargeable-disposable-vapes","13":"product_cat-vozol-vape","14":"product_tag-cheap-vapes","15":"product_tag-digital-disposable-vape","16":"product_tag-hot-sale-disposable-vape","17":"product_tag-low-nicotine-vape","18":"product_tag-rechargeable-disposable-vape","19":"product_tag-vozol-gear-power-20000","20":"product_tag-vozol-gear-power-20k","21":"product_tag-vozol-vape","22":"desktop-align-left","23":"tablet-align-left","24":"mobile-align-left","26":"first","27":"instock","28":"sale","29":"shipping-taxable","30":"purchasable","31":"product-type-simple"},"acf":[],"uagb_featured_image_src":{"full":["https:\/\/vapestornado.com\/wp-content\/uploads\/2025\/01\/Vozol-Star-20000-Puff-Disposable-Vape-Love-777-Flavor.webp",800,800,false],"thumbnail":["https:\/\/vapestornado.com\/wp-content\/uploads\/2025\/01\/Vozol-Star-20000-Puff-Disposable-Vape-Love-777-Flavor-150x150.webp",150,150,true],"medium":["https:\/\/vapestornado.com\/wp-content\/uploads\/2025\/01\/Vozol-Star-20000-Puff-Disposable-Vape-Love-777-Flavor-300x300.webp",300,300,true],"medium_large":["https:\/\/vapestornado.com\/wp-content\/uploads\/2025\/01\/Vozol-Star-20000-Puff-Disposable-Vape-Love-777-Flavor-768x768.webp",768,768,true],"large":["https:\/\/vapestornado.com\/wp-content\/uploads\/2025\/01\/Vozol-Star-20000-Puff-Disposable-Vape-Love-777-Flavor.webp",800,800,false],"1536x1536":["https:\/\/vapestornado.com\/wp-content\/uploads\/2025\/01\/Vozol-Star-20000-Puff-Disposable-Vape-Love-777-Flavor.webp",800,800,false],"2048x2048":["https:\/\/vapestornado.com\/wp-content\/uploads\/2025\/01\/Vozol-Star-20000-Puff-Disposable-Vape-Love-777-Flavor.webp",800,800,false],"trp-custom-language-flag":["https:\/\/vapestornado.com\/wp-content\/uploads\/2025\/01\/Vozol-Star-20000-Puff-Disposable-Vape-Love-777-Flavor.webp",12,12,false],"woocommerce_thumbnail":["https:\/\/vapestornado.com\/wp-content\/uploads\/2025\/01\/Vozol-Star-20000-Puff-Disposable-Vape-Love-777-Flavor-300x300.webp",300,300,true],"woocommerce_single":["https:\/\/vapestornado.com\/wp-content\/uploads\/2025\/01\/Vozol-Star-20000-Puff-Disposable-Vape-Love-777-Flavor-600x600.webp",600,600,true],"woocommerce_gallery_thumbnail":["https:\/\/vapestornado.com\/wp-content\/uploads\/2025\/01\/Vozol-Star-20000-Puff-Disposable-Vape-Love-777-Flavor-100x100.webp",100,100,true]},"uagb_author_info":{"display_name":"ESAMY","author_link":"https:\/\/vapestornado.com\/hu\/author\/"},"uagb_comment_info":0,"uagb_excerpt":"VOZOL Star 20000 Puffs 2% Low Nicotine Disposable Vape Wholesale VOZOL Star 20000 Puff \u00a0Digital Display Disposable Vape Bulk Buy VOZOL Star 20k Rechargeable Disposable Vape Cheap Price Add Amy's whatsapp get right reply and vape coupon! WhatsApp: +86 17776015835 &nbsp;","_links":{"self":[{"href":"https:\/\/vapestornado.com\/hu\/wp-json\/wp\/v2\/product\/3624","targetHints":{"allow":["GET"]}}],"collection":[{"href":"https:\/\/vapestornado.com\/hu\/wp-json\/wp\/v2\/product"}],"about":[{"href":"https:\/\/vapestornado.com\/hu\/wp-json\/wp\/v2\/types\/product"}],"replies":[{"embeddable":true,"href":"https:\/\/vapestornado.com\/hu\/wp-json\/wp\/v2\/comments?post=3624"}],"wp:featuredmedia":[{"embeddable":true,"href":"https:\/\/vapestornado.com\/hu\/wp-json\/wp\/v2\/media\/3625"}],"wp:attachment":[{"href":"https:\/\/vapestornado.com\/hu\/wp-json\/wp\/v2\/media?parent=3624"}],"wp:term":[{"taxonomy":"product_brand","embeddable":true,"href":"https:\/\/vapestornado.com\/hu\/wp-json\/wp\/v2\/product_brand?post=3624"},{"taxonomy":"product_cat","embeddable":true,"href":"https:\/\/vapestornado.com\/hu\/wp-json\/wp\/v2\/product_cat?post=3624"},{"taxonomy":"product_tag","embeddable":true,"href":"https:\/\/vapestornado.com\/hu\/wp-json\/wp\/v2\/product_tag?post=3624"}],"curies":[{"name":"wp","href":"https:\/\/api.w.org\/{rel}","templated":true}]}}