{"id":3614,"date":"2025-01-02T03:10:17","date_gmt":"2025-01-02T03:10:17","guid":{"rendered":"https:\/\/vapestornado.com\/?post_type=product&#038;p=3614"},"modified":"2025-08-23T12:23:25","modified_gmt":"2025-08-23T12:23:25","slug":"vozol-gear-power-20k-20000-puffs-vape-rechargeable-disposable-box-bulk-buy-cheap-price","status":"publish","type":"product","link":"https:\/\/vapestornado.com\/hu\/product\/vozol-gear-power-20k-20000-puffs-vape-rechargeable-disposable-box-bulk-buy-cheap-price\/","title":{"rendered":"VOZOL Gear Power 20K 20000 Puffs Vape \u00dajrat\u00f6lthet\u0151 Eldobhat\u00f3 Doboz T\u00f6meges V\u00e1s\u00e1rl\u00e1s Olcs\u00f3 \u00c1ron"},"content":{"rendered":"<h1 class=\"product-title\">VOZOL Gear Power 20K 20000 Puffs Vape \u00dajrat\u00f6lthet\u0151 Eldobhat\u00f3 Doboz T\u00f6meges V\u00e1s\u00e1rl\u00e1s Olcs\u00f3 \u00c1ron<\/h1>\n<p>A VOZOL GEAR POWER 20k el\u0151re felt\u00f6lt\u00f6tt, leny\u0171g\u00f6z\u0151 <strong>20 ml e-folyad\u00e9kkal<\/strong>, \u00edgy a legnagyobb felhaszn\u00e1l\u00f3k sz\u00e1m\u00e1ra is ide\u00e1lis, t\u00f6bb mint egy h\u00e9tig tart. A k\u00e9sz\u00fcl\u00e9k <strong>h\u00e1rom nikotinszint-opci\u00f3val<\/strong>\u00e9rhet\u0151 el: 0 mg, 20 mg \u00e9s 50 mg, \u00e9s <strong>20 egyedi \u00edzben<\/strong>, kiel\u00e9g\u00edtve az ig\u00e9nyek sz\u00e9les sk\u00e1l\u00e1j\u00e1t.<\/p>\n<p>Az eszk\u00f6z rendelkezik egy <strong>650 mAh-s \u00fajrat\u00f6lthet\u0151 akkumul\u00e1torral<\/strong>kaphat\u00f3, ami \u00e1lland\u00f3 teljes\u00edtm\u00e9nyt biztos\u00edt. Gyorsan t\u00f6lthet\u0151 USB-C-n kereszt\u00fcl, \u00e9s <strong>mesh kett\u0151s tekerccsel rendelkezik S.i.L.C (Smooth, Identical, Long-lasting, Clean) technol\u00f3gi\u00e1val<\/strong>, amely sima \u00e9s \u00e1lland\u00f3 g\u0151z\u00f6l\u00e9si \u00e9lm\u00e9nyt ny\u00fajt, fokozott \u00edzzel \u00e9s g\u0151ztermel\u00e9ssel.<\/p>\n<p>A sokoldal\u00fas\u00e1gra tervezett GEAR POWER k\u00e9t \u00fczemm\u00f3dot k\u00edn\u00e1l. <strong>ECO \u00fczemm\u00f3d<\/strong> ak\u00e1r <strong>20 000 puffot<\/strong>ide\u00e1lis a hosszan tart\u00f3 haszn\u00e1latra, m\u00edg a <strong>POWER \u00fczemm\u00f3d<\/strong> gazdagabb \u00edzt \u00e9s s\u0171r\u0171bb g\u0151zt biztos\u00edt, ami k\u00f6r\u00fclbel\u00fcl <strong>12 000 slukk<\/strong>.<\/p>\n<p>A felhaszn\u00e1l\u00f3bar\u00e1t kijelz\u0151 <strong>LED kijelz\u0151je<\/strong> megmutatja az aktu\u00e1lis \u00fczemm\u00f3dot, a h\u00e1tral\u00e9v\u0151 akkumul\u00e1tor sz\u00e1zal\u00e9kot \u00e9s az e-folyad\u00e9k szintj\u00e9t, megk\u00f6nny\u00edtve a haszn\u00e1lat ellen\u0151rz\u00e9s\u00e9t. A fokozott higi\u00e9nia \u00e9rdek\u00e9ben a k\u00e9sz\u00fcl\u00e9khez tartozik egy <strong>szilikon sapka<\/strong> a sz\u00e1jr\u00e9sz v\u00e9delm\u00e9re, amikor \u00e9pp nincs haszn\u00e1latban.<\/p>\n<p>Az kiv\u00e9teles teljes\u00edtm\u00e9ny, k\u00e9nyelem \u00e9s st\u00edlusos design kombin\u00e1ci\u00f3j\u00e1val a VOZOL GEAR POWER t\u00f6k\u00e9letes v\u00e1laszt\u00e1s a g\u0151z\u00f6l\u0151k sz\u00e1m\u00e1ra, akik egy megb\u00edzhat\u00f3 \u00e9s magas min\u0151s\u00e9g\u0171 eldobhat\u00f3 eszk\u00f6zt keresnek.<\/p>\n<p>&nbsp;<\/p>\n<p><span style=\"color: #ff0000;\"><strong>Add meg Amy Whatsappj\u00e1t a gyors v\u00e1lasz\u00e9rt \u00e9s vape kupon\u00e9rt!<\/strong><\/span><\/p>\n<p><img fetchpriority=\"high\" decoding=\"async\" class=\"size-full wp-image-2932\" src=\"https:\/\/vapestornado.com\/wp-content\/uploads\/2024\/12\/Vape-Wholesale.jpg\" alt=\"Vape nagykereskedelem\" width=\"229\" height=\"300\" \/><\/p>\n<h3><a href=\"https:\/\/wa.me\/8617776015835\" target=\"_blank\" rel=\"noopener\"><span style=\"color: #ff0000;\"><strong>WhatsApp: +86 17776015835<\/strong><\/span><\/a><\/h3>\n<p>&nbsp;<\/p>\n<h2 class=\"product-title\"><strong>VOZOL Gear Power 20K term\u00e9kjellemz\u0151k<\/strong><\/h2>\n<div role=\"article\" data-tabster=\"{&quot;groupper&quot;:{&quot;tabbability&quot;:2},&quot;focusable&quot;:{}}\" data-content=\"ai-message\" aria-labelledby=\"juhNTJ6o7Gk1cgwZMJgv2-author juhNTJ6o7Gk1cgwZMJgv2-content\">\n<div id=\"juhNTJ6o7Gk1cgwZMJgv2-content\">\n<div role=\"article\" data-tabster=\"{&quot;groupper&quot;:{&quot;tabbability&quot;:2},&quot;focusable&quot;:{}}\" data-content=\"ai-message\" aria-labelledby=\"x4EZuCZWrTbh3weWUt7CU-author x4EZuCZWrTbh3weWUt7CU-content\">\n<div id=\"x4EZuCZWrTbh3weWUt7CU-content\">\n<div class=\"flex max-w-full flex-col flex-grow\">\n<div class=\"min-h-8 text-message flex w-full flex-col items-end gap-2 whitespace-normal break-words text-start [.text-message+&amp;]:mt-5\" dir=\"auto\" data-message-author-role=\"assistant\" data-message-id=\"52c6e00a-252f-4104-805d-2f1a84739c71\" data-message-model-slug=\"gpt-4o\">\n<div class=\"flex w-full flex-col gap-1 empty:hidden first:pt-[3px]\">\n<div class=\"markdown prose w-full break-words dark:prose-invert light\">\n<p>&nbsp;<\/p>\n<ul>\n<li><strong>Hatalmas e-folyad\u00e9k kapacit\u00e1s<\/strong>: El\u0151re megt\u00f6ltve 20 ml e-liquiddel, t\u00f6bb mint egy h\u00e9tig kitart, m\u00e9g a sokat haszn\u00e1l\u00f3k sz\u00e1m\u00e1ra is.<\/li>\n<li><strong>Nikotin opci\u00f3k<\/strong>: El\u00e9rhet\u0151 <strong>0, 20 \u00e9s 50 mg<\/strong> er\u0151ss\u00e9gben, 20 egyedi \u00edzben.<\/li>\n<li><strong>\u00dajrat\u00f6lthet\u0151 akkumul\u00e1tor<\/strong>: 650 mAh-s akkumul\u00e1torral rendelkezik, amely USB-C-n kereszt\u00fcl t\u00f6lthet\u0151.<\/li>\n<li><strong>Fejlett porlaszt\u00f3k<\/strong>: A h\u00e1l\u00f3s dual coil porlaszt\u00f3k <strong>S.i.L.C technol\u00f3gi\u00e1val<\/strong> sima \u00e9s egyenletes g\u0151zt biztos\u00edtanak.<\/li>\n<\/ul>\n<p><strong>Kett\u0151s teljes\u00edtm\u00e9ny m\u00f3d a sokoldal\u00fas\u00e1g\u00e9rt<\/strong><\/p>\n<ul>\n<li><strong>ECO \u00fczemm\u00f3d<\/strong>: Ak\u00e1r <strong>20 000 puffot<\/strong> a hosszan tart\u00f3 haszn\u00e1lat\u00e9rt.<\/li>\n<li><strong>POWER \u00fczemm\u00f3d<\/strong>: Gazdagabb \u00edzt \u00e9s s\u0171r\u0171bb g\u0151zt biztos\u00edt, k\u00f6r\u00fclbel\u00fcl <strong>12 000 slukk<\/strong>.<\/li>\n<\/ul>\n<\/div>\n<\/div>\n<\/div>\n<\/div>\n<div class=\"mb-2 flex gap-3 empty:hidden -ml-2\">\n<figure id=\"attachment_3610\" aria-describedby=\"caption-attachment-3610\" style=\"width: 1000px\" class=\"wp-caption alignnone\"><img decoding=\"async\" class=\"wp-image-3610 size-full\" src=\"https:\/\/vapestornado.com\/wp-content\/uploads\/2025\/01\/VOZOL-Gear-Power-20000-Disposable-Bulk-Buy.jpg\" alt=\"VOZOL Gear Power 20000 Eldobhat\u00f3 k\u00e9sz\u00fcl\u00e9k t\u00f6meges v\u00e1s\u00e1rl\u00e1sa\" width=\"1000\" height=\"1000\" srcset=\"https:\/\/vapestornado.com\/wp-content\/uploads\/2025\/01\/VOZOL-Gear-Power-20000-Disposable-Bulk-Buy.jpg 1000w, https:\/\/vapestornado.com\/wp-content\/uploads\/2025\/01\/VOZOL-Gear-Power-20000-Disposable-Bulk-Buy-300x300.jpg 300w, https:\/\/vapestornado.com\/wp-content\/uploads\/2025\/01\/VOZOL-Gear-Power-20000-Disposable-Bulk-Buy-150x150.jpg 150w, https:\/\/vapestornado.com\/wp-content\/uploads\/2025\/01\/VOZOL-Gear-Power-20000-Disposable-Bulk-Buy-768x768.jpg 768w, https:\/\/vapestornado.com\/wp-content\/uploads\/2025\/01\/VOZOL-Gear-Power-20000-Disposable-Bulk-Buy-600x600.jpg 600w, https:\/\/vapestornado.com\/wp-content\/uploads\/2025\/01\/VOZOL-Gear-Power-20000-Disposable-Bulk-Buy-100x100.jpg 100w\" sizes=\"(max-width: 1000px) 100vw, 1000px\" \/><figcaption id=\"caption-attachment-3610\" class=\"wp-caption-text\">VOZOL Gear Power 20000 Eldobhat\u00f3 k\u00e9sz\u00fcl\u00e9k t\u00f6meges v\u00e1s\u00e1rl\u00e1sa<\/figcaption><\/figure>\n<\/div>\n<\/div>\n<\/div>\n<\/div>\n<\/div>\n<h2 class=\"product-title\"><strong>N\u00e9pszer\u0171 \u00edzek a VOZOL Gear Power 20000-hez<\/strong><strong>\u00a0<\/strong><strong>Eldobhat\u00f3 Vape-ekhez<\/strong><\/h2>\n<p>A Vozol Star 20000 v\u00e1ltozatos \u00e9s izgalmas lehet\u0151s\u00e9geket k\u00edn\u00e1l term\u00e9kpalett\u00e1j\u00e1hoz, kiel\u00e9g\u00edtve a k\u00fcl\u00f6nf\u00e9le \u00edzl\u00e9sbeli ig\u00e9nyeket! K\u00e9rj\u00fck, tekintse meg a n\u00e9pszer\u0171 \u00edzeket \u00e9rt\u00e9kes\u00edt\u00e9si adataink \u00e9s v\u00e1s\u00e1rl\u00f3i visszajelz\u00e9seink alapj\u00e1n.<\/p>\n<p>1. Citromos menta<br \/>\n2. Vegyes bogy\u00f3s gy\u00fcm\u00f6lcs\u00f6k <span style=\"color: #ff0000;\"><strong>&gt;&gt;&gt; Felkapott!<\/strong><\/span><br \/>\n3. Epres mang\u00f3<br \/>\n4. Mang\u00f3 j\u00e9g<br \/>\n5. Mang\u00f3 Anan\u00e1sz Grapefruit<br \/>\n6. Sz\u0151l\u0151 j\u00e9g<span style=\"color: #ff0000;\"><strong>&gt;&gt;&gt; Felkapott!<\/strong><\/span><br \/>\n7. \u0150szibarack J\u00e9g<br \/>\n8. Citrom Lime<br \/>\n9. G\u00f6r\u00f6gdinnye j\u00e9g<br \/>\n10. S\u00e1rk\u00e1nygy\u00fcm\u00f6lcs Ban\u00e1n Cseresznye <span style=\"color: #ff0000;\"><strong>&gt;&gt;&gt; Felkapott!<\/strong><\/span><br \/>\n11. Dupla Alma J\u00e9g<br \/>\n12. Cseresznye Limon\u00e1d\u00e9<br \/>\n13. Eper g\u00f6r\u00f6gdinnye<br \/>\n14. K\u00e9k M\u00e1lna J\u00e9g <span style=\"color: #ff0000;\"><strong>&gt;&gt;&gt; A legjobb!<\/strong><\/span><br \/>\n15. \u00c1fonya Vihar<br \/>\n16. K\u00e9k Mojito <span style=\"color: #ff0000;\"><strong>&gt;&gt;&gt; Felkapott!<\/strong><\/span><br \/>\n17. M\u00e1lna G\u00f6r\u00f6gdinnye<br \/>\n18. L\u00e1vat\u0171z<\/p>\n<div class=\"flex-shrink-0 flex flex-col relative items-end\">\n<div class=\"pt-0\">\n<div class=\"gizmo-bot-avatar flex h-8 w-8 items-center justify-center overflow-hidden rounded-full\">\n<div class=\"relative p-1 rounded-sm flex items-center justify-center bg-token-main-surface-primary text-token-text-primary h-8 w-8\">\n<h2>Gyakori k\u00e9rd\u00e9sek a VOZOL Gear Power 20K-val kapcsolatban<strong>\u00a0<\/strong>Eldobhat\u00f3 Vape<\/h2>\n<p>&nbsp;<\/p>\n<div class=\"flex max-w-full flex-col flex-grow\">\n<div class=\"min-h-8 text-message flex w-full flex-col items-end gap-2 whitespace-normal break-words text-start [.text-message+&amp;]:mt-5\" dir=\"auto\" data-message-author-role=\"assistant\" data-message-id=\"4dc48248-df95-45bd-b800-6dedb43cf7f1\" data-message-model-slug=\"gpt-4o\">\n<div class=\"flex w-full flex-col gap-1 empty:hidden first:pt-[3px]\">\n<div class=\"markdown prose w-full break-words dark:prose-invert light\">\n<ol>\n<li><strong>Mennyi ideig b\u00edrja a VOZOL GEAR POWER?<\/strong><br \/>\nA VOZOL GEAR POWER ak\u00e1r <strong>20 000 puffot<\/strong> ECO m\u00f3dban, \u00e9s k\u00f6r\u00fclbel\u00fcl <strong>12 000 slukk<\/strong> POWER m\u00f3dban, a haszn\u00e1lati szok\u00e1sokt\u00f3l f\u00fcgg\u0151en. A 20 ml-es e-liquid kapacit\u00e1s\u00e1val a sokat haszn\u00e1l\u00f3k sz\u00e1m\u00e1ra is t\u00f6bb mint egy h\u00e9tig kitarthat.<\/li>\n<li><strong>Milyen nikotinszinttel kaphat\u00f3 a VOZOL GEAR POWER 20k?<\/strong><br \/>\nA GEAR POWER 20k kaphat\u00f3 <strong>0 mg, 20 mg \u00e9s 50 mg nikotintartalommal<\/strong>, \u00edgy k\u00fcl\u00f6nf\u00e9le preferenci\u00e1khoz \u00e9s nikotinig\u00e9nyekhez megfelel\u0151.<\/li>\n<li><strong>\u00dajrat\u00f6lthet\u0151 a GEAR POWER, \u00e9s hogyan kell csin\u00e1lni?<\/strong><br \/>\nIgen, az eszk\u00f6z rendelkezik <strong>650 mAh-s \u00fajrat\u00f6lthet\u0151 akkumul\u00e1torral<\/strong>. K\u00f6nnyen \u00fajrat\u00f6lthet\u0151 egy <strong>USB-C k\u00e1bellel<\/strong>, ami biztos\u00edtja a folyamatos haszn\u00e1latot.<\/li>\n<li><strong>Milyen \u00edzekben kaphat\u00f3 a VOZOL GEAR POWER 20000?<\/strong><br \/>\nA GEAR POWER kaphat\u00f3 <strong>20 egyedi \u00edzben<\/strong>, a gy\u00fcm\u00f6lcs\u00f6st\u0151l \u00e9s \u00e9dest\u0151l a klasszikusig \u00e9s mer\u00e9szebb \u00edzekig, a legk\u00fcl\u00f6nf\u00e9l\u00e9bb \u00edzl\u00e9svil\u00e1got kiel\u00e9g\u00edtve.<\/li>\n<li><strong>Hogyan biztos\u00edtja a VOZOL 20000 az \u00e1lland\u00f3 \u00edzt \u00e9s g\u0151ztermel\u00e9st?<\/strong><br \/>\nA k\u00e9sz\u00fcl\u00e9k fel van szerelve <strong>kett\u0151s h\u00e1l\u00f3s tekerccsel \u00e9s S.i.L.C (Smooth, Identical, Long-lasting, Clean) technol\u00f3gi\u00e1val<\/strong>, amely sima, \u00e1lland\u00f3 slukkot biztos\u00edt, fokozott \u00edzzel \u00e9s g\u0151ztermel\u00e9ssel.<\/li>\n<li><strong>Milyen tulajdons\u00e1gok teszik a GEAR POWER-t felhaszn\u00e1l\u00f3bar\u00e1tt\u00e1?<\/strong><br \/>\nA GEAR POWER tartalmaz egy <strong>f\u00e9nyes LED kijelz\u0151t<\/strong> , amely mutatja az \u00fczemm\u00f3dot, az akkumul\u00e1tor sz\u00e1zal\u00e9kos \u00e1llapot\u00e1t \u00e9s az e-liquid szintj\u00e9t. A k\u00e9sz\u00fcl\u00e9khez tartozik m\u00e9g egy <strong>szilikon sapka<\/strong> hogy a sz\u00e1jr\u00e9sz tiszt\u00e1n maradjon, amikor nincs haszn\u00e1latban, ezzel is k\u00e9nyelmet \u00e9s higi\u00e9ni\u00e1t biztos\u00edtva.<\/li>\n<\/ol>\n<\/div>\n<\/div>\n<\/div>\n<\/div>\n<\/div>\n<\/div>\n<\/div>\n<\/div>\n<div class=\"flex-shrink-0 flex flex-col relative items-end\">\n<div class=\"pt-0\">\n<div class=\"gizmo-bot-avatar flex h-8 w-8 items-center justify-center overflow-hidden rounded-full\">\n<div class=\"relative p-1 rounded-sm flex items-center justify-center bg-token-main-surface-primary text-token-text-primary h-8 w-8\">\n<div class=\"mb-2 flex gap-3 empty:hidden -ml-2\">\n<div role=\"article\" data-tabster=\"{&quot;groupper&quot;:{&quot;tabbability&quot;:2},&quot;focusable&quot;:{}}\" data-content=\"ai-message\" aria-labelledby=\"Vdt5ez4X7Tg813x6rFVha-author Vdt5ez4X7Tg813x6rFVha-content\">\n<div id=\"Vdt5ez4X7Tg813x6rFVha-content\">\n<div role=\"article\" data-tabster=\"{&quot;groupper&quot;:{&quot;tabbability&quot;:2},&quot;focusable&quot;:{}}\" data-content=\"ai-message\" aria-labelledby=\"o968oC7CEo2fGHsGdsRYC-author o968oC7CEo2fGHsGdsRYC-content\">\n<div id=\"o968oC7CEo2fGHsGdsRYC-content\">\n<h2>Mi\u00e9rt v\u00e1lassza a vapestornado-t VOZOL 20K Puffs Vape nagykeresked\u00e9shez?<\/h2>\n<div class=\"flex-shrink-0 flex flex-col relative items-end\">\n<div class=\"pt-0\">\n<div class=\"gizmo-bot-avatar flex h-8 w-8 items-center justify-center overflow-hidden rounded-full\">\n<div class=\"relative p-1 rounded-sm flex items-center justify-center bg-token-main-surface-primary text-token-text-primary h-8 w-8\">\n<p>\u00dcdv\u00f6z\u00f6lj\u00fck a vapestornado-n, az \u00d6n megb\u00edzhat\u00f3 online vape boltj\u00e1ban a pr\u00e9mium eldobhat\u00f3 vape-okhoz. T\u00f6bb mint 5 \u00e9ves szak\u00e9rtelemmel hozunk el \u00d6nnek n\u00e9pszer\u0171 eldobhat\u00f3 vape m\u00e1rk\u00e1kat, mint p\u00e9ld\u00e1ul a Fumot RandM Vape, <a href=\"https:\/\/vapestornado.com\/hu\/product-category\/vapme-shisha\/\">Vapme<\/a>, Bang Vape, Waspe Vape \u00e9s WGA Vape, stb.<\/p>\n<p>K\u00edn\u00e1latunkban szerepelnek n\u00e9pszer\u0171 vape-ok, mint a <a href=\"https:\/\/vapestornado.com\/hu\/product\/randm-12000-puffs-fumot-digital-disposable-vape-wholesale-price\/\">RandM Torn\u00e1d\u00f3 12000<\/a>, \u00e9s \u00edzgazdag v\u00e1laszt\u00e1sok, mint a <a href=\"https:\/\/vapestornado.com\/hu\/product\/wga-crystal-pro-max-extra-15000-puffs-rechargeable-disposable-vape-wholesale-bulk-buy\/\">\u00a0WGA Krist\u00e1ly 15k Puffs<\/a> . Minden term\u00e9k\u00fcnket a min\u0151s\u00e9g, \u00e9rt\u00e9k \u00e9s v\u00e1ltozatoss\u00e1g figyelembev\u00e9tel\u00e9vel v\u00e1lasztjuk ki, biztos\u00edtva, hogy megtal\u00e1lja az ig\u00e9nyeinek legmegfelel\u0151bbet. Fedezze fel a kiv\u00e9teles szolg\u00e1ltat\u00e1st \u00e9s a top term\u00e9kek sz\u00e9les v\u00e1laszt\u00e9k\u00e1t nagykereskedelmi \u00e1ron a vapestornado-n.<\/p>\n<\/div>\n<p>&nbsp;<\/p>\n<p><strong>Egy\u00e9b n\u00e9pszer\u0171 eldobhat\u00f3 vape-ek<\/strong><\/p>\n<p><a href=\"https:\/\/vapestornado.com\/hu\/product\/vozol-vista-20000-vape-rechargeable-disposable-vape-wholesale-cheap-price\/\">VOZOL VISTA 20000 Puffs <span style=\"color: #ff0000;\"><strong>&gt;&gt;&gt;&gt; Indul\u00e1s!<\/strong><\/span><\/a><\/p>\n<p><a href=\"https:\/\/vapestornado.com\/hu\/product\/vopk-ultra-40000-puffs-2-in-1-digital-screen-rechargeable-disposable-vape\/\">VOPK 40000 Dupla \u00cdz<span style=\"color: #ff0000;\"><strong>&gt;&gt;&gt;&gt; Indul\u00e1s!<\/strong><\/span><\/a><\/p>\n<p><a href=\"https:\/\/vapestornado.com\/hu\/product\/puff-25k-bang-king-25000-puffs-rechargeable-disposable-vape-wholesale-bulk-buy\/\">Bang King 25000 <span style=\"color: #ff0000;\"><strong>&gt;&gt;&gt;&gt; Indul\u00e1s!<\/strong><\/span><\/a><\/p>\n<\/div>\n<\/div>\n<\/div>\n<p>&nbsp;<\/p>\n<\/div>\n<\/div>\n<\/div>\n<\/div>\n<\/div>\n<\/div>\n<\/div>\n<\/div>\n<\/div>","protected":false},"excerpt":{"rendered":"<p>VOZOL Gear Power 20K Puffs alacsony nikotintartalm\u00fa eldobhat\u00f3 vape nagykeresked\u00e9s<br \/>\nVOZOL Gear Power 20000 Puffs digit\u00e1lis kijelz\u0151s eldobhat\u00f3 vape nagy t\u00e9telben<br \/>\nVOZOL Gear Power 20k \u00fajrat\u00f6lthet\u0151 eldobhat\u00f3 vape olcs\u00f3 \u00e1ron<\/p>\n<p><strong>Adja hozz\u00e1 Amy-t WhatsApp-on, hogy azonnali v\u00e1laszt \u00e9s vape kupont kapjon!<\/strong><\/p>\n<p><img fetchpriority=\"high\" decoding=\"async\" class=\"size-full wp-image-2932\" src=\"https:\/\/vapestornado.com\/wp-content\/uploads\/2024\/12\/Vape-Wholesale.jpg\" alt=\"Vape nagykereskedelem\" width=\"229\" height=\"300\" \/><\/p>\n<h3><a href=\"https:\/\/wa.me\/8617776015835\"><span style=\"color: #ff0000;\"><strong>WhatsApp: +86 17776015835<\/strong><\/span><\/a><\/h3>\n<p>&nbsp;<\/p>","protected":false},"featured_media":3611,"comment_status":"open","ping_status":"closed","template":"","meta":{"_acf_changed":false,"_uag_custom_page_level_css":"","_lmt_disableupdate":"no","_lmt_disable":"","_monsterinsights_skip_tracking":false,"_monsterinsights_sitenote_active":false,"_monsterinsights_sitenote_note":"","_monsterinsights_sitenote_category":0,"site-sidebar-layout":"default","site-content-layout":"","ast-site-content-layout":"default","site-content-style":"default","site-sidebar-style":"default","ast-global-header-display":"","ast-banner-title-visibility":"","ast-main-header-display":"","ast-hfb-above-header-display":"","ast-hfb-below-header-display":"","ast-hfb-mobile-header-display":"","site-post-title":"","ast-breadcrumbs-content":"","ast-featured-img":"","footer-sml-layout":"","ast-disable-related-posts":"","theme-transparent-header-meta":"default","adv-header-id-meta":"","stick-header-meta":"","header-above-stick-meta":"","header-main-stick-meta":"","header-below-stick-meta":"","astra-migrate-meta-layouts":"set","ast-page-background-enabled":"default","ast-page-background-meta":{"desktop":{"background-color":"","background-image":"","background-repeat":"repeat","background-position":"center center","background-size":"auto","background-attachment":"scroll","background-type":"","background-media":"","overlay-type":"","overlay-color":"","overlay-opacity":"","overlay-gradient":""},"tablet":{"background-color":"","background-image":"","background-repeat":"repeat","background-position":"center center","background-size":"auto","background-attachment":"scroll","background-type":"","background-media":"","overlay-type":"","overlay-color":"","overlay-opacity":"","overlay-gradient":""},"mobile":{"background-color":"","background-image":"","background-repeat":"repeat","background-position":"center center","background-size":"auto","background-attachment":"scroll","background-type":"","background-media":"","overlay-type":"","overlay-color":"","overlay-opacity":"","overlay-gradient":""}},"ast-content-background-meta":{"desktop":{"background-color":"var(--ast-global-color-5)","background-image":"","background-repeat":"repeat","background-position":"center center","background-size":"auto","background-attachment":"scroll","background-type":"","background-media":"","overlay-type":"","overlay-color":"","overlay-opacity":"","overlay-gradient":""},"tablet":{"background-color":"var(--ast-global-color-5)","background-image":"","background-repeat":"repeat","background-position":"center center","background-size":"auto","background-attachment":"scroll","background-type":"","background-media":"","overlay-type":"","overlay-color":"","overlay-opacity":"","overlay-gradient":""},"mobile":{"background-color":"var(--ast-global-color-5)","background-image":"","background-repeat":"repeat","background-position":"center center","background-size":"auto","background-attachment":"scroll","background-type":"","background-media":"","overlay-type":"","overlay-color":"","overlay-opacity":"","overlay-gradient":""}},"_joinchat":{"telephone":"+8617776015835"}},"product_brand":[],"product_cat":[69,140,150,154,158,143,144,146,57],"product_tag":[165,105,97,166,94,222,221,220],"class_list":{"0":"post-3614","1":"product","2":"type-product","3":"status-publish","4":"has-post-thumbnail","6":"product_cat-20000-puff","7":"product_cat-big-puffs-disposable-vapes","8":"product_cat-buy-disposable-vapes-in-belgium","9":"product_cat-buy-disposable-vapes-in-netherlands","10":"product_cat-buy-disposable-vapes-in-spain","11":"product_cat-dual-mesh-disposable-vapes","12":"product_cat-low-nicotine-disposable-vapes","13":"product_cat-rechargeable-disposable-vapes","14":"product_cat-vozol-vape","15":"product_tag-cheap-vapes","16":"product_tag-digital-disposable-vape","17":"product_tag-hot-sale-disposable-vape","18":"product_tag-low-nicotine-vape","19":"product_tag-rechargeable-disposable-vape","20":"product_tag-vozol-gear-power-20000","21":"product_tag-vozol-gear-power-20k","22":"product_tag-vozol-vape","23":"desktop-align-left","24":"tablet-align-left","25":"mobile-align-left","27":"first","28":"instock","29":"sale","30":"shipping-taxable","31":"purchasable","32":"product-type-simple"},"acf":[],"uagb_featured_image_src":{"full":["https:\/\/vapestornado.com\/wp-content\/uploads\/2025\/01\/VOZOL-Gear-Power-20000-Disposable-Wholesale-Price.jpg",1000,1000,false],"thumbnail":["https:\/\/vapestornado.com\/wp-content\/uploads\/2025\/01\/VOZOL-Gear-Power-20000-Disposable-Wholesale-Price-150x150.jpg",150,150,true],"medium":["https:\/\/vapestornado.com\/wp-content\/uploads\/2025\/01\/VOZOL-Gear-Power-20000-Disposable-Wholesale-Price-300x300.jpg",300,300,true],"medium_large":["https:\/\/vapestornado.com\/wp-content\/uploads\/2025\/01\/VOZOL-Gear-Power-20000-Disposable-Wholesale-Price-768x768.jpg",768,768,true],"large":["https:\/\/vapestornado.com\/wp-content\/uploads\/2025\/01\/VOZOL-Gear-Power-20000-Disposable-Wholesale-Price.jpg",1000,1000,false],"1536x1536":["https:\/\/vapestornado.com\/wp-content\/uploads\/2025\/01\/VOZOL-Gear-Power-20000-Disposable-Wholesale-Price.jpg",1000,1000,false],"2048x2048":["https:\/\/vapestornado.com\/wp-content\/uploads\/2025\/01\/VOZOL-Gear-Power-20000-Disposable-Wholesale-Price.jpg",1000,1000,false],"trp-custom-language-flag":["https:\/\/vapestornado.com\/wp-content\/uploads\/2025\/01\/VOZOL-Gear-Power-20000-Disposable-Wholesale-Price.jpg",12,12,false],"woocommerce_thumbnail":["https:\/\/vapestornado.com\/wp-content\/uploads\/2025\/01\/VOZOL-Gear-Power-20000-Disposable-Wholesale-Price-300x300.jpg",300,300,true],"woocommerce_single":["https:\/\/vapestornado.com\/wp-content\/uploads\/2025\/01\/VOZOL-Gear-Power-20000-Disposable-Wholesale-Price-600x600.jpg",600,600,true],"woocommerce_gallery_thumbnail":["https:\/\/vapestornado.com\/wp-content\/uploads\/2025\/01\/VOZOL-Gear-Power-20000-Disposable-Wholesale-Price-100x100.jpg",100,100,true]},"uagb_author_info":{"display_name":"ESAMY","author_link":"https:\/\/vapestornado.com\/hu\/author\/"},"uagb_comment_info":0,"uagb_excerpt":"VOZOL Gear Power 20K\u00a0 Puffs 2% Low Nicotine Disposable Vape Wholesale VOZOL Gear Power 20000 Puff \u00a0Digital Display Disposable Vape Bulk Buy VOZOL Gear Power 20k Rechargeable Disposable Vape Cheap Price Add Amy's whatsapp get right reply and vape coupon! WhatsApp: +86 17776015835 &nbsp;","_links":{"self":[{"href":"https:\/\/vapestornado.com\/hu\/wp-json\/wp\/v2\/product\/3614","targetHints":{"allow":["GET"]}}],"collection":[{"href":"https:\/\/vapestornado.com\/hu\/wp-json\/wp\/v2\/product"}],"about":[{"href":"https:\/\/vapestornado.com\/hu\/wp-json\/wp\/v2\/types\/product"}],"replies":[{"embeddable":true,"href":"https:\/\/vapestornado.com\/hu\/wp-json\/wp\/v2\/comments?post=3614"}],"wp:featuredmedia":[{"embeddable":true,"href":"https:\/\/vapestornado.com\/hu\/wp-json\/wp\/v2\/media\/3611"}],"wp:attachment":[{"href":"https:\/\/vapestornado.com\/hu\/wp-json\/wp\/v2\/media?parent=3614"}],"wp:term":[{"taxonomy":"product_brand","embeddable":true,"href":"https:\/\/vapestornado.com\/hu\/wp-json\/wp\/v2\/product_brand?post=3614"},{"taxonomy":"product_cat","embeddable":true,"href":"https:\/\/vapestornado.com\/hu\/wp-json\/wp\/v2\/product_cat?post=3614"},{"taxonomy":"product_tag","embeddable":true,"href":"https:\/\/vapestornado.com\/hu\/wp-json\/wp\/v2\/product_tag?post=3614"}],"curies":[{"name":"wp","href":"https:\/\/api.w.org\/{rel}","templated":true}]}}