{"id":3599,"date":"2024-12-31T09:42:44","date_gmt":"2024-12-31T09:42:44","guid":{"rendered":"https:\/\/vapestornado.com\/?post_type=product&#038;p=3599"},"modified":"2025-08-23T09:39:43","modified_gmt":"2025-08-23T09:39:43","slug":"hayati-pro-ultra-bang-box-30k-puffs-dual-flavor-vape","status":"publish","type":"product","link":"https:\/\/vapestornado.com\/hu\/product\/hayati-pro-ultra-bang-box-30k-puffs-dual-flavor-vape\/","title":{"rendered":"Hayati Pro ULTRA Bang Box 30k Puffs Kett\u0151s \u00cdz\u0171 Vape"},"content":{"rendered":"<h1>Mi az a Hayati Pro ULTRA Bang Box 30000 Puffs Dual Flavor?<\/h1>\n<p data-start=\"398\" data-end=\"668\">A <strong data-start=\"402\" data-end=\"454\">Bang Box 30000 Puffs Kett\u0151s \u00cdz\u0171 Eldobhat\u00f3 Vape<\/strong> a kapacit\u00e1sra, a v\u00e1ltozatoss\u00e1gra \u00e9s a k\u00f6vetkezetes teljes\u00edtm\u00e9nyre \u00e9p\u00fcl. Egy <strong data-start=\"522\" data-end=\"549\">35 ml e-liquid tart\u00e1ly<\/strong> \u00e9s egy <strong data-start=\"557\" data-end=\"595\">850mAh-s \u00fajrat\u00f6lthet\u0151 kobalt akkumul\u00e1tor<\/strong>seg\u00edts\u00e9g\u00e9vel t\u00f6bb mint <strong data-start=\"614\" data-end=\"630\">30 000 slukk<\/strong>sz\u00edv\u00e1st biztos\u00edt \u2013 messze fel\u00fclm\u00falva a szok\u00e1sos eldobhat\u00f3 eszk\u00f6z\u00f6ket.<\/p>\n<p data-start=\"670\" data-end=\"960\">Mit\u0151l egyedi a Bang Vape 35000? <strong data-start=\"674\" data-end=\"696\">kett\u0151s \u00edzrendszer<\/strong> lehet\u0151v\u00e9 teszi a felhaszn\u00e1l\u00f3k sz\u00e1m\u00e1ra, hogy egyetlen eszk\u00f6z\u00f6n bel\u00fcl v\u00e1ltsanak k\u00e9t \u00edz k\u00f6z\u00f6tt, rugalmass\u00e1got \u00e9s frissess\u00e9get k\u00edn\u00e1lva an\u00e9lk\u00fcl, hogy t\u00f6bb vape-et kellene magukkal vinni\u00fck. A <strong data-start=\"828\" data-end=\"846\">0,8\u03a9 mesh coil<\/strong> fokozza a g\u0151ztermel\u00e9st \u00e9s az \u00edz intenzit\u00e1s\u00e1t, m\u00edg a <strong data-start=\"905\" data-end=\"929\">Type-C gyorst\u00f6lt\u00e9ssel<\/strong> minim\u00e1lisra cs\u00f6kkenti az \u00e1ll\u00e1sid\u0151t.<\/p>\n<p data-start=\"962\" data-end=\"1207\">Kompakt \u00e9s k\u00f6nnyen haszn\u00e1lhat\u00f3, a <strong data-start=\"991\" data-end=\"1012\">Bang Box 30K Vape<\/strong> a hosszan tart\u00f3 teljes\u00edtm\u00e9nyt pr\u00e9mium funkci\u00f3kkal \u00f6tv\u00f6zi, \u00edgy er\u0151s v\u00e1laszt\u00e1s a nagykeresked\u0151k, kiskeresked\u0151k \u00e9s a mindennapi felhaszn\u00e1l\u00f3k sz\u00e1m\u00e1ra, akik kett\u0151s \u00edz\u0171 k\u00e9nyelmet keresnek egy nagy kapacit\u00e1s\u00fa eldobhat\u00f3 eszk\u00f6zben.<\/p>\n<figure id=\"attachment_3601\" aria-describedby=\"caption-attachment-3601\" style=\"width: 1024px\" class=\"wp-caption alignnone\"><img fetchpriority=\"high\" decoding=\"async\" class=\"size-large wp-image-3601\" src=\"https:\/\/vapestornado.com\/wp-content\/uploads\/2024\/12\/Bang-Box-30000-Puffs-Dual-Flavor-Cheap-Price-Dual-Flavor-Satisfaction-at-an-Affordable-1024x576.jpg\" alt=\"Bang Box 30000 Puffs Dual Flavor olcs\u00f3 \u00e1r, kett\u0151s \u00edz\u0171 \u00e9lvezet megfizethet\u0151 \u00e1ron\" width=\"1024\" height=\"576\" srcset=\"https:\/\/vapestornado.com\/wp-content\/uploads\/2024\/12\/Bang-Box-30000-Puffs-Dual-Flavor-Cheap-Price-Dual-Flavor-Satisfaction-at-an-Affordable-1024x576.jpg 1024w, https:\/\/vapestornado.com\/wp-content\/uploads\/2024\/12\/Bang-Box-30000-Puffs-Dual-Flavor-Cheap-Price-Dual-Flavor-Satisfaction-at-an-Affordable-300x169.jpg 300w, https:\/\/vapestornado.com\/wp-content\/uploads\/2024\/12\/Bang-Box-30000-Puffs-Dual-Flavor-Cheap-Price-Dual-Flavor-Satisfaction-at-an-Affordable-768x432.jpg 768w, https:\/\/vapestornado.com\/wp-content\/uploads\/2024\/12\/Bang-Box-30000-Puffs-Dual-Flavor-Cheap-Price-Dual-Flavor-Satisfaction-at-an-Affordable-1536x864.jpg 1536w, https:\/\/vapestornado.com\/wp-content\/uploads\/2024\/12\/Bang-Box-30000-Puffs-Dual-Flavor-Cheap-Price-Dual-Flavor-Satisfaction-at-an-Affordable-2048x1152.jpg 2048w, https:\/\/vapestornado.com\/wp-content\/uploads\/2024\/12\/Bang-Box-30000-Puffs-Dual-Flavor-Cheap-Price-Dual-Flavor-Satisfaction-at-an-Affordable-600x338.jpg 600w\" sizes=\"(max-width: 1024px) 100vw, 1024px\" \/><figcaption id=\"caption-attachment-3601\" class=\"wp-caption-text\">Bang Box 30000 Puffs Dual Flavor olcs\u00f3 \u00e1r, kett\u0151s \u00edz\u0171 \u00e9lvezet megfizethet\u0151 \u00e1ron<\/figcaption><\/figure>\n<p>&nbsp;<\/p>\n<h3>Term\u00e9kjellemz\u0151k<\/h3>\n<ol>\n<li>Hatalmas, 30 000+ sz\u00edv\u00e1s kett\u0151s \u00edzfunkci\u00f3val a maxim\u00e1lis v\u00e1ltozatoss\u00e1g\u00e9rt.<\/li>\n<li>35 ml-es e-folyad\u00e9k kapacit\u00e1s a hosszabb haszn\u00e1lat\u00e9rt, gyakori ut\u00e1nt\u00f6lt\u00e9s n\u00e9lk\u00fcl.<\/li>\n<li>850 mAh-s \u00fajrat\u00f6lthet\u0151 akkumul\u00e1tor Type-C gyorst\u00f6lt\u00e9ssel.<\/li>\n<li>Fejlett 0,8\u03a9-os h\u00e1l\u00f3s tekercs az intenz\u00edv \u00edzek\u00e9rt \u00e9s a sima g\u0151ztermel\u00e9s\u00e9rt.<\/li>\n<li>Letisztult, hordozhat\u00f3 kialak\u00edt\u00e1s, t\u00f6k\u00e9letes \u00fatk\u00f6zbeni g\u0151z\u00f6l\u00e9shez.<\/li>\n<\/ol>\n<h3>\u00cdzlista<\/h3>\n<ol>\n<li>Eper Kiwi\/G\u00f6r\u00f6gdinnye J\u00e9g<\/li>\n<li>Eper Kiwi\/Eper G\u00f6r\u00f6gdinnye<\/li>\n<li>\u0150szibarackl\u00e9\/\u00c1fonya J\u00e9g<\/li>\n<li>\u00c1fonya J\u00e9g\/Kiwi Maracuja Guava<\/li>\n<li>\u00c1fonya Savany\u00fa M\u00e1lna J\u00e9g\/Vegyes gy\u00fcm\u00f6lcs<\/li>\n<li>H\u00e1rmas Bogy\u00f3 J\u00e9g\/Eper Mang\u00f3<\/li>\n<li>G\u00f6r\u00f6gdinnye R\u00e1g\u00f3gumi\/Eper G\u00f6r\u00f6gdinnye<\/li>\n<li>\u00c1fonya J\u00e9g\/G\u00f6r\u00f6gdinnye J\u00e9g<\/li>\n<li>Eper G\u00f6r\u00f6gdinnye\/Kiwi Maracuja Guava<\/li>\n<li>Fekete S\u00e1rk\u00e1ny J\u00e9g\/Mang\u00f3 \u0150szibarack G\u00f6r\u00f6gdinnye<\/li>\n<li>K\u00e9k M\u00e1lna J\u00e9g\/Dupla Sz\u0151l\u0151<\/li>\n<li>K\u00e9k m\u00e1lna j\u00e9g\/eper mang\u00f3<\/li>\n<li><\/li>\n<\/ol>\n<h4><strong>Bang box 30k Top 5 \u00edz<\/strong><\/h4>\n<ol>\n<li><strong>Eper Kiwi\/G\u00f6r\u00f6gdinnye J\u00e9g<\/strong>: A tr\u00f3pusi gy\u00fcm\u00f6lcs\u00f6k \u00e9s a jeges \u00e9dess\u00e9g friss\u00edt\u0151 kever\u00e9ke.<\/li>\n<li><strong>\u0150szibarackl\u00e9\/\u00c1fonya J\u00e9g<\/strong>: Az \u00e9des barack a h\u0171s\u00edt\u0151 \u00e1fony\u00e1val tal\u00e1lkozik a kiegyens\u00falyozott vape \u00e9rdek\u00e9ben.<\/li>\n<li><strong>\u00c1fonya Savany\u00fa M\u00e1lna J\u00e9g\/Vegyes gy\u00fcm\u00f6lcs<\/strong>: Savanyk\u00e1s, \u00e9des \u00e9s jeges minden egyes slukkban.<\/li>\n<li><strong>H\u00e1rmas Bogy\u00f3 J\u00e9g\/Eper Mang\u00f3<\/strong>: Bogy\u00f3s gy\u00fcm\u00f6lcs\u00f6k \u00e9s mang\u00f3 kever\u00e9ke a gy\u00fcm\u00f6lcs\u00f6s robban\u00e1s\u00e9rt.<\/li>\n<li><strong>K\u00e9k M\u00e1lna J\u00e9g\/Dupla Sz\u0151l\u0151<\/strong>: Mer\u00e9sz sz\u0151l\u0151 \u00edz jeges k\u00e9k m\u00e1ln\u00e1val p\u00e1ros\u00edtva.<\/li>\n<\/ol>\n<h4><strong>Mi\u00e9rt v\u00e1lassza a Bang Box 30k Dual Flavor-t?<\/strong><\/h4>\n<p>A Bang Box 30000 Dual Flavor kiv\u00e9teles \u00e9rt\u00e9ket \u00e9s sokoldal\u00fas\u00e1got k\u00edn\u00e1l a vaperek sz\u00e1m\u00e1ra. Kett\u0151s \u00edzrendszere lehet\u0151v\u00e9 teszi a felhaszn\u00e1l\u00f3k sz\u00e1m\u00e1ra, hogy k\u00e9t egyedi \u00edzprofil k\u00f6z\u00f6tt v\u00e1ltsanak egyetlen eszk\u00f6zben, biztos\u00edtva a v\u00e1ltozatos \u00e9s \u00e9lvezetes g\u0151z\u00f6l\u00e9si \u00e9lm\u00e9nyt. A nagy, 35 ml-es e-liquid \u00e9s a 850 mAh-s \u00fajrat\u00f6lthet\u0151 akkumul\u00e1tor hossz\u00fa \u00e9lettartamra k\u00e9sz\u00fclt, \u00edgy t\u00f6k\u00e9letes a nagy felhaszn\u00e1l\u00f3k sz\u00e1m\u00e1ra, vagy azoknak, akik nem szeretik a gyakori cser\u00e9ket. A fejlett 0,8\u03a9 mesh tekercs technol\u00f3gia garant\u00e1lja a sima, \u00edzletes \u00e9s s\u0171r\u0171 g\u0151zfelh\u0151ket, emelve a vape \u00e9lm\u00e9nyt. Ezenk\u00edv\u00fcl a st\u00edlusos kialak\u00edt\u00e1s \u00e9s a kompakt m\u00e9ret k\u00e9nyelmess\u00e9 teszi a hordoz\u00e1s\u00e1t, m\u00edg a Type-C t\u00f6lt\u0151port gyors \u00fajrat\u00f6lt\u00e9st biztos\u00edt. Ak\u00e1r \u00ednyenc, ak\u00e1r a tart\u00f3ss\u00e1got keresi, ez a term\u00e9k minden szinten megfelel az elv\u00e1r\u00e1soknak.<\/p>\n<h2><strong>Bang Box 30k Puffs Dual Flavor GYIK<\/strong><\/h2>\n<ol>\n<li><strong>H\u00e1ny slukkot biztos\u00edt a Bang Box 30000 Puffs Dual Flavor?<\/strong><br \/>\nT\u00f6bb mint 30 000 slukkot biztos\u00edt kett\u0151s \u00edz\u0171 funkci\u00f3val.<\/li>\n<li><strong>\u00dajrat\u00f6lthet\u0151 a Bang Box 30000 Puffs Dual Flavor?<\/strong><br \/>\nIgen, 850mAh-s \u00fajrat\u00f6lthet\u0151 akkumul\u00e1torral \u00e9s Type-C t\u00f6lt\u0151porttal rendelkezik.<\/li>\n<li><strong>Mit\u0151l egyed\u00fcl\u00e1ll\u00f3 a kett\u0151s \u00edzrendszer?<\/strong><br \/>\nAz eszk\u00f6z z\u00f6kken\u0151mentes v\u00e1lt\u00e1st tesz lehet\u0151v\u00e9 k\u00e9t \u00edz k\u00f6z\u00f6tt, sokoldal\u00fas\u00e1got k\u00edn\u00e1lva egyetlen vape-ben.<\/li>\n<li><strong>Milyen tekercs technol\u00f3gi\u00e1t haszn\u00e1l ez az eszk\u00f6z?<\/strong><br \/>\n0,8\u03a9 mesh tekercset haszn\u00e1l a jobb \u00edz- \u00e9s g\u0151ztermel\u00e9s \u00e9rdek\u00e9ben.<\/li>\n<li><strong>H\u00e1ny \u00edzkombin\u00e1ci\u00f3 \u00e9rhet\u0151 el?<\/strong><br \/>\n12 izgalmas kett\u0151s \u00edzkombin\u00e1ci\u00f3 k\u00f6z\u00fcl v\u00e1laszthat.<\/li>\n<\/ol>\n<h4>Bang Box Dual Flavor 30000 vape nagykeresked\u00e9s, vegye fel a kapcsolatot \u00e9s kapjon kedvezm\u00e9nyt most!<a href=\"https:\/\/wa.me\/8618077105750\" target=\"_blank\" rel=\"noopener\">+8618077105750<\/a><\/h4>\n<p><img decoding=\"async\" class=\"size-large wp-image-2921\" src=\"https:\/\/vapestornado.com\/wp-content\/uploads\/2024\/11\/20062b3a285f900e79520aad496b94d-887x1024.jpg\" alt=\"vapestornado Vicky\" width=\"887\" height=\"1024\" srcset=\"https:\/\/vapestornado.com\/wp-content\/uploads\/2024\/11\/20062b3a285f900e79520aad496b94d-887x1024.jpg 887w, https:\/\/vapestornado.com\/wp-content\/uploads\/2024\/11\/20062b3a285f900e79520aad496b94d-260x300.jpg 260w, https:\/\/vapestornado.com\/wp-content\/uploads\/2024\/11\/20062b3a285f900e79520aad496b94d-768x887.jpg 768w, https:\/\/vapestornado.com\/wp-content\/uploads\/2024\/11\/20062b3a285f900e79520aad496b94d-600x693.jpg 600w, https:\/\/vapestornado.com\/wp-content\/uploads\/2024\/11\/20062b3a285f900e79520aad496b94d.jpg 1080w\" sizes=\"(max-width: 887px) 100vw, 887px\" \/><\/p>","protected":false},"excerpt":{"rendered":"<p>A Bang Box 30000 Puffs Dual Flavor 30 000+ sz\u00edv\u00e1st, kett\u0151s \u00edzt, \u00fajrat\u00f6lthet\u0151 akkumul\u00e1tort \u00e9s 0,8\u03a9-os h\u00e1l\u00f3s tekercset k\u00edn\u00e1l az intenz\u00edv \u00edz\u00e9lm\u00e9ny\u00e9rt.<\/p>\n<p><strong><span style=\"color: #ff0000;\">(a weboldalunkon felt\u00fcntetett \u00e1r nem tartalmazza a sz\u00e1ll\u00edt\u00e1si k\u00f6lts\u00e9get, k\u00e9rj\u00fck, vegye fel velem a kapcsolatot a teljes \u00e1r \u00e9s a kedvezm\u00e9nye miatt!)<\/span><\/strong><\/p>\n<p><img decoding=\"async\" class=\"size-medium wp-image-2921\" src=\"https:\/\/vapestornado.com\/wp-content\/uploads\/2024\/11\/20062b3a285f900e79520aad496b94d-260x300.jpg\" alt=\"vapestornado Vicky\" width=\"260\" height=\"300\" srcset=\"https:\/\/vapestornado.com\/wp-content\/uploads\/2024\/11\/20062b3a285f900e79520aad496b94d-260x300.jpg 260w, https:\/\/vapestornado.com\/wp-content\/uploads\/2024\/11\/20062b3a285f900e79520aad496b94d-887x1024.jpg 887w, https:\/\/vapestornado.com\/wp-content\/uploads\/2024\/11\/20062b3a285f900e79520aad496b94d-768x887.jpg 768w, https:\/\/vapestornado.com\/wp-content\/uploads\/2024\/11\/20062b3a285f900e79520aad496b94d-600x693.jpg 600w, https:\/\/vapestornado.com\/wp-content\/uploads\/2024\/11\/20062b3a285f900e79520aad496b94d.jpg 1080w\" sizes=\"(max-width: 260px) 100vw, 260px\" \/><\/p>","protected":false},"featured_media":3605,"comment_status":"open","ping_status":"closed","template":"","meta":{"_acf_changed":false,"_uag_custom_page_level_css":"","_lmt_disableupdate":"no","_lmt_disable":"","_monsterinsights_skip_tracking":false,"_monsterinsights_sitenote_active":false,"_monsterinsights_sitenote_note":"","_monsterinsights_sitenote_category":0,"site-sidebar-layout":"default","site-content-layout":"","ast-site-content-layout":"default","site-content-style":"default","site-sidebar-style":"default","ast-global-header-display":"","ast-banner-title-visibility":"","ast-main-header-display":"","ast-hfb-above-header-display":"","ast-hfb-below-header-display":"","ast-hfb-mobile-header-display":"","site-post-title":"","ast-breadcrumbs-content":"","ast-featured-img":"","footer-sml-layout":"","ast-disable-related-posts":"","theme-transparent-header-meta":"default","adv-header-id-meta":"","stick-header-meta":"","header-above-stick-meta":"","header-main-stick-meta":"","header-below-stick-meta":"","astra-migrate-meta-layouts":"set","ast-page-background-enabled":"default","ast-page-background-meta":{"desktop":{"background-color":"","background-image":"","background-repeat":"repeat","background-position":"center center","background-size":"auto","background-attachment":"scroll","background-type":"","background-media":"","overlay-type":"","overlay-color":"","overlay-opacity":"","overlay-gradient":""},"tablet":{"background-color":"","background-image":"","background-repeat":"repeat","background-position":"center center","background-size":"auto","background-attachment":"scroll","background-type":"","background-media":"","overlay-type":"","overlay-color":"","overlay-opacity":"","overlay-gradient":""},"mobile":{"background-color":"","background-image":"","background-repeat":"repeat","background-position":"center center","background-size":"auto","background-attachment":"scroll","background-type":"","background-media":"","overlay-type":"","overlay-color":"","overlay-opacity":"","overlay-gradient":""}},"ast-content-background-meta":{"desktop":{"background-color":"var(--ast-global-color-5)","background-image":"","background-repeat":"repeat","background-position":"center center","background-size":"auto","background-attachment":"scroll","background-type":"","background-media":"","overlay-type":"","overlay-color":"","overlay-opacity":"","overlay-gradient":""},"tablet":{"background-color":"var(--ast-global-color-5)","background-image":"","background-repeat":"repeat","background-position":"center center","background-size":"auto","background-attachment":"scroll","background-type":"","background-media":"","overlay-type":"","overlay-color":"","overlay-opacity":"","overlay-gradient":""},"mobile":{"background-color":"var(--ast-global-color-5)","background-image":"","background-repeat":"repeat","background-position":"center center","background-size":"auto","background-attachment":"scroll","background-type":"","background-media":"","overlay-type":"","overlay-color":"","overlay-opacity":"","overlay-gradient":""}},"_joinchat":{"telephone":"+8618077105750"}},"product_brand":[],"product_cat":[67,64,153,154,159,143,144,146],"product_tag":[],"class_list":{"0":"post-3599","1":"product","2":"type-product","3":"status-publish","4":"has-post-thumbnail","6":"product_cat-30000-puff","7":"product_cat-bangbox-vape","8":"product_cat-buy-disposable-vapes-in-italy","9":"product_cat-buy-disposable-vapes-in-netherlands","10":"product_cat-buy-disposable-vapes-in-sweden","11":"product_cat-dual-mesh-disposable-vapes","12":"product_cat-low-nicotine-disposable-vapes","13":"product_cat-rechargeable-disposable-vapes","14":"desktop-align-left","15":"tablet-align-left","16":"mobile-align-left","18":"first","19":"instock","20":"sale","21":"shipping-taxable","22":"purchasable","23":"product-type-simple"},"acf":[],"uagb_featured_image_src":{"full":["https:\/\/vapestornado.com\/wp-content\/uploads\/2024\/12\/Bang-Box-30000-Puffs-Dual-Flavor-Review-Explore-Its-Unique-Dual-Flavor-Technology.jpg",939,935,false],"thumbnail":["https:\/\/vapestornado.com\/wp-content\/uploads\/2024\/12\/Bang-Box-30000-Puffs-Dual-Flavor-Review-Explore-Its-Unique-Dual-Flavor-Technology-150x150.jpg",150,150,true],"medium":["https:\/\/vapestornado.com\/wp-content\/uploads\/2024\/12\/Bang-Box-30000-Puffs-Dual-Flavor-Review-Explore-Its-Unique-Dual-Flavor-Technology-300x300.jpg",300,300,true],"medium_large":["https:\/\/vapestornado.com\/wp-content\/uploads\/2024\/12\/Bang-Box-30000-Puffs-Dual-Flavor-Review-Explore-Its-Unique-Dual-Flavor-Technology-768x765.jpg",768,765,true],"large":["https:\/\/vapestornado.com\/wp-content\/uploads\/2024\/12\/Bang-Box-30000-Puffs-Dual-Flavor-Review-Explore-Its-Unique-Dual-Flavor-Technology.jpg",939,935,false],"1536x1536":["https:\/\/vapestornado.com\/wp-content\/uploads\/2024\/12\/Bang-Box-30000-Puffs-Dual-Flavor-Review-Explore-Its-Unique-Dual-Flavor-Technology.jpg",939,935,false],"2048x2048":["https:\/\/vapestornado.com\/wp-content\/uploads\/2024\/12\/Bang-Box-30000-Puffs-Dual-Flavor-Review-Explore-Its-Unique-Dual-Flavor-Technology.jpg",939,935,false],"trp-custom-language-flag":["https:\/\/vapestornado.com\/wp-content\/uploads\/2024\/12\/Bang-Box-30000-Puffs-Dual-Flavor-Review-Explore-Its-Unique-Dual-Flavor-Technology.jpg",12,12,false],"woocommerce_thumbnail":["https:\/\/vapestornado.com\/wp-content\/uploads\/2024\/12\/Bang-Box-30000-Puffs-Dual-Flavor-Review-Explore-Its-Unique-Dual-Flavor-Technology-300x300.jpg",300,300,true],"woocommerce_single":["https:\/\/vapestornado.com\/wp-content\/uploads\/2024\/12\/Bang-Box-30000-Puffs-Dual-Flavor-Review-Explore-Its-Unique-Dual-Flavor-Technology-600x597.jpg",600,597,true],"woocommerce_gallery_thumbnail":["https:\/\/vapestornado.com\/wp-content\/uploads\/2024\/12\/Bang-Box-30000-Puffs-Dual-Flavor-Review-Explore-Its-Unique-Dual-Flavor-Technology-100x100.jpg",100,100,true]},"uagb_author_info":{"display_name":"ESvicky","author_link":"https:\/\/vapestornado.com\/hu\/author\/"},"uagb_comment_info":0,"uagb_excerpt":"Bang Box 30000 Puffs Dual Flavor delivers 30,000+ puffs, dual flavors, rechargeable battery, and 0.8\u03a9 mesh coil for intense flavor. (our website price not include shipping cost, please contact me to get whole price and your disccount!)","_links":{"self":[{"href":"https:\/\/vapestornado.com\/hu\/wp-json\/wp\/v2\/product\/3599","targetHints":{"allow":["GET"]}}],"collection":[{"href":"https:\/\/vapestornado.com\/hu\/wp-json\/wp\/v2\/product"}],"about":[{"href":"https:\/\/vapestornado.com\/hu\/wp-json\/wp\/v2\/types\/product"}],"replies":[{"embeddable":true,"href":"https:\/\/vapestornado.com\/hu\/wp-json\/wp\/v2\/comments?post=3599"}],"wp:featuredmedia":[{"embeddable":true,"href":"https:\/\/vapestornado.com\/hu\/wp-json\/wp\/v2\/media\/3605"}],"wp:attachment":[{"href":"https:\/\/vapestornado.com\/hu\/wp-json\/wp\/v2\/media?parent=3599"}],"wp:term":[{"taxonomy":"product_brand","embeddable":true,"href":"https:\/\/vapestornado.com\/hu\/wp-json\/wp\/v2\/product_brand?post=3599"},{"taxonomy":"product_cat","embeddable":true,"href":"https:\/\/vapestornado.com\/hu\/wp-json\/wp\/v2\/product_cat?post=3599"},{"taxonomy":"product_tag","embeddable":true,"href":"https:\/\/vapestornado.com\/hu\/wp-json\/wp\/v2\/product_tag?post=3599"}],"curies":[{"name":"wp","href":"https:\/\/api.w.org\/{rel}","templated":true}]}}