{"id":3568,"date":"2024-12-31T08:17:50","date_gmt":"2024-12-31T08:17:50","guid":{"rendered":"https:\/\/vapestornado.com\/?post_type=product&#038;p=3568"},"modified":"2025-08-23T09:40:26","modified_gmt":"2025-08-23T09:40:26","slug":"vookbar-cyber-pro-3000-puffs-wholesale-e-cigarette-hookah-vape","status":"publish","type":"product","link":"https:\/\/vapestornado.com\/hu\/product\/vookbar-cyber-pro-3000-puffs-wholesale-e-cigarette-hookah-vape\/","title":{"rendered":"Vookbar Cyber PRO 30000 Puffs Nagykereskedelmi E-cigaretta Hookah Vape"},"content":{"rendered":"<h1>Vookbar Cyber PRO 3000 Puffs nagykereskedelmi e-cigaretta<\/h1>\n<p>&nbsp;<\/p>\n<div role=\"article\" data-tabster=\"{&quot;groupper&quot;:{&quot;tabbability&quot;:2},&quot;focusable&quot;:{}}\" data-content=\"ai-message\" aria-labelledby=\"64JRvXrTnY7mRmPkEQLLT-author 64JRvXrTnY7mRmPkEQLLT-content\">\n<div id=\"64JRvXrTnY7mRmPkEQLLT-content\">\n<p data-start=\"513\" data-end=\"779\">A <strong data-start=\"517\" data-end=\"565\">Vookbar Cyber PRO 3000 Puffs Eldobhat\u00f3 Vape<\/strong> a z\u00f6kken\u0151mentes teljes\u00edtm\u00e9ny, a st\u00edlusos design \u00e9s a nagykereskedelmi \u00e9rt\u00e9k \u00e9rdek\u00e9ben k\u00e9sz\u00fclt. Ak\u00e1r <strong data-start=\"650\" data-end=\"665\">3000 slukk<\/strong> k\u00e9sz\u00fcl\u00e9kenk\u00e9nt megb\u00edzhat\u00f3 opci\u00f3t k\u00edn\u00e1l a vaperek sz\u00e1m\u00e1ra, akik a k\u00e9nyelmet \u00e9s a min\u0151s\u00e9get egyar\u00e1nt szeretn\u00e9k egy kompakt form\u00e1ban.<\/p>\n<p data-start=\"781\" data-end=\"1194\">Felszerelve egy <strong data-start=\"798\" data-end=\"829\">850mAh-s \u00fajrat\u00f6lthet\u0151 akkumul\u00e1torral<\/strong> \u00e9s a <strong data-start=\"834\" data-end=\"858\">Type-C gyorst\u00f6lt\u00e9ssel<\/strong>, a Cyber PRO egyenletes teljes\u00edtm\u00e9nyt biztos\u00edt. A <strong data-start=\"904\" data-end=\"932\">22 ml el\u0151re t\u00f6lt\u00f6tt e-liquiddel<\/strong> \u00e1ltal m\u0171k\u00f6dtetve <strong data-start=\"938\" data-end=\"962\">5%-os nikotiner\u0151ss\u00e9ggel<\/strong> kiel\u00e9g\u00edt\u0151 k\u00f6zvetlen t\u00fcd\u0151be (DTL) slukkokat \u00e9s mer\u00e9sz \u00edzintenzit\u00e1st biztos\u00edt. Pr\u00e9mium \u00f6sszetev\u0151kb\u0151l, k\u00f6zt\u00fck n\u00f6v\u00e9nyi glicerinb\u0151l, propil\u00e9nglikolb\u00f3l \u00e9s term\u00e9szetes arom\u00e1kb\u00f3l k\u00e9sz\u00fcl, gazdag, sima g\u0151zt garant\u00e1l az elej\u00e9t\u0151l a v\u00e9g\u00e9ig.<\/p>\n<p data-start=\"1196\" data-end=\"1407\">A karcs\u00fa eszt\u00e9tik\u00e1t a fejlett tekercstechnol\u00f3gi\u00e1val \u00f6tv\u00f6zve a <strong data-start=\"1258\" data-end=\"1290\">Vookbar Cyber PRO 3000 Puffs<\/strong> ide\u00e1lis vape boltok, forgalmaz\u00f3k \u00e9s olyan fogyaszt\u00f3k sz\u00e1m\u00e1ra, akik kompakt, m\u00e9gis er\u0151teljes <strong data-start=\"1379\" data-end=\"1404\">nagykereskedelmi v\u00edzipipa vape-et keresnek<\/strong>.<\/p>\n<figure id=\"attachment_3596\" aria-describedby=\"caption-attachment-3596\" style=\"width: 572px\" class=\"wp-caption alignnone\"><img fetchpriority=\"high\" decoding=\"async\" class=\"wp-image-3596\" src=\"https:\/\/vapestornado.com\/wp-content\/uploads\/2024\/12\/Vookbar-3000-Puffs-Hot-Sale-Disposable-Vapes-Germany.jpg\" alt=\"Vookbar 3000 Puffs eldobhat\u00f3 vape - forr\u00f3 term\u00e9k Magyarorsz\u00e1gon\" width=\"572\" height=\"572\" srcset=\"https:\/\/vapestornado.com\/wp-content\/uploads\/2024\/12\/Vookbar-3000-Puffs-Hot-Sale-Disposable-Vapes-Germany.jpg 800w, https:\/\/vapestornado.com\/wp-content\/uploads\/2024\/12\/Vookbar-3000-Puffs-Hot-Sale-Disposable-Vapes-Germany-300x300.jpg 300w, https:\/\/vapestornado.com\/wp-content\/uploads\/2024\/12\/Vookbar-3000-Puffs-Hot-Sale-Disposable-Vapes-Germany-150x150.jpg 150w, https:\/\/vapestornado.com\/wp-content\/uploads\/2024\/12\/Vookbar-3000-Puffs-Hot-Sale-Disposable-Vapes-Germany-768x768.jpg 768w, https:\/\/vapestornado.com\/wp-content\/uploads\/2024\/12\/Vookbar-3000-Puffs-Hot-Sale-Disposable-Vapes-Germany-600x600.jpg 600w, https:\/\/vapestornado.com\/wp-content\/uploads\/2024\/12\/Vookbar-3000-Puffs-Hot-Sale-Disposable-Vapes-Germany-100x100.jpg 100w\" sizes=\"(max-width: 572px) 100vw, 572px\" \/><figcaption id=\"caption-attachment-3596\" class=\"wp-caption-text\">Vookbar 3000 Puffs eldobhat\u00f3 vape - forr\u00f3 term\u00e9k Magyarorsz\u00e1gon<\/figcaption><\/figure>\n<\/div>\n<\/div>\n<p><img decoding=\"async\" class=\"alignleft wp-image-2951 size-medium\" src=\"https:\/\/vapestornado.com\/wp-content\/uploads\/2024\/12\/Wholesale-Disposable-Vape-265x300.jpg\" alt=\"Nagykereskedelmi eldobhat\u00f3 Vape\" width=\"265\" height=\"300\" srcset=\"https:\/\/vapestornado.com\/wp-content\/uploads\/2024\/12\/Wholesale-Disposable-Vape-265x300.jpg 265w, https:\/\/vapestornado.com\/wp-content\/uploads\/2024\/12\/Wholesale-Disposable-Vape-768x871.jpg 768w, https:\/\/vapestornado.com\/wp-content\/uploads\/2024\/12\/Wholesale-Disposable-Vape-600x680.jpg 600w, https:\/\/vapestornado.com\/wp-content\/uploads\/2024\/12\/Wholesale-Disposable-Vape.jpg 823w\" sizes=\"(max-width: 265px) 100vw, 265px\" \/><\/p>\n<h6>K\u00e9rj\u00fck, vegye fel a kapcsolatot Mandy WhatsApp-j\u00e1val a kedvezm\u00e9nyes \u00e1r\u00e9rt<a href=\"https:\/\/wa.me\/8618077105796\" target=\"_blank\" rel=\"noopener\">+8618077105796<\/a><\/h6>\n<div class=\"flex max-w-full flex-col flex-grow\">\n<div class=\"min-h-8 text-message flex w-full flex-col items-end gap-2 whitespace-normal break-words text-start [.text-message+&amp;]:mt-5\" dir=\"auto\" data-message-author-role=\"assistant\" data-message-id=\"cdb991c0-f594-4bff-b2d5-fbbdd7ce9e54\" data-message-model-slug=\"gpt-4o-mini\">\n<div class=\"flex w-full flex-col gap-1 empty:hidden first:pt-[3px]\">\n<div class=\"markdown prose w-full break-words dark:prose-invert light\"><\/div>\n<\/div>\n<\/div>\n<\/div>\n<div class=\"mb-2 flex gap-3 empty:hidden -ml-2\">\n<h2><strong>Vookbar Cyber PRO 30000 slukk <\/strong>Kiemelked\u0151 tulajdons\u00e1gok:<\/h2>\n<ul>\n<li><strong>Leny\u0171g\u00f6z\u0151 slukksz\u00e1m<\/strong>: Ak\u00e1r 30 000 slukk k\u00e9sz\u00fcl\u00e9kenk\u00e9nt a hosszan tart\u00f3 g\u0151z\u00f6l\u00e9s \u00e9rdek\u00e9ben.<\/li>\n<li><strong>Akkumul\u00e1tor<\/strong>: 850mAh \u00fajrat\u00f6lthet\u0151 akkumul\u00e1tor biztos\u00edtja az \u00e1lland\u00f3 teljes\u00edtm\u00e9nyt.<\/li>\n<li><strong>E-liquid kapacit\u00e1s<\/strong>: 22 ml pr\u00e9mium min\u0151s\u00e9g\u0171 e-liquid.<\/li>\n<li><strong>Nikotin er\u0151ss\u00e9ge<\/strong>: 2% nikotin a l\u00e1gy, kiel\u00e9g\u00edt\u0151 slukk \u00e9rdek\u00e9ben.<\/li>\n<li><strong>Pr\u00e9mium \u00f6sszetev\u0151k<\/strong>: N\u00f6v\u00e9nyi glicerint, propil\u00e9n-glikolt, nikotint \u00e9s term\u00e9szetes \u00edzes\u00edt\u0151ket tartalmaz.<\/li>\n<li><strong>Vaping st\u00edlus<\/strong>: K\u00f6zvetlen t\u00fcd\u0151be (DTL) sz\u00edv\u00e1st kedvel\u0151knek, akik d\u00fas g\u0151zfelh\u0151kre \u00e9s intenz\u00edv \u00edzre v\u00e1gynak.<\/li>\n<li><strong>Felhaszn\u00e1l\u00f3bar\u00e1t kialak\u00edt\u00e1s<\/strong>: Kompakt, eleg\u00e1ns \u00e9s azonnal haszn\u00e1lhat\u00f3.<\/li>\n<\/ul>\n<\/div>\n<h2>Vookbar Cyber PRO 3000 Puffs \u00edzlista:<\/h2>\n<p>1.K\u00e9k m\u00e1lna j\u00e9g<br \/>\n2.\u0150szibarack j\u00e9g<br \/>\n3.Sz\u0151l\u0151 j\u00e9g<br \/>\n4. Eper g\u00f6r\u00f6gdinnye<br \/>\n5. Eper ban\u00e1n<br \/>\n6.Cseresznye g\u00f6r\u00f6gdinnye<br \/>\n7. G\u00f6r\u00f6gdinnye j\u00e9g<br \/>\n8.\u0150szibarack mang\u00f3<br \/>\n9.Eper kivi<br \/>\n10.Feh\u00e9r eper j\u00e9g<br \/>\n11.Feh\u00e9r gumicukor j\u00e9g<br \/>\n12.Fagyasztott pinacolada<br \/>\n13.Kibaszottul men\u0151<br \/>\n14.Mojito vegyes bogy\u00f3k<\/p>\n<div role=\"article\" data-tabster=\"{&quot;groupper&quot;:{&quot;tabbability&quot;:2},&quot;focusable&quot;:{}}\" data-content=\"ai-message\" aria-labelledby=\"dARUyEWDoEYhnSPXFwx5A-author dARUyEWDoEYhnSPXFwx5A-content\">\n<div id=\"dARUyEWDoEYhnSPXFwx5A-content\">\n<h2>Mi\u00e9rt v\u00e1lassza a Vookbar Cyber PRO 3000 Puffs-ot? <strong>\u00a0<\/strong>at <a href=\"https:\/\/vapestornado.com\/hu\/product\/bang-box-35k-puffs-high-capacity-long-lasting-disposable-vape\/\">vapestornado.com-ot?<\/a><\/h2>\n<ul>\n<li><strong>Magas sz\u00edv\u00e1skapacit\u00e1s<\/strong>: Kiemelked\u0151 <strong>30 000 slukk<\/strong>, a Vookbar Cyber PRO 30000 puff hossz\u00fa \u00e9lettartamot biztos\u00edt, \u00edgy \u00e9rt\u00e9ket \u00e9s k\u00e9nyelmet keres\u0151 v\u00e1s\u00e1rl\u00f3k k\u00f6r\u00e9ben n\u00e9pszer\u0171 v\u00e1laszt\u00e1s.<\/li>\n<li><strong>Pr\u00e9mium min\u0151s\u00e9g<\/strong>: A <strong>22 ml-es e-liquid kapacit\u00e1ssal<\/strong> \u00e9s 2<strong>% nikotintartalom<\/strong>gazdag \u00edzt \u00e9s kiel\u00e9g\u00edt\u0151 \u00e9lm\u00e9nyt ny\u00fajt, kiv\u00e1l\u00f3 min\u0151s\u00e9g\u0171 \u00f6sszetev\u0151kkel, mint p\u00e9ld\u00e1ul a <strong>n\u00f6v\u00e9nyi glicerin, propil\u00e9n-glikol \u00e9s term\u00e9szetes \u00edzes\u00edt\u0151k<\/strong>.<\/li>\n<li><strong>Fejlett technol\u00f3gia<\/strong>: Egy <strong>850mAh-s \u00fajrat\u00f6lthet\u0151 akkumul\u00e1torral<\/strong>\u00fczemeltetve, ez a k\u00e9sz\u00fcl\u00e9k egyenletes teljes\u00edtm\u00e9nyt garant\u00e1l \u00e9s t\u00e1mogatja a hosszabb haszn\u00e1latot, t\u00f6k\u00e9letes a k\u00f6zvetlen t\u00fcd\u0151be (DTL) sz\u00edv\u00e1st kedvel\u0151k sz\u00e1m\u00e1ra.<\/li>\n<li><strong>Eleg\u00e1ns \u00e9s kompakt design<\/strong>: A Vookbar Cyber PRO a modern eszt\u00e9tik\u00e1t \u00e9s a felhaszn\u00e1l\u00f3bar\u00e1t funkcionalit\u00e1st \u00f6tv\u00f6zi, ami vonz\u00f3v\u00e1 teszi a sz\u00e9les v\u00e1s\u00e1rl\u00f3i k\u00f6r sz\u00e1m\u00e1ra.<\/li>\n<li><strong>Nagykeresked\u00e9s-bar\u00e1t<\/strong>: Versenyk\u00e9pes \u00e1ron kaphat\u00f3 a <strong>vapestornado.hu<\/strong>, ez a term\u00e9k t\u00f6k\u00e9letes a nagykereskedelmi v\u00e1s\u00e1rl\u00e1sokhoz, \u00edgy kiv\u00e1l\u00f3 haszonkulcsot biztos\u00edt v\u00e1llalkoz\u00e1sa sz\u00e1m\u00e1ra.<\/li>\n<li><strong>Piaci kereslet<\/strong>: Pr\u00e9mium funkci\u00f3ival \u00e9s magas puff sz\u00e1m\u00e1val a Vookbar Cyber PRO a cs\u00facskateg\u00f3ri\u00e1s vape fogyaszt\u00f3k n\u00f6vekv\u0151 piac\u00e1t c\u00e9lozza meg, n\u00f6velve ezzel v\u00e1llalkoz\u00e1sa vonzerej\u00e9t.<\/li>\n<\/ul>\n<\/div>\n<\/div>\n<h2>GYIK a Vookbar Cyber PRO 30000 Puffs Vape Podokkal kapcsolatban<\/h2>\n<p><strong>1. H\u00e1ny slukkot biztos\u00edt a Vookbar Cyber PRO 30000?<\/strong><br \/>\nA Vookbar Cyber PRO leny\u0171g\u00f6z\u0151 <strong>30 000 slukk<\/strong>slukk kapacit\u00e1st k\u00edn\u00e1l, \u00edgy az egyik legtart\u00f3sabb eldobhat\u00f3 vape eszk\u00f6z a piacon.<\/p>\n<p><strong>2. Mekkora az e-liquid kapacit\u00e1sa ennek az eszk\u00f6znek?<\/strong><br \/>\nMinden Vookbar Cyber PRO pod <strong>22 ml e-liquid-et tartalmaz<\/strong>, biztos\u00edtva az \u00e1lland\u00f3 \u00e9s gazdag \u00edzt a teljes \u00e9lettartama alatt.<\/p>\n<p><strong>3. Mennyi a Vookbar Vape Cyber PRO 30k PUFFS nikotintartalma?<\/strong><br \/>\nAz eszk\u00f6z rendelkezik egy <strong>5%-os nikotiner\u0151ss\u00e9ggel<\/strong>, ide\u00e1lis azoknak a vapereknek, akik sima \u00e9s kiel\u00e9g\u00edt\u0151 slukkot keresnek.<\/p>\n<p><strong>4. \u00dajrat\u00f6lthet\u0151 a Vookbar Cyber PRO?<\/strong><br \/>\nIgen, egy <strong>850mAh-s \u00fajrat\u00f6lthet\u0151 akkumul\u00e1torral<\/strong> biztos\u00edt \u00e1lland\u00f3 teljes\u00edtm\u00e9nyt a hosszan tart\u00f3 vaping session-\u00f6k sor\u00e1n.<\/p>\n<p><strong>5. Mennyire hordozhat\u00f3 a Vookbar Cyber PRO?<\/strong><br \/>\nA karcs\u00fa \u00e9s kompakt kialak\u00edt\u00e1s t\u00f6k\u00e9letess\u00e9 teszi \u00fatk\u00f6zbeni haszn\u00e1latra, \u00f6tv\u00f6zve a k\u00e9nyelmet a pr\u00e9mium teljes\u00edtm\u00e9nnyel.<\/p>","protected":false},"excerpt":{"rendered":"<p>A Vookbar Cyber PRO 3000 Puffs egy pr\u00e9mium min\u0151s\u00e9g\u0171 nagykereskedelmi e-cigaretta, amely hossz\u00fa \u00e9lettartam\u00fa slukkokat, l\u00e1gy \u00edzt \u00e9s eleg\u00e1ns kialak\u00edt\u00e1st k\u00edn\u00e1l. Ide\u00e1lis t\u00f6meges v\u00e1s\u00e1rl\u00e1shoz.<\/p>\n<figure id=\"attachment_2951\" aria-describedby=\"caption-attachment-2951\" style=\"width: 265px\" class=\"wp-caption alignnone\"><img decoding=\"async\" class=\"size-medium wp-image-2951\" src=\"https:\/\/vapestornado.com\/wp-content\/uploads\/2024\/12\/Wholesale-Disposable-Vape-265x300.jpg\" alt=\"Nagykereskedelmi eldobhat\u00f3 Vape\" width=\"265\" height=\"300\" srcset=\"https:\/\/vapestornado.com\/wp-content\/uploads\/2024\/12\/Wholesale-Disposable-Vape-265x300.jpg 265w, https:\/\/vapestornado.com\/wp-content\/uploads\/2024\/12\/Wholesale-Disposable-Vape-768x871.jpg 768w, https:\/\/vapestornado.com\/wp-content\/uploads\/2024\/12\/Wholesale-Disposable-Vape-600x680.jpg 600w, https:\/\/vapestornado.com\/wp-content\/uploads\/2024\/12\/Wholesale-Disposable-Vape.jpg 823w\" sizes=\"(max-width: 265px) 100vw, 265px\" \/><figcaption id=\"caption-attachment-2951\" class=\"wp-caption-text\">K\u00e9rj\u00fck, vegye fel a kapcsolatot Mandy WhatsApp-j\u00e1val a kedvezm\u00e9nyes \u00e1r\u00e9rt\u00a0 <a href=\"https:\/\/wa.me\/8618077105796\">+8618077105796<\/a><\/figcaption><\/figure>\n<p>&nbsp;<\/p>","protected":false},"featured_media":3592,"comment_status":"open","ping_status":"closed","template":"","meta":{"_acf_changed":false,"_uag_custom_page_level_css":"","_lmt_disableupdate":"no","_lmt_disable":"","_monsterinsights_skip_tracking":false,"_monsterinsights_sitenote_active":false,"_monsterinsights_sitenote_note":"","_monsterinsights_sitenote_category":0,"site-sidebar-layout":"default","site-content-layout":"","ast-site-content-layout":"default","site-content-style":"default","site-sidebar-style":"default","ast-global-header-display":"","ast-banner-title-visibility":"","ast-main-header-display":"","ast-hfb-above-header-display":"","ast-hfb-below-header-display":"","ast-hfb-mobile-header-display":"","site-post-title":"","ast-breadcrumbs-content":"","ast-featured-img":"","footer-sml-layout":"","ast-disable-related-posts":"","theme-transparent-header-meta":"default","adv-header-id-meta":"","stick-header-meta":"","header-above-stick-meta":"","header-main-stick-meta":"","header-below-stick-meta":"","astra-migrate-meta-layouts":"set","ast-page-background-enabled":"default","ast-page-background-meta":{"desktop":{"background-color":"","background-image":"","background-repeat":"repeat","background-position":"center center","background-size":"auto","background-attachment":"scroll","background-type":"","background-media":"","overlay-type":"","overlay-color":"","overlay-opacity":"","overlay-gradient":""},"tablet":{"background-color":"","background-image":"","background-repeat":"repeat","background-position":"center center","background-size":"auto","background-attachment":"scroll","background-type":"","background-media":"","overlay-type":"","overlay-color":"","overlay-opacity":"","overlay-gradient":""},"mobile":{"background-color":"","background-image":"","background-repeat":"repeat","background-position":"center center","background-size":"auto","background-attachment":"scroll","background-type":"","background-media":"","overlay-type":"","overlay-color":"","overlay-opacity":"","overlay-gradient":""}},"ast-content-background-meta":{"desktop":{"background-color":"var(--ast-global-color-5)","background-image":"","background-repeat":"repeat","background-position":"center center","background-size":"auto","background-attachment":"scroll","background-type":"","background-media":"","overlay-type":"","overlay-color":"","overlay-opacity":"","overlay-gradient":""},"tablet":{"background-color":"var(--ast-global-color-5)","background-image":"","background-repeat":"repeat","background-position":"center center","background-size":"auto","background-attachment":"scroll","background-type":"","background-media":"","overlay-type":"","overlay-color":"","overlay-opacity":"","overlay-gradient":""},"mobile":{"background-color":"var(--ast-global-color-5)","background-image":"","background-repeat":"repeat","background-position":"center center","background-size":"auto","background-attachment":"scroll","background-type":"","background-media":"","overlay-type":"","overlay-color":"","overlay-opacity":"","overlay-gradient":""}},"_joinchat":{"telephone":"+8618077105796"}},"product_brand":[],"product_cat":[67,140,153,157],"product_tag":[97,188],"class_list":{"0":"post-3568","1":"product","2":"type-product","3":"status-publish","4":"has-post-thumbnail","6":"product_cat-30000-puff","7":"product_cat-big-puffs-disposable-vapes","8":"product_cat-buy-disposable-vapes-in-italy","9":"product_cat-buy-disposable-vapes-in-portugal","10":"product_tag-hot-sale-disposable-vape","11":"product_tag-vookbar-cyber-pro-30000-puffs","12":"desktop-align-left","13":"tablet-align-left","14":"mobile-align-left","16":"first","17":"instock","18":"sale","19":"shipping-taxable","20":"purchasable","21":"product-type-simple"},"acf":[],"uagb_featured_image_src":{"full":["https:\/\/vapestornado.com\/wp-content\/uploads\/2024\/12\/Vookbar-3000-Puff-Vapes-Cheap-Price.jpg",800,800,false],"thumbnail":["https:\/\/vapestornado.com\/wp-content\/uploads\/2024\/12\/Vookbar-3000-Puff-Vapes-Cheap-Price-150x150.jpg",150,150,true],"medium":["https:\/\/vapestornado.com\/wp-content\/uploads\/2024\/12\/Vookbar-3000-Puff-Vapes-Cheap-Price-300x300.jpg",300,300,true],"medium_large":["https:\/\/vapestornado.com\/wp-content\/uploads\/2024\/12\/Vookbar-3000-Puff-Vapes-Cheap-Price-768x768.jpg",768,768,true],"large":["https:\/\/vapestornado.com\/wp-content\/uploads\/2024\/12\/Vookbar-3000-Puff-Vapes-Cheap-Price.jpg",800,800,false],"1536x1536":["https:\/\/vapestornado.com\/wp-content\/uploads\/2024\/12\/Vookbar-3000-Puff-Vapes-Cheap-Price.jpg",800,800,false],"2048x2048":["https:\/\/vapestornado.com\/wp-content\/uploads\/2024\/12\/Vookbar-3000-Puff-Vapes-Cheap-Price.jpg",800,800,false],"trp-custom-language-flag":["https:\/\/vapestornado.com\/wp-content\/uploads\/2024\/12\/Vookbar-3000-Puff-Vapes-Cheap-Price.jpg",12,12,false],"woocommerce_thumbnail":["https:\/\/vapestornado.com\/wp-content\/uploads\/2024\/12\/Vookbar-3000-Puff-Vapes-Cheap-Price-300x300.jpg",300,300,true],"woocommerce_single":["https:\/\/vapestornado.com\/wp-content\/uploads\/2024\/12\/Vookbar-3000-Puff-Vapes-Cheap-Price-600x600.jpg",600,600,true],"woocommerce_gallery_thumbnail":["https:\/\/vapestornado.com\/wp-content\/uploads\/2024\/12\/Vookbar-3000-Puff-Vapes-Cheap-Price-100x100.jpg",100,100,true]},"uagb_author_info":{"display_name":"ESMANDY","author_link":"https:\/\/vapestornado.com\/hu\/author\/"},"uagb_comment_info":0,"uagb_excerpt":"Vookbar Cyber PRO 3000 Puffs is a premium wholesale e-cigarette hookah vape, offering long-lasting puffs, smooth flavor, and a sleek design. Ideal for bulk purchases. [caption id=\"attachment_2951\" align=\"alignnone\" width=\"265\"] Pls Contact Mandy's WhatsApp For Discount Price\u00a0 +8618077105796[\/caption] &nbsp;","_links":{"self":[{"href":"https:\/\/vapestornado.com\/hu\/wp-json\/wp\/v2\/product\/3568","targetHints":{"allow":["GET"]}}],"collection":[{"href":"https:\/\/vapestornado.com\/hu\/wp-json\/wp\/v2\/product"}],"about":[{"href":"https:\/\/vapestornado.com\/hu\/wp-json\/wp\/v2\/types\/product"}],"replies":[{"embeddable":true,"href":"https:\/\/vapestornado.com\/hu\/wp-json\/wp\/v2\/comments?post=3568"}],"wp:featuredmedia":[{"embeddable":true,"href":"https:\/\/vapestornado.com\/hu\/wp-json\/wp\/v2\/media\/3592"}],"wp:attachment":[{"href":"https:\/\/vapestornado.com\/hu\/wp-json\/wp\/v2\/media?parent=3568"}],"wp:term":[{"taxonomy":"product_brand","embeddable":true,"href":"https:\/\/vapestornado.com\/hu\/wp-json\/wp\/v2\/product_brand?post=3568"},{"taxonomy":"product_cat","embeddable":true,"href":"https:\/\/vapestornado.com\/hu\/wp-json\/wp\/v2\/product_cat?post=3568"},{"taxonomy":"product_tag","embeddable":true,"href":"https:\/\/vapestornado.com\/hu\/wp-json\/wp\/v2\/product_tag?post=3568"}],"curies":[{"name":"wp","href":"https:\/\/api.w.org\/{rel}","templated":true}]}}