{"id":3567,"date":"2024-12-31T08:11:45","date_gmt":"2024-12-31T08:11:45","guid":{"rendered":"https:\/\/vapestornado.com\/?post_type=product&#038;p=3567"},"modified":"2025-08-23T09:41:24","modified_gmt":"2025-08-23T09:41:24","slug":"vapme-crystal-7000-puffs-disposable-vape","status":"publish","type":"product","link":"https:\/\/vapestornado.com\/hu\/product\/vapme-crystal-7000-puffs-disposable-vape\/","title":{"rendered":"Vapme Crystal 7000 Sz\u00edv\u00e1s Eldobhat\u00f3 Vape RGB F\u00e9ny"},"content":{"rendered":"<h1>Vapme Crystal 7000 Sz\u00edv\u00e1s Eldobhat\u00f3 Vape RGB F\u00e9ny<\/h1>\n<p data-start=\"359\" data-end=\"637\">A <strong data-start=\"363\" data-end=\"407\">Vapme Crystal 7000 Puffs Eldobhat\u00f3 Vape<\/strong> a kapacit\u00e1st, a teljes\u00edtm\u00e9nyt \u00e9s a st\u00edlust \u00f6tv\u00f6zi egy kompakt eszk\u00f6zben. Egy <strong data-start=\"478\" data-end=\"500\">14 ml e-liquid tart\u00e1llyal<\/strong> \u00e9s ak\u00e1r <strong data-start=\"511\" data-end=\"526\">7000 slukk<\/strong>haszn\u00e1lat\u00e1val hosszan tart\u00f3 haszn\u00e1latot biztos\u00edt, \u00edgy praktikus v\u00e1laszt\u00e1s mindennapi vaperek \u00e9s nagykereskedelmi v\u00e1s\u00e1rl\u00f3k sz\u00e1m\u00e1ra egyar\u00e1nt.<\/p>\n<p data-start=\"639\" data-end=\"892\">Egy <strong data-start=\"652\" data-end=\"683\">650mAh-s \u00fajrat\u00f6lthet\u0151 akkumul\u00e1tor<\/strong> \u00e1ltal m\u0171k\u00f6dtetve <strong data-start=\"689\" data-end=\"713\">Type-C gyorst\u00f6lt\u00e9ssel<\/strong>haszn\u00e1lat\u00e1val a Vapme Crystal 7K minimaliz\u00e1lja az \u00e1ll\u00e1sid\u0151t \u00e9s biztos\u00edtja a k\u00f6vetkezetes teljes\u00edtm\u00e9nyt. A <strong data-start=\"795\" data-end=\"813\">1.0\u03a9 mesh tekercs<\/strong> fokozza az \u00edzt \u00e9s a g\u0151ztermel\u00e9st, sima \u00e9s kiel\u00e9g\u00edt\u0151 slukkokat biztos\u00edtva.<\/p>\n<p data-start=\"894\" data-end=\"1237\">Az eszk\u00f6z tov\u00e1bb\u00e1 rendelkezik <strong data-start=\"919\" data-end=\"935\">RGB vil\u00e1g\u00edt\u00e1s<\/strong>funkci\u00f3val, amely st\u00edlusos megjelen\u00e9st k\u00f6lcs\u00f6n\u00f6z a krist\u00e1lytiszta testnek. A <strong data-start=\"992\" data-end=\"1013\">30 \u00edzv\u00e1laszt\u00e9kb\u00f3l<\/strong>\u2014a gy\u00fcm\u00f6lcs\u00f6s \u00e9s jeges \u00edzekt\u0151l a cukorka ihlette profilokig\u2014a <strong data-start=\"1073\" data-end=\"1106\">Vapme Krist\u00e1ly 7000 Puff Sz\u00edv\u00f3<\/strong> mindenki sz\u00e1m\u00e1ra k\u00edn\u00e1l valamit. Kompakt, k\u00f6nnyen haszn\u00e1lhat\u00f3 \u00e9s megb\u00edzhat\u00f3, ide\u00e1lis kezd\u0151knek \u00e9s tapasztalt vapereknek egyar\u00e1nt.<\/p>\n<p><img fetchpriority=\"high\" decoding=\"async\" class=\"size-full wp-image-3585\" src=\"https:\/\/vapestornado.com\/wp-content\/uploads\/2024\/12\/Vapme-Crystal-7000-Puffs-Wholesale-Supplier-Affordable-Bulk-Vape-Solutions.jpg\" alt=\"Vapme Crystal 7000 Puffs nagykereskedelmi besz\u00e1ll\u00edt\u00f3, megfizethet\u0151 t\u00f6meges vape megold\u00e1sok\" width=\"1000\" height=\"666\" srcset=\"https:\/\/vapestornado.com\/wp-content\/uploads\/2024\/12\/Vapme-Crystal-7000-Puffs-Wholesale-Supplier-Affordable-Bulk-Vape-Solutions.jpg 1000w, https:\/\/vapestornado.com\/wp-content\/uploads\/2024\/12\/Vapme-Crystal-7000-Puffs-Wholesale-Supplier-Affordable-Bulk-Vape-Solutions-300x200.jpg 300w, https:\/\/vapestornado.com\/wp-content\/uploads\/2024\/12\/Vapme-Crystal-7000-Puffs-Wholesale-Supplier-Affordable-Bulk-Vape-Solutions-768x511.jpg 768w, https:\/\/vapestornado.com\/wp-content\/uploads\/2024\/12\/Vapme-Crystal-7000-Puffs-Wholesale-Supplier-Affordable-Bulk-Vape-Solutions-600x400.jpg 600w\" sizes=\"(max-width: 1000px) 100vw, 1000px\" \/><\/p>\n<h3>Term\u00e9kjellemz\u0151k<\/h3>\n<ol>\n<li>Hosszan tart\u00f3, 7000+ slukk 14 ml-es e-liquid kapacit\u00e1ssal.<\/li>\n<li>\u00dajrat\u00f6lthet\u0151 650 mAh-s akkumul\u00e1tor gyors C t\u00edpus\u00fa t\u00f6lt\u00e9ssel.<\/li>\n<li>1,0\u03a9-os h\u00e1l\u00f3s tekercs a gazdag \u00edz\u00e9rt \u00e9s a s\u0171r\u0171 g\u0151z\u00e9rt.<\/li>\n<li>St\u00edlusos RGB vil\u00e1g\u00edt\u00e1s a pr\u00e9mium vaping \u00e9lm\u00e9ny\u00e9rt.<\/li>\n<li>30 egyedi \u00e9s finom \u00edzben kaphat\u00f3.<\/li>\n<\/ol>\n<h3>\u00cdzlista<\/h3>\n<ol>\n<li>\u00c1fonya M\u00e1lna<\/li>\n<li>Sz\u0151l\u0151 Bogy\u00f3<\/li>\n<li>Eper G\u00f6r\u00f6gdinnye R\u00e1g\u00f3gumi<\/li>\n<li>Eper M\u00e1lna Cukorka<\/li>\n<li>Eper Ban\u00e1n<\/li>\n<li>Eper Mang\u00f3<\/li>\n<li>\u0150szibarack Mang\u00f3 Anan\u00e1sz<\/li>\n<li>G\u00f6r\u00f6gdinnye J\u00e9g<\/li>\n<li>Tripla Mang\u00f3<\/li>\n<li>Cseresznye j\u00e9g<\/li>\n<li>Golgotagy\u00fcm\u00f6lcs Dinnye J\u00e9g<\/li>\n<li>Kivi Golgotagy\u00fcm\u00f6lcs Guava<\/li>\n<li>Eper j\u00e9g<\/li>\n<li>\u0150szibarack j\u00e9g<\/li>\n<li>K\u00e9k m\u00e1lna limon\u00e1d\u00e9<\/li>\n<li>Eper Kiwi<\/li>\n<li>Energiaital<\/li>\n<li>Cseresznye k\u00f3la<\/li>\n<li>Vegyes Bogy\u00f3s Gy\u00fcm\u00f6lcs\u00f6k J\u00e9g<\/li>\n<li>Citrom<\/li>\n<li>Eper Sz\u0151l\u0151<\/li>\n<li>Fekete Ribizli J\u00e9g<\/li>\n<li>\u00c1fonya V\u00f6r\u00f6s\u00e1fonya Cseresznye<\/li>\n<li>G\u00f6r\u00f6gdinnye Kivi J\u00e9g<\/li>\n<li>Cseresznye Bogy\u00f3<\/li>\n<li>Mentol<\/li>\n<li>Tr\u00f3pusi Gy\u00fcm\u00f6lcskokt\u00e9l<\/li>\n<li>Mr. K\u00e9k<\/li>\n<li>Dupla Alma<\/li>\n<li>Ban\u00e1n j\u00e9g<\/li>\n<\/ol>\n<h4><strong>Vapme 7000 Puffs Legjobb \u00cdzek<\/strong><\/h4>\n<ol>\n<li><strong>\u00c1fonya M\u00e1lna<\/strong>: Az \u00e9des \u00e1fonya \u00e9s a fanyar m\u00e1lna t\u00f6k\u00e9letesen kiegyens\u00falyozott kever\u00e9ke.<\/li>\n<li><strong>Sz\u0151l\u0151 Bogy\u00f3<\/strong>: Mer\u00e9sz sz\u0151l\u0151\u00edz l\u00e9d\u00fas vegyes bogy\u00f3s gy\u00fcm\u00f6lcs\u00f6kkel, a friss\u00edt\u0151 g\u0151z\u00e9lm\u00e9ny\u00e9rt.<\/li>\n<li><strong>Eper G\u00f6r\u00f6gdinnye R\u00e1g\u00f3gumi<\/strong>: L\u00e9d\u00fas eper \u00e9s g\u00f6r\u00f6gdinnye nosztalgikus r\u00e1g\u00f3gumi \u00e9dess\u00e9ggel kombin\u00e1lva.<\/li>\n<li><strong>\u0150szibarack Mang\u00f3 Anan\u00e1sz<\/strong>: Tr\u00f3pusi egyveleg \u00e9des \u0151szibarackb\u00f3l, mang\u00f3b\u00f3l \u00e9s fanyar anan\u00e1szb\u00f3l.<\/li>\n<li><strong>G\u00f6r\u00f6gdinnye J\u00e9g<\/strong>: \u00c9des, friss\u00edt\u0151 g\u00f6r\u00f6gdinnye, h\u0171s mentolos csavarral.<\/li>\n<\/ol>\n<h4><strong>Mi\u00e9rt v\u00e1lassza a Vapme Crystal 7000 Puffs-ot?<\/strong><\/h4>\n<p>A Vapme Crystal 7000 Puffs kiemelkedik kiv\u00e9teles teljes\u00edtm\u00e9ny\u00e9vel, letisztult diz\u00e1jnj\u00e1val \u00e9s sz\u00e9les \u00edzv\u00e1laszt\u00e9k\u00e1val. A hatalmas, 7000+ puff kapacit\u00e1s\u00e1val a legt\u00f6bb eldobhat\u00f3 g\u0151zk\u00e9sz\u00fcl\u00e9ket t\u00falsz\u00e1rnyalja, \u00edgy k\u00f6lts\u00e9ghat\u00e9kony v\u00e1laszt\u00e1s a nagy felhaszn\u00e1l\u00f3k sz\u00e1m\u00e1ra. A 650mAh-s \u00fajrat\u00f6lthet\u0151 akkumul\u00e1tor \u00e9s a Type-C t\u00f6lt\u00e9s k\u00e9nyelmet \u00e9s kevesebb hullad\u00e9kot biztos\u00edt az egyszer haszn\u00e1latos eszk\u00f6z\u00f6kh\u00f6z k\u00e9pest. A fejlett 1,0\u03a9-os mesh coil technol\u00f3gi\u00e1val felszerelt g\u0151zk\u00e9sz\u00fcl\u00e9k p\u00e1ratlan \u00edzintenzit\u00e1st \u00e9s sima g\u0151ztermel\u00e9st biztos\u00edt. K\u00f6nny\u0171, kompakt kialak\u00edt\u00e1sa \u00e9s az RGB vil\u00e1g\u00edt\u00e1s t\u00f6k\u00e9letes t\u00e1rss\u00e1 teszi az \u00fatk\u00f6zbeni g\u0151z\u00f6l\u00e9shez. Ak\u00e1r \u00edzrajong\u00f3, ak\u00e1r tart\u00f3ss\u00e1gra \u00e9s st\u00edlusra v\u00e1gyik, a Vapme Crystal 7000 Puffs a t\u00f6k\u00e9letes v\u00e1laszt\u00e1s.<\/p>\n<h3><strong>GYIK<\/strong><\/h3>\n<ol>\n<li><strong>H\u00e1ny slukkot biztos\u00edt a Vapme Crystal 7k Puff?<\/strong><br \/>\nT\u00f6bb mint 7000 slukkot k\u00edn\u00e1l, hosszan tart\u00f3 haszn\u00e1latot biztos\u00edtva.<\/li>\n<li><strong>\u00dajrat\u00f6lthet\u0151 a Vapme Crystal 7000 Puffs?<\/strong><br \/>\nIgen, 650mAh-s \u00fajrat\u00f6lthet\u0151 akkumul\u00e1torral \u00e9s Type-C porttal rendelkezik.<\/li>\n<li><strong>Milyen \u00edzek kaphat\u00f3k a Vapme Crystal 7k vape-hez?<\/strong><br \/>\n30 egyedi \u00edz \u00e1ll rendelkez\u00e9sre, bele\u00e9rtve a gy\u00fcm\u00f6lcs\u00f6s, jeges \u00e9s cukorka ihlette opci\u00f3kat.<\/li>\n<li><strong>Milyen coil technol\u00f3gi\u00e1t haszn\u00e1l ez a Vapme 7k crystal vape?<\/strong><br \/>\n1,0\u03a9-os mesh coillal van felszerelve a fokozott \u00edz \u00e9s g\u0151ztermel\u00e9s \u00e9rdek\u00e9ben.<\/li>\n<li><strong>Van-e RGB vil\u00e1g\u00edt\u00e1sa a Vapme Crystal 7k Puffs-nak?<\/strong><br \/>\nIgen, st\u00edlusos RGB vil\u00e1g\u00edt\u00e1ssal rendelkezik a jobb g\u0151z\u00f6l\u00e9si \u00e9lm\u00e9ny \u00e9rdek\u00e9ben.<\/li>\n<\/ol>\n<h4>Vapme Crystal 7k vape nagykereskedelem Kapcsolatfelv\u00e9tel \u00e9s k\u00e9rj kedvezm\u00e9nyt most!<a href=\"https:\/\/wa.me\/8618077105750\" target=\"_blank\" rel=\"noopener\">+8618077105750<\/a><\/h4>\n<p><img decoding=\"async\" class=\"size-large wp-image-2921\" src=\"https:\/\/vapestornado.com\/wp-content\/uploads\/2024\/11\/20062b3a285f900e79520aad496b94d-887x1024.jpg\" alt=\"vapestornado Vicky\" width=\"887\" height=\"1024\" srcset=\"https:\/\/vapestornado.com\/wp-content\/uploads\/2024\/11\/20062b3a285f900e79520aad496b94d-887x1024.jpg 887w, https:\/\/vapestornado.com\/wp-content\/uploads\/2024\/11\/20062b3a285f900e79520aad496b94d-260x300.jpg 260w, https:\/\/vapestornado.com\/wp-content\/uploads\/2024\/11\/20062b3a285f900e79520aad496b94d-768x887.jpg 768w, https:\/\/vapestornado.com\/wp-content\/uploads\/2024\/11\/20062b3a285f900e79520aad496b94d-600x693.jpg 600w, https:\/\/vapestornado.com\/wp-content\/uploads\/2024\/11\/20062b3a285f900e79520aad496b94d.jpg 1080w\" sizes=\"(max-width: 887px) 100vw, 887px\" \/><\/p>","protected":false},"excerpt":{"rendered":"<p>A Vapme Crystal 7000 Puffs t\u00f6bb mint 7 000 slukkot, 30 \u00edzt, \u00fajrat\u00f6lthet\u0151 akkumul\u00e1tort \u00e9s 1,0\u03a9-os h\u00e1l\u00f3s tekercset k\u00edn\u00e1l a kiv\u00e1l\u00f3 \u00edz \u00e9rdek\u00e9ben.<\/p>\n<p><strong><span style=\"color: #ff0000;\">(a weboldalunkon felt\u00fcntetett \u00e1r nem tartalmazza a sz\u00e1ll\u00edt\u00e1si k\u00f6lts\u00e9get, k\u00e9rj\u00fck, vegye fel velem a kapcsolatot a teljes \u00e1r \u00e9s a kedvezm\u00e9nye miatt!)<\/span><\/strong><\/p>\n<p><img decoding=\"async\" class=\"size-medium wp-image-2921\" src=\"https:\/\/vapestornado.com\/wp-content\/uploads\/2024\/11\/20062b3a285f900e79520aad496b94d-260x300.jpg\" alt=\"vapestornado Vicky\" width=\"260\" height=\"300\" srcset=\"https:\/\/vapestornado.com\/wp-content\/uploads\/2024\/11\/20062b3a285f900e79520aad496b94d-260x300.jpg 260w, https:\/\/vapestornado.com\/wp-content\/uploads\/2024\/11\/20062b3a285f900e79520aad496b94d-887x1024.jpg 887w, https:\/\/vapestornado.com\/wp-content\/uploads\/2024\/11\/20062b3a285f900e79520aad496b94d-768x887.jpg 768w, https:\/\/vapestornado.com\/wp-content\/uploads\/2024\/11\/20062b3a285f900e79520aad496b94d-600x693.jpg 600w, https:\/\/vapestornado.com\/wp-content\/uploads\/2024\/11\/20062b3a285f900e79520aad496b94d.jpg 1080w\" sizes=\"(max-width: 260px) 100vw, 260px\" \/><\/p>","protected":false},"featured_media":3579,"comment_status":"open","ping_status":"closed","template":"","meta":{"_acf_changed":false,"_uag_custom_page_level_css":"","_lmt_disableupdate":"no","_lmt_disable":"","_monsterinsights_skip_tracking":false,"_monsterinsights_sitenote_active":false,"_monsterinsights_sitenote_note":"","_monsterinsights_sitenote_category":0,"site-sidebar-layout":"default","site-content-layout":"","ast-site-content-layout":"default","site-content-style":"default","site-sidebar-style":"default","ast-global-header-display":"","ast-banner-title-visibility":"","ast-main-header-display":"","ast-hfb-above-header-display":"","ast-hfb-below-header-display":"","ast-hfb-mobile-header-display":"","site-post-title":"","ast-breadcrumbs-content":"","ast-featured-img":"","footer-sml-layout":"","ast-disable-related-posts":"","theme-transparent-header-meta":"default","adv-header-id-meta":"","stick-header-meta":"","header-above-stick-meta":"","header-main-stick-meta":"","header-below-stick-meta":"","astra-migrate-meta-layouts":"set","ast-page-background-enabled":"default","ast-page-background-meta":{"desktop":{"background-color":"","background-image":"","background-repeat":"repeat","background-position":"center center","background-size":"auto","background-attachment":"scroll","background-type":"","background-media":"","overlay-type":"","overlay-color":"","overlay-opacity":"","overlay-gradient":""},"tablet":{"background-color":"","background-image":"","background-repeat":"repeat","background-position":"center center","background-size":"auto","background-attachment":"scroll","background-type":"","background-media":"","overlay-type":"","overlay-color":"","overlay-opacity":"","overlay-gradient":""},"mobile":{"background-color":"","background-image":"","background-repeat":"repeat","background-position":"center center","background-size":"auto","background-attachment":"scroll","background-type":"","background-media":"","overlay-type":"","overlay-color":"","overlay-opacity":"","overlay-gradient":""}},"ast-content-background-meta":{"desktop":{"background-color":"var(--ast-global-color-5)","background-image":"","background-repeat":"repeat","background-position":"center center","background-size":"auto","background-attachment":"scroll","background-type":"","background-media":"","overlay-type":"","overlay-color":"","overlay-opacity":"","overlay-gradient":""},"tablet":{"background-color":"var(--ast-global-color-5)","background-image":"","background-repeat":"repeat","background-position":"center center","background-size":"auto","background-attachment":"scroll","background-type":"","background-media":"","overlay-type":"","overlay-color":"","overlay-opacity":"","overlay-gradient":""},"mobile":{"background-color":"var(--ast-global-color-5)","background-image":"","background-repeat":"repeat","background-position":"center center","background-size":"auto","background-attachment":"scroll","background-type":"","background-media":"","overlay-type":"","overlay-color":"","overlay-opacity":"","overlay-gradient":""}},"_joinchat":{"telephone":"+8618077105750"}},"product_brand":[],"product_cat":[74,154,159,143,144,61],"product_tag":[],"class_list":{"0":"post-3567","1":"product","2":"type-product","3":"status-publish","4":"has-post-thumbnail","6":"product_cat-7000-puff","7":"product_cat-buy-disposable-vapes-in-netherlands","8":"product_cat-buy-disposable-vapes-in-sweden","9":"product_cat-dual-mesh-disposable-vapes","10":"product_cat-low-nicotine-disposable-vapes","11":"product_cat-vapme-shisha","12":"desktop-align-left","13":"tablet-align-left","14":"mobile-align-left","16":"first","17":"instock","18":"sale","19":"shipping-taxable","20":"purchasable","21":"product-type-simple"},"acf":[],"uagb_featured_image_src":{"full":["https:\/\/vapestornado.com\/wp-content\/uploads\/2024\/12\/Vapme-Crystal-7000-Puffs-Price-Best-Value-for-High-Performance-Disposable-Vapes.jpg",1000,1000,false],"thumbnail":["https:\/\/vapestornado.com\/wp-content\/uploads\/2024\/12\/Vapme-Crystal-7000-Puffs-Price-Best-Value-for-High-Performance-Disposable-Vapes-150x150.jpg",150,150,true],"medium":["https:\/\/vapestornado.com\/wp-content\/uploads\/2024\/12\/Vapme-Crystal-7000-Puffs-Price-Best-Value-for-High-Performance-Disposable-Vapes-300x300.jpg",300,300,true],"medium_large":["https:\/\/vapestornado.com\/wp-content\/uploads\/2024\/12\/Vapme-Crystal-7000-Puffs-Price-Best-Value-for-High-Performance-Disposable-Vapes-768x768.jpg",768,768,true],"large":["https:\/\/vapestornado.com\/wp-content\/uploads\/2024\/12\/Vapme-Crystal-7000-Puffs-Price-Best-Value-for-High-Performance-Disposable-Vapes.jpg",1000,1000,false],"1536x1536":["https:\/\/vapestornado.com\/wp-content\/uploads\/2024\/12\/Vapme-Crystal-7000-Puffs-Price-Best-Value-for-High-Performance-Disposable-Vapes.jpg",1000,1000,false],"2048x2048":["https:\/\/vapestornado.com\/wp-content\/uploads\/2024\/12\/Vapme-Crystal-7000-Puffs-Price-Best-Value-for-High-Performance-Disposable-Vapes.jpg",1000,1000,false],"trp-custom-language-flag":["https:\/\/vapestornado.com\/wp-content\/uploads\/2024\/12\/Vapme-Crystal-7000-Puffs-Price-Best-Value-for-High-Performance-Disposable-Vapes.jpg",12,12,false],"woocommerce_thumbnail":["https:\/\/vapestornado.com\/wp-content\/uploads\/2024\/12\/Vapme-Crystal-7000-Puffs-Price-Best-Value-for-High-Performance-Disposable-Vapes-300x300.jpg",300,300,true],"woocommerce_single":["https:\/\/vapestornado.com\/wp-content\/uploads\/2024\/12\/Vapme-Crystal-7000-Puffs-Price-Best-Value-for-High-Performance-Disposable-Vapes-600x600.jpg",600,600,true],"woocommerce_gallery_thumbnail":["https:\/\/vapestornado.com\/wp-content\/uploads\/2024\/12\/Vapme-Crystal-7000-Puffs-Price-Best-Value-for-High-Performance-Disposable-Vapes-100x100.jpg",100,100,true]},"uagb_author_info":{"display_name":"ESvicky","author_link":"https:\/\/vapestornado.com\/hu\/author\/"},"uagb_comment_info":0,"uagb_excerpt":"Vapme Crystal 7000 Puffs offers 7,000+ puffs, 30 flavors, rechargeable battery, and 1.0\u03a9 mesh coil for superior flavor. (our website price not include shipping cost, please contact me to get whole price and your disccount!)","_links":{"self":[{"href":"https:\/\/vapestornado.com\/hu\/wp-json\/wp\/v2\/product\/3567","targetHints":{"allow":["GET"]}}],"collection":[{"href":"https:\/\/vapestornado.com\/hu\/wp-json\/wp\/v2\/product"}],"about":[{"href":"https:\/\/vapestornado.com\/hu\/wp-json\/wp\/v2\/types\/product"}],"replies":[{"embeddable":true,"href":"https:\/\/vapestornado.com\/hu\/wp-json\/wp\/v2\/comments?post=3567"}],"wp:featuredmedia":[{"embeddable":true,"href":"https:\/\/vapestornado.com\/hu\/wp-json\/wp\/v2\/media\/3579"}],"wp:attachment":[{"href":"https:\/\/vapestornado.com\/hu\/wp-json\/wp\/v2\/media?parent=3567"}],"wp:term":[{"taxonomy":"product_brand","embeddable":true,"href":"https:\/\/vapestornado.com\/hu\/wp-json\/wp\/v2\/product_brand?post=3567"},{"taxonomy":"product_cat","embeddable":true,"href":"https:\/\/vapestornado.com\/hu\/wp-json\/wp\/v2\/product_cat?post=3567"},{"taxonomy":"product_tag","embeddable":true,"href":"https:\/\/vapestornado.com\/hu\/wp-json\/wp\/v2\/product_tag?post=3567"}],"curies":[{"name":"wp","href":"https:\/\/api.w.org\/{rel}","templated":true}]}}