{"id":3533,"date":"2024-12-28T09:56:42","date_gmt":"2024-12-28T09:56:42","guid":{"rendered":"https:\/\/vapestornado.com\/?post_type=product&#038;p=3533"},"modified":"2025-08-23T09:46:04","modified_gmt":"2025-08-23T09:46:04","slug":"vapme-spacex-22000-puffs-disposable-vape","status":"publish","type":"product","link":"https:\/\/vapestornado.com\/hu\/product\/vapme-spacex-22000-puffs-disposable-vape\/","title":{"rendered":"Vapme Spacex 22000 Puffs Eldobhat\u00f3 Vape"},"content":{"rendered":"<h1>Vapme Spacex 22000 Puffs Eldobhat\u00f3 Vape<\/h1>\n<p data-start=\"397\" data-end=\"648\">A <strong data-start=\"401\" data-end=\"445\">Vapme Spacex 22000 Puffs Eldobhat\u00f3 Vape<\/strong> kapacit\u00e1st, teljes\u00edtm\u00e9nyt \u00e9s felhaszn\u00e1l\u00f3bar\u00e1t kialak\u00edt\u00e1st k\u00edn\u00e1l egyetlen eszk\u00f6zben. Ak\u00e1r <strong data-start=\"529\" data-end=\"545\">22 000 slukk<\/strong> \u00e9s egy <strong data-start=\"552\" data-end=\"585\">28 ml-es el\u0151ret\u00f6lt\u00f6tt e-liquid tart\u00e1ly<\/strong>hossz\u00fa t\u00e1v\u00fa haszn\u00e1latot biztos\u00edt gyakori csere n\u00e9lk\u00fcl.<\/p>\n<p data-start=\"650\" data-end=\"962\">Meghajtja egy <strong data-start=\"664\" data-end=\"695\">850mAh-s \u00fajrat\u00f6lthet\u0151 akkumul\u00e1torral<\/strong> \u00e1ltal m\u0171k\u00f6dtetve <strong data-start=\"701\" data-end=\"725\">Type-C gyorst\u00f6lt\u00e9ssel<\/strong>a Vapme Spacex 22K egyenletes teljes\u00edtm\u00e9nyt biztos\u00edt a hosszabb haszn\u00e1lat sor\u00e1n. A <strong data-start=\"806\" data-end=\"824\">dupla h\u00e1l\u00f3s tekercs<\/strong> fokozza az \u00edzek lead\u00e1s\u00e1t \u00e9s a g\u0151z s\u0171r\u0171s\u00e9g\u00e9t, m\u00edg a <strong data-start=\"879\" data-end=\"908\">\u00e1ll\u00edthat\u00f3 l\u00e9g\u00e1raml\u00e1si rendszer<\/strong> lehet\u0151v\u00e9 teszi a felhaszn\u00e1l\u00f3k sz\u00e1m\u00e1ra, hogy minden egyes slukkot a saj\u00e1t preferenci\u00e1jukhoz igaz\u00edtsanak.<\/p>\n<p data-start=\"964\" data-end=\"1368\">El\u00e9rhet\u0151 <strong data-start=\"977\" data-end=\"1009\">2% \u00e9s 5% nikotinszint<\/strong>ez az eldobhat\u00f3 vape a m\u00e9rs\u00e9kelt \u00e9s a nagy felhaszn\u00e1l\u00f3kat is kiszolg\u00e1lja. A be\u00e9p\u00edtett <strong data-start=\"1084\" data-end=\"1099\">LED kijelz\u0151je<\/strong> val\u00f3s id\u0151ben mutatja az akkumul\u00e1tor \u00e9lettartam\u00e1t \u00e9s az e-liquid szintj\u00e9t, n\u00f6velve a k\u00e9nyelmet \u00e9s az ir\u00e1ny\u00edt\u00e1st. Kompakt \u00e9s megb\u00edzhat\u00f3, a <strong data-start=\"1211\" data-end=\"1244\">Vapme Spacex 22000 Puffos Vape<\/strong> alkalmas kezd\u0151knek \u00e9s tapasztalt vapereknek egyar\u00e1nt, valamint a nagy kereslet\u0171, nagy kapacit\u00e1s\u00fa eszk\u00f6z\u00f6ket keres\u0151 nagykeresked\u0151knek.<\/p>\n<h1><img fetchpriority=\"high\" decoding=\"async\" class=\"alignnone size-large wp-image-3536\" style=\"font-size: 16px; font-style: inherit; font-weight: inherit;\" src=\"https:\/\/vapestornado.com\/wp-content\/uploads\/2024\/12\/Real-Pictures-of-Vapme-Spacex-22000-Puffs-Disposable-Vape-Authentic-Product-Gallery-1024x576.jpg\" alt=\"Val\u00f3di k\u00e9pek a Vapme Spacex 22000 Puffs eldobhat\u00f3 vape-r\u0151l, hiteles term\u00e9kgal\u00e9ria\" width=\"1024\" height=\"576\" srcset=\"https:\/\/vapestornado.com\/wp-content\/uploads\/2024\/12\/Real-Pictures-of-Vapme-Spacex-22000-Puffs-Disposable-Vape-Authentic-Product-Gallery-1024x576.jpg 1024w, https:\/\/vapestornado.com\/wp-content\/uploads\/2024\/12\/Real-Pictures-of-Vapme-Spacex-22000-Puffs-Disposable-Vape-Authentic-Product-Gallery-300x169.jpg 300w, https:\/\/vapestornado.com\/wp-content\/uploads\/2024\/12\/Real-Pictures-of-Vapme-Spacex-22000-Puffs-Disposable-Vape-Authentic-Product-Gallery-768x432.jpg 768w, https:\/\/vapestornado.com\/wp-content\/uploads\/2024\/12\/Real-Pictures-of-Vapme-Spacex-22000-Puffs-Disposable-Vape-Authentic-Product-Gallery-1536x864.jpg 1536w, https:\/\/vapestornado.com\/wp-content\/uploads\/2024\/12\/Real-Pictures-of-Vapme-Spacex-22000-Puffs-Disposable-Vape-Authentic-Product-Gallery-2048x1152.jpg 2048w, https:\/\/vapestornado.com\/wp-content\/uploads\/2024\/12\/Real-Pictures-of-Vapme-Spacex-22000-Puffs-Disposable-Vape-Authentic-Product-Gallery-600x338.jpg 600w\" sizes=\"(max-width: 1024px) 100vw, 1024px\" \/><\/h1>\n<h3>Term\u00e9kjellemz\u0151k<\/h3>\n<ol>\n<li><strong>22 000 slukk kapacit\u00e1s<\/strong> a hosszan tart\u00f3 g\u0151z\u00f6l\u00e9shez, gyakori csere n\u00e9lk\u00fcl.<\/li>\n<li><strong>Dupla h\u00e1l\u00f3s tekercs<\/strong> biztos\u00edtja a sima g\u0151ztermel\u00e9st \u00e9s a fokozott \u00edz\u00e1tad\u00e1st.<\/li>\n<li><strong>\u00dajrat\u00f6lthet\u0151 850 mAh-s akkumul\u00e1tor<\/strong> Type-C porttal a gyors, hat\u00e9kony t\u00f6lt\u00e9shez.<\/li>\n<li><strong>\u00c1ll\u00edthat\u00f3 l\u00e9g\u00e1raml\u00e1si rendszer<\/strong> lehet\u0151v\u00e9 teszi a testreszabhat\u00f3 bel\u00e9gz\u00e9si preferenci\u00e1kat.<\/li>\n<li><strong>LED kijelz\u0151je<\/strong> nyomon k\u00f6veti a slukkokat \u00e9s az akkumul\u00e1tor \u00e9lettartam\u00e1t a felhaszn\u00e1l\u00f3 k\u00e9nyelme \u00e9rdek\u00e9ben<\/li>\n<\/ol>\n<p><img decoding=\"async\" class=\"alignnone size-large wp-image-3535\" src=\"https:\/\/vapestornado.com\/wp-content\/uploads\/2024\/12\/Bulk-Buy-Vapme-Spacex-22000-Puffs-Save-Big-on-Large-Quantities-1024x576.jpg\" alt=\"T\u00f6meges v\u00e1s\u00e1rl\u00e1s Vapme Spacex 22000 Puffs \u2013 Takar\u00edtson meg sokat nagy mennyis\u00e9gben\" width=\"1024\" height=\"576\" srcset=\"https:\/\/vapestornado.com\/wp-content\/uploads\/2024\/12\/Bulk-Buy-Vapme-Spacex-22000-Puffs-Save-Big-on-Large-Quantities-1024x576.jpg 1024w, https:\/\/vapestornado.com\/wp-content\/uploads\/2024\/12\/Bulk-Buy-Vapme-Spacex-22000-Puffs-Save-Big-on-Large-Quantities-300x169.jpg 300w, https:\/\/vapestornado.com\/wp-content\/uploads\/2024\/12\/Bulk-Buy-Vapme-Spacex-22000-Puffs-Save-Big-on-Large-Quantities-768x432.jpg 768w, https:\/\/vapestornado.com\/wp-content\/uploads\/2024\/12\/Bulk-Buy-Vapme-Spacex-22000-Puffs-Save-Big-on-Large-Quantities-1536x864.jpg 1536w, https:\/\/vapestornado.com\/wp-content\/uploads\/2024\/12\/Bulk-Buy-Vapme-Spacex-22000-Puffs-Save-Big-on-Large-Quantities-2048x1152.jpg 2048w, https:\/\/vapestornado.com\/wp-content\/uploads\/2024\/12\/Bulk-Buy-Vapme-Spacex-22000-Puffs-Save-Big-on-Large-Quantities-600x338.jpg 600w\" sizes=\"(max-width: 1024px) 100vw, 1024px\" \/><\/p>\n<p><img decoding=\"async\" class=\"size-large wp-image-3541\" src=\"https:\/\/vapestornado.com\/wp-content\/uploads\/2024\/12\/Vapme-Spacex-22000-Puffs-Disposable-Vape-Review-Honest-Feedback-and-Real-Insights-1024x576.jpg\" alt=\"Vapme Spacex 22000 Puffs eldobhat\u00f3 vape v\u00e9lem\u00e9ny \u2013 \u0150szinte visszajelz\u00e9sek \u00e9s val\u00f3di tapasztalatok\" width=\"1024\" height=\"576\" srcset=\"https:\/\/vapestornado.com\/wp-content\/uploads\/2024\/12\/Vapme-Spacex-22000-Puffs-Disposable-Vape-Review-Honest-Feedback-and-Real-Insights-1024x576.jpg 1024w, https:\/\/vapestornado.com\/wp-content\/uploads\/2024\/12\/Vapme-Spacex-22000-Puffs-Disposable-Vape-Review-Honest-Feedback-and-Real-Insights-300x169.jpg 300w, https:\/\/vapestornado.com\/wp-content\/uploads\/2024\/12\/Vapme-Spacex-22000-Puffs-Disposable-Vape-Review-Honest-Feedback-and-Real-Insights-768x432.jpg 768w, https:\/\/vapestornado.com\/wp-content\/uploads\/2024\/12\/Vapme-Spacex-22000-Puffs-Disposable-Vape-Review-Honest-Feedback-and-Real-Insights-1536x864.jpg 1536w, https:\/\/vapestornado.com\/wp-content\/uploads\/2024\/12\/Vapme-Spacex-22000-Puffs-Disposable-Vape-Review-Honest-Feedback-and-Real-Insights-2048x1152.jpg 2048w, https:\/\/vapestornado.com\/wp-content\/uploads\/2024\/12\/Vapme-Spacex-22000-Puffs-Disposable-Vape-Review-Honest-Feedback-and-Real-Insights-600x338.jpg 600w\" sizes=\"(max-width: 1024px) 100vw, 1024px\" \/><\/p>\n<p><img loading=\"lazy\" decoding=\"async\" class=\"size-large wp-image-3542\" src=\"https:\/\/vapestornado.com\/wp-content\/uploads\/2024\/12\/Vapme-Spacex-22000-Puffs-Flavor-List-Explore-16-Unique-and-Delicious-Flavors-1024x576.jpg\" alt=\"Vapme Spacex 22000 Puffs \u00edzlista \u2013 Fedezze fel a 16 egyedi \u00e9s finom \u00edzt\" width=\"1024\" height=\"576\" srcset=\"https:\/\/vapestornado.com\/wp-content\/uploads\/2024\/12\/Vapme-Spacex-22000-Puffs-Flavor-List-Explore-16-Unique-and-Delicious-Flavors-1024x576.jpg 1024w, https:\/\/vapestornado.com\/wp-content\/uploads\/2024\/12\/Vapme-Spacex-22000-Puffs-Flavor-List-Explore-16-Unique-and-Delicious-Flavors-300x169.jpg 300w, https:\/\/vapestornado.com\/wp-content\/uploads\/2024\/12\/Vapme-Spacex-22000-Puffs-Flavor-List-Explore-16-Unique-and-Delicious-Flavors-768x432.jpg 768w, https:\/\/vapestornado.com\/wp-content\/uploads\/2024\/12\/Vapme-Spacex-22000-Puffs-Flavor-List-Explore-16-Unique-and-Delicious-Flavors-1536x864.jpg 1536w, https:\/\/vapestornado.com\/wp-content\/uploads\/2024\/12\/Vapme-Spacex-22000-Puffs-Flavor-List-Explore-16-Unique-and-Delicious-Flavors-2048x1152.jpg 2048w, https:\/\/vapestornado.com\/wp-content\/uploads\/2024\/12\/Vapme-Spacex-22000-Puffs-Flavor-List-Explore-16-Unique-and-Delicious-Flavors-600x338.jpg 600w\" sizes=\"(max-width: 1024px) 100vw, 1024px\" \/><\/p>\n<p><img loading=\"lazy\" decoding=\"async\" class=\"size-large wp-image-3543\" src=\"https:\/\/vapestornado.com\/wp-content\/uploads\/2024\/12\/Vapme-Spacex-22000-Puffs-Price-Comparison-Affordable-Premium-Disposable-Vape-1024x576.jpg\" alt=\"Vapme Spacex 22000 Puffs \u00e1r-\u00f6sszehasonl\u00edt\u00e1s \u2013 Megfizethet\u0151 pr\u00e9mium eldobhat\u00f3 vape\" width=\"1024\" height=\"576\" srcset=\"https:\/\/vapestornado.com\/wp-content\/uploads\/2024\/12\/Vapme-Spacex-22000-Puffs-Price-Comparison-Affordable-Premium-Disposable-Vape-1024x576.jpg 1024w, https:\/\/vapestornado.com\/wp-content\/uploads\/2024\/12\/Vapme-Spacex-22000-Puffs-Price-Comparison-Affordable-Premium-Disposable-Vape-300x169.jpg 300w, https:\/\/vapestornado.com\/wp-content\/uploads\/2024\/12\/Vapme-Spacex-22000-Puffs-Price-Comparison-Affordable-Premium-Disposable-Vape-768x432.jpg 768w, https:\/\/vapestornado.com\/wp-content\/uploads\/2024\/12\/Vapme-Spacex-22000-Puffs-Price-Comparison-Affordable-Premium-Disposable-Vape-1536x864.jpg 1536w, https:\/\/vapestornado.com\/wp-content\/uploads\/2024\/12\/Vapme-Spacex-22000-Puffs-Price-Comparison-Affordable-Premium-Disposable-Vape-2048x1152.jpg 2048w, https:\/\/vapestornado.com\/wp-content\/uploads\/2024\/12\/Vapme-Spacex-22000-Puffs-Price-Comparison-Affordable-Premium-Disposable-Vape-600x338.jpg 600w\" sizes=\"(max-width: 1024px) 100vw, 1024px\" \/><\/p>\n<p><img loading=\"lazy\" decoding=\"async\" class=\"size-large wp-image-3544\" src=\"https:\/\/vapestornado.com\/wp-content\/uploads\/2024\/12\/Wholesale-Vapme-Spacex-22000-Puffs-Best-Bulk-Deals-for-Retailers-1024x576.jpg\" alt=\"Nagykereskedelmi Vapme Spacex 22000 Puffs \u2013 A legjobb t\u00f6meges aj\u00e1nlatok kiskeresked\u0151k sz\u00e1m\u00e1ra\" width=\"1024\" height=\"576\" srcset=\"https:\/\/vapestornado.com\/wp-content\/uploads\/2024\/12\/Wholesale-Vapme-Spacex-22000-Puffs-Best-Bulk-Deals-for-Retailers-1024x576.jpg 1024w, https:\/\/vapestornado.com\/wp-content\/uploads\/2024\/12\/Wholesale-Vapme-Spacex-22000-Puffs-Best-Bulk-Deals-for-Retailers-300x169.jpg 300w, https:\/\/vapestornado.com\/wp-content\/uploads\/2024\/12\/Wholesale-Vapme-Spacex-22000-Puffs-Best-Bulk-Deals-for-Retailers-768x432.jpg 768w, https:\/\/vapestornado.com\/wp-content\/uploads\/2024\/12\/Wholesale-Vapme-Spacex-22000-Puffs-Best-Bulk-Deals-for-Retailers-1536x864.jpg 1536w, https:\/\/vapestornado.com\/wp-content\/uploads\/2024\/12\/Wholesale-Vapme-Spacex-22000-Puffs-Best-Bulk-Deals-for-Retailers-2048x1152.jpg 2048w, https:\/\/vapestornado.com\/wp-content\/uploads\/2024\/12\/Wholesale-Vapme-Spacex-22000-Puffs-Best-Bulk-Deals-for-Retailers-600x338.jpg 600w\" sizes=\"(max-width: 1024px) 100vw, 1024px\" \/><\/p>\n<h3>\u00cdzlista<\/h3>\n<ol>\n<li>Eper Mang\u00f3<\/li>\n<li>Vegyes bogy\u00f3s gy\u00fcm\u00f6lcs\u00f6k<\/li>\n<li>G\u00f6r\u00f6gdinnye J\u00e9g<\/li>\n<li>Eperdinnye<\/li>\n<li>Eper Red Bull<\/li>\n<li>Kivi Maracuja Guava<\/li>\n<li>Sz\u0151l\u0151 J\u00e9g<\/li>\n<li>Dupla Alma J\u00e9g<\/li>\n<li>\u00c1fonya M\u00e1lna<\/li>\n<li>G\u00f6r\u00f6gdinnye Mang\u00f3 J\u00e9g<\/li>\n<li>\u00c1fonya j\u00e9g<\/li>\n<li>\u0150szibarack Bogy\u00f3<\/li>\n<li>Eper Kiwi<\/li>\n<li>Cseresznye j\u00e9g<\/li>\n<li>Eper Szuperrobbant\u00e1s Cseresznye<\/li>\n<li>G\u00f6r\u00f6gdinnye r\u00e1g\u00f3gumi<\/li>\n<\/ol>\n<h3>Vapme Spacex 22000 Puffs Top 10 \u00edz<\/h3>\n<ol>\n<li style=\"list-style-type: none;\">\n<ol>\n<li><strong>Eper Mang\u00f3<\/strong>: A tr\u00f3pusi mang\u00f3 \u00e9s a friss eper kever\u00e9ke.<\/li>\n<li><strong>Vegyes bogy\u00f3s gy\u00fcm\u00f6lcs\u00f6k<\/strong>: \u00c1fonya, szeder \u00e9s m\u00e1lna l\u00e9d\u00fas egyvelege.<\/li>\n<li><strong>G\u00f6r\u00f6gdinnye J\u00e9g<\/strong>: \u00c9des g\u00f6r\u00f6gdinnye friss\u00edt\u0151, jeges r\u00fag\u00e1ssal.<\/li>\n<li><strong>Eperdinnye<\/strong>: L\u00e9d\u00fas eper \u00e9s h\u0171s g\u00f6r\u00f6gdinnye f\u00fazi\u00f3ja.<\/li>\n<li><strong>Eper Red Bull<\/strong>: Mer\u00e9sz eper \u00edz egy energiaital csavarral.<\/li>\n<li><strong>Kivi Maracuja Guava<\/strong>: Egzotikus kiwi, maracuja \u00e9s guava egy tr\u00f3pusi kiruccan\u00e1shoz.<\/li>\n<li><strong>Sz\u0151l\u0151 J\u00e9g<\/strong>: Ropog\u00f3s \u00e9s l\u00e9d\u00fas sz\u0151l\u0151, h\u0171s mentolos ut\u00f3\u00edzzel.<\/li>\n<li><strong>Dupla Alma J\u00e9g<\/strong>: \u00c9des piros \u00e9s z\u00f6ld alma fagyos \u00e9rz\u00e9ssel p\u00e1ros\u00edtva.<\/li>\n<li><strong>\u00c1fonya M\u00e1lna<\/strong>: Savanyk\u00e1s m\u00e1lna \u00e9s \u00e9des \u00e1fonya t\u00f6k\u00e9letes kombin\u00e1ci\u00f3ja.<\/li>\n<li><strong>G\u00f6r\u00f6gdinnye Mang\u00f3 J\u00e9g<\/strong>: L\u00e9d\u00fas mang\u00f3 \u00e9s g\u00f6r\u00f6gdinnye fagyos \u00e9rint\u00e9ssel.<\/li>\n<\/ol>\n<\/li>\n<\/ol>\n<h3><strong>Mi\u00e9rt \u00e9rdemes a Vapme Spacex 22000 Puffs-ot v\u00e1lasztani?<\/strong><\/h3>\n<p>A Vapme Spacex 22000 Puffs eldobhat\u00f3 vape kiemelkedik a k\u00e9nyelem, a megb\u00edzhat\u00f3s\u00e1g \u00e9s a kiv\u00e9teles \u00edzvil\u00e1g ter\u00e9n. Hatalmas, 22 000 slukkot biztos\u00edt\u00f3 kapacit\u00e1sa hossz\u00fa haszn\u00e1latot garant\u00e1l, \u00edgy p\u00e9nzt takar\u00edthat meg a gyakori cser\u00e9ken. A Dual Mesh Coil technol\u00f3gia fokozza a g\u0151ztermel\u00e9st \u00e9s az \u00edzt is, \u00edgy minden egyes slukk \u00e9lvezetes. Az \u00e1ll\u00edthat\u00f3 l\u00e9g\u00e1raml\u00e1si rendszerrel a saj\u00e1t preferenci\u00e1ihoz igaz\u00edthatja a vaping \u00e9lm\u00e9nyt. A k\u00e9sz\u00fcl\u00e9k Type-C porton kereszt\u00fcl t\u00f6lthet\u0151, ami gyors \u00e9s hat\u00e9kony t\u00f6lt\u00e9st biztos\u00edt, m\u00edg a LED kijelz\u0151 t\u00e1j\u00e9koztat az akkumul\u00e1tor \u00e1llapot\u00e1r\u00f3l \u00e9s a slukkok sz\u00e1m\u00e1r\u00f3l. A sz\u00e9les \u00edzv\u00e1laszt\u00e9k a legk\u00fcl\u00f6nf\u00e9l\u00e9bb \u00edzl\u00e9seknek is megfelel, \u00edgy sokoldal\u00fa opci\u00f3 minden vapel\u0151 sz\u00e1m\u00e1ra.<\/p>\n<h3><strong>GYIK<\/strong><\/h3>\n<ol>\n<li><strong>Mennyi ideig tart ki a Vapme Spacex 22000 Puffs?<\/strong><br \/>\nAk\u00e1r 22 000 slukkot is biztos\u00edt, \u00edgy ide\u00e1lis a hosszan tart\u00f3 haszn\u00e1latra.<\/li>\n<li><strong>\u00dajrat\u00f6lthet\u0151 a Vapme Spacex?<\/strong><br \/>\nIgen, 850 mAh-s \u00fajrat\u00f6lthet\u0151 akkumul\u00e1torral rendelkezik, Type-C t\u00f6lt\u00e9ssel.<\/li>\n<li><strong>Milyen nikotiner\u0151ss\u00e9gek \u00e9rhet\u0151k el?<\/strong><br \/>\nV\u00e1lasszon a 2%, vagy 5% nikotintartalom k\u00f6z\u00fcl, a preferenci\u00e1ja szerint.<\/li>\n<li><strong>\u00c1ll\u00edthat\u00f3 a l\u00e9g\u00e1raml\u00e1sa?<\/strong><br \/>\nIgen, az \u00e1ll\u00edthat\u00f3 l\u00e9g\u00e1raml\u00e1si rendszer lehet\u0151v\u00e9 teszi, hogy szem\u00e9lyre szabja a bel\u00e9gz\u00e9si \u00e9lm\u00e9ny\u00e9t.<\/li>\n<li><strong>Hogyan tudom meg az akkumul\u00e1tor \u00e1llapot\u00e1t?<\/strong><br \/>\nA be\u00e9p\u00edtett LED kijelz\u0151 val\u00f3s id\u0151ben mutatja az akkumul\u00e1tor \u00e9lettartam\u00e1t \u00e9s a slukkok sz\u00e1m\u00e1t.<\/li>\n<\/ol>\n<h4>Vapme vape nagykereskedelem Kapcsolatfelv\u00e9tel \u00e9s kedvezm\u00e9ny szerz\u00e9se most!<\/h4>\n<p><img loading=\"lazy\" decoding=\"async\" class=\"size-large wp-image-2921\" src=\"https:\/\/vapestornado.com\/wp-content\/uploads\/2024\/11\/20062b3a285f900e79520aad496b94d-887x1024.jpg\" alt=\"vapestornado Vicky\" width=\"887\" height=\"1024\" srcset=\"https:\/\/vapestornado.com\/wp-content\/uploads\/2024\/11\/20062b3a285f900e79520aad496b94d-887x1024.jpg 887w, https:\/\/vapestornado.com\/wp-content\/uploads\/2024\/11\/20062b3a285f900e79520aad496b94d-260x300.jpg 260w, https:\/\/vapestornado.com\/wp-content\/uploads\/2024\/11\/20062b3a285f900e79520aad496b94d-768x887.jpg 768w, https:\/\/vapestornado.com\/wp-content\/uploads\/2024\/11\/20062b3a285f900e79520aad496b94d-600x693.jpg 600w, https:\/\/vapestornado.com\/wp-content\/uploads\/2024\/11\/20062b3a285f900e79520aad496b94d.jpg 1080w\" sizes=\"(max-width: 887px) 100vw, 887px\" \/><\/p>","protected":false},"excerpt":{"rendered":"<p>A Vapme Spacex 22000 Puffs eldobhat\u00f3 vape p\u00e1ratlan teljes\u00edtm\u00e9nyt ny\u00fajt 22 000 slukkal, kett\u0151s h\u00e1l\u00f3s tekerccsel, \u00e1ll\u00edthat\u00f3 l\u00e9g\u00e1raml\u00e1ssal \u00e9s \u00fajrat\u00f6lthet\u0151 Type-C akkumul\u00e1torral.<\/p>\n<p><strong><span style=\"color: #ff0000;\">(a weboldalunkon felt\u00fcntetett \u00e1r nem tartalmazza a sz\u00e1ll\u00edt\u00e1si k\u00f6lts\u00e9get, k\u00e9rj\u00fck, vegye fel velem a kapcsolatot a teljes \u00e1r \u00e9s a kedvezm\u00e9nye miatt!)<\/span><\/strong><\/p>\n<p><img loading=\"lazy\" decoding=\"async\" class=\"size-medium wp-image-2921\" src=\"https:\/\/vapestornado.com\/wp-content\/uploads\/2024\/11\/20062b3a285f900e79520aad496b94d-260x300.jpg\" alt=\"vapestornado Vicky\" width=\"260\" height=\"300\" srcset=\"https:\/\/vapestornado.com\/wp-content\/uploads\/2024\/11\/20062b3a285f900e79520aad496b94d-260x300.jpg 260w, https:\/\/vapestornado.com\/wp-content\/uploads\/2024\/11\/20062b3a285f900e79520aad496b94d-887x1024.jpg 887w, https:\/\/vapestornado.com\/wp-content\/uploads\/2024\/11\/20062b3a285f900e79520aad496b94d-768x887.jpg 768w, https:\/\/vapestornado.com\/wp-content\/uploads\/2024\/11\/20062b3a285f900e79520aad496b94d-600x693.jpg 600w, https:\/\/vapestornado.com\/wp-content\/uploads\/2024\/11\/20062b3a285f900e79520aad496b94d.jpg 1080w\" sizes=\"(max-width: 260px) 100vw, 260px\" \/><\/p>","protected":false},"featured_media":3534,"comment_status":"open","ping_status":"closed","template":"","meta":{"_acf_changed":false,"_uag_custom_page_level_css":"","_lmt_disableupdate":"no","_lmt_disable":"","_monsterinsights_skip_tracking":false,"_monsterinsights_sitenote_active":false,"_monsterinsights_sitenote_note":"","_monsterinsights_sitenote_category":0,"site-sidebar-layout":"default","site-content-layout":"","ast-site-content-layout":"default","site-content-style":"default","site-sidebar-style":"default","ast-global-header-display":"","ast-banner-title-visibility":"","ast-main-header-display":"","ast-hfb-above-header-display":"","ast-hfb-below-header-display":"","ast-hfb-mobile-header-display":"","site-post-title":"","ast-breadcrumbs-content":"","ast-featured-img":"","footer-sml-layout":"","ast-disable-related-posts":"","theme-transparent-header-meta":"default","adv-header-id-meta":"","stick-header-meta":"","header-above-stick-meta":"","header-main-stick-meta":"","header-below-stick-meta":"","astra-migrate-meta-layouts":"set","ast-page-background-enabled":"default","ast-page-background-meta":{"desktop":{"background-color":"","background-image":"","background-repeat":"repeat","background-position":"center center","background-size":"auto","background-attachment":"scroll","background-type":"","background-media":"","overlay-type":"","overlay-color":"","overlay-opacity":"","overlay-gradient":""},"tablet":{"background-color":"","background-image":"","background-repeat":"repeat","background-position":"center center","background-size":"auto","background-attachment":"scroll","background-type":"","background-media":"","overlay-type":"","overlay-color":"","overlay-opacity":"","overlay-gradient":""},"mobile":{"background-color":"","background-image":"","background-repeat":"repeat","background-position":"center center","background-size":"auto","background-attachment":"scroll","background-type":"","background-media":"","overlay-type":"","overlay-color":"","overlay-opacity":"","overlay-gradient":""}},"ast-content-background-meta":{"desktop":{"background-color":"var(--ast-global-color-5)","background-image":"","background-repeat":"repeat","background-position":"center center","background-size":"auto","background-attachment":"scroll","background-type":"","background-media":"","overlay-type":"","overlay-color":"","overlay-opacity":"","overlay-gradient":""},"tablet":{"background-color":"var(--ast-global-color-5)","background-image":"","background-repeat":"repeat","background-position":"center center","background-size":"auto","background-attachment":"scroll","background-type":"","background-media":"","overlay-type":"","overlay-color":"","overlay-opacity":"","overlay-gradient":""},"mobile":{"background-color":"var(--ast-global-color-5)","background-image":"","background-repeat":"repeat","background-position":"center center","background-size":"auto","background-attachment":"scroll","background-type":"","background-media":"","overlay-type":"","overlay-color":"","overlay-opacity":"","overlay-gradient":""}},"_joinchat":{"telephone":"+8618077105750"}},"product_brand":[],"product_cat":[149,152,153,157,142,146],"product_tag":[],"class_list":{"0":"post-3533","1":"product","2":"type-product","3":"status-publish","4":"has-post-thumbnail","6":"product_cat-buy-disposable-vapes-in-austria","7":"product_cat-buy-disposable-vapes-in-cermany","8":"product_cat-buy-disposable-vapes-in-italy","9":"product_cat-buy-disposable-vapes-in-portugal","10":"product_cat-digital-box-disposable-vapes","11":"product_cat-rechargeable-disposable-vapes","12":"desktop-align-left","13":"tablet-align-left","14":"mobile-align-left","16":"first","17":"instock","18":"sale","19":"shipping-taxable","20":"purchasable","21":"product-type-simple"},"acf":[],"uagb_featured_image_src":{"full":["https:\/\/vapestornado.com\/wp-content\/uploads\/2024\/12\/Affordable-VAPME-Disposable-Vape-SPACEX-22k.jpg",900,1125,false],"thumbnail":["https:\/\/vapestornado.com\/wp-content\/uploads\/2024\/12\/Affordable-VAPME-Disposable-Vape-SPACEX-22k-150x150.jpg",150,150,true],"medium":["https:\/\/vapestornado.com\/wp-content\/uploads\/2024\/12\/Affordable-VAPME-Disposable-Vape-SPACEX-22k-240x300.jpg",240,300,true],"medium_large":["https:\/\/vapestornado.com\/wp-content\/uploads\/2024\/12\/Affordable-VAPME-Disposable-Vape-SPACEX-22k-768x960.jpg",768,960,true],"large":["https:\/\/vapestornado.com\/wp-content\/uploads\/2024\/12\/Affordable-VAPME-Disposable-Vape-SPACEX-22k-819x1024.jpg",819,1024,true],"1536x1536":["https:\/\/vapestornado.com\/wp-content\/uploads\/2024\/12\/Affordable-VAPME-Disposable-Vape-SPACEX-22k.jpg",900,1125,false],"2048x2048":["https:\/\/vapestornado.com\/wp-content\/uploads\/2024\/12\/Affordable-VAPME-Disposable-Vape-SPACEX-22k.jpg",900,1125,false],"trp-custom-language-flag":["https:\/\/vapestornado.com\/wp-content\/uploads\/2024\/12\/Affordable-VAPME-Disposable-Vape-SPACEX-22k.jpg",10,12,false],"woocommerce_thumbnail":["https:\/\/vapestornado.com\/wp-content\/uploads\/2024\/12\/Affordable-VAPME-Disposable-Vape-SPACEX-22k-300x300.jpg",300,300,true],"woocommerce_single":["https:\/\/vapestornado.com\/wp-content\/uploads\/2024\/12\/Affordable-VAPME-Disposable-Vape-SPACEX-22k-600x750.jpg",600,750,true],"woocommerce_gallery_thumbnail":["https:\/\/vapestornado.com\/wp-content\/uploads\/2024\/12\/Affordable-VAPME-Disposable-Vape-SPACEX-22k-100x100.jpg",100,100,true]},"uagb_author_info":{"display_name":"ESvicky","author_link":"https:\/\/vapestornado.com\/hu\/author\/"},"uagb_comment_info":0,"uagb_excerpt":"Vapme Spacex 22000 Puffs Disposable Vape offers unmatched performance with 22,000 puffs, Dual Mesh Coil, adjustable airflow, and rechargeable Type-C battery. (our website price not include shipping cost, please contact me to get whole price and your disccount!)","_links":{"self":[{"href":"https:\/\/vapestornado.com\/hu\/wp-json\/wp\/v2\/product\/3533","targetHints":{"allow":["GET"]}}],"collection":[{"href":"https:\/\/vapestornado.com\/hu\/wp-json\/wp\/v2\/product"}],"about":[{"href":"https:\/\/vapestornado.com\/hu\/wp-json\/wp\/v2\/types\/product"}],"replies":[{"embeddable":true,"href":"https:\/\/vapestornado.com\/hu\/wp-json\/wp\/v2\/comments?post=3533"}],"wp:featuredmedia":[{"embeddable":true,"href":"https:\/\/vapestornado.com\/hu\/wp-json\/wp\/v2\/media\/3534"}],"wp:attachment":[{"href":"https:\/\/vapestornado.com\/hu\/wp-json\/wp\/v2\/media?parent=3533"}],"wp:term":[{"taxonomy":"product_brand","embeddable":true,"href":"https:\/\/vapestornado.com\/hu\/wp-json\/wp\/v2\/product_brand?post=3533"},{"taxonomy":"product_cat","embeddable":true,"href":"https:\/\/vapestornado.com\/hu\/wp-json\/wp\/v2\/product_cat?post=3533"},{"taxonomy":"product_tag","embeddable":true,"href":"https:\/\/vapestornado.com\/hu\/wp-json\/wp\/v2\/product_tag?post=3533"}],"curies":[{"name":"wp","href":"https:\/\/api.w.org\/{rel}","templated":true}]}}