{"id":3516,"date":"2024-12-28T08:28:08","date_gmt":"2024-12-28T08:28:08","guid":{"rendered":"https:\/\/vapestornado.com\/?post_type=product&#038;p=3516"},"modified":"2025-08-23T12:18:00","modified_gmt":"2025-08-23T12:18:00","slug":"tornado-vape-fihp-15000-puffs-2-low-nicotine-disposable-vape-wholesale","status":"publish","type":"product","link":"https:\/\/vapestornado.com\/hu\/product\/tornado-vape-fihp-15000-puffs-2-low-nicotine-disposable-vape-wholesale\/","title":{"rendered":"Tornado Vape FIHP 15000 Puffs 21% alacsony nikotintartalm\u00fa eldobhat\u00f3 Vape nagykereskedelem"},"content":{"rendered":"<h1 class=\"product-title\">Tornado Vape FIHP 15000 Puffs 21% alacsony nikotintartalm\u00fa eldobhat\u00f3 Vape nagykereskedelem<\/h1>\n<p>A <strong data-start=\"325\" data-end=\"352\">Tornado Vape FIHP 15000<\/strong> olyan vaperek sz\u00e1m\u00e1ra k\u00e9sz\u00fclt, akik <strong data-start=\"385\" data-end=\"450\">hosszan tart\u00f3 teljes\u00edtm\u00e9nyt, sima \u00edzt \u00e9s megb\u00edzhat\u00f3 min\u0151s\u00e9get szeretn\u00e9nek<\/strong> nagykereskedelmi szempontb\u00f3l kedvez\u0151 \u00e1ron. Ak\u00e1r <strong data-start=\"493\" data-end=\"509\">15 000 slukk<\/strong>ez az eldobhat\u00f3 vape kik\u00fcsz\u00f6b\u00f6li a folyamatos cser\u00e9ket, \u00edgy k\u00f6lts\u00e9ghat\u00e9kony mind a felhaszn\u00e1l\u00f3k, mind a kiskeresked\u0151k sz\u00e1m\u00e1ra.<\/p>\n<p>El\u0151re felt\u00f6ltve <strong data-start=\"646\" data-end=\"666\">22 ml e-liquid-et tartalmaz<\/strong> \u00e9s el\u00e9rhet\u0151 <strong data-start=\"684\" data-end=\"716\">2% \u00e9s 5% nikotinszint<\/strong>k\u00fcl\u00f6nb\u00f6z\u0151 vaping ig\u00e9nyekhez igazodik \u2013 a k\u00f6nnyebb \u00fcl\u00e9sekt\u0151l az er\u0151sebb el\u00e9gedetts\u00e9gig. Egy <strong data-start=\"811\" data-end=\"842\">650mAh-s \u00fajrat\u00f6lthet\u0151 akkumul\u00e1tor<\/strong> \u00e1ltal m\u0171k\u00f6dtetve <strong data-start=\"848\" data-end=\"872\">Type-C gyorst\u00f6lt\u00e9ssel<\/strong>\u00e1ltal m\u0171k\u00f6dtetett FIHP 15K megszak\u00edt\u00e1s n\u00e9lk\u00fcl tartja \u00d6nt a vapingben.<\/p>\n<p>Mit\u0151l egyedi a Bang Vape 35000? <strong data-start=\"940\" data-end=\"958\">1.0\u03a9 mesh tekercs<\/strong> biztos\u00edtja a mer\u00e9sz, \u00edzletes g\u0151zt, m\u00edg a <strong data-start=\"1000\" data-end=\"1029\">\u00e1ll\u00edthat\u00f3 l\u00e9g\u00e1raml\u00e1si rendszer<\/strong> lehet\u0151v\u00e9 teszi a felhaszn\u00e1l\u00f3k sz\u00e1m\u00e1ra, hogy finomhangolj\u00e1k a h\u00faz\u00e1sukat MTL vagy DTL st\u00edlusokhoz. Val vel <strong data-start=\"1090\" data-end=\"1122\">10 gondosan kidolgozott \u00edz<\/strong>ez az eszk\u00f6z rengeteg v\u00e1ltozatoss\u00e1got k\u00edn\u00e1l minden \u00edzl\u00e9shez.<\/p>\n<p>Kompakt, st\u00edlusos \u00e9s a k\u00e9nyelem szem el\u0151tt tart\u00e1s\u00e1val k\u00e9sz\u00fclt <strong data-start=\"1248\" data-end=\"1270\">FIHP Tornado 15000<\/strong> ide\u00e1lis <strong data-start=\"1284\" data-end=\"1309\">nagykereskedelmi t\u00f6meges rendel\u00e9sekhez<\/strong> szerte Magyarorsz\u00e1gon, megb\u00edzhat\u00f3, nagy kereslet\u0171 eldobhat\u00f3 vape-et k\u00edn\u00e1lva a kiskeresked\u0151knek \u00fcgyfeleik sz\u00e1m\u00e1ra.<\/p>\n<p>&nbsp;<\/p>\n<p><span style=\"color: #ff0000;\"><strong>Add meg Amy Whatsappj\u00e1t a gyors v\u00e1lasz\u00e9rt \u00e9s vape kupon\u00e9rt!<\/strong><\/span><\/p>\n<p><img fetchpriority=\"high\" decoding=\"async\" class=\"size-full wp-image-2932\" src=\"https:\/\/vapestornado.com\/wp-content\/uploads\/2024\/12\/Vape-Wholesale.jpg\" alt=\"Vape nagykereskedelem\" width=\"229\" height=\"300\" \/><\/p>\n<h3><a href=\"https:\/\/wa.me\/8617776015835\" target=\"_blank\" rel=\"noopener\"><span style=\"color: #ff0000;\"><strong>WhatsApp: +86 17776015835<\/strong><\/span><\/a><\/h3>\n<p>&nbsp;<\/p>\n<h2 class=\"product-title\"><strong>Tornado Vape FIHP 15000 Term\u00e9kjellemz\u0151k<\/strong><\/h2>\n<div role=\"article\" data-tabster=\"{&quot;groupper&quot;:{&quot;tabbability&quot;:2},&quot;focusable&quot;:{}}\" data-content=\"ai-message\" aria-labelledby=\"juhNTJ6o7Gk1cgwZMJgv2-author juhNTJ6o7Gk1cgwZMJgv2-content\">\n<div id=\"juhNTJ6o7Gk1cgwZMJgv2-content\">\n<div role=\"article\" data-tabster=\"{&quot;groupper&quot;:{&quot;tabbability&quot;:2},&quot;focusable&quot;:{}}\" data-content=\"ai-message\" aria-labelledby=\"x4EZuCZWrTbh3weWUt7CU-author x4EZuCZWrTbh3weWUt7CU-content\">\n<div id=\"x4EZuCZWrTbh3weWUt7CU-content\">\n<div class=\"flex max-w-full flex-col flex-grow\">\n<div class=\"min-h-8 text-message flex w-full flex-col items-end gap-2 whitespace-normal break-words text-start [.text-message+&amp;]:mt-5\" dir=\"auto\" data-message-author-role=\"assistant\" data-message-id=\"52c6e00a-252f-4104-805d-2f1a84739c71\" data-message-model-slug=\"gpt-4o\">\n<div class=\"flex w-full flex-col gap-1 empty:hidden first:pt-[3px]\">\n<div class=\"markdown prose w-full break-words dark:prose-invert light\">\n<h4><\/h4>\n<ul>\n<li><strong>Hatalmas slukksz\u00e1m:<\/strong> Egyetlen eszk\u00f6z napokig tart\u00f3 folyamatos g\u0151z\u00f6l\u00e9st biztos\u00edt.<\/li>\n<li><strong>Testreszabhat\u00f3 nikotinszintek:<\/strong> Szabja szem\u00e9lyre \u00e9lm\u00e9ny\u00e9t az \u00d6n preferenci\u00e1inak megfelel\u0151 opci\u00f3kkal.<\/li>\n<li><strong>\u00dajrat\u00f6lthet\u0151 kivitel:<\/strong> K\u00e9nyelmes \u00e9s k\u00f6rnyezetbar\u00e1t Type-C t\u00f6lt\u00e9ssel.<\/li>\n<li><strong>Sokoldal\u00fa \u00edzek:<\/strong> A v\u00e1laszt\u00e9k garant\u00e1lja, hogy soha nem unja meg az \u00edzeket.<\/li>\n<li><strong>Felhaszn\u00e1l\u00f3bar\u00e1t:<\/strong> Karcs\u00fa, k\u00f6nny\u0171 \u00e9s t\u00f6k\u00e9letes \u00fatk\u00f6zbeni haszn\u00e1latra.<\/li>\n<\/ul>\n<\/div>\n<\/div>\n<\/div>\n<\/div>\n<div class=\"mb-2 flex gap-3 empty:hidden -ml-2\">\n<p>&nbsp;<\/p>\n<\/div>\n<\/div>\n<\/div>\n<\/div>\n<\/div>\n<h2 class=\"product-title\"><strong>N\u00e9pszer\u0171 \u00edzek az FIHP 15000-hez\u00a0<\/strong><strong>Tornado\u00a0<\/strong><strong>Eldobhat\u00f3 Vape-ekhez<\/strong><\/h2>\n<p>01. Mr. Blue \u00a0 <span style=\"color: #ff0000;\"><strong>&gt;&gt;&gt;&gt; Felkapott!<\/strong><\/span><br \/>\n02. \u00c1fonya j\u00e9g<br \/>\n03. G\u00f6r\u00f6gdinnye j\u00e9g<br \/>\n04. Energiaital<br \/>\n05. Sz\u0151l\u0151 j\u00e9g<br \/>\n06. Barack j\u00e9g<br \/>\n07. Kivi Maracuja Guava \u00a0 <span style=\"color: #ff0000;\"><strong>&gt;&gt;&gt;&gt; Felkapott!<\/strong><\/span><br \/>\n08. Eper Kivi<br \/>\n09. Barackos Mang\u00f3 Anan\u00e1sz<br \/>\n10. Eper M\u00e1lna Cseresznye <span style=\"color: #ff0000;\"><strong>&gt;&gt;&gt;&gt; Legjobb!<\/strong><\/span><\/p>\n<figure id=\"attachment_3562\" aria-describedby=\"caption-attachment-3562\" style=\"width: 1000px\" class=\"wp-caption alignnone\"><img decoding=\"async\" class=\"wp-image-3562 size-full\" src=\"https:\/\/vapestornado.com\/wp-content\/uploads\/2024\/12\/Tornado-15k-Vape-FIHP-Bulk-Buy.webp\" alt=\"Tornado 15k Vape FIHP Nagykereskedelmi v\u00e1s\u00e1rl\u00e1s\" width=\"1000\" height=\"1000\" srcset=\"https:\/\/vapestornado.com\/wp-content\/uploads\/2024\/12\/Tornado-15k-Vape-FIHP-Bulk-Buy.webp 1000w, https:\/\/vapestornado.com\/wp-content\/uploads\/2024\/12\/Tornado-15k-Vape-FIHP-Bulk-Buy-300x300.webp 300w, https:\/\/vapestornado.com\/wp-content\/uploads\/2024\/12\/Tornado-15k-Vape-FIHP-Bulk-Buy-150x150.webp 150w, https:\/\/vapestornado.com\/wp-content\/uploads\/2024\/12\/Tornado-15k-Vape-FIHP-Bulk-Buy-768x768.webp 768w, https:\/\/vapestornado.com\/wp-content\/uploads\/2024\/12\/Tornado-15k-Vape-FIHP-Bulk-Buy-600x600.webp 600w, https:\/\/vapestornado.com\/wp-content\/uploads\/2024\/12\/Tornado-15k-Vape-FIHP-Bulk-Buy-100x100.webp 100w\" sizes=\"(max-width: 1000px) 100vw, 1000px\" \/><figcaption id=\"caption-attachment-3562\" class=\"wp-caption-text\">Tornado 15k Vape FIHP Nagykereskedelmi v\u00e1s\u00e1rl\u00e1s<\/figcaption><\/figure>\n<div class=\"flex-shrink-0 flex flex-col relative items-end\">\n<div class=\"pt-0\">\n<div class=\"gizmo-bot-avatar flex h-8 w-8 items-center justify-center overflow-hidden rounded-full\">\n<div class=\"relative p-1 rounded-sm flex items-center justify-center bg-token-main-surface-primary text-token-text-primary h-8 w-8\">\n<h3>Gyakori k\u00e9rd\u00e9sek az FIHP 15000-hez <strong>Tornado <\/strong>Eldobhat\u00f3 Vape<\/h3>\n<div class=\"flex max-w-full flex-col flex-grow\">\n<div class=\"min-h-8 text-message flex w-full flex-col items-end gap-2 whitespace-normal break-words text-start [.text-message+&amp;]:mt-5\" dir=\"auto\" data-message-author-role=\"assistant\" data-message-id=\"4dc48248-df95-45bd-b800-6dedb43cf7f1\" data-message-model-slug=\"gpt-4o\">\n<div class=\"flex w-full flex-col gap-1 empty:hidden first:pt-[3px]\">\n<div class=\"markdown prose w-full break-words dark:prose-invert light\">\n<h3><\/h3>\n<p>1. <strong>H\u00e1ny slukkot v\u00e1rhatok az FIHP 15000-t\u0151l?<\/strong><\/p>\n<p>Az FIHP 15000 Puffs-t \u00fagy tervezt\u00e9k, hogy ak\u00e1r <strong>15 000 slukk<\/strong>, biztos\u00edtva a hosszan tart\u00f3 g\u0151z\u00f6l\u00e9si \u00e9lm\u00e9nyt a gyakori ut\u00e1nt\u00f6lt\u00e9sek vagy cser\u00e9k sz\u00fcks\u00e9gess\u00e9ge n\u00e9lk\u00fcl.<\/p>\n<p>2. <strong>Milyen nikotiner\u0151ss\u00e9gekben kaphat\u00f3 az FIHP 15000?<\/strong><\/p>\n<p>A FIHP 15000 a k\u00f6vetkez\u0151vel kaphat\u00f3: <strong>22 ml-es el\u0151ret\u00f6lt\u00f6tt e-liquid patron<\/strong> k\u00e9t nikotiner\u0151ss\u00e9gben kaphat\u00f3: <strong>2%-os \u00e9s 5%-os<\/strong>. Ez lehet\u0151v\u00e9 teszi, hogy az \u00d6n preferenci\u00e1j\u00e1nak megfelel\u0151 intenzit\u00e1st v\u00e1lassza.<\/p>\n<p>3. <strong>\u00dajrat\u00f6lthet\u0151-e a FIHP 15000, \u00e9s milyen t\u00f6lt\u00e9si m\u00f3dszert haszn\u00e1l?<\/strong><\/p>\n<p>Igen, a FIHP 15000 a k\u00f6vetkez\u0151vel rendelkezik: <strong>650mAh-s \u00fajrat\u00f6lthet\u0151 akkumul\u00e1tor<\/strong> \u00e9s t\u00e1mogatja a <strong>Type-C gyorst\u00f6lt\u00e9ssel<\/strong>ez\u00e1ltal k\u00e9nyelmesen \u00fajrat\u00f6lthet\u0151, amikor sz\u00fcks\u00e9g van r\u00e1.<\/p>\n<p>4. <strong>Milyen \u00edzekben kaphat\u00f3 a FIHP 15000?<\/strong><\/p>\n<p>A FIHP 15000 a k\u00f6vetkez\u0151ket k\u00edn\u00e1lja: <strong>10 \u00edzletes \u00edz<\/strong>\u00edzeket, bele\u00e9rtve a F\u00f6ldieper jeget, a Dinnye Kiv\u00e9t, a Mang\u00f3 Maracuj\u00e1t \u00e9s a K\u00f3la jeget. Ennyi v\u00e1laszt\u00e9kkal minden \u00edzl\u00e9snek megfelel\u0151 \u00edz megtal\u00e1lhat\u00f3!<\/p>\n<p>5. <strong>Hol v\u00e1s\u00e1rolhatom meg a FIHP 15000 Puffs-ot nagykereskedelmi \u00e1ron?<\/strong><\/p>\n<p>A FIHP 15000 Puffs-ot a k\u00f6vetkez\u0151 helyen v\u00e1s\u00e1rolhatja meg: <strong>nagykereskedelmi \u00e1rak\u00e9rt<\/strong> sz\u00e1rmaz\u00f3 <strong>vapestornado online vape boltb\u00f3l<\/strong>, a pr\u00e9mium g\u0151z\u00f6l\u0151 term\u00e9kek megb\u00edzhat\u00f3 forr\u00e1sa.<\/p>\n<\/div>\n<\/div>\n<\/div>\n<\/div>\n<div class=\"mb-2 flex gap-3 empty:hidden -ml-2\">\n<div class=\"items-center justify-start rounded-xl p-1 flex\"><\/div>\n<\/div>\n<\/div>\n<\/div>\n<\/div>\n<\/div>\n<div class=\"flex-shrink-0 flex flex-col relative items-end\">\n<div class=\"pt-0\">\n<div class=\"gizmo-bot-avatar flex h-8 w-8 items-center justify-center overflow-hidden rounded-full\">\n<div class=\"relative p-1 rounded-sm flex items-center justify-center bg-token-main-surface-primary text-token-text-primary h-8 w-8\">\n<div class=\"mb-2 flex gap-3 empty:hidden -ml-2\">\n<div role=\"article\" data-tabster=\"{&quot;groupper&quot;:{&quot;tabbability&quot;:2},&quot;focusable&quot;:{}}\" data-content=\"ai-message\" aria-labelledby=\"Vdt5ez4X7Tg813x6rFVha-author Vdt5ez4X7Tg813x6rFVha-content\">\n<div id=\"Vdt5ez4X7Tg813x6rFVha-content\">\n<div role=\"article\" data-tabster=\"{&quot;groupper&quot;:{&quot;tabbability&quot;:2},&quot;focusable&quot;:{}}\" data-content=\"ai-message\" aria-labelledby=\"o968oC7CEo2fGHsGdsRYC-author o968oC7CEo2fGHsGdsRYC-content\">\n<div id=\"o968oC7CEo2fGHsGdsRYC-content\">\n<p>&nbsp;<\/p>\n<h3>Mi\u00e9rt v\u00e1lassza a vapestornado-t a FIHP 15000 Puffs Vape nagykereskedelmi \u00e9rt\u00e9kes\u00edt\u00e9s\u00e9hez?<\/h3>\n<div class=\"flex-shrink-0 flex flex-col relative items-end\">\n<div class=\"pt-0\">\n<div class=\"gizmo-bot-avatar flex h-8 w-8 items-center justify-center overflow-hidden rounded-full\">\n<div class=\"relative p-1 rounded-sm flex items-center justify-center bg-token-main-surface-primary text-token-text-primary h-8 w-8\">\n<p>\u00dcdv\u00f6z\u00f6lj\u00fck a vapestornado-n, az \u00d6n megb\u00edzhat\u00f3 online vape boltj\u00e1ban a pr\u00e9mium eldobhat\u00f3 vape-okhoz. T\u00f6bb mint 5 \u00e9ves szak\u00e9rtelemmel hozunk el \u00d6nnek n\u00e9pszer\u0171 eldobhat\u00f3 vape m\u00e1rk\u00e1kat, mint p\u00e9ld\u00e1ul a Fumot RandM Vape, <a href=\"https:\/\/vapestornado.com\/hu\/product-category\/vapme-shisha\/\">Vapme<\/a>, Bang Vape, Waspe Vape \u00e9s WGA Vape, stb.<\/p>\n<p>K\u00edn\u00e1latunkban szerepelnek n\u00e9pszer\u0171 vape-ok, mint a <a href=\"https:\/\/vapestornado.com\/hu\/product\/randm-12000-puffs-fumot-digital-disposable-vape-wholesale-price\/\">RandM Torn\u00e1d\u00f3 12000<\/a>, \u00e9s \u00edzgazdag v\u00e1laszt\u00e1sok, mint a <a href=\"https:\/\/vapestornado.com\/hu\/product\/wga-crystal-pro-max-extra-15000-puffs-rechargeable-disposable-vape-wholesale-bulk-buy\/\">\u00a0WGA Krist\u00e1ly 15k Puffs<\/a> . Minden term\u00e9k\u00fcnket a min\u0151s\u00e9g, \u00e9rt\u00e9k \u00e9s v\u00e1ltozatoss\u00e1g figyelembev\u00e9tel\u00e9vel v\u00e1lasztjuk ki, biztos\u00edtva, hogy megtal\u00e1lja az ig\u00e9nyeinek legmegfelel\u0151bbet. Fedezze fel a kiv\u00e9teles szolg\u00e1ltat\u00e1st \u00e9s a top term\u00e9kek sz\u00e9les v\u00e1laszt\u00e9k\u00e1t nagykereskedelmi \u00e1ron a vapestornado-n.<\/p>\n<\/div>\n<p>&nbsp;<\/p>\n<p><strong>Egy\u00e9b n\u00e9pszer\u0171 eldobhat\u00f3 vape-ek<\/strong><\/p>\n<p><a href=\"https:\/\/vapestornado.com\/hu\/product\/bang-vape-35000-puffs-low-nicotine-bulk-buy-rechargeable-disposable-vapes-box-wholesale-price\/\">Bang Vape 35000 Puffs <span style=\"color: #ff0000;\"><strong>&gt;&gt;&gt;&gt; Indul\u00e1s!<\/strong><\/span><\/a><\/p>\n<p><a href=\"https:\/\/vapestornado.com\/hu\/product\/vopk-ultra-40000-puffs-2-in-1-digital-screen-rechargeable-disposable-vape\/\">VOPK 40000 Dupla \u00cdz<span style=\"color: #ff0000;\"><strong>&gt;&gt;&gt;&gt; Indul\u00e1s!<\/strong><\/span><\/a><\/p>\n<p><a href=\"https:\/\/vapestornado.com\/hu\/product\/bood-twins-46000-puff-double-flavour-low-nicotine-disposable-vape-wholesale-bulk-buy-price\/\">Bood Twins 46000<span style=\"color: #ff0000;\"><strong>&gt;&gt;&gt;&gt; Indul\u00e1s!<\/strong><\/span><\/a><\/p>\n<\/div>\n<\/div>\n<\/div>\n<p>&nbsp;<\/p>\n<\/div>\n<\/div>\n<\/div>\n<\/div>\n<\/div>\n<\/div>\n<\/div>\n<\/div>\n<\/div>","protected":false},"excerpt":{"rendered":"<p>Tornado Vape FIHP 15000 Puffs 2% Alacsony nikotintartalm\u00fa nagykereskedelem<br \/>\nTornado Vape 15k FIHP Digit\u00e1lis kijelz\u0151s eldobhat\u00f3 vape nagy t\u00e9telben<br \/>\nFIHP 15000 Puffs Tornado \u00dajrat\u00f6lthet\u0151 eldobhat\u00f3 Vape<\/p>\n<p><strong>Adja hozz\u00e1 Amy-t WhatsApp-on, hogy azonnali v\u00e1laszt \u00e9s vape kupont kapjon!<\/strong><\/p>\n<p><img fetchpriority=\"high\" decoding=\"async\" class=\"size-full wp-image-2932\" src=\"https:\/\/vapestornado.com\/wp-content\/uploads\/2024\/12\/Vape-Wholesale.jpg\" alt=\"Vape nagykereskedelem\" width=\"229\" height=\"300\" \/><\/p>\n<h3><a href=\"https:\/\/wa.me\/8617776015835\"><span style=\"color: #ff0000;\"><strong>WhatsApp: +86 17776015835<\/strong><\/span><\/a><\/h3>\n<p>&nbsp;<\/p>","protected":false},"featured_media":3561,"comment_status":"open","ping_status":"closed","template":"","meta":{"_acf_changed":false,"_uag_custom_page_level_css":"","_lmt_disableupdate":"no","_lmt_disable":"","_monsterinsights_skip_tracking":false,"_monsterinsights_sitenote_active":false,"_monsterinsights_sitenote_note":"","_monsterinsights_sitenote_category":0,"site-sidebar-layout":"default","site-content-layout":"","ast-site-content-layout":"default","site-content-style":"default","site-sidebar-style":"default","ast-global-header-display":"","ast-banner-title-visibility":"","ast-main-header-display":"","ast-hfb-above-header-display":"","ast-hfb-below-header-display":"","ast-hfb-mobile-header-display":"","site-post-title":"","ast-breadcrumbs-content":"","ast-featured-img":"","footer-sml-layout":"","ast-disable-related-posts":"","theme-transparent-header-meta":"default","adv-header-id-meta":"","stick-header-meta":"","header-above-stick-meta":"","header-main-stick-meta":"","header-below-stick-meta":"","astra-migrate-meta-layouts":"set","ast-page-background-enabled":"default","ast-page-background-meta":{"desktop":{"background-color":"","background-image":"","background-repeat":"repeat","background-position":"center center","background-size":"auto","background-attachment":"scroll","background-type":"","background-media":"","overlay-type":"","overlay-color":"","overlay-opacity":"","overlay-gradient":""},"tablet":{"background-color":"","background-image":"","background-repeat":"repeat","background-position":"center center","background-size":"auto","background-attachment":"scroll","background-type":"","background-media":"","overlay-type":"","overlay-color":"","overlay-opacity":"","overlay-gradient":""},"mobile":{"background-color":"","background-image":"","background-repeat":"repeat","background-position":"center center","background-size":"auto","background-attachment":"scroll","background-type":"","background-media":"","overlay-type":"","overlay-color":"","overlay-opacity":"","overlay-gradient":""}},"ast-content-background-meta":{"desktop":{"background-color":"var(--ast-global-color-5)","background-image":"","background-repeat":"repeat","background-position":"center center","background-size":"auto","background-attachment":"scroll","background-type":"","background-media":"","overlay-type":"","overlay-color":"","overlay-opacity":"","overlay-gradient":""},"tablet":{"background-color":"var(--ast-global-color-5)","background-image":"","background-repeat":"repeat","background-position":"center center","background-size":"auto","background-attachment":"scroll","background-type":"","background-media":"","overlay-type":"","overlay-color":"","overlay-opacity":"","overlay-gradient":""},"mobile":{"background-color":"var(--ast-global-color-5)","background-image":"","background-repeat":"repeat","background-position":"center center","background-size":"auto","background-attachment":"scroll","background-type":"","background-media":"","overlay-type":"","overlay-color":"","overlay-opacity":"","overlay-gradient":""}},"_joinchat":{"telephone":"+8617776015835"}},"product_brand":[],"product_cat":[19,71,150,160,143,146,148],"product_tag":[165,105,215,97,166,94,114,216],"class_list":{"0":"post-3516","1":"product","2":"type-product","3":"status-publish","4":"has-post-thumbnail","6":"product_cat-vapes","7":"product_cat-15000-puff","8":"product_cat-buy-disposable-vapes-in-belgium","9":"product_cat-buy-disposable-vapes-in-switzerland","10":"product_cat-dual-mesh-disposable-vapes","11":"product_cat-rechargeable-disposable-vapes","12":"product_cat-tornado-disposable-vapes","13":"product_tag-cheap-vapes","14":"product_tag-digital-disposable-vape","15":"product_tag-fihp-15000","16":"product_tag-hot-sale-disposable-vape","17":"product_tag-low-nicotine-vape","18":"product_tag-rechargeable-disposable-vape","19":"product_tag-tornado-vape","20":"product_tag-tornado-vape-fihp-15000","21":"desktop-align-left","22":"tablet-align-left","23":"mobile-align-left","25":"first","26":"instock","27":"sale","28":"shipping-taxable","29":"purchasable","30":"product-type-simple"},"acf":[],"uagb_featured_image_src":{"full":["https:\/\/vapestornado.com\/wp-content\/uploads\/2024\/12\/FIHP-15000-Puffs-Vape.webp",1000,1000,false],"thumbnail":["https:\/\/vapestornado.com\/wp-content\/uploads\/2024\/12\/FIHP-15000-Puffs-Vape-150x150.webp",150,150,true],"medium":["https:\/\/vapestornado.com\/wp-content\/uploads\/2024\/12\/FIHP-15000-Puffs-Vape-300x300.webp",300,300,true],"medium_large":["https:\/\/vapestornado.com\/wp-content\/uploads\/2024\/12\/FIHP-15000-Puffs-Vape-768x768.webp",768,768,true],"large":["https:\/\/vapestornado.com\/wp-content\/uploads\/2024\/12\/FIHP-15000-Puffs-Vape.webp",1000,1000,false],"1536x1536":["https:\/\/vapestornado.com\/wp-content\/uploads\/2024\/12\/FIHP-15000-Puffs-Vape.webp",1000,1000,false],"2048x2048":["https:\/\/vapestornado.com\/wp-content\/uploads\/2024\/12\/FIHP-15000-Puffs-Vape.webp",1000,1000,false],"trp-custom-language-flag":["https:\/\/vapestornado.com\/wp-content\/uploads\/2024\/12\/FIHP-15000-Puffs-Vape.webp",12,12,false],"woocommerce_thumbnail":["https:\/\/vapestornado.com\/wp-content\/uploads\/2024\/12\/FIHP-15000-Puffs-Vape-300x300.webp",300,300,true],"woocommerce_single":["https:\/\/vapestornado.com\/wp-content\/uploads\/2024\/12\/FIHP-15000-Puffs-Vape-600x600.webp",600,600,true],"woocommerce_gallery_thumbnail":["https:\/\/vapestornado.com\/wp-content\/uploads\/2024\/12\/FIHP-15000-Puffs-Vape-100x100.webp",100,100,true]},"uagb_author_info":{"display_name":"ESAMY","author_link":"https:\/\/vapestornado.com\/hu\/author\/"},"uagb_comment_info":0,"uagb_excerpt":"Tornado Vape FIHP 15000 Puffs 2% Low Nicotine Wholesale Tornado Vape 15k FIHP Digital Display Disposable Vape Bulk Buy FIHP 15000 Puffs Tornado Rechargeable Disposable Vapey Add Amy's whatsapp get right reply and vape coupon! WhatsApp: +86 17776015835 &nbsp;","_links":{"self":[{"href":"https:\/\/vapestornado.com\/hu\/wp-json\/wp\/v2\/product\/3516","targetHints":{"allow":["GET"]}}],"collection":[{"href":"https:\/\/vapestornado.com\/hu\/wp-json\/wp\/v2\/product"}],"about":[{"href":"https:\/\/vapestornado.com\/hu\/wp-json\/wp\/v2\/types\/product"}],"replies":[{"embeddable":true,"href":"https:\/\/vapestornado.com\/hu\/wp-json\/wp\/v2\/comments?post=3516"}],"wp:featuredmedia":[{"embeddable":true,"href":"https:\/\/vapestornado.com\/hu\/wp-json\/wp\/v2\/media\/3561"}],"wp:attachment":[{"href":"https:\/\/vapestornado.com\/hu\/wp-json\/wp\/v2\/media?parent=3516"}],"wp:term":[{"taxonomy":"product_brand","embeddable":true,"href":"https:\/\/vapestornado.com\/hu\/wp-json\/wp\/v2\/product_brand?post=3516"},{"taxonomy":"product_cat","embeddable":true,"href":"https:\/\/vapestornado.com\/hu\/wp-json\/wp\/v2\/product_cat?post=3516"},{"taxonomy":"product_tag","embeddable":true,"href":"https:\/\/vapestornado.com\/hu\/wp-json\/wp\/v2\/product_tag?post=3516"}],"curies":[{"name":"wp","href":"https:\/\/api.w.org\/{rel}","templated":true}]}}