{"id":3515,"date":"2024-12-28T08:19:21","date_gmt":"2024-12-28T08:19:21","guid":{"rendered":"https:\/\/vapestornado.com\/?post_type=product&#038;p=3515"},"modified":"2025-08-23T12:19:13","modified_gmt":"2025-08-23T12:19:13","slug":"uwin-shisha-hookah-crystal-20000-puffs-new-vape-bulk-price","status":"publish","type":"product","link":"https:\/\/vapestornado.com\/hu\/product\/uwin-shisha-hookah-crystal-20000-puffs-new-vape-bulk-price\/","title":{"rendered":"Uwin SHISHA HOOKAH Crystal 20000 Puffs \u00daj Vape \u00d6mlesztett \u00c1ron"},"content":{"rendered":"<h1>Uwin SHISHA HOOKAH Crystal 20000 Puffs \u00daj Vape \u00d6mlesztett \u00c1ron<\/h1>\n<p>A <strong data-start=\"291\" data-end=\"333\">Uwin Shisha Hookah Krist\u00e1ly 20000 Puffs<\/strong> egy pr\u00e9mium eldobhat\u00f3 vape, amelyet kiskeresked\u0151k \u00e9s forgalmaz\u00f3k sz\u00e1m\u00e1ra terveztek, akik <strong data-start=\"415\" data-end=\"438\">t\u00f6meges vape megold\u00e1sokat<\/strong> keresnek, \u00e9s nagy a kereslet ir\u00e1ntuk Eur\u00f3pa-szerte. Minden eszk\u00f6z ak\u00e1r <strong data-start=\"500\" data-end=\"523\">20 000 sima slukkot<\/strong>biztos\u00edt, el\u0151re felt\u00f6ltve <strong data-start=\"541\" data-end=\"561\">25 ml e-folyad\u00e9kkal<\/strong> \u00e9s egy <strong data-start=\"580\" data-end=\"618\">850mAh-s \u00fajrat\u00f6lthet\u0151 kobalt akkumul\u00e1tor<\/strong> gyors <strong data-start=\"629\" data-end=\"648\">\u00e9s a Type-C t\u00f6lt\u00e9s<\/strong>.<\/p>\n<p>El\u00e9rhet\u0151 <strong data-start=\"672\" data-end=\"713\">0%, 2%, 3% \u00e9s 5% nikotiner\u0151ss\u00e9gben<\/strong>\u00e1ltal meghajtva, rugalmass\u00e1got k\u00edn\u00e1l minden t\u00edpus\u00fa \u00fcgyf\u00e9l sz\u00e1m\u00e1ra. A <strong data-start=\"769\" data-end=\"793\">mesh coil technol\u00f3gi\u00e1val<\/strong> gazdag \u00edzt \u00e9s s\u0171r\u0171 felh\u0151ket biztos\u00edt, m\u00edg a <strong data-start=\"842\" data-end=\"867\">krist\u00e1ly shisha design<\/strong> modern, st\u00edlusos megjelen\u00e9st k\u00f6lcs\u00f6n\u00f6z.<\/p>\n<p>A <strong data-start=\"913\" data-end=\"940\">12 legn\u00e9pszer\u0171bb \u00edz<\/strong> \u00e9s praktikus nagykereskedelmi csomagol\u00e1s (<strong data-start=\"976\" data-end=\"1019\">10db\/doboz, 200db\/karton, 20,3kg\/karton<\/strong>), az Uwin Crystal 20K mindkett\u0151re \u00e9p\u00fclt <strong data-start=\"1061\" data-end=\"1109\">kiskereskedelmi polcokra \u00e9s nagy terjeszt\u00e9si megrendel\u00e9sekre<\/strong>. Kompakt, m\u00e9gis er\u0151teljes, \u00f6tv\u00f6zi a <strong data-start=\"1145\" data-end=\"1192\">megb\u00edzhat\u00f3s\u00e1got, a teljes\u00edtm\u00e9nyt \u00e9s a megfizethet\u0151s\u00e9get<\/strong>, \u00edgy az egyik legversenyk\u00e9pesebb nagykereskedelmi vape a 20k slukk kateg\u00f3ri\u00e1ban.<img fetchpriority=\"high\" decoding=\"async\" class=\"wp-image-3531\" style=\"font-style: inherit; font-weight: 600;\" src=\"https:\/\/vapestornado.com\/wp-content\/uploads\/2024\/12\/UWIN-VAPES-HOOKAH-Crystal-20000-Puffs-Grape-ice.jpg\" alt=\"UWIN VAPES V\u00cdZIPIPA Crystal 20000 Puffs Sz\u0151l\u0151 j\u00e9g\" width=\"473\" height=\"473\" srcset=\"https:\/\/vapestornado.com\/wp-content\/uploads\/2024\/12\/UWIN-VAPES-HOOKAH-Crystal-20000-Puffs-Grape-ice.jpg 800w, https:\/\/vapestornado.com\/wp-content\/uploads\/2024\/12\/UWIN-VAPES-HOOKAH-Crystal-20000-Puffs-Grape-ice-300x300.jpg 300w, https:\/\/vapestornado.com\/wp-content\/uploads\/2024\/12\/UWIN-VAPES-HOOKAH-Crystal-20000-Puffs-Grape-ice-150x150.jpg 150w, https:\/\/vapestornado.com\/wp-content\/uploads\/2024\/12\/UWIN-VAPES-HOOKAH-Crystal-20000-Puffs-Grape-ice-768x768.jpg 768w, https:\/\/vapestornado.com\/wp-content\/uploads\/2024\/12\/UWIN-VAPES-HOOKAH-Crystal-20000-Puffs-Grape-ice-600x600.jpg 600w, https:\/\/vapestornado.com\/wp-content\/uploads\/2024\/12\/UWIN-VAPES-HOOKAH-Crystal-20000-Puffs-Grape-ice-100x100.jpg 100w\" sizes=\"(max-width: 473px) 100vw, 473px\" \/><\/p>\n<div role=\"article\" data-tabster=\"{&quot;groupper&quot;:{&quot;tabbability&quot;:2},&quot;focusable&quot;:{}}\" data-content=\"ai-message\" aria-labelledby=\"64JRvXrTnY7mRmPkEQLLT-author 64JRvXrTnY7mRmPkEQLLT-content\">\n<div id=\"64JRvXrTnY7mRmPkEQLLT-content\">UWIN VAPES V\u00cdZIPIPA Crystal 20000 Puffs Sz\u0151l\u0151 j\u00e9g<\/div>\n<\/div>\n<p><img decoding=\"async\" class=\"alignleft wp-image-2951 size-medium\" src=\"https:\/\/vapestornado.com\/wp-content\/uploads\/2024\/12\/Wholesale-Disposable-Vape-265x300.jpg\" alt=\"Nagykereskedelmi eldobhat\u00f3 Vape\" width=\"265\" height=\"300\" srcset=\"https:\/\/vapestornado.com\/wp-content\/uploads\/2024\/12\/Wholesale-Disposable-Vape-265x300.jpg 265w, https:\/\/vapestornado.com\/wp-content\/uploads\/2024\/12\/Wholesale-Disposable-Vape-768x871.jpg 768w, https:\/\/vapestornado.com\/wp-content\/uploads\/2024\/12\/Wholesale-Disposable-Vape-600x680.jpg 600w, https:\/\/vapestornado.com\/wp-content\/uploads\/2024\/12\/Wholesale-Disposable-Vape.jpg 823w\" sizes=\"(max-width: 265px) 100vw, 265px\" \/><\/p>\n<h6>K\u00e9rj\u00fck, vegye fel a kapcsolatot Mandy WhatsApp-j\u00e1val a kedvezm\u00e9nyes \u00e1r\u00e9rt<a href=\"https:\/\/wa.me\/8618077105796\" target=\"_blank\" rel=\"noopener\">+8618077105796<\/a><\/h6>\n<div class=\"flex max-w-full flex-col flex-grow\">\n<div class=\"min-h-8 text-message flex w-full flex-col items-end gap-2 whitespace-normal break-words text-start [.text-message+&amp;]:mt-5\" dir=\"auto\" data-message-author-role=\"assistant\" data-message-id=\"cdb991c0-f594-4bff-b2d5-fbbdd7ce9e54\" data-message-model-slug=\"gpt-4o-mini\">\n<div class=\"flex w-full flex-col gap-1 empty:hidden first:pt-[3px]\">\n<div class=\"markdown prose w-full break-words dark:prose-invert light\"><\/div>\n<\/div>\n<\/div>\n<\/div>\n<div class=\"mb-2 flex gap-3 empty:hidden -ml-2\">\n<h2><strong>Uwin SHISHA VAPE Krist\u00e1ly 20000 Puffs <\/strong>Kiemelked\u0151 tulajdons\u00e1gok:<\/h2>\n<ul>\n<li><strong>Nikotinszintek<\/strong>: 0%, 2%, 3%, 5%<\/li>\n<li><strong>Puff<\/strong>: Ak\u00e1r 20 000<\/li>\n<li><strong>E- folyad\u00e9k<\/strong>: 25 ml kapacit\u00e1s<\/li>\n<li><strong>Akkumul\u00e1tor<\/strong>: 850mAh \u00fajrat\u00f6lthet\u0151, Type-C port<\/li>\n<li><strong>Tekercs<\/strong>: H\u00e1l\u00f3s tekercs a gazdag \u00edz\u00e9rt<\/li>\n<li><strong>\u00cdzek<\/strong>: 12 opci\u00f3<\/li>\n<li><strong>Csomagol\u00e1s<\/strong>: 10 db\/doboz, 200 db\/karton<\/li>\n<li><strong>Karton specifik\u00e1ci\u00f3k<\/strong>: 20,3 kg, 39,5 \u00d7 39 \u00d7 30,5 cm<\/li>\n<li><strong>Vaping st\u00edlus<\/strong>: K\u00f6zvetlen\u00fcl t\u00fcd\u0151re (DTL)<\/li>\n<\/ul>\n<\/div>\n<h2><strong>Uwin SHISHA V\u00cdZIPIPA Crystal VAPES 20k Puffs<\/strong> \u00cdzlista:<\/h2>\n<p>1. \u00c1fonya j\u00e9gen<br \/>\n2. Kiwi maracuja guava<br \/>\n3. Eper kiwi<br \/>\n4. Vegyes bogy\u00f3s gy\u00fcm\u00f6lcs\u00f6k<br \/>\n5. Eper g\u00f6r\u00f6gdinnye<br \/>\n6. Sz\u0151l\u0151 j\u00e9g<br \/>\n7. G\u00f6r\u00f6gdinnye j\u00e9g<br \/>\n8. Cseresznye j\u00e9g<br \/>\n9. Eper j\u00e9g<br \/>\n10. \u0150szibarack j\u00e9g<br \/>\n11. \u00c1fonya m\u00e1lna<br \/>\n12. Love 66<\/p>\n<div role=\"article\" data-tabster=\"{&quot;groupper&quot;:{&quot;tabbability&quot;:2},&quot;focusable&quot;:{}}\" data-content=\"ai-message\" aria-labelledby=\"dARUyEWDoEYhnSPXFwx5A-author dARUyEWDoEYhnSPXFwx5A-content\">\n<div id=\"dARUyEWDoEYhnSPXFwx5A-content\">\n<h2>Mi\u00e9rt v\u00e1lassza a <strong>Uwin SHISHA HOOKAH Krist\u00e1ly 20000 Puffs <\/strong>at <a href=\"https:\/\/vapestornado.com\/hu\/product\/bang-box-35k-puffs-high-capacity-long-lasting-disposable-vape\/\">vapestornado.com-ot?<\/a><\/h2>\n<p>Ha pr\u00e9mium eldobhat\u00f3 vape-eket keres versenyk\u00e9pes \u00e1ron, a vapestornado.com a megb\u00edzhat\u00f3 forr\u00e1sa a <strong>Uwin Shisha Krist\u00e1ly 20000 Puff<\/strong>-nak. \u00cdme, mi\u00e9rt emelkedik ki ez a term\u00e9k \u00e9s platform:<\/p>\n<ul>\n<li><strong>Kiv\u00e9teles \u00e9lettartam<\/strong><br \/>\nAz Uwin Shisha Hookah Crystal ak\u00e1r <strong>20 000 puffot<\/strong>puffot is biztos\u00edt, \u00edgy a piacon el\u00e9rhet\u0151 leghosszabb \u00e9lettartam\u00fa eldobhat\u00f3 vape-ek k\u00f6z\u00e9 tartozik. T\u00f6k\u00e9letes a lelkes vaperek \u00e9s a hosszabb haszn\u00e1latot keres\u0151k sz\u00e1m\u00e1ra.<\/li>\n<li><strong>V\u00e1ltozatos nikotin opci\u00f3k<\/strong><br \/>\nMinden ig\u00e9nyt kiel\u00e9g\u00edtve, ez a vape el\u00e9rhet\u0151 <strong>0%, 2%, 3% \u00e9s 5% nikotiner\u0151ss\u00e9gben<\/strong>opci\u00f3kban, \u00edgy ide\u00e1lis alkalmi \u00e9s rendszeres felhaszn\u00e1l\u00f3k sz\u00e1m\u00e1ra egyar\u00e1nt.<\/li>\n<li><strong>\u00cdzv\u00e1laszt\u00e9k<\/strong><br \/>\nV\u00e1lasszon a <strong>12 pr\u00e9mium \u00edzt<\/strong>, gondosan \u00f6ssze\u00e1ll\u00edtva, hogy megfeleljen a legk\u00fcl\u00f6nf\u00e9l\u00e9bb \u00edzl\u00e9seknek, a gy\u00fcm\u00f6lcs\u00f6s kedvencekt\u0151l a h\u0171s mentolos kever\u00e9kekig.<\/li>\n<li><strong>Fejlett technol\u00f3gia<\/strong><br \/>\nFelszerelve egy <strong>h\u00e1l\u00f3s tekercs<\/strong> \u00e9s a <strong>850mAh-s \u00fajrat\u00f6lthet\u0151 kobalt akkumul\u00e1tor<\/strong>, az eszk\u00f6z sima g\u0151zt, gazdag \u00edzt \u00e9s gyors, k\u00e9nyelmes t\u00f6lt\u00e9st k\u00edn\u00e1l egy <strong>Type-C csatlakoz\u00f3<\/strong>.<\/li>\n<li><strong>Nagykereskedelmi k\u00e9nyelem<\/strong><br \/>\nA vapestornado.com oldalon \u00e9lvezze a t\u00f6meges csomagol\u00e1si lehet\u0151s\u00e9geket <strong>10 darabos dobozonk\u00e9nt<\/strong> \u00e9s a <strong>200 darabos kartonnal<\/strong>darabos kiszerel\u00e9ssel, t\u00f6k\u00e9letes kiskeresked\u0151k \u00e9s forgalmaz\u00f3k sz\u00e1m\u00e1ra.<\/li>\n<li><strong>Megb\u00edzhat\u00f3 besz\u00e1ll\u00edt\u00f3<\/strong><br \/>\nA vapestornado.com megb\u00edzhat\u00f3 szolg\u00e1ltat\u00e1s\u00e1r\u00f3l, eredeti term\u00e9keir\u0151l \u00e9s versenyk\u00e9pes \u00e1rair\u00f3l ismert, \u00edgy a kiv\u00e1l\u00f3 min\u0151s\u00e9g\u0171 vape-ekhez a legjobb platform.<\/li>\n<\/ul>\n<\/div>\n<\/div>\n<h2>GYIK a t\u00e9m\u00e1ban <strong>Uwin SHISHA HOOKAH Krist\u00e1ly 20000 Puffs <\/strong>Vape Podok<\/h2>\n<p>&nbsp;<\/p>\n<p><strong>1. H\u00e1ny slukk \u00e9rhet\u0151 el az Uwin Shisha Hookah Vapes 20k slukk term\u00e9kkel?<\/strong><br \/>\nMinden pod ak\u00e1r <strong>20 000 puffot<\/strong>slukkot is k\u00edn\u00e1l, \u00edgy hossz\u00fa t\u00e1v\u00fa megold\u00e1st jelent a rendszeres g\u0151z\u00f6l\u00e9shez.<\/p>\n<p><strong>2. Milyen nikotiner\u0151ss\u00e9gek \u00e9rhet\u0151k el az Uwin Crystal 20000 Puffs term\u00e9khez?<\/strong><br \/>\nAz Uwin Shisha Hookah Crystal a k\u00f6vetkez\u0151 <strong>0%, 2%, 3% \u00e9s 5% nikotin<\/strong> opci\u00f3kkal kaphat\u00f3, hogy megfeleljen a k\u00fcl\u00f6nb\u00f6z\u0151 preferenci\u00e1knak.<\/p>\n<p><strong>3. Mennyi e-liquid van az Uwin Crystal Vapes 20k Puffs term\u00e9kben?<\/strong><br \/>\nMinden pod el\u0151re fel van t\u00f6ltve <strong>25 ml pr\u00e9mium e-liquiddel<\/strong> a hosszabb haszn\u00e1lat \u00e9rdek\u00e9ben.<\/p>\n<p><strong>4. Mennyi id\u0151be telik, mire kisz\u00e1ll\u00edtj\u00e1k az Uwin Shisha Hookah Crystal 20000 Puffs Vape Podokat Magyarorsz\u00e1gra?<\/strong><br \/>\nA sz\u00e1ll\u00edt\u00e1si id\u0151 a helyt\u0151l \u00e9s a kiv\u00e1lasztott sz\u00e1ll\u00edt\u00e1si m\u00f3dt\u00f3l f\u00fcgg\u0151en v\u00e1ltozik. Magyarorsz\u00e1g eset\u00e9ben a szok\u00e1sos sz\u00e1ll\u00edt\u00e1s \u00e1ltal\u00e1ban 10<strong>\u201315 munkanapot vesz ig\u00e9nybe.<\/strong> Ha \u00fcnnepnapok vannak, a csomag k\u00e9zbes\u00edt\u00e9si ideje k\u00e9sni fog.<\/p>\n<p><strong>5. Hogyan k\u00f6vethetem nyomon a rendel\u00e9sem?<\/strong><br \/>\nA rendel\u00e9s felad\u00e1sa ut\u00e1n a sz\u00e1ll\u00edt\u00f3t\u00f3l vagy a kiskeresked\u0151t\u0151l kap egy nyomk\u00f6vet\u00e9si sz\u00e1mot. Ezzel nyomon k\u00f6vetheti a sz\u00e1ll\u00edt\u00e1si folyamatot.<\/p>","protected":false},"excerpt":{"rendered":"<p>Uwin Shisha Hookah Crystal 20000 Puffs Vape, nagyker \u00e1rak, pr\u00e9mium \u00edzek, \u00fajrat\u00f6lthet\u0151, 2%5% nikotin, k\u00f6rnyezetbar\u00e1t. T\u00f6k\u00e9letes eur\u00f3pai nagykereskedelmi v\u00e1s\u00e1rl\u00f3k sz\u00e1m\u00e1ra.<\/p>\n<figure id=\"attachment_2951\" aria-describedby=\"caption-attachment-2951\" style=\"width: 265px\" class=\"wp-caption alignnone\"><img decoding=\"async\" class=\"size-medium wp-image-2951\" src=\"https:\/\/vapestornado.com\/wp-content\/uploads\/2024\/12\/Wholesale-Disposable-Vape-265x300.jpg\" alt=\"Nagykereskedelmi eldobhat\u00f3 Vape\" width=\"265\" height=\"300\" srcset=\"https:\/\/vapestornado.com\/wp-content\/uploads\/2024\/12\/Wholesale-Disposable-Vape-265x300.jpg 265w, https:\/\/vapestornado.com\/wp-content\/uploads\/2024\/12\/Wholesale-Disposable-Vape-768x871.jpg 768w, https:\/\/vapestornado.com\/wp-content\/uploads\/2024\/12\/Wholesale-Disposable-Vape-600x680.jpg 600w, https:\/\/vapestornado.com\/wp-content\/uploads\/2024\/12\/Wholesale-Disposable-Vape.jpg 823w\" sizes=\"(max-width: 265px) 100vw, 265px\" \/><figcaption id=\"caption-attachment-2951\" class=\"wp-caption-text\">K\u00e9rj\u00fck, vegye fel a kapcsolatot Mandy WhatsApp-j\u00e1val a kedvezm\u00e9nyes \u00e1r\u00e9rt\u00a0 <a href=\"https:\/\/wa.me\/8618077105796\">+8618077105796<\/a><\/figcaption><\/figure>\n<p>&nbsp;<\/p>","protected":false},"featured_media":3520,"comment_status":"open","ping_status":"closed","template":"","meta":{"_acf_changed":false,"_uag_custom_page_level_css":"","_lmt_disableupdate":"no","_lmt_disable":"","_monsterinsights_skip_tracking":false,"_monsterinsights_sitenote_active":false,"_monsterinsights_sitenote_note":"","_monsterinsights_sitenote_category":0,"site-sidebar-layout":"default","site-content-layout":"","ast-site-content-layout":"default","site-content-style":"default","site-sidebar-style":"default","ast-global-header-display":"","ast-banner-title-visibility":"","ast-main-header-display":"","ast-hfb-above-header-display":"","ast-hfb-below-header-display":"","ast-hfb-mobile-header-display":"","site-post-title":"","ast-breadcrumbs-content":"","ast-featured-img":"","footer-sml-layout":"","ast-disable-related-posts":"","theme-transparent-header-meta":"default","adv-header-id-meta":"","stick-header-meta":"","header-above-stick-meta":"","header-main-stick-meta":"","header-below-stick-meta":"","astra-migrate-meta-layouts":"set","ast-page-background-enabled":"default","ast-page-background-meta":{"desktop":{"background-color":"","background-image":"","background-repeat":"repeat","background-position":"center center","background-size":"auto","background-attachment":"scroll","background-type":"","background-media":"","overlay-type":"","overlay-color":"","overlay-opacity":"","overlay-gradient":""},"tablet":{"background-color":"","background-image":"","background-repeat":"repeat","background-position":"center center","background-size":"auto","background-attachment":"scroll","background-type":"","background-media":"","overlay-type":"","overlay-color":"","overlay-opacity":"","overlay-gradient":""},"mobile":{"background-color":"","background-image":"","background-repeat":"repeat","background-position":"center center","background-size":"auto","background-attachment":"scroll","background-type":"","background-media":"","overlay-type":"","overlay-color":"","overlay-opacity":"","overlay-gradient":""}},"ast-content-background-meta":{"desktop":{"background-color":"var(--ast-global-color-5)","background-image":"","background-repeat":"repeat","background-position":"center center","background-size":"auto","background-attachment":"scroll","background-type":"","background-media":"","overlay-type":"","overlay-color":"","overlay-opacity":"","overlay-gradient":""},"tablet":{"background-color":"var(--ast-global-color-5)","background-image":"","background-repeat":"repeat","background-position":"center center","background-size":"auto","background-attachment":"scroll","background-type":"","background-media":"","overlay-type":"","overlay-color":"","overlay-opacity":"","overlay-gradient":""},"mobile":{"background-color":"var(--ast-global-color-5)","background-image":"","background-repeat":"repeat","background-position":"center center","background-size":"auto","background-attachment":"scroll","background-type":"","background-media":"","overlay-type":"","overlay-color":"","overlay-opacity":"","overlay-gradient":""}},"_joinchat":{"telephone":"+8618077105796"}},"product_brand":[],"product_cat":[69,150,151,153,157,141],"product_tag":[97,217],"class_list":{"0":"post-3515","1":"product","2":"type-product","3":"status-publish","4":"has-post-thumbnail","6":"product_cat-20000-puff","7":"product_cat-buy-disposable-vapes-in-belgium","8":"product_cat-buy-disposable-vapes-in-france","9":"product_cat-buy-disposable-vapes-in-italy","10":"product_cat-buy-disposable-vapes-in-portugal","11":"product_cat-crystal-disposable-vapes","12":"product_tag-hot-sale-disposable-vape","13":"product_tag-uwin-shisha-hookah-crystal-20000-puffs","14":"desktop-align-left","15":"tablet-align-left","16":"mobile-align-left","18":"first","19":"instock","20":"sale","21":"shipping-taxable","22":"purchasable","23":"product-type-simple"},"acf":[],"uagb_featured_image_src":{"full":["https:\/\/vapestornado.com\/wp-content\/uploads\/2024\/12\/Good-Sale-UWIN-HOOKAH-Crystal-20000-Puffs-Watermelon-ice.jpg",800,800,false],"thumbnail":["https:\/\/vapestornado.com\/wp-content\/uploads\/2024\/12\/Good-Sale-UWIN-HOOKAH-Crystal-20000-Puffs-Watermelon-ice-150x150.jpg",150,150,true],"medium":["https:\/\/vapestornado.com\/wp-content\/uploads\/2024\/12\/Good-Sale-UWIN-HOOKAH-Crystal-20000-Puffs-Watermelon-ice-300x300.jpg",300,300,true],"medium_large":["https:\/\/vapestornado.com\/wp-content\/uploads\/2024\/12\/Good-Sale-UWIN-HOOKAH-Crystal-20000-Puffs-Watermelon-ice-768x768.jpg",768,768,true],"large":["https:\/\/vapestornado.com\/wp-content\/uploads\/2024\/12\/Good-Sale-UWIN-HOOKAH-Crystal-20000-Puffs-Watermelon-ice.jpg",800,800,false],"1536x1536":["https:\/\/vapestornado.com\/wp-content\/uploads\/2024\/12\/Good-Sale-UWIN-HOOKAH-Crystal-20000-Puffs-Watermelon-ice.jpg",800,800,false],"2048x2048":["https:\/\/vapestornado.com\/wp-content\/uploads\/2024\/12\/Good-Sale-UWIN-HOOKAH-Crystal-20000-Puffs-Watermelon-ice.jpg",800,800,false],"trp-custom-language-flag":["https:\/\/vapestornado.com\/wp-content\/uploads\/2024\/12\/Good-Sale-UWIN-HOOKAH-Crystal-20000-Puffs-Watermelon-ice.jpg",12,12,false],"woocommerce_thumbnail":["https:\/\/vapestornado.com\/wp-content\/uploads\/2024\/12\/Good-Sale-UWIN-HOOKAH-Crystal-20000-Puffs-Watermelon-ice-300x300.jpg",300,300,true],"woocommerce_single":["https:\/\/vapestornado.com\/wp-content\/uploads\/2024\/12\/Good-Sale-UWIN-HOOKAH-Crystal-20000-Puffs-Watermelon-ice-600x600.jpg",600,600,true],"woocommerce_gallery_thumbnail":["https:\/\/vapestornado.com\/wp-content\/uploads\/2024\/12\/Good-Sale-UWIN-HOOKAH-Crystal-20000-Puffs-Watermelon-ice-100x100.jpg",100,100,true]},"uagb_author_info":{"display_name":"ESMANDY","author_link":"https:\/\/vapestornado.com\/hu\/author\/"},"uagb_comment_info":0,"uagb_excerpt":"Uwin Shisha Hookah Crystal 20000 Puffs Vape, bulk prices, premium flavors, rechargeable, 2%5% nicotine, eco-friendly. Perfect for wholesale buyers in Europe. [caption id=\"attachment_2951\" align=\"alignnone\" width=\"265\"] Pls Contact Mandy's WhatsApp For Discount Price\u00a0 +8618077105796[\/caption] &nbsp;","_links":{"self":[{"href":"https:\/\/vapestornado.com\/hu\/wp-json\/wp\/v2\/product\/3515","targetHints":{"allow":["GET"]}}],"collection":[{"href":"https:\/\/vapestornado.com\/hu\/wp-json\/wp\/v2\/product"}],"about":[{"href":"https:\/\/vapestornado.com\/hu\/wp-json\/wp\/v2\/types\/product"}],"replies":[{"embeddable":true,"href":"https:\/\/vapestornado.com\/hu\/wp-json\/wp\/v2\/comments?post=3515"}],"wp:featuredmedia":[{"embeddable":true,"href":"https:\/\/vapestornado.com\/hu\/wp-json\/wp\/v2\/media\/3520"}],"wp:attachment":[{"href":"https:\/\/vapestornado.com\/hu\/wp-json\/wp\/v2\/media?parent=3515"}],"wp:term":[{"taxonomy":"product_brand","embeddable":true,"href":"https:\/\/vapestornado.com\/hu\/wp-json\/wp\/v2\/product_brand?post=3515"},{"taxonomy":"product_cat","embeddable":true,"href":"https:\/\/vapestornado.com\/hu\/wp-json\/wp\/v2\/product_cat?post=3515"},{"taxonomy":"product_tag","embeddable":true,"href":"https:\/\/vapestornado.com\/hu\/wp-json\/wp\/v2\/product_tag?post=3515"}],"curies":[{"name":"wp","href":"https:\/\/api.w.org\/{rel}","templated":true}]}}