{"id":3450,"date":"2024-12-27T09:35:12","date_gmt":"2024-12-27T09:35:12","guid":{"rendered":"https:\/\/vapestornado.com\/?post_type=product&#038;p=3450"},"modified":"2025-08-23T11:18:02","modified_gmt":"2025-08-23T11:18:02","slug":"fumot-randm-tornado-7000-puffs-disposable-vape","status":"publish","type":"product","link":"https:\/\/vapestornado.com\/hu\/product\/fumot-randm-tornado-7000-puffs-disposable-vape\/","title":{"rendered":"Fumot RandM Tornado 7000 Puffs Eldobhat\u00f3 Vape"},"content":{"rendered":"<h1>Fumot RandM Tornado 7000 Puffs Eldobhat\u00f3 Vape<\/h1>\n<p data-start=\"181\" data-end=\"479\">A <strong data-start=\"185\" data-end=\"235\">Fumot RandM Tornado 7000 Puffs Eldobhat\u00f3 Vape<\/strong> egy kompakt, m\u00e9gis er\u0151teljes eszk\u00f6z, amelyet kiskeresked\u0151k, forgalmaz\u00f3k \u00e9s nagy t\u00e9telben v\u00e1s\u00e1rl\u00f3k sz\u00e1m\u00e1ra terveztek, akik nagy kereslet\u0171 modellt keresnek. Ak\u00e1r <strong data-start=\"367\" data-end=\"391\">7000 slukk egys\u00e9genk\u00e9nt<\/strong>ak\u00e1r, egyenletes teljes\u00edtm\u00e9nyt \u00e9s kiv\u00e1l\u00f3 \u00e9rt\u00e9ket ny\u00fajt mind az \u00fczletek, mind a v\u00e9gfelhaszn\u00e1l\u00f3k sz\u00e1m\u00e1ra.<\/p>\n<p data-start=\"481\" data-end=\"761\">Ez a modell egy <strong data-start=\"503\" data-end=\"540\">14 ml el\u0151ret\u00f6lt\u00f6tt e-liquid kapacit\u00e1ssal<\/strong> rendelkezik, \u00e9s <strong data-start=\"554\" data-end=\"586\">2% \u00e9s 5% nikotinszint<\/strong>\u00edzben kaphat\u00f3, kiel\u00e9g\u00edtve a k\u00fcl\u00f6nb\u00f6z\u0151 v\u00e1s\u00e1rl\u00f3i ig\u00e9nyeket. A <strong data-start=\"636\" data-end=\"667\">850mAh-s \u00fajrat\u00f6lthet\u0151 akkumul\u00e1torral<\/strong> p\u00e1ros\u00edtva <strong data-start=\"680\" data-end=\"704\">Type-C gyorst\u00f6lt\u00e9ssel<\/strong> biztos\u00edtja a minim\u00e1lis le\u00e1ll\u00e1st \u00e9s a k\u00f6rnyezetbar\u00e1t \u00fajrahaszn\u00e1lhat\u00f3s\u00e1got.<\/p>\n<p data-start=\"763\" data-end=\"1036\">A <strong data-start=\"767\" data-end=\"796\">\u00e1ll\u00edthat\u00f3 l\u00e9g\u00e1raml\u00e1si rendszer<\/strong> lehet\u0151v\u00e9 teszi a felhaszn\u00e1l\u00f3k sz\u00e1m\u00e1ra, hogy sz\u0171kebb MTL h\u00faz\u00e1s vagy nyitottabb bel\u00e9gz\u00e9s k\u00f6z\u00f6tt v\u00e1lasszanak, \u00edgy sokoldal\u00fav\u00e1 t\u00e9ve a k\u00fcl\u00f6nb\u00f6z\u0151 vaping st\u00edlusokhoz. A <strong data-start=\"918\" data-end=\"941\">RGB vil\u00e1g\u00edt\u00e1si diz\u00e1jn<\/strong> modern, szemet gy\u00f6ny\u00f6rk\u00f6dtet\u0151 megjelen\u00e9st k\u00f6lcs\u00f6n\u00f6z neki, amely vonzza a fiatalabb koroszt\u00e1lyokat az eur\u00f3pai piacokon.<\/p>\n<p data-start=\"1038\" data-end=\"1262\">Nagykeresked\u0151k sz\u00e1m\u00e1ra a <strong data-start=\"1059\" data-end=\"1085\">Fumot RandM Tornado 7K<\/strong> er\u0151s egyens\u00falyt k\u00edn\u00e1l a puff kapacit\u00e1s, a st\u00edlusos diz\u00e1jn \u00e9s a megb\u00edzhat\u00f3 technol\u00f3gia k\u00f6z\u00f6tt, \u00edgy j\u00f6vedelmez\u0151 v\u00e1laszt\u00e1s a nagy t\u00e9telben t\u00f6rt\u00e9n\u0151 megrendel\u00e9sekhez N\u00e9metorsz\u00e1gban, Lengyelorsz\u00e1gban \u00e9s a sz\u00e9lesebb EU r\u00e9gi\u00f3kban.<\/p>\n<figure id=\"attachment_3451\" aria-describedby=\"caption-attachment-3451\" style=\"width: 1000px\" class=\"wp-caption alignnone\"><img fetchpriority=\"high\" decoding=\"async\" class=\"size-full wp-image-3451\" src=\"https:\/\/vapestornado.com\/wp-content\/uploads\/2024\/12\/All-Flavors-of-Fumot-RandM-Tornado-7000-Puffs-Vape-\u2013-Wholesale-Prices.jpg\" alt=\"A Fumot RandM Tornado 7000 Puffs Vape \u00f6sszes \u00edze \u2013 Nagykereskedelmi \u00e1rak\" width=\"1000\" height=\"736\" srcset=\"https:\/\/vapestornado.com\/wp-content\/uploads\/2024\/12\/All-Flavors-of-Fumot-RandM-Tornado-7000-Puffs-Vape-\u2013-Wholesale-Prices.jpg 1000w, https:\/\/vapestornado.com\/wp-content\/uploads\/2024\/12\/All-Flavors-of-Fumot-RandM-Tornado-7000-Puffs-Vape-\u2013-Wholesale-Prices-300x221.jpg 300w, https:\/\/vapestornado.com\/wp-content\/uploads\/2024\/12\/All-Flavors-of-Fumot-RandM-Tornado-7000-Puffs-Vape-\u2013-Wholesale-Prices-768x565.jpg 768w, https:\/\/vapestornado.com\/wp-content\/uploads\/2024\/12\/All-Flavors-of-Fumot-RandM-Tornado-7000-Puffs-Vape-\u2013-Wholesale-Prices-600x442.jpg 600w\" sizes=\"(max-width: 1000px) 100vw, 1000px\" \/><figcaption id=\"caption-attachment-3451\" class=\"wp-caption-text\">A Fumot RandM Tornado 7000 Puffs Vape \u00f6sszes \u00edze \u2013 Nagykereskedelmi \u00e1rak<\/figcaption><\/figure>\n<h2>Term\u00e9kjellemz\u0151k<\/h2>\n<ol>\n<li><strong>Nagy puffad\u00e1si kapacit\u00e1s:<\/strong> Ak\u00e1r 7000 slukk a hosszan tart\u00f3 \u00e9lvezethez.<\/li>\n<li><strong>Testreszabhat\u00f3 l\u00e9g\u00e1raml\u00e1s:<\/strong> \u00c1ll\u00edthat\u00f3 be\u00e1ll\u00edt\u00e1sok a szem\u00e9lyre szabott g\u0151z\u00f6l\u00e9si \u00e9lm\u00e9ny\u00e9rt.<\/li>\n<li><strong>\u00dajrat\u00f6lthet\u0151 akkumul\u00e1tor:<\/strong> 850mAh-s akkumul\u00e1tor gyors Type-C t\u00f6lt\u00e9ssel.<\/li>\n<li><strong>H\u00e1l\u00f3s tekercs technol\u00f3gia:<\/strong> Sima g\u0151zt \u00e9s gazdag \u00edzprofilokat biztos\u00edt.<\/li>\n<li><strong>Sz\u00e9les \u00edzv\u00e1laszt\u00e9k:<\/strong> V\u00e1lasszon 56 egyedi \u00edz k\u00f6z\u00fcl minden \u00edzl\u00e9snek megfelel\u0151en.<\/li>\n<\/ol>\n<h2>RandM Tornado 7000 \u00edzlista<\/h2>\n<ol>\n<li>1 H\u0171s\u00edt\u0151 menta<br \/>\n2 Lush J\u00e9g<br \/>\n3 Mandarinos J\u00e9g<br \/>\n4 Eper F\u00e1nk<br \/>\n5 Gumimaci<br \/>\n6 \u00c1fony\u00e1s j\u00e9g<br \/>\n7 Mang\u00f3 j\u00e9ggel<br \/>\n8 Barack j\u00e9g<br \/>\n9 Ban\u00e1n j\u00e9g<br \/>\n10 Sz\u0151l\u0151 j\u00e9g<br \/>\n11 R\u00f3zsasz\u00edn Limon\u00e1d\u00e9<br \/>\n12 Pina Colada Rum<br \/>\n13 Vegyes Bogy\u00f3k<br \/>\n14 Ban\u00e1n turmix<br \/>\n15 Epres g\u00f6r\u00f6gdinnye<br \/>\n16 Piros alma citrom<br \/>\n17 Anan\u00e1sz J\u00e9g<br \/>\n18 Cukorka<br \/>\n19 Eper Ban\u00e1n<br \/>\n20 Eper J\u00e9g<br \/>\n21 Eper Kiwi<br \/>\n22. Piros Energia J\u00e9g<br \/>\n23. K\u00e9k M\u00e1lna Limon\u00e1d\u00e9<br \/>\n24. Piros Alma J\u00e9g<br \/>\n25. Bogy\u00f3s Gy\u00fcm\u00f6lcs Limon\u00e1d\u00e9<br \/>\n26. \u00c1fonya R\u00e1g\u00f3gumi<br \/>\n27. K\u00e9k Savany\u00fa M\u00e1lna<br \/>\n28. Dr. Blue<br \/>\n29. Alma \u0150szibarack K\u00f6rte<br \/>\n30. \u00c1fonya Gr\u00e1n\u00e1talma<br \/>\n31. Vimto<br \/>\n32. Kiwi Maracuja Guava<br \/>\n33. Cola J\u00e9g<br \/>\n34. Savany\u00fa Alma<br \/>\n35. Feketeribizli Mentol<br \/>\n36. Tigris V\u00e9r<br \/>\n37. Barackvir\u00e1g \u00c1fonya Cukorka<br \/>\n38. Barack Mang\u00f3<br \/>\n39. Eper Red Bull<br \/>\n40. Feketeribizli J\u00e9g<br \/>\n41. Eper G\u00f6r\u00f6gdinnyelemon\u00e1d\u00e9<br \/>\n42. Cseresznye<br \/>\n43. K\u00e9k M\u00e1lna Cseresznye<br \/>\n44. Skittles<br \/>\n45. \u00c1fonya M\u00e1lna<br \/>\n46. Eper Sz\u0151l\u0151<br \/>\n47. \u00c1fonya Cseresznye T\u0151zeg\u00e1fonya<br \/>\n48. Alma Bogy\u00f3s Gy\u00fcm\u00f6lcs\u00f6k Robban\u00e1s<br \/>\n49. Cseresznye Cola<br \/>\n50. Citrom<br \/>\n51. R\u00f3zsasz\u00edn Robban\u00e1s<br \/>\n52. Csendes-\u00f3ce\u00e1ni H\u0171t\u0151<br \/>\n53. J\u00e9gkr\u00e9m<br \/>\n54. Bingo Crush<br \/>\n55.Vimto Z\u00faz\u00e1s<br \/>\n56.Doh\u00e1ny<\/li>\n<\/ol>\n<h3>RandM Tornado 7000 10 legn\u00e9pszer\u0171bb \u00edze<\/h3>\n<ol>\n<li><strong>H\u0171s\u00edt\u0151 menta:<\/strong> A jeges menta friss\u00edt\u0151 fuvallata.<\/li>\n<li><strong>Lush J\u00e9g:<\/strong> \u00c9des g\u00f6r\u00f6gdinnye h\u0171s\u00edt\u0151 mentolos lecseng\u00e9ssel.<\/li>\n<li><strong>Mandarin J\u00e9g:<\/strong> L\u00e9d\u00fas mandarin h\u0171s\u00edt\u0151 csavarral p\u00e1ros\u00edtva.<\/li>\n<li><strong>Epres f\u00e1nk:<\/strong> \u00c9des eper, m\u00e1zas p\u00e9ks\u00fctem\u00e9ny csavarral.<\/li>\n<li><strong>Gumimaci:<\/strong> Nosztalgikus, cukorka ihlette \u00e9lvezet.<\/li>\n<li><strong>\u00c1fonya j\u00e9gen:<\/strong> \u00c9rett \u00e1fonya ropog\u00f3s mentolos \u00e9llel.<\/li>\n<li><strong>Mang\u00f3 j\u00e9gen:<\/strong> Tr\u00f3pusi mang\u00f3, h\u0171s mentolos szell\u0151vel \u00e1titatva.<\/li>\n<li><strong>\u0150szibarack j\u00e9g:<\/strong> \u00c9des \u0151szibarack jeges r\u00fag\u00e1ssal.<\/li>\n<li><strong>Ban\u00e1n j\u00e9g:<\/strong> Kr\u00e9mes ban\u00e1n \u00edz mentolos h\u0171v\u00f6ss\u00e9ggel.<\/li>\n<li><strong>Sz\u0151l\u0151 j\u00e9g:<\/strong> L\u00e9d\u00fas sz\u0151l\u0151 friss\u00edt\u0151 jeges lecseng\u00e9ssel p\u00e1ros\u00edtva.<\/li>\n<\/ol>\n<h2>Mi\u00e9rt v\u00e1lassza a Fumot RandM Tornado 7000 Puffs-t?<\/h2>\n<p><strong>A Fumot RandM Tornado 7000 Puffs<\/strong> t\u00f6k\u00e9letes azok sz\u00e1m\u00e1ra, akik probl\u00e9mamentes, nagy teljes\u00edtm\u00e9ny\u0171 vaping eszk\u00f6zt keresnek. Hossz\u00fa slukksz\u00e1m\u00e1val, gazdag \u00edzv\u00e1laszt\u00e9k\u00e1val \u00e9s \u00fajrat\u00f6lthet\u0151 akkumul\u00e1tor\u00e1val t\u0171nik ki. Az \u00e1ll\u00edthat\u00f3 l\u00e9g\u00e1raml\u00e1si rendszerrel \u00e9s az eleg\u00e1ns RGB vil\u00e1g\u00edt\u00e1ssal pr\u00e9mium \u00e9lm\u00e9nyt ny\u00fajt, amely az \u00d6n preferenci\u00e1ihoz igazodik.<\/p>\n<h2>GYIK<\/h2>\n<ol>\n<li><strong>Meddig b\u00edrja az akkumul\u00e1tor?<\/strong><br \/>\nA RandM 7k 850mAh-s \u00fajrat\u00f6lthet\u0151 akkumul\u00e1tora egy teljes e-liquid ciklusra elegend\u0151, a Type-C t\u00f6lt\u00e9s pedig gyors ut\u00e1nt\u00f6lt\u00e9st tesz lehet\u0151v\u00e9.<\/li>\n<li><strong>Milyen nikotinszintekben kaphat\u00f3 a RandM 7k?<\/strong><br \/>\nV\u00e1lasszon 2% vagy 5% nikotins\u00f3 k\u00f6z\u00fcl a szem\u00e9lyre szabott er\u0151ss\u00e9g \u00e9rdek\u00e9ben.<\/li>\n<li><strong>H\u00e1ny \u00edzben kaphat\u00f3 a RandM vape 7k?<\/strong><br \/>\nA k\u00e9sz\u00fcl\u00e9k 56 egyedi \u00edzt k\u00edn\u00e1l, minden ig\u00e9nyt kiel\u00e9g\u00edtve.<\/li>\n<li><strong>\u00c1ll\u00edthat\u00f3 a Fumot 7k vape l\u00e9g\u00e1raml\u00e1sa?<\/strong><br \/>\nIgen, a l\u00e9g\u00e1raml\u00e1s-\u00e1ll\u00edt\u00f3 funkci\u00f3val szab\u00e1lyozhat\u00f3 a g\u0151z\u00f6l\u00e9s intenzit\u00e1sa.<\/li>\n<li><strong>Mennyi az e-liquid kapacit\u00e1sa a 7k RandM vape-nek?<\/strong><br \/>\nMinden RandM vape 7k 14ml e-liquidet tartalmaz, ami hosszan tart\u00f3 haszn\u00e1latot biztos\u00edt.<\/li>\n<\/ol>\n<h4>Fumot Vape 7k nagykeresked\u00e9s L\u00e9pjen kapcsolatba \u00e9s szerezzen be kedvezm\u00e9nyt most!<\/h4>\n<p><img decoding=\"async\" class=\"size-large wp-image-2921\" src=\"https:\/\/vapestornado.com\/wp-content\/uploads\/2024\/11\/20062b3a285f900e79520aad496b94d-887x1024.jpg\" alt=\"vapestornado Vicky\" width=\"887\" height=\"1024\" srcset=\"https:\/\/vapestornado.com\/wp-content\/uploads\/2024\/11\/20062b3a285f900e79520aad496b94d-887x1024.jpg 887w, https:\/\/vapestornado.com\/wp-content\/uploads\/2024\/11\/20062b3a285f900e79520aad496b94d-260x300.jpg 260w, https:\/\/vapestornado.com\/wp-content\/uploads\/2024\/11\/20062b3a285f900e79520aad496b94d-768x887.jpg 768w, https:\/\/vapestornado.com\/wp-content\/uploads\/2024\/11\/20062b3a285f900e79520aad496b94d-600x693.jpg 600w, https:\/\/vapestornado.com\/wp-content\/uploads\/2024\/11\/20062b3a285f900e79520aad496b94d.jpg 1080w\" sizes=\"(max-width: 887px) 100vw, 887px\" \/><\/p>","protected":false},"excerpt":{"rendered":"<p>A <strong data-start=\"1306\" data-end=\"1344\">Fumot RandM Tornado 7000 Puffs Vape<\/strong> kombin\u00e1lja az RGB diz\u00e1jnt, az \u00fajrat\u00f6lthet\u0151 akkumul\u00e1tort \u00e9s az \u00e1ll\u00edthat\u00f3 l\u00e9g\u00e1raml\u00e1st. Egy kompakt, 7K-s eldobhat\u00f3 eszk\u00f6z, amelyet a k\u00f6vetkez\u0151k sz\u00e1m\u00e1ra terveztek <strong data-start=\"1451\" data-end=\"1486\">nagykereskedelmi t\u00f6meges megrendel\u00e9sekhez Eur\u00f3p\u00e1ban<\/strong>.<\/p>\n<p><strong><span style=\"color: #ff0000;\">(a weboldalunkon felt\u00fcntetett \u00e1r nem tartalmazza a sz\u00e1ll\u00edt\u00e1si k\u00f6lts\u00e9get, k\u00e9rj\u00fck, vegye fel velem a kapcsolatot a teljes \u00e1r \u00e9s a kedvezm\u00e9nye miatt!)<\/span><\/strong><\/p>\n<p><img decoding=\"async\" class=\"size-medium wp-image-2921\" src=\"https:\/\/vapestornado.com\/wp-content\/uploads\/2024\/11\/20062b3a285f900e79520aad496b94d-260x300.jpg\" alt=\"vapestornado Vicky\" width=\"260\" height=\"300\" srcset=\"https:\/\/vapestornado.com\/wp-content\/uploads\/2024\/11\/20062b3a285f900e79520aad496b94d-260x300.jpg 260w, https:\/\/vapestornado.com\/wp-content\/uploads\/2024\/11\/20062b3a285f900e79520aad496b94d-887x1024.jpg 887w, https:\/\/vapestornado.com\/wp-content\/uploads\/2024\/11\/20062b3a285f900e79520aad496b94d-768x887.jpg 768w, https:\/\/vapestornado.com\/wp-content\/uploads\/2024\/11\/20062b3a285f900e79520aad496b94d-600x693.jpg 600w, https:\/\/vapestornado.com\/wp-content\/uploads\/2024\/11\/20062b3a285f900e79520aad496b94d.jpg 1080w\" sizes=\"(max-width: 260px) 100vw, 260px\" \/><\/p>","protected":false},"featured_media":3457,"comment_status":"open","ping_status":"closed","template":"","meta":{"_acf_changed":false,"_uag_custom_page_level_css":"","_lmt_disableupdate":"no","_lmt_disable":"","_monsterinsights_skip_tracking":false,"_monsterinsights_sitenote_active":false,"_monsterinsights_sitenote_note":"","_monsterinsights_sitenote_category":0,"site-sidebar-layout":"default","site-content-layout":"","ast-site-content-layout":"default","site-content-style":"default","site-sidebar-style":"default","ast-global-header-display":"","ast-banner-title-visibility":"","ast-main-header-display":"","ast-hfb-above-header-display":"","ast-hfb-below-header-display":"","ast-hfb-mobile-header-display":"","site-post-title":"","ast-breadcrumbs-content":"","ast-featured-img":"","footer-sml-layout":"","ast-disable-related-posts":"","theme-transparent-header-meta":"default","adv-header-id-meta":"","stick-header-meta":"","header-above-stick-meta":"","header-main-stick-meta":"","header-below-stick-meta":"","astra-migrate-meta-layouts":"set","ast-page-background-enabled":"default","ast-page-background-meta":{"desktop":{"background-color":"","background-image":"","background-repeat":"repeat","background-position":"center center","background-size":"auto","background-attachment":"scroll","background-type":"","background-media":"","overlay-type":"","overlay-color":"","overlay-opacity":"","overlay-gradient":""},"tablet":{"background-color":"","background-image":"","background-repeat":"repeat","background-position":"center center","background-size":"auto","background-attachment":"scroll","background-type":"","background-media":"","overlay-type":"","overlay-color":"","overlay-opacity":"","overlay-gradient":""},"mobile":{"background-color":"","background-image":"","background-repeat":"repeat","background-position":"center center","background-size":"auto","background-attachment":"scroll","background-type":"","background-media":"","overlay-type":"","overlay-color":"","overlay-opacity":"","overlay-gradient":""}},"ast-content-background-meta":{"desktop":{"background-color":"var(--ast-global-color-5)","background-image":"","background-repeat":"repeat","background-position":"center center","background-size":"auto","background-attachment":"scroll","background-type":"","background-media":"","overlay-type":"","overlay-color":"","overlay-opacity":"","overlay-gradient":""},"tablet":{"background-color":"var(--ast-global-color-5)","background-image":"","background-repeat":"repeat","background-position":"center center","background-size":"auto","background-attachment":"scroll","background-type":"","background-media":"","overlay-type":"","overlay-color":"","overlay-opacity":"","overlay-gradient":""},"mobile":{"background-color":"var(--ast-global-color-5)","background-image":"","background-repeat":"repeat","background-position":"center center","background-size":"auto","background-attachment":"scroll","background-type":"","background-media":"","overlay-type":"","overlay-color":"","overlay-opacity":"","overlay-gradient":""}},"_joinchat":{"telephone":"+8618077105750"}},"product_brand":[],"product_cat":[74,149,156,157,143,58,148],"product_tag":[],"class_list":{"0":"post-3450","1":"product","2":"type-product","3":"status-publish","4":"has-post-thumbnail","6":"product_cat-7000-puff","7":"product_cat-buy-disposable-vapes-in-austria","8":"product_cat-buy-disposable-vapes-in-poland","9":"product_cat-buy-disposable-vapes-in-portugal","10":"product_cat-dual-mesh-disposable-vapes","11":"product_cat-fumot-vape","12":"product_cat-tornado-disposable-vapes","13":"desktop-align-left","14":"tablet-align-left","15":"mobile-align-left","17":"first","18":"instock","19":"sale","20":"shipping-taxable","21":"purchasable","22":"product-type-simple"},"acf":[],"uagb_featured_image_src":{"full":["https:\/\/vapestornado.com\/wp-content\/uploads\/2024\/12\/Fumot-RandM-Tornado-7000-Puffs-Review-with-Real-Pictures.png",1000,678,false],"thumbnail":["https:\/\/vapestornado.com\/wp-content\/uploads\/2024\/12\/Fumot-RandM-Tornado-7000-Puffs-Review-with-Real-Pictures-150x150.png",150,150,true],"medium":["https:\/\/vapestornado.com\/wp-content\/uploads\/2024\/12\/Fumot-RandM-Tornado-7000-Puffs-Review-with-Real-Pictures-300x203.png",300,203,true],"medium_large":["https:\/\/vapestornado.com\/wp-content\/uploads\/2024\/12\/Fumot-RandM-Tornado-7000-Puffs-Review-with-Real-Pictures-768x521.png",768,521,true],"large":["https:\/\/vapestornado.com\/wp-content\/uploads\/2024\/12\/Fumot-RandM-Tornado-7000-Puffs-Review-with-Real-Pictures.png",1000,678,false],"1536x1536":["https:\/\/vapestornado.com\/wp-content\/uploads\/2024\/12\/Fumot-RandM-Tornado-7000-Puffs-Review-with-Real-Pictures.png",1000,678,false],"2048x2048":["https:\/\/vapestornado.com\/wp-content\/uploads\/2024\/12\/Fumot-RandM-Tornado-7000-Puffs-Review-with-Real-Pictures.png",1000,678,false],"trp-custom-language-flag":["https:\/\/vapestornado.com\/wp-content\/uploads\/2024\/12\/Fumot-RandM-Tornado-7000-Puffs-Review-with-Real-Pictures.png",18,12,false],"woocommerce_thumbnail":["https:\/\/vapestornado.com\/wp-content\/uploads\/2024\/12\/Fumot-RandM-Tornado-7000-Puffs-Review-with-Real-Pictures-300x300.png",300,300,true],"woocommerce_single":["https:\/\/vapestornado.com\/wp-content\/uploads\/2024\/12\/Fumot-RandM-Tornado-7000-Puffs-Review-with-Real-Pictures-600x407.png",600,407,true],"woocommerce_gallery_thumbnail":["https:\/\/vapestornado.com\/wp-content\/uploads\/2024\/12\/Fumot-RandM-Tornado-7000-Puffs-Review-with-Real-Pictures-100x100.png",100,100,true]},"uagb_author_info":{"display_name":"ESvicky","author_link":"https:\/\/vapestornado.com\/hu\/author\/"},"uagb_comment_info":0,"uagb_excerpt":"The Fumot RandM Tornado 7000 Puff Vape combines RGB design, rechargeable battery, and adjustable airflow. A compact 7K puff disposable built for wholesale bulk orders in Europe. (our website price not include shipping cost, please contact me to get whole price and your disccount!)","_links":{"self":[{"href":"https:\/\/vapestornado.com\/hu\/wp-json\/wp\/v2\/product\/3450","targetHints":{"allow":["GET"]}}],"collection":[{"href":"https:\/\/vapestornado.com\/hu\/wp-json\/wp\/v2\/product"}],"about":[{"href":"https:\/\/vapestornado.com\/hu\/wp-json\/wp\/v2\/types\/product"}],"replies":[{"embeddable":true,"href":"https:\/\/vapestornado.com\/hu\/wp-json\/wp\/v2\/comments?post=3450"}],"wp:featuredmedia":[{"embeddable":true,"href":"https:\/\/vapestornado.com\/hu\/wp-json\/wp\/v2\/media\/3457"}],"wp:attachment":[{"href":"https:\/\/vapestornado.com\/hu\/wp-json\/wp\/v2\/media?parent=3450"}],"wp:term":[{"taxonomy":"product_brand","embeddable":true,"href":"https:\/\/vapestornado.com\/hu\/wp-json\/wp\/v2\/product_brand?post=3450"},{"taxonomy":"product_cat","embeddable":true,"href":"https:\/\/vapestornado.com\/hu\/wp-json\/wp\/v2\/product_cat?post=3450"},{"taxonomy":"product_tag","embeddable":true,"href":"https:\/\/vapestornado.com\/hu\/wp-json\/wp\/v2\/product_tag?post=3450"}],"curies":[{"name":"wp","href":"https:\/\/api.w.org\/{rel}","templated":true}]}}