{"id":3445,"date":"2024-12-27T09:09:56","date_gmt":"2024-12-27T09:09:56","guid":{"rendered":"https:\/\/vapestornado.com\/?post_type=product&#038;p=3445"},"modified":"2025-08-23T10:50:44","modified_gmt":"2025-08-23T10:50:44","slug":"bood-pulse-pro-25k-50k-puffs-geek-bar-new-vape-bulk-price","status":"publish","type":"product","link":"https:\/\/vapestornado.com\/hu\/product\/bood-pulse-pro-25k-50k-puffs-geek-bar-new-vape-bulk-price\/","title":{"rendered":"Bood Pulse Pro 25k 50k Puffs Geek Bar \u00daj Vape T\u00f6meges \u00c1r"},"content":{"rendered":"<h1>Bood Pulse Pro 25k 50k Puffs Geek Bar \u00daj Vape T\u00f6meges \u00c1r<\/h1>\n<p>&nbsp;<\/p>\n<div role=\"article\" data-tabster=\"{&quot;groupper&quot;:{&quot;tabbability&quot;:2},&quot;focusable&quot;:{}}\" data-content=\"ai-message\" aria-labelledby=\"64JRvXrTnY7mRmPkEQLLT-author 64JRvXrTnY7mRmPkEQLLT-content\">\n<div id=\"64JRvXrTnY7mRmPkEQLLT-content\">\n<p data-start=\"210\" data-end=\"488\">A <strong data-start=\"214\" data-end=\"268\">Bood Pulse Pro 25K \/ 50K Puffs Eldobhat\u00f3 Vape Bar<\/strong> nagykeresked\u0151k \u00e9s kiskeresked\u0151k sz\u00e1m\u00e1ra k\u00e9sz\u00fclt, akik szeretn\u00e9k \u00fcgyfeleiknek a k\u00f6z\u00e9pkateg\u00f3ri\u00e1s \u00e9s az ultra-nagy kapacit\u00e1s\u00fa eszk\u00f6z\u00f6k k\u00f6z\u00f6tti v\u00e1laszt\u00e1st k\u00edn\u00e1lni. A <strong data-start=\"404\" data-end=\"437\">25 000 vagy 50 000 slukk opci\u00f3val<\/strong>ez a vape a k\u00f6nny\u0171 \u00e9s a nagy felhaszn\u00e1l\u00f3kat is kiszolg\u00e1lja.<\/p>\n<p data-start=\"490\" data-end=\"798\">Minden egys\u00e9get egy <strong data-start=\"517\" data-end=\"548\">850mAh-s \u00fajrat\u00f6lthet\u0151 akkumul\u00e1torral<\/strong> \u00e1ltal m\u0171k\u00f6dtetve <strong data-start=\"554\" data-end=\"578\">Type-C gyorst\u00f6lt\u00e9ssel<\/strong>t\u00e1pl\u00e1l, biztos\u00edtva a megb\u00edzhat\u00f3 teljes\u00edtm\u00e9nyt \u00e9s a minim\u00e1lis le\u00e1ll\u00e1st. A <strong data-start=\"636\" data-end=\"669\">38 ml-es el\u0151ret\u00f6lt\u00f6tt e-liquid tart\u00e1ly<\/strong> hosszabb haszn\u00e1latot biztos\u00edt, m\u00edg a <strong data-start=\"701\" data-end=\"734\">fejlett mesh coil technol\u00f3gi\u00e1val<\/strong> garant\u00e1lja a gazdag \u00edzt \u00e9s a sima g\u0151zt az elej\u00e9t\u0151l a v\u00e9g\u00e9ig.<\/p>\n<p data-start=\"800\" data-end=\"1124\">El\u00e9rhet\u0151 <strong data-start=\"813\" data-end=\"835\">nikotinmentes (0%)<\/strong>, valamint a <strong data-start=\"848\" data-end=\"880\">2% \u00e9s 5% nikotinszint<\/strong>, a <strong data-start=\"886\" data-end=\"912\">Bood Pulse Pro 25K\/50K<\/strong> sz\u00e9les k\u00f6r\u0171 magyarorsz\u00e1gi \u00fcgyf\u00e9lk\u00f6rnek felel meg. A <strong data-start=\"959\" data-end=\"1027\">letisztult diz\u00e1jn, az er\u0151s g\u0151zk\u00e9pz\u00e9s \u00e9s a t\u00f6meges \u00e1raz\u00e1s<\/strong> vonz\u00f3v\u00e1 teszi a vape boltok \u00e9s forgalmaz\u00f3k sz\u00e1m\u00e1ra, akik megb\u00edzhat\u00f3 nagykereskedelmi k\u00e9szletet keresnek.<\/p>\n<p>&nbsp;<\/p>\n<\/div>\n<\/div>\n<p><img fetchpriority=\"high\" decoding=\"async\" class=\"alignleft wp-image-2951 size-medium\" src=\"https:\/\/vapestornado.com\/wp-content\/uploads\/2024\/12\/Wholesale-Disposable-Vape-265x300.jpg\" alt=\"Nagykereskedelmi eldobhat\u00f3 Vape\" width=\"265\" height=\"300\" srcset=\"https:\/\/vapestornado.com\/wp-content\/uploads\/2024\/12\/Wholesale-Disposable-Vape-265x300.jpg 265w, https:\/\/vapestornado.com\/wp-content\/uploads\/2024\/12\/Wholesale-Disposable-Vape-768x871.jpg 768w, https:\/\/vapestornado.com\/wp-content\/uploads\/2024\/12\/Wholesale-Disposable-Vape-600x680.jpg 600w, https:\/\/vapestornado.com\/wp-content\/uploads\/2024\/12\/Wholesale-Disposable-Vape.jpg 823w\" sizes=\"(max-width: 265px) 100vw, 265px\" \/><\/p>\n<h6>K\u00e9rj\u00fck, vegye fel a kapcsolatot Mandy WhatsApp-j\u00e1val a kedvezm\u00e9nyes \u00e1r\u00e9rt<a href=\"https:\/\/wa.me\/8618077105796\" target=\"_blank\" rel=\"noopener\">+8618077105796<\/a><\/h6>\n<div class=\"flex max-w-full flex-col flex-grow\">\n<div class=\"min-h-8 text-message flex w-full flex-col items-end gap-2 whitespace-normal break-words text-start [.text-message+&amp;]:mt-5\" dir=\"auto\" data-message-author-role=\"assistant\" data-message-id=\"cdb991c0-f594-4bff-b2d5-fbbdd7ce9e54\" data-message-model-slug=\"gpt-4o-mini\">\n<div class=\"flex w-full flex-col gap-1 empty:hidden first:pt-[3px]\">\n<div class=\"markdown prose w-full break-words dark:prose-invert light\"><\/div>\n<\/div>\n<\/div>\n<\/div>\n<div class=\"mb-2 flex gap-3 empty:hidden -ml-2\">\n<h2><strong>Bood Pulse Pro 50k Sz\u00edv\u00e1s <\/strong>Kiemelked\u0151 tulajdons\u00e1gok:<\/h2>\n<ul>\n<li><strong>50 000 f\u00faj\u00e1s<\/strong>: Kiv\u00e9teles \u00e9lettartam a hosszan tart\u00f3 g\u0151z\u00f6l\u00e9si \u00fcl\u00e9sekhez<\/li>\n<li><strong>E-liquid kapacit\u00e1s<\/strong>: B\u0151s\u00e9ges 38 ml a kevesebb ut\u00e1nt\u00f6lt\u00e9shez<\/li>\n<li><strong>Akkumul\u00e1tor \u00e9lettartam<\/strong>: Tart\u00f3s 850 mAh-s \u00fajrat\u00f6lthet\u0151 akkumul\u00e1tor az egyenletes teljes\u00edtm\u00e9ny\u00e9rt<\/li>\n<li><strong>Nikotin opci\u00f3k<\/strong>: 0%, 2% \u00e9s 5% v\u00e1ltozatok az egy\u00e9ni preferenci\u00e1knak megfelel\u0151en<\/li>\n<li><strong>H\u00e1l\u00f3s tekercs<\/strong>: Fokozott \u00edz- \u00e9s g\u0151ztermel\u00e9s<\/li>\n<\/ul>\n<\/div>\n<h2>Bood Pulse Pro 50000 Puffs \u00edzlista:<\/h2>\n<p>1.DINNYE ANAN\u00c1SZ NARANCS<br \/>\n2.\u00c1FONYA SAVANY\u00da M\u00c1LNA<br \/>\n3.DINNYE KIVI<br \/>\n4.\u00c1FONYA DINNYE<br \/>\n5.FEKETE SZEDER J\u00c9G<br \/>\n6.H\u00c1RMAS DINNYE<br \/>\n7.EPER J\u00c9G<br \/>\n8.EPER DINNYE J\u00c9G<br \/>\n9.DUPLA LIMON\u00c1D\u00c9<br \/>\n10.SZ\u0150L\u0150 \u00c1FONYA V\u00d6R\u00d6S \u00c1FONYA M\u00c1LNA<\/p>\n<div role=\"article\" data-tabster=\"{&quot;groupper&quot;:{&quot;tabbability&quot;:2},&quot;focusable&quot;:{}}\" data-content=\"ai-message\" aria-labelledby=\"dARUyEWDoEYhnSPXFwx5A-author dARUyEWDoEYhnSPXFwx5A-content\">\n<div id=\"dARUyEWDoEYhnSPXFwx5A-content\">\n<h2>Mi\u00e9rt \u00e9rdemes a Bood Pulse Pro 25k\/50k Puffs-t v\u00e1lasztani a vapestornado.com-on?<\/h2>\n<p>A <strong>Bood Pulse Pro 25k\/50k Sz\u00edv\u00e1s<\/strong> az eldobhat\u00f3 vape a legjobb v\u00e1laszt\u00e1s azoknak a vapereknek, akik teljes\u00edtm\u00e9nyt, k\u00e9nyelmet \u00e9s min\u0151s\u00e9get keresnek. Kiz\u00e1r\u00f3lag a <strong>vapestornado.hu<\/strong>oldalon \u00e9rhet\u0151 el, ez az eszk\u00f6z sz\u00e1mos funkci\u00f3t k\u00edn\u00e1l, amelyek c\u00e9lja a g\u0151z\u00f6l\u00e9si \u00e9lm\u00e9ny fokoz\u00e1sa. \u00cdme, mi\u00e9rt \u00e9rdemes a Bood Pulse Pro-t v\u00e1lasztani:<\/p>\n<ul>\n<li><strong>P\u00e1ratlan \u00e9lettartam<\/strong><\/li>\n<\/ul>\n<p>Egy leny\u0171g\u00f6z\u0151 <strong>25 000-t\u0151l 50 000 slukkon \u00e1t<\/strong>a Bood Pulse Pro az egyik leghosszabb \u00e9lettartam\u00fa eldobhat\u00f3 vape a piacon. Nem kell agg\u00f3dnia a gyakori cser\u00e9k miatt, \u00edgy t\u00f6k\u00e9letes a mindennapi haszn\u00e1latra \u00e9s a hossz\u00fa t\u00e1v\u00fa el\u00e9gedetts\u00e9gre.<\/p>\n<ul>\n<li><strong>Sokoldal\u00fa nikotin opci\u00f3k<\/strong><\/li>\n<\/ul>\n<p>A Bood Pulse Pro <strong>nikotinmentes<\/strong>, <strong>2%<\/strong>, \u00e9s <strong>5%<\/strong> nikotin opci\u00f3kkal \u00e9rkezik, \u00edgy rugalmasan v\u00e1laszthatja meg a k\u00edv\u00e1nt nikotinszintet. Ak\u00e1r a nikotinr\u00f3l szeretne leszokni, ak\u00e1r egy er\u0151s slukkot szeretne, van egy t\u00f6k\u00e9letes lehet\u0151s\u00e9g az \u00d6n sz\u00e1m\u00e1ra.<\/p>\n<ul>\n<li><strong>Nagy E-liquid Kapacit\u00e1s<\/strong><\/li>\n<\/ul>\n<p>T\u00f6bb mint <strong>38 ml e-liquiddel<\/strong>t\u00f6ltve a Bood Pulse Pro b\u0151ven elegend\u0151 folyad\u00e9kot k\u00edn\u00e1l a hosszan tart\u00f3 g\u0151z\u00f6l\u00e9shez, gyakori ut\u00e1nt\u00f6lt\u00e9s n\u00e9lk\u00fcl. Ez k\u00e9nyelmes \u00e9s megb\u00edzhat\u00f3 v\u00e1laszt\u00e1ss\u00e1 teszi az \u00faton l\u00e9v\u0151 felhaszn\u00e1l\u00f3k sz\u00e1m\u00e1ra.<\/p>\n<ul>\n<li><strong>Er\u0151teljes Teljes\u00edtm\u00e9ny<\/strong><\/li>\n<\/ul>\n<p>Er\u0151s <strong>850mAh-s \u00fajrat\u00f6lthet\u0151 akkumul\u00e1torral<\/strong>a Bood Pulse Pro egyenletes teljes\u00edtm\u00e9nyt biztos\u00edt a hossz\u00fa \u00e9lettartam alatt. A <strong>h\u00e1l\u00f3s tekercs<\/strong> az optim\u00e1lis \u00edz \u00e9s a sima g\u0151ztermel\u00e9s \u00e9rdek\u00e9ben minden egyes slukk pr\u00e9mium \u00e9lm\u00e9nyt ny\u00fajt.<\/p>\n<ul>\n<li><strong>Megb\u00edzhat\u00f3 Min\u0151s\u00e9g<\/strong><\/li>\n<\/ul>\n<p>A vapestornado.com a legjobb vaping term\u00e9kek v\u00e1logatott k\u00edn\u00e1lat\u00e1t ny\u00fajtja, \u00e9s a <strong>Bood Pulse Pro 25k\/50k Sz\u00edv\u00e1s<\/strong> sem kiv\u00e9tel. N\u00e1lunk garant\u00e1ltan eredeti term\u00e9keket, versenyk\u00e9pes \u00e1rakat \u00e9s gyors, megb\u00edzhat\u00f3 sz\u00e1ll\u00edt\u00e1st kap.<\/p>\n<ul>\n<li><strong>Vev\u0151i el\u00e9gedetts\u00e9g<\/strong><\/li>\n<\/ul>\n<p>A vapestornado.com-on a vev\u0151i el\u00e9gedetts\u00e9g a legfontosabb. Kiv\u00e1l\u00f3 \u00fcgyf\u00e9lszolg\u00e1latot biztos\u00edtunk a z\u00f6kken\u0151mentes v\u00e1s\u00e1rl\u00e1si \u00e9lm\u00e9ny \u00e9rdek\u00e9ben, bele\u00e9rtve az egyszer\u0171 visszak\u00fcld\u00e9st, r\u00e9szletes term\u00e9kinform\u00e1ci\u00f3kat \u00e9s szem\u00e9lyre szabott t\u00e1mogat\u00e1st.<\/p>\n<p>&nbsp;<\/p>\n<\/div>\n<\/div>\n<h2>Gyakran Ism\u00e9telt K\u00e9rd\u00e9sek a Bood Pulse Pro 25k\/50k Puffs Vape Podokkal kapcsolatban<\/h2>\n<p>\u00cdme n\u00e9h\u00e1ny gyakran ism\u00e9telt k\u00e9rd\u00e9s, hogy jobban meg\u00e9rtse a <strong>Bood Pulse Pro 25k\/50k Puffs Vape Podokat<\/strong>:<\/p>\n<h4>1. <strong>Meddig tart a Bood Pulse Pro 50000 Puffs vape?<\/strong><\/h4>\n<p>A <strong>A Bood Pulse Pro<\/strong> leny\u0171g\u00f6z\u0151 \u00e9lettartamot k\u00edn\u00e1l, ak\u00e1r <strong>25 000-t\u0151l 50 000 slukkon \u00e1t<\/strong>, a haszn\u00e1latt\u00f3l f\u00fcgg\u0151en. Ez a hosszan tart\u00f3 kialak\u00edt\u00e1s biztos\u00edtja, hogy nem kell gyakran cser\u00e9lnie eszk\u00f6z\u00e9t, \u00edgy kiv\u00e1l\u00f3 v\u00e1laszt\u00e1s a mindennapi haszn\u00e1latra.<\/p>\n<h4>2. <strong>Milyen nikotiner\u0151ss\u00e9g\u0171 opci\u00f3k \u00e1llnak rendelkez\u00e9sre a Bood 50000 puffs vaporban?<\/strong><\/h4>\n<p>A Bood Pulse Pro a k\u00f6vetkez\u0151 <strong>nikotinmentes<\/strong>, <strong>2%<\/strong>, \u00e9s <strong>5%<\/strong> nikotin opci\u00f3kban kaphat\u00f3. Ak\u00e1r enyhe, ak\u00e1r er\u0151sebb nikotinbevitelt szeretne, mindenki sz\u00e1m\u00e1ra van lehet\u0151s\u00e9g. A nikotinmentes v\u00e1ltozat t\u00f6k\u00e9letes azok sz\u00e1m\u00e1ra, akik nikotin n\u00e9lk\u00fcl szeretn\u00e9nek vapelni.<\/p>\n<h4>3. <strong>Mekkora az e-liquid kapacit\u00e1sa a Bood Pulse Pro 50000 puffnak?<\/strong><\/h4>\n<p>Az eszk\u00f6z el\u0151re van t\u00f6ltve <strong>38 ml e-liquiddel<\/strong>, b\u0151s\u00e9ges folyad\u00e9kot biztos\u00edtva a hosszabb vaping session\u00f6kh\u00f6z. Ez kevesebb ut\u00e1nt\u00f6lt\u00e9st \u00e9s nagyobb k\u00e9nyelmet jelent a vaperek sz\u00e1m\u00e1ra.<\/p>\n<h4>4. <strong>Hol v\u00e1s\u00e1rolhatom meg a Bood Pulse Pro 25000 50000 Puffs-t?<\/strong><\/h4>\n<p>Megv\u00e1s\u00e1rolhatja a <strong>Bood Pulse Pro 25k\/50k Puffs Vape Podokat<\/strong> k\u00f6zvetlen\u00fcl a <strong>vapestornado.hu<\/strong>. Gyors sz\u00e1ll\u00edt\u00e1st, versenyk\u00e9pes \u00e1rakat \u00e9s kiv\u00e9teles \u00fcgyf\u00e9lszolg\u00e1latot k\u00edn\u00e1lunk a z\u00f6kken\u0151mentes v\u00e1s\u00e1rl\u00e1si \u00e9lm\u00e9ny \u00e9rdek\u00e9ben.<\/p>\n<p>Tov\u00e1bbi inform\u00e1ci\u00f3k\u00e9rt vagy konkr\u00e9t k\u00e9rd\u00e9sekkel forduljon bizalommal \u00fcgyf\u00e9lszolg\u00e1latunkhoz!<\/p>","protected":false},"excerpt":{"rendered":"<p>A <strong data-start=\"1168\" data-end=\"1205\">Bood Pulse Pro 25K\/50K Sz\u00edv\u00e1s Elektromos Cigaretta<\/strong> kett\u0151s kapacit\u00e1si lehet\u0151s\u00e9geket, h\u00e1l\u00f3s tekercsteljes\u00edtm\u00e9nyt \u00e9s \u00fajrat\u00f6lthet\u0151 energi\u00e1t k\u00edn\u00e1l. Egy sokoldal\u00fa eldobhat\u00f3 eszk\u00f6z, amelyet a k\u00f6vetkez\u0151k sz\u00e1m\u00e1ra terveztek: <strong data-start=\"1319\" data-end=\"1354\">eur\u00f3pai nagykereskedelmi v\u00e1s\u00e1rl\u00f3k sz\u00e1m\u00e1ra terveztek<\/strong>.<\/p>\n<figure id=\"attachment_2951\" aria-describedby=\"caption-attachment-2951\" style=\"width: 265px\" class=\"wp-caption alignnone\"><img decoding=\"async\" class=\"size-medium wp-image-2951\" src=\"https:\/\/vapestornado.com\/wp-content\/uploads\/2024\/12\/Wholesale-Disposable-Vape-265x300.jpg\" alt=\"Nagykereskedelmi eldobhat\u00f3 Vape\" width=\"265\" height=\"300\" srcset=\"https:\/\/vapestornado.com\/wp-content\/uploads\/2024\/12\/Wholesale-Disposable-Vape-265x300.jpg 265w, https:\/\/vapestornado.com\/wp-content\/uploads\/2024\/12\/Wholesale-Disposable-Vape-768x871.jpg 768w, https:\/\/vapestornado.com\/wp-content\/uploads\/2024\/12\/Wholesale-Disposable-Vape-600x680.jpg 600w, https:\/\/vapestornado.com\/wp-content\/uploads\/2024\/12\/Wholesale-Disposable-Vape.jpg 823w\" sizes=\"(max-width: 265px) 100vw, 265px\" \/><figcaption id=\"caption-attachment-2951\" class=\"wp-caption-text\">K\u00e9rj\u00fck, vegye fel a kapcsolatot Mandy WhatsApp-j\u00e1val a kedvezm\u00e9nyes \u00e1r\u00e9rt\u00a0 <a href=\"https:\/\/wa.me\/8618077105796\">+8618077105796<\/a><\/figcaption><\/figure>\n<p>&nbsp;<\/p>","protected":false},"featured_media":3504,"comment_status":"open","ping_status":"closed","template":"","meta":{"_acf_changed":false,"_uag_custom_page_level_css":"","_lmt_disableupdate":"no","_lmt_disable":"","_monsterinsights_skip_tracking":false,"_monsterinsights_sitenote_active":false,"_monsterinsights_sitenote_note":"","_monsterinsights_sitenote_category":0,"site-sidebar-layout":"default","site-content-layout":"","ast-site-content-layout":"default","site-content-style":"default","site-sidebar-style":"default","ast-global-header-display":"","ast-banner-title-visibility":"","ast-main-header-display":"","ast-hfb-above-header-display":"","ast-hfb-below-header-display":"","ast-hfb-mobile-header-display":"","site-post-title":"","ast-breadcrumbs-content":"","ast-featured-img":"","footer-sml-layout":"","ast-disable-related-posts":"","theme-transparent-header-meta":"default","adv-header-id-meta":"","stick-header-meta":"","header-above-stick-meta":"","header-main-stick-meta":"","header-below-stick-meta":"","astra-migrate-meta-layouts":"set","ast-page-background-enabled":"default","ast-page-background-meta":{"desktop":{"background-color":"","background-image":"","background-repeat":"repeat","background-position":"center center","background-size":"auto","background-attachment":"scroll","background-type":"","background-media":"","overlay-type":"","overlay-color":"","overlay-opacity":"","overlay-gradient":""},"tablet":{"background-color":"","background-image":"","background-repeat":"repeat","background-position":"center center","background-size":"auto","background-attachment":"scroll","background-type":"","background-media":"","overlay-type":"","overlay-color":"","overlay-opacity":"","overlay-gradient":""},"mobile":{"background-color":"","background-image":"","background-repeat":"repeat","background-position":"center center","background-size":"auto","background-attachment":"scroll","background-type":"","background-media":"","overlay-type":"","overlay-color":"","overlay-opacity":"","overlay-gradient":""}},"ast-content-background-meta":{"desktop":{"background-color":"var(--ast-global-color-5)","background-image":"","background-repeat":"repeat","background-position":"center center","background-size":"auto","background-attachment":"scroll","background-type":"","background-media":"","overlay-type":"","overlay-color":"","overlay-opacity":"","overlay-gradient":""},"tablet":{"background-color":"var(--ast-global-color-5)","background-image":"","background-repeat":"repeat","background-position":"center center","background-size":"auto","background-attachment":"scroll","background-type":"","background-media":"","overlay-type":"","overlay-color":"","overlay-opacity":"","overlay-gradient":""},"mobile":{"background-color":"var(--ast-global-color-5)","background-image":"","background-repeat":"repeat","background-position":"center center","background-size":"auto","background-attachment":"scroll","background-type":"","background-media":"","overlay-type":"","overlay-color":"","overlay-opacity":"","overlay-gradient":""}},"_joinchat":{"telephone":"+8618077105796"}},"product_brand":[],"product_cat":[192,140,193,155,156],"product_tag":[190,97],"class_list":{"0":"post-3445","1":"product","2":"type-product","3":"status-publish","4":"has-post-thumbnail","6":"product_cat-50000-puff","7":"product_cat-big-puffs-disposable-vapes","8":"product_cat-bood-disposable-vapes","9":"product_cat-buy-disposable-vapes-in-norway","10":"product_cat-buy-disposable-vapes-in-poland","11":"product_tag-bood-pulse-pro-50000","12":"product_tag-hot-sale-disposable-vape","13":"desktop-align-left","14":"tablet-align-left","15":"mobile-align-left","17":"first","18":"instock","19":"sale","20":"shipping-taxable","21":"purchasable","22":"product-type-simple"},"acf":[],"uagb_featured_image_src":{"full":["https:\/\/vapestornado.com\/wp-content\/uploads\/2024\/12\/Bood-vape-pulse-pro-25000-Puffs-50000-Puffs.jpg",800,800,false],"thumbnail":["https:\/\/vapestornado.com\/wp-content\/uploads\/2024\/12\/Bood-vape-pulse-pro-25000-Puffs-50000-Puffs-150x150.jpg",150,150,true],"medium":["https:\/\/vapestornado.com\/wp-content\/uploads\/2024\/12\/Bood-vape-pulse-pro-25000-Puffs-50000-Puffs-300x300.jpg",300,300,true],"medium_large":["https:\/\/vapestornado.com\/wp-content\/uploads\/2024\/12\/Bood-vape-pulse-pro-25000-Puffs-50000-Puffs-768x768.jpg",768,768,true],"large":["https:\/\/vapestornado.com\/wp-content\/uploads\/2024\/12\/Bood-vape-pulse-pro-25000-Puffs-50000-Puffs.jpg",800,800,false],"1536x1536":["https:\/\/vapestornado.com\/wp-content\/uploads\/2024\/12\/Bood-vape-pulse-pro-25000-Puffs-50000-Puffs.jpg",800,800,false],"2048x2048":["https:\/\/vapestornado.com\/wp-content\/uploads\/2024\/12\/Bood-vape-pulse-pro-25000-Puffs-50000-Puffs.jpg",800,800,false],"trp-custom-language-flag":["https:\/\/vapestornado.com\/wp-content\/uploads\/2024\/12\/Bood-vape-pulse-pro-25000-Puffs-50000-Puffs.jpg",12,12,false],"woocommerce_thumbnail":["https:\/\/vapestornado.com\/wp-content\/uploads\/2024\/12\/Bood-vape-pulse-pro-25000-Puffs-50000-Puffs-300x300.jpg",300,300,true],"woocommerce_single":["https:\/\/vapestornado.com\/wp-content\/uploads\/2024\/12\/Bood-vape-pulse-pro-25000-Puffs-50000-Puffs-600x600.jpg",600,600,true],"woocommerce_gallery_thumbnail":["https:\/\/vapestornado.com\/wp-content\/uploads\/2024\/12\/Bood-vape-pulse-pro-25000-Puffs-50000-Puffs-100x100.jpg",100,100,true]},"uagb_author_info":{"display_name":"ESMANDY","author_link":"https:\/\/vapestornado.com\/hu\/author\/"},"uagb_comment_info":0,"uagb_excerpt":"The Bood Pulse Pro 25K\/50K Puffs Vape offers dual capacity options, mesh coil performance, and rechargeable power. A versatile disposable designed for wholesale bulk buyers in Europe. [caption id=\"attachment_2951\" align=\"alignnone\" width=\"265\"] Pls Contact Mandy's WhatsApp For Discount Price\u00a0 +8618077105796[\/caption] &nbsp;","_links":{"self":[{"href":"https:\/\/vapestornado.com\/hu\/wp-json\/wp\/v2\/product\/3445","targetHints":{"allow":["GET"]}}],"collection":[{"href":"https:\/\/vapestornado.com\/hu\/wp-json\/wp\/v2\/product"}],"about":[{"href":"https:\/\/vapestornado.com\/hu\/wp-json\/wp\/v2\/types\/product"}],"replies":[{"embeddable":true,"href":"https:\/\/vapestornado.com\/hu\/wp-json\/wp\/v2\/comments?post=3445"}],"wp:featuredmedia":[{"embeddable":true,"href":"https:\/\/vapestornado.com\/hu\/wp-json\/wp\/v2\/media\/3504"}],"wp:attachment":[{"href":"https:\/\/vapestornado.com\/hu\/wp-json\/wp\/v2\/media?parent=3445"}],"wp:term":[{"taxonomy":"product_brand","embeddable":true,"href":"https:\/\/vapestornado.com\/hu\/wp-json\/wp\/v2\/product_brand?post=3445"},{"taxonomy":"product_cat","embeddable":true,"href":"https:\/\/vapestornado.com\/hu\/wp-json\/wp\/v2\/product_cat?post=3445"},{"taxonomy":"product_tag","embeddable":true,"href":"https:\/\/vapestornado.com\/hu\/wp-json\/wp\/v2\/product_tag?post=3445"}],"curies":[{"name":"wp","href":"https:\/\/api.w.org\/{rel}","templated":true}]}}