{"id":3429,"date":"2024-12-27T08:28:48","date_gmt":"2024-12-27T08:28:48","guid":{"rendered":"https:\/\/vapestornado.com\/?post_type=product&#038;p=3429"},"modified":"2025-08-23T12:20:11","modified_gmt":"2025-08-23T12:20:11","slug":"fumot-randm-tornado-9000-puffs-disposable-vape","status":"publish","type":"product","link":"https:\/\/vapestornado.com\/hu\/product\/fumot-randm-tornado-9000-puffs-disposable-vape\/","title":{"rendered":"Fumot RandM Tornado 9000 Puffs eldobhat\u00f3 Vape"},"content":{"rendered":"<h1>Fumot RandM Tornado 9000 Puffs eldobhat\u00f3 Vape<\/h1>\n<p>A <strong data-start=\"312\" data-end=\"362\">Fumot RandM Tornado 9000 Puffs eldobhat\u00f3 Vape<\/strong> azoknak a vapereknek k\u00e9sz\u00fclt, akik megb\u00edzhat\u00f3s\u00e1got \u00e9s gazdag \u00edzt szeretn\u00e9nek st\u00edlusos kivitelben. Egy <strong data-start=\"459\" data-end=\"490\">600mAh-s \u00fajrat\u00f6lthet\u0151 akkumul\u00e1tor<\/strong> \u00e1ltal m\u0171k\u00f6dtetve <strong data-start=\"496\" data-end=\"520\">Type-C gyorst\u00f6lt\u00e9ssel<\/strong>-vel m\u0171k\u00f6dik, ez az eszk\u00f6z t\u00e1mogatja <strong data-start=\"543\" data-end=\"563\">ak\u00e1r 9000 slukk<\/strong> a saj\u00e1t <strong data-start=\"573\" data-end=\"610\">18 ml-es el\u0151ret\u00f6lt\u00f6tt e-liquidtart\u00e1ly\u00e1b\u00f3l<\/strong>.<\/p>\n<p>Felszerelve egy <strong data-start=\"637\" data-end=\"655\">0,8\u03a9 mesh coil<\/strong>, sima slukkokat, egyenletes g\u0151ztermel\u00e9st \u00e9s fokozott \u00edzintenzit\u00e1st biztos\u00edt. A <strong data-start=\"748\" data-end=\"786\">21 mg\/ml \u00e9s 51 mg\/ml nikotins\u00f3 opci\u00f3kkal<\/strong>, mind az alkalmi, mind a nagy fogyaszt\u00f3knak megfelel.<\/p>\n<p>A <strong data-start=\"838\" data-end=\"861\">RGB vil\u00e1g\u00edt\u00e1si effektus<\/strong> sz\u00f3rakoztat\u00f3, modern megjelen\u00e9st k\u00f6lcs\u00f6n\u00f6z, \u00edgy n\u00e9pszer\u0171 v\u00e1laszt\u00e1s a fiatalabb eur\u00f3pai v\u00e1s\u00e1rl\u00f3k k\u00f6r\u00e9ben. Leny\u0171g\u00f6z\u0151 <strong data-start=\"968\" data-end=\"982\">43 \u00edz<\/strong> el\u00e9rhet\u0151 \u2013 a gy\u00fcm\u00f6lcs\u00f6s kever\u00e9kekt\u0151l az jeges mentolon \u00e1t \u2013 a RandM Tornado 9K sz\u00e9les k\u00f6r\u0171 vonzer\u0151t biztos\u00edt. Kompakt, hordozhat\u00f3 \u00e9s vizu\u00e1lisan felt\u0171n\u0151, k\u00f6telez\u0151 darab a <strong data-start=\"1132\" data-end=\"1182\">nagykereskedelmi vape-besz\u00e1ll\u00edt\u00f3k \u00e9s t\u00f6meges forgalmaz\u00f3k<\/strong> sz\u00e1m\u00e1ra, akik nagy kereslet\u0171 term\u00e9keket keresnek.<\/p>\n<figure id=\"attachment_3443\" aria-describedby=\"caption-attachment-3443\" style=\"width: 1000px\" class=\"wp-caption alignnone\"><img fetchpriority=\"high\" decoding=\"async\" class=\"size-full wp-image-3443\" src=\"https:\/\/vapestornado.com\/wp-content\/uploads\/2024\/12\/Mesh-Coil-Disposable-Vape-9000-Puffs.jpg\" alt=\"H\u00e1l\u00f3s Tekercses Eldobhat\u00f3 Vape 9000 Puffs\" width=\"1000\" height=\"520\" srcset=\"https:\/\/vapestornado.com\/wp-content\/uploads\/2024\/12\/Mesh-Coil-Disposable-Vape-9000-Puffs.jpg 1000w, https:\/\/vapestornado.com\/wp-content\/uploads\/2024\/12\/Mesh-Coil-Disposable-Vape-9000-Puffs-300x156.jpg 300w, https:\/\/vapestornado.com\/wp-content\/uploads\/2024\/12\/Mesh-Coil-Disposable-Vape-9000-Puffs-768x399.jpg 768w, https:\/\/vapestornado.com\/wp-content\/uploads\/2024\/12\/Mesh-Coil-Disposable-Vape-9000-Puffs-600x312.jpg 600w\" sizes=\"(max-width: 1000px) 100vw, 1000px\" \/><figcaption id=\"caption-attachment-3443\" class=\"wp-caption-text\">H\u00e1l\u00f3s Tekercses Eldobhat\u00f3 Vape 9000 Puffs<\/figcaption><\/figure>\n<h3>Term\u00e9kjellemz\u0151k<\/h3>\n<ol>\n<li><strong>Hossz\u00fa Haszn\u00e1lat<\/strong>: 9000 slukk 18 ml e-liquiddel a hosszan tart\u00f3 teljes\u00edtm\u00e9ny \u00e9rdek\u00e9ben.<\/li>\n<li><strong>\u00dajrat\u00f6lthet\u0151 akkumul\u00e1tor<\/strong>: 600mAh-s akkumul\u00e1tor Type-C gyorst\u00f6lt\u00e9ssel.<\/li>\n<li><strong>H\u00e1l\u00f3s tekercs<\/strong>: 0,8 ohmos tekercs az \u00e1lland\u00f3 \u00edz\u00e9rt \u00e9s s\u0171r\u0171 g\u0151z\u00e9rt.<\/li>\n<li><strong>RGB F\u00e9ny<\/strong>: St\u00edlusos vil\u00e1g\u00edt\u00e1s, amely fokozza a g\u0151z\u00f6l\u00e9si \u00e9lm\u00e9nyt.<\/li>\n<li><strong>43 El\u00e9rhet\u0151 \u00cdz<\/strong>: \u00cdzek sz\u00e9les v\u00e1laszt\u00e9ka.<\/li>\n<\/ol>\n<h3>\u00cdzlista<\/h3>\n<ol>\n<li>\u00c1fonya M\u00e1lna<\/li>\n<li>Mr Blue<\/li>\n<li>Eperdinnye<\/li>\n<li>Narancssz\u00f3d\u00e1s \u00dcd\u00edt\u0151<\/li>\n<li>G\u00f6r\u00f6gdinnye R\u00e1g\u00f3gumi<\/li>\n<li>Sziv\u00e1rv\u00e1ny Cukorka<\/li>\n<li>R\u00f3zsasz\u00edn Limon\u00e1d\u00e9<\/li>\n<li>\u0150szibarack Mang\u00f3 Anan\u00e1sz<\/li>\n<li>Eper Ban\u00e1n<\/li>\n<li>Luxus J\u00e9g<\/li>\n<li>Fekete S\u00e1rk\u00e1ny J\u00e9g<\/li>\n<li>Aloe Sz\u0151l\u0151<\/li>\n<li>K\u00e9k Razz Ice<\/li>\n<li>Kivi Maracuja Guava<\/li>\n<li>Gum\u00ed B\u00e9ka<\/li>\n<li>Vegyes Bogy\u00f3k<\/li>\n<li>H\u0171v\u00f6s Mentol<\/li>\n<li>M\u00e1lna G\u00f6r\u00f6gdinnye<\/li>\n<li>\u0150szibarack Limon\u00e1d\u00e9<\/li>\n<li>Guava J\u00e9g<\/li>\n<li>Epres Limon\u00e1d\u00e9<\/li>\n<li>G\u00f6r\u00f6gdinnye Brazz J\u00e9g<\/li>\n<li>Ban\u00e1n Kr\u00e9m<\/li>\n<li>\u0150szibarack Bogy\u00f3<\/li>\n<li>Eperkr\u00e9m<\/li>\n<li>Savany\u00fa Cukorka<\/li>\n<li>Citrom<\/li>\n<li>Cseresznye<\/li>\n<li>Sz\u00e9nsavas Cseresznye<\/li>\n<li>\u00c1fonya Cseresznye V\u00f6r\u00f6s\u00e1fonya<\/li>\n<li>Vimto<\/li>\n<li>Skittles<\/li>\n<li>Fekete j\u00e9g<\/li>\n<li>Sz\u0151l\u0151<\/li>\n<li>K\u00e9kfens\u00e9ges J\u00e9g<\/li>\n<li>Eper j\u00e9g<\/li>\n<li>K\u00e9k Razz Kush<\/li>\n<li>J\u00e9gkr\u00e9m<\/li>\n<li>\u00c1fonya savany\u00fa m\u00e1lna<\/li>\n<li>Anan\u00e1sz<\/li>\n<li>Cseresznye \u0150szibarack Limon\u00e1d\u00e9<\/li>\n<li>Eper M\u00e1lna Cseresznye<\/li>\n<li>Tripla Mang\u00f3<\/li>\n<\/ol>\n<h3>RandM Tornado 9000 Puffs Top 5 \u00cdzek<\/h3>\n<ol>\n<li><strong>K\u00e9k Razz Ice<\/strong>: \u00c9des \u00e9s savanyk\u00e1s k\u00e9k m\u00e1lna h\u0171s\u00edt\u0151 ut\u00f3\u00edzzel.<\/li>\n<li><strong>\u0150szibarack Mang\u00f3 Anan\u00e1sz<\/strong>: Egy tr\u00f3pusi tri\u00f3 tele l\u00e9d\u00fas \u00e9dess\u00e9ggel.<\/li>\n<li><strong>G\u00f6r\u00f6gdinnye R\u00e1g\u00f3gumi<\/strong>: Klasszikus r\u00e1g\u00f3gumi \u00edz, friss\u00edt\u0151 g\u00f6r\u00f6gdinnye csavarral.<\/li>\n<li><strong>Sziv\u00e1rv\u00e1ny Cukorka<\/strong>: Gy\u00fcm\u00f6lcs\u00f6s cukork\u00e1k kever\u00e9ke egy nosztalgikus \u00e9lm\u00e9ny\u00e9rt.<\/li>\n<li><strong>Fekete S\u00e1rk\u00e1ny J\u00e9g<\/strong>: Mer\u00e9sz feketeribizli fagyos mentol r\u00fag\u00e1ssal.<\/li>\n<\/ol>\n<h3>Mi\u00e9rt v\u00e1laszd a Fumot RandM Tornado 9000 Puffs-ot?<\/h3>\n<ul>\n<li><strong>Magas puffsz\u00e1m<\/strong>: \u00c9lvezze az ak\u00e1r 9000 slukkot 18 ml e-liquiddel.<\/li>\n<li><strong>Pr\u00e9mium teljes\u00edtm\u00e9ny<\/strong>: A mesh coil \u00e9s az \u00fajrat\u00f6lthet\u0151 akkumul\u00e1tor biztos\u00edtja a konzisztens \u00edzt \u00e9s a k\u00e9nyelmet.<\/li>\n<li><strong>St\u00edlusos design<\/strong>: Az RGB vil\u00e1g\u00edt\u00e1s modern, sz\u00f3rakoztat\u00f3 hat\u00e1st k\u00f6lcs\u00f6n\u00f6z.<\/li>\n<li><strong>Sz\u00e9les \u00edzv\u00e1laszt\u00e9k<\/strong>: 43 izgalmas \u00edz, amelyek minden ig\u00e9nyt kiel\u00e9g\u00edtenek.<\/li>\n<li><strong>Hordozhat\u00f3 \u00e9s tart\u00f3s<\/strong>: Kompakt, m\u00e9gis er\u0151teljes, t\u00f6k\u00e9letes a mindennapi g\u0151z\u00f6l\u00e9shez.<\/li>\n<\/ul>\n<h3>GYIK<\/h3>\n<p><strong>1. k\u00e9rd\u00e9s: Meddig b\u00edrja a 600mAh-s akkumul\u00e1tor egyetlen felt\u00f6lt\u00e9ssel?<\/strong><br \/>\nA 600mAh-s \u00fajrat\u00f6lthet\u0151 akkumul\u00e1tor t\u00f6bb \u00f3r\u00e1nyi folyamatos g\u0151z\u00f6l\u00e9st biztos\u00edt, \u00e9s Type-C k\u00e1bellel t\u00f6lthet\u0151.<\/p>\n<p><strong>2. k\u00e9rd\u00e9s: Mind a 43 \u00edz el\u00e9rhet\u0151 t\u00f6meges v\u00e1s\u00e1rl\u00e1sra?<\/strong><br \/>\nIgen, mind a 43 \u00edz el\u00e9rhet\u0151 nagykereskedelmi \u00e9s t\u00f6meges v\u00e1s\u00e1rl\u00e1sra.<\/p>\n<p><strong>3. k\u00e9rd\u00e9s: Milyen nikotinszintek \u00e1llnak rendelkez\u00e9sre?<\/strong><br \/>\nA Fumot RandM Tornado 9000 Puffs 2%-os \u00e9s 5%-os nikotins\u00f3 opci\u00f3kkal kaphat\u00f3.<\/p>\n<p><strong>4. k\u00e9rd\u00e9s: Mi a h\u00e1l\u00f3s tekercs el\u0151nye?<\/strong><br \/>\nA 0,8 ohmos h\u00e1l\u00f3s tekercs egyenletesebb g\u0151zk\u00e9pz\u0151d\u00e9st \u00e9s fokozott \u00edz\u00e1tvitelt biztos\u00edt.<\/p>\n<p><strong>5. k\u00e9rd\u00e9s: A RandM Vape 9k tartalmaz t\u00f6lt\u0151k\u00e1belt?<\/strong><br \/>\nIgen, a RandM 9k kompatibilis a Type-C t\u00f6lt\u0151k\u00e1belekkel, b\u00e1r a k\u00e1bel k\u00fcl\u00f6n v\u00e1s\u00e1rolhat\u00f3 meg.<\/p>\n<h4>Fumot Vape 7k nagykeresked\u00e9s L\u00e9pjen kapcsolatba \u00e9s szerezzen be kedvezm\u00e9nyt most!<\/h4>\n<p><img decoding=\"async\" class=\"size-large wp-image-2921\" src=\"https:\/\/vapestornado.com\/wp-content\/uploads\/2024\/11\/20062b3a285f900e79520aad496b94d-887x1024.jpg\" alt=\"vapestornado Vicky\" width=\"887\" height=\"1024\" srcset=\"https:\/\/vapestornado.com\/wp-content\/uploads\/2024\/11\/20062b3a285f900e79520aad496b94d-887x1024.jpg 887w, https:\/\/vapestornado.com\/wp-content\/uploads\/2024\/11\/20062b3a285f900e79520aad496b94d-260x300.jpg 260w, https:\/\/vapestornado.com\/wp-content\/uploads\/2024\/11\/20062b3a285f900e79520aad496b94d-768x887.jpg 768w, https:\/\/vapestornado.com\/wp-content\/uploads\/2024\/11\/20062b3a285f900e79520aad496b94d-600x693.jpg 600w, https:\/\/vapestornado.com\/wp-content\/uploads\/2024\/11\/20062b3a285f900e79520aad496b94d.jpg 1080w\" sizes=\"(max-width: 887px) 100vw, 887px\" \/><\/p>","protected":false},"excerpt":{"rendered":"<p><strong>RandM Tornado 9000 Puffs Eldobhat\u00f3 Vape<\/strong> 9000 sz\u00edv\u00e1st, 600mAh akkumul\u00e1tort, RGB vil\u00e1g\u00edt\u00e1st, h\u00e1l\u00f3s tekercset \u00e9s 43 \u00e9l\u00e9nk \u00edzt k\u00edn\u00e1l a kiv\u00e9teles g\u0151z\u00f6l\u00e9si \u00e9lm\u00e9ny\u00e9rt.<\/p>\n<p><strong><span style=\"color: #ff0000;\">(a weboldalunkon felt\u00fcntetett \u00e1r nem tartalmazza a sz\u00e1ll\u00edt\u00e1si k\u00f6lts\u00e9get, k\u00e9rj\u00fck, vegye fel velem a kapcsolatot a teljes \u00e1r \u00e9s a kedvezm\u00e9nye miatt!)<\/span><\/strong><\/p>\n<p><img decoding=\"async\" class=\"size-medium wp-image-2921\" src=\"https:\/\/vapestornado.com\/wp-content\/uploads\/2024\/11\/20062b3a285f900e79520aad496b94d-260x300.jpg\" alt=\"vapestornado Vicky\" width=\"260\" height=\"300\" srcset=\"https:\/\/vapestornado.com\/wp-content\/uploads\/2024\/11\/20062b3a285f900e79520aad496b94d-260x300.jpg 260w, https:\/\/vapestornado.com\/wp-content\/uploads\/2024\/11\/20062b3a285f900e79520aad496b94d-887x1024.jpg 887w, https:\/\/vapestornado.com\/wp-content\/uploads\/2024\/11\/20062b3a285f900e79520aad496b94d-768x887.jpg 768w, https:\/\/vapestornado.com\/wp-content\/uploads\/2024\/11\/20062b3a285f900e79520aad496b94d-600x693.jpg 600w, https:\/\/vapestornado.com\/wp-content\/uploads\/2024\/11\/20062b3a285f900e79520aad496b94d.jpg 1080w\" sizes=\"(max-width: 260px) 100vw, 260px\" \/><\/p>","protected":false},"featured_media":3439,"comment_status":"open","ping_status":"closed","template":"","meta":{"_acf_changed":false,"_uag_custom_page_level_css":"","_lmt_disableupdate":"no","_lmt_disable":"","_monsterinsights_skip_tracking":false,"_monsterinsights_sitenote_active":false,"_monsterinsights_sitenote_note":"","_monsterinsights_sitenote_category":0,"site-sidebar-layout":"default","site-content-layout":"","ast-site-content-layout":"default","site-content-style":"default","site-sidebar-style":"default","ast-global-header-display":"","ast-banner-title-visibility":"","ast-main-header-display":"","ast-hfb-above-header-display":"","ast-hfb-below-header-display":"","ast-hfb-mobile-header-display":"","site-post-title":"","ast-breadcrumbs-content":"","ast-featured-img":"","footer-sml-layout":"","ast-disable-related-posts":"","theme-transparent-header-meta":"default","adv-header-id-meta":"","stick-header-meta":"","header-above-stick-meta":"","header-main-stick-meta":"","header-below-stick-meta":"","astra-migrate-meta-layouts":"set","ast-page-background-enabled":"default","ast-page-background-meta":{"desktop":{"background-color":"","background-image":"","background-repeat":"repeat","background-position":"center center","background-size":"auto","background-attachment":"scroll","background-type":"","background-media":"","overlay-type":"","overlay-color":"","overlay-opacity":"","overlay-gradient":""},"tablet":{"background-color":"","background-image":"","background-repeat":"repeat","background-position":"center center","background-size":"auto","background-attachment":"scroll","background-type":"","background-media":"","overlay-type":"","overlay-color":"","overlay-opacity":"","overlay-gradient":""},"mobile":{"background-color":"","background-image":"","background-repeat":"repeat","background-position":"center center","background-size":"auto","background-attachment":"scroll","background-type":"","background-media":"","overlay-type":"","overlay-color":"","overlay-opacity":"","overlay-gradient":""}},"ast-content-background-meta":{"desktop":{"background-color":"var(--ast-global-color-5)","background-image":"","background-repeat":"repeat","background-position":"center center","background-size":"auto","background-attachment":"scroll","background-type":"","background-media":"","overlay-type":"","overlay-color":"","overlay-opacity":"","overlay-gradient":""},"tablet":{"background-color":"var(--ast-global-color-5)","background-image":"","background-repeat":"repeat","background-position":"center center","background-size":"auto","background-attachment":"scroll","background-type":"","background-media":"","overlay-type":"","overlay-color":"","overlay-opacity":"","overlay-gradient":""},"mobile":{"background-color":"var(--ast-global-color-5)","background-image":"","background-repeat":"repeat","background-position":"center center","background-size":"auto","background-attachment":"scroll","background-type":"","background-media":"","overlay-type":"","overlay-color":"","overlay-opacity":"","overlay-gradient":""}},"_joinchat":{"telephone":"+8618077105750"}},"product_brand":[],"product_cat":[73,151,152,157,58,144,148],"product_tag":[112],"class_list":{"0":"post-3429","1":"product","2":"type-product","3":"status-publish","4":"has-post-thumbnail","6":"product_cat-9000-puff","7":"product_cat-buy-disposable-vapes-in-france","8":"product_cat-buy-disposable-vapes-in-cermany","9":"product_cat-buy-disposable-vapes-in-portugal","10":"product_cat-fumot-vape","11":"product_cat-low-nicotine-disposable-vapes","12":"product_cat-tornado-disposable-vapes","13":"product_tag-randm-tornado-9000","14":"desktop-align-left","15":"tablet-align-left","16":"mobile-align-left","18":"first","19":"instock","20":"sale","21":"shipping-taxable","22":"purchasable","23":"product-type-simple"},"acf":[],"uagb_featured_image_src":{"full":["https:\/\/vapestornado.com\/wp-content\/uploads\/2024\/12\/Fumot-RandM-Tornado-9000-Puffs-Real-Pictures.jpg",1000,1000,false],"thumbnail":["https:\/\/vapestornado.com\/wp-content\/uploads\/2024\/12\/Fumot-RandM-Tornado-9000-Puffs-Real-Pictures-150x150.jpg",150,150,true],"medium":["https:\/\/vapestornado.com\/wp-content\/uploads\/2024\/12\/Fumot-RandM-Tornado-9000-Puffs-Real-Pictures-300x300.jpg",300,300,true],"medium_large":["https:\/\/vapestornado.com\/wp-content\/uploads\/2024\/12\/Fumot-RandM-Tornado-9000-Puffs-Real-Pictures-768x768.jpg",768,768,true],"large":["https:\/\/vapestornado.com\/wp-content\/uploads\/2024\/12\/Fumot-RandM-Tornado-9000-Puffs-Real-Pictures.jpg",1000,1000,false],"1536x1536":["https:\/\/vapestornado.com\/wp-content\/uploads\/2024\/12\/Fumot-RandM-Tornado-9000-Puffs-Real-Pictures.jpg",1000,1000,false],"2048x2048":["https:\/\/vapestornado.com\/wp-content\/uploads\/2024\/12\/Fumot-RandM-Tornado-9000-Puffs-Real-Pictures.jpg",1000,1000,false],"trp-custom-language-flag":["https:\/\/vapestornado.com\/wp-content\/uploads\/2024\/12\/Fumot-RandM-Tornado-9000-Puffs-Real-Pictures.jpg",12,12,false],"woocommerce_thumbnail":["https:\/\/vapestornado.com\/wp-content\/uploads\/2024\/12\/Fumot-RandM-Tornado-9000-Puffs-Real-Pictures-300x300.jpg",300,300,true],"woocommerce_single":["https:\/\/vapestornado.com\/wp-content\/uploads\/2024\/12\/Fumot-RandM-Tornado-9000-Puffs-Real-Pictures-600x600.jpg",600,600,true],"woocommerce_gallery_thumbnail":["https:\/\/vapestornado.com\/wp-content\/uploads\/2024\/12\/Fumot-RandM-Tornado-9000-Puffs-Real-Pictures-100x100.jpg",100,100,true]},"uagb_author_info":{"display_name":"ESvicky","author_link":"https:\/\/vapestornado.com\/hu\/author\/"},"uagb_comment_info":0,"uagb_excerpt":"RandM Tornado 9000 Puffs Disposable Vape offers 9000 puffs, 600mAh battery, RGB lighting, mesh coil, and 43 vibrant flavors for an exceptional vaping experience. (our website price not include shipping cost, please contact me to get whole price and your disccount!)","_links":{"self":[{"href":"https:\/\/vapestornado.com\/hu\/wp-json\/wp\/v2\/product\/3429","targetHints":{"allow":["GET"]}}],"collection":[{"href":"https:\/\/vapestornado.com\/hu\/wp-json\/wp\/v2\/product"}],"about":[{"href":"https:\/\/vapestornado.com\/hu\/wp-json\/wp\/v2\/types\/product"}],"replies":[{"embeddable":true,"href":"https:\/\/vapestornado.com\/hu\/wp-json\/wp\/v2\/comments?post=3429"}],"wp:featuredmedia":[{"embeddable":true,"href":"https:\/\/vapestornado.com\/hu\/wp-json\/wp\/v2\/media\/3439"}],"wp:attachment":[{"href":"https:\/\/vapestornado.com\/hu\/wp-json\/wp\/v2\/media?parent=3429"}],"wp:term":[{"taxonomy":"product_brand","embeddable":true,"href":"https:\/\/vapestornado.com\/hu\/wp-json\/wp\/v2\/product_brand?post=3429"},{"taxonomy":"product_cat","embeddable":true,"href":"https:\/\/vapestornado.com\/hu\/wp-json\/wp\/v2\/product_cat?post=3429"},{"taxonomy":"product_tag","embeddable":true,"href":"https:\/\/vapestornado.com\/hu\/wp-json\/wp\/v2\/product_tag?post=3429"}],"curies":[{"name":"wp","href":"https:\/\/api.w.org\/{rel}","templated":true}]}}