{"id":3421,"date":"2024-12-27T07:57:48","date_gmt":"2024-12-27T07:57:48","guid":{"rendered":"https:\/\/vapestornado.com\/?post_type=product&#038;p=3421"},"modified":"2025-08-23T12:05:35","modified_gmt":"2025-08-23T12:05:35","slug":"fumot-randm-tornado-15000-puffs-disposable-vape","status":"publish","type":"product","link":"https:\/\/vapestornado.com\/hu\/product\/fumot-randm-tornado-15000-puffs-disposable-vape\/","title":{"rendered":"Fumot RandM Tornado 15000 Puffs eldobhat\u00f3 Vape"},"content":{"rendered":"<h1>Fumot RandM Tornado 15000 Puffs eldobhat\u00f3 Vape<\/h1>\n<p>A <strong data-start=\"332\" data-end=\"383\">Fumot RandM Tornado 15000 Puffs eldobhat\u00f3 Vape<\/strong> azoknak a kiskeresked\u0151knek \u00e9s forgalmaz\u00f3knak k\u00e9sz\u00fclt, akik nagy kapacit\u00e1s\u00fa, funkci\u00f3kban gazdag eszk\u00f6zt szeretn\u00e9nek k\u00edn\u00e1lni versenyk\u00e9pes nagykereskedelmi \u00e1ron. Ak\u00e1r <strong data-start=\"534\" data-end=\"550\">15 000 slukk<\/strong>, ez a vape egyes\u00edti a <strong data-start=\"571\" data-end=\"599\">25 ml el\u0151ret\u00f6lt\u00f6tt e-liquidet<\/strong> \u00e1ltal m\u0171k\u00f6dtetve <strong data-start=\"605\" data-end=\"634\">dupla h\u00e1l\u00f3s tekercs technol\u00f3gi\u00e1ja<\/strong>, biztos\u00edtva a sima g\u0151zt \u00e9s a k\u00f6vetkezetes \u00edzt minden alkalommal.<\/p>\n<p>Egy <strong data-start=\"714\" data-end=\"752\">er\u0151s 850mAh-s \u00fajrat\u00f6lthet\u0151 akkumul\u00e1tort<\/strong> \u00e9s fel van szerelve <strong data-start=\"771\" data-end=\"795\">Type-C gyorst\u00f6lt\u00e9ssel<\/strong>, a Tornado 15K minim\u00e1lis le\u00e1ll\u00e1st \u00e9s megb\u00edzhat\u00f3 teljes\u00edtm\u00e9nyt garant\u00e1l. A <strong data-start=\"871\" data-end=\"894\">LED digit\u00e1lis kijelz\u0151<\/strong> lehet\u0151v\u00e9 teszi a felhaszn\u00e1l\u00f3k sz\u00e1m\u00e1ra, hogy azonnal ellen\u0151rizz\u00e9k a slukkok sz\u00e1m\u00e1t \u00e9s az akkumul\u00e1tor \u00e9lettartam\u00e1t, modern, felhaszn\u00e1l\u00f3bar\u00e1t \u00e9rint\u00e9st adva.<\/p>\n<p>El\u00e9rhet\u0151 <strong data-start=\"1016\" data-end=\"1037\">51 egyedi \u00edz<\/strong> \u00e9s nikotiner\u0151ss\u00e9gek <strong data-start=\"1064\" data-end=\"1076\">2% vagy 5%<\/strong>mellett a RandM Tornado 15000 v\u00e1ltozatoss\u00e1got \u00e9s el\u00e9gedetts\u00e9get k\u00edn\u00e1l a sz\u00e9les v\u00e1s\u00e1rl\u00f3k\u00f6z\u00f6ns\u00e9g sz\u00e1m\u00e1ra. St\u00edlusos, tart\u00f3s \u00e9s hat\u00e9kony, t\u00f6k\u00e9letes v\u00e1laszt\u00e1s t\u00f6meges v\u00e1s\u00e1rl\u00f3knak \u00e9s \u00fczleteknek, akik egy bev\u00e1lt bestsellerrel szeretn\u00e9k b\u0151v\u00edteni eldobhat\u00f3 vape v\u00e1laszt\u00e9kukat.<\/p>\n<p><img fetchpriority=\"high\" decoding=\"async\" class=\"alignnone size-large wp-image-3428\" src=\"https:\/\/vapestornado.com\/wp-content\/uploads\/2024\/12\/LED-Screen-Disposable-Vape-RandM-Tornado-15000-Puffs-1024x657.jpg\" alt=\"LED kijelz\u0151s eldobhat\u00f3 Vape RandM Tornado 15000 Puffs\" width=\"1024\" height=\"657\" srcset=\"https:\/\/vapestornado.com\/wp-content\/uploads\/2024\/12\/LED-Screen-Disposable-Vape-RandM-Tornado-15000-Puffs-1024x657.jpg 1024w, https:\/\/vapestornado.com\/wp-content\/uploads\/2024\/12\/LED-Screen-Disposable-Vape-RandM-Tornado-15000-Puffs-300x192.jpg 300w, https:\/\/vapestornado.com\/wp-content\/uploads\/2024\/12\/LED-Screen-Disposable-Vape-RandM-Tornado-15000-Puffs-768x492.jpg 768w, https:\/\/vapestornado.com\/wp-content\/uploads\/2024\/12\/LED-Screen-Disposable-Vape-RandM-Tornado-15000-Puffs-1536x985.jpg 1536w, https:\/\/vapestornado.com\/wp-content\/uploads\/2024\/12\/LED-Screen-Disposable-Vape-RandM-Tornado-15000-Puffs-600x385.jpg 600w, https:\/\/vapestornado.com\/wp-content\/uploads\/2024\/12\/LED-Screen-Disposable-Vape-RandM-Tornado-15000-Puffs.jpg 2048w\" sizes=\"(max-width: 1024px) 100vw, 1024px\" \/><\/p>\n<hr \/>\n<h3>Term\u00e9kjellemz\u0151k<\/h3>\n<ol>\n<li><strong>Hossz\u00fa Haszn\u00e1lat<\/strong>: <strong>15,000<\/strong> slukk <strong>25ml<\/strong> e-liquid a hosszan tart\u00f3 teljes\u00edtm\u00e9ny\u00e9rt.<\/li>\n<li><strong>\u00dajrat\u00f6lthet\u0151 akkumul\u00e1tor<\/strong>: Integr\u00e1lt <strong>850mAh<\/strong> akkumul\u00e1tor <strong>Type-C<\/strong> gyorst\u00f6lt\u00e9ssel.<\/li>\n<li><strong>Dupla h\u00e1l\u00f3s tekercs<\/strong>: Fokozott g\u0151ztermel\u00e9s \u00e9s \u00edz\u00e1tvitel.<\/li>\n<li><strong>LED kijelz\u0151<\/strong>: Val\u00f3s idej\u0171 slukk- \u00e9s akkumul\u00e1torfigyel\u00e9s.<\/li>\n<li><strong>41 el\u00e9rhet\u0151 \u00edz<\/strong>: Izgalmas lehet\u0151s\u00e9gek sz\u00e9les v\u00e1laszt\u00e9ka minden preferenci\u00e1hoz.<\/li>\n<\/ol>\n<hr \/>\n<h3>\u00cdzlista<\/h3>\n<ol>\n<li>K\u00e9k m\u00e1lna limon\u00e1d\u00e9<\/li>\n<li>\u0150szibarack j\u00e9g<\/li>\n<li>Savany\u00fa alma<\/li>\n<li>G\u00f6r\u00f6gdinnye J\u00e9g<\/li>\n<li>\u00c1fonya j\u00e9gen<\/li>\n<li>\u00c1fonya M\u00e1lna<\/li>\n<li>Anan\u00e1sz J\u00e9g<\/li>\n<li>Cseresznye<\/li>\n<li>Eper j\u00e9g<\/li>\n<li>Vimto<\/li>\n<li>Sz\u0151l\u0151 J\u00e9g<\/li>\n<li>K\u00f3la J\u00e9g<\/li>\n<li>Eperdinnye<\/li>\n<li>R\u00f3zsasz\u00edn Limon\u00e1d\u00e9<\/li>\n<li>Vegyes bogy\u00f3s gy\u00fcm\u00f6lcs\u00f6k<\/li>\n<li>\u0150szibarack mang\u00f3<\/li>\n<li>S\u00e1rk\u00e1nygy\u00fcm\u00f6lcs<\/li>\n<li>Eper Sz\u0151l\u0151<\/li>\n<li>Mr Blue<\/li>\n<li>Luxus J\u00e9g<\/li>\n<li>J\u00e9gkr\u00e9m<\/li>\n<li>Eper Kiwi<\/li>\n<li>Kivi Maracuja Guava<\/li>\n<li>H\u00e1romszoros bogy\u00f3s gy\u00fcm\u00f6lcs<\/li>\n<li>Ban\u00e1n j\u00e9g<\/li>\n<li>\u0150szibarack \u00e1fonya cukorka<\/li>\n<li>Alma \u0150szibarack K\u00f6rte<\/li>\n<li>Bogy\u00f3s Gy\u00fcm\u00f6lcs\u00f6s Limon\u00e1d\u00e9<\/li>\n<li>K\u00e9k M\u00e1lna Cseresznye<\/li>\n<li>\u00c1fony\u00e1s R\u00e1g\u00f3gumi<\/li>\n<li>\u00c1fonya Cseresznye V\u00f6r\u00f6s\u00e1fonya<\/li>\n<li>\u00c1fonya Gr\u00e1n\u00e1talma<\/li>\n<li>K\u00e9k Savany\u00fa M\u00e1lna<\/li>\n<li>Cseresznye k\u00f3la<\/li>\n<li>Gum\u00ed B\u00e9ka<\/li>\n<li>Citrom<\/li>\n<li>Mang\u00f3 J\u00e9gen<\/li>\n<li>Piros Energia J\u00e9g<\/li>\n<li>Eper Ban\u00e1n<\/li>\n<li>Eper Red Bull<\/li>\n<li>Eper G\u00f6r\u00f6gdinnye Limon\u00e1d\u00e9<\/li>\n<\/ol>\n<hr \/>\n<h3>RandM Tornado 15000 Puffs Top 5 \u00cdz<\/h3>\n<ol>\n<li><strong>K\u00e9k m\u00e1lna limon\u00e1d\u00e9<\/strong>: Friss\u00edt\u0151 \u00e1fonya savanyk\u00e1s limon\u00e1d\u00e9val.<\/li>\n<li><strong>\u0150szibarack mang\u00f3<\/strong>: \u00c9des \u0151szibarack tr\u00f3pusi mang\u00f3val keverve.<\/li>\n<li><strong>Luxus J\u00e9g<\/strong>: G\u00f6r\u00f6gdinnye jeges, mentolos lecseng\u00e9ssel.<\/li>\n<li><strong>Gum\u00ed B\u00e9ka<\/strong>: Nosztalgikus cukorka \u00edz gy\u00fcm\u00f6lcs\u00f6s csavarral.<\/li>\n<li><strong>Eper Kiwi<\/strong>: L\u00e9d\u00fas eper savanyk\u00e1s kivivel p\u00e1ros\u00edtva.<\/li>\n<\/ol>\n<hr \/>\n<h3>Mi\u00e9rt v\u00e1lassza a RandM Tornado 15000 Puffs-ot?<\/h3>\n<ul>\n<li><strong>Hatalmas slukksz\u00e1m<\/strong>: 15,000 slukkot k\u00edn\u00e1l a hosszan tart\u00f3 el\u00e9gedetts\u00e9g\u00e9rt.<\/li>\n<li><strong>Pr\u00e9mium \u00edzk\u00edn\u00e1lat<\/strong>: A kett\u0151s h\u00e1l\u00f3s tekercs egyenletes, gazdag \u00edzt biztos\u00edt.<\/li>\n<li><strong>K\u00e9nyelmes kialak\u00edt\u00e1s<\/strong>: \u00dajrat\u00f6lthet\u0151 Type-C porttal \u00e9s LED-kijelz\u0151vel a nyomon k\u00f6vet\u00e9shez.<\/li>\n<li><strong>P\u00e1ratlan v\u00e1ltozatoss\u00e1g<\/strong>: 41 \u00edz, hogy minden \u00edzl\u00e9snek megfeleljen.<\/li>\n<li><strong>Hordozhat\u00f3 \u00e9s st\u00edlusos<\/strong>: Kompakt kialak\u00edt\u00e1s eleg\u00e1ns LED-kijelz\u0151vel.<\/li>\n<\/ul>\n<hr \/>\n<h3>GYIK<\/h3>\n<p><strong>K1: Meddig b\u00edrja az akkumul\u00e1tor egyetlen felt\u00f6lt\u00e9ssel?<\/strong><br \/>\nA RandM 15000 puffs eldobhat\u00f3 vape 850mAh-s \u00fajrat\u00f6lthet\u0151 akkumul\u00e1torral rendelkezik, amely \u00f3r\u00e1kon \u00e1t tart\u00f3 folyamatos g\u0151z\u00f6l\u00e9st tesz lehet\u0151v\u00e9 \u00e9s k\u00f6nnyed\u00e9n \u00fajrat\u00f6lthet\u0151 egy Type-C k\u00e1bellel.<\/p>\n<p><strong>K2: Mind a 41 \u00edz el\u00e9rhet\u0151 Magyarorsz\u00e1gon?<\/strong><br \/>\nIgen, a 41 \u00edz teljes v\u00e1laszt\u00e9ka el\u00e9rhet\u0151 Magyarorsz\u00e1gon, \u00edgy biztosan megtal\u00e1lja kedvenc\u00e9t, b\u00e1rhol is legyen.<\/p>\n<p><strong>Q3: Milyen nikotiner\u0151ss\u00e9gek \u00e1llnak rendelkez\u00e9sre?<\/strong><br \/>\nA Fumot RandM Tornado 15000 Puffs 2%-os \u00e9s 5%-os nikotins\u00f3 opci\u00f3kkal kaphat\u00f3.<\/p>\n<h4>Fumot Vape 7k nagykeresked\u00e9s L\u00e9pjen kapcsolatba \u00e9s szerezzen be kedvezm\u00e9nyt most!<\/h4>\n<p><img decoding=\"async\" class=\"size-large wp-image-2921\" src=\"https:\/\/vapestornado.com\/wp-content\/uploads\/2024\/11\/20062b3a285f900e79520aad496b94d-887x1024.jpg\" alt=\"vapestornado Vicky\" width=\"887\" height=\"1024\" srcset=\"https:\/\/vapestornado.com\/wp-content\/uploads\/2024\/11\/20062b3a285f900e79520aad496b94d-887x1024.jpg 887w, https:\/\/vapestornado.com\/wp-content\/uploads\/2024\/11\/20062b3a285f900e79520aad496b94d-260x300.jpg 260w, https:\/\/vapestornado.com\/wp-content\/uploads\/2024\/11\/20062b3a285f900e79520aad496b94d-768x887.jpg 768w, https:\/\/vapestornado.com\/wp-content\/uploads\/2024\/11\/20062b3a285f900e79520aad496b94d-600x693.jpg 600w, https:\/\/vapestornado.com\/wp-content\/uploads\/2024\/11\/20062b3a285f900e79520aad496b94d.jpg 1080w\" sizes=\"(max-width: 887px) 100vw, 887px\" \/><\/p>","protected":false},"excerpt":{"rendered":"<p><strong>RandM Tornado 15000 Puffs Eldobhat\u00f3 Vape<\/strong> 51 \u00edzt, 850mAh-s \u00fajrat\u00f6lthet\u0151 akkumul\u00e1tort, LED kijelz\u0151t, dupla h\u00e1l\u00f3s tekercset \u00e9s 15 000 slukkot k\u00edn\u00e1l a hosszan tart\u00f3 \u00e9lvezet\u00e9rt.<\/p>\n<p><strong><span style=\"color: #ff0000;\">(a weboldalunkon felt\u00fcntetett \u00e1r nem tartalmazza a sz\u00e1ll\u00edt\u00e1si k\u00f6lts\u00e9get, k\u00e9rj\u00fck, vegye fel velem a kapcsolatot a teljes \u00e1r \u00e9s a kedvezm\u00e9nye miatt!)<\/span><\/strong><\/p>\n<p><img decoding=\"async\" class=\"size-medium wp-image-2921\" src=\"https:\/\/vapestornado.com\/wp-content\/uploads\/2024\/11\/20062b3a285f900e79520aad496b94d-260x300.jpg\" alt=\"vapestornado Vicky\" width=\"260\" height=\"300\" srcset=\"https:\/\/vapestornado.com\/wp-content\/uploads\/2024\/11\/20062b3a285f900e79520aad496b94d-260x300.jpg 260w, https:\/\/vapestornado.com\/wp-content\/uploads\/2024\/11\/20062b3a285f900e79520aad496b94d-887x1024.jpg 887w, https:\/\/vapestornado.com\/wp-content\/uploads\/2024\/11\/20062b3a285f900e79520aad496b94d-768x887.jpg 768w, https:\/\/vapestornado.com\/wp-content\/uploads\/2024\/11\/20062b3a285f900e79520aad496b94d-600x693.jpg 600w, https:\/\/vapestornado.com\/wp-content\/uploads\/2024\/11\/20062b3a285f900e79520aad496b94d.jpg 1080w\" sizes=\"(max-width: 260px) 100vw, 260px\" \/><\/p>","protected":false},"featured_media":3425,"comment_status":"open","ping_status":"closed","template":"","meta":{"_acf_changed":false,"_uag_custom_page_level_css":"","_lmt_disableupdate":"no","_lmt_disable":"","_monsterinsights_skip_tracking":false,"_monsterinsights_sitenote_active":false,"_monsterinsights_sitenote_note":"","_monsterinsights_sitenote_category":0,"site-sidebar-layout":"default","site-content-layout":"","ast-site-content-layout":"default","site-content-style":"default","site-sidebar-style":"default","ast-global-header-display":"","ast-banner-title-visibility":"","ast-main-header-display":"","ast-hfb-above-header-display":"","ast-hfb-below-header-display":"","ast-hfb-mobile-header-display":"","site-post-title":"","ast-breadcrumbs-content":"","ast-featured-img":"","footer-sml-layout":"","ast-disable-related-posts":"","theme-transparent-header-meta":"default","adv-header-id-meta":"","stick-header-meta":"","header-above-stick-meta":"","header-main-stick-meta":"","header-below-stick-meta":"","astra-migrate-meta-layouts":"set","ast-page-background-enabled":"default","ast-page-background-meta":{"desktop":{"background-color":"","background-image":"","background-repeat":"repeat","background-position":"center center","background-size":"auto","background-attachment":"scroll","background-type":"","background-media":"","overlay-type":"","overlay-color":"","overlay-opacity":"","overlay-gradient":""},"tablet":{"background-color":"","background-image":"","background-repeat":"repeat","background-position":"center center","background-size":"auto","background-attachment":"scroll","background-type":"","background-media":"","overlay-type":"","overlay-color":"","overlay-opacity":"","overlay-gradient":""},"mobile":{"background-color":"","background-image":"","background-repeat":"repeat","background-position":"center center","background-size":"auto","background-attachment":"scroll","background-type":"","background-media":"","overlay-type":"","overlay-color":"","overlay-opacity":"","overlay-gradient":""}},"ast-content-background-meta":{"desktop":{"background-color":"var(--ast-global-color-5)","background-image":"","background-repeat":"repeat","background-position":"center center","background-size":"auto","background-attachment":"scroll","background-type":"","background-media":"","overlay-type":"","overlay-color":"","overlay-opacity":"","overlay-gradient":""},"tablet":{"background-color":"var(--ast-global-color-5)","background-image":"","background-repeat":"repeat","background-position":"center center","background-size":"auto","background-attachment":"scroll","background-type":"","background-media":"","overlay-type":"","overlay-color":"","overlay-opacity":"","overlay-gradient":""},"mobile":{"background-color":"var(--ast-global-color-5)","background-image":"","background-repeat":"repeat","background-position":"center center","background-size":"auto","background-attachment":"scroll","background-type":"","background-media":"","overlay-type":"","overlay-color":"","overlay-opacity":"","overlay-gradient":""}},"_joinchat":{"telephone":"+8618077105750"}},"product_brand":[],"product_cat":[71,150,152,159,142,58,144,148,19],"product_tag":[],"class_list":{"0":"post-3421","1":"product","2":"type-product","3":"status-publish","4":"has-post-thumbnail","6":"product_cat-15000-puff","7":"product_cat-buy-disposable-vapes-in-belgium","8":"product_cat-buy-disposable-vapes-in-cermany","9":"product_cat-buy-disposable-vapes-in-sweden","10":"product_cat-digital-box-disposable-vapes","11":"product_cat-fumot-vape","12":"product_cat-low-nicotine-disposable-vapes","13":"product_cat-tornado-disposable-vapes","14":"product_cat-vapes","15":"desktop-align-left","16":"tablet-align-left","17":"mobile-align-left","19":"first","20":"instock","21":"sale","22":"shipping-taxable","23":"purchasable","24":"product-type-simple"},"acf":[],"uagb_featured_image_src":{"full":["https:\/\/vapestornado.com\/wp-content\/uploads\/2024\/12\/Fumot-RandM-Tornado-15000-Puffs-Review.jpg",1080,1350,false],"thumbnail":["https:\/\/vapestornado.com\/wp-content\/uploads\/2024\/12\/Fumot-RandM-Tornado-15000-Puffs-Review-150x150.jpg",150,150,true],"medium":["https:\/\/vapestornado.com\/wp-content\/uploads\/2024\/12\/Fumot-RandM-Tornado-15000-Puffs-Review-240x300.jpg",240,300,true],"medium_large":["https:\/\/vapestornado.com\/wp-content\/uploads\/2024\/12\/Fumot-RandM-Tornado-15000-Puffs-Review-768x960.jpg",768,960,true],"large":["https:\/\/vapestornado.com\/wp-content\/uploads\/2024\/12\/Fumot-RandM-Tornado-15000-Puffs-Review-819x1024.jpg",819,1024,true],"1536x1536":["https:\/\/vapestornado.com\/wp-content\/uploads\/2024\/12\/Fumot-RandM-Tornado-15000-Puffs-Review.jpg",1080,1350,false],"2048x2048":["https:\/\/vapestornado.com\/wp-content\/uploads\/2024\/12\/Fumot-RandM-Tornado-15000-Puffs-Review.jpg",1080,1350,false],"trp-custom-language-flag":["https:\/\/vapestornado.com\/wp-content\/uploads\/2024\/12\/Fumot-RandM-Tornado-15000-Puffs-Review.jpg",10,12,false],"woocommerce_thumbnail":["https:\/\/vapestornado.com\/wp-content\/uploads\/2024\/12\/Fumot-RandM-Tornado-15000-Puffs-Review-300x300.jpg",300,300,true],"woocommerce_single":["https:\/\/vapestornado.com\/wp-content\/uploads\/2024\/12\/Fumot-RandM-Tornado-15000-Puffs-Review-600x750.jpg",600,750,true],"woocommerce_gallery_thumbnail":["https:\/\/vapestornado.com\/wp-content\/uploads\/2024\/12\/Fumot-RandM-Tornado-15000-Puffs-Review-100x100.jpg",100,100,true]},"uagb_author_info":{"display_name":"ESvicky","author_link":"https:\/\/vapestornado.com\/hu\/author\/"},"uagb_comment_info":0,"uagb_excerpt":"RandM Tornado 15000 Puffs Disposable Vape features 51 flavors, 850mAh rechargeable battery, LED display, dual mesh coil, and 15,000 puffs for extended enjoyment. (our website price not include shipping cost, please contact me to get whole price and your disccount!)","_links":{"self":[{"href":"https:\/\/vapestornado.com\/hu\/wp-json\/wp\/v2\/product\/3421","targetHints":{"allow":["GET"]}}],"collection":[{"href":"https:\/\/vapestornado.com\/hu\/wp-json\/wp\/v2\/product"}],"about":[{"href":"https:\/\/vapestornado.com\/hu\/wp-json\/wp\/v2\/types\/product"}],"replies":[{"embeddable":true,"href":"https:\/\/vapestornado.com\/hu\/wp-json\/wp\/v2\/comments?post=3421"}],"wp:featuredmedia":[{"embeddable":true,"href":"https:\/\/vapestornado.com\/hu\/wp-json\/wp\/v2\/media\/3425"}],"wp:attachment":[{"href":"https:\/\/vapestornado.com\/hu\/wp-json\/wp\/v2\/media?parent=3421"}],"wp:term":[{"taxonomy":"product_brand","embeddable":true,"href":"https:\/\/vapestornado.com\/hu\/wp-json\/wp\/v2\/product_brand?post=3421"},{"taxonomy":"product_cat","embeddable":true,"href":"https:\/\/vapestornado.com\/hu\/wp-json\/wp\/v2\/product_cat?post=3421"},{"taxonomy":"product_tag","embeddable":true,"href":"https:\/\/vapestornado.com\/hu\/wp-json\/wp\/v2\/product_tag?post=3421"}],"curies":[{"name":"wp","href":"https:\/\/api.w.org\/{rel}","templated":true}]}}