{"id":3418,"date":"2024-12-27T07:53:46","date_gmt":"2024-12-27T07:53:46","guid":{"rendered":"https:\/\/vapestornado.com\/?post_type=product&#038;p=3418"},"modified":"2025-08-23T12:06:26","modified_gmt":"2025-08-23T12:06:26","slug":"refillable-disposable-vape-bang-40000-puffs-with-smart-screen-display-wholesale","status":"publish","type":"product","link":"https:\/\/vapestornado.com\/hu\/product\/refillable-disposable-vape-bang-40000-puffs-with-smart-screen-display-wholesale\/","title":{"rendered":"\u00dajrat\u00f6lthet\u0151 Eldobhat\u00f3 Vape Bang 40000 Sz\u00edv\u00e1s Okos K\u00e9perny\u0151vel Nagykereskedelmi \u00c1ron"},"content":{"rendered":"<h1 class=\"product-title\">\u00dajrat\u00f6lthet\u0151 Eldobhat\u00f3 Vape Bang 40000 Sz\u00edv\u00e1s Okos K\u00e9perny\u0151vel Nagykereskedelmi \u00c1ron<\/h1>\n<p>A <strong data-start=\"325\" data-end=\"372\">Bang 40000 Puffs \u00fajrat\u00f6lthet\u0151 eldobhat\u00f3 vape<\/strong> \u00e1tt\u00f6r\u00e9st jelent a nagykereskedelmi piacon, \u00f6tv\u00f6zve <strong data-start=\"426\" data-end=\"454\">hosszantart\u00f3 teljes\u00edtm\u00e9nyt<\/strong> egy <strong data-start=\"482\" data-end=\"504\">nyitott \u00fajrat\u00f6lt\u0151 rendszer<\/strong>rugalmass\u00e1g\u00e1val <strong data-start=\"521\" data-end=\"548\">. Ak\u00e1r<\/strong>40 000 slukk per eszk\u00f6z <span id=\"3\" class=\"notranslate immersive-translate-target-wrapper\" lang=\"zh-CN\" translate=\"no\" data-immersive-translate-loading-id=\"\">\u00a0 <\/span><\/p>\n<p>Mit\u0151l egyedi a Bang Vape 35000? <strong data-start=\"646\" data-end=\"670\">digit\u00e1lis intelligens k\u00e9perny\u0151<\/strong> , cs\u00f6kkenti a cserek\u00f6lts\u00e9geket, mik\u00f6zben biztos\u00edtja a v\u00e1s\u00e1rl\u00f3k hosszabb ideig tart\u00f3 el\u00e9gedetts\u00e9g\u00e9t. <strong data-start=\"753\" data-end=\"771\">dupla h\u00e1l\u00f3s tekercs<\/strong> naprak\u00e9szen tartja a felhaszn\u00e1l\u00f3kat a slukkok sz\u00e1m\u00e1r\u00f3l, az akkumul\u00e1tor \u00e1llapot\u00e1r\u00f3l \u00e9s az e-folyad\u00e9k szintj\u00e9r\u0151l, m\u00edg a <strong data-start=\"827\" data-end=\"849\">szab\u00e1lyozhat\u00f3 l\u00e9g\u00e1raml\u00e1ssal<\/strong> \u00e9s a <strong data-start=\"854\" data-end=\"885\">gazdag, \u00edzletes g\u0151zt garant\u00e1l minden slukkn\u00e1l. A<\/strong>k\u00e9t teljes\u00edtm\u00e9ny \u00fczemm\u00f3d (12W <span id=\"4\" class=\"notranslate immersive-translate-target-wrapper\" lang=\"zh-CN\" translate=\"no\" data-immersive-translate-loading-id=\"\">\u00a0 <\/span><\/p>\n<p>Egy <strong data-start=\"990\" data-end=\"1040\">stb.), a felhaszn\u00e1l\u00f3k testre szabhatj\u00e1k \u00e9lm\u00e9ny\u00fcket a sima napi slukkokt\u00f3l az er\u0151teljes felh\u0151kig.<\/strong>\u00fajrat\u00f6lthet\u0151 akkumul\u00e1tor Type-C gyorst\u00f6lt\u00e9ssel <strong data-start=\"1117\" data-end=\"1132\">, a Bang 40K nemcsak k\u00f6rnyezetbar\u00e1t, hanem k\u00f6lts\u00e9ghat\u00e9kony is. T\u00f6k\u00e9letes<\/strong>t\u00f6meges rendel\u00e9sekhez<span id=\"5\" class=\"notranslate immersive-translate-target-wrapper\" lang=\"zh-CN\" translate=\"no\" data-immersive-translate-loading-id=\"\">\u00a0 <\/span><\/p>\n<p><span style=\"color: #ff0000;\"><strong>Add meg Amy Whatsappj\u00e1t a gyors v\u00e1lasz\u00e9rt \u00e9s vape kupon\u00e9rt!<\/strong><\/span><\/p>\n<p><img fetchpriority=\"high\" decoding=\"async\" class=\"size-full wp-image-2932\" src=\"https:\/\/vapestornado.com\/wp-content\/uploads\/2024\/12\/Vape-Wholesale.jpg\" alt=\"Vape nagykereskedelem\" width=\"229\" height=\"300\" \/><\/p>\n<h3><a href=\"https:\/\/wa.me\/8617776015835\" target=\"_blank\" rel=\"noopener\"><span style=\"color: #ff0000;\"><strong>WhatsApp: +86 17776015835<\/strong><\/span><\/a><\/h3>\n<p>&nbsp;<\/p>\n<h2 class=\"product-title\">Eldobhat\u00f3 Vape Bang 40000<strong>\u00a0Term\u00e9kjellemz\u0151k<\/strong><\/h2>\n<div role=\"article\" data-tabster=\"{&quot;groupper&quot;:{&quot;tabbability&quot;:2},&quot;focusable&quot;:{}}\" data-content=\"ai-message\" aria-labelledby=\"juhNTJ6o7Gk1cgwZMJgv2-author juhNTJ6o7Gk1cgwZMJgv2-content\">\n<div id=\"juhNTJ6o7Gk1cgwZMJgv2-content\">\n<div role=\"article\" data-tabster=\"{&quot;groupper&quot;:{&quot;tabbability&quot;:2},&quot;focusable&quot;:{}}\" data-content=\"ai-message\" aria-labelledby=\"x4EZuCZWrTbh3weWUt7CU-author x4EZuCZWrTbh3weWUt7CU-content\">\n<div id=\"x4EZuCZWrTbh3weWUt7CU-content\">\n<div class=\"flex max-w-full flex-col flex-grow\">\n<div class=\"min-h-8 text-message flex w-full flex-col items-end gap-2 whitespace-normal break-words text-start [.text-message+&amp;]:mt-5\" dir=\"auto\" data-message-author-role=\"assistant\" data-message-id=\"52c6e00a-252f-4104-805d-2f1a84739c71\" data-message-model-slug=\"gpt-4o\">\n<div class=\"flex w-full flex-col gap-1 empty:hidden first:pt-[3px]\">\n<div class=\"markdown prose w-full break-words dark:prose-invert light\">\n<div class=\"flex max-w-full flex-col flex-grow\">\n<div class=\"min-h-8 text-message flex w-full flex-col items-end gap-2 whitespace-normal break-words text-start [.text-message+&amp;]:mt-5\" dir=\"auto\" data-message-author-role=\"assistant\" data-message-id=\"d3382d71-de90-4719-8ad8-700b383ac952\" data-message-model-slug=\"gpt-4o\">\n<div class=\"flex w-full flex-col gap-1 empty:hidden first:pt-[3px]\">\n<div class=\"markdown prose w-full break-words dark:prose-invert light\">\n<ul>\n<li><strong>Puff<\/strong>: 40,000<\/li>\n<li><strong>E-liquid kapacit\u00e1s<\/strong>: 10ml<\/li>\n<li><strong>Okos k\u00e9perny\u0151<\/strong>: Megjelen\u00edti a slukkok sz\u00e1m\u00e1t, az akkumul\u00e1tort \u00e9s az e-liquid szintj\u00e9t.<\/li>\n<li><strong>Dupla h\u00e1l\u00f3s tekercs<\/strong>: Gazdag \u00edz \u00e9s sima g\u0151zk\u00e9pz\u0151d\u00e9s.<\/li>\n<li><strong>Akkumul\u00e1tor<\/strong>: 650mAh, \u00fajrat\u00f6lthet\u0151 Type-C porttal.<\/li>\n<li><strong>Biztons\u00e1gi funkci\u00f3k<\/strong>: Gyermekz\u00e1r a nagyobb biztons\u00e1g \u00e9rdek\u00e9ben.<\/li>\n<\/ul>\n<p>&nbsp;<\/p>\n<\/div>\n<\/div>\n<\/div>\n<\/div>\n<div class=\"mb-2 flex gap-3 empty:hidden -ml-2\">\n<div class=\"items-center justify-start rounded-xl p-1 flex\"><\/div>\n<\/div>\n<\/div>\n<\/div>\n<\/div>\n<\/div>\n<\/div>\n<\/div>\n<\/div>\n<\/div>\n<h2 class=\"product-title\"><strong>N\u00e9pszer\u0171 \u00edz a Bang sz\u00e1m\u00e1ra\u00a0<\/strong><strong>Vape\u00a0<\/strong><strong>40000<\/strong><\/h2>\n<p>\u00c9lvezze a v\u00e1ltozatos v\u00e1laszt\u00e9kot <strong>11 \u00edzletes \u00edz<\/strong>, a gy\u00fcm\u00f6lcs\u00f6st\u0151l a jeges kever\u00e9kekig, biztos\u00edtva, hogy minden vaper megtal\u00e1lja a t\u00f6k\u00e9letes p\u00e1ros\u00edt\u00e1st. K\u00e9rj\u00fck, tekintse meg a Bang King 25000 Puffs \u00fajrat\u00f6lthet\u0151 eldobhat\u00f3 vape n\u00e9pszer\u0171 \u00edzeit az \u00e9rt\u00e9kes\u00edt\u00e9si adataink \u00e9s a v\u00e1s\u00e1rl\u00f3i visszajelz\u00e9sek alapj\u00e1n.<\/p>\n<p>1. G\u00f6r\u00f6gdinnye j\u00e9g<\/p>\n<p>2. Eper Mang\u00f3<span style=\"color: #ff0000;\"><strong>&gt;&gt;&gt;&gt; Felkapott!<\/strong><\/span><\/p>\n<p>3. Strawberry Watermelon<\/p>\n<p>4. Sz\u0151l\u0151 J\u00e9g<\/p>\n<p>5. \u0150szibarack Mang\u00f3 G\u00f6r\u00f6gdinnye<span style=\"color: #ff0000;\"><strong>&gt;&gt;&gt;&gt; Felkapott!<\/strong><\/span><\/p>\n<p>6. \u00c1fonya m\u00e1lna <span style=\"color: #ff0000;\"><strong>&gt;&gt;&gt;&gt; Legjobb!<\/strong><\/span><\/p>\n<p>7. \u00c1fonya J\u00e9g<\/p>\n<p>8. Eper Ban\u00e1n<\/p>\n<p>9. \u00c1fonya G\u00f6r\u00f6gdinnye<\/p>\n<p>10. Red Bull<\/p>\n<p>11. Eper Kiwi<\/p>\n<div class=\"flex-shrink-0 flex flex-col relative items-end\">\n<div class=\"pt-0\">\n<div class=\"gizmo-bot-avatar flex h-8 w-8 items-center justify-center overflow-hidden rounded-full\">\n<div class=\"relative p-1 rounded-sm flex items-center justify-center bg-token-main-surface-primary text-token-text-primary h-8 w-8\">\n<figure id=\"attachment_3551\" aria-describedby=\"caption-attachment-3551\" style=\"width: 1024px\" class=\"wp-caption alignnone\"><img decoding=\"async\" class=\"wp-image-3551 size-large\" src=\"https:\/\/vapestornado.com\/wp-content\/uploads\/2024\/12\/Bang-Vape-40000-Puffs-Disposable-Vape-1024x576.webp\" alt=\"Bang Vape 40000 Puffs Eldobhat\u00f3 Vape\" width=\"1024\" height=\"576\" srcset=\"https:\/\/vapestornado.com\/wp-content\/uploads\/2024\/12\/Bang-Vape-40000-Puffs-Disposable-Vape-1024x576.webp 1024w, https:\/\/vapestornado.com\/wp-content\/uploads\/2024\/12\/Bang-Vape-40000-Puffs-Disposable-Vape-300x169.webp 300w, https:\/\/vapestornado.com\/wp-content\/uploads\/2024\/12\/Bang-Vape-40000-Puffs-Disposable-Vape-768x432.webp 768w, https:\/\/vapestornado.com\/wp-content\/uploads\/2024\/12\/Bang-Vape-40000-Puffs-Disposable-Vape-1536x864.webp 1536w, https:\/\/vapestornado.com\/wp-content\/uploads\/2024\/12\/Bang-Vape-40000-Puffs-Disposable-Vape-2048x1152.webp 2048w, https:\/\/vapestornado.com\/wp-content\/uploads\/2024\/12\/Bang-Vape-40000-Puffs-Disposable-Vape-600x338.webp 600w\" sizes=\"(max-width: 1024px) 100vw, 1024px\" \/><figcaption id=\"caption-attachment-3551\" class=\"wp-caption-text\">Bang Vape 40000 Puffs Eldobhat\u00f3 Vape<\/figcaption><\/figure>\n<h3>GYIK a Bang 40k eldobhat\u00f3 vape-ekhez<\/h3>\n<h4><\/h4>\n<ol>\n<li><strong>Hogyan t\u00f6lthetem fel a Bang 40000 vape-et?<\/strong><br \/>\nNyissa ki az ut\u00e1nt\u00f6lt\u0151 ny\u00edl\u00e1st, t\u00f6ltse fel a k\u00edv\u00e1nt e-liquiddel, \u00e9s z\u00e1rja le biztons\u00e1gosan.<\/li>\n<li><strong>Mit\u0151l k\u00f6rnyezetbar\u00e1t a Bang 40000?<\/strong><br \/>\nAz \u00fajrat\u00f6lthet\u0151 kialak\u00edt\u00e1s cs\u00f6kkenti a hullad\u00e9kot, \u00edgy fenntarthat\u00f3bb, mint a hagyom\u00e1nyos eldobhat\u00f3 vape-ek.<\/li>\n<li><strong>T\u00e1mogatja a Bang 40000 az \u00e1ll\u00edthat\u00f3 teljes\u00edtm\u00e9nyt?<\/strong><br \/>\nIgen! V\u00e1ltson a k\u00f6vetkez\u0151k k\u00f6z\u00f6tt: <strong>12W norm\u00e1l haszn\u00e1lathoz<\/strong> \u00e9s a <strong>24W intenz\u00edvebb vapinghez<\/strong>.<\/li>\n<li><strong>Haszn\u00e1lhatok nikotinmentes e-liquideket ezzel az eszk\u00f6zzel?<\/strong><br \/>\nTerm\u00e9szetesen! A nyitott, \u00fajrat\u00f6lthet\u0151 kialak\u00edt\u00e1s t\u00e1mogatja az e-liquideket <strong>0%, 2%, 3% vagy 5% nikotinnal<\/strong>.<\/li>\n<li><strong>Hol v\u00e1s\u00e1rolhatom meg a Bang 40000-et nagykereskedelmi \u00e1ron?<\/strong><br \/>\nL\u00e1togasson el a <strong>vapestornado online vape boltb\u00f3l<\/strong> a legjobb aj\u00e1nlatok\u00e9rt a <strong>Bang 40000 \u00fajrat\u00f6lthet\u0151 eldobhat\u00f3 vape-hez<\/strong>.<\/li>\n<\/ol>\n<div class=\"flex max-w-full flex-col flex-grow\">\n<div class=\"min-h-8 text-message flex w-full flex-col items-end gap-2 whitespace-normal break-words text-start [.text-message+&amp;]:mt-5\" dir=\"auto\" data-message-author-role=\"assistant\" data-message-id=\"4dc48248-df95-45bd-b800-6dedb43cf7f1\" data-message-model-slug=\"gpt-4o\">\n<div class=\"flex w-full flex-col gap-1 empty:hidden first:pt-[3px]\">\n<div class=\"markdown prose w-full break-words dark:prose-invert light\">\n<p>&nbsp;<\/p>\n<\/div>\n<\/div>\n<\/div>\n<\/div>\n<\/div>\n<\/div>\n<\/div>\n<\/div>\n<div class=\"flex-shrink-0 flex flex-col relative items-end\">\n<div class=\"pt-0\">\n<div class=\"gizmo-bot-avatar flex h-8 w-8 items-center justify-center overflow-hidden rounded-full\">\n<div class=\"relative p-1 rounded-sm flex items-center justify-center bg-token-main-surface-primary text-token-text-primary h-8 w-8\">\n<div class=\"mb-2 flex gap-3 empty:hidden -ml-2\">\n<div role=\"article\" data-tabster=\"{&quot;groupper&quot;:{&quot;tabbability&quot;:2},&quot;focusable&quot;:{}}\" data-content=\"ai-message\" aria-labelledby=\"Vdt5ez4X7Tg813x6rFVha-author Vdt5ez4X7Tg813x6rFVha-content\">\n<div id=\"Vdt5ez4X7Tg813x6rFVha-content\">\n<div role=\"article\" data-tabster=\"{&quot;groupper&quot;:{&quot;tabbability&quot;:2},&quot;focusable&quot;:{}}\" data-content=\"ai-message\" aria-labelledby=\"o968oC7CEo2fGHsGdsRYC-author o968oC7CEo2fGHsGdsRYC-content\">\n<div id=\"o968oC7CEo2fGHsGdsRYC-content\">\n<h3>Mi\u00e9rt v\u00e1lassza a vapestornado-t a Bang 40000 eldobhat\u00f3 vape nagykereskedelm\u00e9hez?<\/h3>\n<div class=\"flex-shrink-0 flex flex-col relative items-end\">\n<div class=\"pt-0\">\n<div class=\"gizmo-bot-avatar flex h-8 w-8 items-center justify-center overflow-hidden rounded-full\">\n<div class=\"relative p-1 rounded-sm flex items-center justify-center bg-token-main-surface-primary text-token-text-primary h-8 w-8\">\n<p>\u00dcdv\u00f6z\u00f6lj\u00fck a vapestornado-n, az \u00d6n megb\u00edzhat\u00f3 online vape boltj\u00e1ban a pr\u00e9mium eldobhat\u00f3 vape-okhoz. T\u00f6bb mint 5 \u00e9ves szak\u00e9rtelemmel hozunk el \u00d6nnek n\u00e9pszer\u0171 eldobhat\u00f3 vape m\u00e1rk\u00e1kat, mint p\u00e9ld\u00e1ul a Fumot RandM Vape, <a href=\"https:\/\/vapestornado.com\/hu\/product-category\/vapme-shisha\/\">Vapme<\/a>, Bang Vape, Waspe Vape \u00e9s WGA Vape, stb.<\/p>\n<p>K\u00edn\u00e1latunkban szerepelnek n\u00e9pszer\u0171 vape-ok, mint a <a href=\"https:\/\/vapestornado.com\/hu\/product\/randm-12000-puffs-fumot-digital-disposable-vape-wholesale-price\/\">RandM Torn\u00e1d\u00f3 12000<\/a>, \u00e9s \u00edzgazdag v\u00e1laszt\u00e1sok, mint a <a href=\"https:\/\/vapestornado.com\/hu\/product\/wga-crystal-pro-max-extra-15000-puffs-rechargeable-disposable-vape-wholesale-bulk-buy\/\">\u00a0WGA Krist\u00e1ly 15k Puffs<\/a> . Minden term\u00e9k\u00fcnket a min\u0151s\u00e9g, \u00e9rt\u00e9k \u00e9s v\u00e1ltozatoss\u00e1g figyelembev\u00e9tel\u00e9vel v\u00e1lasztjuk ki, biztos\u00edtva, hogy megtal\u00e1lja az ig\u00e9nyeinek legmegfelel\u0151bbet. Fedezze fel a kiv\u00e9teles szolg\u00e1ltat\u00e1st \u00e9s a top term\u00e9kek sz\u00e9les v\u00e1laszt\u00e9k\u00e1t nagykereskedelmi \u00e1ron a vapestornado-n.<\/p>\n<\/div>\n<p>&nbsp;<\/p>\n<p><strong>Egy\u00e9b n\u00e9pszer\u0171 eldobhat\u00f3 vape-ek<\/strong><\/p>\n<p><a href=\"https:\/\/vapestornado.com\/hu\/product\/bang-box-20000-puffs-0-2-5-low-nicotine-rechargeable-digital-display-disposable-vape-pen-wholesale-bulk-buy\/\">Bang Vape 20000 slukk <span style=\"color: #ff0000;\"><strong>&gt;&gt;&gt;&gt; Indul\u00e1s!<\/strong><\/span><\/a><\/p>\n<p><a href=\"https:\/\/vapestornado.com\/hu\/product\/vapsolo-triple-30000-puffs-3-flavors-in-1-rechargeable-disposable-vapes-pen-bulk-buy-wholesale\/\">Vapsolo Tripla 30000 <span style=\"color: #ff0000;\"><strong>&gt;&gt;&gt;&gt; Indul\u00e1s!<\/strong><\/span><\/a><\/p>\n<p><a href=\"https:\/\/vapestornado.com\/hu\/product\/bood-twins-46000-puff-double-flavour-low-nicotine-disposable-vape-wholesale-bulk-buy-price\/\">Bood Twins 46000<span style=\"color: #ff0000;\"><strong>&gt;&gt;&gt;&gt; Indul\u00e1s!<\/strong><\/span><\/a><\/p>\n<\/div>\n<\/div>\n<\/div>\n<p>&nbsp;<\/p>\n<\/div>\n<\/div>\n<\/div>\n<\/div>\n<\/div>\n<\/div>\n<\/div>\n<\/div>\n<\/div>","protected":false},"excerpt":{"rendered":"<p>A <strong data-start=\"1240\" data-end=\"1268\">Bang 40K \u00dajrat\u00f6lthet\u0151 Vape<\/strong> 40 000 slukk, okos kijelz\u0151, dupla mesh tekercsek \u00e9s \u00fajrat\u00f6lt\u00e9si rugalmass\u00e1g \u2013 ide\u00e1lis <strong data-start=\"1354\" data-end=\"1378\">nagykereskedelmi t\u00f6meges \u00e9rt\u00e9kes\u00edt\u00e9shez<\/strong>.<br \/>\nBang Vape 40000 Puffs \u00fajrat\u00f6lthet\u0151 eldobhat\u00f3 vape nagykereskedelem<\/p>\n<p><strong>Adja hozz\u00e1 Amy-t WhatsApp-on, hogy azonnali v\u00e1laszt \u00e9s vape kupont kapjon!<\/strong><\/p>\n<p><img fetchpriority=\"high\" decoding=\"async\" class=\"size-full wp-image-2932\" src=\"https:\/\/vapestornado.com\/wp-content\/uploads\/2024\/12\/Vape-Wholesale.jpg\" alt=\"Vape nagykereskedelem\" width=\"229\" height=\"300\" \/><\/p>\n<h3><a href=\"https:\/\/wa.me\/8617776015835\"><span style=\"color: #ff0000;\"><strong>WhatsApp: +86 17776015835<\/strong><\/span><\/a><\/h3>\n<p>&nbsp;<\/p>","protected":false},"featured_media":3553,"comment_status":"open","ping_status":"closed","template":"","meta":{"_acf_changed":false,"_uag_custom_page_level_css":"","_lmt_disableupdate":"no","_lmt_disable":"","_monsterinsights_skip_tracking":false,"_monsterinsights_sitenote_active":false,"_monsterinsights_sitenote_note":"","_monsterinsights_sitenote_category":0,"site-sidebar-layout":"default","site-content-layout":"","ast-site-content-layout":"default","site-content-style":"default","site-sidebar-style":"default","ast-global-header-display":"","ast-banner-title-visibility":"","ast-main-header-display":"","ast-hfb-above-header-display":"","ast-hfb-below-header-display":"","ast-hfb-mobile-header-display":"","site-post-title":"","ast-breadcrumbs-content":"","ast-featured-img":"","footer-sml-layout":"","ast-disable-related-posts":"","theme-transparent-header-meta":"default","adv-header-id-meta":"","stick-header-meta":"","header-above-stick-meta":"","header-main-stick-meta":"","header-below-stick-meta":"","astra-migrate-meta-layouts":"set","ast-page-background-enabled":"default","ast-page-background-meta":{"desktop":{"background-color":"","background-image":"","background-repeat":"repeat","background-position":"center center","background-size":"auto","background-attachment":"scroll","background-type":"","background-media":"","overlay-type":"","overlay-color":"","overlay-opacity":"","overlay-gradient":""},"tablet":{"background-color":"","background-image":"","background-repeat":"repeat","background-position":"center center","background-size":"auto","background-attachment":"scroll","background-type":"","background-media":"","overlay-type":"","overlay-color":"","overlay-opacity":"","overlay-gradient":""},"mobile":{"background-color":"","background-image":"","background-repeat":"repeat","background-position":"center center","background-size":"auto","background-attachment":"scroll","background-type":"","background-media":"","overlay-type":"","overlay-color":"","overlay-opacity":"","overlay-gradient":""}},"ast-content-background-meta":{"desktop":{"background-color":"var(--ast-global-color-5)","background-image":"","background-repeat":"repeat","background-position":"center center","background-size":"auto","background-attachment":"scroll","background-type":"","background-media":"","overlay-type":"","overlay-color":"","overlay-opacity":"","overlay-gradient":""},"tablet":{"background-color":"var(--ast-global-color-5)","background-image":"","background-repeat":"repeat","background-position":"center center","background-size":"auto","background-attachment":"scroll","background-type":"","background-media":"","overlay-type":"","overlay-color":"","overlay-opacity":"","overlay-gradient":""},"mobile":{"background-color":"var(--ast-global-color-5)","background-image":"","background-repeat":"repeat","background-position":"center center","background-size":"auto","background-attachment":"scroll","background-type":"","background-media":"","overlay-type":"","overlay-color":"","overlay-opacity":"","overlay-gradient":""}},"_joinchat":{"telephone":"+8617776015835"}},"product_brand":[],"product_cat":[140,65,150,152,158,142,146],"product_tag":[196,212,165,105,97,166,94,213],"class_list":{"0":"post-3418","1":"product","2":"type-product","3":"status-publish","4":"has-post-thumbnail","6":"product_cat-big-puffs-disposable-vapes","7":"product_cat-40000-puff","8":"product_cat-buy-disposable-vapes-in-belgium","9":"product_cat-buy-disposable-vapes-in-cermany","10":"product_cat-buy-disposable-vapes-in-spain","11":"product_cat-digital-box-disposable-vapes","12":"product_cat-rechargeable-disposable-vapes","13":"product_tag-bang-vape","14":"product_tag-bang-vape-40000","15":"product_tag-cheap-vapes","16":"product_tag-digital-disposable-vape","17":"product_tag-hot-sale-disposable-vape","18":"product_tag-low-nicotine-vape","19":"product_tag-rechargeable-disposable-vape","20":"product_tag-refillable-disposable-vape","21":"desktop-align-left","22":"tablet-align-left","23":"mobile-align-left","25":"first","26":"instock","27":"sale","28":"shipping-taxable","29":"purchasable","30":"product-type-simple"},"acf":[],"uagb_featured_image_src":{"full":["https:\/\/vapestornado.com\/wp-content\/uploads\/2024\/12\/PUFF-40K-40000-LED-Display-Disposable-Vape.webp",1000,1000,false],"thumbnail":["https:\/\/vapestornado.com\/wp-content\/uploads\/2024\/12\/PUFF-40K-40000-LED-Display-Disposable-Vape-150x150.webp",150,150,true],"medium":["https:\/\/vapestornado.com\/wp-content\/uploads\/2024\/12\/PUFF-40K-40000-LED-Display-Disposable-Vape-300x300.webp",300,300,true],"medium_large":["https:\/\/vapestornado.com\/wp-content\/uploads\/2024\/12\/PUFF-40K-40000-LED-Display-Disposable-Vape-768x768.webp",768,768,true],"large":["https:\/\/vapestornado.com\/wp-content\/uploads\/2024\/12\/PUFF-40K-40000-LED-Display-Disposable-Vape.webp",1000,1000,false],"1536x1536":["https:\/\/vapestornado.com\/wp-content\/uploads\/2024\/12\/PUFF-40K-40000-LED-Display-Disposable-Vape.webp",1000,1000,false],"2048x2048":["https:\/\/vapestornado.com\/wp-content\/uploads\/2024\/12\/PUFF-40K-40000-LED-Display-Disposable-Vape.webp",1000,1000,false],"trp-custom-language-flag":["https:\/\/vapestornado.com\/wp-content\/uploads\/2024\/12\/PUFF-40K-40000-LED-Display-Disposable-Vape.webp",12,12,false],"woocommerce_thumbnail":["https:\/\/vapestornado.com\/wp-content\/uploads\/2024\/12\/PUFF-40K-40000-LED-Display-Disposable-Vape-300x300.webp",300,300,true],"woocommerce_single":["https:\/\/vapestornado.com\/wp-content\/uploads\/2024\/12\/PUFF-40K-40000-LED-Display-Disposable-Vape-600x600.webp",600,600,true],"woocommerce_gallery_thumbnail":["https:\/\/vapestornado.com\/wp-content\/uploads\/2024\/12\/PUFF-40K-40000-LED-Display-Disposable-Vape-100x100.webp",100,100,true]},"uagb_author_info":{"display_name":"ESAMY","author_link":"https:\/\/vapestornado.com\/hu\/author\/"},"uagb_comment_info":0,"uagb_excerpt":"The Bang 40K Refillable Vape offers 40,000 puffs, smart screen, dual mesh coils, and refill flexibility\u2014ideal for wholesale bulk sales. Bang Vape 40000 Puffs\u00a0Rechargeable Disposable Vape Wholesale Add Amy's whatsapp get right reply and vape coupon! WhatsApp: +86 17776015835 &nbsp;","_links":{"self":[{"href":"https:\/\/vapestornado.com\/hu\/wp-json\/wp\/v2\/product\/3418","targetHints":{"allow":["GET"]}}],"collection":[{"href":"https:\/\/vapestornado.com\/hu\/wp-json\/wp\/v2\/product"}],"about":[{"href":"https:\/\/vapestornado.com\/hu\/wp-json\/wp\/v2\/types\/product"}],"replies":[{"embeddable":true,"href":"https:\/\/vapestornado.com\/hu\/wp-json\/wp\/v2\/comments?post=3418"}],"wp:featuredmedia":[{"embeddable":true,"href":"https:\/\/vapestornado.com\/hu\/wp-json\/wp\/v2\/media\/3553"}],"wp:attachment":[{"href":"https:\/\/vapestornado.com\/hu\/wp-json\/wp\/v2\/media?parent=3418"}],"wp:term":[{"taxonomy":"product_brand","embeddable":true,"href":"https:\/\/vapestornado.com\/hu\/wp-json\/wp\/v2\/product_brand?post=3418"},{"taxonomy":"product_cat","embeddable":true,"href":"https:\/\/vapestornado.com\/hu\/wp-json\/wp\/v2\/product_cat?post=3418"},{"taxonomy":"product_tag","embeddable":true,"href":"https:\/\/vapestornado.com\/hu\/wp-json\/wp\/v2\/product_tag?post=3418"}],"curies":[{"name":"wp","href":"https:\/\/api.w.org\/{rel}","templated":true}]}}