{"id":3394,"date":"2024-12-26T07:40:36","date_gmt":"2024-12-26T07:40:36","guid":{"rendered":"https:\/\/vapestornado.com\/?post_type=product&#038;p=3394"},"modified":"2025-08-23T12:25:34","modified_gmt":"2025-08-23T12:25:34","slug":"vookbar-cyber-pro-30000-puffs-touch-screen-2-low-nicotine-rechargeable-disposable-vapes-pen-bulk-buy-wholesale","status":"publish","type":"product","link":"https:\/\/vapestornado.com\/hu\/product\/vookbar-cyber-pro-30000-puffs-touch-screen-2-low-nicotine-rechargeable-disposable-vapes-pen-bulk-buy-wholesale\/","title":{"rendered":"Vookbar Cyber Pro 30000 Puffs \u00c9rint\u0151k\u00e9perny\u0151s 2% Alacsony Nikotintartalm\u00fa \u00dajrat\u00f6lthet\u0151 Eldobhat\u00f3 Vape Toll Nagy t\u00e9telben Nagykeresked\u00e9s"},"content":{"rendered":"<h1 class=\"product-title\">Vookbar Cyber Pro 30000 Puffs \u00c9rint\u0151k\u00e9perny\u0151s 2% Alacsony Nikotintartalm\u00fa \u00dajrat\u00f6lthet\u0151 Eldobhat\u00f3 Vape Toll Nagy t\u00e9telben Nagykeresked\u00e9s<\/h1>\n<p>A <strong>Vookbar Cyber Pro 30000 Puffs<\/strong> az\u00e9rt van itt, hogy \u00fajradefini\u00e1lja az eldobhat\u00f3 g\u0151z\u00f6l\u00e9st. Eleg\u00e1ns kialak\u00edt\u00e1s\u00e1val, fejlett technol\u00f3gi\u00e1j\u00e1val \u00e9s felhaszn\u00e1l\u00f3bar\u00e1t funkci\u00f3ival ez a vape toll t\u00f6k\u00e9letesen illeszkedik mind az alkalmi felhaszn\u00e1l\u00f3khoz, mind a tapasztalt g\u0151z\u00f6l\u0151kh\u00f6z, akik pr\u00e9mium \u00e9lm\u00e9nyt keresnek.<\/p>\n<h4><strong>P\u00e1ratlan \u00e9lettartam<\/strong><\/h4>\n<p>Hihetetlen <strong>30 000 slukk<\/strong> kapacit\u00e1ssal felszerelt, a Vookbar Cyber Pro kik\u00fcsz\u00f6b\u00f6li a gyakori cser\u00e9k sz\u00fcks\u00e9gess\u00e9g\u00e9t, hosszan tart\u00f3 el\u00e9gedetts\u00e9get biztos\u00edtva. A <strong>22 ml-es e-liquid tart\u00e1ly<\/strong> lehet\u0151v\u00e9 teszi, hogy kedvenc \u00edzeivel zavartalanul g\u0151z\u00f6lj\u00f6n.<\/p>\n<h4><strong>Er\u0151teljes \u00e9s \u00fajrat\u00f6lthet\u0151<\/strong><\/h4>\n<p>Egy <strong>650mAh-s \u00fajrat\u00f6lthet\u0151 akkumul\u00e1tor<\/strong>, a Vookbar Cyber Pro eg\u00e9sz nap elk\u00eds\u00e9ri \u00d6nt. A <strong>Type-C gyors t\u00f6lt\u0151 port<\/strong> biztos\u00edtja, hogy gyorsan felt\u00f6lthesse, \u00e9s k\u00e9sedelem n\u00e9lk\u00fcl visszat\u00e9rhessen a g\u0151z\u00f6l\u00e9shez.<\/p>\n<h4><strong>Fokozott \u00edz \u00e9s g\u0151z<\/strong><\/h4>\n<p>Egy <strong>kett\u0151s h\u00e1l\u00f3s tekercs rendszer<\/strong>, ez az eszk\u00f6z gazdag, k\u00f6vetkezetes \u00edzeket \u00e9s leny\u0171g\u00f6z\u0151 g\u0151ztermel\u00e9st biztos\u00edt. Az \u00e1ll\u00edthat\u00f3 l\u00e9g\u00e1raml\u00e1si kialak\u00edt\u00e1s r\u00e9v\u00e9n \u00d6n szab\u00e1lyozhatja az intenzit\u00e1st, kiel\u00e9g\u00edtve mind a sima, mind a mer\u00e9sz g\u0151z\u00f6l\u00e9si preferenci\u00e1kat.<\/p>\n<h4><strong>Intelligens \u00e9rint\u0151k\u00e9perny\u0151 technol\u00f3gia<\/strong><\/h4>\n<p>A Vookbar Cyber Pro kiemelkedik a <strong>2,1 h\u00fcvelykes \u00e9rint\u0151k\u00e9perny\u0151j\u00e9vel<\/strong>, amely z\u00f6kken\u0151mentes navig\u00e1ci\u00f3t k\u00edn\u00e1l a funkci\u00f3i k\u00f6z\u00f6tt. A Bluetooth-kapcsolattal p\u00e1ros\u00edthatja a Wearinos alkalmaz\u00e1ssal, hogy szem\u00e9lyre szabja az \u00e9lm\u00e9ny\u00e9t \u2013 \u00e1ll\u00edtsa be a be\u00e1ll\u00edt\u00e1sokat, \u00e1ll\u00edtson be egyedi h\u00e1tt\u00e9rk\u00e9peket, \u00e9s m\u00e9g olyan egyedi opci\u00f3kat is el\u00e9rhet, mint a t\u00e1voli szelfik \u00e9s \u00e9rtes\u00edt\u00e9sek.<\/p>\n<h4><strong>Biztons\u00e1g \u00e9s k\u00e9nyelem<\/strong><\/h4>\n<p>A Vookbar Cyber Pro egy <strong>gyermekz\u00e1r funkci\u00f3t<\/strong>tartalmaz, ami biztons\u00e1gosabb\u00e1 teszi a h\u00e1ztart\u00e1sok sz\u00e1m\u00e1ra. Alacsony nikotin haszn\u00e1l\u00f3k sz\u00e1m\u00e1ra k\u00e9sz\u00fclt, <strong>0%, 2%, 3% \u00e9s 5%<\/strong>, a k\u00fcl\u00f6nb\u00f6z\u0151 preferenci\u00e1k kiel\u00e9g\u00edt\u00e9s\u00e9re.<\/p>\n<h4><strong>A g\u0151z\u00f6l\u00e9sen t\u00fal<\/strong><\/h4>\n<p>Emeld \u00faj szintre a g\u0151z\u00f6l\u00e9s \u00e9lm\u00e9ny\u00e9t tov\u00e1bbi funkci\u00f3kkal, mint p\u00e9ld\u00e1ul mini-j\u00e1t\u00e9kok \u00e9s k\u00f6z\u00f6ss\u00e9gi m\u00e9dia riaszt\u00e1sok, z\u00f6kken\u0151mentesen integr\u00e1lva a g\u0151z\u00f6l\u00e9st az \u00e9letst\u00edlusodba. Ez t\u00f6bb, mint egy g\u0151z\u00f6l\u0151 \u2013 ez egy okos eszk\u00f6z a modern felhaszn\u00e1l\u00f3 sz\u00e1m\u00e1ra.<\/p>\n<h3><strong>Emeld \u00faj szintre a g\u0151z\u00f6l\u00e9si \u00e9lm\u00e9nyedet<\/strong><\/h3>\n<p>Ak\u00e1r nagy t\u00e9telben v\u00e1s\u00e1rolsz nagykereskedelemre, ak\u00e1r egy kiemelked\u0151 eldobhat\u00f3 vape tollat keresel, a <strong>Vookbar Cyber Pro 30000 Puffs<\/strong> az innov\u00e1ci\u00f3, a teljes\u00edtm\u00e9ny \u00e9s a st\u00edlus t\u00f6k\u00e9letes kombin\u00e1ci\u00f3j\u00e1t k\u00edn\u00e1lja. Tapasztald meg a g\u0151z\u00f6l\u00e9s j\u00f6v\u0151j\u00e9t m\u00e9g ma!<\/p>\n<p><span style=\"color: #ff0000;\"><strong>Add meg Amy Whatsappj\u00e1t a gyors v\u00e1lasz\u00e9rt \u00e9s vape kupon\u00e9rt!<\/strong><\/span><\/p>\n<p><img fetchpriority=\"high\" decoding=\"async\" class=\"size-full wp-image-2932\" src=\"https:\/\/vapestornado.com\/wp-content\/uploads\/2024\/12\/Vape-Wholesale.jpg\" alt=\"Vape nagykereskedelem\" width=\"229\" height=\"300\" \/><\/p>\n<h3><a href=\"https:\/\/wa.me\/8617776015835\" target=\"_blank\" rel=\"noopener\"><span style=\"color: #ff0000;\"><strong>WhatsApp: +86 17776015835<\/strong><\/span><\/a><\/h3>\n<p>&nbsp;<\/p>\n<h2 class=\"product-title\">Vookbar Cyber Pro 30000 eldobhat\u00f3 e-cigaretta<strong> Term\u00e9kjellemz\u0151k<\/strong><\/h2>\n<div role=\"article\" data-tabster=\"{&quot;groupper&quot;:{&quot;tabbability&quot;:2},&quot;focusable&quot;:{}}\" data-content=\"ai-message\" aria-labelledby=\"juhNTJ6o7Gk1cgwZMJgv2-author juhNTJ6o7Gk1cgwZMJgv2-content\">\n<div id=\"juhNTJ6o7Gk1cgwZMJgv2-content\">\n<div role=\"article\" data-tabster=\"{&quot;groupper&quot;:{&quot;tabbability&quot;:2},&quot;focusable&quot;:{}}\" data-content=\"ai-message\" aria-labelledby=\"x4EZuCZWrTbh3weWUt7CU-author x4EZuCZWrTbh3weWUt7CU-content\">\n<div id=\"x4EZuCZWrTbh3weWUt7CU-content\">\n<div class=\"flex max-w-full flex-col flex-grow\">\n<div class=\"min-h-8 text-message flex w-full flex-col items-end gap-2 whitespace-normal break-words text-start [.text-message+&amp;]:mt-5\" dir=\"auto\" data-message-author-role=\"assistant\" data-message-id=\"52c6e00a-252f-4104-805d-2f1a84739c71\" data-message-model-slug=\"gpt-4o\">\n<div class=\"flex w-full flex-col gap-1 empty:hidden first:pt-[3px]\">\n<div class=\"markdown prose w-full break-words dark:prose-invert light\">\n<div class=\"flex max-w-full flex-col flex-grow\">\n<div class=\"min-h-8 text-message flex w-full flex-col items-end gap-2 whitespace-normal break-words text-start [.text-message+&amp;]:mt-5\" dir=\"auto\" data-message-author-role=\"assistant\" data-message-id=\"d3382d71-de90-4719-8ad8-700b383ac952\" data-message-model-slug=\"gpt-4o\">\n<div class=\"flex w-full flex-col gap-1 empty:hidden first:pt-[3px]\">\n<div class=\"markdown prose w-full break-words dark:prose-invert light\">\n<h3><\/h3>\n<ol>\n<li><strong>Magas sz\u00edv\u00e1skapacit\u00e1s<\/strong>: 30 000 sz\u00edv\u00e1s a hosszan tart\u00f3 haszn\u00e1lat \u00e9rdek\u00e9ben, csere n\u00e9lk\u00fcl.<\/li>\n<li><strong>Nagy E-liquid t\u00e9rfogat<\/strong>: 22 ml-es kapacit\u00e1s a hosszan tart\u00f3 \u00edz\u00e9lm\u00e9nyhez.<\/li>\n<li><strong>Er\u0151s akkumul\u00e1tor<\/strong>: 650 mAh-s \u00fajrat\u00f6lthet\u0151 akkumul\u00e1tor C-t\u00edpus\u00fa gyorst\u00f6lt\u00e9ssel.<\/li>\n<li><strong>Dupla h\u00e1l\u00f3s tekercs<\/strong>: S\u0171r\u0171 g\u0151zt \u00e9s sima, \u00edzletes slukkokat biztos\u00edt.<\/li>\n<li><strong>Intelligens \u00e9rint\u0151k\u00e9perny\u0151s vez\u00e9rl\u00e9s<\/strong>: 2.1 h\u00fcvelykes \u00e9rint\u0151k\u00e9perny\u0151 Bluetooth-kapcsolattal \u00e9s testre szabhat\u00f3 be\u00e1ll\u00edt\u00e1sokkal.<\/li>\n<li><strong>T\u00f6bbfunkci\u00f3s eszk\u00f6z<\/strong>: T\u00e1mogatja a mini-j\u00e1t\u00e9kokat, a k\u00f6z\u00f6ss\u00e9gi m\u00e9dia \u00e9rtes\u00edt\u00e9seket \u00e9s m\u00e9g sok m\u00e1st.<\/li>\n<li><strong>Nikotin v\u00e1ltozat<\/strong>: El\u00e9rhet\u0151 0%, 2%, 3% \u00e9s 5% nikotinszinttel.<\/li>\n<li><strong>Biztons\u00e1gi funkci\u00f3k<\/strong>: Be\u00e9p\u00edtett gyerekz\u00e1r a megb\u00edzhat\u00f3 v\u00e9delem \u00e9rdek\u00e9ben.<\/li>\n<\/ol>\n<\/div>\n<\/div>\n<\/div>\n<\/div>\n<div class=\"mb-2 flex gap-3 empty:hidden -ml-2\">\n<div class=\"items-center justify-start rounded-xl p-1 flex\"><\/div>\n<\/div>\n<\/div>\n<\/div>\n<\/div>\n<\/div>\n<\/div>\n<\/div>\n<\/div>\n<\/div>\n<h2 class=\"product-title\"><strong>N\u00e9pszer\u0171 \u00edzek a Vookbar Cyber Pro 30000 Eldobhat\u00f3 Vape-hez<\/strong><\/h2>\n<p>A kollekci\u00f3 \u00edzek v\u00e1ltozatos sor\u00e1t vonultatja fel, \u00f6tv\u00f6zve a klasszikus gy\u00fcm\u00f6lcs\u00f6ket, tr\u00f3pusi finoms\u00e1gokat \u00e9s h\u0171s\u00edt\u0151 ut\u00f3\u00edzeket. Az \u00e9des \u00e9s cs\u00edp\u0151s kombin\u00e1ci\u00f3kt\u00f3l, mint p\u00e9ld\u00e1ul <strong>\u0150szibarack mang\u00f3<\/strong> \u00e9s a <strong>Eper Kiwi<\/strong> a friss\u00edt\u0151 mentolos csavarokig, mint p\u00e9ld\u00e1ul <strong>G\u00f6r\u00f6gdinnye J\u00e9g<\/strong> \u00e9s a <strong>K\u00e9k Razz Ice<\/strong>minden \u00edzl\u00e9shez van valami.<\/p>\n<p>1.K\u00e9k m\u00e1lna j\u00e9g <span style=\"color: #ff0000;\"><strong>&gt;&gt;&gt;&gt; Felkapott!<\/strong><\/span><br \/>\n2.\u0150szibarack j\u00e9g<br \/>\n3.Sz\u0151l\u0151 j\u00e9g<br \/>\n4. Eper g\u00f6r\u00f6gdinnye <span style=\"color: #ff0000;\"><strong>&gt;&gt;&gt;&gt; Felkapott!<\/strong><\/span><br \/>\n5. Eper ban\u00e1n<br \/>\n6.Cseresznye g\u00f6r\u00f6gdinnye<br \/>\n7. G\u00f6r\u00f6gdinnye j\u00e9g<br \/>\n8.\u0150szibarack mang\u00f3<br \/>\n9.Eper kivi<br \/>\n10.Feh\u00e9r eper j\u00e9g<br \/>\n11.Feh\u00e9r gumicukor j\u00e9g<br \/>\n12.Fagyasztott pinacolada<br \/>\n13.Kibaszottul men\u0151<br \/>\n14.Mojito vegyes bogy\u00f3k <span style=\"color: #ff0000;\"><strong>&gt;&gt;&gt;&gt; Legjobb!<\/strong><\/span><\/p>\n<figure id=\"attachment_3554\" aria-describedby=\"caption-attachment-3554\" style=\"width: 1000px\" class=\"wp-caption alignnone\"><img decoding=\"async\" class=\"wp-image-3554 size-full\" src=\"https:\/\/vapestornado.com\/wp-content\/uploads\/2024\/12\/Bluetooth-Vape-Vookbar-Cyber-\u200b\u200bPro-30000-Puffs-Disposable-Vape-Wholesale.webp\" alt=\"Bluetooth-os Vape Vookbar Cyber Pro 30000 Puffs Eldobhat\u00f3 Vape Nagykereskedelem\" width=\"1000\" height=\"1000\" srcset=\"https:\/\/vapestornado.com\/wp-content\/uploads\/2024\/12\/Bluetooth-Vape-Vookbar-Cyber-\u200b\u200bPro-30000-Puffs-Disposable-Vape-Wholesale.webp 1000w, https:\/\/vapestornado.com\/wp-content\/uploads\/2024\/12\/Bluetooth-Vape-Vookbar-Cyber-\u200b\u200bPro-30000-Puffs-Disposable-Vape-Wholesale-300x300.webp 300w, https:\/\/vapestornado.com\/wp-content\/uploads\/2024\/12\/Bluetooth-Vape-Vookbar-Cyber-\u200b\u200bPro-30000-Puffs-Disposable-Vape-Wholesale-150x150.webp 150w, https:\/\/vapestornado.com\/wp-content\/uploads\/2024\/12\/Bluetooth-Vape-Vookbar-Cyber-\u200b\u200bPro-30000-Puffs-Disposable-Vape-Wholesale-768x768.webp 768w, https:\/\/vapestornado.com\/wp-content\/uploads\/2024\/12\/Bluetooth-Vape-Vookbar-Cyber-\u200b\u200bPro-30000-Puffs-Disposable-Vape-Wholesale-600x600.webp 600w, https:\/\/vapestornado.com\/wp-content\/uploads\/2024\/12\/Bluetooth-Vape-Vookbar-Cyber-\u200b\u200bPro-30000-Puffs-Disposable-Vape-Wholesale-100x100.webp 100w\" sizes=\"(max-width: 1000px) 100vw, 1000px\" \/><figcaption id=\"caption-attachment-3554\" class=\"wp-caption-text\">Bluetooth-os Vape Vookbar Cyber Pro 30000 Puffs Eldobhat\u00f3 Vape Nagykereskedelem<\/figcaption><\/figure>\n<div class=\"flex-shrink-0 flex flex-col relative items-end\">\n<div class=\"pt-0\">\n<div class=\"gizmo-bot-avatar flex h-8 w-8 items-center justify-center overflow-hidden rounded-full\">\n<div class=\"relative p-1 rounded-sm flex items-center justify-center bg-token-main-surface-primary text-token-text-primary h-8 w-8\">\n<h3>Gyakran Ism\u00e9telt K\u00e9rd\u00e9sek a Vookbar Cyber Pro 30000 eldobhat\u00f3 vape-ekhez<\/h3>\n<div class=\"flex max-w-full flex-col flex-grow\">\n<div class=\"min-h-8 text-message flex w-full flex-col items-end gap-2 whitespace-normal break-words text-start [.text-message+&amp;]:mt-5\" dir=\"auto\" data-message-author-role=\"assistant\" data-message-id=\"4dc48248-df95-45bd-b800-6dedb43cf7f1\" data-message-model-slug=\"gpt-4o\">\n<div class=\"flex w-full flex-col gap-1 empty:hidden first:pt-[3px]\">\n<div class=\"markdown prose w-full break-words dark:prose-invert light\">\n<ol>\n<li><strong>Mennyi ideig tart a Vookbar Cyber Pro 30000 Puffs?<\/strong><br \/>\nA k\u00e9sz\u00fcl\u00e9k ak\u00e1r 30 000 slukkot is kib\u00edr, ami hosszabb haszn\u00e1latot biztos\u00edt an\u00e9lk\u00fcl, hogy gyakran kellene cser\u00e9lni.<\/li>\n<li><strong>\u00c1ll\u00edthat\u00f3 a l\u00e9g\u00e1raml\u00e1s a Vookbar 30000 eldobhat\u00f3 vape-en?<\/strong><br \/>\nIgen, az \u00e1ll\u00edthat\u00f3 l\u00e9g\u00e1raml\u00e1s funkci\u00f3 lehet\u0151v\u00e9 teszi, hogy testre szabja a bel\u00e9gz\u00e9st a szem\u00e9lyre szabott g\u0151z\u00f6l\u00e9si \u00e9lm\u00e9ny \u00e9rdek\u00e9ben.<\/li>\n<li><strong>T\u00e1mogatja a Vookbar Cyber Pro 30k Touch eldobhat\u00f3 vape a gyorst\u00f6lt\u00e9st?<\/strong><br \/>\nAbszol\u00fat! Type-C t\u00f6lt\u0151porttal rendelkezik a gyors \u00e9s hat\u00e9kony felt\u00f6lt\u00e9s \u00e9rdek\u00e9ben.<\/li>\n<li><strong>Milyen nikotinszinttel kaphat\u00f3 a Vookbar 30000 \u00fajrat\u00f6lthet\u0151 vape?<\/strong><br \/>\nA k\u00e9sz\u00fcl\u00e9k 0%, 2%, 3% \u00e9s 5% nikotinkoncentr\u00e1ci\u00f3ban kaphat\u00f3, k\u00fcl\u00f6nb\u00f6z\u0151 preferenci\u00e1khoz igazodva.<\/li>\n<li><strong>Milyen extra funkci\u00f3kat biztos\u00edt az \u00e9rint\u0151k\u00e9perny\u0151?<\/strong><br \/>\nA 2,1 h\u00fcvelykes \u00e9rint\u0151k\u00e9perny\u0151 lehet\u0151v\u00e9 teszi a be\u00e1ll\u00edt\u00e1sok ellen\u0151rz\u00e9s\u00e9t, Bluetooth-on kereszt\u00fcli csatlakoz\u00e1st, h\u00e1tt\u00e9rk\u00e9pek testreszab\u00e1s\u00e1t, s\u0151t, t\u00e1volr\u00f3l is vez\u00e9relheti a szelfiket.<\/li>\n<\/ol>\n<\/div>\n<\/div>\n<\/div>\n<\/div>\n<\/div>\n<\/div>\n<\/div>\n<\/div>\n<div class=\"flex-shrink-0 flex flex-col relative items-end\">\n<div class=\"pt-0\">\n<div class=\"gizmo-bot-avatar flex h-8 w-8 items-center justify-center overflow-hidden rounded-full\">\n<div class=\"relative p-1 rounded-sm flex items-center justify-center bg-token-main-surface-primary text-token-text-primary h-8 w-8\">\n<div class=\"mb-2 flex gap-3 empty:hidden -ml-2\">\n<div role=\"article\" data-tabster=\"{&quot;groupper&quot;:{&quot;tabbability&quot;:2},&quot;focusable&quot;:{}}\" data-content=\"ai-message\" aria-labelledby=\"Vdt5ez4X7Tg813x6rFVha-author Vdt5ez4X7Tg813x6rFVha-content\">\n<div id=\"Vdt5ez4X7Tg813x6rFVha-content\">\n<div role=\"article\" data-tabster=\"{&quot;groupper&quot;:{&quot;tabbability&quot;:2},&quot;focusable&quot;:{}}\" data-content=\"ai-message\" aria-labelledby=\"o968oC7CEo2fGHsGdsRYC-author o968oC7CEo2fGHsGdsRYC-content\">\n<div id=\"o968oC7CEo2fGHsGdsRYC-content\">\n<h3>Mi\u00e9rt v\u00e1lassza a vapestornad\u00f3t a Vookbar 30000 Touch eldobhat\u00f3 vape nagykereskedelemhez?<\/h3>\n<div class=\"flex-shrink-0 flex flex-col relative items-end\">\n<div class=\"pt-0\">\n<div class=\"gizmo-bot-avatar flex h-8 w-8 items-center justify-center overflow-hidden rounded-full\">\n<div class=\"relative p-1 rounded-sm flex items-center justify-center bg-token-main-surface-primary text-token-text-primary h-8 w-8\">\n<p>\u00dcdv\u00f6z\u00f6lj\u00fck a vapestornado-n, az \u00d6n megb\u00edzhat\u00f3 online vape boltj\u00e1ban a pr\u00e9mium eldobhat\u00f3 vape-okhoz. T\u00f6bb mint 5 \u00e9ves szak\u00e9rtelemmel hozunk el \u00d6nnek n\u00e9pszer\u0171 eldobhat\u00f3 vape m\u00e1rk\u00e1kat, mint p\u00e9ld\u00e1ul a Fumot RandM Vape, <a href=\"https:\/\/vapestornado.com\/hu\/product-category\/vapme-shisha\/\">Vapme<\/a>, Bang Vape, Waspe Vape \u00e9s WGA Vape, stb.<\/p>\n<p>K\u00edn\u00e1latunkban szerepelnek n\u00e9pszer\u0171 vape-ok, mint a <a href=\"https:\/\/vapestornado.com\/hu\/product\/randm-12000-puffs-fumot-digital-disposable-vape-wholesale-price\/\">RandM Torn\u00e1d\u00f3 12000<\/a>, \u00e9s \u00edzgazdag v\u00e1laszt\u00e1sok, mint a <a href=\"https:\/\/vapestornado.com\/hu\/product\/wga-crystal-pro-max-extra-15000-puffs-rechargeable-disposable-vape-wholesale-bulk-buy\/\">\u00a0WGA Krist\u00e1ly 15k Puffs<\/a> . Minden term\u00e9k\u00fcnket a min\u0151s\u00e9g, \u00e9rt\u00e9k \u00e9s v\u00e1ltozatoss\u00e1g figyelembev\u00e9tel\u00e9vel v\u00e1lasztjuk ki, biztos\u00edtva, hogy megtal\u00e1lja az ig\u00e9nyeinek legmegfelel\u0151bbet. Fedezze fel a kiv\u00e9teles szolg\u00e1ltat\u00e1st \u00e9s a top term\u00e9kek sz\u00e9les v\u00e1laszt\u00e9k\u00e1t nagykereskedelmi \u00e1ron a vapestornado-n.<\/p>\n<\/div>\n<p>&nbsp;<\/p>\n<p><strong>Egy\u00e9b n\u00e9pszer\u0171 eldobhat\u00f3 vape-ek<\/strong><\/p>\n<p><a href=\"https:\/\/vapestornado.com\/hu\/product\/bang-vape-35000-puffs-low-nicotine-bulk-buy-rechargeable-disposable-vapes-box-wholesale-price\/\">Bang Vape 35000 Puffs <span style=\"color: #ff0000;\"><strong>&gt;&gt;&gt;&gt; Indul\u00e1s!<\/strong><\/span><\/a><\/p>\n<p><a href=\"https:\/\/vapestornado.com\/hu\/product\/vopk-ultra-40000-puffs-2-in-1-digital-screen-rechargeable-disposable-vape\/\">VOPK 40000 Dupla \u00cdz<span style=\"color: #ff0000;\"><strong>&gt;&gt;&gt;&gt; Indul\u00e1s!<\/strong><\/span><\/a><\/p>\n<p><a href=\"https:\/\/vapestornado.com\/hu\/product\/bood-twins-46000-puff-double-flavour-low-nicotine-disposable-vape-wholesale-bulk-buy-price\/\">Bood Twins 46000<span style=\"color: #ff0000;\"><strong>&gt;&gt;&gt;&gt; Indul\u00e1s!<\/strong><\/span><\/a><\/p>\n<\/div>\n<\/div>\n<\/div>\n<p>&nbsp;<\/p>\n<\/div>\n<\/div>\n<\/div>\n<\/div>\n<\/div>\n<\/div>\n<\/div>\n<\/div>\n<\/div>","protected":false},"excerpt":{"rendered":"<p>Hot Vookbar Cyber Pro 30000 Puffs 2% alacsony nikotinos eldobhat\u00f3 vape<br \/>\nVookbar Vape Cyber Pro 30000 Puffs digit\u00e1lis kijelz\u0151s eldobhat\u00f3 vape nagy t\u00e9telben<br \/>\nVookbar Cyber Pro 30k \u00e9rint\u0151s, \u00fajrat\u00f6lthet\u0151 eldobhat\u00f3 vape nagykereskedelem<\/p>\n<p><strong>Adja hozz\u00e1 Amy-t WhatsApp-on, hogy azonnali v\u00e1laszt \u00e9s vape kupont kapjon!<\/strong><\/p>\n<p><img fetchpriority=\"high\" decoding=\"async\" class=\"size-full wp-image-2932\" src=\"https:\/\/vapestornado.com\/wp-content\/uploads\/2024\/12\/Vape-Wholesale.jpg\" alt=\"Vape nagykereskedelem\" width=\"229\" height=\"300\" \/><\/p>\n<h3><a href=\"https:\/\/wa.me\/8617776015835\"><span style=\"color: #ff0000;\"><strong>WhatsApp: +86 17776015835<\/strong><\/span><\/a><\/h3>\n<p>&nbsp;<\/p>","protected":false},"featured_media":3388,"comment_status":"open","ping_status":"closed","template":"","meta":{"_acf_changed":false,"_uag_custom_page_level_css":"","_lmt_disableupdate":"no","_lmt_disable":"","_monsterinsights_skip_tracking":false,"_monsterinsights_sitenote_active":false,"_monsterinsights_sitenote_note":"","_monsterinsights_sitenote_category":0,"site-sidebar-layout":"default","site-content-layout":"","ast-site-content-layout":"default","site-content-style":"default","site-sidebar-style":"default","ast-global-header-display":"","ast-banner-title-visibility":"","ast-main-header-display":"","ast-hfb-above-header-display":"","ast-hfb-below-header-display":"","ast-hfb-mobile-header-display":"","site-post-title":"","ast-breadcrumbs-content":"","ast-featured-img":"","footer-sml-layout":"","ast-disable-related-posts":"","theme-transparent-header-meta":"default","adv-header-id-meta":"","stick-header-meta":"","header-above-stick-meta":"","header-main-stick-meta":"","header-below-stick-meta":"","astra-migrate-meta-layouts":"set","ast-page-background-enabled":"default","ast-page-background-meta":{"desktop":{"background-color":"","background-image":"","background-repeat":"repeat","background-position":"center center","background-size":"auto","background-attachment":"scroll","background-type":"","background-media":"","overlay-type":"","overlay-color":"","overlay-opacity":"","overlay-gradient":""},"tablet":{"background-color":"","background-image":"","background-repeat":"repeat","background-position":"center center","background-size":"auto","background-attachment":"scroll","background-type":"","background-media":"","overlay-type":"","overlay-color":"","overlay-opacity":"","overlay-gradient":""},"mobile":{"background-color":"","background-image":"","background-repeat":"repeat","background-position":"center center","background-size":"auto","background-attachment":"scroll","background-type":"","background-media":"","overlay-type":"","overlay-color":"","overlay-opacity":"","overlay-gradient":""}},"ast-content-background-meta":{"desktop":{"background-color":"var(--ast-global-color-5)","background-image":"","background-repeat":"repeat","background-position":"center center","background-size":"auto","background-attachment":"scroll","background-type":"","background-media":"","overlay-type":"","overlay-color":"","overlay-opacity":"","overlay-gradient":""},"tablet":{"background-color":"var(--ast-global-color-5)","background-image":"","background-repeat":"repeat","background-position":"center center","background-size":"auto","background-attachment":"scroll","background-type":"","background-media":"","overlay-type":"","overlay-color":"","overlay-opacity":"","overlay-gradient":""},"mobile":{"background-color":"var(--ast-global-color-5)","background-image":"","background-repeat":"repeat","background-position":"center center","background-size":"auto","background-attachment":"scroll","background-type":"","background-media":"","overlay-type":"","overlay-color":"","overlay-opacity":"","overlay-gradient":""}},"_joinchat":{"telephone":"+8617776015835"}},"product_brand":[],"product_cat":[140,67,150,154,160,142,146],"product_tag":[165,105,97,166,94,207,208],"class_list":{"0":"post-3394","1":"product","2":"type-product","3":"status-publish","4":"has-post-thumbnail","6":"product_cat-big-puffs-disposable-vapes","7":"product_cat-30000-puff","8":"product_cat-buy-disposable-vapes-in-belgium","9":"product_cat-buy-disposable-vapes-in-netherlands","10":"product_cat-buy-disposable-vapes-in-switzerland","11":"product_cat-digital-box-disposable-vapes","12":"product_cat-rechargeable-disposable-vapes","13":"product_tag-cheap-vapes","14":"product_tag-digital-disposable-vape","15":"product_tag-hot-sale-disposable-vape","16":"product_tag-low-nicotine-vape","17":"product_tag-rechargeable-disposable-vape","18":"product_tag-vookbar-cyber-pro-30000","19":"product_tag-vookbar-vape","20":"desktop-align-left","21":"tablet-align-left","22":"mobile-align-left","24":"first","25":"instock","26":"sale","27":"shipping-taxable","28":"purchasable","29":"product-type-simple"},"acf":[],"uagb_featured_image_src":{"full":["https:\/\/vapestornado.com\/wp-content\/uploads\/2024\/12\/Vookbar-Cyber-\u200b\u200bPro-30k-Vape-Wholesale.jpg",1000,1000,false],"thumbnail":["https:\/\/vapestornado.com\/wp-content\/uploads\/2024\/12\/Vookbar-Cyber-\u200b\u200bPro-30k-Vape-Wholesale-150x150.jpg",150,150,true],"medium":["https:\/\/vapestornado.com\/wp-content\/uploads\/2024\/12\/Vookbar-Cyber-\u200b\u200bPro-30k-Vape-Wholesale-300x300.jpg",300,300,true],"medium_large":["https:\/\/vapestornado.com\/wp-content\/uploads\/2024\/12\/Vookbar-Cyber-\u200b\u200bPro-30k-Vape-Wholesale-768x768.jpg",768,768,true],"large":["https:\/\/vapestornado.com\/wp-content\/uploads\/2024\/12\/Vookbar-Cyber-\u200b\u200bPro-30k-Vape-Wholesale.jpg",1000,1000,false],"1536x1536":["https:\/\/vapestornado.com\/wp-content\/uploads\/2024\/12\/Vookbar-Cyber-\u200b\u200bPro-30k-Vape-Wholesale.jpg",1000,1000,false],"2048x2048":["https:\/\/vapestornado.com\/wp-content\/uploads\/2024\/12\/Vookbar-Cyber-\u200b\u200bPro-30k-Vape-Wholesale.jpg",1000,1000,false],"trp-custom-language-flag":["https:\/\/vapestornado.com\/wp-content\/uploads\/2024\/12\/Vookbar-Cyber-\u200b\u200bPro-30k-Vape-Wholesale.jpg",12,12,false],"woocommerce_thumbnail":["https:\/\/vapestornado.com\/wp-content\/uploads\/2024\/12\/Vookbar-Cyber-\u200b\u200bPro-30k-Vape-Wholesale-300x300.jpg",300,300,true],"woocommerce_single":["https:\/\/vapestornado.com\/wp-content\/uploads\/2024\/12\/Vookbar-Cyber-\u200b\u200bPro-30k-Vape-Wholesale-600x600.jpg",600,600,true],"woocommerce_gallery_thumbnail":["https:\/\/vapestornado.com\/wp-content\/uploads\/2024\/12\/Vookbar-Cyber-\u200b\u200bPro-30k-Vape-Wholesale-100x100.jpg",100,100,true]},"uagb_author_info":{"display_name":"ESAMY","author_link":"https:\/\/vapestornado.com\/hu\/author\/"},"uagb_comment_info":0,"uagb_excerpt":"Hot Vookbar Cyber Pro 30000 Puffs 2% Low Nicotine Disposable Vape Vookbar Vape Cyber Pro 30000 Puffs Digital Display Disposable Vape Bulk Buy Vookbar Cyber Pro 30k Touch Rechargeable Disposable Vape Wholesale Add Amy's whatsapp get right reply and vape coupon! WhatsApp: +86 17776015835 &nbsp;","_links":{"self":[{"href":"https:\/\/vapestornado.com\/hu\/wp-json\/wp\/v2\/product\/3394","targetHints":{"allow":["GET"]}}],"collection":[{"href":"https:\/\/vapestornado.com\/hu\/wp-json\/wp\/v2\/product"}],"about":[{"href":"https:\/\/vapestornado.com\/hu\/wp-json\/wp\/v2\/types\/product"}],"replies":[{"embeddable":true,"href":"https:\/\/vapestornado.com\/hu\/wp-json\/wp\/v2\/comments?post=3394"}],"wp:featuredmedia":[{"embeddable":true,"href":"https:\/\/vapestornado.com\/hu\/wp-json\/wp\/v2\/media\/3388"}],"wp:attachment":[{"href":"https:\/\/vapestornado.com\/hu\/wp-json\/wp\/v2\/media?parent=3394"}],"wp:term":[{"taxonomy":"product_brand","embeddable":true,"href":"https:\/\/vapestornado.com\/hu\/wp-json\/wp\/v2\/product_brand?post=3394"},{"taxonomy":"product_cat","embeddable":true,"href":"https:\/\/vapestornado.com\/hu\/wp-json\/wp\/v2\/product_cat?post=3394"},{"taxonomy":"product_tag","embeddable":true,"href":"https:\/\/vapestornado.com\/hu\/wp-json\/wp\/v2\/product_tag?post=3394"}],"curies":[{"name":"wp","href":"https:\/\/api.w.org\/{rel}","templated":true}]}}