{"id":3386,"date":"2024-12-26T06:35:55","date_gmt":"2024-12-26T06:35:55","guid":{"rendered":"https:\/\/vapestornado.com\/?post_type=product&#038;p=3386"},"modified":"2025-08-23T08:57:06","modified_gmt":"2025-08-23T08:57:06","slug":"bood-30k-puffs-geek-bar-cheap-price-rechargeable-vape","status":"publish","type":"product","link":"https:\/\/vapestornado.com\/hu\/product\/bood-30k-puffs-geek-bar-cheap-price-rechargeable-vape\/","title":{"rendered":"BOOD 30k Sz\u00edv\u00e1s Geek Bar Olcs\u00f3 \u00c1r \u00dajrat\u00f6lthet\u0151 Vape"},"content":{"rendered":"<h1>BOOD INFINITY 30k Puffs Geek Bar olcs\u00f3 \u00e1r\u00fa, \u00fajrat\u00f6lthet\u0151 vape<\/h1>\n<p>&nbsp;<\/p>\n<div role=\"article\" data-tabster=\"{&quot;groupper&quot;:{&quot;tabbability&quot;:2},&quot;focusable&quot;:{}}\" data-content=\"ai-message\" aria-labelledby=\"64JRvXrTnY7mRmPkEQLLT-author 64JRvXrTnY7mRmPkEQLLT-content\">\n<div id=\"64JRvXrTnY7mRmPkEQLLT-content\">\n<p data-start=\"300\" data-end=\"543\">A <strong data-start=\"304\" data-end=\"358\">BOOD INFINITY 30000 Puffs Geek Bar Eldobhat\u00f3 Vape<\/strong> \u00f6tv\u00f6zi a kapacit\u00e1st, a st\u00edlust \u00e9s a teljes\u00edtm\u00e9nyt egyetlen er\u0151teljes eszk\u00f6zben. Ak\u00e1r <strong data-start=\"436\" data-end=\"452\">30 000 slukk<\/strong> \u00e9s egy <strong data-start=\"459\" data-end=\"490\">650mAh-s \u00fajrat\u00f6lthet\u0151 akkumul\u00e1tor<\/strong>haszn\u00e1lat\u00e1val hosszan tart\u00f3 haszn\u00e1latot biztos\u00edt, mik\u00f6zben cs\u00f6kkenti a hullad\u00e9k mennyis\u00e9g\u00e9t.<\/p>\n<p data-start=\"545\" data-end=\"844\">Felszerelve egy <strong data-start=\"562\" data-end=\"600\">E-liquid<\/strong>haszn\u00e1lat\u00e1val a felhaszn\u00e1l\u00f3k val\u00f3s id\u0151ben ellen\u0151rizhetik az akkumul\u00e1tor \u00e9s az e-liquid szintj\u00e9t a probl\u00e9mamentes \u00e9lm\u00e9ny \u00e9rdek\u00e9ben. A <strong data-start=\"693\" data-end=\"718\">kett\u0151s h\u00e1l\u00f3s tekercs rendszer<\/strong> fokozza a g\u0151z s\u0171r\u0171s\u00e9g\u00e9t \u00e9s az \u00edz konzisztenci\u00e1j\u00e1t, m\u00edg a <strong data-start=\"776\" data-end=\"798\">szab\u00e1lyozhat\u00f3 l\u00e9g\u00e1raml\u00e1ssal<\/strong> lehet\u0151v\u00e9 teszi minden felhaszn\u00e1l\u00f3 sz\u00e1m\u00e1ra a saj\u00e1t h\u00faz\u00e1s\u00e1nak szem\u00e9lyre szab\u00e1s\u00e1t.<\/p>\n<p data-start=\"846\" data-end=\"1065\">Kompakt \u00e9s tart\u00f3s, a <strong data-start=\"871\" data-end=\"908\">BOOD INFINITY 30K Eldobhat\u00f3 Vape<\/strong> sim\u00e1bb felh\u0151ket \u00e9s gazdag \u00edzt biztos\u00edt, \u00edgy praktikus v\u00e1laszt\u00e1s a nagykeresked\u0151k, kiskeresked\u0151k \u00e9s az egy\u00e9ni felhaszn\u00e1l\u00f3k sz\u00e1m\u00e1ra, akik megb\u00edzhat\u00f3, nagy kapacit\u00e1s\u00fa vape-eket keresnek.<\/p>\n<\/div>\n<\/div>\n<p><img fetchpriority=\"high\" decoding=\"async\" class=\"alignleft wp-image-2951 size-medium\" src=\"https:\/\/vapestornado.com\/wp-content\/uploads\/2024\/12\/Wholesale-Disposable-Vape-265x300.jpg\" alt=\"Nagykereskedelmi eldobhat\u00f3 Vape\" width=\"265\" height=\"300\" srcset=\"https:\/\/vapestornado.com\/wp-content\/uploads\/2024\/12\/Wholesale-Disposable-Vape-265x300.jpg 265w, https:\/\/vapestornado.com\/wp-content\/uploads\/2024\/12\/Wholesale-Disposable-Vape-768x871.jpg 768w, https:\/\/vapestornado.com\/wp-content\/uploads\/2024\/12\/Wholesale-Disposable-Vape-600x680.jpg 600w, https:\/\/vapestornado.com\/wp-content\/uploads\/2024\/12\/Wholesale-Disposable-Vape.jpg 823w\" sizes=\"(max-width: 265px) 100vw, 265px\" \/><\/p>\n<h6>K\u00e9rj\u00fck, vegye fel a kapcsolatot Mandy WhatsApp-j\u00e1val a kedvezm\u00e9nyes \u00e1r\u00e9rt<a href=\"https:\/\/wa.me\/8618077105796\" target=\"_blank\" rel=\"noopener\">+8618077105796<\/a><\/h6>\n<div class=\"flex max-w-full flex-col flex-grow\">\n<div class=\"min-h-8 text-message flex w-full flex-col items-end gap-2 whitespace-normal break-words text-start [.text-message+&amp;]:mt-5\" dir=\"auto\" data-message-author-role=\"assistant\" data-message-id=\"cdb991c0-f594-4bff-b2d5-fbbdd7ce9e54\" data-message-model-slug=\"gpt-4o-mini\">\n<div class=\"flex w-full flex-col gap-1 empty:hidden first:pt-[3px]\">\n<div class=\"markdown prose w-full break-words dark:prose-invert light\"><\/div>\n<\/div>\n<\/div>\n<\/div>\n<div class=\"mb-2 flex gap-3 empty:hidden -ml-2\">\n<h2><strong>Hot BOOD INFINITY 30K PUFF Vapes specifik\u00e1ci\u00f3i<\/strong><\/h2>\n<ul>\n<li><strong>Hatalmas 30K slukk kapacit\u00e1s<\/strong>: Hosszabb g\u0151z\u00f6l\u00e9shez tervezve, ak\u00e1r 30 000 slukkig is tart a val\u00f3ban hosszan tart\u00f3 \u00e9lm\u00e9ny \u00e9rdek\u00e9ben.<\/li>\n<li><strong>E-liquid<\/strong>: Be\u00e9p\u00edtett kijelz\u0151vel rendelkezik, amellyel nyomon k\u00f6vethet\u0151 az e-liquid szintje \u00e9s az akkumul\u00e1tor \u00e9lettartama, ezzel biztos\u00edtva a zavartalan haszn\u00e1latot.<\/li>\n<li><strong>Fejlett kett\u0151s h\u00e1l\u00f3s tekercs technol\u00f3gia<\/strong>: Fokozott \u00edzintenzit\u00e1st, egyenletes g\u0151ztermel\u00e9st \u00e9s kiel\u00e9g\u00edt\u0151 torokhat\u00e1st biztos\u00edt minden egyes slukk eset\u00e9n.<\/li>\n<li><strong>\u00dajrat\u00f6lthet\u0151 kialak\u00edt\u00e1s USB-kompatibilit\u00e1ssal<\/strong>: K\u00f6rnyezetbar\u00e1t, \u00fajrat\u00f6lthet\u0151 rendszerrel k\u00e9sz\u00fclt, \u00edgy nincs sz\u00fcks\u00e9g gyakori cser\u00e9kre.<\/li>\n<li><strong>Nagy kapacit\u00e1s\u00fa 650mAh-s akkumul\u00e1tor<\/strong>: Megb\u00edzhat\u00f3 \u00e9s \u00e1lland\u00f3 energi\u00e1t k\u00edn\u00e1l, gyorst\u00f6lt\u00e9ssel p\u00e1ros\u00edtva a maxim\u00e1lis k\u00e9nyelem \u00e9rdek\u00e9ben.<\/li>\n<\/ul>\n<\/div>\n<h2>T\u00f6meges v\u00e1s\u00e1rl\u00e1s vape bood 30k Puffs \u00edzlista:<\/h2>\n<p>1 EPER G\u00d6R\u00d6GDINNYE<br \/>\n2 BARACKOS MANG\u00d3 ANAN\u00c1SZ<br \/>\n3 BUJA J\u00c9G<br \/>\n4 BOGY\u00d3 ROBBAN\u00c1S<br \/>\n5 EPER KIWI<br \/>\n6 HAWAI<br \/>\n7 K\u00c9K M\u00c1LNA J\u00c9G<br \/>\n8 \u00c1FONY\u00c1S LIMON\u00c1D\u00c9<br \/>\n9 FEKETE J\u00c9G<br \/>\n10 TIFFANY<\/p>\n<div role=\"article\" data-tabster=\"{&quot;groupper&quot;:{&quot;tabbability&quot;:2},&quot;focusable&quot;:{}}\" data-content=\"ai-message\" aria-labelledby=\"dARUyEWDoEYhnSPXFwx5A-author dARUyEWDoEYhnSPXFwx5A-content\">\n<div id=\"dARUyEWDoEYhnSPXFwx5A-content\">\n<h3>Mi\u00e9rt v\u00e1lassza a BOOD INFINITY 30K Puffs-t a vapestornado.com oldalon?<\/h3>\n<p>A BOOD INFINITY 30K Puffs kateg\u00f3ri\u00e1j\u00e1ban \u00fatt\u00f6r\u0151nek sz\u00e1m\u00edt, \u00e9s a vapestornado.com az \u00d6n els\u0151 sz\u00e1m\u00fa c\u00e9lpontja, hogy teljes m\u00e9rt\u00e9kben kihaszn\u00e1lja a benne rejl\u0151 lehet\u0151s\u00e9geket. \u00cdme, hogy mi\u00e9rt:<\/p>\n<ol>\n<li><strong>Massz\u00edv puff kapacit\u00e1s:<\/strong> Egy hihetetlen\u00fcl <strong>30 000 sluk \u00e9lettartam<\/strong>, a BOOD INFINITY hossz\u00fa t\u00e1v\u00fa haszn\u00e1latra lett tervezve, cs\u00f6kkentve a gyakori cser\u00e9k sz\u00fcks\u00e9gess\u00e9g\u00e9t, \u00e9s kiv\u00e9teles \u00e9rt\u00e9ket k\u00edn\u00e1lva.<\/li>\n<li><strong>Fejlett technol\u00f3gia:<\/strong> Egy <strong>Kett\u0151s h\u00e1l\u00f3s tekercs<\/strong>seg\u00edts\u00e9g\u00e9vel ez a k\u00e9sz\u00fcl\u00e9k s\u0171r\u0171 g\u0151ztermel\u00e9st \u00e9s gazdag, egyenletes \u00edzeket biztos\u00edt, minden slukkot fokozva a pr\u00e9mium g\u0151z\u00f6l\u00e9si \u00e9lm\u00e9ny \u00e9rdek\u00e9ben.<\/li>\n<li><strong>Intelligens fel\u00fcgyelet:<\/strong> A <strong>Az e-liquid<\/strong> val\u00f3s idej\u0171 friss\u00edt\u00e9seket ny\u00fajt az e-liquid szintekr\u0151l \u00e9s az akkumul\u00e1tor \u00e1llapot\u00e1r\u00f3l, biztos\u00edtva, hogy mindig k\u00e9zben tartsa a g\u0151z\u00f6l\u00e9st.<\/li>\n<li><strong>Testreszabhat\u00f3 \u00e9lm\u00e9ny:<\/strong> Egy <strong>\u00e1ll\u00edthat\u00f3 l\u00e9g\u00e1raml\u00e1si rendszer<\/strong>seg\u00edts\u00e9g\u00e9vel a g\u0151z\u00f6l\u00e9si st\u00edlust az \u00d6n preferenci\u00e1ihoz igaz\u00edthatja, f\u00fcggetlen\u00fcl att\u00f3l, hogy sz\u0171kebb vagy nyitottabb l\u00e9g\u00e1raml\u00e1st kedvel.<\/li>\n<li><strong>K\u00f6rnyezetbar\u00e1t kialak\u00edt\u00e1s:<\/strong> Felszerelve egy <strong>\u00fajrat\u00f6lthet\u0151 650mAh akkumul\u00e1tor<\/strong>, a BOOD INFINITY t\u00e1mogatja a fenntarthat\u00f3 g\u0151z\u00f6l\u00e9si gyakorlatokat a hullad\u00e9k minimaliz\u00e1l\u00e1s\u00e1val.<\/li>\n<li><strong>Versenyk\u00e9pes \u00e1raz\u00e1s:<\/strong> A vapestornado.com oldalon ezt a nagy teljes\u00edtm\u00e9ny\u0171 eszk\u00f6zt <strong>olcs\u00f3 \u00e1rral<\/strong>k\u00edn\u00e1ljuk, biztos\u00edtva, hogy pr\u00e9mium min\u0151s\u00e9get kapjon an\u00e9lk\u00fcl, hogy megterheln\u00e9 a k\u00f6lts\u00e9gvet\u00e9s\u00e9t.<\/li>\n<li><strong>Gyors \u00e9s megb\u00edzhat\u00f3 sz\u00e1ll\u00edt\u00e1s:<\/strong> Minden megrendel\u00e9st gyorsan \u00e9s biztons\u00e1gosan sz\u00e1ll\u00edtunk, a sz\u00e1ll\u00edt\u00e1si lehet\u0151s\u00e9gekkel, hogy megfeleljen az \u00d6n ig\u00e9nyeinek.<\/li>\n<\/ol>\n<p>A vapestornado.com elk\u00f6telezett a cs\u00facsmin\u0151s\u00e9g\u0171 g\u0151z\u00f6l\u00e9si term\u00e9kek \u00e9s a kiv\u00e9teles \u00fcgyf\u00e9lszolg\u00e1lat ir\u00e1nt. V\u00e1s\u00e1roljon m\u00e9g ma, \u00e9s fedezze fel, mi\u00e9rt a BOOD INFINITY 30K Puffs a t\u00f6k\u00e9letes v\u00e1laszt\u00e1s a hossz\u00fa \u00e9lettartam\u00fa, funkci\u00f3kban gazdag \u00e9s megfizethet\u0151 g\u0151z\u00f6l\u00e9si \u00e9lm\u00e9nyhez!<\/p>\n<\/div>\n<\/div>\n<h3>GYIK a BOOD INFINITY 30k Puffs-r\u00f3l<\/h3>\n<p><strong>1. Mennyi ideig b\u00edrja a BOOD INFINITY 30K Puffs?<\/strong><br \/>\nA BOOD INFINITY-t \u00fagy tervezt\u00fck, hogy ak\u00e1r 30 000 slukkot is biztos\u00edtson, \u00edgy kiv\u00e1l\u00f3 v\u00e1laszt\u00e1s a hossz\u00fa t\u00e1v\u00fa haszn\u00e1latra, gyakori csere n\u00e9lk\u00fcl. A t\u00e9nyleges haszn\u00e1lati id\u0151 az egy\u00e9ni g\u0151z\u00f6l\u00e9si szok\u00e1sokt\u00f3l f\u00fcgg\u0151en v\u00e1ltozhat.<\/p>\n<p><strong>2. Sz\u00fcks\u00e9ges-e t\u00f6lteni a bood vapes 30000 puffs-ot?<\/strong><br \/>\nIgen, a BOOD INFINITY \u00fajrat\u00f6lthet\u0151 <strong>650mAh akkumul\u00e1torral<\/strong> a11y:k_15<\/p>\n<p><strong>3. Mi teszi a BOOD INFINITY 30k Puffs-ot egyed\u00fcl\u00e1ll\u00f3v\u00e1 a t\u00f6bbi eldobhat\u00f3 vape-hez k\u00e9pest?<\/strong><br \/>\nEz a vape kiemelkedik a <strong>Az e-liquid<\/strong>-j\u00e1val, amely lehet\u0151v\u00e9 teszi a felhaszn\u00e1l\u00f3k sz\u00e1m\u00e1ra, hogy k\u00f6nnyed\u00e9n figyelemmel k\u00eds\u00e9rj\u00e9k mind az e-liquid szintj\u00e9t, mind az akkumul\u00e1tor \u00e9lettartam\u00e1t. Ezenk\u00edv\u00fcl a <strong>Kett\u0151s Mesh Coil Technol\u00f3gia<\/strong> biztos\u00edtja a sim\u00e1bb g\u0151zt \u00e9s a gazdag \u00edzeket minden egyes szippant\u00e1sn\u00e1l.<\/p>\n<p>4.<strong>Mennyi id\u0151be telik, am\u00edg meg\u00e9rkezik a rendel\u00e9sem, \u00e9s honnan sz\u00e1ll\u00edtj\u00e1k?<\/strong><br \/>\nA BOOD INFINITY gy\u00e1rt\u00e1sa <strong>3-5 munkanapot<\/strong>vesz ig\u00e9nybe, \u00e9s a sz\u00e1ll\u00edt\u00e1s ut\u00e1n <strong>10-15 munkanap<\/strong> a csomag meg\u00e9rkez\u00e9se. Minden term\u00e9ket k\u00f6zvetlen\u00fcl <strong>K\u00edn\u00e1b\u00f3l<\/strong>.<\/p>\n<p>egy\u00e9b vape-ek, amelyek tetszhetnek:<a href=\"https:\/\/vapestornado.com\/hu\/product-category\/bood-disposable-vapes\/\">BOOD VAPE ELDOBHAT\u00d3<\/a>\u00a0 \u00a0<a href=\"https:\/\/vapestornado.com\/hu\/product-category\/30000-puff\/\">30000 Puffs vape akci\u00f3s\u00a0<\/a><\/p>","protected":false},"excerpt":{"rendered":"<p>BOOD 30k Puffs Geek Bar Vape: \u00dajrat\u00f6lthet\u0151, megfizethet\u0151 vape 30 000 slukkal. V\u00e1s\u00e1roljon most pr\u00e9mium min\u0151s\u00e9get a legjobb \u00e1ron!<\/p>\n<figure id=\"attachment_2951\" aria-describedby=\"caption-attachment-2951\" style=\"width: 265px\" class=\"wp-caption alignnone\"><img decoding=\"async\" class=\"size-medium wp-image-2951\" src=\"https:\/\/vapestornado.com\/wp-content\/uploads\/2024\/12\/Wholesale-Disposable-Vape-265x300.jpg\" alt=\"Nagykereskedelmi eldobhat\u00f3 Vape\" width=\"265\" height=\"300\" srcset=\"https:\/\/vapestornado.com\/wp-content\/uploads\/2024\/12\/Wholesale-Disposable-Vape-265x300.jpg 265w, https:\/\/vapestornado.com\/wp-content\/uploads\/2024\/12\/Wholesale-Disposable-Vape-768x871.jpg 768w, https:\/\/vapestornado.com\/wp-content\/uploads\/2024\/12\/Wholesale-Disposable-Vape-600x680.jpg 600w, https:\/\/vapestornado.com\/wp-content\/uploads\/2024\/12\/Wholesale-Disposable-Vape.jpg 823w\" sizes=\"(max-width: 265px) 100vw, 265px\" \/><figcaption id=\"caption-attachment-2951\" class=\"wp-caption-text\">K\u00e9rj\u00fck, vegye fel a kapcsolatot Mandy WhatsApp-j\u00e1val a kedvezm\u00e9nyes \u00e1r\u00e9rt\u00a0 <a href=\"https:\/\/wa.me\/8618077105796\">+8618077105796<\/a><\/figcaption><\/figure>\n<p>&nbsp;<\/p>","protected":false},"featured_media":3495,"comment_status":"open","ping_status":"closed","template":"","meta":{"_acf_changed":false,"_uag_custom_page_level_css":"","_lmt_disableupdate":"no","_lmt_disable":"","_monsterinsights_skip_tracking":false,"_monsterinsights_sitenote_active":false,"_monsterinsights_sitenote_note":"","_monsterinsights_sitenote_category":0,"site-sidebar-layout":"default","site-content-layout":"","ast-site-content-layout":"default","site-content-style":"default","site-sidebar-style":"default","ast-global-header-display":"","ast-banner-title-visibility":"","ast-main-header-display":"","ast-hfb-above-header-display":"","ast-hfb-below-header-display":"","ast-hfb-mobile-header-display":"","site-post-title":"","ast-breadcrumbs-content":"","ast-featured-img":"","footer-sml-layout":"","ast-disable-related-posts":"","theme-transparent-header-meta":"default","adv-header-id-meta":"","stick-header-meta":"","header-above-stick-meta":"","header-main-stick-meta":"","header-below-stick-meta":"","astra-migrate-meta-layouts":"set","ast-page-background-enabled":"default","ast-page-background-meta":{"desktop":{"background-color":"","background-image":"","background-repeat":"repeat","background-position":"center center","background-size":"auto","background-attachment":"scroll","background-type":"","background-media":"","overlay-type":"","overlay-color":"","overlay-opacity":"","overlay-gradient":""},"tablet":{"background-color":"","background-image":"","background-repeat":"repeat","background-position":"center center","background-size":"auto","background-attachment":"scroll","background-type":"","background-media":"","overlay-type":"","overlay-color":"","overlay-opacity":"","overlay-gradient":""},"mobile":{"background-color":"","background-image":"","background-repeat":"repeat","background-position":"center center","background-size":"auto","background-attachment":"scroll","background-type":"","background-media":"","overlay-type":"","overlay-color":"","overlay-opacity":"","overlay-gradient":""}},"ast-content-background-meta":{"desktop":{"background-color":"var(--ast-global-color-5)","background-image":"","background-repeat":"repeat","background-position":"center center","background-size":"auto","background-attachment":"scroll","background-type":"","background-media":"","overlay-type":"","overlay-color":"","overlay-opacity":"","overlay-gradient":""},"tablet":{"background-color":"var(--ast-global-color-5)","background-image":"","background-repeat":"repeat","background-position":"center center","background-size":"auto","background-attachment":"scroll","background-type":"","background-media":"","overlay-type":"","overlay-color":"","overlay-opacity":"","overlay-gradient":""},"mobile":{"background-color":"var(--ast-global-color-5)","background-image":"","background-repeat":"repeat","background-position":"center center","background-size":"auto","background-attachment":"scroll","background-type":"","background-media":"","overlay-type":"","overlay-color":"","overlay-opacity":"","overlay-gradient":""}},"_joinchat":{"telephone":"+8618077105796"}},"product_brand":[],"product_cat":[67,64,140,193,149,150,151,152,153,154,155,156,157,158,58],"product_tag":[209,97],"class_list":{"0":"post-3386","1":"product","2":"type-product","3":"status-publish","4":"has-post-thumbnail","6":"product_cat-30000-puff","7":"product_cat-bangbox-vape","8":"product_cat-big-puffs-disposable-vapes","9":"product_cat-bood-disposable-vapes","10":"product_cat-buy-disposable-vapes-in-austria","11":"product_cat-buy-disposable-vapes-in-belgium","12":"product_cat-buy-disposable-vapes-in-france","13":"product_cat-buy-disposable-vapes-in-cermany","14":"product_cat-buy-disposable-vapes-in-italy","15":"product_cat-buy-disposable-vapes-in-netherlands","16":"product_cat-buy-disposable-vapes-in-norway","17":"product_cat-buy-disposable-vapes-in-poland","18":"product_cat-buy-disposable-vapes-in-portugal","19":"product_cat-buy-disposable-vapes-in-spain","20":"product_cat-fumot-vape","21":"product_tag-bood-infinity-30k-puffs","22":"product_tag-hot-sale-disposable-vape","23":"desktop-align-left","24":"tablet-align-left","25":"mobile-align-left","27":"first","28":"instock","29":"sale","30":"shipping-taxable","31":"purchasable","32":"product-type-simple"},"acf":[],"uagb_featured_image_src":{"full":["https:\/\/vapestornado.com\/wp-content\/uploads\/2024\/12\/bood-infinity-30k-blue-razz-ice-cheap-price.jpg",800,800,false],"thumbnail":["https:\/\/vapestornado.com\/wp-content\/uploads\/2024\/12\/bood-infinity-30k-blue-razz-ice-cheap-price-150x150.jpg",150,150,true],"medium":["https:\/\/vapestornado.com\/wp-content\/uploads\/2024\/12\/bood-infinity-30k-blue-razz-ice-cheap-price-300x300.jpg",300,300,true],"medium_large":["https:\/\/vapestornado.com\/wp-content\/uploads\/2024\/12\/bood-infinity-30k-blue-razz-ice-cheap-price-768x768.jpg",768,768,true],"large":["https:\/\/vapestornado.com\/wp-content\/uploads\/2024\/12\/bood-infinity-30k-blue-razz-ice-cheap-price.jpg",800,800,false],"1536x1536":["https:\/\/vapestornado.com\/wp-content\/uploads\/2024\/12\/bood-infinity-30k-blue-razz-ice-cheap-price.jpg",800,800,false],"2048x2048":["https:\/\/vapestornado.com\/wp-content\/uploads\/2024\/12\/bood-infinity-30k-blue-razz-ice-cheap-price.jpg",800,800,false],"trp-custom-language-flag":["https:\/\/vapestornado.com\/wp-content\/uploads\/2024\/12\/bood-infinity-30k-blue-razz-ice-cheap-price.jpg",12,12,false],"woocommerce_thumbnail":["https:\/\/vapestornado.com\/wp-content\/uploads\/2024\/12\/bood-infinity-30k-blue-razz-ice-cheap-price-300x300.jpg",300,300,true],"woocommerce_single":["https:\/\/vapestornado.com\/wp-content\/uploads\/2024\/12\/bood-infinity-30k-blue-razz-ice-cheap-price-600x600.jpg",600,600,true],"woocommerce_gallery_thumbnail":["https:\/\/vapestornado.com\/wp-content\/uploads\/2024\/12\/bood-infinity-30k-blue-razz-ice-cheap-price-100x100.jpg",100,100,true]},"uagb_author_info":{"display_name":"ESMANDY","author_link":"https:\/\/vapestornado.com\/hu\/author\/"},"uagb_comment_info":0,"uagb_excerpt":"BOOD 30k Puffs Geek Bar Vape: Rechargeable, affordable vape with 30,000 puffs. Shop now for premium quality at the best price! [caption id=\"attachment_2951\" align=\"alignnone\" width=\"265\"] Pls Contact Mandy's WhatsApp For Discount Price\u00a0 +8618077105796[\/caption] &nbsp;","_links":{"self":[{"href":"https:\/\/vapestornado.com\/hu\/wp-json\/wp\/v2\/product\/3386","targetHints":{"allow":["GET"]}}],"collection":[{"href":"https:\/\/vapestornado.com\/hu\/wp-json\/wp\/v2\/product"}],"about":[{"href":"https:\/\/vapestornado.com\/hu\/wp-json\/wp\/v2\/types\/product"}],"replies":[{"embeddable":true,"href":"https:\/\/vapestornado.com\/hu\/wp-json\/wp\/v2\/comments?post=3386"}],"wp:featuredmedia":[{"embeddable":true,"href":"https:\/\/vapestornado.com\/hu\/wp-json\/wp\/v2\/media\/3495"}],"wp:attachment":[{"href":"https:\/\/vapestornado.com\/hu\/wp-json\/wp\/v2\/media?parent=3386"}],"wp:term":[{"taxonomy":"product_brand","embeddable":true,"href":"https:\/\/vapestornado.com\/hu\/wp-json\/wp\/v2\/product_brand?post=3386"},{"taxonomy":"product_cat","embeddable":true,"href":"https:\/\/vapestornado.com\/hu\/wp-json\/wp\/v2\/product_cat?post=3386"},{"taxonomy":"product_tag","embeddable":true,"href":"https:\/\/vapestornado.com\/hu\/wp-json\/wp\/v2\/product_tag?post=3386"}],"curies":[{"name":"wp","href":"https:\/\/api.w.org\/{rel}","templated":true}]}}