{"id":3385,"date":"2024-12-26T03:09:17","date_gmt":"2024-12-26T03:09:17","guid":{"rendered":"https:\/\/vapestornado.com\/?post_type=product&#038;p=3385"},"modified":"2025-08-23T11:12:32","modified_gmt":"2025-08-23T11:12:32","slug":"wga-crystal-plus-20000-puff-vape-2-in-1-rechargeable-disposable-vape-wholesale-bulk-buy","status":"publish","type":"product","link":"https:\/\/vapestornado.com\/hu\/product\/wga-crystal-plus-20000-puff-vape-2-in-1-rechargeable-disposable-vape-wholesale-bulk-buy\/","title":{"rendered":"WGA Crystal Plus 20000 Puff Vape 2 az 1-ben \u00dajrat\u00f6lthet\u0151 Eldobhat\u00f3 Vape Nagykereskedelmi T\u00f6meges V\u00e1s\u00e1rl\u00e1s"},"content":{"rendered":"<h1 class=\"product-title\">WGA Crystal Plus 20000 Puff Vape 2 az 1-ben \u00dajrat\u00f6lthet\u0151 Eldobhat\u00f3 Vape Nagykereskedelmi T\u00f6meges V\u00e1s\u00e1rl\u00e1s<\/h1>\n<p data-start=\"239\" data-end=\"582\">A <strong data-start=\"243\" data-end=\"275\">WGA Krist\u00e1ly Plusz 20000 Puffs<\/strong> egy praktikus 2 az 1-ben opci\u00f3 a <strong data-start=\"309\" data-end=\"360\">magyarorsz\u00e1gi kiskeresked\u0151k, forgalmaz\u00f3k \u00e9s B2B t\u00f6meges v\u00e1s\u00e1rl\u00f3k sz\u00e1m\u00e1ra<\/strong> akik v\u00e1ltozatoss\u00e1got szeretn\u00e9nek extra SKU-k tart\u00e1sa n\u00e9lk\u00fcl. Minden eszk\u00f6z ak\u00e1r <strong data-start=\"433\" data-end=\"449\">20 000 puffot<\/strong> \u00e9s lehet\u0151v\u00e9 teszi az \u00fcgyfelek sz\u00e1m\u00e1ra, hogy <strong data-start=\"469\" data-end=\"511\">k\u00e9t el\u0151ret\u00f6lt\u00f6tt \u00edz k\u00f6z\u00f6tt v\u00e1ltsanak<\/strong> azonnal \u2013 ide\u00e1lis olyan \u00fczletek sz\u00e1m\u00e1ra, amelyek vegyes \u00edzl\u00e9svil\u00e1got szolg\u00e1lnak ki egy term\u00e9kben.<\/p>\n<p data-start=\"584\" data-end=\"988\">A <strong data-start=\"586\" data-end=\"616\">\u00fajrat\u00f6lthet\u0151 Type-C kialak\u00edt\u00e1s<\/strong> seg\u00edt biztos\u00edtani a pod teljes felhaszn\u00e1l\u00e1s\u00e1t, cs\u00f6kkentve az e-liquid hullad\u00e9kot \u00e9s a visszak\u00fcld\u00e9seket. A krist\u00e1lytest kompakt a pultokon val\u00f3 megjelen\u00edt\u00e9shez \u00e9s a zsebben val\u00f3 hordoz\u00e1shoz, m\u00edg a tiszta \u00edzkibocs\u00e1t\u00e1s t\u00e1mogatja az ism\u00e9telt \u00e9rt\u00e9kes\u00edt\u00e9st a k\u00e9nyelmi \u00e9s vape szak\u00fczletekben. <strong data-start=\"850\" data-end=\"881\">T\u00f6bbf\u00e9le nikotiner\u0151ss\u00e9g<\/strong> (el\u00e9rhet\u0151s\u00e9g piaconk\u00e9nt v\u00e1ltoz\u00f3) a term\u00e9kcsal\u00e1dot alkalmass\u00e1 teszi mind a k\u00f6nny\u0171 felhaszn\u00e1l\u00f3k, mind a rendszeres v\u00e1s\u00e1rl\u00f3k sz\u00e1m\u00e1ra Eur\u00f3pa-szerte.<\/p>\n<p data-start=\"990\" data-end=\"1021\"><strong data-start=\"990\" data-end=\"1021\">Mi\u00e9rt m\u0171k\u00f6dik a nagykereskedelemben:<\/strong><\/p>\n<ul data-start=\"1022\" data-end=\"1325\">\n<li data-start=\"1022\" data-end=\"1079\">\n<p data-start=\"1024\" data-end=\"1079\"><strong data-start=\"1024\" data-end=\"1037\">20 000 slukk<\/strong> egys\u00e9genk\u00e9nt a hosszabb \u00e9rt\u00e9kes\u00edt\u00e9si ciklusokhoz<\/p>\n<\/li>\n<li data-start=\"1080\" data-end=\"1157\">\n<p data-start=\"1082\" data-end=\"1157\"><strong data-start=\"1082\" data-end=\"1105\">2 az 1-ben dupla \u00edz<\/strong> v\u00e1lt\u00e1s = sz\u00e9lesebb k\u00f6r\u0171 vonzer\u0151, kevesebb v\u00e1ltozat rakt\u00e1ron<\/p>\n<\/li>\n<li data-start=\"1158\" data-end=\"1238\">\n<p data-start=\"1160\" data-end=\"1238\"><strong data-start=\"1160\" data-end=\"1187\">\u00dajrat\u00f6lthet\u0151 Type-C-n kereszt\u00fcl<\/strong> a jobb kihaszn\u00e1l\u00e1s \u00e9s az \u00fcgyfelek el\u00e9gedetts\u00e9ge \u00e9rdek\u00e9ben<\/p>\n<\/li>\n<li data-start=\"1239\" data-end=\"1325\">\n<p data-start=\"1241\" data-end=\"1325\"><strong data-start=\"1241\" data-end=\"1284\">T\u00f6meges kiszerel\u00e9s<\/strong>, az EU kiskeresked\u0151inek \u00e9s forgalmaz\u00f3inak sz\u00e1nva<\/p>\n<\/li>\n<\/ul>\n<p><span style=\"color: #ff0000;\"><strong>Add meg Amy Whatsappj\u00e1t a gyors v\u00e1lasz\u00e9rt \u00e9s vape kupon\u00e9rt!<\/strong><\/span><\/p>\n<p><img fetchpriority=\"high\" decoding=\"async\" class=\"size-full wp-image-2932\" src=\"https:\/\/vapestornado.com\/wp-content\/uploads\/2024\/12\/Vape-Wholesale.jpg\" alt=\"Vape nagykereskedelem\" width=\"229\" height=\"300\" \/><\/p>\n<h3><a href=\"https:\/\/wa.me\/8617776015835\" target=\"_blank\" rel=\"noopener\"><span style=\"color: #ff0000;\"><strong>WhatsApp: +86 17776015835<\/strong><\/span><\/a><\/h3>\n<p>&nbsp;<\/p>\n<h2 class=\"product-title\">WGA Crystal Plus 20000 Eldobhat\u00f3 Vape<strong> Term\u00e9kjellemz\u0151k<\/strong><\/h2>\n<div role=\"article\" data-tabster=\"{&quot;groupper&quot;:{&quot;tabbability&quot;:2},&quot;focusable&quot;:{}}\" data-content=\"ai-message\" aria-labelledby=\"juhNTJ6o7Gk1cgwZMJgv2-author juhNTJ6o7Gk1cgwZMJgv2-content\">\n<div id=\"juhNTJ6o7Gk1cgwZMJgv2-content\">\n<div role=\"article\" data-tabster=\"{&quot;groupper&quot;:{&quot;tabbability&quot;:2},&quot;focusable&quot;:{}}\" data-content=\"ai-message\" aria-labelledby=\"x4EZuCZWrTbh3weWUt7CU-author x4EZuCZWrTbh3weWUt7CU-content\">\n<div id=\"x4EZuCZWrTbh3weWUt7CU-content\">\n<div class=\"flex max-w-full flex-col flex-grow\">\n<div class=\"min-h-8 text-message flex w-full flex-col items-end gap-2 whitespace-normal break-words text-start [.text-message+&amp;]:mt-5\" dir=\"auto\" data-message-author-role=\"assistant\" data-message-id=\"52c6e00a-252f-4104-805d-2f1a84739c71\" data-message-model-slug=\"gpt-4o\">\n<div class=\"flex w-full flex-col gap-1 empty:hidden first:pt-[3px]\">\n<div class=\"markdown prose w-full break-words dark:prose-invert light\">\n<h4><\/h4>\n<h4><strong>P\u00e1ratlan Puff Kapacit\u00e1s<\/strong><\/h4>\n<p>A <strong>20 000 puffot<\/strong>, a Crystal Plus biztos\u00edtja a hosszan tart\u00f3 haszn\u00e1latot, \u00edgy megb\u00edzhat\u00f3 t\u00e1rs a hosszabb g\u0151z\u00f6l\u00e9si \u00fcl\u00e9sekhez.<\/p>\n<h4><strong>Tiszta LCD kijelz\u0151<\/strong><\/h4>\n<p>Az eszk\u00f6z rendelkezik egy <strong>krist\u00e1lytiszta LCD k\u00e9perny\u0151<\/strong> , amely t\u00e1j\u00e9koztat az akkumul\u00e1tor \u00e1llapot\u00e1r\u00f3l \u00e9s az e-liquid szintj\u00e9r\u0151l, kik\u00fcsz\u00f6b\u00f6lve a tal\u00e1lgat\u00e1sokat.<\/p>\n<h4><strong>\u00dajrat\u00f6lthet\u0151 650mAh akkumul\u00e1tor<\/strong><\/h4>\n<p>Egy <strong>650mAh-s \u00fajrat\u00f6lthet\u0151 akkumul\u00e1tor<\/strong>, ezt a vape-et a hossz\u00fa \u00e9lettartamra \u00e9s a k\u00e9nyelemre tervezt\u00e9k. A <strong>USB Type-C t\u00f6lt\u0151port<\/strong> gyors \u00e9s hat\u00e9kony \u00fajrat\u00f6lt\u00e9st biztos\u00edt, \u00edgy t\u00f6bb id\u0151t t\u00f6lthet g\u0151z\u00f6l\u00e9ssel \u00e9s kevesebbet v\u00e1rakoz\u00e1ssal.<\/p>\n<h4><strong>Dupla h\u00e1l\u00f3s tekercs technol\u00f3gia<\/strong><\/h4>\n<p>Fejlett <strong>dupla h\u00e1l\u00f3s tekercsek<\/strong>felszerelve, a Crystal Plus sima, egyenletes g\u0151zt \u00e9s gazdag \u00edzt biztos\u00edt minden egyes slukkal. Ez a technol\u00f3gia jav\u00edtja az e-liquid hat\u00e9konys\u00e1g\u00e1t, \u00e9s kiel\u00e9g\u00edt\u0151 sz\u00e1jb\u00f3l t\u00fcd\u0151be (MTL) g\u0151z\u00f6l\u00e9si \u00e9lm\u00e9nyt biztos\u00edt.<\/p>\n<h4><strong>18 Kifinomult \u00edz<\/strong><\/h4>\n<p>V\u00e1lasszon a k\u00fcl\u00f6nf\u00e9le <strong>18 gondosan kidolgozott \u00edz k\u00f6z\u00fcl<\/strong>, amelyek mindegyike az \u00edzlel\u0151bimb\u00f3it hivatott elk\u00e1pr\u00e1ztatni. A gy\u00fcm\u00f6lcs\u00f6st\u0151l a mentolosig \u00e9s azon t\u00fal, minden \u00edzl\u00e9shez van valami.<\/p>\n<h4><strong>K\u00e9nyelmes csomagol\u00e1s<\/strong><\/h4>\n<p>El\u00e9rhet\u0151 <strong>10 darabos gy\u0171jt\u0151csomagol\u00e1s<\/strong>, a WGA Crystal Plus kiv\u00e1l\u00f3 v\u00e1laszt\u00e1s nagykeresked\u0151k, kiskeresked\u0151k vagy b\u00e1rki sz\u00e1m\u00e1ra, aki nagy teljes\u00edtm\u00e9ny\u0171 eldobhat\u00f3 vape-pel szeretne feltankolni.<\/p>\n<\/div>\n<\/div>\n<\/div>\n<\/div>\n<div class=\"mb-2 flex gap-3 empty:hidden -ml-2\">\n<p>&nbsp;<\/p>\n<\/div>\n<\/div>\n<\/div>\n<\/div>\n<\/div>\n<h2 class=\"product-title\"><strong>N\u00e9pszer\u0171 \u00edz a WGA Crystal Plus 20000 Puffs eldobhat\u00f3 vape-hez<\/strong><\/h2>\n<p>1. BLUE RAZZ CHERRY\/FIZZY CHERRY<br \/>\n2. K\u00c9K M\u00c1LNA GUMI\/K\u00c9K M\u00c1LNA\u00a0 <span style=\"color: #ff0000;\"><strong>&gt;&gt;&gt;&gt; Felkapott!<\/strong><\/span><br \/>\n3. K\u00c9K M\u00c1LNA LIMON\u00c1D\u00c9\/K\u00d3LA CITROM<br \/>\n4. FRISS MENTA\/DUPLA MENTOL<br \/>\n5. GUMI MACI\/SKITTLES <span style=\"color: #ff0000;\"><strong>&gt;&gt;&gt;&gt; Legjobb!<\/strong><\/span><br \/>\n6. HEISENBERG\/R\u00d3ZSASZ\u00cdN EMBER<br \/>\n7. CITROM<br \/>\n8. ANAN\u00c1SZ J\u00c9G\/ANAN\u00c1SZ \u0150SZIBARACK MANG\u00d3<br \/>\n9. ANAN\u00c1SZ CITROM\/SZ\u0150L\u0150 J\u00c9G<br \/>\n10. NY\u00c1RI \u00c1LOM\/MEGGYK\u00d3LA J\u00c9G<br \/>\n11. EPER FAGYLALT\/EPER BAN\u00c1N<br \/>\n12. EPER M\u00c1LNA J\u00c9G\/\u00c1FONYA CSERESZNYE T\u0150ZEG\u00c1FONYA <span style=\"color: #ff0000;\"><strong>&gt;&gt;&gt;&gt; Felkapott!<\/strong><\/span><br \/>\n13. H\u00c1RMAS MANG\u00d3\/KIWI MARACUJA GUAVA<br \/>\n14. G\u00d6R\u00d6GDINNYE J\u00c9G\/KETT\u0150S ALMA<br \/>\n15. G\u00d6R\u00d6GDINNYE HUBBA BUBBA\/\u00c1FONYA HUBBA BUBBA<br \/>\n16. BAN\u00c1N J\u00c9G\/GUAVA J\u00c9G<br \/>\n17. \u00c1FONYA J\u00c9G\/EPER J\u00c9G <span style=\"color: #ff0000;\"><strong>&gt;&gt;&gt;&gt; Felkapott!<\/strong><\/span><br \/>\n18. \u00c1FONYA J\u00c9GKR\u00c9M\/EPER J\u00c9GKR\u00c9M<br \/>\n19. CSERESZNYE J\u00c9G\/NARANCS J\u00c9G<br \/>\n20. SZAFTOS \u0150SZIBARACK\/\u0150SZIBARACK ALMA J\u00c9G <span style=\"color: #ff0000;\"><strong>&gt;&gt;&gt;&gt; Felkapott!<\/strong><\/span><\/p>\n<div class=\"flex-shrink-0 flex flex-col relative items-end\">\n<div class=\"pt-0\">\n<div class=\"gizmo-bot-avatar flex h-8 w-8 items-center justify-center overflow-hidden rounded-full\">\n<div class=\"relative p-1 rounded-sm flex items-center justify-center bg-token-main-surface-primary text-token-text-primary h-8 w-8\">\n<figure id=\"attachment_3374\" aria-describedby=\"caption-attachment-3374\" style=\"width: 1000px\" class=\"wp-caption alignnone\"><img decoding=\"async\" class=\"wp-image-3374 size-full\" src=\"https:\/\/vapestornado.com\/wp-content\/uploads\/2024\/12\/WGA-Crystal-20K-Puffs-Disposable-Vape-Bulk-Buy.jpg\" alt=\"WGA Crystal 20K Puffs Eldobhat\u00f3 Vape Nagy t\u00e9telben\" width=\"1000\" height=\"520\" srcset=\"https:\/\/vapestornado.com\/wp-content\/uploads\/2024\/12\/WGA-Crystal-20K-Puffs-Disposable-Vape-Bulk-Buy.jpg 1000w, https:\/\/vapestornado.com\/wp-content\/uploads\/2024\/12\/WGA-Crystal-20K-Puffs-Disposable-Vape-Bulk-Buy-300x156.jpg 300w, https:\/\/vapestornado.com\/wp-content\/uploads\/2024\/12\/WGA-Crystal-20K-Puffs-Disposable-Vape-Bulk-Buy-768x399.jpg 768w, https:\/\/vapestornado.com\/wp-content\/uploads\/2024\/12\/WGA-Crystal-20K-Puffs-Disposable-Vape-Bulk-Buy-600x312.jpg 600w\" sizes=\"(max-width: 1000px) 100vw, 1000px\" \/><figcaption id=\"caption-attachment-3374\" class=\"wp-caption-text\">WGA Crystal 20K Puffs Eldobhat\u00f3 Vape Nagy t\u00e9telben<\/figcaption><\/figure>\n<h2>GYIK a WGA Crystal Plus 20000 Eldobhat\u00f3 Vape-hez<\/h2>\n<div class=\"flex max-w-full flex-col flex-grow\">\n<div class=\"min-h-8 text-message flex w-full flex-col items-end gap-2 whitespace-normal break-words text-start [.text-message+&amp;]:mt-5\" dir=\"auto\" data-message-author-role=\"assistant\" data-message-id=\"4dc48248-df95-45bd-b800-6dedb43cf7f1\" data-message-model-slug=\"gpt-4o\">\n<div class=\"flex w-full flex-col gap-1 empty:hidden first:pt-[3px]\">\n<div class=\"markdown prose w-full break-words dark:prose-invert light\">\n<h3><\/h3>\n<ol>\n<li><strong>Mit\u0151l egyedi a WGA Crystal Plus 20000 Puffs?<\/strong><br \/>\nA <strong>WGA Krist\u00e1ly Plusz 20000 Puffs<\/strong> tartalmaz egy <strong>kett\u0151s \u00edzrendszer<\/strong>, amely lehet\u0151v\u00e9 teszi, hogy egyetlen eszk\u00f6zben v\u00e1ltson k\u00e9t el\u0151ret\u00f6lt\u00f6tt \u00edz k\u00f6z\u00f6tt, p\u00e1ratlan sokoldal\u00fas\u00e1got \u00e9s k\u00e9nyelmet k\u00edn\u00e1lva.<\/li>\n<li><strong>Hogyan ellen\u0151rizhetem az akkumul\u00e1tor \u00e9s az e-liquid szintj\u00e9t a WGA Crystal Plus 20k-n?<\/strong><br \/>\nEz az eszk\u00f6z tartalmaz egy <strong>krist\u00e1lytiszta LCD kijelz\u0151t<\/strong>, amely mutatja az akkumul\u00e1tor \u00e9lettartam\u00e1t \u00e9s az e-liquid szintj\u00e9t is, biztos\u00edtva, hogy mindig t\u00e1j\u00e9kozott legyen a vape \u00e1llapot\u00e1r\u00f3l.<\/li>\n<li><strong>Milyen \u00edzek \u00e1llnak rendelkez\u00e9sre a WGA Crystal 20000 Kett\u0151s \u00cdz\u0171 Vape-hez?<\/strong><br \/>\nVannak <strong>18 izgalmas \u00edzkombin\u00e1ci\u00f3<\/strong>, p\u00e9ld\u00e1ul <strong>Blue Razz Cherry (K\u00e9k M\u00e1lna Cseresznye)<\/strong> \u00e9s a <strong>Watermelon Ice (G\u00f6r\u00f6gdinnye J\u00e9g)<\/strong>, kiel\u00e9g\u00edtve a v\u00e1ltozatos \u00edzl\u00e9svil\u00e1got.<\/li>\n<li><strong>\u00dajrat\u00f6lthetem a WGA Crystal 20k Puff eldobhat\u00f3 vape-et?<\/strong><br \/>\nIgen, tartozik hozz\u00e1 egy <strong>\u00fajrat\u00f6lthet\u0151 650mAh akkumul\u00e1tor<\/strong> \u00e9s egy <strong>Type-C t\u00f6lt\u0151porttal<\/strong>, amely lehet\u0151v\u00e9 teszi a gyors \u00e9s k\u00e9nyelmes \u00fajrat\u00f6lt\u00e9st a hosszabb haszn\u00e1lat \u00e9rdek\u00e9ben.<\/li>\n<li><strong>A WGA Crystal Plus 20000 alkalmas a sz\u00e1jb\u00f3l t\u00fcd\u0151be (MTL) t\u00f6rt\u00e9n\u0151 g\u0151z\u00f6l\u00e9sre?<\/strong><br \/>\nTerm\u00e9szetesen! A <strong>dupla h\u00e1l\u00f3s tekercs technol\u00f3gi\u00e1ja<\/strong> egyenletes g\u0151ztermel\u00e9st biztos\u00edt, \u00edgy ide\u00e1lis az MTL g\u0151z\u00f6l\u0151k sz\u00e1m\u00e1ra, akik szeretik az ellen\u0151rz\u00f6tt, \u00edzletes slukkokat.<\/li>\n<\/ol>\n<\/div>\n<\/div>\n<\/div>\n<\/div>\n<div class=\"mb-2 flex gap-3 empty:hidden -ml-2\">\n<div class=\"items-center justify-start rounded-xl p-1 flex\"><\/div>\n<\/div>\n<\/div>\n<\/div>\n<\/div>\n<\/div>\n<div class=\"flex-shrink-0 flex flex-col relative items-end\">\n<div class=\"pt-0\">\n<div class=\"gizmo-bot-avatar flex h-8 w-8 items-center justify-center overflow-hidden rounded-full\">\n<div class=\"relative p-1 rounded-sm flex items-center justify-center bg-token-main-surface-primary text-token-text-primary h-8 w-8\">\n<div class=\"mb-2 flex gap-3 empty:hidden -ml-2\">\n<div role=\"article\" data-tabster=\"{&quot;groupper&quot;:{&quot;tabbability&quot;:2},&quot;focusable&quot;:{}}\" data-content=\"ai-message\" aria-labelledby=\"Vdt5ez4X7Tg813x6rFVha-author Vdt5ez4X7Tg813x6rFVha-content\">\n<div id=\"Vdt5ez4X7Tg813x6rFVha-content\">\n<div role=\"article\" data-tabster=\"{&quot;groupper&quot;:{&quot;tabbability&quot;:2},&quot;focusable&quot;:{}}\" data-content=\"ai-message\" aria-labelledby=\"o968oC7CEo2fGHsGdsRYC-author o968oC7CEo2fGHsGdsRYC-content\">\n<div id=\"o968oC7CEo2fGHsGdsRYC-content\">\n<p>&nbsp;<\/p>\n<h2>Mi\u00e9rt v\u00e1lassza a vapestornado-t a WGA Crystal 15000 Puffs Vape nagykereskedelm\u00e9hez?<\/h2>\n<div class=\"flex-shrink-0 flex flex-col relative items-end\">\n<div class=\"pt-0\">\n<div class=\"gizmo-bot-avatar flex h-8 w-8 items-center justify-center overflow-hidden rounded-full\">\n<div class=\"relative p-1 rounded-sm flex items-center justify-center bg-token-main-surface-primary text-token-text-primary h-8 w-8\">\n<p>\u00dcdv\u00f6z\u00f6lj\u00fck a vapestornado-n, az \u00d6n megb\u00edzhat\u00f3 online vape boltj\u00e1ban a pr\u00e9mium eldobhat\u00f3 vape-okhoz. T\u00f6bb mint 5 \u00e9ves szak\u00e9rtelemmel hozunk el \u00d6nnek n\u00e9pszer\u0171 eldobhat\u00f3 vape m\u00e1rk\u00e1kat, mint p\u00e9ld\u00e1ul a Fumot RandM Vape, <a href=\"https:\/\/vapestornado.com\/hu\/product-category\/vapme-shisha\/\">Vapme<\/a>, Bang Vape, Waspe Vape \u00e9s WGA Vape, stb.<\/p>\n<p>K\u00edn\u00e1latunkban szerepelnek n\u00e9pszer\u0171 vape-ok, mint a <a href=\"https:\/\/vapestornado.com\/hu\/product\/randm-12000-puffs-fumot-digital-disposable-vape-wholesale-price\/\">RandM Torn\u00e1d\u00f3 12000<\/a>, \u00e9s \u00edzgazdag v\u00e1laszt\u00e1sok, mint a <a href=\"https:\/\/vapestornado.com\/hu\/product\/wga-crystal-pro-max-extra-15000-puffs-rechargeable-disposable-vape-wholesale-bulk-buy\/\">\u00a0WGA Krist\u00e1ly 15k Puffs<\/a> . Minden term\u00e9k\u00fcnket a min\u0151s\u00e9g, \u00e9rt\u00e9k \u00e9s v\u00e1ltozatoss\u00e1g figyelembev\u00e9tel\u00e9vel v\u00e1lasztjuk ki, biztos\u00edtva, hogy megtal\u00e1lja az ig\u00e9nyeinek legmegfelel\u0151bbet. Fedezze fel a kiv\u00e9teles szolg\u00e1ltat\u00e1st \u00e9s a top term\u00e9kek sz\u00e9les v\u00e1laszt\u00e9k\u00e1t nagykereskedelmi \u00e1ron a vapestornado-n.<\/p>\n<\/div>\n<p>&nbsp;<\/p>\n<p><strong>Egy\u00e9b n\u00e9pszer\u0171 eldobhat\u00f3 vape-ek<\/strong><\/p>\n<p><a href=\"https:\/\/vapestornado.com\/hu\/product\/bang-vape-35000-puffs-low-nicotine-bulk-buy-rechargeable-disposable-vapes-box-wholesale-price\/\">Bang Vape 35000 Puffs <span style=\"color: #ff0000;\"><strong>&gt;&gt;&gt;&gt; Indul\u00e1s!<\/strong><\/span><\/a><\/p>\n<p><a href=\"https:\/\/vapestornado.com\/hu\/product\/vopk-ultra-40000-puffs-2-in-1-digital-screen-rechargeable-disposable-vape\/\">VOPK 40000 Dupla \u00cdz<span style=\"color: #ff0000;\"><strong>&gt;&gt;&gt;&gt; Indul\u00e1s!<\/strong><\/span><\/a><\/p>\n<p><a href=\"https:\/\/vapestornado.com\/hu\/product\/bood-twins-46000-puff-double-flavour-low-nicotine-disposable-vape-wholesale-bulk-buy-price\/\">Bood Twins 46000<span style=\"color: #ff0000;\"><strong>&gt;&gt;&gt;&gt; Indul\u00e1s!<\/strong><\/span><\/a><\/p>\n<\/div>\n<\/div>\n<\/div>\n<p>&nbsp;<\/p>\n<\/div>\n<\/div>\n<\/div>\n<\/div>\n<\/div>\n<\/div>\n<\/div>\n<\/div>\n<\/div>","protected":false},"excerpt":{"rendered":"<p><strong data-start=\"1473\" data-end=\"1505\">WGA Krist\u00e1ly Plusz 20000 Puffs<\/strong>\u2014a <strong data-start=\"1508\" data-end=\"1552\">2 az 1-ben, dupla \u00edz\u0171, Type-C \u00fajrat\u00f6lthet\u0151<\/strong> eldobhat\u00f3, a k\u00f6vetkez\u0151h\u00f6z k\u00e9sz\u00fclt: <strong data-start=\"1574\" data-end=\"1606\">EU-s nagykereskedelmi \u00e9s t\u00f6meges rendel\u00e9sek<\/strong>. Nagy kapacit\u00e1s, egyszer\u0171 \u00edzv\u00e1lt\u00e1s \u00e9s kiskeresked\u0151-bar\u00e1t csomagol\u00e1s az er\u0151s, ism\u00e9tl\u0151d\u0151 \u00e9rt\u00e9kes\u00edt\u00e9shez.<\/p>\n<p><strong>Adja hozz\u00e1 Amy-t WhatsApp-on, hogy azonnali v\u00e1laszt \u00e9s vape kupont kapjon!<\/strong><\/p>\n<p><img fetchpriority=\"high\" decoding=\"async\" class=\"size-full wp-image-2932\" src=\"https:\/\/vapestornado.com\/wp-content\/uploads\/2024\/12\/Vape-Wholesale.jpg\" alt=\"Vape nagykereskedelem\" width=\"229\" height=\"300\" \/><\/p>\n<h3><a href=\"https:\/\/wa.me\/8617776015835\"><span style=\"color: #ff0000;\"><strong>WhatsApp: +86 17776015835<\/strong><\/span><\/a><\/h3>\n<p>&nbsp;<\/p>","protected":false},"featured_media":3370,"comment_status":"open","ping_status":"closed","template":"","meta":{"_acf_changed":false,"_uag_custom_page_level_css":"","_lmt_disableupdate":"no","_lmt_disable":"","_monsterinsights_skip_tracking":false,"_monsterinsights_sitenote_active":false,"_monsterinsights_sitenote_note":"","_monsterinsights_sitenote_category":0,"site-sidebar-layout":"default","site-content-layout":"","ast-site-content-layout":"default","site-content-style":"default","site-sidebar-style":"default","ast-global-header-display":"","ast-banner-title-visibility":"","ast-main-header-display":"","ast-hfb-above-header-display":"","ast-hfb-below-header-display":"","ast-hfb-mobile-header-display":"","site-post-title":"","ast-breadcrumbs-content":"","ast-featured-img":"","footer-sml-layout":"","ast-disable-related-posts":"","theme-transparent-header-meta":"default","adv-header-id-meta":"","stick-header-meta":"","header-above-stick-meta":"","header-main-stick-meta":"","header-below-stick-meta":"","astra-migrate-meta-layouts":"set","ast-page-background-enabled":"default","ast-page-background-meta":{"desktop":{"background-color":"","background-image":"","background-repeat":"repeat","background-position":"center center","background-size":"auto","background-attachment":"scroll","background-type":"","background-media":"","overlay-type":"","overlay-color":"","overlay-opacity":"","overlay-gradient":""},"tablet":{"background-color":"","background-image":"","background-repeat":"repeat","background-position":"center center","background-size":"auto","background-attachment":"scroll","background-type":"","background-media":"","overlay-type":"","overlay-color":"","overlay-opacity":"","overlay-gradient":""},"mobile":{"background-color":"","background-image":"","background-repeat":"repeat","background-position":"center center","background-size":"auto","background-attachment":"scroll","background-type":"","background-media":"","overlay-type":"","overlay-color":"","overlay-opacity":"","overlay-gradient":""}},"ast-content-background-meta":{"desktop":{"background-color":"var(--ast-global-color-5)","background-image":"","background-repeat":"repeat","background-position":"center center","background-size":"auto","background-attachment":"scroll","background-type":"","background-media":"","overlay-type":"","overlay-color":"","overlay-opacity":"","overlay-gradient":""},"tablet":{"background-color":"var(--ast-global-color-5)","background-image":"","background-repeat":"repeat","background-position":"center center","background-size":"auto","background-attachment":"scroll","background-type":"","background-media":"","overlay-type":"","overlay-color":"","overlay-opacity":"","overlay-gradient":""},"mobile":{"background-color":"var(--ast-global-color-5)","background-image":"","background-repeat":"repeat","background-position":"center center","background-size":"auto","background-attachment":"scroll","background-type":"","background-media":"","overlay-type":"","overlay-color":"","overlay-opacity":"","overlay-gradient":""}},"_joinchat":{"telephone":"+8617776015835"}},"product_brand":[],"product_cat":[69,151,155,142,146,59],"product_tag":[165,105,97,166,94,205,206,204],"class_list":{"0":"post-3385","1":"product","2":"type-product","3":"status-publish","4":"has-post-thumbnail","6":"product_cat-20000-puff","7":"product_cat-buy-disposable-vapes-in-france","8":"product_cat-buy-disposable-vapes-in-norway","9":"product_cat-digital-box-disposable-vapes","10":"product_cat-rechargeable-disposable-vapes","11":"product_cat-wga-crystal-vape","12":"product_tag-cheap-vapes","13":"product_tag-digital-disposable-vape","14":"product_tag-hot-sale-disposable-vape","15":"product_tag-low-nicotine-vape","16":"product_tag-rechargeable-disposable-vape","17":"product_tag-wga-crystal-20k","18":"product_tag-wga-crystal-plus-20000","19":"product_tag-wga-vape","20":"desktop-align-left","21":"tablet-align-left","22":"mobile-align-left","24":"first","25":"instock","26":"sale","27":"shipping-taxable","28":"purchasable","29":"product-type-simple"},"acf":[],"uagb_featured_image_src":{"full":["https:\/\/vapestornado.com\/wp-content\/uploads\/2024\/12\/WGA-Crystal-Plus-20000-Disposable-Vape-Wholesale.jpg",1000,992,false],"thumbnail":["https:\/\/vapestornado.com\/wp-content\/uploads\/2024\/12\/WGA-Crystal-Plus-20000-Disposable-Vape-Wholesale-150x150.jpg",150,150,true],"medium":["https:\/\/vapestornado.com\/wp-content\/uploads\/2024\/12\/WGA-Crystal-Plus-20000-Disposable-Vape-Wholesale-300x298.jpg",300,298,true],"medium_large":["https:\/\/vapestornado.com\/wp-content\/uploads\/2024\/12\/WGA-Crystal-Plus-20000-Disposable-Vape-Wholesale-768x762.jpg",768,762,true],"large":["https:\/\/vapestornado.com\/wp-content\/uploads\/2024\/12\/WGA-Crystal-Plus-20000-Disposable-Vape-Wholesale.jpg",1000,992,false],"1536x1536":["https:\/\/vapestornado.com\/wp-content\/uploads\/2024\/12\/WGA-Crystal-Plus-20000-Disposable-Vape-Wholesale.jpg",1000,992,false],"2048x2048":["https:\/\/vapestornado.com\/wp-content\/uploads\/2024\/12\/WGA-Crystal-Plus-20000-Disposable-Vape-Wholesale.jpg",1000,992,false],"trp-custom-language-flag":["https:\/\/vapestornado.com\/wp-content\/uploads\/2024\/12\/WGA-Crystal-Plus-20000-Disposable-Vape-Wholesale.jpg",12,12,false],"woocommerce_thumbnail":["https:\/\/vapestornado.com\/wp-content\/uploads\/2024\/12\/WGA-Crystal-Plus-20000-Disposable-Vape-Wholesale-300x300.jpg",300,300,true],"woocommerce_single":["https:\/\/vapestornado.com\/wp-content\/uploads\/2024\/12\/WGA-Crystal-Plus-20000-Disposable-Vape-Wholesale-600x595.jpg",600,595,true],"woocommerce_gallery_thumbnail":["https:\/\/vapestornado.com\/wp-content\/uploads\/2024\/12\/WGA-Crystal-Plus-20000-Disposable-Vape-Wholesale-100x100.jpg",100,100,true]},"uagb_author_info":{"display_name":"ESAMY","author_link":"https:\/\/vapestornado.com\/hu\/author\/"},"uagb_comment_info":0,"uagb_excerpt":"WGA Crystal Plus 20000 Puffs\u2014a 2\u2011in\u20111 dual\u2011flavour, Type\u2011C rechargeable disposable built for EU wholesale and bulk orders. High capacity, easy flavour switch, and retailer\u2011friendly packaging for strong, repeatable sales. Add Amy's whatsapp get right reply and vape coupon! WhatsApp: +86 17776015835 &nbsp;","_links":{"self":[{"href":"https:\/\/vapestornado.com\/hu\/wp-json\/wp\/v2\/product\/3385","targetHints":{"allow":["GET"]}}],"collection":[{"href":"https:\/\/vapestornado.com\/hu\/wp-json\/wp\/v2\/product"}],"about":[{"href":"https:\/\/vapestornado.com\/hu\/wp-json\/wp\/v2\/types\/product"}],"replies":[{"embeddable":true,"href":"https:\/\/vapestornado.com\/hu\/wp-json\/wp\/v2\/comments?post=3385"}],"wp:featuredmedia":[{"embeddable":true,"href":"https:\/\/vapestornado.com\/hu\/wp-json\/wp\/v2\/media\/3370"}],"wp:attachment":[{"href":"https:\/\/vapestornado.com\/hu\/wp-json\/wp\/v2\/media?parent=3385"}],"wp:term":[{"taxonomy":"product_brand","embeddable":true,"href":"https:\/\/vapestornado.com\/hu\/wp-json\/wp\/v2\/product_brand?post=3385"},{"taxonomy":"product_cat","embeddable":true,"href":"https:\/\/vapestornado.com\/hu\/wp-json\/wp\/v2\/product_cat?post=3385"},{"taxonomy":"product_tag","embeddable":true,"href":"https:\/\/vapestornado.com\/hu\/wp-json\/wp\/v2\/product_tag?post=3385"}],"curies":[{"name":"wp","href":"https:\/\/api.w.org\/{rel}","templated":true}]}}