{"id":3366,"date":"2024-12-25T06:29:01","date_gmt":"2024-12-25T06:29:01","guid":{"rendered":"https:\/\/vapestornado.com\/?post_type=product&#038;p=3366"},"modified":"2025-08-23T12:25:43","modified_gmt":"2025-08-23T12:25:43","slug":"bang-box-30000-30k-puffs-low-nicotine-bulk-buy-rechargeable-digital-display-disposable-vapes-pen-wholesale","status":"publish","type":"product","link":"https:\/\/vapestornado.com\/hu\/product\/bang-box-30000-30k-puffs-low-nicotine-bulk-buy-rechargeable-digital-display-disposable-vapes-pen-wholesale\/","title":{"rendered":"Bang Box 30000 30k Puffs Alacsony Nikotintartalm\u00fa T\u00f6meges V\u00e1s\u00e1rl\u00e1s \u00dajrat\u00f6lthet\u0151 Digit\u00e1lis Kijelz\u0151s Eldobhat\u00f3 Vape Toll Nagykereskedelem"},"content":{"rendered":"<h1 class=\"product-title\">Bang Box 30000 30k Puffs Alacsony Nikotintartalm\u00fa T\u00f6meges V\u00e1s\u00e1rl\u00e1s \u00dajrat\u00f6lthet\u0151 Digit\u00e1lis Kijelz\u0151s Eldobhat\u00f3 Vape Toll Nagykereskedelem<\/h1>\n<p>A <strong>Bang Box 30000 30k Puffs Alacsony Nikotintartalm\u00fa \u00dajrat\u00f6lthet\u0151 Digit\u00e1lis Kijelz\u0151s Eldobhat\u00f3 Vape<\/strong> az \u00d6n ide\u00e1lis eszk\u00f6ze a hosszan tart\u00f3, \u00edzletes \u00e9s k\u00e9nyelmes vapinghoz. A min\u0151s\u00e9get \u00e9s innov\u00e1ci\u00f3t ig\u00e9nyl\u0151 vaperek sz\u00e1m\u00e1ra tervezett eszk\u00f6z elk\u00e9peszt\u0151 <strong>30 000 slukk<\/strong> megb\u00edzhat\u00f3 <strong>850mAh-s \u00fajrat\u00f6lthet\u0151 akkumul\u00e1torral<\/strong>.<\/p>\n<p>A <strong>35 ml e-liquid kapacit\u00e1ssal<\/strong>, egy <strong>dupla h\u00e1l\u00f3s tekercs<\/strong>, \u00e9s <strong>2 vaping m\u00f3ddal (Norm\u00e1l\/Boost)<\/strong>a Bang Box egyenletes, gazdag g\u0151zt \u00e9s \u00edzt biztos\u00edt. A <strong>LED okos k\u00e9perny\u0151 kijelz\u0151<\/strong> t\u00e1j\u00e9koztatja \u00d6nt az e-juice szintekr\u0151l \u00e9s az akkumul\u00e1tor \u00e1llapot\u00e1r\u00f3l, biztos\u00edtva, hogy mindig k\u00e9szen \u00e1lljon a vape-re.<\/p>\n<p>El\u00e9rhet\u0151 <strong>12 pr\u00e9mium \u00edzt<\/strong> \u00e9s t\u00f6bbf\u00e9le nikotiner\u0151ss\u00e9ggel (0%, 2%, 3%, 5%), ez a <strong>legjobb eldobhat\u00f3 vape<\/strong> t\u00f6k\u00e9letes azok sz\u00e1m\u00e1ra, akik v\u00e1ltozatoss\u00e1got \u00e9s megfizethet\u0151s\u00e9get keresnek. A <strong>Bang Doboz 30000<\/strong> kiv\u00e1l\u00f3 v\u00e1laszt\u00e1s a <strong>nagykereskedelmi v\u00e1s\u00e1rl\u00f3k<\/strong>sz\u00e1m\u00e1ra, kiv\u00e9teles \u00e9rt\u00e9ket k\u00edn\u00e1lva a teljes\u00edtm\u00e9ny fel\u00e1ldoz\u00e1sa n\u00e9lk\u00fcl.<\/p>\n<p>&nbsp;<\/p>\n<p><strong>Add meg Amy Whatsappj\u00e1t a gyors v\u00e1lasz\u00e9rt \u00e9s vape kupon\u00e9rt!<\/strong><\/p>\n<p><img fetchpriority=\"high\" decoding=\"async\" class=\"size-full wp-image-2932\" src=\"https:\/\/vapestornado.com\/wp-content\/uploads\/2024\/12\/Vape-Wholesale.jpg\" alt=\"Vape nagykereskedelem\" width=\"229\" height=\"300\" \/><\/p>\n<h3><a href=\"https:\/\/wa.me\/8617776015835\" target=\"_blank\" rel=\"noopener\"><span style=\"color: #ff0000;\"><strong>WhatsApp: +86 17776015835<\/strong><\/span><\/a><\/h3>\n<p>&nbsp;<\/p>\n<h2 class=\"product-title\">Bang Box 30000 Eldobhat\u00f3 Vape<strong> Term\u00e9kjellemz\u0151k<\/strong><\/h2>\n<div role=\"article\" data-tabster=\"{&quot;groupper&quot;:{&quot;tabbability&quot;:2},&quot;focusable&quot;:{}}\" data-content=\"ai-message\" aria-labelledby=\"juhNTJ6o7Gk1cgwZMJgv2-author juhNTJ6o7Gk1cgwZMJgv2-content\">\n<div id=\"juhNTJ6o7Gk1cgwZMJgv2-content\">\n<div role=\"article\" data-tabster=\"{&quot;groupper&quot;:{&quot;tabbability&quot;:2},&quot;focusable&quot;:{}}\" data-content=\"ai-message\" aria-labelledby=\"x4EZuCZWrTbh3weWUt7CU-author x4EZuCZWrTbh3weWUt7CU-content\">\n<div id=\"x4EZuCZWrTbh3weWUt7CU-content\">\n<div class=\"flex max-w-full flex-col flex-grow\">\n<div class=\"min-h-8 text-message flex w-full flex-col items-end gap-2 whitespace-normal break-words text-start [.text-message+&amp;]:mt-5\" dir=\"auto\" data-message-author-role=\"assistant\" data-message-id=\"52c6e00a-252f-4104-805d-2f1a84739c71\" data-message-model-slug=\"gpt-4o\">\n<div class=\"flex w-full flex-col gap-1 empty:hidden first:pt-[3px]\">\n<div class=\"markdown prose w-full break-words dark:prose-invert light\">\n<h3><\/h3>\n<ol>\n<li><strong>30 000 Puffs Kapacit\u00e1s:<\/strong> \u00c9lvezze a zavartalan vapingot hetekig vagy h\u00f3napokig.<\/li>\n<li><strong>\u00dajrat\u00f6lthet\u0151 akkumul\u00e1tor:<\/strong> A <strong>850mAh akkumul\u00e1torral<\/strong> Type-C t\u00edpus\u00fa gyorst\u00f6lt\u00e9ssel biztos\u00edtja a hosszan tart\u00f3 haszn\u00e1latot.<\/li>\n<li><strong>LED intelligens k\u00e9perny\u0151:<\/strong> K\u00f6nnyen nyomon k\u00f6vetheti az e-juice \u00e9s az akkumul\u00e1tor t\u00f6lt\u00f6tts\u00e9gi szintj\u00e9t a probl\u00e9mamentes \u00e9lm\u00e9ny \u00e9rdek\u00e9ben.<\/li>\n<li><strong>Dupla H\u00e1l\u00f3s Tekercs Technol\u00f3gia:<\/strong> Egyenletes g\u0151zt \u00e9s \u00e1lland\u00f3 \u00edzt biztos\u00edt minden egyes slukkn\u00e1l.<\/li>\n<li><strong>35 ml E-Liquid tart\u00e1ly:<\/strong> Hosszabb ideig tart\u00f3 g\u0151z\u00f6l\u00e9st tesz lehet\u0151v\u00e9 gyakori \u00fajrat\u00f6lt\u00e9s n\u00e9lk\u00fcl.<\/li>\n<li><strong>2 G\u0151z\u00f6l\u00e9si m\u00f3d:<\/strong> V\u00e1lt\u00e1s a <strong>Norm\u00e1l \u00e9s Boost m\u00f3dok k\u00f6z\u00f6tt<\/strong> a testreszabhat\u00f3 g\u0151ztermel\u00e9s \u00e9rdek\u00e9ben.<\/li>\n<li><strong>12 el\u00e9rhet\u0151 \u00edz:<\/strong> V\u00e1lasszon a gy\u00fcm\u00f6lcs\u00f6s \u00e9s friss\u00edt\u0151 lehet\u0151s\u00e9gek k\u00f6z\u00fcl, hogy megfeleljen az \u00edzl\u00e9s\u00e9nek.<\/li>\n<li><strong>Alacsony nikotintartalm\u00fa opci\u00f3k:<\/strong> V\u00e1lasszon a 0%, 2%, 3% vagy 5% nikotiner\u0151ss\u00e9gek k\u00f6z\u00fcl, hogy megfeleljen az \u00d6n preferenci\u00e1inak.<\/li>\n<li><strong>Megfizethet\u0151 nagykereskedelmi \u00e1r:<\/strong> Ide\u00e1lis t\u00f6meges v\u00e1s\u00e1rl\u00f3k sz\u00e1m\u00e1ra, akik kiv\u00e1l\u00f3 min\u0151s\u00e9g\u0171 eldobhat\u00f3 vape-eket keresnek.<\/li>\n<\/ol>\n<\/div>\n<\/div>\n<\/div>\n<\/div>\n<div class=\"mb-2 flex gap-3 empty:hidden -ml-2\"><\/div>\n<\/div>\n<\/div>\n<\/div>\n<\/div>\n<h2 class=\"product-title\"><strong>N\u00e9pszer\u0171 \u00edzek a Bang Box 30k slukkos eldobhat\u00f3 vape-hez<\/strong><\/h2>\n<p>1. Eper kiwi<br \/>\n2. Black Burst <strong><span style=\"color: #ff0000;\">&gt;&gt;&gt;&gt; N\u00e9pszer\u0171!<\/span><\/strong><br \/>\n3. Strawberry Watermelon<br \/>\n4. Maracuja<br \/>\n5. \u00c1fonya savany\u00fa m\u00e1lna j\u00e9g <strong><span style=\"color: #ff0000;\">&gt;&gt;&gt;&gt; Legjobb!<\/span><\/strong><br \/>\n6. G\u00f6r\u00f6gdinnye j\u00e9g<br \/>\n7. \u00c1fonya gr\u00e1n\u00e1talma <strong><span style=\"color: #ff0000;\">&gt;&gt;&gt;&gt; N\u00e9pszer\u0171!<\/span><\/strong><br \/>\n8. ALMA \u0150szibarack<br \/>\n9. \u00c1fonya j\u00e9g<br \/>\n10. Dupla sz\u0151l\u0151<br \/>\n11. K\u00e9k Burst<br \/>\n12. Jungle Juice<\/p>\n<p>&nbsp;<\/p>\n<figure id=\"attachment_3357\" aria-describedby=\"caption-attachment-3357\" style=\"width: 1241px\" class=\"wp-caption alignnone\"><img decoding=\"async\" class=\"wp-image-3357 size-full\" src=\"https:\/\/vapestornado.com\/wp-content\/uploads\/2024\/12\/Bang-Vape-Disposable-30000-Puffs-Wholesale.jpg\" alt=\"Bang Vape Eldobhat\u00f3 30000 Puffs Nagykereskedelem\" width=\"1241\" height=\"2038\" srcset=\"https:\/\/vapestornado.com\/wp-content\/uploads\/2024\/12\/Bang-Vape-Disposable-30000-Puffs-Wholesale.jpg 1241w, https:\/\/vapestornado.com\/wp-content\/uploads\/2024\/12\/Bang-Vape-Disposable-30000-Puffs-Wholesale-183x300.jpg 183w, https:\/\/vapestornado.com\/wp-content\/uploads\/2024\/12\/Bang-Vape-Disposable-30000-Puffs-Wholesale-624x1024.jpg 624w, https:\/\/vapestornado.com\/wp-content\/uploads\/2024\/12\/Bang-Vape-Disposable-30000-Puffs-Wholesale-768x1261.jpg 768w, https:\/\/vapestornado.com\/wp-content\/uploads\/2024\/12\/Bang-Vape-Disposable-30000-Puffs-Wholesale-935x1536.jpg 935w, https:\/\/vapestornado.com\/wp-content\/uploads\/2024\/12\/Bang-Vape-Disposable-30000-Puffs-Wholesale-600x985.jpg 600w\" sizes=\"(max-width: 1241px) 100vw, 1241px\" \/><figcaption id=\"caption-attachment-3357\" class=\"wp-caption-text\">Bang Vape Eldobhat\u00f3 30000 Puffs Nagykereskedelem<\/figcaption><\/figure>\n<div class=\"flex-shrink-0 flex flex-col relative items-end\">\n<div class=\"pt-0\">\n<div class=\"gizmo-bot-avatar flex h-8 w-8 items-center justify-center overflow-hidden rounded-full\">\n<div class=\"relative p-1 rounded-sm flex items-center justify-center bg-token-main-surface-primary text-token-text-primary h-8 w-8\">\n<h3>GYIK a Bang Box 30000 Eldobhat\u00f3 Vape-hez<\/h3>\n<h3><\/h3>\n<ol>\n<li><strong>H\u00e1ny slukk\u00f6t k\u00edn\u00e1l a Bang Box 30k?<\/strong><br \/>\nAz eszk\u00f6z leny\u0171g\u00f6z\u0151 <strong>30 000 slukk<\/strong>k\u00edn\u00e1l, \u00edgy az egyik leghosszabb \u00e9lettartam\u00fa eldobhat\u00f3 vape a piacon.<\/li>\n<li><strong>\u00dajrat\u00f6lthetem a BangBox 30000-et?<\/strong><br \/>\nIgen, rendelkezik egy <strong>850mAh-s \u00fajrat\u00f6lthet\u0151 akkumul\u00e1torral<\/strong> Type-C t\u00edpus\u00fa gyorst\u00f6lt\u00e9ssel a k\u00e9nyelem \u00e9rdek\u00e9ben.<\/li>\n<li><strong>Mi a k\u00fcl\u00f6nleges a kett\u0151s h\u00e1l\u00f3s tekercsben?<\/strong><br \/>\nA <strong>dupla h\u00e1l\u00f3s tekercs<\/strong> fokozott \u00edzt \u00e9s egyenletes g\u0151ztermel\u00e9st biztos\u00edt az optim\u00e1lis vaping \u00e9lm\u00e9ny \u00e9rdek\u00e9ben.<\/li>\n<li><strong>Milyen nikotiner\u0151ss\u00e9gek \u00e9rhet\u0151k el a BangBOX 30K-hoz?<\/strong><br \/>\nV\u00e1lasszon a <strong>0%, 2%, 3% vagy 5% nikotinszinteket<\/strong>, a k\u00fcl\u00f6nb\u00f6z\u0151 preferenci\u00e1k kiel\u00e9g\u00edt\u00e9s\u00e9re.<\/li>\n<li><strong>Hol v\u00e1s\u00e1rolhatok Bang Box 30000-et nagykereskedelmi \u00e1ron?<\/strong><br \/>\nA legjobb aj\u00e1nlatok\u00e9rt \u00e9s versenyk\u00e9pes \u00e1rak\u00e9rt l\u00e1togasson el a <strong>vapestornado online vape boltb\u00f3l<\/strong> oldalra, hogy \u00f6mlesztve v\u00e1s\u00e1rolhassa meg a Bang Box 30000-et!<\/li>\n<\/ol>\n<\/div>\n<\/div>\n<\/div>\n<\/div>\n<div class=\"flex-shrink-0 flex flex-col relative items-end\">\n<div class=\"pt-0\">\n<div class=\"gizmo-bot-avatar flex h-8 w-8 items-center justify-center overflow-hidden rounded-full\">\n<div class=\"relative p-1 rounded-sm flex items-center justify-center bg-token-main-surface-primary text-token-text-primary h-8 w-8\">\n<div class=\"mb-2 flex gap-3 empty:hidden -ml-2\">\n<div role=\"article\" data-tabster=\"{&quot;groupper&quot;:{&quot;tabbability&quot;:2},&quot;focusable&quot;:{}}\" data-content=\"ai-message\" aria-labelledby=\"Vdt5ez4X7Tg813x6rFVha-author Vdt5ez4X7Tg813x6rFVha-content\">\n<div id=\"Vdt5ez4X7Tg813x6rFVha-content\">\n<div role=\"article\" data-tabster=\"{&quot;groupper&quot;:{&quot;tabbability&quot;:2},&quot;focusable&quot;:{}}\" data-content=\"ai-message\" aria-labelledby=\"o968oC7CEo2fGHsGdsRYC-author o968oC7CEo2fGHsGdsRYC-content\">\n<div id=\"o968oC7CEo2fGHsGdsRYC-content\">\n<p>&nbsp;<\/p>\n<h3>Mi\u00e9rt v\u00e1lassza a vapestornado-t a Bang Box 30000 Puffs Vape nagykereskedelm\u00e9hez?<\/h3>\n<div class=\"flex-shrink-0 flex flex-col relative items-end\">\n<div class=\"pt-0\">\n<div class=\"gizmo-bot-avatar flex h-8 w-8 items-center justify-center overflow-hidden rounded-full\">\n<div class=\"relative p-1 rounded-sm flex items-center justify-center bg-token-main-surface-primary text-token-text-primary h-8 w-8\">\n<p>\u00dcdv\u00f6z\u00f6lj\u00fck a vapestornado-n, az \u00d6n megb\u00edzhat\u00f3 online vape boltj\u00e1ban a pr\u00e9mium eldobhat\u00f3 vape-okhoz. T\u00f6bb mint 5 \u00e9ves szak\u00e9rtelemmel hozunk el \u00d6nnek n\u00e9pszer\u0171 eldobhat\u00f3 vape m\u00e1rk\u00e1kat, mint p\u00e9ld\u00e1ul a Fumot RandM Vape, <a href=\"https:\/\/vapestornado.com\/hu\/product\/vapme-crystal-7000-puffs-rechargeable-disposable-vape-wholesale-cheap-price\/\">Vapme<\/a>, Bang Vape, Waspe Vape \u00e9s WGA Vape, stb.<\/p>\n<p>K\u00edn\u00e1latunkban szerepelnek n\u00e9pszer\u0171 vape-ok, mint a <a href=\"https:\/\/vapestornado.com\/hu\/product\/fumot-randm-tornado-15000-puffs-rechargeable-disposable-vape-wholesale\/\">RandM Torn\u00e1d\u00f3 15000<\/a>, \u00e9s \u00edzgazdag v\u00e1laszt\u00e1sok, mint a <a href=\"https:\/\/vapestornado.com\/hu\/product\/vapsolo-dg-18000-puffs-smart-screen-wholesale-disposable-cheap-vapes\/\">\u00a0Vapsolo DG18000 Puffs<\/a> . Minden term\u00e9k\u00fcnket a min\u0151s\u00e9g, \u00e9rt\u00e9k \u00e9s v\u00e1ltozatoss\u00e1g figyelembev\u00e9tel\u00e9vel v\u00e1lasztjuk ki, biztos\u00edtva, hogy megtal\u00e1lja az ig\u00e9nyeinek legmegfelel\u0151bbet. Fedezze fel a kiv\u00e9teles szolg\u00e1ltat\u00e1st \u00e9s a top term\u00e9kek sz\u00e9les v\u00e1laszt\u00e9k\u00e1t nagykereskedelmi \u00e1ron a vapestornado-n.<\/p>\n<\/div>\n<p>&nbsp;<\/p>\n<p>Egy\u00e9b n\u00e9pszer\u0171 eldobhat\u00f3 vape-ek<\/p>\n<p><a href=\"https:\/\/vapestornado.com\/hu\/product\/bang-box-30000-puffs-double-flavour-0-2-5-low-nicotine-bulk-buy-rechargeable-disposable-vapes-pen-wholesale\/\">Bang Box 30000 Puffs Dupla \u00cdz <span style=\"color: #ff0000;\"><strong>&gt;&gt;&gt;&gt; Indul\u00e1s!<\/strong><\/span><\/a><\/p>\n<p><a href=\"https:\/\/vapestornado.com\/hu\/product\/randm-12000-puffs-fumot-digital-disposable-vape-wholesale-price\/\">RandM Digit\u00e1lis 12000 <span style=\"color: #ff0000;\"><strong>&gt;&gt;&gt;&gt; Indul\u00e1s!<\/strong><\/span><\/a><\/p>\n<p><a href=\"https:\/\/vapestornado.com\/hu\/product\/vapme-crystal-7000-puffs-rechargeable-disposable-vape-wholesale-cheap-price\/\">Vape Krist\u00e1ly 7000 <span style=\"color: #ff0000;\"><strong>&gt;&gt;&gt;&gt; Indul\u00e1s!<\/strong><\/span><\/a><\/p>\n<\/div>\n<\/div>\n<\/div>\n<p>&nbsp;<\/p>\n<\/div>\n<\/div>\n<\/div>\n<\/div>\n<\/div>\n<\/div>\n<\/div>\n<\/div>\n<\/div>","protected":false},"excerpt":{"rendered":"<p>Bang Box 30000 30k Puffs 0% 2% 5% Alacsony Nikotintartalm\u00fa Eldobhat\u00f3 Vape Nagy Mennyis\u00e9gben V\u00e1s\u00e1rolhat\u00f3 \u00c1ron<br \/>\nBang Box 30000 Puffs \u00dajrat\u00f6lthet\u0151 Eldobhat\u00f3 Vape Nagykeresked\u00e9s<br \/>\nOlcs\u00f3 Gy\u00e1ri \u00c1r Bang Box Vape 30000 Puffs Minden \u00cdz Rakt\u00e1ron<\/p>\n<p><strong>Adja hozz\u00e1 Amy-t WhatsApp-on, hogy azonnali v\u00e1laszt \u00e9s vape kupont kapjon!<\/strong><\/p>\n<p><img fetchpriority=\"high\" decoding=\"async\" class=\"size-full wp-image-2932\" src=\"https:\/\/vapestornado.com\/wp-content\/uploads\/2024\/12\/Vape-Wholesale.jpg\" alt=\"Vape nagykereskedelem\" width=\"229\" height=\"300\" \/><\/p>\n<h3><a href=\"https:\/\/wa.me\/8617776015835\"><span style=\"color: #ff0000;\"><strong>WhatsApp: +86 17776015835<\/strong><\/span><\/a><\/h3>\n<p>&nbsp;<\/p>","protected":false},"featured_media":3350,"comment_status":"open","ping_status":"closed","template":"","meta":{"_acf_changed":false,"_uag_custom_page_level_css":"","_lmt_disableupdate":"no","_lmt_disable":"","_monsterinsights_skip_tracking":false,"_monsterinsights_sitenote_active":false,"_monsterinsights_sitenote_note":"","_monsterinsights_sitenote_category":0,"site-sidebar-layout":"default","site-content-layout":"","ast-site-content-layout":"default","site-content-style":"default","site-sidebar-style":"default","ast-global-header-display":"","ast-banner-title-visibility":"","ast-main-header-display":"","ast-hfb-above-header-display":"","ast-hfb-below-header-display":"","ast-hfb-mobile-header-display":"","site-post-title":"","ast-breadcrumbs-content":"","ast-featured-img":"","footer-sml-layout":"","ast-disable-related-posts":"","theme-transparent-header-meta":"default","adv-header-id-meta":"","stick-header-meta":"","header-above-stick-meta":"","header-main-stick-meta":"","header-below-stick-meta":"","astra-migrate-meta-layouts":"set","ast-page-background-enabled":"default","ast-page-background-meta":{"desktop":{"background-color":"","background-image":"","background-repeat":"repeat","background-position":"center center","background-size":"auto","background-attachment":"scroll","background-type":"","background-media":"","overlay-type":"","overlay-color":"","overlay-opacity":"","overlay-gradient":""},"tablet":{"background-color":"","background-image":"","background-repeat":"repeat","background-position":"center center","background-size":"auto","background-attachment":"scroll","background-type":"","background-media":"","overlay-type":"","overlay-color":"","overlay-opacity":"","overlay-gradient":""},"mobile":{"background-color":"","background-image":"","background-repeat":"repeat","background-position":"center center","background-size":"auto","background-attachment":"scroll","background-type":"","background-media":"","overlay-type":"","overlay-color":"","overlay-opacity":"","overlay-gradient":""}},"ast-content-background-meta":{"desktop":{"background-color":"var(--ast-global-color-5)","background-image":"","background-repeat":"repeat","background-position":"center center","background-size":"auto","background-attachment":"scroll","background-type":"","background-media":"","overlay-type":"","overlay-color":"","overlay-opacity":"","overlay-gradient":""},"tablet":{"background-color":"var(--ast-global-color-5)","background-image":"","background-repeat":"repeat","background-position":"center center","background-size":"auto","background-attachment":"scroll","background-type":"","background-media":"","overlay-type":"","overlay-color":"","overlay-opacity":"","overlay-gradient":""},"mobile":{"background-color":"var(--ast-global-color-5)","background-image":"","background-repeat":"repeat","background-position":"center center","background-size":"auto","background-attachment":"scroll","background-type":"","background-media":"","overlay-type":"","overlay-color":"","overlay-opacity":"","overlay-gradient":""}},"_joinchat":{"telephone":"+8617776015835"}},"product_brand":[],"product_cat":[140,67,64,154,156,157,142,144,19],"product_tag":[197,196,165,105,97,166,94],"class_list":{"0":"post-3366","1":"product","2":"type-product","3":"status-publish","4":"has-post-thumbnail","6":"product_cat-big-puffs-disposable-vapes","7":"product_cat-30000-puff","8":"product_cat-bangbox-vape","9":"product_cat-buy-disposable-vapes-in-netherlands","10":"product_cat-buy-disposable-vapes-in-poland","11":"product_cat-buy-disposable-vapes-in-portugal","12":"product_cat-digital-box-disposable-vapes","13":"product_cat-low-nicotine-disposable-vapes","14":"product_cat-vapes","15":"product_tag-bang-30000","16":"product_tag-bang-vape","17":"product_tag-cheap-vapes","18":"product_tag-digital-disposable-vape","19":"product_tag-hot-sale-disposable-vape","20":"product_tag-low-nicotine-vape","21":"product_tag-rechargeable-disposable-vape","22":"desktop-align-left","23":"tablet-align-left","24":"mobile-align-left","26":"first","27":"instock","28":"sale","29":"shipping-taxable","30":"purchasable","31":"product-type-simple"},"acf":[],"uagb_featured_image_src":{"full":["https:\/\/vapestornado.com\/wp-content\/uploads\/2024\/12\/Bang-Box-30kPuff-Disposable-Vape-Wholesale.jpg",1126,1126,false],"thumbnail":["https:\/\/vapestornado.com\/wp-content\/uploads\/2024\/12\/Bang-Box-30kPuff-Disposable-Vape-Wholesale-150x150.jpg",150,150,true],"medium":["https:\/\/vapestornado.com\/wp-content\/uploads\/2024\/12\/Bang-Box-30kPuff-Disposable-Vape-Wholesale-300x300.jpg",300,300,true],"medium_large":["https:\/\/vapestornado.com\/wp-content\/uploads\/2024\/12\/Bang-Box-30kPuff-Disposable-Vape-Wholesale-768x768.jpg",768,768,true],"large":["https:\/\/vapestornado.com\/wp-content\/uploads\/2024\/12\/Bang-Box-30kPuff-Disposable-Vape-Wholesale-1024x1024.jpg",1024,1024,true],"1536x1536":["https:\/\/vapestornado.com\/wp-content\/uploads\/2024\/12\/Bang-Box-30kPuff-Disposable-Vape-Wholesale.jpg",1126,1126,false],"2048x2048":["https:\/\/vapestornado.com\/wp-content\/uploads\/2024\/12\/Bang-Box-30kPuff-Disposable-Vape-Wholesale.jpg",1126,1126,false],"trp-custom-language-flag":["https:\/\/vapestornado.com\/wp-content\/uploads\/2024\/12\/Bang-Box-30kPuff-Disposable-Vape-Wholesale.jpg",12,12,false],"woocommerce_thumbnail":["https:\/\/vapestornado.com\/wp-content\/uploads\/2024\/12\/Bang-Box-30kPuff-Disposable-Vape-Wholesale-300x300.jpg",300,300,true],"woocommerce_single":["https:\/\/vapestornado.com\/wp-content\/uploads\/2024\/12\/Bang-Box-30kPuff-Disposable-Vape-Wholesale-600x600.jpg",600,600,true],"woocommerce_gallery_thumbnail":["https:\/\/vapestornado.com\/wp-content\/uploads\/2024\/12\/Bang-Box-30kPuff-Disposable-Vape-Wholesale-100x100.jpg",100,100,true]},"uagb_author_info":{"display_name":"ESAMY","author_link":"https:\/\/vapestornado.com\/hu\/author\/"},"uagb_comment_info":0,"uagb_excerpt":"Bang Box 30000 30k Puffs 0% 2% 5% Low Nicotine Disposable Vape Bulk Buy Price Bang Box 30000 Puffs Rechargeable Disposable Vape Wholesale Cheap Factory Price Bang Box Vape 30000 Puffs All Flavour in Stock Add Amy's whatsapp get right reply and vape coupon! WhatsApp: +86 17776015835 &nbsp;","_links":{"self":[{"href":"https:\/\/vapestornado.com\/hu\/wp-json\/wp\/v2\/product\/3366","targetHints":{"allow":["GET"]}}],"collection":[{"href":"https:\/\/vapestornado.com\/hu\/wp-json\/wp\/v2\/product"}],"about":[{"href":"https:\/\/vapestornado.com\/hu\/wp-json\/wp\/v2\/types\/product"}],"replies":[{"embeddable":true,"href":"https:\/\/vapestornado.com\/hu\/wp-json\/wp\/v2\/comments?post=3366"}],"wp:featuredmedia":[{"embeddable":true,"href":"https:\/\/vapestornado.com\/hu\/wp-json\/wp\/v2\/media\/3350"}],"wp:attachment":[{"href":"https:\/\/vapestornado.com\/hu\/wp-json\/wp\/v2\/media?parent=3366"}],"wp:term":[{"taxonomy":"product_brand","embeddable":true,"href":"https:\/\/vapestornado.com\/hu\/wp-json\/wp\/v2\/product_brand?post=3366"},{"taxonomy":"product_cat","embeddable":true,"href":"https:\/\/vapestornado.com\/hu\/wp-json\/wp\/v2\/product_cat?post=3366"},{"taxonomy":"product_tag","embeddable":true,"href":"https:\/\/vapestornado.com\/hu\/wp-json\/wp\/v2\/product_tag?post=3366"}],"curies":[{"name":"wp","href":"https:\/\/api.w.org\/{rel}","templated":true}]}}