{"id":3365,"date":"2024-12-24T09:50:29","date_gmt":"2024-12-24T09:50:29","guid":{"rendered":"https:\/\/vapestornado.com\/?post_type=product&#038;p=3365"},"modified":"2025-12-09T08:52:33","modified_gmt":"2025-12-09T08:52:33","slug":"bang-box-30000-puffs-double-flavour-0-2-5-low-nicotine-bulk-buy-rechargeable-disposable-vapes-pen-wholesale","status":"publish","type":"product","link":"https:\/\/vapestornado.com\/hu\/product\/bang-box-30000-puffs-double-flavour-0-2-5-low-nicotine-bulk-buy-rechargeable-disposable-vapes-pen-wholesale\/","title":{"rendered":"Bang Box 30000 Sz\u00edv\u00e1s Dupla \u00cdz 0% 2% 5% Alacsony Nikotintartalm\u00fa, \u00dajrat\u00f6lthet\u0151 Eldobhat\u00f3 Vape Toll Nagykeresked\u00e9s"},"content":{"rendered":"<h1 class=\"product-title\">Bang Box 30000 Sz\u00edv\u00e1s Dupla \u00cdz 0% 2% 5% Alacsony Nikotintartalm\u00fa, \u00dajrat\u00f6lthet\u0151 Eldobhat\u00f3 Vape Toll Nagykeresked\u00e9s<\/h1>\n<p>A Bang Box 30000 Puffs eldobhat\u00f3 vape egy 35ml-es, 30 000 sz\u00edv\u00e1sra elegend\u0151 \u00fajrat\u00f6lthet\u0151 eldobhat\u00f3 eszk\u00f6z, dupla \u00edzekkel \u00e9s 0.8\u03a9 h\u00e1l\u00f3s tekercsel, hossz\u00fa t\u00e1v\u00fa, \u00e1lland\u00f3 \u00edzt \u00e9s gyors Type-C t\u00f6lt\u00e9st biztos\u00edt egy k\u00f6nny\u0171 k\u00e9sz\u00fcl\u00e9kben.<\/p>\n<p data-start=\"907\" data-end=\"1146\"><strong data-start=\"907\" data-end=\"953\">Hossz\u00fa m\u0171k\u00f6d\u00e9si id\u0151 val\u00f3di kapacit\u00e1ssal.<\/strong> A <strong data-start=\"958\" data-end=\"998\">Bang Box 30000 Puffs eldobhat\u00f3 vape<\/strong> egy <strong data-start=\"1010\" data-end=\"1029\">30 ezres sz\u00edv\u00e1sk\u00e9pess\u00e9get k\u00edn\u00e1l<\/strong> egy <strong data-start=\"1037\" data-end=\"1064\">35 ml e-liquid tart\u00e1ly<\/strong>, \u00edgy a rendszeres felhaszn\u00e1l\u00f3k sokkal ritk\u00e1bban cser\u00e9lik az eszk\u00f6z\u00f6ket, \u00e9s megb\u00edzhat\u00f3 t\u00f6bbhetes haszn\u00e1latot kapnak.<\/p>\n<p data-start=\"1150\" data-end=\"1371\"><strong data-start=\"1150\" data-end=\"1196\">A dupla \u00edz fenntartja az eszk\u00f6z \u00e9rdekess\u00e9g\u00e9t.<\/strong> Ez <strong data-start=\"1201\" data-end=\"1241\">Bang Box 30K dupla \u00edz\u0171 vape toll<\/strong> b\u00e1rmikor v\u00e1ltogathatsz k\u00e9t profil k\u00f6z\u00f6tt, ami fontos, ha hosszabb ideig haszn\u00e1lod az egyik eszk\u00f6zt, nem csak h\u00e9tv\u00e9geken.<\/p>\n<p data-start=\"1375\" data-end=\"1581\"><strong data-start=\"1375\" data-end=\"1412\">H\u00e1l\u00f3s tekercs stabilit\u00e1s\u00e1t \u00e9rezheted.<\/strong> A <strong data-start=\"1415\" data-end=\"1449\">0.8\u03a9 h\u00e1l\u00f3s tekercs eldobhat\u00f3 vape<\/strong> be\u00e1ll\u00edt\u00e1s egyenletes meleg\u00edt\u00e9st, s\u0171r\u0171 felh\u0151ket \u00e9s kevesebb durva k\u00e9s\u0151i tankos sz\u00edv\u00e1st biztos\u00edt, \u00edgy az \u00edz a 35ml-es k\u00e9szlet m\u00e9ly\u00e9n is konzisztens marad.<\/p>\n<p data-start=\"1585\" data-end=\"1798\"><strong data-start=\"1585\" data-end=\"1636\">Type-C \u00fajrat\u00f6lthet\u0151s\u00e9g megakad\u00e1lyozza a korai kidob\u00e1st.<\/strong> A <strong data-start=\"1641\" data-end=\"1683\">Bang Box 30000 \u00fajrat\u00f6lthet\u0151 eldobhat\u00f3<\/strong> egy <strong data-start=\"1692\" data-end=\"1734\">850mAh-s akkumul\u00e1tort haszn\u00e1l Type-C gyors t\u00f6lt\u00e9ssel<\/strong>, \u00edgy amikor az energia cs\u00f6kken, felt\u00f6lt\u00f6d \u00e9s folytatod \u2014 nem pazarolod az eliquidet.<\/p>\n<p data-start=\"1802\" data-end=\"1994\"><strong data-start=\"1802\" data-end=\"1834\">Napi hordoz\u00e1sra alkalmas.<\/strong> At <strong data-start=\"1838\" data-end=\"1846\">129g<\/strong>, a <strong data-start=\"1852\" data-end=\"1892\">Bang Box 30K alacsony nikotintartalm\u00fa eldobhat\u00f3<\/strong> k\u00e9zben vagy zsebben k\u00e9nyelmesen tart, utaz\u00e1sokhoz, utaz\u00e1si napokhoz \u00e9s hossz\u00fa m\u0171szakokhoz an\u00e9lk\u00fcl, hogy t\u00fal nagy lenne.<\/p>\n<p>&nbsp;<\/p>\n<p><strong>Add meg Amy Whatsappj\u00e1t a gyors v\u00e1lasz\u00e9rt \u00e9s vape kupon\u00e9rt!<\/strong><\/p>\n<p><img fetchpriority=\"high\" decoding=\"async\" class=\"size-full wp-image-2932\" src=\"https:\/\/vapestornado.com\/wp-content\/uploads\/2024\/12\/Vape-Wholesale.jpg\" alt=\"Vape nagykereskedelem\" width=\"229\" height=\"300\" \/><\/p>\n<h3><a href=\"https:\/\/wa.me\/8617776015835\" target=\"_blank\" rel=\"noopener\"><span style=\"color: #ff0000;\"><strong>WhatsApp: +86 17776015835<\/strong><\/span><\/a><\/h3>\n<p>&nbsp;<\/p>\n<h2 class=\"product-title\">Bang Box 30000 Dupla \u00cdz\u0171 Vape<strong> Term\u00e9kjellemz\u0151k<\/strong><\/h2>\n<div role=\"article\" data-tabster=\"{&quot;groupper&quot;:{&quot;tabbability&quot;:2},&quot;focusable&quot;:{}}\" data-content=\"ai-message\" aria-labelledby=\"juhNTJ6o7Gk1cgwZMJgv2-author juhNTJ6o7Gk1cgwZMJgv2-content\">\n<div id=\"juhNTJ6o7Gk1cgwZMJgv2-content\">\n<div role=\"article\" data-tabster=\"{&quot;groupper&quot;:{&quot;tabbability&quot;:2},&quot;focusable&quot;:{}}\" data-content=\"ai-message\" aria-labelledby=\"x4EZuCZWrTbh3weWUt7CU-author x4EZuCZWrTbh3weWUt7CU-content\">\n<div id=\"x4EZuCZWrTbh3weWUt7CU-content\">\n<div class=\"flex max-w-full flex-col flex-grow\">\n<div class=\"min-h-8 text-message flex w-full flex-col items-end gap-2 whitespace-normal break-words text-start [.text-message+&amp;]:mt-5\" dir=\"auto\" data-message-author-role=\"assistant\" data-message-id=\"52c6e00a-252f-4104-805d-2f1a84739c71\" data-message-model-slug=\"gpt-4o\">\n<div class=\"flex w-full flex-col gap-1 empty:hidden first:pt-[3px]\">\n<div class=\"markdown prose w-full break-words dark:prose-invert light\">\n<table>\n<thead>\n<tr>\n<th>Jellemz\u0151k<\/th>\n<th>Spec<\/th>\n<th>R\u00e9szletek<\/th>\n<\/tr>\n<\/thead>\n<tbody>\n<tr>\n<td>Term\u00e9k neve<\/td>\n<td>Bang Box 30000 sz\u00edv\u00e1s dupla \u00edz<\/td>\n<td>Nagy kapacit\u00e1s\u00fa \u00fajrat\u00f6lthet\u0151 eldobhat\u00f3 vape toll.<\/td>\n<\/tr>\n<tr>\n<td>Slukkkapacit\u00e1s<\/td>\n<td>Ak\u00e1r 30 000 sz\u00edv\u00e1s<\/td>\n<td>Hosszabb \u00e9lettartam, amelyet a rendszeres magyar felhaszn\u00e1l\u00f3k sz\u00e1m\u00e1ra terveztek.<\/td>\n<\/tr>\n<tr>\n<td>E-liquid \u0171rtartalom<\/td>\n<td>35ml el\u0151re t\u00f6lt\u00f6tt<\/td>\n<td>Nagy tart\u00e1ly hossz\u00fa szesszi\u00f3k t\u00e1mogat\u00e1s\u00e1ra, \u00fajrat\u00f6lt\u00e9s n\u00e9lk\u00fcl.<\/td>\n<\/tr>\n<tr>\n<td>Tekercs t\u00edpusa<\/td>\n<td>0,8\u03a9 mesh coil<\/td>\n<td>Egyenletes hev\u00edt\u00e9s a sima g\u0151z, gazdag \u00edz \u00e9s stabil kimenet \u00e9rdek\u00e9ben.<\/td>\n<\/tr>\n<tr>\n<td>\u00cdzrendszer<\/td>\n<td>Du\u00e1l \u00edzv\u00e1lt\u00f3 kapcsol\u00f3<\/td>\n<td>K\u00e9t \u00edzprofil egy k\u00e9sz\u00fcl\u00e9kben; b\u00e1rmikor cser\u00e9lhet\u0151.<\/td>\n<\/tr>\n<tr>\n<td>Akkumul\u00e1tor<\/td>\n<td>850mAh \u00fajrat\u00f6lthet\u0151<\/td>\n<td>T\u00f6ltsd \u00fajra, hogy az \u00f6sszes folyad\u00e9kot elfogyaszd, ahelyett, hogy kor\u00e1n kidobn\u00e1d.<\/td>\n<\/tr>\n<tr>\n<td>T\u00f6lt\u00e9s<\/td>\n<td>Type-C gyors t\u00f6lt\u00e9s<\/td>\n<td>Gyors felt\u00f6lt\u00e9s modern EU-s szabv\u00e1ny\u00fa k\u00e1belekkel.<\/td>\n<\/tr>\n<tr>\n<td>Nikotin er\u0151ss\u00e9gek<\/td>\n<td>0% \/ 2% \/ 5% s\u00f3 nikotin<\/td>\n<td>Nikotinmentes, alacsony \u00e9s er\u0151s opci\u00f3k k\u00fcl\u00f6nb\u00f6z\u0151 szok\u00e1sokhoz.<\/td>\n<\/tr>\n<tr>\n<td>S\u00faly<\/td>\n<td>129g<\/td>\n<td>K\u00f6nny\u0171 a 30K-os oszt\u00e1ly\u00fa k\u00e9sz\u00fcl\u00e9khez; k\u00f6nny\u0171 napi hordoz\u00e1s.<\/td>\n<\/tr>\n<tr>\n<td>Poz\u00edcion\u00e1l\u00e1s<\/td>\n<td>Nagykereskedelmi + kiskereskedelmi bestseller<\/td>\n<td>Nagy kereslet az EU t\u00f6meges csatorn\u00e1iban a kapacit\u00e1s + dupla \u00edz miatt.<\/td>\n<\/tr>\n<\/tbody>\n<\/table>\n<\/div>\n<\/div>\n<\/div>\n<\/div>\n<div class=\"mb-2 flex gap-3 empty:hidden -ml-2\"><\/div>\n<\/div>\n<\/div>\n<\/div>\n<\/div>\n<h2 class=\"product-title\"><strong>N\u00e9pszer\u0171 \u00edz a Bang Box 30000 Puffs eldobhat\u00f3 vape-ekhez<\/strong><\/h2>\n<p>1. Eper kiwi\/G\u00f6r\u00f6gdinnye j\u00e9g <strong><span style=\"color: #ff0000;\">&gt;&gt;&gt;&gt; N\u00e9pszer\u0171!<\/span><\/strong><br \/>\n2. Eper kiwi\/Eper G\u00f6r\u00f6gdinnye<br \/>\n3. \u0150szibarackl\u00e9\/\u00c1fonya j\u00e9g<br \/>\n4. \u00c1fonya j\u00e9g\/Kiwi Maracuja Guava<br \/>\n5. \u00c1fonya savany\u00fa m\u00e1lna j\u00e9g\/Vegyes gy\u00fcm\u00f6lcs <strong><span style=\"color: #ff0000;\">&gt;&gt;&gt;&gt; Legjobb!<\/span><\/strong><br \/>\n6. H\u00e1rmas bogy\u00f3\/Eper Mang\u00f3<br \/>\n7. G\u00f6r\u00f6gdinnye r\u00e1g\u00f3gumi\/Eper G\u00f6r\u00f6gdinnye<br \/>\n8. \u00c1fonya j\u00e9g\/G\u00f6r\u00f6gdinnye j\u00e9g<br \/>\n9. Eper G\u00f6r\u00f6gdinnye\/Kiwi Maracuja Guava<br \/>\n10. Fekete S\u00e1rk\u00e1ny j\u00e9g\/Mang\u00f3 \u0150szibarack G\u00f6r\u00f6gdinnye<br \/>\n11. K\u00e9k Razz j\u00e9g\/Dupla Sz\u0151l\u0151 <strong><span style=\"color: #ff0000;\">&gt;&gt;&gt;&gt; N\u00e9pszer\u0171!<\/span><\/strong><br \/>\n12. K\u00e9k Razz j\u00e9g\/Eper Mang\u00f3<\/p>\n<div class=\"flex-shrink-0 flex flex-col relative items-end\">\n<div class=\"pt-0\">\n<div class=\"gizmo-bot-avatar flex h-8 w-8 items-center justify-center overflow-hidden rounded-full\">\n<figure id=\"attachment_3358\" aria-describedby=\"caption-attachment-3358\" style=\"width: 1241px\" class=\"wp-caption alignnone\"><img decoding=\"async\" class=\"wp-image-3358 size-full\" src=\"https:\/\/vapestornado.com\/wp-content\/uploads\/2024\/12\/Bang-Box-30k-Puffs-Factory-Price.jpg\" alt=\"Bang Box 30k Puffs gy\u00e1ri \u00e1r\" width=\"1241\" height=\"2038\" srcset=\"https:\/\/vapestornado.com\/wp-content\/uploads\/2024\/12\/Bang-Box-30k-Puffs-Factory-Price.jpg 1241w, https:\/\/vapestornado.com\/wp-content\/uploads\/2024\/12\/Bang-Box-30k-Puffs-Factory-Price-183x300.jpg 183w, https:\/\/vapestornado.com\/wp-content\/uploads\/2024\/12\/Bang-Box-30k-Puffs-Factory-Price-624x1024.jpg 624w, https:\/\/vapestornado.com\/wp-content\/uploads\/2024\/12\/Bang-Box-30k-Puffs-Factory-Price-768x1261.jpg 768w, https:\/\/vapestornado.com\/wp-content\/uploads\/2024\/12\/Bang-Box-30k-Puffs-Factory-Price-935x1536.jpg 935w, https:\/\/vapestornado.com\/wp-content\/uploads\/2024\/12\/Bang-Box-30k-Puffs-Factory-Price-600x985.jpg 600w\" sizes=\"(max-width: 1241px) 100vw, 1241px\" \/><figcaption id=\"caption-attachment-3358\" class=\"wp-caption-text\">Bang Box 30k Puffs gy\u00e1ri \u00e1r<\/figcaption><\/figure>\n<div class=\"relative p-1 rounded-sm flex items-center justify-center bg-token-main-surface-primary text-token-text-primary h-8 w-8\">\n<h3>GYIK a Bang Box 30000 Puffs eldobhat\u00f3 vape-hez<\/h3>\n<ol data-start=\"3057\" data-end=\"4297\">\n<li data-start=\"3057\" data-end=\"3310\">\n<p data-start=\"3060\" data-end=\"3310\"><strong data-start=\"3060\" data-end=\"3166\">Hogyan kezeli a Bang Box 30000 sz\u00edv\u00e1s dupla \u00edz eldobhat\u00f3 vape hossz\u00fa t\u00e1v\u00fa \u00edz\u00e1ll\u00f3s\u00e1g\u00e1t?<\/strong><br data-start=\"3166\" data-end=\"3169\" \/>A dupla \u00edz rendszer v\u00e1ltozatoss\u00e1got ad a hetek sor\u00e1n t\u00f6rt\u00e9n\u0151 haszn\u00e1latban, \u00e9s <strong data-start=\"3234\" data-end=\"3252\">0,8\u03a9 mesh coil<\/strong> seg\u00edt meg\u0151rizni minden \u00edzt stabilan, nem pedig gyorsan elhalv\u00e1nyulni.<\/p>\n<\/li>\n<li data-start=\"3312\" data-end=\"3578\">\n<p data-start=\"3315\" data-end=\"3578\"><strong data-start=\"3315\" data-end=\"3418\">Val\u00f3ban k\u00f6zel 30 000 sz\u00edv\u00e1sig tart a Bang Box 30K \u00fajrat\u00f6lthet\u0151 eldobhat\u00f3 vape a val\u00f3di haszn\u00e1lat sor\u00e1n?<\/strong><br data-start=\"3418\" data-end=\"3421\" \/>A <strong data-start=\"3425\" data-end=\"3438\">35ml tart\u00e1ly<\/strong> t\u00e1mogatja a magas puff-sz\u00e1mot. A t\u00e9nyleges eredm\u00e9nyek a h\u00faz\u00e1si hossz \u00e9s a l\u00e9g\u00e1raml\u00e1si st\u00edlus f\u00fcggv\u00e9nyei, de a folyad\u00e9ktart\u00e1ly m\u00e9rete megfelel a teljes\u00edtm\u00e9nynek.<\/p>\n<\/li>\n<li data-start=\"3580\" data-end=\"3817\">\n<p data-start=\"3583\" data-end=\"3817\"><strong data-start=\"3583\" data-end=\"3670\">Mi az el\u0151nye a 0,8\u03a9-os h\u00e1l\u00f3tek\u0151nek a Bang Box 30000 eldobhat\u00f3 vape tollban?<\/strong><br data-start=\"3670\" data-end=\"3673\" \/>Az alacsonyabb ellen\u00e1ll\u00e1s\u00fa h\u00e1l\u00f3tek\u0151k egyenletesen melegszenek \u00e9s <strong data-start=\"3725\" data-end=\"3768\">s\u0171r\u0171bb g\u0151zt termelnek, sim\u00e1bb torok\u00e9rzetet biztos\u00edtva<\/strong>, k\u00fcl\u00f6n\u00f6sen \u00e9szrevehet\u0151 nagy kapacit\u00e1s\u00fa eszk\u00f6z\u00f6kben.<\/p>\n<\/li>\n<li data-start=\"3819\" data-end=\"4055\">\n<p data-start=\"3822\" data-end=\"4055\"><strong data-start=\"3822\" data-end=\"3912\">Befejezi-e a Bang Box 30000 Type-C \u00fajrat\u00f6lthet\u0151 eldobhat\u00f3 vape a teljes 35ml-es tart\u00e1lyt?<\/strong><br data-start=\"3912\" data-end=\"3915\" \/>Igen \u2014 a <strong data-start=\"3925\" data-end=\"3956\">850mAh-s \u00fajrat\u00f6lthet\u0151 akkumul\u00e1torral<\/strong> van, \u00edgy felt\u00f6ltheted az energi\u00e1t \u00e9s az \u00f6sszes folyad\u00e9kot felhaszn\u00e1lhatod, elker\u00fclve a \u201eaz akkumul\u00e1tor el\u0151bb v\u00e9get \u00e9r\u201d probl\u00e9m\u00e1t.<\/p>\n<\/li>\n<li data-start=\"4057\" data-end=\"4297\">\n<p data-start=\"4060\" data-end=\"4297\"><strong data-start=\"4060\" data-end=\"4158\">Mely nikotinszint felel meg k\u00fcl\u00f6nb\u00f6z\u0151 felhaszn\u00e1l\u00f3knak a Bang Box 30000 alacsony nikotintartalm\u00fa eldobhat\u00f3 vape eset\u00e9ben?<\/strong><br data-start=\"4158\" data-end=\"4161\" \/><strong data-start=\"4161\" data-end=\"4167\">0%<\/strong> csak \u00edzhez val\u00f3 haszn\u00e1latra m\u0171k\u00f6dik, <strong data-start=\"4196\" data-end=\"4202\">2%<\/strong> alkalmas k\u00f6nny\u0171-m\u00e9rs\u00e9kelt napi rutinokhoz, \u00e9s <strong data-start=\"4246\" data-end=\"4252\">5%<\/strong> alkalmas nehezebb felhaszn\u00e1l\u00f3knak, akik er\u0151sebb hat\u00e1st szeretn\u00e9nek.<\/p>\n<\/li>\n<\/ol>\n<\/div>\n<\/div>\n<\/div>\n<\/div>\n<div class=\"flex-shrink-0 flex flex-col relative items-end\">\n<div class=\"pt-0\">\n<div class=\"gizmo-bot-avatar flex h-8 w-8 items-center justify-center overflow-hidden rounded-full\">\n<div class=\"relative p-1 rounded-sm flex items-center justify-center bg-token-main-surface-primary text-token-text-primary h-8 w-8\">\n<div class=\"mb-2 flex gap-3 empty:hidden -ml-2\">\n<div role=\"article\" data-tabster=\"{&quot;groupper&quot;:{&quot;tabbability&quot;:2},&quot;focusable&quot;:{}}\" data-content=\"ai-message\" aria-labelledby=\"Vdt5ez4X7Tg813x6rFVha-author Vdt5ez4X7Tg813x6rFVha-content\">\n<div id=\"Vdt5ez4X7Tg813x6rFVha-content\">\n<div role=\"article\" data-tabster=\"{&quot;groupper&quot;:{&quot;tabbability&quot;:2},&quot;focusable&quot;:{}}\" data-content=\"ai-message\" aria-labelledby=\"o968oC7CEo2fGHsGdsRYC-author o968oC7CEo2fGHsGdsRYC-content\">\n<div id=\"o968oC7CEo2fGHsGdsRYC-content\">\n<h3>Mi\u00e9rt v\u00e1lassza a vapestornado-t a Bang Box 30000 Puffs Vape nagykereskedelm\u00e9hez?<\/h3>\n<div class=\"flex-shrink-0 flex flex-col relative items-end\">\n<div class=\"pt-0\">\n<div class=\"gizmo-bot-avatar flex h-8 w-8 items-center justify-center overflow-hidden rounded-full\">\n<div class=\"relative p-1 rounded-sm flex items-center justify-center bg-token-main-surface-primary text-token-text-primary h-8 w-8\">\n<p>\u00dcdv\u00f6z\u00f6lj\u00fck a vapestornado-n, az \u00d6n megb\u00edzhat\u00f3 online vape boltj\u00e1ban a pr\u00e9mium eldobhat\u00f3 vape-okhoz. T\u00f6bb mint 5 \u00e9ves szak\u00e9rtelemmel hozunk el \u00d6nnek n\u00e9pszer\u0171 eldobhat\u00f3 vape m\u00e1rk\u00e1kat, mint p\u00e9ld\u00e1ul a Fumot RandM Vape, <a href=\"https:\/\/vapestornado.com\/hu\/product\/vapme-crystal-7000-puffs-rechargeable-disposable-vape-wholesale-cheap-price\/\">Vapme<\/a>, Bang Vape, Waspe Vape \u00e9s WGA Vape, stb.<\/p>\n<p>K\u00edn\u00e1latunkban szerepelnek n\u00e9pszer\u0171 vape-ok, mint a <a href=\"https:\/\/vapestornado.com\/hu\/product\/fumot-randm-tornado-15000-puffs-rechargeable-disposable-vape-wholesale\/\">RandM Torn\u00e1d\u00f3 15000<\/a>, \u00e9s \u00edzgazdag v\u00e1laszt\u00e1sok, mint a <a href=\"https:\/\/vapestornado.com\/hu\/product\/vapsolo-dg-18000-puffs-smart-screen-wholesale-disposable-cheap-vapes\/\">\u00a0Vapsolo DG18000 Puffs<\/a> . Minden term\u00e9k\u00fcnket a min\u0151s\u00e9g, \u00e9rt\u00e9k \u00e9s v\u00e1ltozatoss\u00e1g figyelembev\u00e9tel\u00e9vel v\u00e1lasztjuk ki, biztos\u00edtva, hogy megtal\u00e1lja az ig\u00e9nyeinek legmegfelel\u0151bbet. Fedezze fel a kiv\u00e9teles szolg\u00e1ltat\u00e1st \u00e9s a top term\u00e9kek sz\u00e9les v\u00e1laszt\u00e9k\u00e1t nagykereskedelmi \u00e1ron a vapestornado-n.<\/p>\n<\/div>\n<\/div>\n<\/div>\n<\/div>\n<p>&nbsp;<\/p>\n<\/div>\n<\/div>\n<\/div>\n<\/div>\n<\/div>\n<\/div>\n<\/div>\n<\/div>\n<\/div>","protected":false},"excerpt":{"rendered":"<p>Bang Box 30000 Puffs dupla \u00edz\u0171 eldobhat\u00f3 vape toll 35ml el\u0151re t\u00f6lt\u00f6tt e-liquiddel, 0.8\u03a9 h\u00e1l\u00f3s tekercs, 850mAh t\u00edpus-C \u00fajrat\u00f6lthet\u0151 akkumul\u00e1tor, \u00e9s 0%\/2%\/5% nikotinv\u00e1ltozatokkal. K\u00f6nny\u0171, 129g s\u00faly\u00fa kialak\u00edt\u00e1s \u00e9s dupla \u00edzv\u00e1lt\u00e1s a hossz\u00fa, stabil, magas \u00e9rt\u00e9k\u0171 vapinghez.<\/p>\n<p><strong>Adja hozz\u00e1 Amy-t WhatsApp-on, hogy azonnali v\u00e1laszt \u00e9s vape kupont kapjon!<\/strong><\/p>\n<p><img fetchpriority=\"high\" decoding=\"async\" class=\"size-full wp-image-2932\" src=\"https:\/\/vapestornado.com\/wp-content\/uploads\/2024\/12\/Vape-Wholesale.jpg\" alt=\"Vape nagykereskedelem\" width=\"229\" height=\"300\" \/><\/p>\n<h3><a href=\"https:\/\/wa.me\/8617776015835\"><span style=\"color: #ff0000;\"><strong>WhatsApp: +86 17776015835<\/strong><\/span><\/a><\/h3>\n<p>&nbsp;<\/p>","protected":false},"featured_media":3362,"comment_status":"open","ping_status":"closed","template":"","meta":{"_acf_changed":false,"_uag_custom_page_level_css":"","_lmt_disableupdate":"no","_lmt_disable":"","_monsterinsights_skip_tracking":false,"_monsterinsights_sitenote_active":false,"_monsterinsights_sitenote_note":"","_monsterinsights_sitenote_category":0,"site-sidebar-layout":"default","site-content-layout":"","ast-site-content-layout":"default","site-content-style":"default","site-sidebar-style":"default","ast-global-header-display":"","ast-banner-title-visibility":"","ast-main-header-display":"","ast-hfb-above-header-display":"","ast-hfb-below-header-display":"","ast-hfb-mobile-header-display":"","site-post-title":"","ast-breadcrumbs-content":"","ast-featured-img":"","footer-sml-layout":"","ast-disable-related-posts":"","theme-transparent-header-meta":"default","adv-header-id-meta":"","stick-header-meta":"","header-above-stick-meta":"","header-main-stick-meta":"","header-below-stick-meta":"","astra-migrate-meta-layouts":"set","ast-page-background-enabled":"default","ast-page-background-meta":{"desktop":{"background-color":"","background-image":"","background-repeat":"repeat","background-position":"center center","background-size":"auto","background-attachment":"scroll","background-type":"","background-media":"","overlay-type":"","overlay-color":"","overlay-opacity":"","overlay-gradient":""},"tablet":{"background-color":"","background-image":"","background-repeat":"repeat","background-position":"center center","background-size":"auto","background-attachment":"scroll","background-type":"","background-media":"","overlay-type":"","overlay-color":"","overlay-opacity":"","overlay-gradient":""},"mobile":{"background-color":"","background-image":"","background-repeat":"repeat","background-position":"center center","background-size":"auto","background-attachment":"scroll","background-type":"","background-media":"","overlay-type":"","overlay-color":"","overlay-opacity":"","overlay-gradient":""}},"ast-content-background-meta":{"desktop":{"background-color":"var(--ast-global-color-5)","background-image":"","background-repeat":"repeat","background-position":"center center","background-size":"auto","background-attachment":"scroll","background-type":"","background-media":"","overlay-type":"","overlay-color":"","overlay-opacity":"","overlay-gradient":""},"tablet":{"background-color":"var(--ast-global-color-5)","background-image":"","background-repeat":"repeat","background-position":"center center","background-size":"auto","background-attachment":"scroll","background-type":"","background-media":"","overlay-type":"","overlay-color":"","overlay-opacity":"","overlay-gradient":""},"mobile":{"background-color":"var(--ast-global-color-5)","background-image":"","background-repeat":"repeat","background-position":"center center","background-size":"auto","background-attachment":"scroll","background-type":"","background-media":"","overlay-type":"","overlay-color":"","overlay-opacity":"","overlay-gradient":""}},"_joinchat":{"telephone":"+8617776015835"}},"product_brand":[],"product_cat":[67,64,154,157,143,357,144],"product_tag":[484,197,196,165,198,199,97,166,94],"class_list":{"0":"post-3365","1":"product","2":"type-product","3":"status-publish","4":"has-post-thumbnail","6":"product_cat-30000-puff","7":"product_cat-bangbox-vape","8":"product_cat-buy-disposable-vapes-in-netherlands","9":"product_cat-buy-disposable-vapes-in-portugal","10":"product_cat-dual-mesh-disposable-vapes","11":"product_cat-flavor-adjustable-vape","12":"product_cat-low-nicotine-disposable-vapes","13":"product_tag-2-in-1-disposable-vape","14":"product_tag-bang-30000","15":"product_tag-bang-vape","16":"product_tag-cheap-vapes","17":"product_tag-double-flavor-disposable-vape","18":"product_tag-dual-flavour-disposable-vape","19":"product_tag-hot-sale-disposable-vape","20":"product_tag-low-nicotine-vape","21":"product_tag-rechargeable-disposable-vape","22":"desktop-align-left","23":"tablet-align-left","24":"mobile-align-left","26":"first","27":"instock","28":"sale","29":"shipping-taxable","30":"purchasable","31":"product-type-simple"},"acf":[],"uagb_featured_image_src":{"full":["https:\/\/vapestornado.com\/wp-content\/uploads\/2024\/12\/Bang-Box-Dispsoable-Vape-30000-Puffs-Wholesale.jpg",1126,1126,false],"thumbnail":["https:\/\/vapestornado.com\/wp-content\/uploads\/2024\/12\/Bang-Box-Dispsoable-Vape-30000-Puffs-Wholesale-150x150.jpg",150,150,true],"medium":["https:\/\/vapestornado.com\/wp-content\/uploads\/2024\/12\/Bang-Box-Dispsoable-Vape-30000-Puffs-Wholesale-300x300.jpg",300,300,true],"medium_large":["https:\/\/vapestornado.com\/wp-content\/uploads\/2024\/12\/Bang-Box-Dispsoable-Vape-30000-Puffs-Wholesale-768x768.jpg",768,768,true],"large":["https:\/\/vapestornado.com\/wp-content\/uploads\/2024\/12\/Bang-Box-Dispsoable-Vape-30000-Puffs-Wholesale-1024x1024.jpg",1024,1024,true],"1536x1536":["https:\/\/vapestornado.com\/wp-content\/uploads\/2024\/12\/Bang-Box-Dispsoable-Vape-30000-Puffs-Wholesale.jpg",1126,1126,false],"2048x2048":["https:\/\/vapestornado.com\/wp-content\/uploads\/2024\/12\/Bang-Box-Dispsoable-Vape-30000-Puffs-Wholesale.jpg",1126,1126,false],"trp-custom-language-flag":["https:\/\/vapestornado.com\/wp-content\/uploads\/2024\/12\/Bang-Box-Dispsoable-Vape-30000-Puffs-Wholesale.jpg",12,12,false],"woocommerce_thumbnail":["https:\/\/vapestornado.com\/wp-content\/uploads\/2024\/12\/Bang-Box-Dispsoable-Vape-30000-Puffs-Wholesale-300x300.jpg",300,300,true],"woocommerce_single":["https:\/\/vapestornado.com\/wp-content\/uploads\/2024\/12\/Bang-Box-Dispsoable-Vape-30000-Puffs-Wholesale-600x600.jpg",600,600,true],"woocommerce_gallery_thumbnail":["https:\/\/vapestornado.com\/wp-content\/uploads\/2024\/12\/Bang-Box-Dispsoable-Vape-30000-Puffs-Wholesale-100x100.jpg",100,100,true]},"uagb_author_info":{"display_name":"ESAMY","author_link":"https:\/\/vapestornado.com\/hu\/author\/"},"uagb_comment_info":1,"uagb_excerpt":"Bang Box 30000 Puffs double flavour disposable vape pen with 35ml pre-filled e-liquid, 0.8\u03a9 mesh coil, 850mAh Type-C rechargeable battery, and 0%\/2%\/5% nicotine options. Lightweight 129g design and dual-flavour switching for long, stable, high-value vaping. Add Amy's whatsapp get right reply and vape coupon! WhatsApp: +86 17776015835 &nbsp;","_links":{"self":[{"href":"https:\/\/vapestornado.com\/hu\/wp-json\/wp\/v2\/product\/3365","targetHints":{"allow":["GET"]}}],"collection":[{"href":"https:\/\/vapestornado.com\/hu\/wp-json\/wp\/v2\/product"}],"about":[{"href":"https:\/\/vapestornado.com\/hu\/wp-json\/wp\/v2\/types\/product"}],"replies":[{"embeddable":true,"href":"https:\/\/vapestornado.com\/hu\/wp-json\/wp\/v2\/comments?post=3365"}],"wp:featuredmedia":[{"embeddable":true,"href":"https:\/\/vapestornado.com\/hu\/wp-json\/wp\/v2\/media\/3362"}],"wp:attachment":[{"href":"https:\/\/vapestornado.com\/hu\/wp-json\/wp\/v2\/media?parent=3365"}],"wp:term":[{"taxonomy":"product_brand","embeddable":true,"href":"https:\/\/vapestornado.com\/hu\/wp-json\/wp\/v2\/product_brand?post=3365"},{"taxonomy":"product_cat","embeddable":true,"href":"https:\/\/vapestornado.com\/hu\/wp-json\/wp\/v2\/product_cat?post=3365"},{"taxonomy":"product_tag","embeddable":true,"href":"https:\/\/vapestornado.com\/hu\/wp-json\/wp\/v2\/product_tag?post=3365"}],"curies":[{"name":"wp","href":"https:\/\/api.w.org\/{rel}","templated":true}]}}