{"id":3338,"date":"2024-12-23T09:49:23","date_gmt":"2024-12-23T09:49:23","guid":{"rendered":"https:\/\/vapestornado.com\/?post_type=product&#038;p=3338"},"modified":"2025-12-08T09:54:00","modified_gmt":"2025-12-08T09:54:00","slug":"bood-twins-46000-puff-double-flavour-low-nicotine-disposable-vape-wholesale-bulk-buy-price","status":"publish","type":"product","link":"https:\/\/vapestornado.com\/hu\/product\/bood-twins-46000-puff-double-flavour-low-nicotine-disposable-vape-wholesale-bulk-buy-price\/","title":{"rendered":"Bood Twins 46000 Puff Dupla \u00cdz\u0171 Alacsony Nikotintartalm\u00fa Eldobhat\u00f3 Vape Nagykereskedelmi T\u00f6meges V\u00e1s\u00e1rl\u00e1si \u00c1r"},"content":{"rendered":"<h2 class=\"product-title\">Bood Twins 46000 Puffs Dupla \u00cdz\u0171 Eldobhat\u00f3 Vape Pod Dupla \u00cdzv\u00e1lt\u00e1s &amp; Okos LED-k\u00e9perny\u0151<\/h2>\n<p data-start=\"1069\" data-end=\"1289\">A <strong data-start=\"113\" data-end=\"138\">Bood Twins 46000 Sz\u00edv\u00e1s<\/strong> egy nagy kapacit\u00e1s\u00fa eldobhat\u00f3 vape pod, amelyet azoknak terveztek, akik k\u00e9t \u00edzt szeretn\u00e9nek egy eszk\u00f6zben, \u00e9s egy olyan \u00e9lettartamot, ami nem fogy el n\u00e9h\u00e1ny nap alatt. Ez biztos\u00edtja <strong data-start=\"286\" data-end=\"308\">ak\u00e1r 46 000 sz\u00edv\u00e1st<\/strong>, m\u0171k\u00f6dik egy <strong data-start=\"320\" data-end=\"344\">30ml el\u0151re t\u00f6lt\u00f6tt tart\u00e1llyal<\/strong>, \u00e9s hozz\u00e1ad egy <strong data-start=\"357\" data-end=\"380\">dupla \u00edzv\u00e1lt\u00f3 kapcsol\u00f3t<\/strong> hogy \u00edzt v\u00e1ltoztathass an\u00e9lk\u00fcl, hogy az eszk\u00f6zt cser\u00e9ln\u00e9d. Egy <strong data-start=\"433\" data-end=\"485\">650mAh \u00fajrat\u00f6lthet\u0151 akkumul\u00e1tor Type-C t\u00f6lt\u00e9ssel<\/strong> \u00e9letben tartja, am\u00edg a folyad\u00e9k ki nem fogy, mik\u00f6zben a <strong data-start=\"541\" data-end=\"561\">LED okos k\u00e9perny\u0151<\/strong> val\u00f3s idej\u0171 sz\u00edv\u00e1ssz\u00e1mot, az akkumul\u00e1tor szintj\u00e9t \u00e9s a folyad\u00e9k \u00e1llapot\u00e1t mutatja.<\/p>\n<h3 data-start=\"862\" data-end=\"937\">Mi\u00e9rt \u00e9ri meg megv\u00e1s\u00e1rolni ezt a Bood Twins 46000 sz\u00edv\u00e1s kapacit\u00e1s\u00fa vape-t?<\/h3>\n<ul data-start=\"939\" data-end=\"1937\">\n<li data-start=\"939\" data-end=\"1160\">\n<p data-start=\"941\" data-end=\"1160\"><strong data-start=\"941\" data-end=\"978\">A kapacit\u00e1s val\u00f3di hardverrel t\u00e1mogatott.<\/strong> A 46K \u00e9rt\u00e9kel\u00e9s nemcsak egy sz\u00e1m a dobozon \u2014 t\u00e1mogatja <strong data-start=\"1045\" data-end=\"1065\">30 ml e-liquid<\/strong> \u00e9s egy \u00fajrat\u00f6lthet\u0151 akkumul\u00e1tor, \u00edgy az eszk\u00f6z hossz\u00fa ideig m\u0171k\u00f6dhet an\u00e9lk\u00fcl, hogy kor\u00e1n kisz\u00e1radna.<\/p>\n<\/li>\n<li data-start=\"1162\" data-end=\"1385\">\n<p data-start=\"1164\" data-end=\"1385\"><strong data-start=\"1164\" data-end=\"1200\">K\u00e9t \u00edz extra t\u00f6meg n\u00e9lk\u00fcl.<\/strong> A <strong data-start=\"1205\" data-end=\"1230\">dupla \u00edz rendszer<\/strong> praktikus a mindennapi haszn\u00e1lathoz: v\u00e1ltogass a profilok k\u00f6z\u00f6tt, amikor az \u00edzed v\u00e1ltozik, ahelyett, hogy k\u00e9t eldobhat\u00f3t cipeln\u00e9k vagy heteken \u00e1t egyetlen \u00edzhez ragaszkodn\u00e1l.<\/p>\n<\/li>\n<li data-start=\"1387\" data-end=\"1562\">\n<p data-start=\"1389\" data-end=\"1562\"><strong data-start=\"1389\" data-end=\"1450\">Az \u00fajrat\u00f6lthet\u0151 energia megsz\u00fcnteti a szok\u00e1sos eldobhat\u00f3 gyenges\u00e9get.<\/strong> A <strong data-start=\"1456\" data-end=\"1489\">650mAh + t\u00edpus-C gyors t\u00f6lt\u00e9s<\/strong>, az akkumul\u00e1tor nem lesz az oka, hogy abbahagyod a haszn\u00e1lat\u00e1t. T\u00f6ltsd fel \u00e9s folytasd.<\/p>\n<\/li>\n<li data-start=\"1564\" data-end=\"1753\">\n<p data-start=\"1566\" data-end=\"1753\"><strong data-start=\"1566\" data-end=\"1593\">\u00c1tl\u00e1that\u00f3 inform\u00e1ci\u00f3k egy pillant\u00e1s alatt.<\/strong> A <strong data-start=\"1598\" data-end=\"1618\">LED okos k\u00e9perny\u0151<\/strong> val\u00f3s idej\u0171 f\u00faj\u00e1s sz\u00e1ml\u00e1l\u00f3t, akkumul\u00e1tor- \u00e9s folyad\u00e9k\u00e1llapotot mutat. Ez kevesebb meglepet\u00e9st jelent \u00e9s jobb kontrollt a t\u00f6lt\u00e9s vagy csere idej\u00e9nek meghat\u00e1roz\u00e1s\u00e1ban.<\/p>\n<\/li>\n<li data-start=\"1755\" data-end=\"1937\">\n<p data-start=\"1757\" data-end=\"1937\"><strong data-start=\"1757\" data-end=\"1806\">Nikotin opci\u00f3k egyszer\u0171ek \u00e9s EU-bar\u00e1t m\u00f3don maradnak.<\/strong> <strong data-start=\"1807\" data-end=\"1825\">0%, 2% \u00e9s 5%<\/strong> fedezi a nikotinmentes haszn\u00e1latot, k\u00f6nnyebb napi szok\u00e1sokat \u00e9s er\u0151sebb l\u00f6v\u00e9seket \u2014 an\u00e9lk\u00fcl, hogy minden felhaszn\u00e1l\u00f3ra ugyanazt az intenzit\u00e1st k\u00e9nyszer\u00edten\u00e9.<\/p>\n<\/li>\n<\/ul>\n<p><strong>Add meg Amy Whatsappj\u00e1t a gyors v\u00e1lasz\u00e9rt \u00e9s vape kupon\u00e9rt!<\/strong><\/p>\n<p><img fetchpriority=\"high\" decoding=\"async\" class=\"size-full wp-image-2932\" src=\"https:\/\/vapestornado.com\/wp-content\/uploads\/2024\/12\/Vape-Wholesale.jpg\" alt=\"Vape nagykereskedelem\" width=\"229\" height=\"300\" \/><\/p>\n<h3><a href=\"https:\/\/wa.me\/8617776015835\" target=\"_blank\" rel=\"noopener\"><span style=\"color: #ff0000;\"><strong>WhatsApp: +86 17776015835<\/strong><\/span><\/a><\/h3>\n<p>&nbsp;<\/p>\n<h2><span style=\"font-size: 1.5em; font-weight: bold;\">Bood Twins 46000 F\u0151bb term\u00e9kjellemz\u0151k\u00a0<\/span><\/h2>\n<div role=\"article\" data-tabster=\"{&quot;groupper&quot;:{&quot;tabbability&quot;:2},&quot;focusable&quot;:{}}\" data-content=\"ai-message\" aria-labelledby=\"juhNTJ6o7Gk1cgwZMJgv2-author juhNTJ6o7Gk1cgwZMJgv2-content\">\n<div id=\"juhNTJ6o7Gk1cgwZMJgv2-content\">\n<div role=\"article\" data-tabster=\"{&quot;groupper&quot;:{&quot;tabbability&quot;:2},&quot;focusable&quot;:{}}\" data-content=\"ai-message\" aria-labelledby=\"x4EZuCZWrTbh3weWUt7CU-author x4EZuCZWrTbh3weWUt7CU-content\">\n<div id=\"x4EZuCZWrTbh3weWUt7CU-content\">\n<table>\n<thead>\n<tr>\n<th>Jellemz\u0151k<\/th>\n<th>Spec<\/th>\n<th>R\u00e9szletek<\/th>\n<\/tr>\n<\/thead>\n<tbody>\n<tr>\n<td>Slukkkapacit\u00e1s<\/td>\n<td>Ak\u00e1r 46 000 f\u00faj\u00e1s<\/td>\n<td>Magas \u00e9lettartam\u00fa eldobhat\u00f3, hosszabb napi haszn\u00e1latra tervezve.<\/td>\n<\/tr>\n<tr>\n<td>\u00cdzrendszer<\/td>\n<td>Dupla \u00edz (kett\u0151s \u00edz kapcsol\u00f3)<\/td>\n<td>K\u00e9t \u00edzprofil egy k\u00e9sz\u00fcl\u00e9kben; b\u00e1rmikor v\u00e1ltson.<\/td>\n<\/tr>\n<tr>\n<td>E-liquid \u0171rtartalom<\/td>\n<td>30ml el\u0151re t\u00f6lt\u00f6tt<\/td>\n<td>Nagy tart\u00e1ly hossz\u00fa \u00fcl\u00e9sekhez \u00e9s stabil kimenethez.<\/td>\n<\/tr>\n<tr>\n<td>Akkumul\u00e1tor<\/td>\n<td>650mAh \u00fajrat\u00f6lthet\u0151<\/td>\n<td>T\u00f6ltsd \u00fajra, hogy a teljes folyad\u00e9ktartal\u00e9kot haszn\u00e1ld, ahelyett, hogy kor\u00e1n kidobn\u00e1d.<\/td>\n<\/tr>\n<tr>\n<td>T\u00f6lt\u00e9s<\/td>\n<td>Type-C gyors t\u00f6lt\u00e9s<\/td>\n<td>Gyors felt\u00f6lt\u00e9s szabv\u00e1ny EU-k\u00e1belekkel.<\/td>\n<\/tr>\n<tr>\n<td>Kijelz\u0151<\/td>\n<td>LED okos k\u00e9perny\u0151<\/td>\n<td>Val\u00f3s idej\u0171 f\u00faj\u00e1s sz\u00e1ml\u00e1l\u00f3t, akkumul\u00e1tor szintet \u00e9s folyad\u00e9k\u00e1llapotot mutat.<\/td>\n<\/tr>\n<tr>\n<td>Nikotin er\u0151ss\u00e9gek<\/td>\n<td>0% \/ 2% \/ 5% s\u00f3 nikotin<\/td>\n<td>Illeszkedik a nikotinmentes felhaszn\u00e1l\u00f3khoz, k\u00f6nnyebb szok\u00e1sokhoz \u00e9s intenz\u00edvebb haszn\u00e1lathoz.<\/td>\n<\/tr>\n<tr>\n<td>C\u00e9lhaszn\u00e1lat<\/td>\n<td>Eldobhat\u00f3, nagy kapacit\u00e1s\u00fa<\/td>\n<td>Egyszer\u0171 m\u0171k\u00f6d\u00e9s hossz\u00fa \u00fczemid\u0151vel.<\/td>\n<\/tr>\n<\/tbody>\n<\/table>\n<\/div>\n<\/div>\n<\/div>\n<\/div>\n<h2 class=\"product-title\"><strong>N\u00e9pszer\u0171 \u00edz a Bood Twins 46000 Puffs-hoz<\/strong><\/h2>\n<p>1. G\u00f6r\u00f6gdinnye <strong><span style=\"color: #ff0000;\">&gt;&gt;&gt;&gt;&gt; Felkapott!<\/span><\/strong><br \/>\n2. Alma<br \/>\n3. Lime<br \/>\n4. Z\u00f6ld alma<br \/>\n5. \u00c1fonya-m\u00e1lna savany\u00fa <strong><span style=\"color: #ff0000;\">&gt;&gt;&gt;&gt; Legjobb!<\/span><\/strong><br \/>\n6. Feketeribizli-m\u00e1lna<br \/>\n7. \u0150szibarack-mang\u00f3<br \/>\n8. Sz\u0151l\u0151 <strong><span style=\"color: #ff0000;\">&gt;&gt;&gt;&gt;&gt; Felkapott!<\/span><\/strong><br \/>\n9. R\u00f3zsasz\u00edn limon\u00e1d\u00e9<br \/>\n10. Z\u00f6ld sz\u0151l\u0151<\/p>\n<h2>Mi\u00e9rt v\u00e1lassza a vapestornado-t a Bood Twins 46000 Puffs Vape nagykereskedelm\u00e9hez?<\/h2>\n<div class=\"flex-shrink-0 flex flex-col relative items-end\">\n<div class=\"pt-0\">\n<div class=\"gizmo-bot-avatar flex h-8 w-8 items-center justify-center overflow-hidden rounded-full\">\n<div class=\"relative p-1 rounded-sm flex items-center justify-center bg-token-main-surface-primary text-token-text-primary h-8 w-8\">\n<p>\u00dcdv\u00f6z\u00f6lj\u00fck a vapestornado-n, az \u00d6n megb\u00edzhat\u00f3 online vape boltj\u00e1ban a pr\u00e9mium eldobhat\u00f3 vape-okhoz. T\u00f6bb mint 5 \u00e9ves szak\u00e9rtelemmel hozunk el \u00d6nnek n\u00e9pszer\u0171 eldobhat\u00f3 vape m\u00e1rk\u00e1kat, mint p\u00e9ld\u00e1ul a Fumot RandM Vape, <a href=\"https:\/\/vapestornado.com\/hu\/product\/vapme-crystal-7000-puffs-rechargeable-disposable-vape-wholesale-cheap-price\/\">Vapme<\/a>, Bang Vape, Waspe Vape \u00e9s WGA Vape, stb.<\/p>\n<p>K\u00edn\u00e1latunkban szerepelnek n\u00e9pszer\u0171 vape-ok, mint a <a href=\"https:\/\/vapestornado.com\/hu\/product\/fumot-randm-tornado-15000-puffs-rechargeable-disposable-vape-wholesale\/\">RandM Torn\u00e1d\u00f3 15000<\/a>, \u00e9s \u00edzgazdag v\u00e1laszt\u00e1sok, mint a <a href=\"https:\/\/vapestornado.com\/hu\/product\/vapsolo-dg-18000-puffs-smart-screen-wholesale-disposable-cheap-vapes\/\">\u00a0Vapsolo DG18000 Puffs<\/a> . Minden term\u00e9k\u00fcnket a min\u0151s\u00e9g, \u00e9rt\u00e9k \u00e9s v\u00e1ltozatoss\u00e1g figyelembev\u00e9tel\u00e9vel v\u00e1lasztjuk ki, biztos\u00edtva, hogy megtal\u00e1lja az ig\u00e9nyeinek legmegfelel\u0151bbet. Fedezze fel a kiv\u00e9teles szolg\u00e1ltat\u00e1st \u00e9s a top term\u00e9kek sz\u00e9les v\u00e1laszt\u00e9k\u00e1t nagykereskedelmi \u00e1ron a vapestornado-n.<\/p>\n<\/div>\n<figure id=\"attachment_3305\" aria-describedby=\"caption-attachment-3305\" style=\"width: 1126px\" class=\"wp-caption alignnone\"><img decoding=\"async\" class=\"wp-image-3305 size-full\" src=\"https:\/\/vapestornado.com\/wp-content\/uploads\/2024\/12\/Best-Bood-Twins-46000-Puff-Disposable-Vape.jpg\" alt=\"A legjobb Bood Twins 46000 Puffs eldobhat\u00f3 vape\" width=\"1126\" height=\"1126\" srcset=\"https:\/\/vapestornado.com\/wp-content\/uploads\/2024\/12\/Best-Bood-Twins-46000-Puff-Disposable-Vape.jpg 1126w, https:\/\/vapestornado.com\/wp-content\/uploads\/2024\/12\/Best-Bood-Twins-46000-Puff-Disposable-Vape-300x300.jpg 300w, https:\/\/vapestornado.com\/wp-content\/uploads\/2024\/12\/Best-Bood-Twins-46000-Puff-Disposable-Vape-1024x1024.jpg 1024w, https:\/\/vapestornado.com\/wp-content\/uploads\/2024\/12\/Best-Bood-Twins-46000-Puff-Disposable-Vape-150x150.jpg 150w, https:\/\/vapestornado.com\/wp-content\/uploads\/2024\/12\/Best-Bood-Twins-46000-Puff-Disposable-Vape-768x768.jpg 768w, https:\/\/vapestornado.com\/wp-content\/uploads\/2024\/12\/Best-Bood-Twins-46000-Puff-Disposable-Vape-600x600.jpg 600w, https:\/\/vapestornado.com\/wp-content\/uploads\/2024\/12\/Best-Bood-Twins-46000-Puff-Disposable-Vape-100x100.jpg 100w\" sizes=\"(max-width: 1126px) 100vw, 1126px\" \/><figcaption id=\"caption-attachment-3305\" class=\"wp-caption-text\">A legjobb Bood Twins 46000 Puffs eldobhat\u00f3 vape<\/figcaption><\/figure>\n<div class=\"relative p-1 rounded-sm flex items-center justify-center bg-token-main-surface-primary text-token-text-primary h-8 w-8\">\n<h2>GYIK a Bood Twins 46k eldobhat\u00f3 vape-hez<\/h2>\n<\/div>\n<\/div>\n<\/div>\n<\/div>\n<div class=\"flex-shrink-0 flex flex-col relative items-end\">\n<div class=\"pt-0\">\n<div class=\"gizmo-bot-avatar flex h-8 w-8 items-center justify-center overflow-hidden rounded-full\">\n<div class=\"relative p-1 rounded-sm flex items-center justify-center bg-token-main-surface-primary text-token-text-primary h-8 w-8\">\n<div class=\"mb-2 flex gap-3 empty:hidden -ml-2\">\n<div role=\"article\" data-tabster=\"{&quot;groupper&quot;:{&quot;tabbability&quot;:2},&quot;focusable&quot;:{}}\" data-content=\"ai-message\" aria-labelledby=\"Vdt5ez4X7Tg813x6rFVha-author Vdt5ez4X7Tg813x6rFVha-content\">\n<div id=\"Vdt5ez4X7Tg813x6rFVha-content\">\n<div role=\"article\" data-tabster=\"{&quot;groupper&quot;:{&quot;tabbability&quot;:2},&quot;focusable&quot;:{}}\" data-content=\"ai-message\" aria-labelledby=\"o968oC7CEo2fGHsGdsRYC-author o968oC7CEo2fGHsGdsRYC-content\">\n<div id=\"o968oC7CEo2fGHsGdsRYC-content\">\n<div class=\"flex max-w-full flex-col flex-grow\">\n<div class=\"min-h-8 text-message flex w-full flex-col items-end gap-2 whitespace-normal break-words text-start [.text-message+&amp;]:mt-5\" dir=\"auto\" data-message-author-role=\"assistant\" data-message-id=\"b080906d-586a-45a5-bbed-ade28bd7e809\" data-message-model-slug=\"gpt-4o\">\n<div class=\"flex w-full flex-col gap-1 empty:hidden first:pt-[3px]\">\n<div class=\"markdown prose w-full break-words dark:prose-invert light\">\n<ol data-start=\"3606\" data-end=\"4787\">\n<li data-start=\"3606\" data-end=\"3867\">\n<p data-start=\"3609\" data-end=\"3867\"><strong data-start=\"3609\" data-end=\"3725\">Hogyan marad a Bood Twins 46000 Puff dupla \u00edz\u0171 eldobhat\u00f3 vape k\u00f6vetkezetes ilyen magas puffsz\u00e1m mellett?<\/strong><br data-start=\"3725\" data-end=\"3728\" \/>A kombin\u00e1ci\u00f3ja egy <strong data-start=\"3749\" data-end=\"3762\">30 ml-es tart\u00e1ly<\/strong> \u00e9s \u00fajrat\u00f6lthet\u0151 akkumul\u00e1tor t\u00e1mogatja a hossz\u00fa haszn\u00e1latot an\u00e9lk\u00fcl, hogy a kisebb eldobhat\u00f3 term\u00e9kekn\u00e9l gyakran tapasztalhat\u00f3 \u00e9les cs\u00f6kken\u00e9s jelentkezne.<\/p>\n<\/li>\n<li data-start=\"3869\" data-end=\"4092\">\n<p data-start=\"3872\" data-end=\"4092\"><strong data-start=\"3872\" data-end=\"3970\">Mi a gyakorlati el\u0151nye a Bood Twins 46K dupla \u00edzv\u00e1lt\u00f3 kapcsol\u00f3j\u00e1nak a napi vaping sor\u00e1n?<\/strong><br data-start=\"3970\" data-end=\"3973\" \/>Lehet\u0151v\u00e9 teszi az \u00edz v\u00e1ltoztat\u00e1s\u00e1t ig\u00e9ny szerint, \u00edgy friss \u00e9lm\u00e9nyt ny\u00fajt hetekig tart\u00f3 haszn\u00e1lat sor\u00e1n an\u00e9lk\u00fcl, hogy m\u00e1sodik k\u00e9sz\u00fcl\u00e9kre lenne sz\u00fcks\u00e9g.<\/p>\n<\/li>\n<li data-start=\"4094\" data-end=\"4311\">\n<p data-start=\"4097\" data-end=\"4311\"><strong data-start=\"4097\" data-end=\"4193\">A Bood Twins 46000 Puff Type-C \u00fajrat\u00f6lthet\u0151 eldobhat\u00f3 teljes\u00edti a teljes 30 ml-es e-folyad\u00e9kot?<\/strong><br data-start=\"4193\" data-end=\"4196\" \/>Az \u00fajrat\u00f6lthet\u0151s\u00e9g erre lett tervezve \u2014 ha az akkumul\u00e1tor lemer\u00fcl, miel\u0151tt a folyad\u00e9k elfogyna, egy Type-C t\u00f6lt\u00e9s folytatja a haszn\u00e1latot.<\/p>\n<\/li>\n<li data-start=\"4313\" data-end=\"4542\">\n<p data-start=\"4316\" data-end=\"4542\"><strong data-start=\"4316\" data-end=\"4405\">Mennyire megb\u00edzhat\u00f3 a LED okost\u00e9v\u00e9 a Bood Twins 46000 Puff nagy kapacit\u00e1s\u00fa vapej\u00e9n?<\/strong><br data-start=\"4405\" data-end=\"4408\" \/>A k\u00e9perny\u0151 mutat <strong data-start=\"4425\" data-end=\"4466\">puff sz\u00e1ma, akkumul\u00e1tor \u00e9s folyad\u00e9k \u00e1llapota<\/strong>, ami vil\u00e1gos, val\u00f3s idej\u0171 nyomon k\u00f6vet\u00e9st biztos\u00edt, \u00edgy tervezheted a t\u00f6lt\u00e9st \u00e9s a csere id\u0151pontj\u00e1t.<\/p>\n<\/li>\n<li data-start=\"4544\" data-end=\"4787\">\n<p data-start=\"4547\" data-end=\"4787\"><strong data-start=\"4547\" data-end=\"4650\">Mely nikotinszint felel meg k\u00fcl\u00f6nb\u00f6z\u0151 felhaszn\u00e1l\u00f3knak a Bood Twins 46000 Puff alacsony nikotintartalm\u00fa eldobhat\u00f3 eset\u00e9ben?<\/strong><br data-start=\"4650\" data-end=\"4653\" \/><strong data-start=\"4653\" data-end=\"4659\">0%<\/strong> csak \u00edzhez val\u00f3 haszn\u00e1latra m\u0171k\u00f6dik, <strong data-start=\"4688\" data-end=\"4694\">2%<\/strong> k\u00f6nny\u0171t\u0151l m\u00e9rs\u00e9kelt napi szok\u00e1sokhoz illik, \u00e9s <strong data-start=\"4736\" data-end=\"4742\">5%<\/strong> azoknak sz\u00f3l, akik er\u0151sebb el\u00e9gedetts\u00e9get keresnek.<\/p>\n<\/li>\n<\/ol>\n<\/div>\n<\/div>\n<\/div>\n<\/div>\n<\/div>\n<\/div>\n<\/div>\n<\/div>\n<\/div>\n<\/div>\n<\/div>\n<\/div>\n<\/div>","protected":false},"excerpt":{"rendered":"<p data-start=\"1329\" data-end=\"1500\">Bood Twins 46000 Puffs dupla \u00edz\u0171 eldobhat\u00f3 vape, 30ml el\u0151re t\u00f6lt\u00f6tt e-liquid, dupla \u00edzv\u00e1lt\u00e1s, okos LED-k\u00e9perny\u0151 \u00e9s 650mAh t\u00edpus-C \u00fajrat\u00f6lthet\u0151 akkumul\u00e1torral. Ak\u00e1r 46 000 sz\u00edv\u00e1s hossz\u00fa, kontroll\u00e1lt, \u00edzv\u00e1ltozatos haszn\u00e1lathoz az 0%, 2% vagy 5% nikotinnal. <strong data-start=\"1456\" data-end=\"1497\">nagykereskedelmi t\u00f6meges rendel\u00e9sekhez terveztek olcs\u00f3 \u00e1ron<\/strong>.<\/p>\n<p><strong>Adja hozz\u00e1 Amy-t WhatsApp-on, hogy azonnali v\u00e1laszt \u00e9s vape kupont kapjon!<\/strong><\/p>\n<p><img fetchpriority=\"high\" decoding=\"async\" class=\"size-full wp-image-2932\" src=\"https:\/\/vapestornado.com\/wp-content\/uploads\/2024\/12\/Vape-Wholesale.jpg\" alt=\"Vape nagykereskedelem\" width=\"229\" height=\"300\" \/><\/p>\n<h3><a href=\"https:\/\/wa.me\/8617776015835\"><span style=\"color: #ff0000;\"><strong>WhatsApp: +86 17776015835<\/strong><\/span><\/a><\/h3>\n<p>&nbsp;<\/p>","protected":false},"featured_media":3307,"comment_status":"open","ping_status":"closed","template":"","meta":{"_acf_changed":false,"_uag_custom_page_level_css":"","_lmt_disableupdate":"no","_lmt_disable":"","_monsterinsights_skip_tracking":false,"_monsterinsights_sitenote_active":false,"_monsterinsights_sitenote_note":"","_monsterinsights_sitenote_category":0,"site-sidebar-layout":"default","site-content-layout":"","ast-site-content-layout":"default","site-content-style":"default","site-sidebar-style":"default","ast-global-header-display":"","ast-banner-title-visibility":"","ast-main-header-display":"","ast-hfb-above-header-display":"","ast-hfb-below-header-display":"","ast-hfb-mobile-header-display":"","site-post-title":"","ast-breadcrumbs-content":"","ast-featured-img":"","footer-sml-layout":"","ast-disable-related-posts":"","theme-transparent-header-meta":"default","adv-header-id-meta":"","stick-header-meta":"","header-above-stick-meta":"","header-main-stick-meta":"","header-below-stick-meta":"","astra-migrate-meta-layouts":"set","ast-page-background-enabled":"default","ast-page-background-meta":{"desktop":{"background-color":"","background-image":"","background-repeat":"repeat","background-position":"center center","background-size":"auto","background-attachment":"scroll","background-type":"","background-media":"","overlay-type":"","overlay-color":"","overlay-opacity":"","overlay-gradient":""},"tablet":{"background-color":"","background-image":"","background-repeat":"repeat","background-position":"center center","background-size":"auto","background-attachment":"scroll","background-type":"","background-media":"","overlay-type":"","overlay-color":"","overlay-opacity":"","overlay-gradient":""},"mobile":{"background-color":"","background-image":"","background-repeat":"repeat","background-position":"center center","background-size":"auto","background-attachment":"scroll","background-type":"","background-media":"","overlay-type":"","overlay-color":"","overlay-opacity":"","overlay-gradient":""}},"ast-content-background-meta":{"desktop":{"background-color":"var(--ast-global-color-5)","background-image":"","background-repeat":"repeat","background-position":"center center","background-size":"auto","background-attachment":"scroll","background-type":"","background-media":"","overlay-type":"","overlay-color":"","overlay-opacity":"","overlay-gradient":""},"tablet":{"background-color":"var(--ast-global-color-5)","background-image":"","background-repeat":"repeat","background-position":"center center","background-size":"auto","background-attachment":"scroll","background-type":"","background-media":"","overlay-type":"","overlay-color":"","overlay-opacity":"","overlay-gradient":""},"mobile":{"background-color":"var(--ast-global-color-5)","background-image":"","background-repeat":"repeat","background-position":"center center","background-size":"auto","background-attachment":"scroll","background-type":"","background-media":"","overlay-type":"","overlay-color":"","overlay-opacity":"","overlay-gradient":""}},"_joinchat":{"telephone":"+8617776015835"}},"product_brand":[],"product_cat":[140,230,193,149,158,144,146],"product_tag":[194,165,91,195,97,166,189,191,94],"class_list":{"0":"post-3338","1":"product","2":"type-product","3":"status-publish","4":"has-post-thumbnail","6":"product_cat-big-puffs-disposable-vapes","7":"product_cat-46000-puff","8":"product_cat-bood-disposable-vapes","9":"product_cat-buy-disposable-vapes-in-austria","10":"product_cat-buy-disposable-vapes-in-spain","11":"product_cat-low-nicotine-disposable-vapes","12":"product_cat-rechargeable-disposable-vapes","13":"product_tag-bood-twins-46000","14":"product_tag-cheap-vapes","15":"product_tag-double-flavour","16":"product_tag-dual-flavor-disposable-vape","17":"product_tag-hot-sale-disposable-vape","18":"product_tag-low-nicotine-vape","19":"product_tag-puff-50k","20":"product_tag-pulse-disposable-vape","21":"product_tag-rechargeable-disposable-vape","22":"desktop-align-left","23":"tablet-align-left","24":"mobile-align-left","26":"first","27":"instock","28":"sale","29":"shipping-taxable","30":"purchasable","31":"product-type-simple"},"acf":[],"uagb_featured_image_src":{"full":["https:\/\/vapestornado.com\/wp-content\/uploads\/2024\/12\/Bood-Twins-46000-Disposable-Vape-Wholesale.jpg",1126,1126,false],"thumbnail":["https:\/\/vapestornado.com\/wp-content\/uploads\/2024\/12\/Bood-Twins-46000-Disposable-Vape-Wholesale-150x150.jpg",150,150,true],"medium":["https:\/\/vapestornado.com\/wp-content\/uploads\/2024\/12\/Bood-Twins-46000-Disposable-Vape-Wholesale-300x300.jpg",300,300,true],"medium_large":["https:\/\/vapestornado.com\/wp-content\/uploads\/2024\/12\/Bood-Twins-46000-Disposable-Vape-Wholesale-768x768.jpg",768,768,true],"large":["https:\/\/vapestornado.com\/wp-content\/uploads\/2024\/12\/Bood-Twins-46000-Disposable-Vape-Wholesale-1024x1024.jpg",1024,1024,true],"1536x1536":["https:\/\/vapestornado.com\/wp-content\/uploads\/2024\/12\/Bood-Twins-46000-Disposable-Vape-Wholesale.jpg",1126,1126,false],"2048x2048":["https:\/\/vapestornado.com\/wp-content\/uploads\/2024\/12\/Bood-Twins-46000-Disposable-Vape-Wholesale.jpg",1126,1126,false],"trp-custom-language-flag":["https:\/\/vapestornado.com\/wp-content\/uploads\/2024\/12\/Bood-Twins-46000-Disposable-Vape-Wholesale.jpg",12,12,false],"woocommerce_thumbnail":["https:\/\/vapestornado.com\/wp-content\/uploads\/2024\/12\/Bood-Twins-46000-Disposable-Vape-Wholesale-300x300.jpg",300,300,true],"woocommerce_single":["https:\/\/vapestornado.com\/wp-content\/uploads\/2024\/12\/Bood-Twins-46000-Disposable-Vape-Wholesale-600x600.jpg",600,600,true],"woocommerce_gallery_thumbnail":["https:\/\/vapestornado.com\/wp-content\/uploads\/2024\/12\/Bood-Twins-46000-Disposable-Vape-Wholesale-100x100.jpg",100,100,true]},"uagb_author_info":{"display_name":"ESAMY","author_link":"https:\/\/vapestornado.com\/hu\/author\/"},"uagb_comment_info":0,"uagb_excerpt":"Bood Twins 46000 Puff double-flavour disposable vape with 30ml pre-filled e-liquid, dual-flavour switching, smart LED screen, and 650mAh Type-C rechargeable battery. Up to 46,000 puffs with 0%, 2%, or 5% nicotine for long, controlled, flavour-varied use. wholesale bulk orders at cheap prices. Add Amy's whatsapp get right reply and vape coupon! WhatsApp: +86 17776015835 &nbsp;","_links":{"self":[{"href":"https:\/\/vapestornado.com\/hu\/wp-json\/wp\/v2\/product\/3338","targetHints":{"allow":["GET"]}}],"collection":[{"href":"https:\/\/vapestornado.com\/hu\/wp-json\/wp\/v2\/product"}],"about":[{"href":"https:\/\/vapestornado.com\/hu\/wp-json\/wp\/v2\/types\/product"}],"replies":[{"embeddable":true,"href":"https:\/\/vapestornado.com\/hu\/wp-json\/wp\/v2\/comments?post=3338"}],"wp:featuredmedia":[{"embeddable":true,"href":"https:\/\/vapestornado.com\/hu\/wp-json\/wp\/v2\/media\/3307"}],"wp:attachment":[{"href":"https:\/\/vapestornado.com\/hu\/wp-json\/wp\/v2\/media?parent=3338"}],"wp:term":[{"taxonomy":"product_brand","embeddable":true,"href":"https:\/\/vapestornado.com\/hu\/wp-json\/wp\/v2\/product_brand?post=3338"},{"taxonomy":"product_cat","embeddable":true,"href":"https:\/\/vapestornado.com\/hu\/wp-json\/wp\/v2\/product_cat?post=3338"},{"taxonomy":"product_tag","embeddable":true,"href":"https:\/\/vapestornado.com\/hu\/wp-json\/wp\/v2\/product_tag?post=3338"}],"curies":[{"name":"wp","href":"https:\/\/api.w.org\/{rel}","templated":true}]}}