{"id":3320,"date":"2024-12-23T09:06:12","date_gmt":"2024-12-23T09:06:12","guid":{"rendered":"https:\/\/vapestornado.com\/?post_type=product&#038;p=3320"},"modified":"2025-08-23T12:20:34","modified_gmt":"2025-08-23T12:20:34","slug":"bang-box-35k-puffs-high-capacity-long-lasting-disposable-vape","status":"publish","type":"product","link":"https:\/\/vapestornado.com\/hu\/product\/bang-box-35k-puffs-high-capacity-long-lasting-disposable-vape\/","title":{"rendered":"Bang Box 35k Puffs Nagy Kapacit\u00e1s\u00fa, Hossz\u00fa \u00c9lettartam\u00fa Eldobhat\u00f3 Vape"},"content":{"rendered":"<h1>Bang Box 35k Puffs Nagy Kapacit\u00e1s\u00fa, Hossz\u00fa \u00c9lettartam\u00fa Eldobhat\u00f3 Vape<\/h1>\n<p>&nbsp;<\/p>\n<div role=\"article\" data-tabster=\"{&quot;groupper&quot;:{&quot;tabbability&quot;:2},&quot;focusable&quot;:{}}\" data-content=\"ai-message\" aria-labelledby=\"64JRvXrTnY7mRmPkEQLLT-author 64JRvXrTnY7mRmPkEQLLT-content\">\n<div id=\"64JRvXrTnY7mRmPkEQLLT-content\">\n<p>A Bang Box 35k Puffs \u00fajradefini\u00e1lja a k\u00e9nyelmet \u00e9s a teljes\u00edtm\u00e9nyt az eldobhat\u00f3 vape-ok vil\u00e1g\u00e1ban. A hosszan tart\u00f3 er\u0151t \u00e9s gazdag \u00edzt keres\u0151 felhaszn\u00e1l\u00f3k sz\u00e1m\u00e1ra tervezett eszk\u00f6z a k\u00f6vetkez\u0151ket ny\u00fajtja: <strong>35 000+ slukk<\/strong> fejlett be\u00e1ll\u00edt\u00e1s\u00e1nak k\u00f6sz\u00f6nhet\u0151en. A <strong>23 ml-es, el\u0151ret\u00f6lt\u00f6tt e-liquid patronnal<\/strong> \u00e9s a <strong>szab\u00e1lyozhat\u00f3 l\u00e9g\u00e1raml\u00e1ssal<\/strong>az eszk\u00f6z mind az MTL, mind a DTL vaping st\u00edlusokhoz igazodik, szem\u00e9lyre szabott \u00e9lm\u00e9nyt ny\u00fajtva minden felhaszn\u00e1l\u00f3 sz\u00e1m\u00e1ra. A <strong>kett\u0151s f\u0171t\u0151sz\u00e1las h\u00e1l\u00f3s mag (0,8\u03a9)<\/strong> kimeneti tartom\u00e1nya <strong>15W-25W<\/strong>, amely egyenletes g\u0151zkibocs\u00e1t\u00e1st \u00e9s sima \u00edzt biztos\u00edt minden slukk eset\u00e9n. Az <strong>112040-950mAh-s tiszta kobalt akkumul\u00e1tor<\/strong> egy <strong>5A kis\u00fcl\u00e9si sebess\u00e9ggel<\/strong>m\u0171k\u00f6dik, megb\u00edzhat\u00f3, hosszan tart\u00f3 teljes\u00edtm\u00e9nyt biztos\u00edtva. A robusztus akkumul\u00e1tor meghosszabb\u00edtott haszn\u00e1latot \u00e9s gyors \u00fajrat\u00f6lt\u00e9st tesz lehet\u0151v\u00e9 a C t\u00edpus\u00fa porton kereszt\u00fcl.<\/p>\n<p>A Bang Box 35000 puffs vapes \u00f6tv\u00f6zi a cs\u00facstechnol\u00f3gi\u00e1t az eleg\u00e1ns diz\u00e1jnnal, t\u00f6k\u00e9letes az eg\u00e9sz napos haszn\u00e1latra, ak\u00e1r otthon pihen, ak\u00e1r \u00faton van. Kompakt, er\u0151teljes \u00e9s sokoldal\u00fa, a t\u00f6k\u00e9letes v\u00e1laszt\u00e1s a vaping rajong\u00f3k sz\u00e1m\u00e1ra.<\/p>\n<figure id=\"attachment_3482\" aria-describedby=\"caption-attachment-3482\" style=\"width: 742px\" class=\"wp-caption alignnone\"><img fetchpriority=\"high\" decoding=\"async\" class=\"wp-image-3482\" src=\"https:\/\/vapestornado.com\/wp-content\/uploads\/2024\/12\/Bang-Box-35000-puffs-Top-Sale-Vapes-1024x697.jpg\" alt=\"Bang Box 35000 puffs legkeresettebb vape-ek\" width=\"742\" height=\"505\" srcset=\"https:\/\/vapestornado.com\/wp-content\/uploads\/2024\/12\/Bang-Box-35000-puffs-Top-Sale-Vapes-1024x697.jpg 1024w, https:\/\/vapestornado.com\/wp-content\/uploads\/2024\/12\/Bang-Box-35000-puffs-Top-Sale-Vapes-300x204.jpg 300w, https:\/\/vapestornado.com\/wp-content\/uploads\/2024\/12\/Bang-Box-35000-puffs-Top-Sale-Vapes-768x523.jpg 768w, https:\/\/vapestornado.com\/wp-content\/uploads\/2024\/12\/Bang-Box-35000-puffs-Top-Sale-Vapes-600x408.jpg 600w, https:\/\/vapestornado.com\/wp-content\/uploads\/2024\/12\/Bang-Box-35000-puffs-Top-Sale-Vapes.jpg 1500w\" sizes=\"(max-width: 742px) 100vw, 742px\" \/><figcaption id=\"caption-attachment-3482\" class=\"wp-caption-text\">Bang Box 35000 puffs legkeresettebb vape-ek<\/figcaption><\/figure>\n<\/div>\n<\/div>\n<p><img decoding=\"async\" class=\"alignleft wp-image-2951 size-medium\" src=\"https:\/\/vapestornado.com\/wp-content\/uploads\/2024\/12\/Wholesale-Disposable-Vape-265x300.jpg\" alt=\"Nagykereskedelmi eldobhat\u00f3 Vape\" width=\"265\" height=\"300\" srcset=\"https:\/\/vapestornado.com\/wp-content\/uploads\/2024\/12\/Wholesale-Disposable-Vape-265x300.jpg 265w, https:\/\/vapestornado.com\/wp-content\/uploads\/2024\/12\/Wholesale-Disposable-Vape-768x871.jpg 768w, https:\/\/vapestornado.com\/wp-content\/uploads\/2024\/12\/Wholesale-Disposable-Vape-600x680.jpg 600w, https:\/\/vapestornado.com\/wp-content\/uploads\/2024\/12\/Wholesale-Disposable-Vape.jpg 823w\" sizes=\"(max-width: 265px) 100vw, 265px\" \/><\/p>\n<h6>K\u00e9rj\u00fck, vegye fel a kapcsolatot Mandy WhatsApp-j\u00e1val a kedvezm\u00e9nyes \u00e1r\u00e9rt<a href=\"https:\/\/wa.me\/8618077105796\" target=\"_blank\" rel=\"noopener\">+8618077105796<\/a><\/h6>\n<div class=\"flex max-w-full flex-col flex-grow\">\n<div class=\"min-h-8 text-message flex w-full flex-col items-end gap-2 whitespace-normal break-words text-start [.text-message+&amp;]:mt-5\" dir=\"auto\" data-message-author-role=\"assistant\" data-message-id=\"cdb991c0-f594-4bff-b2d5-fbbdd7ce9e54\" data-message-model-slug=\"gpt-4o-mini\">\n<div class=\"flex w-full flex-col gap-1 empty:hidden first:pt-[3px]\">\n<div class=\"markdown prose w-full break-words dark:prose-invert light\">\n<h2>bang vape 35k Puffs specifik\u00e1ci\u00f3k<\/h2>\n<ul>\n<li><strong>Puff<\/strong>: 35,000+<\/li>\n<li><strong>E-folyad\u00e9k<\/strong>: 23 ml-es el\u0151ret\u00f6lt\u00f6tt patron<\/li>\n<li><strong>Nikotin<\/strong>: 0%, 2%, 3%, 5% opci\u00f3k<\/li>\n<li><strong>Akkumul\u00e1tor<\/strong>: 950mAh, Type-C \u00fajrat\u00f6lthet\u0151<\/li>\n<li><strong>Tekercsek<\/strong>: <strong>kett\u0151s f\u0171t\u0151sz\u00e1las h\u00e1l\u00f3s mag (0,8\u03a9)<\/strong><\/li>\n<li><strong>K\u00e9perny\u0151k<\/strong>: Kett\u0151s \u00e9rint\u0151vez\u00e9rl\u00e9ssel<\/li>\n<li><strong>M\u00f3dok<\/strong>: 3-m\u00f3d\u00fa l\u00e9g\u00e1raml\u00e1s, 2-m\u00f3d\u00fa teljes\u00edtm\u00e9nykapcsol\u00e1s<\/li>\n<li><strong>Jellemz\u0151k<\/strong>: \u00c1ll\u00edthat\u00f3 l\u00e9g\u00e1raml\u00e1s, kompakt \u00e9s felhaszn\u00e1l\u00f3bar\u00e1t<\/li>\n<\/ul>\n<\/div>\n<\/div>\n<\/div>\n<\/div>\n<div class=\"mb-2 flex gap-3 empty:hidden -ml-2\">\n<h2 class=\"items-center justify-start rounded-xl p-1 flex\"><\/h2>\n<\/div>\n<h2>A legjobb nagy kapacit\u00e1s\u00fa eldobhat\u00f3 vape-ok Bang Box 35k Puffs \u00edzlista:<\/h2>\n<p>1.EPER KIVI<br \/>\n2.K\u00c9K M\u00c1LNA J\u00c9G<br \/>\n3.EPER DINNYE<br \/>\n4.MARACUJA<br \/>\n5.CITROMOS K\u00d3LA<br \/>\n6.G\u00d6R\u00d6GDINNYE J\u00c9G<br \/>\n7.G\u00d6R\u00d6GDINNYE R\u00c1G\u00d3GUMI<br \/>\n8.KIWI MARACUJA GUAJ\u00c1VA<br \/>\n9.\u00c1FONYA J\u00c9G<br \/>\n10.G\u00d6R\u00d6GDINNYE CSERESZNYE<br \/>\n11.V\u00d6R\u00d6S BIKA<br \/>\n12.MENTA GR\u00c9PFR\u00daT<\/p>\n<div role=\"article\" data-tabster=\"{&quot;groupper&quot;:{&quot;tabbability&quot;:2},&quot;focusable&quot;:{}}\" data-content=\"ai-message\" aria-labelledby=\"dARUyEWDoEYhnSPXFwx5A-author dARUyEWDoEYhnSPXFwx5A-content\">\n<div id=\"dARUyEWDoEYhnSPXFwx5A-content\">\n<h3>Mi\u00e9rt v\u00e1lassza a Bang Box 35000 Puffs vape podokat <a href=\"https:\/\/vapestornado.com\/hu\/store\/\">vapestornado.hu<\/a>?<\/h3>\n<ul>\n<li><strong>P\u00e1ratlan kapacit\u00e1s<\/strong>: \u00c9lvezze a <strong>35 000+ slukk<\/strong> nagylelk\u0171 <strong>23 ml e-liquid<\/strong> \u00e9s a <strong>szab\u00e1lyozhat\u00f3 l\u00e9g\u00e1raml\u00e1ssal<\/strong> a szem\u00e9lyre szabott g\u0151z\u00f6l\u00e9si \u00e9lm\u00e9ny\u00e9rt.<\/li>\n<li><strong>Fejlett technol\u00f3gia<\/strong>: Egy <strong>950 mAh tiszta kobalt akkumul\u00e1tor<\/strong> \u00e1ltal m\u0171k\u00f6dtetve <strong>5A kis\u00fct\u00e9s<\/strong> \u00e9s egy <strong>kett\u0151s h\u00e1l\u00f3s mag (0.8\u03a9)<\/strong> sz\u00e1ll\u00edt <strong>15W-25W<\/strong> kimenet.<\/li>\n<li><strong>Felhaszn\u00e1l\u00f3bar\u00e1t<\/strong>: Kompakt, letisztult diz\u00e1jn Type-C gyorst\u00f6lt\u00e9ssel a t\u00f6k\u00e9letes k\u00e9nyelem\u00e9rt.<\/li>\n<li><strong>vapestornado.com El\u0151nyei<\/strong>: Eredeti term\u00e9kek, versenyk\u00e9pes \u00e1rak \u00e9s gyors sz\u00e1ll\u00edt\u00e1s Magyarorsz\u00e1gon bel\u00fcl.<\/li>\n<\/ul>\n<\/div>\n<\/div>\n<h3>GYIK a Bang Box 35000 slukkot b\u00edr\u00f3, tart\u00f3s vap\u00e9r\u0151l<\/h3>\n<p><strong>K: Mennyi ideig b\u00edrja a Bang Box 35 000 slukkos vape?<\/strong><br \/>\nV: Ak\u00e1r <strong>35 000 slukk<\/strong>\u00a0a tart\u00f3s <strong>950 mAh tiszta kobalt akkumul\u00e1tor<\/strong>, biztos\u00edtva a hossz\u00fa \u00e9lettartamot.<\/p>\n<p><strong>K: \u00c1ll\u00edthat\u00f3 a l\u00e9g\u00e1raml\u00e1s?<\/strong><br \/>\nV: Igen, a k\u00e9sz\u00fcl\u00e9k rendelkezik <strong>szab\u00e1lyozhat\u00f3 l\u00e9g\u00e1raml\u00e1ssal<\/strong>, amely MTL \u00e9s DTL st\u00edlus\u00fa g\u0151z\u00f6l\u00e9shez egyar\u00e1nt alkalmas.<\/p>\n<p><strong>K: Mit\u0151l egyed\u00fcl\u00e1ll\u00f3 a Bang Box 35k puff nagykereskedelmi vape?<\/strong><br \/>\nV: Fel van szerelve <strong>kett\u0151s h\u00e1l\u00f3s f\u0171t\u0151vezet\u00e9kkel (0,8\u03a9)<\/strong>, a teljes\u00edtm\u00e9nye <strong>15W-25W<\/strong>, \u00e9s \u00f6tv\u00f6zi a letisztult formatervez\u00e9st az innovat\u00edv technol\u00f3gi\u00e1val a kiv\u00e1l\u00f3 teljes\u00edtm\u00e9ny \u00e9rdek\u00e9ben.<\/p>\n<p><strong>K: Hol v\u00e1s\u00e1rolhatom meg a Bang Box 35000 puff \u00fajrat\u00f6lthet\u0151 vape-t?<\/strong><br \/>\nV: El\u00e9rhet\u0151 a k\u00f6vetkez\u0151 c\u00edmen: <strong>vapestornado.hu<\/strong>, ahol eredeti term\u00e9keket, nagyszer\u0171 \u00e1rakat \u00e9s gyors eur\u00f3pai sz\u00e1ll\u00edt\u00e1st k\u00edn\u00e1lnak.<\/p>","protected":false},"excerpt":{"rendered":"<p>A Bang Box 35000 Puffs nagy kapacit\u00e1s\u00fa, hosszan tart\u00f3 g\u0151z\u00f6l\u00e9si \u00e9lm\u00e9nyt k\u00edn\u00e1l 35 000 slukkal, pr\u00e9mium \u00edzekkel \u00e9s eleg\u00e1ns, hordozhat\u00f3 kialak\u00edt\u00e1ssal a kiv\u00e9teles \u00e9lm\u00e9ny\u00e9rt.<\/p>\n<figure id=\"attachment_2951\" aria-describedby=\"caption-attachment-2951\" style=\"width: 265px\" class=\"wp-caption alignnone\"><img decoding=\"async\" class=\"size-medium wp-image-2951\" src=\"https:\/\/vapestornado.com\/wp-content\/uploads\/2024\/12\/Wholesale-Disposable-Vape-265x300.jpg\" alt=\"Nagykereskedelmi eldobhat\u00f3 Vape\" width=\"265\" height=\"300\" srcset=\"https:\/\/vapestornado.com\/wp-content\/uploads\/2024\/12\/Wholesale-Disposable-Vape-265x300.jpg 265w, https:\/\/vapestornado.com\/wp-content\/uploads\/2024\/12\/Wholesale-Disposable-Vape-768x871.jpg 768w, https:\/\/vapestornado.com\/wp-content\/uploads\/2024\/12\/Wholesale-Disposable-Vape-600x680.jpg 600w, https:\/\/vapestornado.com\/wp-content\/uploads\/2024\/12\/Wholesale-Disposable-Vape.jpg 823w\" sizes=\"(max-width: 265px) 100vw, 265px\" \/><figcaption id=\"caption-attachment-2951\" class=\"wp-caption-text\">K\u00e9rj\u00fck, vegye fel a kapcsolatot Mandy WhatsApp-j\u00e1val a kedvezm\u00e9nyes \u00e1r\u00e9rt\u00a0 <a href=\"https:\/\/wa.me\/8618077105796\">+8618077105796<\/a><\/figcaption><\/figure>\n<p>&nbsp;<\/p>","protected":false},"featured_media":3480,"comment_status":"open","ping_status":"closed","template":"","meta":{"_acf_changed":false,"_uag_custom_page_level_css":"","_lmt_disableupdate":"no","_lmt_disable":"","_monsterinsights_skip_tracking":false,"_monsterinsights_sitenote_active":false,"_monsterinsights_sitenote_note":"","_monsterinsights_sitenote_category":0,"site-sidebar-layout":"default","site-content-layout":"","ast-site-content-layout":"default","site-content-style":"default","site-sidebar-style":"default","ast-global-header-display":"","ast-banner-title-visibility":"","ast-main-header-display":"","ast-hfb-above-header-display":"","ast-hfb-below-header-display":"","ast-hfb-mobile-header-display":"","site-post-title":"","ast-breadcrumbs-content":"","ast-featured-img":"","footer-sml-layout":"","ast-disable-related-posts":"","theme-transparent-header-meta":"default","adv-header-id-meta":"","stick-header-meta":"","header-above-stick-meta":"","header-main-stick-meta":"","header-below-stick-meta":"","astra-migrate-meta-layouts":"set","ast-page-background-enabled":"default","ast-page-background-meta":{"desktop":{"background-color":"","background-image":"","background-repeat":"repeat","background-position":"center center","background-size":"auto","background-attachment":"scroll","background-type":"","background-media":"","overlay-type":"","overlay-color":"","overlay-opacity":"","overlay-gradient":""},"tablet":{"background-color":"","background-image":"","background-repeat":"repeat","background-position":"center center","background-size":"auto","background-attachment":"scroll","background-type":"","background-media":"","overlay-type":"","overlay-color":"","overlay-opacity":"","overlay-gradient":""},"mobile":{"background-color":"","background-image":"","background-repeat":"repeat","background-position":"center center","background-size":"auto","background-attachment":"scroll","background-type":"","background-media":"","overlay-type":"","overlay-color":"","overlay-opacity":"","overlay-gradient":""}},"ast-content-background-meta":{"desktop":{"background-color":"var(--ast-global-color-5)","background-image":"","background-repeat":"repeat","background-position":"center center","background-size":"auto","background-attachment":"scroll","background-type":"","background-media":"","overlay-type":"","overlay-color":"","overlay-opacity":"","overlay-gradient":""},"tablet":{"background-color":"var(--ast-global-color-5)","background-image":"","background-repeat":"repeat","background-position":"center center","background-size":"auto","background-attachment":"scroll","background-type":"","background-media":"","overlay-type":"","overlay-color":"","overlay-opacity":"","overlay-gradient":""},"mobile":{"background-color":"var(--ast-global-color-5)","background-image":"","background-repeat":"repeat","background-position":"center center","background-size":"auto","background-attachment":"scroll","background-type":"","background-media":"","overlay-type":"","overlay-color":"","overlay-opacity":"","overlay-gradient":""}},"_joinchat":{"telephone":"+8618077105796"}},"product_brand":[],"product_cat":[175,64,150,158],"product_tag":[179,97],"class_list":{"0":"post-3320","1":"product","2":"type-product","3":"status-publish","4":"has-post-thumbnail","6":"product_cat-35000-puff","7":"product_cat-bangbox-vape","8":"product_cat-buy-disposable-vapes-in-belgium","9":"product_cat-buy-disposable-vapes-in-spain","10":"product_tag-bang-box-35000","11":"product_tag-hot-sale-disposable-vape","12":"desktop-align-left","13":"tablet-align-left","14":"mobile-align-left","16":"first","17":"instock","18":"sale","19":"shipping-taxable","20":"purchasable","21":"product-type-simple"},"acf":[],"uagb_featured_image_src":{"full":["https:\/\/vapestornado.com\/wp-content\/uploads\/2024\/12\/Bang-Box-35k-puff-disposable-Vape-good-price.jpg",800,800,false],"thumbnail":["https:\/\/vapestornado.com\/wp-content\/uploads\/2024\/12\/Bang-Box-35k-puff-disposable-Vape-good-price-150x150.jpg",150,150,true],"medium":["https:\/\/vapestornado.com\/wp-content\/uploads\/2024\/12\/Bang-Box-35k-puff-disposable-Vape-good-price-300x300.jpg",300,300,true],"medium_large":["https:\/\/vapestornado.com\/wp-content\/uploads\/2024\/12\/Bang-Box-35k-puff-disposable-Vape-good-price-768x768.jpg",768,768,true],"large":["https:\/\/vapestornado.com\/wp-content\/uploads\/2024\/12\/Bang-Box-35k-puff-disposable-Vape-good-price.jpg",800,800,false],"1536x1536":["https:\/\/vapestornado.com\/wp-content\/uploads\/2024\/12\/Bang-Box-35k-puff-disposable-Vape-good-price.jpg",800,800,false],"2048x2048":["https:\/\/vapestornado.com\/wp-content\/uploads\/2024\/12\/Bang-Box-35k-puff-disposable-Vape-good-price.jpg",800,800,false],"trp-custom-language-flag":["https:\/\/vapestornado.com\/wp-content\/uploads\/2024\/12\/Bang-Box-35k-puff-disposable-Vape-good-price.jpg",12,12,false],"woocommerce_thumbnail":["https:\/\/vapestornado.com\/wp-content\/uploads\/2024\/12\/Bang-Box-35k-puff-disposable-Vape-good-price-300x300.jpg",300,300,true],"woocommerce_single":["https:\/\/vapestornado.com\/wp-content\/uploads\/2024\/12\/Bang-Box-35k-puff-disposable-Vape-good-price-600x600.jpg",600,600,true],"woocommerce_gallery_thumbnail":["https:\/\/vapestornado.com\/wp-content\/uploads\/2024\/12\/Bang-Box-35k-puff-disposable-Vape-good-price-100x100.jpg",100,100,true]},"uagb_author_info":{"display_name":"ESMANDY","author_link":"https:\/\/vapestornado.com\/hu\/author\/"},"uagb_comment_info":0,"uagb_excerpt":"Bang Box 35000 Puffs offers high-capacity, long-lasting vaping with 35,000 puffs, premium flavors, and a sleek, portable design for an exceptional vaping experience. [caption id=\"attachment_2951\" align=\"alignnone\" width=\"265\"] Pls Contact Mandy's WhatsApp For Discount Price\u00a0 +8618077105796[\/caption] &nbsp;","_links":{"self":[{"href":"https:\/\/vapestornado.com\/hu\/wp-json\/wp\/v2\/product\/3320","targetHints":{"allow":["GET"]}}],"collection":[{"href":"https:\/\/vapestornado.com\/hu\/wp-json\/wp\/v2\/product"}],"about":[{"href":"https:\/\/vapestornado.com\/hu\/wp-json\/wp\/v2\/types\/product"}],"replies":[{"embeddable":true,"href":"https:\/\/vapestornado.com\/hu\/wp-json\/wp\/v2\/comments?post=3320"}],"wp:featuredmedia":[{"embeddable":true,"href":"https:\/\/vapestornado.com\/hu\/wp-json\/wp\/v2\/media\/3480"}],"wp:attachment":[{"href":"https:\/\/vapestornado.com\/hu\/wp-json\/wp\/v2\/media?parent=3320"}],"wp:term":[{"taxonomy":"product_brand","embeddable":true,"href":"https:\/\/vapestornado.com\/hu\/wp-json\/wp\/v2\/product_brand?post=3320"},{"taxonomy":"product_cat","embeddable":true,"href":"https:\/\/vapestornado.com\/hu\/wp-json\/wp\/v2\/product_cat?post=3320"},{"taxonomy":"product_tag","embeddable":true,"href":"https:\/\/vapestornado.com\/hu\/wp-json\/wp\/v2\/product_tag?post=3320"}],"curies":[{"name":"wp","href":"https:\/\/api.w.org\/{rel}","templated":true}]}}