{"id":3302,"date":"2024-12-20T09:00:58","date_gmt":"2024-12-20T09:00:58","guid":{"rendered":"https:\/\/vapestornado.com\/?post_type=product&#038;p=3302"},"modified":"2025-08-23T10:40:53","modified_gmt":"2025-08-23T10:40:53","slug":"fumot-digital-box-12000-puffs-disposable-vape","status":"publish","type":"product","link":"https:\/\/vapestornado.com\/hu\/product\/fumot-digital-box-12000-puffs-disposable-vape\/","title":{"rendered":"Fumot Digit\u00e1lis Doboz 12000 Sz\u00edv\u00e1s Eldobhat\u00f3 Vape"},"content":{"rendered":"<h1>Fumot Digit\u00e1lis Doboz 12000 Sz\u00edv\u00e1s Eldobhat\u00f3 Vape<\/h1>\n<p data-start=\"283\" data-end=\"581\">A <strong data-start=\"287\" data-end=\"336\">Fumot Digit\u00e1lis Doboz 12000 Sz\u00edv\u00e1s Eldobhat\u00f3 Vape<\/strong> kiskeresked\u0151k \u00e9s forgalmaz\u00f3k sz\u00e1m\u00e1ra k\u00e9sz\u00fclt, akik egy megb\u00edzhat\u00f3, funkci\u00f3kkal teli eszk\u00f6zt keresnek. Ak\u00e1r <strong data-start=\"437\" data-end=\"453\">12 000 slukk<\/strong> egys\u00e9genk\u00e9nt \u00e9s egy <strong data-start=\"469\" data-end=\"502\">20 ml-es el\u0151ret\u00f6lt\u00f6tt e-liquid tart\u00e1llyal<\/strong>kiv\u00e1l\u00f3 \u00e9rt\u00e9ket \u00e9s hosszan tart\u00f3 haszn\u00e1latot k\u00edn\u00e1l az \u00fcgyfelek sz\u00e1m\u00e1ra Eur\u00f3pa-szerte.<\/p>\n<p data-start=\"583\" data-end=\"889\">Egy <strong data-start=\"596\" data-end=\"627\">550mAh-s \u00fajrat\u00f6lthet\u0151 akkumul\u00e1tor<\/strong> \u00e1ltal m\u0171k\u00f6dtetve <strong data-start=\"633\" data-end=\"652\">\u00e9s a Type-C t\u00f6lt\u00e9s<\/strong>a Fumot 12K egyenletes teljes\u00edtm\u00e9nyt \u00e9s minim\u00e1lis \u00e1ll\u00e1sid\u0151t biztos\u00edt. A <strong data-start=\"720\" data-end=\"744\">mesh coil technol\u00f3gi\u00e1val<\/strong> egyenletes g\u0151zt \u00e9s teljes \u00edzt biztos\u00edt, m\u00edg a <strong data-start=\"794\" data-end=\"823\">digit\u00e1lis k\u00e9perny\u0151 jelz\u0151k<\/strong> egy\u00e9rtelm\u0171en mutatj\u00e1k az e-liquid \u00e9s az akkumul\u00e1tor t\u00f6lt\u00f6tts\u00e9gi szintj\u00e9t a nagyobb k\u00e9nyelem \u00e9rdek\u00e9ben.<\/p>\n<p data-start=\"891\" data-end=\"1195\">Kompakt \u00e9s st\u00edlusos, ez az eszk\u00f6z kezd\u0151knek \u00e9s tapasztalt vapereknek egyar\u00e1nt k\u00e9sz\u00fclt, akik megb\u00edzhat\u00f3 teljes\u00edtm\u00e9nyt szeretn\u00e9nek hordozhat\u00f3 form\u00e1ban. A nagykeresked\u0151k sz\u00e1m\u00e1ra a <strong data-start=\"1049\" data-end=\"1074\">Fumot Digit\u00e1lis Doboz 12K<\/strong> kapacit\u00e1st, modern diz\u00e1jnt \u00e9s <strong data-start=\"1113\" data-end=\"1146\">versenyk\u00e9pes nagykereskedelmi \u00e1rakb\u00f3l<\/strong>kombin\u00e1l, \u00edgy nyeres\u00e9ges lehet\u0151s\u00e9g a t\u00f6meges \u00e9rt\u00e9kes\u00edt\u00e9shez.<\/p>\n<p><img fetchpriority=\"high\" decoding=\"async\" class=\"alignnone size-full wp-image-3415\" src=\"https:\/\/vapestornado.com\/wp-content\/uploads\/2024\/12\/RandM-Fumot-Vape-Distributor-Best-Price.jpg\" alt=\"RandM Fumot Vape Forgalmaz\u00f3 Legjobb \u00c1r\" width=\"1684\" height=\"1080\" srcset=\"https:\/\/vapestornado.com\/wp-content\/uploads\/2024\/12\/RandM-Fumot-Vape-Distributor-Best-Price.jpg 1684w, https:\/\/vapestornado.com\/wp-content\/uploads\/2024\/12\/RandM-Fumot-Vape-Distributor-Best-Price-300x192.jpg 300w, https:\/\/vapestornado.com\/wp-content\/uploads\/2024\/12\/RandM-Fumot-Vape-Distributor-Best-Price-1024x657.jpg 1024w, https:\/\/vapestornado.com\/wp-content\/uploads\/2024\/12\/RandM-Fumot-Vape-Distributor-Best-Price-768x493.jpg 768w, https:\/\/vapestornado.com\/wp-content\/uploads\/2024\/12\/RandM-Fumot-Vape-Distributor-Best-Price-1536x985.jpg 1536w, https:\/\/vapestornado.com\/wp-content\/uploads\/2024\/12\/RandM-Fumot-Vape-Distributor-Best-Price-600x385.jpg 600w\" sizes=\"(max-width: 1684px) 100vw, 1684px\" \/><\/p>\n<h3><strong>Term\u00e9kjellemz\u0151k:<\/strong><\/h3>\n<ul>\n<li><strong>12000 Puffs Kapacit\u00e1s<\/strong>: Hosszan tart\u00f3 teljes\u00edtm\u00e9ny a t\u00f6bb napos g\u0151z\u00f6l\u00e9shez ut\u00e1nt\u00f6lt\u00e9s n\u00e9lk\u00fcl.<\/li>\n<li><strong>20ml E-liquid<\/strong>: El\u0151re felt\u00f6ltve az \u00d6n k\u00e9nyelme \u00e9s a t\u00f6k\u00e9letes \u00edz \u00e9rdek\u00e9ben.<\/li>\n<li><strong>H\u00e1l\u00f3s tekercs technol\u00f3gia<\/strong>: Sima g\u0151ztermel\u00e9s \u00e9s intenz\u00edv \u00edz.<\/li>\n<li><strong>550mAh-s \u00fajrat\u00f6lthet\u0151 akkumul\u00e1tor<\/strong>: Megb\u00edzhat\u00f3 teljes\u00edtm\u00e9nnyel t\u00e1mogatja a hosszabb haszn\u00e1latot.<\/li>\n<li><strong>E-liquid<\/strong>: Maradjon t\u00e1j\u00e9kozott a vape \u00e1llapot\u00e1r\u00f3l k\u00f6nnyed\u00e9n.<\/li>\n<\/ul>\n<p><img decoding=\"async\" class=\"alignnone size-full wp-image-3413\" src=\"https:\/\/vapestornado.com\/wp-content\/uploads\/2024\/12\/Mesh-Coil-12000-Puffs-Disposable-Vape.png\" alt=\"Mesh Coil 12000 Puffs Eldobhat\u00f3 Vape\" width=\"1033\" height=\"592\" srcset=\"https:\/\/vapestornado.com\/wp-content\/uploads\/2024\/12\/Mesh-Coil-12000-Puffs-Disposable-Vape.png 1033w, https:\/\/vapestornado.com\/wp-content\/uploads\/2024\/12\/Mesh-Coil-12000-Puffs-Disposable-Vape-300x172.png 300w, https:\/\/vapestornado.com\/wp-content\/uploads\/2024\/12\/Mesh-Coil-12000-Puffs-Disposable-Vape-1024x587.png 1024w, https:\/\/vapestornado.com\/wp-content\/uploads\/2024\/12\/Mesh-Coil-12000-Puffs-Disposable-Vape-768x440.png 768w, https:\/\/vapestornado.com\/wp-content\/uploads\/2024\/12\/Mesh-Coil-12000-Puffs-Disposable-Vape-600x344.png 600w\" sizes=\"(max-width: 1033px) 100vw, 1033px\" \/> <img decoding=\"async\" class=\"alignnone size-full wp-image-3414\" src=\"https:\/\/vapestornado.com\/wp-content\/uploads\/2024\/12\/RandM-Fumot-12000-Puffs-Vape-Hot-Sale.png\" alt=\"RandM Fumot 12000 Puffs Vape Akci\u00f3\" width=\"1067\" height=\"609\" srcset=\"https:\/\/vapestornado.com\/wp-content\/uploads\/2024\/12\/RandM-Fumot-12000-Puffs-Vape-Hot-Sale.png 1067w, https:\/\/vapestornado.com\/wp-content\/uploads\/2024\/12\/RandM-Fumot-12000-Puffs-Vape-Hot-Sale-300x171.png 300w, https:\/\/vapestornado.com\/wp-content\/uploads\/2024\/12\/RandM-Fumot-12000-Puffs-Vape-Hot-Sale-1024x584.png 1024w, https:\/\/vapestornado.com\/wp-content\/uploads\/2024\/12\/RandM-Fumot-12000-Puffs-Vape-Hot-Sale-768x438.png 768w, https:\/\/vapestornado.com\/wp-content\/uploads\/2024\/12\/RandM-Fumot-12000-Puffs-Vape-Hot-Sale-600x342.png 600w\" sizes=\"(max-width: 1067px) 100vw, 1067px\" \/> <img loading=\"lazy\" decoding=\"async\" class=\"alignnone size-full wp-image-3410\" src=\"https:\/\/vapestornado.com\/wp-content\/uploads\/2024\/12\/Fumot-Digital-box-12000-Puffs-Disposable-Vape-Wholesale.png\" alt=\"Fumot Digital box 12000 Puffs Eldobhat\u00f3 Vape Nagykereskedelem\" width=\"1010\" height=\"659\" srcset=\"https:\/\/vapestornado.com\/wp-content\/uploads\/2024\/12\/Fumot-Digital-box-12000-Puffs-Disposable-Vape-Wholesale.png 1010w, https:\/\/vapestornado.com\/wp-content\/uploads\/2024\/12\/Fumot-Digital-box-12000-Puffs-Disposable-Vape-Wholesale-300x196.png 300w, https:\/\/vapestornado.com\/wp-content\/uploads\/2024\/12\/Fumot-Digital-box-12000-Puffs-Disposable-Vape-Wholesale-768x501.png 768w, https:\/\/vapestornado.com\/wp-content\/uploads\/2024\/12\/Fumot-Digital-box-12000-Puffs-Disposable-Vape-Wholesale-600x391.png 600w\" sizes=\"(max-width: 1010px) 100vw, 1010px\" \/> <img loading=\"lazy\" decoding=\"async\" class=\"alignnone size-full wp-image-3406\" src=\"https:\/\/vapestornado.com\/wp-content\/uploads\/2024\/12\/550mAh-Fumot-Digital-Box-Vape-Trader.png\" alt=\"550mAh Fumot Digital Box Vape Keresked\u0151\" width=\"1050\" height=\"659\" srcset=\"https:\/\/vapestornado.com\/wp-content\/uploads\/2024\/12\/550mAh-Fumot-Digital-Box-Vape-Trader.png 1050w, https:\/\/vapestornado.com\/wp-content\/uploads\/2024\/12\/550mAh-Fumot-Digital-Box-Vape-Trader-300x188.png 300w, https:\/\/vapestornado.com\/wp-content\/uploads\/2024\/12\/550mAh-Fumot-Digital-Box-Vape-Trader-1024x643.png 1024w, https:\/\/vapestornado.com\/wp-content\/uploads\/2024\/12\/550mAh-Fumot-Digital-Box-Vape-Trader-768x482.png 768w, https:\/\/vapestornado.com\/wp-content\/uploads\/2024\/12\/550mAh-Fumot-Digital-Box-Vape-Trader-600x377.png 600w\" sizes=\"(max-width: 1050px) 100vw, 1050px\" \/><\/p>\n<h2>RandM Digit\u00e1lis Doboz 12k Puffs<strong> \u00cdzlista:<\/strong><\/h2>\n<ul>\n<li>Ban\u00e1n j\u00e9g<\/li>\n<li>Fekete j\u00e9g<\/li>\n<li>K\u00e9k Razz Ice<\/li>\n<li>\u00c1fonya j\u00e9gen<\/li>\n<li>\u00c1fonya M\u00e1lna<\/li>\n<li>\u00c1fonya savany\u00fa m\u00e1lna<\/li>\n<li>Cseresznye j\u00e9g<\/li>\n<li>Cseresznye k\u00f3la<\/li>\n<li>K\u00f3la J\u00e9g<\/li>\n<li>H\u0171v\u00f6s Mentol<\/li>\n<li>Dupla Alma<\/li>\n<li>Dr. Blue<\/li>\n<li>Sz\u0151l\u0151 J\u00e9g<\/li>\n<li>J\u00e9gkr\u00e9m<\/li>\n<li>Kivi Maracuja Guava<\/li>\n<li>Szeretet 66<\/li>\n<li>Luxus J\u00e9g<\/li>\n<li>Vegyes Bogy\u00f3k<\/li>\n<li>\u0150szibarack Bogy\u00f3<\/li>\n<li>\u0150szibarack j\u00e9g<\/li>\n<li>\u0150szibarack Mang\u00f3 Anan\u00e1sz<\/li>\n<li>Anan\u00e1sz J\u00e9g<\/li>\n<li>R\u00f3zsasz\u00edn Limon\u00e1d\u00e9<\/li>\n<li>Skittles<\/li>\n<li>Eper Ban\u00e1n<\/li>\n<li>Eper Sz\u0151l\u0151<\/li>\n<li>Eper j\u00e9g<\/li>\n<li>Eperdinnye<\/li>\n<li>Tripla Mang\u00f3<\/li>\n<li>Vimto<\/li>\n<\/ul>\n<h3>RandM 12000 Top 5 \u00cdz<\/h3>\n<ol>\n<li><strong>Ban\u00e1n j\u00e9g<\/strong>: \u00c9des ban\u00e1n h\u0171s\u00edt\u0151 mentolos befejez\u00e9ssel.<\/li>\n<li><strong>\u00c1fonya savany\u00fa m\u00e1lna<\/strong>: Cs\u00edp\u0151s \u00e1fonya savany\u00fa m\u00e1lna csavarral.<\/li>\n<li><strong>Kivi Maracuja Guava<\/strong>: Egzotikus gy\u00fcm\u00f6lcs\u00f6k tr\u00f3pusi egyvelege.<\/li>\n<li><strong>\u0150szibarack Mang\u00f3 Anan\u00e1sz<\/strong>: L\u00e9d\u00fas \u0151szibarack, mang\u00f3 \u00e9s anan\u00e1sz f\u00fazi\u00f3.<\/li>\n<li><strong>K\u00f3la J\u00e9g<\/strong>: Klasszikus k\u00f3la \u00edz friss\u00edt\u0151 jeges \u00e9rint\u00e9ssel.<\/li>\n<\/ol>\n<h2>Mi\u00e9rt v\u00e1lassza a Fumot digital box 12000 Puff Vape-et?<\/h2>\n<p><strong>Fumot 12000 digital box vape-ek<\/strong> verhetetlen \u00e9rt\u00e9ket k\u00edn\u00e1lnak hatalmas kapacit\u00e1sukkal, kiv\u00e1l\u00f3 min\u0151s\u00e9g\u0171 anyagaikkal \u00e9s innovat\u00edv funkci\u00f3ikkal. T\u00f6k\u00e9letes azok sz\u00e1m\u00e1ra, akik a k\u00e9nyelmet r\u00e9szes\u00edtik el\u0151nyben, el\u0151re felt\u00f6lt\u00f6tt, \u00fajrat\u00f6lthet\u0151, \u00e9s kiv\u00e1l\u00f3 g\u0151z\u00f6l\u00e9si \u00e9lm\u00e9nyt biztos\u00edt. A sz\u00e9les \u00edzv\u00e1laszt\u00e9k minden \u00edzl\u00e9snek megfelel, a st\u00edlusos kialak\u00edt\u00e1s pedig megk\u00fcl\u00f6nb\u00f6zteti a versenyt\u00e1rsakt\u00f3l.<\/p>\n<h4>Fumot Vape 7k nagykeresked\u00e9s L\u00e9pjen kapcsolatba \u00e9s szerezzen be kedvezm\u00e9nyt most!<\/h4>\n<figure id=\"attachment_2921\" aria-describedby=\"caption-attachment-2921\" style=\"width: 887px\" class=\"wp-caption alignnone\"><img loading=\"lazy\" decoding=\"async\" class=\"size-large wp-image-2921\" src=\"https:\/\/vapestornado.com\/wp-content\/uploads\/2024\/11\/20062b3a285f900e79520aad496b94d-887x1024.jpg\" alt=\"vapestornado Vicky\" width=\"887\" height=\"1024\" srcset=\"https:\/\/vapestornado.com\/wp-content\/uploads\/2024\/11\/20062b3a285f900e79520aad496b94d-887x1024.jpg 887w, https:\/\/vapestornado.com\/wp-content\/uploads\/2024\/11\/20062b3a285f900e79520aad496b94d-260x300.jpg 260w, https:\/\/vapestornado.com\/wp-content\/uploads\/2024\/11\/20062b3a285f900e79520aad496b94d-768x887.jpg 768w, https:\/\/vapestornado.com\/wp-content\/uploads\/2024\/11\/20062b3a285f900e79520aad496b94d-600x693.jpg 600w, https:\/\/vapestornado.com\/wp-content\/uploads\/2024\/11\/20062b3a285f900e79520aad496b94d.jpg 1080w\" sizes=\"(max-width: 887px) 100vw, 887px\" \/><figcaption id=\"caption-attachment-2921\" class=\"wp-caption-text\">vapestornado Vicky<\/figcaption><\/figure>","protected":false},"excerpt":{"rendered":"<p><strong><span style=\"color: #ff0000;\"><span style=\"color: #000000;\">A Fumot Digital Box 12000 Puffs 20 ml e-liquidet, mesh coil \u00edzt \u00e9s digit\u00e1lis k\u00e9perny\u0151t k\u00edn\u00e1l. Kompakt, \u00fajrat\u00f6lthet\u0151 vape, amely t\u00f6k\u00e9letes a nagykereskedelmi v\u00e1s\u00e1rl\u00f3k sz\u00e1m\u00e1ra Eur\u00f3p\u00e1ban.<\/span>(a weboldalunkon felt\u00fcntetett \u00e1r nem tartalmazza a sz\u00e1ll\u00edt\u00e1si k\u00f6lts\u00e9get, k\u00e9rj\u00fck, vegye fel velem a kapcsolatot a teljes \u00e1r \u00e9s a kedvezm\u00e9nye miatt!)<\/span><\/strong><\/p>\n<p><img loading=\"lazy\" decoding=\"async\" class=\"size-medium wp-image-2921\" src=\"https:\/\/vapestornado.com\/wp-content\/uploads\/2024\/11\/20062b3a285f900e79520aad496b94d-260x300.jpg\" alt=\"vapestornado Vicky\" width=\"260\" height=\"300\" srcset=\"https:\/\/vapestornado.com\/wp-content\/uploads\/2024\/11\/20062b3a285f900e79520aad496b94d-260x300.jpg 260w, https:\/\/vapestornado.com\/wp-content\/uploads\/2024\/11\/20062b3a285f900e79520aad496b94d-887x1024.jpg 887w, https:\/\/vapestornado.com\/wp-content\/uploads\/2024\/11\/20062b3a285f900e79520aad496b94d-768x887.jpg 768w, https:\/\/vapestornado.com\/wp-content\/uploads\/2024\/11\/20062b3a285f900e79520aad496b94d-600x693.jpg 600w, https:\/\/vapestornado.com\/wp-content\/uploads\/2024\/11\/20062b3a285f900e79520aad496b94d.jpg 1080w\" sizes=\"(max-width: 260px) 100vw, 260px\" \/><\/p>","protected":false},"featured_media":3409,"comment_status":"open","ping_status":"closed","template":"","meta":{"_acf_changed":false,"_uag_custom_page_level_css":"","_lmt_disableupdate":"no","_lmt_disable":"","_monsterinsights_skip_tracking":false,"_monsterinsights_sitenote_active":false,"_monsterinsights_sitenote_note":"","_monsterinsights_sitenote_category":0,"site-sidebar-layout":"default","site-content-layout":"","ast-site-content-layout":"default","site-content-style":"default","site-sidebar-style":"default","ast-global-header-display":"","ast-banner-title-visibility":"","ast-main-header-display":"","ast-hfb-above-header-display":"","ast-hfb-below-header-display":"","ast-hfb-mobile-header-display":"","site-post-title":"","ast-breadcrumbs-content":"","ast-featured-img":"","footer-sml-layout":"","ast-disable-related-posts":"","theme-transparent-header-meta":"default","adv-header-id-meta":"","stick-header-meta":"","header-above-stick-meta":"","header-main-stick-meta":"","header-below-stick-meta":"","astra-migrate-meta-layouts":"set","ast-page-background-enabled":"default","ast-page-background-meta":{"desktop":{"background-color":"","background-image":"","background-repeat":"repeat","background-position":"center center","background-size":"auto","background-attachment":"scroll","background-type":"","background-media":"","overlay-type":"","overlay-color":"","overlay-opacity":"","overlay-gradient":""},"tablet":{"background-color":"","background-image":"","background-repeat":"repeat","background-position":"center center","background-size":"auto","background-attachment":"scroll","background-type":"","background-media":"","overlay-type":"","overlay-color":"","overlay-opacity":"","overlay-gradient":""},"mobile":{"background-color":"","background-image":"","background-repeat":"repeat","background-position":"center center","background-size":"auto","background-attachment":"scroll","background-type":"","background-media":"","overlay-type":"","overlay-color":"","overlay-opacity":"","overlay-gradient":""}},"ast-content-background-meta":{"desktop":{"background-color":"var(--ast-global-color-5)","background-image":"","background-repeat":"repeat","background-position":"center center","background-size":"auto","background-attachment":"scroll","background-type":"","background-media":"","overlay-type":"","overlay-color":"","overlay-opacity":"","overlay-gradient":""},"tablet":{"background-color":"var(--ast-global-color-5)","background-image":"","background-repeat":"repeat","background-position":"center center","background-size":"auto","background-attachment":"scroll","background-type":"","background-media":"","overlay-type":"","overlay-color":"","overlay-opacity":"","overlay-gradient":""},"mobile":{"background-color":"var(--ast-global-color-5)","background-image":"","background-repeat":"repeat","background-position":"center center","background-size":"auto","background-attachment":"scroll","background-type":"","background-media":"","overlay-type":"","overlay-color":"","overlay-opacity":"","overlay-gradient":""}},"_joinchat":{"telephone":"+8618077105750"}},"product_brand":[],"product_cat":[72,157,159,160,142,58,144,19],"product_tag":[],"class_list":{"0":"post-3302","1":"product","2":"type-product","3":"status-publish","4":"has-post-thumbnail","6":"product_cat-12000-puff","7":"product_cat-buy-disposable-vapes-in-portugal","8":"product_cat-buy-disposable-vapes-in-sweden","9":"product_cat-buy-disposable-vapes-in-switzerland","10":"product_cat-digital-box-disposable-vapes","11":"product_cat-fumot-vape","12":"product_cat-low-nicotine-disposable-vapes","13":"product_cat-vapes","14":"desktop-align-left","15":"tablet-align-left","16":"mobile-align-left","18":"first","19":"instock","20":"sale","21":"shipping-taxable","22":"purchasable","23":"product-type-simple"},"acf":[],"uagb_featured_image_src":{"full":["https:\/\/vapestornado.com\/wp-content\/uploads\/2024\/12\/Fumot-Digital-12000-Puffs-E-liquid-Indicator-Vape.png",900,900,false],"thumbnail":["https:\/\/vapestornado.com\/wp-content\/uploads\/2024\/12\/Fumot-Digital-12000-Puffs-E-liquid-Indicator-Vape-150x150.png",150,150,true],"medium":["https:\/\/vapestornado.com\/wp-content\/uploads\/2024\/12\/Fumot-Digital-12000-Puffs-E-liquid-Indicator-Vape-300x300.png",300,300,true],"medium_large":["https:\/\/vapestornado.com\/wp-content\/uploads\/2024\/12\/Fumot-Digital-12000-Puffs-E-liquid-Indicator-Vape-768x768.png",768,768,true],"large":["https:\/\/vapestornado.com\/wp-content\/uploads\/2024\/12\/Fumot-Digital-12000-Puffs-E-liquid-Indicator-Vape.png",900,900,false],"1536x1536":["https:\/\/vapestornado.com\/wp-content\/uploads\/2024\/12\/Fumot-Digital-12000-Puffs-E-liquid-Indicator-Vape.png",900,900,false],"2048x2048":["https:\/\/vapestornado.com\/wp-content\/uploads\/2024\/12\/Fumot-Digital-12000-Puffs-E-liquid-Indicator-Vape.png",900,900,false],"trp-custom-language-flag":["https:\/\/vapestornado.com\/wp-content\/uploads\/2024\/12\/Fumot-Digital-12000-Puffs-E-liquid-Indicator-Vape.png",12,12,false],"woocommerce_thumbnail":["https:\/\/vapestornado.com\/wp-content\/uploads\/2024\/12\/Fumot-Digital-12000-Puffs-E-liquid-Indicator-Vape-300x300.png",300,300,true],"woocommerce_single":["https:\/\/vapestornado.com\/wp-content\/uploads\/2024\/12\/Fumot-Digital-12000-Puffs-E-liquid-Indicator-Vape-600x600.png",600,600,true],"woocommerce_gallery_thumbnail":["https:\/\/vapestornado.com\/wp-content\/uploads\/2024\/12\/Fumot-Digital-12000-Puffs-E-liquid-Indicator-Vape-100x100.png",100,100,true]},"uagb_author_info":{"display_name":"ESvicky","author_link":"https:\/\/vapestornado.com\/hu\/author\/"},"uagb_comment_info":0,"uagb_excerpt":"The Fumot Digital Box 12000 Puffs offers 20ml e-liquid, mesh coil flavor, and a digital screen. A compact, rechargeable vape perfect for wholesale buyers in Europe.(our website price not include shipping cost, please contact me to get whole price and your disccount!)","_links":{"self":[{"href":"https:\/\/vapestornado.com\/hu\/wp-json\/wp\/v2\/product\/3302","targetHints":{"allow":["GET"]}}],"collection":[{"href":"https:\/\/vapestornado.com\/hu\/wp-json\/wp\/v2\/product"}],"about":[{"href":"https:\/\/vapestornado.com\/hu\/wp-json\/wp\/v2\/types\/product"}],"replies":[{"embeddable":true,"href":"https:\/\/vapestornado.com\/hu\/wp-json\/wp\/v2\/comments?post=3302"}],"wp:featuredmedia":[{"embeddable":true,"href":"https:\/\/vapestornado.com\/hu\/wp-json\/wp\/v2\/media\/3409"}],"wp:attachment":[{"href":"https:\/\/vapestornado.com\/hu\/wp-json\/wp\/v2\/media?parent=3302"}],"wp:term":[{"taxonomy":"product_brand","embeddable":true,"href":"https:\/\/vapestornado.com\/hu\/wp-json\/wp\/v2\/product_brand?post=3302"},{"taxonomy":"product_cat","embeddable":true,"href":"https:\/\/vapestornado.com\/hu\/wp-json\/wp\/v2\/product_cat?post=3302"},{"taxonomy":"product_tag","embeddable":true,"href":"https:\/\/vapestornado.com\/hu\/wp-json\/wp\/v2\/product_tag?post=3302"}],"curies":[{"name":"wp","href":"https:\/\/api.w.org\/{rel}","templated":true}]}}