{"id":3301,"date":"2024-12-20T08:43:41","date_gmt":"2024-12-20T08:43:41","guid":{"rendered":"https:\/\/vapestornado.com\/?post_type=product&#038;p=3301"},"modified":"2025-08-23T12:25:51","modified_gmt":"2025-08-23T12:25:51","slug":"vookbar-cyber-pro-30000-puffs-disposable-vape-5-wholesale-price","status":"publish","type":"product","link":"https:\/\/vapestornado.com\/hu\/product\/vookbar-cyber-pro-30000-puffs-disposable-vape-5-wholesale-price\/","title":{"rendered":"Vookbar Cyber PRO 30000 Puffs Eldobhat\u00f3 Vape 5% Nagykereskedelmi \u00c1r"},"content":{"rendered":"<h1>Vookbar Cyber PRO 30000 Puffs Eldobhat\u00f3 Vape 5% Nagykereskedelmi \u00c1r<\/h1>\n<p>&nbsp;<\/p>\n<div role=\"article\" data-tabster=\"{&quot;groupper&quot;:{&quot;tabbability&quot;:2},&quot;focusable&quot;:{}}\" data-content=\"ai-message\" aria-labelledby=\"64JRvXrTnY7mRmPkEQLLT-author 64JRvXrTnY7mRmPkEQLLT-content\">\n<div id=\"64JRvXrTnY7mRmPkEQLLT-content\">\n<p>A <strong>Vookbar Cyber PRO 30000 Puff Eldobhat\u00f3 Vape<\/strong> \u00fajradefini\u00e1lja a modern g\u0151z\u00f6l\u00e9s hat\u00e1rait, \u00f6tv\u00f6zve a fejlett technol\u00f3gi\u00e1t a kiv\u00e9teles teljes\u00edtm\u00e9nnyel. A hagyom\u00e1nyos eszk\u00f6zn\u00e9l t\u00f6bbre v\u00e1gy\u00f3 g\u0151z\u00f6l\u0151k sz\u00e1m\u00e1ra tervezett Cyber PRO intelligens funkci\u00f3kat \u00e9s eleg\u00e1ns diz\u00e1jnt kombin\u00e1l, l\u00e9trehozva egy val\u00f3ban futurisztikus g\u0151z\u00f6l\u00e9si \u00e9lm\u00e9nyt.<\/p>\n<p><strong>P\u00e1ratlan teljes\u00edtm\u00e9ny<\/strong><\/p>\n<p>Egy leny\u0171g\u00f6z\u0151 <strong>30 ezer slukk \u00e9lettartam<\/strong>, a Vookbar Cyber PRO p\u00e1ratlan \u00e9lettartamot k\u00edn\u00e1l, \u00edgy ide\u00e1lis v\u00e1laszt\u00e1s a hosszan tart\u00f3 haszn\u00e1latra. Az eszk\u00f6z fel van szerelve egy <strong>22 ml-es e-liquid kapacit\u00e1ssal<\/strong> \u00e9s nikotintartalma <strong>20mg\/ml<\/strong>, ami egyenletes, kiel\u00e9g\u00edt\u0151 g\u0151zt biztos\u00edt minden slukk ut\u00e1n. Egy robusztus <strong>2850 mAh-s \u00fajrat\u00f6lthet\u0151 akkumul\u00e1torral<\/strong> \u00e9s egy <strong>Type-C t\u00f6lt\u0151porttal<\/strong>a Cyber PRO gyors, megb\u00edzhat\u00f3 \u00fajrat\u00f6lt\u00e9st biztos\u00edt a megszak\u00edt\u00e1s n\u00e9lk\u00fcli haszn\u00e1lathoz.<\/p>\n<p><strong>Intelligens technol\u00f3giai integr\u00e1ci\u00f3<\/strong><\/p>\n<p>A Vookbar Cyber PRO t\u00fall\u00e9p a hagyom\u00e1nyos g\u0151z\u00f6l\u00e9sen, \u00e9s egy multifunkcion\u00e1lis eszk\u00f6zk\u00e9nt z\u00f6kken\u0151mentesen integr\u00e1l\u00f3dik a digit\u00e1lis \u00e9letst\u00edlusba. Csatlakozik <strong>Bluetooth-on<\/strong> vagy a saj\u00e1t alkalmaz\u00e1s\u00e1n kereszt\u00fcl, lehet\u0151v\u00e9 t\u00e9ve az intelligens funkci\u00f3kat, mint p\u00e9ld\u00e1ul:<\/p>\n<ul>\n<li><strong>Testreszabhat\u00f3 g\u0151z\u00f6l\u00e9si be\u00e1ll\u00edt\u00e1sok<\/strong> hogy a tapasztalatodat a preferenci\u00e1idhoz igaz\u00edtsd.<\/li>\n<li><strong>T\u00e1vir\u00e1ny\u00edt\u00f3s kamera vez\u00e9rl\u00e9s<\/strong>, t\u00f6k\u00e9letes szelfikhez \u00e9s kreat\u00edv fot\u00f3z\u00e1shoz.<\/li>\n<li><strong>K\u00f6z\u00f6ss\u00e9gi \u00e9rtes\u00edt\u00e9sek<\/strong> hogy \u00fatk\u00f6zben is naprak\u00e9sz legyen.<\/li>\n<li><strong>Egyedi h\u00e1tt\u00e9rk\u00e9p opci\u00f3k<\/strong>, amelyek lehet\u0151v\u00e9 teszik a k\u00e9sz\u00fcl\u00e9k dinamikus kijelz\u0151j\u00e9nek szem\u00e9lyre szab\u00e1s\u00e1t.<\/li>\n<li>Be\u00e9p\u00edtett eszk\u00f6z\u00f6k, mint a <strong>sz\u00e1mol\u00f3g\u00e9p<\/strong>, <strong>minij\u00e1t\u00e9kok<\/strong>, \u00e9s m\u00e9g sok m\u00e1s a nagyobb k\u00e9nyelem\u00e9rt.<\/li>\n<\/ul>\n<figure id=\"attachment_3493\" aria-describedby=\"caption-attachment-3493\" style=\"width: 518px\" class=\"wp-caption alignnone\"><img fetchpriority=\"high\" decoding=\"async\" class=\"wp-image-3493\" src=\"https:\/\/vapestornado.com\/wp-content\/uploads\/2024\/12\/Vookbar-vape-30000-Puffs-Wholesale-Prcie-Disposable-Vapes.jpg\" alt=\"Vookbar vape 30000 Puffs nagykereskedelmi \u00e1r Eldobhat\u00f3 Vapes\" width=\"518\" height=\"518\" srcset=\"https:\/\/vapestornado.com\/wp-content\/uploads\/2024\/12\/Vookbar-vape-30000-Puffs-Wholesale-Prcie-Disposable-Vapes.jpg 800w, https:\/\/vapestornado.com\/wp-content\/uploads\/2024\/12\/Vookbar-vape-30000-Puffs-Wholesale-Prcie-Disposable-Vapes-300x300.jpg 300w, https:\/\/vapestornado.com\/wp-content\/uploads\/2024\/12\/Vookbar-vape-30000-Puffs-Wholesale-Prcie-Disposable-Vapes-150x150.jpg 150w, https:\/\/vapestornado.com\/wp-content\/uploads\/2024\/12\/Vookbar-vape-30000-Puffs-Wholesale-Prcie-Disposable-Vapes-768x768.jpg 768w, https:\/\/vapestornado.com\/wp-content\/uploads\/2024\/12\/Vookbar-vape-30000-Puffs-Wholesale-Prcie-Disposable-Vapes-600x600.jpg 600w, https:\/\/vapestornado.com\/wp-content\/uploads\/2024\/12\/Vookbar-vape-30000-Puffs-Wholesale-Prcie-Disposable-Vapes-100x100.jpg 100w\" sizes=\"(max-width: 518px) 100vw, 518px\" \/><figcaption id=\"caption-attachment-3493\" class=\"wp-caption-text\">Vookbar vape 30000 Puffs nagykereskedelmi \u00e1r Eldobhat\u00f3 Vapes<\/figcaption><\/figure>\n<h2><strong>Mi\u00e9rt v\u00e1lassza a Vookbar Cyber PRO 30000 Puffs vape-eket?<\/strong><\/h2>\n<ul>\n<li><strong>Innov\u00e1ci\u00f3<\/strong> Keveri az \u00e9lvonalbeli technol\u00f3gi\u00e1t az eleg\u00e1ns diz\u00e1jnnal.<\/li>\n<li><strong>Hatalmas kapacit\u00e1s:<\/strong> Sima, kiel\u00e9g\u00edt\u0151 g\u0151z\u00f6l\u00e9si \u00e9lm\u00e9nyt ny\u00fajt 30 000 f\u00faj\u00e1sos kapacit\u00e1ssal.<\/li>\n<li><strong>Testreszabhat\u00f3 funkci\u00f3k:<\/strong> \u00c1ll\u00edtsa be a teljes\u00edtm\u00e9nyt \u00e9s az eszt\u00e9tik\u00e1t, hogy megfeleljen egyedi preferenci\u00e1inak.<\/li>\n<li><strong>Tart\u00f3s Kivitel:<\/strong> A kiv\u00e1l\u00f3 min\u0151s\u00e9g\u0171 anyagok \u00e9s a megb\u00edzhat\u00f3 akkumul\u00e1tor hossz\u00fa t\u00e1v\u00fa teljes\u00edtm\u00e9nyt biztos\u00edtanak.<\/li>\n<\/ul>\n<p>Ak\u00e1r egy technikailag j\u00e1rtas g\u0151z\u00f6l\u0151, ak\u00e1r csak egy er\u0151s \u00e9s st\u00edlusos g\u0151z\u00f6l\u0151 eszk\u00f6zt keres, a <strong>Vookbar Cyber PRO 30000 Puffs Eldobhat\u00f3 Vape<\/strong> a k\u00f6vetkez\u0151 elemek kever\u00e9k\u00e9t k\u00edn\u00e1lja: <strong>innov\u00e1ci\u00f3<\/strong>, <strong>teljes\u00edtm\u00e9ny<\/strong>, \u00e9s <strong>szem\u00e9lyre szabhat\u00f3s\u00e1g<\/strong>. Emelje magasabb szintre a g\u0151z\u00f6l\u00e9si \u00e9lm\u00e9ny\u00e9t m\u00e9g ma!<\/p>\n<\/div>\n<\/div>\n<p><img decoding=\"async\" class=\"wp-image-2951\" src=\"https:\/\/vapestornado.com\/wp-content\/uploads\/2024\/12\/Wholesale-Disposable-Vape-265x300.jpg\" alt=\"Nagykereskedelmi eldobhat\u00f3 Vape\" width=\"295\" height=\"334\" srcset=\"https:\/\/vapestornado.com\/wp-content\/uploads\/2024\/12\/Wholesale-Disposable-Vape-265x300.jpg 265w, https:\/\/vapestornado.com\/wp-content\/uploads\/2024\/12\/Wholesale-Disposable-Vape-768x871.jpg 768w, https:\/\/vapestornado.com\/wp-content\/uploads\/2024\/12\/Wholesale-Disposable-Vape-600x680.jpg 600w, https:\/\/vapestornado.com\/wp-content\/uploads\/2024\/12\/Wholesale-Disposable-Vape.jpg 823w\" sizes=\"(max-width: 295px) 100vw, 295px\" \/><\/p>\n<h6>K\u00e9rj\u00fck, vegye fel a kapcsolatot Mandy WhatsApp-j\u00e1val a kedvezm\u00e9nyes \u00e1r\u00e9rt<a href=\"https:\/\/wa.me\/8618077105796\" target=\"_blank\" rel=\"noopener\">+8618077105796<\/a><\/h6>\n<p>&nbsp;<\/p>\n<div class=\"flex max-w-full flex-col flex-grow\">\n<div class=\"min-h-8 text-message flex w-full flex-col items-end gap-2 whitespace-normal break-words text-start [.text-message+&amp;]:mt-5\" dir=\"auto\" data-message-author-role=\"assistant\" data-message-id=\"cdb991c0-f594-4bff-b2d5-fbbdd7ce9e54\" data-message-model-slug=\"gpt-4o-mini\">\n<div class=\"flex w-full flex-col gap-1 empty:hidden first:pt-[3px]\">\n<div class=\"markdown prose w-full break-words dark:prose-invert light\">\n<h3>Nagykereskedelmi Vookbar Cyber PRO 30,000 Puffs \u2013 Specifik\u00e1ci\u00f3k<\/h3>\n<ul>\n<li><strong>M\u00e9ret:<\/strong> Kompakt \u00e9s hordozhat\u00f3, <strong>49x24x93mm<\/strong>.<\/li>\n<li><strong>Kijelz\u0151:<\/strong> <strong>2,01 h\u00fcvelykes HD kijelz\u0151<\/strong>, ide\u00e1lis be\u00e1ll\u00edt\u00e1sokhoz \u00e9s \u00e9rtes\u00edt\u00e9sekhez.<\/li>\n<li><strong>Tekercs t\u00edpusa:<\/strong> <strong>Kett\u0151s h\u00e1l\u00f3s tekercs<\/strong> a gazdag \u00edz\u00e9rt \u00e9s l\u00e1gy felh\u0151k\u00e9rt.<\/li>\n<li><strong>E-liquid kapacit\u00e1s:<\/strong> El\u0151re felt\u00f6ltve <strong>22ML pr\u00e9mium e-liquid<\/strong>.<\/li>\n<li><strong>Nikotin er\u0151ss\u00e9g:<\/strong> Kiel\u00e9g\u00edt\u0151 <strong>5% nikotin<\/strong> \u00e9lm\u00e9nyt ny\u00fajt.<\/li>\n<li><strong>Akkumul\u00e1tor:<\/strong> Hosszan tart\u00f3 <strong>850mAh-s \u00fajrat\u00f6lthet\u0151 akkumul\u00e1torral<\/strong> gyors <strong>\u00e9s a Type-C t\u00f6lt\u00e9s<\/strong>.<\/li>\n<li><strong>G\u0151z\u00f6l\u00e9si m\u00f3dok:<\/strong>\n<ul>\n<li><strong>Norm\u00e1l m\u00f3d:<\/strong> Ak\u00e1r <strong>30 000 slukk<\/strong> a hosszabb g\u0151z\u00f6l\u00e9s\u00e9rt.<\/li>\n<li><strong>Teljes\u00edtm\u00e9ny m\u00f3d:<\/strong> Ak\u00e1r <strong>15 000 slukk<\/strong> az er\u0151sebb teljes\u00edtm\u00e9ny\u00e9rt.<\/li>\n<\/ul>\n<\/li>\n<li><strong>M\u0171k\u00f6d\u00e9s:<\/strong> Egyszer\u0171 <strong>oldals\u00f3 gombos vez\u00e9rl\u00e9s<\/strong> a be- \u00e9s kikapcsol\u00e1shoz, \u00e9s a be\u00e1ll\u00edt\u00e1sokhoz.<\/li>\n<li><strong>Jellemz\u0151k:<\/strong> Bluetooth-kapcsolat, k\u00f6rnyezetbar\u00e1t anyagok \u00e9s testreszabhat\u00f3 g\u0151z\u00f6l\u00e9si m\u00f3dok.<\/li>\n<\/ul>\n<\/div>\n<\/div>\n<\/div>\n<\/div>\n<div class=\"mb-2 flex gap-3 empty:hidden -ml-2\">\n<h3 class=\"items-center justify-start rounded-xl p-1 flex\"><\/h3>\n<\/div>\n<h3><strong>Vookbar Cyber PRO 30k Puffs Vape Pod \u00cdzek:<\/strong><\/h3>\n<p>1.K\u00e9k m\u00e1lna j\u00e9g<br \/>\n2.\u0150szibarack j\u00e9g<br \/>\n3.Sz\u0151l\u0151 j\u00e9g<br \/>\n4. Eper g\u00f6r\u00f6gdinnye<br \/>\n5. Eper ban\u00e1n<br \/>\n6.Cseresznye g\u00f6r\u00f6gdinnye<br \/>\n7. G\u00f6r\u00f6gdinnye j\u00e9g<br \/>\n8.\u0150szibarack mang\u00f3<br \/>\n9.Eper kivi<br \/>\n10.Feh\u00e9r eper j\u00e9g<br \/>\n11.Feh\u00e9r gumicukor j\u00e9g<br \/>\n12.Fagyasztott pinacolada<br \/>\n13.Kibaszottul men\u0151<br \/>\n14.Mojito vegyes bogy\u00f3k<\/p>\n<div role=\"article\" data-tabster=\"{&quot;groupper&quot;:{&quot;tabbability&quot;:2},&quot;focusable&quot;:{}}\" data-content=\"ai-message\" aria-labelledby=\"dARUyEWDoEYhnSPXFwx5A-author dARUyEWDoEYhnSPXFwx5A-content\">\n<div id=\"dARUyEWDoEYhnSPXFwx5A-content\">\n<h4>Mi\u00e9rt v\u00e1lassza a Vookbar Cyber PRO 30000 Puffs eldobhat\u00f3 vape-et a <a href=\"https:\/\/vapestornado.com\/hu\/store\/\">vapestornado.hu<\/a>?<\/h4>\n<p><strong>1. Hatalmas slukk kapacit\u00e1s:<\/strong><br \/>\nA hosszan tart\u00f3 \u00e9lvezet\u00e9rt tervezt\u00e9k, a <strong>Vookbar Cyber PRO<\/strong> ak\u00e1r <strong>30 000 slukk<\/strong> Norm\u00e1l m\u00f3dban \u00e9s <strong>15 000 slukk<\/strong> Teljes\u00edtm\u00e9ny m\u00f3dban.<\/p>\n<p><strong>2. Korszer\u0171 funkci\u00f3k:<\/strong><br \/>\nFelszerelve egy <strong>2,01 h\u00fcvelykes HD kijelz\u0151<\/strong>, <strong>dupla h\u00e1l\u00f3s tekercs technol\u00f3gi\u00e1ja<\/strong>, \u00e9s <strong>testre szabhat\u00f3 g\u0151z\u00f6l\u00e9si m\u00f3dok<\/strong>, a teljes\u00edtm\u00e9nyt st\u00edlussal \u00f6tv\u00f6zi.<\/p>\n<p><strong>3. Pr\u00e9mium e-liquid \u00e9s nikotin opci\u00f3k:<\/strong><br \/>\nA <strong>22ML el\u0151ret\u00f6lt\u00f6tt e-liquid<\/strong> \u00e9s a <strong>5%-os nikotiner\u0151ss\u00e9ggel<\/strong>, tapasztaljon meg minden alkalommal sima, \u00edzletes \u00e9s kiel\u00e9g\u00edt\u0151 slukkokat.<\/p>\n<p><strong>4. Innovat\u00edv \u00e9s felhaszn\u00e1l\u00f3bar\u00e1t kialak\u00edt\u00e1s:<\/strong><br \/>\nAz olyan funkci\u00f3k, mint a <strong>Bluetooth kapcsolat<\/strong>, <strong>oldals\u00f3 gombos vez\u00e9rl\u00e9s<\/strong>, \u00e9s <strong>mozg\u00e1s m\u00f3d<\/strong> k\u00f6nnyen haszn\u00e1lhat\u00f3v\u00e1 \u00e9s multifunkcion\u00e1liss\u00e1 teszik a k\u00e9sz\u00fcl\u00e9ket.<\/p>\n<p><strong>5. V\u00e1s\u00e1roljon bizalommal a vapestornado.com oldalon:<\/strong><\/p>\n<ul>\n<li>\u00c9lvezze a <strong>versenyk\u00e9pes \u00e1rak<\/strong> a leg\u00fajabb g\u0151z\u00f6l\u00e9si technol\u00f3gi\u00e1r\u00f3l.<\/li>\n<li>Haszn\u00e1ld ki az <strong>gyors, megb\u00edzhat\u00f3 sz\u00e1ll\u00edt\u00e1s<\/strong> szerte Eur\u00f3p\u00e1ban.<\/li>\n<li>V\u00e1lasszon a <strong>exkluz\u00edv nagykereskedelmi aj\u00e1nlatok<\/strong> \u00f6mlesztett v\u00e1s\u00e1rl\u00e1sokhoz.<\/li>\n<li>V\u00e1s\u00e1roljon biztons\u00e1gosan, megb\u00edzhat\u00f3 fizet\u00e9si m\u00f3dokkal \u00e9s kiv\u00e1l\u00f3 \u00fcgyf\u00e9lt\u00e1mogat\u00e1ssal.<\/li>\n<\/ul>\n<p>Fejleszd a vaping \u00e9lm\u00e9nyedet m\u00e9g ma a <strong>Vookbar Cyber PRO 30K slukk<\/strong> el\u00e9rhet\u0151 itt: <strong>vapestornado.hu<\/strong>!<\/p>\n<\/div>\n<\/div>\n<h4>Gyakori k\u00e9rd\u00e9sek a Vookbar Cyber PRO 30000 Puffs tart\u00f3s vape-ekr\u0151l<\/h4>\n<p>&nbsp;<\/p>\n<h6><strong>1.Mit\u0151l egyedi a Vookbar Cyber PRO 30.000 Puffs Vape?<\/strong><\/h6>\n<ul>\n<li>A k\u00e9sz\u00fcl\u00e9k egyes\u00edti <strong>a fejlett g\u0151z\u00f6l\u00e9si technol\u00f3gi\u00e1t<\/strong> olyan funkci\u00f3kkal, mint a <strong>testre szabhat\u00f3 g\u0151z\u00f6l\u00e9si m\u00f3dok<\/strong>, egy <strong>2,01 h\u00fcvelykes HD k\u00e9perny\u0151<\/strong>, \u00e9s <strong>kett\u0151s slukk m\u00f3d<\/strong> a hosszabb vagy er\u0151teljesebb teljes\u00edtm\u00e9ny \u00e9rdek\u00e9ben.<\/li>\n<\/ul>\n<h6>2. <strong>H\u00e1ny slukkot kaphatok a Vookbar Cyber PRO Vape Boxszal?<\/strong><\/h6>\n<ul>\n<li>In <strong>Norm\u00e1l m\u00f3d<\/strong>, ak\u00e1r <strong>30 000 slukk<\/strong>, m\u00edg a <strong>Power m\u00f3d<\/strong> k\u00edn\u00e1l <strong>15 000 slukk<\/strong> intenz\u00edvebb g\u0151z\u00f6l\u00e9si \u00e9lm\u00e9ny\u00e9rt.<\/li>\n<\/ul>\n<h6>3. <strong>Milyen nikotinszintet k\u00edn\u00e1l a vookbar 30000 slukk?<\/strong><\/h6>\n<ul>\n<li>A Vookbar Cyber PRO rendelkezik <strong>5%-os nikotiner\u0151ss\u00e9ggel<\/strong>, amely sima \u00e9s kiel\u00e9g\u00edt\u0151 \u00e9lm\u00e9nyt ny\u00fajt.<\/li>\n<\/ul>\n<h6>4. <strong>\u00dajrat\u00f6lthet\u0151 a Vookbar Cyber PRO eldobhat\u00f3 vape?<\/strong><\/h6>\n<ul>\n<li>Igen, tartalmaz egy <strong>850mAh-s \u00fajrat\u00f6lthet\u0151 akkumul\u00e1torral<\/strong> \u00e9s t\u00e1mogatja a <strong>gyors Type-C t\u00f6lt\u00e9s<\/strong>.<\/li>\n<\/ul>\n<h6>5. <strong>Haszn\u00e1l-e mesh coil technol\u00f3gi\u00e1t a vookbar 30000 slukkos vape?<\/strong><\/h6>\n<ul>\n<li>Igen, a k\u00e9sz\u00fcl\u00e9kben tal\u00e1lhat\u00f3 <strong>dupla h\u00e1l\u00f3s tekercs technol\u00f3gi\u00e1ja<\/strong> az \u00e1lland\u00f3 \u00edz \u00e9s a s\u0171r\u0171 g\u0151ztermel\u00e9s \u00e9rdek\u00e9ben.<\/li>\n<\/ul>","protected":false},"excerpt":{"rendered":"<div class=\"flex-shrink-0 flex flex-col relative items-end\">\n<div>\n<div class=\"pt-0\">\n<div class=\"gizmo-bot-avatar flex h-8 w-8 items-center justify-center overflow-hidden rounded-full\">\n<div class=\"relative p-1 rounded-sm flex items-center justify-center bg-token-main-surface-primary text-token-text-primary h-8 w-8\"><\/div>\n<\/div>\n<\/div>\n<\/div>\n<\/div>\n<div class=\"group\/conversation-turn relative flex w-full min-w-0 flex-col agent-turn\">\n<div class=\"flex-col gap-1 md:gap-3\">\n<div class=\"flex max-w-full flex-col flex-grow\">\n<div class=\"min-h-8 text-message flex w-full flex-col items-end gap-2 whitespace-normal break-words text-start [.text-message+&amp;]:mt-5\" dir=\"auto\" data-message-author-role=\"assistant\" data-message-id=\"cffa29e8-f112-46da-81c0-9ed74f60547a\" data-message-model-slug=\"gpt-4o\">\n<div class=\"flex w-full flex-col gap-1 empty:hidden first:pt-[3px]\">\n<div class=\"markdown prose w-full break-words dark:prose-invert light\">\n<p>Vookbar Cyber PRO 30000 Puffs Eldobhat\u00f3 Vape, 5% nikotin, eleg\u00e1ns diz\u00e1jn, nagy kapacit\u00e1s, ide\u00e1lis nagykereskedelmi \u00e9s t\u00f6meges megrendel\u00e9sekhez.<\/p>\n<\/div>\n<\/div>\n<\/div>\n<\/div>\n<\/div>\n<\/div>\n<figure id=\"attachment_2951\" aria-describedby=\"caption-attachment-2951\" style=\"width: 265px\" class=\"wp-caption alignnone\"><img decoding=\"async\" class=\"size-medium wp-image-2951\" src=\"https:\/\/vapestornado.com\/wp-content\/uploads\/2024\/12\/Wholesale-Disposable-Vape-265x300.jpg\" alt=\"Nagykereskedelmi eldobhat\u00f3 Vape\" width=\"265\" height=\"300\" srcset=\"https:\/\/vapestornado.com\/wp-content\/uploads\/2024\/12\/Wholesale-Disposable-Vape-265x300.jpg 265w, https:\/\/vapestornado.com\/wp-content\/uploads\/2024\/12\/Wholesale-Disposable-Vape-768x871.jpg 768w, https:\/\/vapestornado.com\/wp-content\/uploads\/2024\/12\/Wholesale-Disposable-Vape-600x680.jpg 600w, https:\/\/vapestornado.com\/wp-content\/uploads\/2024\/12\/Wholesale-Disposable-Vape.jpg 823w\" sizes=\"(max-width: 265px) 100vw, 265px\" \/><figcaption id=\"caption-attachment-2951\" class=\"wp-caption-text\">K\u00e9rj\u00fck, vegye fel a kapcsolatot Mandy WhatsApp-j\u00e1val a kedvezm\u00e9nyes \u00e1r\u00e9rt\u00a0 <a href=\"https:\/\/wa.me\/8618077105796\">+8618077105796<\/a><\/figcaption><\/figure>\n<p>&nbsp;<\/p>","protected":false},"featured_media":3489,"comment_status":"open","ping_status":"closed","template":"","meta":{"_acf_changed":false,"_uag_custom_page_level_css":"","_lmt_disableupdate":"no","_lmt_disable":"","_monsterinsights_skip_tracking":false,"_monsterinsights_sitenote_active":false,"_monsterinsights_sitenote_note":"","_monsterinsights_sitenote_category":0,"site-sidebar-layout":"default","site-content-layout":"","ast-site-content-layout":"default","site-content-style":"default","site-sidebar-style":"default","ast-global-header-display":"","ast-banner-title-visibility":"","ast-main-header-display":"","ast-hfb-above-header-display":"","ast-hfb-below-header-display":"","ast-hfb-mobile-header-display":"","site-post-title":"","ast-breadcrumbs-content":"","ast-featured-img":"","footer-sml-layout":"","ast-disable-related-posts":"","theme-transparent-header-meta":"default","adv-header-id-meta":"","stick-header-meta":"","header-above-stick-meta":"","header-main-stick-meta":"","header-below-stick-meta":"","astra-migrate-meta-layouts":"set","ast-page-background-enabled":"default","ast-page-background-meta":{"desktop":{"background-color":"","background-image":"","background-repeat":"repeat","background-position":"center center","background-size":"auto","background-attachment":"scroll","background-type":"","background-media":"","overlay-type":"","overlay-color":"","overlay-opacity":"","overlay-gradient":""},"tablet":{"background-color":"","background-image":"","background-repeat":"repeat","background-position":"center center","background-size":"auto","background-attachment":"scroll","background-type":"","background-media":"","overlay-type":"","overlay-color":"","overlay-opacity":"","overlay-gradient":""},"mobile":{"background-color":"","background-image":"","background-repeat":"repeat","background-position":"center center","background-size":"auto","background-attachment":"scroll","background-type":"","background-media":"","overlay-type":"","overlay-color":"","overlay-opacity":"","overlay-gradient":""}},"ast-content-background-meta":{"desktop":{"background-color":"var(--ast-global-color-5)","background-image":"","background-repeat":"repeat","background-position":"center center","background-size":"auto","background-attachment":"scroll","background-type":"","background-media":"","overlay-type":"","overlay-color":"","overlay-opacity":"","overlay-gradient":""},"tablet":{"background-color":"var(--ast-global-color-5)","background-image":"","background-repeat":"repeat","background-position":"center center","background-size":"auto","background-attachment":"scroll","background-type":"","background-media":"","overlay-type":"","overlay-color":"","overlay-opacity":"","overlay-gradient":""},"mobile":{"background-color":"var(--ast-global-color-5)","background-image":"","background-repeat":"repeat","background-position":"center center","background-size":"auto","background-attachment":"scroll","background-type":"","background-media":"","overlay-type":"","overlay-color":"","overlay-opacity":"","overlay-gradient":""}},"_joinchat":{"telephone":"+8618077105796"}},"product_brand":[],"product_cat":[67,149,150,154,155],"product_tag":[97,188],"class_list":{"0":"post-3301","1":"product","2":"type-product","3":"status-publish","4":"has-post-thumbnail","6":"product_cat-30000-puff","7":"product_cat-buy-disposable-vapes-in-austria","8":"product_cat-buy-disposable-vapes-in-belgium","9":"product_cat-buy-disposable-vapes-in-netherlands","10":"product_cat-buy-disposable-vapes-in-norway","11":"product_tag-hot-sale-disposable-vape","12":"product_tag-vookbar-cyber-pro-30000-puffs","13":"desktop-align-left","14":"tablet-align-left","15":"mobile-align-left","17":"first","18":"instock","19":"sale","20":"shipping-taxable","21":"purchasable","22":"product-type-simple"},"acf":[],"uagb_featured_image_src":{"full":["https:\/\/vapestornado.com\/wp-content\/uploads\/2024\/12\/Best-Price-Vookbar-30000-Puff-Vapes.jpg",800,800,false],"thumbnail":["https:\/\/vapestornado.com\/wp-content\/uploads\/2024\/12\/Best-Price-Vookbar-30000-Puff-Vapes-150x150.jpg",150,150,true],"medium":["https:\/\/vapestornado.com\/wp-content\/uploads\/2024\/12\/Best-Price-Vookbar-30000-Puff-Vapes-300x300.jpg",300,300,true],"medium_large":["https:\/\/vapestornado.com\/wp-content\/uploads\/2024\/12\/Best-Price-Vookbar-30000-Puff-Vapes-768x768.jpg",768,768,true],"large":["https:\/\/vapestornado.com\/wp-content\/uploads\/2024\/12\/Best-Price-Vookbar-30000-Puff-Vapes.jpg",800,800,false],"1536x1536":["https:\/\/vapestornado.com\/wp-content\/uploads\/2024\/12\/Best-Price-Vookbar-30000-Puff-Vapes.jpg",800,800,false],"2048x2048":["https:\/\/vapestornado.com\/wp-content\/uploads\/2024\/12\/Best-Price-Vookbar-30000-Puff-Vapes.jpg",800,800,false],"trp-custom-language-flag":["https:\/\/vapestornado.com\/wp-content\/uploads\/2024\/12\/Best-Price-Vookbar-30000-Puff-Vapes.jpg",12,12,false],"woocommerce_thumbnail":["https:\/\/vapestornado.com\/wp-content\/uploads\/2024\/12\/Best-Price-Vookbar-30000-Puff-Vapes-300x300.jpg",300,300,true],"woocommerce_single":["https:\/\/vapestornado.com\/wp-content\/uploads\/2024\/12\/Best-Price-Vookbar-30000-Puff-Vapes-600x600.jpg",600,600,true],"woocommerce_gallery_thumbnail":["https:\/\/vapestornado.com\/wp-content\/uploads\/2024\/12\/Best-Price-Vookbar-30000-Puff-Vapes-100x100.jpg",100,100,true]},"uagb_author_info":{"display_name":"ESMANDY","author_link":"https:\/\/vapestornado.com\/hu\/author\/"},"uagb_comment_info":0,"uagb_excerpt":"Vookbar Cyber PRO 30000 Puffs Disposable Vape, 5% nicotine, sleek design, high capacity, ideal for wholesale and bulk orders. [caption id=\"attachment_2951\" align=\"alignnone\" width=\"265\"] Pls Contact Mandy's WhatsApp For Discount Price\u00a0 +8618077105796[\/caption] &nbsp;","_links":{"self":[{"href":"https:\/\/vapestornado.com\/hu\/wp-json\/wp\/v2\/product\/3301","targetHints":{"allow":["GET"]}}],"collection":[{"href":"https:\/\/vapestornado.com\/hu\/wp-json\/wp\/v2\/product"}],"about":[{"href":"https:\/\/vapestornado.com\/hu\/wp-json\/wp\/v2\/types\/product"}],"replies":[{"embeddable":true,"href":"https:\/\/vapestornado.com\/hu\/wp-json\/wp\/v2\/comments?post=3301"}],"wp:featuredmedia":[{"embeddable":true,"href":"https:\/\/vapestornado.com\/hu\/wp-json\/wp\/v2\/media\/3489"}],"wp:attachment":[{"href":"https:\/\/vapestornado.com\/hu\/wp-json\/wp\/v2\/media?parent=3301"}],"wp:term":[{"taxonomy":"product_brand","embeddable":true,"href":"https:\/\/vapestornado.com\/hu\/wp-json\/wp\/v2\/product_brand?post=3301"},{"taxonomy":"product_cat","embeddable":true,"href":"https:\/\/vapestornado.com\/hu\/wp-json\/wp\/v2\/product_cat?post=3301"},{"taxonomy":"product_tag","embeddable":true,"href":"https:\/\/vapestornado.com\/hu\/wp-json\/wp\/v2\/product_tag?post=3301"}],"curies":[{"name":"wp","href":"https:\/\/api.w.org\/{rel}","templated":true}]}}