{"id":3289,"date":"2024-12-20T06:26:27","date_gmt":"2024-12-20T06:26:27","guid":{"rendered":"https:\/\/vapestornado.com\/?post_type=product&#038;p=3289"},"modified":"2025-12-09T08:34:55","modified_gmt":"2025-12-09T08:34:55","slug":"aivono-flash-35000-puffs-rechargeable-disposable-vape-bulk-buy","status":"publish","type":"product","link":"https:\/\/vapestornado.com\/hu\/product\/aivono-flash-35000-puffs-rechargeable-disposable-vape-bulk-buy\/","title":{"rendered":"Aivono Flash 35000 Puffs \u00dajrat\u00f6lthet\u0151 Eldobhat\u00f3 Vape T\u00f6meges V\u00e1s\u00e1rl\u00e1s"},"content":{"rendered":"<h2 class=\"sr-only\">Aivono Flash 35000 Puffs \u00fajrat\u00f6lthet\u0151 egyszer haszn\u00e1latos vape, \u00e1ll\u00edthat\u00f3 vaping m\u00f3d \u00e9s dupla h\u00e1l\u00f3s tekercs<\/h2>\n<p><strong data-start=\"107\" data-end=\"135\">Aivono Flash 35000 slukk<\/strong> egy nagy kapacit\u00e1s\u00fa, \u00fajrat\u00f6lthet\u0151 egyszer haszn\u00e1latos eszk\u00f6z azoknak a vapereknek, akik hossz\u00fa \u00fczemid\u0151t, tiszta kontrollt \u00e9s szem\u00e9lyre szabhat\u00f3 sz\u00edv\u00e1st szeretn\u00e9nek. Az <strong data-start=\"281\" data-end=\"303\">ak\u00e1r 35 000 sz\u00edv\u00e1s<\/strong> \u00e9s egy <strong data-start=\"310\" data-end=\"334\">36 ml-es el\u0151re t\u00f6lt\u00f6tt tart\u00e1ly<\/strong>, ez heteken \u00e1t tart, nem pedig napokon. A <strong data-start=\"386\" data-end=\"404\">dupla h\u00e1l\u00f3s tekercs<\/strong> s\u0171r\u0171 g\u0151zt \u00e9s \u00e1lland\u00f3 \u00edzt biztos\u00edt, mik\u00f6zben <strong data-start=\"453\" data-end=\"487\">\u00e1ll\u00edthat\u00f3 l\u00e9g\u00e1raml\u00e1s \u00e9s wattage<\/strong> lehet\u0151v\u00e9 teszi, hogy az eszk\u00f6zt a saj\u00e1t preferenci\u00e1id szerint \u00e1ll\u00edtsd be, nem pedig egy egys\u00e9ges st\u00edlus\u00fa sz\u00edv\u00e1s elfogad\u00e1s\u00e1ra. Egy <strong data-start=\"580\" data-end=\"603\">g\u00f6rb\u00edtett okos kijelz\u0151<\/strong> t\u00e1j\u00e9koztat a akkumul\u00e1tor \u00e9s a folyad\u00e9k \u00e1llapot\u00e1r\u00f3l, \u00e9s egy <strong data-start=\"652\" data-end=\"666\">gyermekz\u00e1r<\/strong> gyakorlati biztons\u00e1gi r\u00e9teget ad hozz\u00e1.<\/p>\n<h3 data-start=\"921\" data-end=\"996\">Mi\u00e9rt j\u00f3 v\u00e1laszt\u00e1s az Aivono Flash 35000 Puffs az EU-s vaperek sz\u00e1m\u00e1ra?<\/h3>\n<ul data-start=\"998\" data-end=\"1872\">\n<li data-start=\"998\" data-end=\"1192\">\n<p data-start=\"1000\" data-end=\"1192\"><strong data-start=\"1000\" data-end=\"1037\">A kapacit\u00e1s val\u00f3di adatokkal t\u00e1mogatott.<\/strong> A 35K \u00e1ll\u00edt\u00e1s m\u00f6g\u00f6tt <strong data-start=\"1065\" data-end=\"1085\">36 ml e-liquiddel<\/strong> \u00e9s egy \u00fajrat\u00f6lthet\u0151 akkumul\u00e1tor \u00e1ll, \u00edgy az eszk\u00f6z re\u00e1lisan hosszabb haszn\u00e1latot tesz lehet\u0151v\u00e9 an\u00e9lk\u00fcl, hogy kor\u00e1n lemer\u00fclne.<\/p>\n<\/li>\n<li data-start=\"1194\" data-end=\"1399\">\n<p data-start=\"1196\" data-end=\"1399\"><strong data-start=\"1196\" data-end=\"1237\">Testreszab\u00e1s, ami megv\u00e1ltoztatja a mindennapi haszn\u00e1latot.<\/strong> <strong data-start=\"1238\" data-end=\"1283\">K\u00e9t sebess\u00e9g\u0171 l\u00e9g\u00e1raml\u00e1s plusz \u00e1ll\u00edthat\u00f3 wattage<\/strong> lehet\u0151v\u00e9 teszi, hogy be\u00e1ll\u00edtsd a sz\u00edv\u00e1s \u00e9s a g\u0151z szintj\u00e9t \u2014 szorosabb \u00e9s nyugodtabb nappal, nyitottabb \u00e9s er\u0151teljesebb, amikor szeretn\u00e9d.<\/p>\n<\/li>\n<li data-start=\"1401\" data-end=\"1580\">\n<p data-start=\"1403\" data-end=\"1580\"><strong data-start=\"1403\" data-end=\"1443\">Dupla h\u00e1l\u00f3s tekercsek tartj\u00e1k az \u00edzt \u00e1lland\u00f3an.<\/strong> H\u00e1l\u00f3s f\u0171t\u00e9s egyenletesen osztja el a h\u0151t. Hosszabb haszn\u00e1lat sor\u00e1n ez azt jelenti, <strong data-start=\"1504\" data-end=\"1546\">kevesebb \u00edzvesztes\u00e9g \u00e9s kevesebb er\u0151s csap\u00e1sok<\/strong> a szabv\u00e1nyos tekercsrendszerekhez k\u00e9pest.<\/p>\n<\/li>\n<li data-start=\"1582\" data-end=\"1757\">\n<p data-start=\"1584\" data-end=\"1757\"><strong data-start=\"1584\" data-end=\"1641\">\u00dajrat\u00f6lthet\u0151 kobalt akkumul\u00e1tor a megb\u00edzhat\u00f3s\u00e1g\u00e9rt.<\/strong> A <strong data-start=\"1646\" data-end=\"1690\">850mAh-s akkumul\u00e1tor Type-C gyors t\u00f6lt\u00e9ssel<\/strong> r\u00f6vid sz\u00fcneteket \u00e9s stabil kimenetet biztos\u00edt, am\u00edg a tart\u00e1ly ki nem fogy.<\/p>\n<\/li>\n<li data-start=\"1759\" data-end=\"1872\">\n<p data-start=\"1761\" data-end=\"1872\"><strong data-start=\"1761\" data-end=\"1787\">Egyszer\u0171 biztons\u00e1gi fejleszt\u00e9s.<\/strong> A <strong data-start=\"1792\" data-end=\"1806\">gyermekz\u00e1r<\/strong> val\u00f3s \u00e9letbeli el\u0151ny h\u00e1ztart\u00e1soknak \u00e9s utaz\u00e1snak, nem csup\u00e1n marketingfog\u00e1s.<\/p>\n<\/li>\n<\/ul>\n<p><strong>Add meg Amy Whatsappj\u00e1t a gyors v\u00e1lasz\u00e9rt \u00e9s vape kupon\u00e9rt!<\/strong><\/p>\n<p><img fetchpriority=\"high\" decoding=\"async\" class=\"size-full wp-image-2932\" src=\"https:\/\/vapestornado.com\/wp-content\/uploads\/2024\/12\/Vape-Wholesale.jpg\" alt=\"Vape nagykereskedelem\" width=\"229\" height=\"300\" \/><\/p>\n<h3><a href=\"https:\/\/wa.me\/8617776015835\" target=\"_blank\" rel=\"noopener\"><span style=\"color: #ff0000;\"><strong>WhatsApp: +86 17776015835<\/strong><\/span><\/a><\/h3>\n<p>&nbsp;<\/p>\n<p><span style=\"font-size: 1.5em; font-weight: bold;\">Aivono Flash 35000 F\u0151bb term\u00e9kjellemz\u0151k\u00a0<\/span><\/p>\n<div role=\"article\" data-tabster=\"{&quot;groupper&quot;:{&quot;tabbability&quot;:2},&quot;focusable&quot;:{}}\" data-content=\"ai-message\" aria-labelledby=\"juhNTJ6o7Gk1cgwZMJgv2-author juhNTJ6o7Gk1cgwZMJgv2-content\">\n<div id=\"juhNTJ6o7Gk1cgwZMJgv2-content\">\n<div role=\"article\" data-tabster=\"{&quot;groupper&quot;:{&quot;tabbability&quot;:2},&quot;focusable&quot;:{}}\" data-content=\"ai-message\" aria-labelledby=\"x4EZuCZWrTbh3weWUt7CU-author x4EZuCZWrTbh3weWUt7CU-content\">\n<div id=\"x4EZuCZWrTbh3weWUt7CU-content\">\n<table>\n<thead>\n<tr>\n<th>Jellemz\u0151k<\/th>\n<th>Spec<\/th>\n<th>R\u00e9szletek<\/th>\n<\/tr>\n<\/thead>\n<tbody>\n<tr>\n<td>Slukkkapacit\u00e1s<\/td>\n<td>Ak\u00e1r 35 000 slukk<\/td>\n<td>Hosszabb \u00e9lettartam t\u00f6bbhetes haszn\u00e1latra tervezve.<\/td>\n<\/tr>\n<tr>\n<td>E-liquid \u0171rtartalom<\/td>\n<td>36 ml el\u0151re t\u00f6lt\u00f6tt<\/td>\n<td>Nagy tart\u00e1ly hossz\u00fa \u00fcl\u00e9sekhez \u00e9s stabil kimenethez.<\/td>\n<\/tr>\n<tr>\n<td>Tekercsrendszer<\/td>\n<td>Kett\u0151s h\u00e1l\u00f3s tekercs<\/td>\n<td>Egyenletes hev\u00edt\u00e9s s\u0171r\u0171 g\u0151z \u00e9s tart\u00f3s \u00edz \u00e9rdek\u00e9ben.<\/td>\n<\/tr>\n<tr>\n<td>Akkumul\u00e1tor<\/td>\n<td>850mAh-s \u00fajrat\u00f6lthet\u0151 kobalt akkumul\u00e1tor<\/td>\n<td>Megb\u00edzhat\u00f3 energiaell\u00e1t\u00e1s; \u00fajrat\u00f6lt\u00e9s a teljes tart\u00e1ly haszn\u00e1lat\u00e1hoz.<\/td>\n<\/tr>\n<tr>\n<td>T\u00f6lt\u00e9s<\/td>\n<td>Type-C gyors t\u00f6lt\u00e9s<\/td>\n<td>Gyors felt\u00f6lt\u00e9s modern EU-s szabv\u00e1ny\u00fa k\u00e1belekkel.<\/td>\n<\/tr>\n<tr>\n<td>Leveg\u0151\u00e1raml\u00e1s<\/td>\n<td>\u00c1ll\u00edthat\u00f3, k\u00e9t sebess\u00e9g\u0171<\/td>\n<td>V\u00e1lt\u00e1s szorosabb MTL \u00e9s szell\u0151sebb DTL st\u00edlusok k\u00f6z\u00f6tt.<\/td>\n<\/tr>\n<tr>\n<td>Watt-teljes\u00edtm\u00e9ny<\/td>\n<td>\u00c1ll\u00edthat\u00f3 kimenet<\/td>\n<td>Szem\u00e9lyre szabja a g\u0151z er\u0151ss\u00e9g\u00e9t \u00e9s melegs\u00e9g\u00e9t.<\/td>\n<\/tr>\n<tr>\n<td>Kijelz\u0151<\/td>\n<td>Okos \u00edvelt kijelz\u0151<\/td>\n<td>Val\u00f3s idej\u0171 akkumul\u00e1tor + e-liquid \u00e1llapot, k\u00f6nnyen olvashat\u00f3.<\/td>\n<\/tr>\n<tr>\n<td>Biztons\u00e1g<\/td>\n<td>Gyermekz\u00e1r<\/td>\n<td>V\u00e9di a v\u00e9letlenszer\u0171 aktiv\u00e1l\u00e1st \u00e9s nyugalmat ad.<\/td>\n<\/tr>\n<tr>\n<td>Nikotin er\u0151ss\u00e9gek<\/td>\n<td>0% \/ 2% \/ 5% s\u00f3 nikotin<\/td>\n<td>Nikotinmentes, alacsony \u00e9s er\u0151s opci\u00f3k.<\/td>\n<\/tr>\n<tr>\n<td>\u00cdzek<\/td>\n<td>15 \u00edz<\/td>\n<td>Sz\u00e9les v\u00e1laszt\u00e9k, bele\u00e9rtve gy\u00fcm\u00f6lcs\u00f6s \u00e9s h\u0171s\u00edt\u0151 profilokat.<\/td>\n<\/tr>\n<\/tbody>\n<\/table>\n<figure id=\"attachment_3284\" aria-describedby=\"caption-attachment-3284\" style=\"width: 800px\" class=\"wp-caption alignnone\"><img decoding=\"async\" class=\"wp-image-3284 size-full\" src=\"https:\/\/vapestornado.com\/wp-content\/uploads\/2024\/12\/AIVONO-FLASH-35000-Disposable-Vape-Wholesale.jpg\" alt=\"AIVONO FLASH 35000 Eldobhat\u00f3 Vape Nagykereskedelem\" width=\"800\" height=\"800\" srcset=\"https:\/\/vapestornado.com\/wp-content\/uploads\/2024\/12\/AIVONO-FLASH-35000-Disposable-Vape-Wholesale.jpg 800w, https:\/\/vapestornado.com\/wp-content\/uploads\/2024\/12\/AIVONO-FLASH-35000-Disposable-Vape-Wholesale-300x300.jpg 300w, https:\/\/vapestornado.com\/wp-content\/uploads\/2024\/12\/AIVONO-FLASH-35000-Disposable-Vape-Wholesale-150x150.jpg 150w, https:\/\/vapestornado.com\/wp-content\/uploads\/2024\/12\/AIVONO-FLASH-35000-Disposable-Vape-Wholesale-768x768.jpg 768w, https:\/\/vapestornado.com\/wp-content\/uploads\/2024\/12\/AIVONO-FLASH-35000-Disposable-Vape-Wholesale-600x600.jpg 600w, https:\/\/vapestornado.com\/wp-content\/uploads\/2024\/12\/AIVONO-FLASH-35000-Disposable-Vape-Wholesale-100x100.jpg 100w\" sizes=\"(max-width: 800px) 100vw, 800px\" \/><figcaption id=\"caption-attachment-3284\" class=\"wp-caption-text\">AIVONO FLASH 35000 Eldobhat\u00f3 Vape Nagykereskedelem<\/figcaption><\/figure>\n<\/div>\n<\/div>\n<\/div>\n<\/div>\n<h2 class=\"product-title\"><strong>N\u00e9pszer\u0171 \u00edz az Aivono Flash 35000 Puffs-hoz<\/strong><\/h2>\n<h3><\/h3>\n<ol>\n<li>Eper j\u00e9g<\/li>\n<li>Eperdinnye<strong> <span style=\"color: #ff0000;\">&gt;&gt;&gt;&gt;&gt; Felkapott!<\/span><\/strong><\/li>\n<li>M\u00e1lna Cseresznye<\/li>\n<li>K\u00e9k Razz <strong><span style=\"color: #ff0000;\">&gt;&gt;&gt;&gt;&gt; Felkapott!<\/span><\/strong><\/li>\n<li>Citromos Menta<\/li>\n<li>\u0150szibarackl\u00e9<\/li>\n<li>\u00c1fonya Sz\u0151l\u0151<\/li>\n<li>G\u00f6r\u00f6gdinnye J\u00e9g<\/li>\n<li>Alma Bogy\u00f3<\/li>\n<li>Mango Anan\u00e1sz<\/li>\n<li>K\u00e9k Ranch<\/li>\n<li>Eper Fagylalt<\/li>\n<li>Sz\u0151l\u0151 J\u00e9g<\/li>\n<li>Vegyes bogy\u00f3s gy\u00fcm\u00f6lcs\u00f6k <strong><span style=\"color: #ff0000;\">&gt;&gt;&gt;&gt;&gt; A legjobb !<\/span><\/strong><\/li>\n<li>Eper Kiwi<\/li>\n<\/ol>\n<h3>Mi\u00e9rt \u00e9rdemes a vapestornadot v\u00e1lasztani az Aivono Flash 35000 Puffs Vape nagykeresked\u00e9shez?<\/h3>\n<div class=\"flex-shrink-0 flex flex-col relative items-end\">\n<div class=\"pt-0\">\n<div class=\"gizmo-bot-avatar flex h-8 w-8 items-center justify-center overflow-hidden rounded-full\">\n<div class=\"relative p-1 rounded-sm flex items-center justify-center bg-token-main-surface-primary text-token-text-primary h-8 w-8\">\n<p>\u00dcdv\u00f6z\u00f6lj\u00fck a vapestornado-n, az \u00d6n megb\u00edzhat\u00f3 online vape boltj\u00e1ban a pr\u00e9mium eldobhat\u00f3 vape-okhoz. T\u00f6bb mint 5 \u00e9ves szak\u00e9rtelemmel hozunk el \u00d6nnek n\u00e9pszer\u0171 eldobhat\u00f3 vape m\u00e1rk\u00e1kat, mint p\u00e9ld\u00e1ul a Fumot RandM Vape, <a href=\"https:\/\/vapestornado.com\/hu\/product\/vapme-crystal-7000-puffs-rechargeable-disposable-vape-wholesale-cheap-price\/\">Vapme<\/a>, Bang Vape, Waspe Vape \u00e9s WGA Vape, stb.<\/p>\n<p>K\u00edn\u00e1latunkban szerepelnek n\u00e9pszer\u0171 vape-ok, mint a <a href=\"https:\/\/vapestornado.com\/hu\/product\/fumot-randm-tornado-15000-puffs-rechargeable-disposable-vape-wholesale\/\">RandM Torn\u00e1d\u00f3 15000<\/a>, \u00e9s \u00edzgazdag v\u00e1laszt\u00e1sok, mint a <a href=\"https:\/\/vapestornado.com\/hu\/product\/vapsolo-dg-18000-puffs-smart-screen-wholesale-disposable-cheap-vapes\/\">\u00a0Vapsolo DG18000 Puffs<\/a> . Minden term\u00e9k\u00fcnket a min\u0151s\u00e9g, \u00e9rt\u00e9k \u00e9s v\u00e1ltozatoss\u00e1g figyelembev\u00e9tel\u00e9vel v\u00e1lasztjuk ki, biztos\u00edtva, hogy megtal\u00e1lja az ig\u00e9nyeinek legmegfelel\u0151bbet. Fedezze fel a kiv\u00e9teles szolg\u00e1ltat\u00e1st \u00e9s a top term\u00e9kek sz\u00e9les v\u00e1laszt\u00e9k\u00e1t nagykereskedelmi \u00e1ron a vapestornado-n.<\/p>\n<\/div>\n<h3><\/h3>\n<div class=\"relative p-1 rounded-sm flex items-center justify-center bg-token-main-surface-primary text-token-text-primary h-8 w-8\">\n<h3>GYIK az Aivono Flash 35k eldobhat\u00f3 vape-hez<\/h3>\n<\/div>\n<\/div>\n<\/div>\n<\/div>\n<div class=\"flex-shrink-0 flex flex-col relative items-end\">\n<div class=\"pt-0\">\n<div class=\"gizmo-bot-avatar flex h-8 w-8 items-center justify-center overflow-hidden rounded-full\">\n<div class=\"relative p-1 rounded-sm flex items-center justify-center bg-token-main-surface-primary text-token-text-primary h-8 w-8\">\n<div class=\"mb-2 flex gap-3 empty:hidden -ml-2\">\n<div role=\"article\" data-tabster=\"{&quot;groupper&quot;:{&quot;tabbability&quot;:2},&quot;focusable&quot;:{}}\" data-content=\"ai-message\" aria-labelledby=\"Vdt5ez4X7Tg813x6rFVha-author Vdt5ez4X7Tg813x6rFVha-content\">\n<div id=\"Vdt5ez4X7Tg813x6rFVha-content\">\n<div role=\"article\" data-tabster=\"{&quot;groupper&quot;:{&quot;tabbability&quot;:2},&quot;focusable&quot;:{}}\" data-content=\"ai-message\" aria-labelledby=\"o968oC7CEo2fGHsGdsRYC-author o968oC7CEo2fGHsGdsRYC-content\">\n<div id=\"o968oC7CEo2fGHsGdsRYC-content\">\n<div class=\"flex max-w-full flex-col flex-grow\">\n<div class=\"min-h-8 text-message flex w-full flex-col items-end gap-2 whitespace-normal break-words text-start [.text-message+&amp;]:mt-5\" dir=\"auto\" data-message-author-role=\"assistant\" data-message-id=\"b080906d-586a-45a5-bbed-ade28bd7e809\" data-message-model-slug=\"gpt-4o\">\n<div class=\"flex w-full flex-col gap-1 empty:hidden first:pt-[3px]\">\n<div class=\"markdown prose w-full break-words dark:prose-invert light\">\n<ol data-start=\"3738\" data-end=\"4924\">\n<li data-start=\"3738\" data-end=\"3959\">\n<p data-start=\"3741\" data-end=\"3959\"><strong data-start=\"3741\" data-end=\"3827\">Hogyan befoly\u00e1solja az Aivono Flash 35000 Puffs kett\u0151s h\u00e1l\u00f3s tekercs az \u00edzt hossz\u00fa haszn\u00e1lat sor\u00e1n?<\/strong><br data-start=\"3827\" data-end=\"3830\" \/>A kett\u0151s h\u00e1l\u00f3s tekercsek egyenletesebben melegszenek, mint az egyetlen huzalos tekercsek, seg\u00edtve, hogy a Flash 35K \u00edze hosszabb ideig megmaradjon a 36 ml-es tart\u00e1lyban.<\/p>\n<\/li>\n<li data-start=\"3961\" data-end=\"4212\">\n<p data-start=\"3964\" data-end=\"4212\"><strong data-start=\"3964\" data-end=\"4065\">Mi az el\u0151nye az \u00e1ll\u00edthat\u00f3 watt-teljes\u00edtm\u00e9nynek az Aivono Flash 35000 \u00fajrat\u00f6lthet\u0151 eldobhat\u00f3 vape-ben?<\/strong><br data-start=\"4065\" data-end=\"4068\" \/>Az \u00e1ll\u00edthat\u00f3 watt-teljes\u00edtm\u00e9ny lehet\u0151v\u00e9 teszi a g\u0151z meleg\u00e9nek \u00e9s intenzit\u00e1s\u00e1nak szab\u00e1lyoz\u00e1s\u00e1t. Az alacsonyabb be\u00e1ll\u00edt\u00e1sok sim\u00e1bb napi h\u00faz\u00e1st tesznek lehet\u0151v\u00e9, a magasabb be\u00e1ll\u00edt\u00e1sok vastagabb felh\u0151ket eredm\u00e9nyeznek.<\/p>\n<\/li>\n<li data-start=\"4214\" data-end=\"4429\">\n<p data-start=\"4217\" data-end=\"4429\"><strong data-start=\"4217\" data-end=\"4297\">M\u0171k\u00f6dik az Aivono Flash 35K k\u00e9tsebess\u00e9ges l\u00e9g\u00e1raml\u00e1s mind MTL, mind DTL felhaszn\u00e1l\u00f3k sz\u00e1m\u00e1ra?<\/strong><br data-start=\"4297\" data-end=\"4300\" \/>Igen. A szorosabb l\u00e9g\u00e1raml\u00e1si be\u00e1ll\u00edt\u00e1s t\u00e1mogatja az MTL-st\u00edlus\u00fa h\u00faz\u00e1sokat, m\u00edg a nyitottabb be\u00e1ll\u00edt\u00e1s szabadabb, magasabb felh\u0151j\u0171 h\u00faz\u00e1st biztos\u00edt DTL felhaszn\u00e1l\u00f3knak.<\/p>\n<\/li>\n<li data-start=\"4431\" data-end=\"4670\">\n<p data-start=\"4434\" data-end=\"4670\"><strong data-start=\"4434\" data-end=\"4533\">Befejezheti az Aivono Flash 35000 Type-C \u00fajrat\u00f6lthet\u0151 eldobhat\u00f3 az eg\u00e9sz 36 ml-es e-liquid tart\u00e1lyt?<\/strong><br data-start=\"4533\" data-end=\"4536\" \/>Ez a c\u00e9lja az \u00fajrat\u00f6lthet\u0151 kialak\u00edt\u00e1snak. Ha az akkumul\u00e1tor lemer\u00fcl, miel\u0151tt a folyad\u00e9k elfogy, egy gyors Type-C t\u00f6lt\u00e9s folytatja a haszn\u00e1latot.<\/p>\n<\/li>\n<li data-start=\"4672\" data-end=\"4924\">\n<p data-start=\"4675\" data-end=\"4924\"><strong data-start=\"4675\" data-end=\"4785\">Alkalmas-e az Aivono Flash 35000 Puffs nagy kapacit\u00e1s\u00fa vape azok sz\u00e1m\u00e1ra, akik stabil g\u0151zkiad\u00e1st szeretn\u00e9nek?<\/strong><br data-start=\"4785\" data-end=\"4788\" \/>Ez a rutinra van tervezve: nagy folyad\u00e9kt\u00f6meg, kett\u0151s h\u00e1l\u00f3s tekercsek \u00e9s \u00e1ll\u00edthat\u00f3 teljes\u00edtm\u00e9ny, amelyek hossz\u00fa \u00fcl\u00e9sek sor\u00e1n is stabil g\u0151z s\u0171r\u0171s\u00e9get biztos\u00edtanak.<\/p>\n<\/li>\n<\/ol>\n<\/div>\n<\/div>\n<\/div>\n<\/div>\n<\/div>\n<\/div>\n<\/div>\n<\/div>\n<\/div>\n<\/div>\n<\/div>\n<\/div>\n<\/div>","protected":false},"excerpt":{"rendered":"<p>Aivono Aim Flash 35000 Puffs 21% 5% alacsony nikotinos eldobhat\u00f3 vape nagykereskedelmi \u00e1r<br \/>\nAivono Flash 35000 Puffs \u00fajrat\u00f6lthet\u0151 eldobhat\u00f3 vape nagykereskedelem<br \/>\nOlcs\u00f3 gy\u00e1ri Aivono Aim Flash 35000 Puffs 21% 5% alacsony nikotinos eldobhat\u00f3 vape<\/p>\n<p><strong>Adja hozz\u00e1 Amy-t WhatsApp-on, hogy azonnali v\u00e1laszt \u00e9s vape kupont kapjon!<\/strong><\/p>\n<p><img fetchpriority=\"high\" decoding=\"async\" class=\"size-full wp-image-2932\" src=\"https:\/\/vapestornado.com\/wp-content\/uploads\/2024\/12\/Vape-Wholesale.jpg\" alt=\"Vape nagykereskedelem\" width=\"229\" height=\"300\" \/><\/p>\n<h3><a href=\"https:\/\/wa.me\/8617776015835\"><span style=\"color: #ff0000;\"><strong>WhatsApp: +86 17776015835<\/strong><\/span><\/a><\/h3>\n<p>&nbsp;<\/p>","protected":false},"featured_media":3283,"comment_status":"open","ping_status":"closed","template":"","meta":{"_acf_changed":false,"_uag_custom_page_level_css":"","_lmt_disableupdate":"no","_lmt_disable":"","_monsterinsights_skip_tracking":false,"_monsterinsights_sitenote_active":false,"_monsterinsights_sitenote_note":"","_monsterinsights_sitenote_category":0,"site-sidebar-layout":"default","site-content-layout":"","ast-site-content-layout":"default","site-content-style":"default","site-sidebar-style":"default","ast-global-header-display":"","ast-banner-title-visibility":"","ast-main-header-display":"","ast-hfb-above-header-display":"","ast-hfb-below-header-display":"","ast-hfb-mobile-header-display":"","site-post-title":"","ast-breadcrumbs-content":"","ast-featured-img":"","footer-sml-layout":"","ast-disable-related-posts":"","theme-transparent-header-meta":"default","adv-header-id-meta":"","stick-header-meta":"","header-above-stick-meta":"","header-main-stick-meta":"","header-below-stick-meta":"","astra-migrate-meta-layouts":"set","ast-page-background-enabled":"default","ast-page-background-meta":{"desktop":{"background-color":"","background-image":"","background-repeat":"repeat","background-position":"center center","background-size":"auto","background-attachment":"scroll","background-type":"","background-media":"","overlay-type":"","overlay-color":"","overlay-opacity":"","overlay-gradient":""},"tablet":{"background-color":"","background-image":"","background-repeat":"repeat","background-position":"center center","background-size":"auto","background-attachment":"scroll","background-type":"","background-media":"","overlay-type":"","overlay-color":"","overlay-opacity":"","overlay-gradient":""},"mobile":{"background-color":"","background-image":"","background-repeat":"repeat","background-position":"center center","background-size":"auto","background-attachment":"scroll","background-type":"","background-media":"","overlay-type":"","overlay-color":"","overlay-opacity":"","overlay-gradient":""}},"ast-content-background-meta":{"desktop":{"background-color":"var(--ast-global-color-5)","background-image":"","background-repeat":"repeat","background-position":"center center","background-size":"auto","background-attachment":"scroll","background-type":"","background-media":"","overlay-type":"","overlay-color":"","overlay-opacity":"","overlay-gradient":""},"tablet":{"background-color":"var(--ast-global-color-5)","background-image":"","background-repeat":"repeat","background-position":"center center","background-size":"auto","background-attachment":"scroll","background-type":"","background-media":"","overlay-type":"","overlay-color":"","overlay-opacity":"","overlay-gradient":""},"mobile":{"background-color":"var(--ast-global-color-5)","background-image":"","background-repeat":"repeat","background-position":"center center","background-size":"auto","background-attachment":"scroll","background-type":"","background-media":"","overlay-type":"","overlay-color":"","overlay-opacity":"","overlay-gradient":""}},"_joinchat":{"telephone":"+8617776015835"}},"product_brand":[],"product_cat":[175,176,151,157,158,142,144],"product_tag":[185,165,97,166,184,94],"class_list":{"0":"post-3289","1":"product","2":"type-product","3":"status-publish","4":"has-post-thumbnail","6":"product_cat-35000-puff","7":"product_cat-aivono-vape","8":"product_cat-buy-disposable-vapes-in-france","9":"product_cat-buy-disposable-vapes-in-portugal","10":"product_cat-buy-disposable-vapes-in-spain","11":"product_cat-digital-box-disposable-vapes","12":"product_cat-low-nicotine-disposable-vapes","13":"product_tag-aivono-flash-35000-puffs","14":"product_tag-cheap-vapes","15":"product_tag-hot-sale-disposable-vape","16":"product_tag-low-nicotine-vape","17":"product_tag-puff-35k","18":"product_tag-rechargeable-disposable-vape","19":"desktop-align-left","20":"tablet-align-left","21":"mobile-align-left","23":"first","24":"instock","25":"sale","26":"shipping-taxable","27":"purchasable","28":"product-type-simple"},"acf":[],"uagb_featured_image_src":{"full":["https:\/\/vapestornado.com\/wp-content\/uploads\/2024\/12\/Aivono-35000-Puffs-Disposable-Vape-Wholesale.jpg",800,800,false],"thumbnail":["https:\/\/vapestornado.com\/wp-content\/uploads\/2024\/12\/Aivono-35000-Puffs-Disposable-Vape-Wholesale-150x150.jpg",150,150,true],"medium":["https:\/\/vapestornado.com\/wp-content\/uploads\/2024\/12\/Aivono-35000-Puffs-Disposable-Vape-Wholesale-300x300.jpg",300,300,true],"medium_large":["https:\/\/vapestornado.com\/wp-content\/uploads\/2024\/12\/Aivono-35000-Puffs-Disposable-Vape-Wholesale-768x768.jpg",768,768,true],"large":["https:\/\/vapestornado.com\/wp-content\/uploads\/2024\/12\/Aivono-35000-Puffs-Disposable-Vape-Wholesale.jpg",800,800,false],"1536x1536":["https:\/\/vapestornado.com\/wp-content\/uploads\/2024\/12\/Aivono-35000-Puffs-Disposable-Vape-Wholesale.jpg",800,800,false],"2048x2048":["https:\/\/vapestornado.com\/wp-content\/uploads\/2024\/12\/Aivono-35000-Puffs-Disposable-Vape-Wholesale.jpg",800,800,false],"trp-custom-language-flag":["https:\/\/vapestornado.com\/wp-content\/uploads\/2024\/12\/Aivono-35000-Puffs-Disposable-Vape-Wholesale.jpg",12,12,false],"woocommerce_thumbnail":["https:\/\/vapestornado.com\/wp-content\/uploads\/2024\/12\/Aivono-35000-Puffs-Disposable-Vape-Wholesale-300x300.jpg",300,300,true],"woocommerce_single":["https:\/\/vapestornado.com\/wp-content\/uploads\/2024\/12\/Aivono-35000-Puffs-Disposable-Vape-Wholesale-600x600.jpg",600,600,true],"woocommerce_gallery_thumbnail":["https:\/\/vapestornado.com\/wp-content\/uploads\/2024\/12\/Aivono-35000-Puffs-Disposable-Vape-Wholesale-100x100.jpg",100,100,true]},"uagb_author_info":{"display_name":"ESAMY","author_link":"https:\/\/vapestornado.com\/hu\/author\/"},"uagb_comment_info":0,"uagb_excerpt":"Aivono Aim Flash 35000 Puffs 2% 5% Low Nicotine Disposable Vape Bulk Buy Price Aivono Flash 35000 Puffs Rechargeable Disposable Vape Wholesale Cheap Factory\u00a0Aivono Aim Flash 35000 Puffs 2% 5% Low Nicotine Disposable Vape Add Amy's whatsapp get right reply and vape vape coupon! WhatsApp: +86 17776015835 &nbsp;","_links":{"self":[{"href":"https:\/\/vapestornado.com\/hu\/wp-json\/wp\/v2\/product\/3289","targetHints":{"allow":["GET"]}}],"collection":[{"href":"https:\/\/vapestornado.com\/hu\/wp-json\/wp\/v2\/product"}],"about":[{"href":"https:\/\/vapestornado.com\/hu\/wp-json\/wp\/v2\/types\/product"}],"replies":[{"embeddable":true,"href":"https:\/\/vapestornado.com\/hu\/wp-json\/wp\/v2\/comments?post=3289"}],"wp:featuredmedia":[{"embeddable":true,"href":"https:\/\/vapestornado.com\/hu\/wp-json\/wp\/v2\/media\/3283"}],"wp:attachment":[{"href":"https:\/\/vapestornado.com\/hu\/wp-json\/wp\/v2\/media?parent=3289"}],"wp:term":[{"taxonomy":"product_brand","embeddable":true,"href":"https:\/\/vapestornado.com\/hu\/wp-json\/wp\/v2\/product_brand?post=3289"},{"taxonomy":"product_cat","embeddable":true,"href":"https:\/\/vapestornado.com\/hu\/wp-json\/wp\/v2\/product_cat?post=3289"},{"taxonomy":"product_tag","embeddable":true,"href":"https:\/\/vapestornado.com\/hu\/wp-json\/wp\/v2\/product_tag?post=3289"}],"curies":[{"name":"wp","href":"https:\/\/api.w.org\/{rel}","templated":true}]}}