{"id":3275,"date":"2024-12-19T09:37:17","date_gmt":"2024-12-19T09:37:17","guid":{"rendered":"https:\/\/vapestornado.com\/?post_type=product&#038;p=3275"},"modified":"2025-08-23T11:21:53","modified_gmt":"2025-08-23T11:21:53","slug":"fumot-tornado-30000-puffs-music-disposable-vape","status":"publish","type":"product","link":"https:\/\/vapestornado.com\/hu\/product\/fumot-tornado-30000-puffs-music-disposable-vape\/","title":{"rendered":"Fumot Tornado 30000 Sz\u00edv\u00e1s Zenei Eldobhat\u00f3 Vape"},"content":{"rendered":"<h1>Fumot Tornado 30000 Sz\u00edv\u00e1s Zenei Eldobhat\u00f3 Vape<\/h1>\n<h2>Mi az a Fumot Tornado 30000 Puffs Music eldobhat\u00f3 vape?<\/h2>\n<p data-start=\"206\" data-end=\"569\">A <strong data-start=\"210\" data-end=\"261\">Fumot Tornado 30000 Sz\u00edv\u00e1s Zenei Eldobhat\u00f3 Vape<\/strong> sz\u00f3rakoz\u00e1st \u00f6tv\u00f6zi a teljes\u00edtm\u00e9nnyel, olyan eszk\u00f6zt k\u00edn\u00e1lva a nagykeresked\u0151knek \u00e9s a kiskeresked\u0151knek, amely t\u00falmutat a szok\u00e1sos eldobhat\u00f3 eszk\u00f6z\u00f6k\u00f6n. Egy hatalmas <strong data-start=\"399\" data-end=\"423\">30 000 slukk kapacit\u00e1s<\/strong> \u00e9s egy <strong data-start=\"430\" data-end=\"461\">600mAh-s \u00fajrat\u00f6lthet\u0151 akkumul\u00e1tor<\/strong>kapacit\u00e1ssal rendelkezik, amely hosszan tart\u00f3 haszn\u00e1latot biztos\u00edt, egyenletes teljes\u00edtm\u00e9nnyel, t\u00f6k\u00e9letes a hossz\u00fa t\u00e1v\u00fa \u00e9rt\u00e9ket c\u00e9lz\u00f3 t\u00f6meges v\u00e1s\u00e1rl\u00f3k sz\u00e1m\u00e1ra.<\/p>\n<p data-start=\"571\" data-end=\"885\">Kiemelked\u0151 tulajdons\u00e1ga a <strong data-start=\"599\" data-end=\"628\">zene-szinkroniz\u00e1lt RGB vil\u00e1g\u00edt\u00e1s<\/strong>, amely dinamikus, klub-szer\u0171 hangulatot teremt, ami rezon\u00e1l a fiatalabb eur\u00f3pai fogyaszt\u00f3kkal. Egy <strong data-start=\"727\" data-end=\"745\">1.0\u03a9 mesh tekercs<\/strong>h\u00e1l\u00f3s tekercs <strong data-start=\"835\" data-end=\"856\">mellett a Tornado 30K sima g\u0151zt, s\u0171r\u0171 felh\u0151ket \u00e9s er\u0151s \u00edzeket biztos\u00edt<\/strong>30 egyedi opci\u00f3ban<\/p>\n<p data-start=\"887\" data-end=\"1306\">A <strong data-start=\"891\" data-end=\"920\">Type-C gyors t\u00f6lt\u0151 port<\/strong> \u2014a gy\u00fcm\u00f6lcs\u00f6st\u0151l a jeges kever\u00e9kekig. <strong data-start=\"967\" data-end=\"980\">2%-os \u00e9s 5%-os<\/strong> minimaliz\u00e1lja az \u00e1ll\u00e1sid\u0151t, m\u00edg a nikotin v\u00e1laszt\u00e1si lehet\u0151s\u00e9gei <strong data-start=\"1158\" data-end=\"1215\">lehet\u0151v\u00e9 teszik a rugalmass\u00e1got a k\u00fcl\u00f6nb\u00f6z\u0151 felhaszn\u00e1l\u00f3i szegmensek sz\u00e1m\u00e1ra. A karcs\u00fa, hordozhat\u00f3 \u00e9s szemet gy\u00f6ny\u00f6rk\u00f6dtet\u0151 modell nemcsak vape-k\u00e9nt, hanem \u00e9letst\u00edlus-kieg\u00e9sz\u00edt\u0151k\u00e9nt is vonz\u00f3. A forgalmaz\u00f3k sz\u00e1m\u00e1ra a<\/strong> versenyk\u00e9pes nagykereskedelmi \u00e1raz\u00e1s \u00e9s az er\u0151s polcra ker\u00fcl\u00e9si vonzer\u0151<\/p>\n<h3><strong>Term\u00e9kjellemz\u0151k<\/strong><\/h3>\n<ul>\n<li><strong>Magas puffsz\u00e1m<\/strong>: Ak\u00e1r 30 000 slukk\u00f6t biztos\u00edt a hosszabb haszn\u00e1lat \u00e9rdek\u00e9ben.<\/li>\n<li><strong>Zenei \u00fctemre szinkroniz\u00e1lt f\u00e9nyek<\/strong>: LED-f\u00e9nyek, amelyek a zene \u00fctem\u00e9re v\u00e1ltoznak.<\/li>\n<li><strong>Pr\u00e9mium H\u00e1l\u00f3s Tekercs<\/strong>: Az 1,0 \u03a9-os mesh coil sima g\u0151zt \u00e9s teljes \u00edzt biztos\u00edt.<\/li>\n<li><strong>\u00dajrat\u00f6lthet\u0151 akkumul\u00e1tor<\/strong>: 600 mAh-s akkumul\u00e1tor Type-C gyorst\u00f6lt\u00e9ssel.<\/li>\n<li><strong>Sz\u00e9les \u00edzv\u00e1laszt\u00e9k<\/strong>: 30 egyedi \u00edz, amely minden ig\u00e9nyt kiel\u00e9g\u00edt.<\/li>\n<\/ul>\n<p><img fetchpriority=\"high\" decoding=\"async\" class=\"alignnone size-full wp-image-3277\" src=\"https:\/\/vapestornado.com\/wp-content\/uploads\/2024\/12\/Fumot-Tornado-Vape-30000-Puffs-Wholesale-Store.png\" alt=\"Fumot Tornado Vape 30000 Puffs nagykereskedelmi \u00fczlet\" width=\"900\" height=\"416\" srcset=\"https:\/\/vapestornado.com\/wp-content\/uploads\/2024\/12\/Fumot-Tornado-Vape-30000-Puffs-Wholesale-Store.png 900w, https:\/\/vapestornado.com\/wp-content\/uploads\/2024\/12\/Fumot-Tornado-Vape-30000-Puffs-Wholesale-Store-300x139.png 300w, https:\/\/vapestornado.com\/wp-content\/uploads\/2024\/12\/Fumot-Tornado-Vape-30000-Puffs-Wholesale-Store-768x355.png 768w, https:\/\/vapestornado.com\/wp-content\/uploads\/2024\/12\/Fumot-Tornado-Vape-30000-Puffs-Wholesale-Store-600x277.png 600w\" sizes=\"(max-width: 900px) 100vw, 900px\" \/><img decoding=\"async\" class=\"alignnone size-full wp-image-3281\" src=\"https:\/\/vapestornado.com\/wp-content\/uploads\/2024\/12\/30000-Puffs-Fumot-Tornado-Disposable-Vape-Wholesale.png\" alt=\"30000 Puffs Fumot Tornado eldobhat\u00f3 vape nagykeresked\u00e9s\" width=\"900\" height=\"393\" srcset=\"https:\/\/vapestornado.com\/wp-content\/uploads\/2024\/12\/30000-Puffs-Fumot-Tornado-Disposable-Vape-Wholesale.png 900w, https:\/\/vapestornado.com\/wp-content\/uploads\/2024\/12\/30000-Puffs-Fumot-Tornado-Disposable-Vape-Wholesale-300x131.png 300w, https:\/\/vapestornado.com\/wp-content\/uploads\/2024\/12\/30000-Puffs-Fumot-Tornado-Disposable-Vape-Wholesale-768x335.png 768w, https:\/\/vapestornado.com\/wp-content\/uploads\/2024\/12\/30000-Puffs-Fumot-Tornado-Disposable-Vape-Wholesale-600x262.png 600w\" sizes=\"(max-width: 900px) 100vw, 900px\" \/> <img decoding=\"async\" class=\"alignnone size-full wp-image-3282\" src=\"https:\/\/vapestornado.com\/wp-content\/uploads\/2024\/12\/Bulk-Fumot-Tornado-30K-Disposable-Vape-Music-Edition.png\" alt=\"\" width=\"900\" height=\"392\" srcset=\"https:\/\/vapestornado.com\/wp-content\/uploads\/2024\/12\/Bulk-Fumot-Tornado-30K-Disposable-Vape-Music-Edition.png 900w, https:\/\/vapestornado.com\/wp-content\/uploads\/2024\/12\/Bulk-Fumot-Tornado-30K-Disposable-Vape-Music-Edition-300x131.png 300w, https:\/\/vapestornado.com\/wp-content\/uploads\/2024\/12\/Bulk-Fumot-Tornado-30K-Disposable-Vape-Music-Edition-768x335.png 768w, https:\/\/vapestornado.com\/wp-content\/uploads\/2024\/12\/Bulk-Fumot-Tornado-30K-Disposable-Vape-Music-Edition-600x261.png 600w\" sizes=\"(max-width: 900px) 100vw, 900px\" \/> <img loading=\"lazy\" decoding=\"async\" class=\"alignnone size-full wp-image-3276\" src=\"https:\/\/vapestornado.com\/wp-content\/uploads\/2024\/12\/Fumot-Tornado-30K-Music-Vape-for-Sale.png\" alt=\"Fumot Tornado 30K Music Vape elad\u00f3\" width=\"900\" height=\"439\" srcset=\"https:\/\/vapestornado.com\/wp-content\/uploads\/2024\/12\/Fumot-Tornado-30K-Music-Vape-for-Sale.png 900w, https:\/\/vapestornado.com\/wp-content\/uploads\/2024\/12\/Fumot-Tornado-30K-Music-Vape-for-Sale-300x146.png 300w, https:\/\/vapestornado.com\/wp-content\/uploads\/2024\/12\/Fumot-Tornado-30K-Music-Vape-for-Sale-768x375.png 768w, https:\/\/vapestornado.com\/wp-content\/uploads\/2024\/12\/Fumot-Tornado-30K-Music-Vape-for-Sale-600x293.png 600w\" sizes=\"(max-width: 900px) 100vw, 900px\" \/><\/p>\n<h2>Fumot Tornado 30000 Szippant\u00e1s<strong> \u00cdzlista:<\/strong><\/h2>\n<ol>\n<li>Ban\u00e1n j\u00e9g<\/li>\n<li>Fekete j\u00e9g<\/li>\n<li>K\u00e9k Razz Ice<\/li>\n<li>\u00c1fonya j\u00e9gen<\/li>\n<li>\u00c1fonya M\u00e1lna<\/li>\n<li>\u00c1fonya savany\u00fa m\u00e1lna<\/li>\n<li>Cseresznye j\u00e9g<\/li>\n<li>Cseresznye k\u00f3la<\/li>\n<li>K\u00f3la J\u00e9g<\/li>\n<li>H\u0171v\u00f6s Mentol<\/li>\n<li>Dupla Alma<\/li>\n<li>Dr. Blue<\/li>\n<li>Sz\u0151l\u0151 J\u00e9g<\/li>\n<li>J\u00e9gkr\u00e9m<\/li>\n<li>Kivi Maracuja Guava<\/li>\n<li>Szeretet 66<\/li>\n<li>Luxus J\u00e9g<\/li>\n<li>Vegyes Bogy\u00f3k<\/li>\n<li>\u0150szibarack Bogy\u00f3<\/li>\n<li>\u0150szibarack j\u00e9g<\/li>\n<li>\u0150szibarack Mang\u00f3 Anan\u00e1sz<\/li>\n<li>Anan\u00e1sz J\u00e9g<\/li>\n<li>R\u00f3zsasz\u00edn Limon\u00e1d\u00e9<\/li>\n<li>Skittles<\/li>\n<li>Eper Ban\u00e1n<\/li>\n<li>Eper Sz\u0151l\u0151<\/li>\n<li>Eper j\u00e9g<\/li>\n<li>Eperdinnye<\/li>\n<li>Tripla Mang\u00f3<\/li>\n<li>Vimto<\/li>\n<\/ol>\n<h3>Fumot Tornado 30000 Puffs Top 5 \u00cdzek<\/h3>\n<ol>\n<li><strong>Ban\u00e1n j\u00e9g<\/strong>: \u00c9des ban\u00e1n h\u0171s\u00edt\u0151 mentolos befejez\u00e9ssel.<\/li>\n<li><strong>\u00c1fonya savany\u00fa m\u00e1lna<\/strong>: Cs\u00edp\u0151s \u00e1fonya savany\u00fa m\u00e1lna csavarral.<\/li>\n<li><strong>Kivi Maracuja Guava<\/strong>: Egzotikus gy\u00fcm\u00f6lcs\u00f6k tr\u00f3pusi egyvelege.<\/li>\n<li><strong>\u0150szibarack Mang\u00f3 Anan\u00e1sz<\/strong>: L\u00e9d\u00fas \u0151szibarack, mang\u00f3 \u00e9s anan\u00e1sz f\u00fazi\u00f3.<\/li>\n<li><strong>K\u00f3la J\u00e9g<\/strong>: Klasszikus k\u00f3la \u00edz friss\u00edt\u0151 jeges \u00e9rint\u00e9ssel.<\/li>\n<\/ol>\n<h2>Mi\u00e9rt v\u00e1laszd a Fumot RandM 30000 Puffs eldobhat\u00f3 vape-et?<\/h2>\n<ul>\n<li><strong>P\u00e1ratlan \u00e9lettartam<\/strong>: A hatalmas, 30 000 slukkos kapacit\u00e1s fel\u00fclm\u00falja a tipikus eldobhat\u00f3 eszk\u00f6z\u00f6ket.<\/li>\n<li><strong>Mag\u00e1val ragad\u00f3 \u00e9lm\u00e9ny<\/strong>: A LED-l\u00e1mp\u00e1k szinkroniz\u00e1l\u00f3dnak a zen\u00e9ddel, egyedi vaping hangulatot teremtve.<\/li>\n<li><strong>Kiemelked\u0151 teljes\u00edtm\u00e9ny<\/strong>: A pr\u00e9mium h\u00e1l\u00f3s tekercs egyenletes g\u0151zt \u00e9s mer\u00e9sz \u00edzt biztos\u00edt.<\/li>\n<li><strong>\u00dajrat\u00f6lthet\u0151 k\u00e9nyelem<\/strong>: A Type-C port gyors, megb\u00edzhat\u00f3 t\u00f6lt\u00e9st tesz lehet\u0151v\u00e9 a hosszabb haszn\u00e1lat \u00e9rdek\u00e9ben.<\/li>\n<li><strong>\u00cdzletes v\u00e1laszt\u00e9k<\/strong>: 30 finom lehet\u0151s\u00e9g minden \u00edzl\u00e9s kiel\u00e9g\u00edt\u00e9s\u00e9re.<\/li>\n<\/ul>\n<h4>Fumot Tornado 30000 nagykereskedelmi kapcsolat \u00e9s k\u00e9rjen kedvezm\u00e9nyt most!<\/h4>\n<figure id=\"attachment_2921\" aria-describedby=\"caption-attachment-2921\" style=\"width: 887px\" class=\"wp-caption alignnone\"><img loading=\"lazy\" decoding=\"async\" class=\"size-large wp-image-2921\" src=\"https:\/\/vapestornado.com\/wp-content\/uploads\/2024\/11\/20062b3a285f900e79520aad496b94d-887x1024.jpg\" alt=\"vapestornado Vicky\" width=\"887\" height=\"1024\" srcset=\"https:\/\/vapestornado.com\/wp-content\/uploads\/2024\/11\/20062b3a285f900e79520aad496b94d-887x1024.jpg 887w, https:\/\/vapestornado.com\/wp-content\/uploads\/2024\/11\/20062b3a285f900e79520aad496b94d-260x300.jpg 260w, https:\/\/vapestornado.com\/wp-content\/uploads\/2024\/11\/20062b3a285f900e79520aad496b94d-768x887.jpg 768w, https:\/\/vapestornado.com\/wp-content\/uploads\/2024\/11\/20062b3a285f900e79520aad496b94d-600x693.jpg 600w, https:\/\/vapestornado.com\/wp-content\/uploads\/2024\/11\/20062b3a285f900e79520aad496b94d.jpg 1080w\" sizes=\"(max-width: 887px) 100vw, 887px\" \/><figcaption id=\"caption-attachment-2921\" class=\"wp-caption-text\">vapestornado Vicky<\/figcaption><\/figure>","protected":false},"excerpt":{"rendered":"<p data-start=\"1346\" data-end=\"1528\">A <strong data-start=\"1350\" data-end=\"1384\">Fumot Tornado 30000 Zene Vape<\/strong> 30 000 slukkot, RGB zenei f\u00e9nyeket \u00e9s egy \u00fajrat\u00f6lthet\u0151 600 mAh-s akkumul\u00e1tort k\u00edn\u00e1l. Egy st\u00edlusos eldobhat\u00f3 eszk\u00f6z, amelyet a <strong data-start=\"1490\" data-end=\"1525\">eur\u00f3pai nagykereskedelmi v\u00e1s\u00e1rl\u00f3k sz\u00e1m\u00e1ra terveztek<\/strong>.<\/p>\n<p><strong><span style=\"color: #ff0000;\">(a weboldalunkon felt\u00fcntetett \u00e1r nem tartalmazza a sz\u00e1ll\u00edt\u00e1si k\u00f6lts\u00e9get, k\u00e9rj\u00fck, vegye fel velem a kapcsolatot a teljes \u00e1r \u00e9s a kedvezm\u00e9nye miatt!)<\/span><\/strong><\/p>\n<p><img loading=\"lazy\" decoding=\"async\" class=\"size-medium wp-image-2921\" src=\"https:\/\/vapestornado.com\/wp-content\/uploads\/2024\/11\/20062b3a285f900e79520aad496b94d-260x300.jpg\" alt=\"vapestornado Vicky\" width=\"260\" height=\"300\" srcset=\"https:\/\/vapestornado.com\/wp-content\/uploads\/2024\/11\/20062b3a285f900e79520aad496b94d-260x300.jpg 260w, https:\/\/vapestornado.com\/wp-content\/uploads\/2024\/11\/20062b3a285f900e79520aad496b94d-887x1024.jpg 887w, https:\/\/vapestornado.com\/wp-content\/uploads\/2024\/11\/20062b3a285f900e79520aad496b94d-768x887.jpg 768w, https:\/\/vapestornado.com\/wp-content\/uploads\/2024\/11\/20062b3a285f900e79520aad496b94d-600x693.jpg 600w, https:\/\/vapestornado.com\/wp-content\/uploads\/2024\/11\/20062b3a285f900e79520aad496b94d.jpg 1080w\" sizes=\"(max-width: 260px) 100vw, 260px\" \/><\/p>","protected":false},"featured_media":3278,"comment_status":"open","ping_status":"closed","template":"","meta":{"_acf_changed":false,"_uag_custom_page_level_css":"","_lmt_disableupdate":"no","_lmt_disable":"","_monsterinsights_skip_tracking":false,"_monsterinsights_sitenote_active":false,"_monsterinsights_sitenote_note":"","_monsterinsights_sitenote_category":0,"site-sidebar-layout":"default","site-content-layout":"","ast-site-content-layout":"default","site-content-style":"default","site-sidebar-style":"default","ast-global-header-display":"","ast-banner-title-visibility":"","ast-main-header-display":"","ast-hfb-above-header-display":"","ast-hfb-below-header-display":"","ast-hfb-mobile-header-display":"","site-post-title":"","ast-breadcrumbs-content":"","ast-featured-img":"","footer-sml-layout":"","ast-disable-related-posts":"","theme-transparent-header-meta":"default","adv-header-id-meta":"","stick-header-meta":"","header-above-stick-meta":"","header-main-stick-meta":"","header-below-stick-meta":"","astra-migrate-meta-layouts":"set","ast-page-background-enabled":"default","ast-page-background-meta":{"desktop":{"background-color":"","background-image":"","background-repeat":"repeat","background-position":"center center","background-size":"auto","background-attachment":"scroll","background-type":"","background-media":"","overlay-type":"","overlay-color":"","overlay-opacity":"","overlay-gradient":""},"tablet":{"background-color":"","background-image":"","background-repeat":"repeat","background-position":"center center","background-size":"auto","background-attachment":"scroll","background-type":"","background-media":"","overlay-type":"","overlay-color":"","overlay-opacity":"","overlay-gradient":""},"mobile":{"background-color":"","background-image":"","background-repeat":"repeat","background-position":"center center","background-size":"auto","background-attachment":"scroll","background-type":"","background-media":"","overlay-type":"","overlay-color":"","overlay-opacity":"","overlay-gradient":""}},"ast-content-background-meta":{"desktop":{"background-color":"var(--ast-global-color-5)","background-image":"","background-repeat":"repeat","background-position":"center center","background-size":"auto","background-attachment":"scroll","background-type":"","background-media":"","overlay-type":"","overlay-color":"","overlay-opacity":"","overlay-gradient":""},"tablet":{"background-color":"var(--ast-global-color-5)","background-image":"","background-repeat":"repeat","background-position":"center center","background-size":"auto","background-attachment":"scroll","background-type":"","background-media":"","overlay-type":"","overlay-color":"","overlay-opacity":"","overlay-gradient":""},"mobile":{"background-color":"var(--ast-global-color-5)","background-image":"","background-repeat":"repeat","background-position":"center center","background-size":"auto","background-attachment":"scroll","background-type":"","background-media":"","overlay-type":"","overlay-color":"","overlay-opacity":"","overlay-gradient":""}},"_joinchat":{"telephone":"+8618077105750"}},"product_brand":[],"product_cat":[67,152,158,159,142,58,144,148],"product_tag":[],"class_list":{"0":"post-3275","1":"product","2":"type-product","3":"status-publish","4":"has-post-thumbnail","6":"product_cat-30000-puff","7":"product_cat-buy-disposable-vapes-in-cermany","8":"product_cat-buy-disposable-vapes-in-spain","9":"product_cat-buy-disposable-vapes-in-sweden","10":"product_cat-digital-box-disposable-vapes","11":"product_cat-fumot-vape","12":"product_cat-low-nicotine-disposable-vapes","13":"product_cat-tornado-disposable-vapes","14":"desktop-align-left","15":"tablet-align-left","16":"mobile-align-left","18":"first","19":"instock","20":"sale","21":"shipping-taxable","22":"purchasable","23":"product-type-simple"},"acf":[],"uagb_featured_image_src":{"full":["https:\/\/vapestornado.com\/wp-content\/uploads\/2024\/12\/Fumot-Vape-Wholesale-Store-Best-Prices.jpg",900,900,false],"thumbnail":["https:\/\/vapestornado.com\/wp-content\/uploads\/2024\/12\/Fumot-Vape-Wholesale-Store-Best-Prices-150x150.jpg",150,150,true],"medium":["https:\/\/vapestornado.com\/wp-content\/uploads\/2024\/12\/Fumot-Vape-Wholesale-Store-Best-Prices-300x300.jpg",300,300,true],"medium_large":["https:\/\/vapestornado.com\/wp-content\/uploads\/2024\/12\/Fumot-Vape-Wholesale-Store-Best-Prices-768x768.jpg",768,768,true],"large":["https:\/\/vapestornado.com\/wp-content\/uploads\/2024\/12\/Fumot-Vape-Wholesale-Store-Best-Prices.jpg",900,900,false],"1536x1536":["https:\/\/vapestornado.com\/wp-content\/uploads\/2024\/12\/Fumot-Vape-Wholesale-Store-Best-Prices.jpg",900,900,false],"2048x2048":["https:\/\/vapestornado.com\/wp-content\/uploads\/2024\/12\/Fumot-Vape-Wholesale-Store-Best-Prices.jpg",900,900,false],"trp-custom-language-flag":["https:\/\/vapestornado.com\/wp-content\/uploads\/2024\/12\/Fumot-Vape-Wholesale-Store-Best-Prices.jpg",12,12,false],"woocommerce_thumbnail":["https:\/\/vapestornado.com\/wp-content\/uploads\/2024\/12\/Fumot-Vape-Wholesale-Store-Best-Prices-300x300.jpg",300,300,true],"woocommerce_single":["https:\/\/vapestornado.com\/wp-content\/uploads\/2024\/12\/Fumot-Vape-Wholesale-Store-Best-Prices-600x600.jpg",600,600,true],"woocommerce_gallery_thumbnail":["https:\/\/vapestornado.com\/wp-content\/uploads\/2024\/12\/Fumot-Vape-Wholesale-Store-Best-Prices-100x100.jpg",100,100,true]},"uagb_author_info":{"display_name":"ESvicky","author_link":"https:\/\/vapestornado.com\/hu\/author\/"},"uagb_comment_info":0,"uagb_excerpt":"The Fumot Tornado 30000 Music Vape offers 30K puffs, RGB music lights, and a rechargeable 600mAh battery. A stylish disposable designed for wholesale bulk buyers in Europe. (our website price not include shipping cost, please contact me to get whole price and your disccount!)","_links":{"self":[{"href":"https:\/\/vapestornado.com\/hu\/wp-json\/wp\/v2\/product\/3275","targetHints":{"allow":["GET"]}}],"collection":[{"href":"https:\/\/vapestornado.com\/hu\/wp-json\/wp\/v2\/product"}],"about":[{"href":"https:\/\/vapestornado.com\/hu\/wp-json\/wp\/v2\/types\/product"}],"replies":[{"embeddable":true,"href":"https:\/\/vapestornado.com\/hu\/wp-json\/wp\/v2\/comments?post=3275"}],"wp:featuredmedia":[{"embeddable":true,"href":"https:\/\/vapestornado.com\/hu\/wp-json\/wp\/v2\/media\/3278"}],"wp:attachment":[{"href":"https:\/\/vapestornado.com\/hu\/wp-json\/wp\/v2\/media?parent=3275"}],"wp:term":[{"taxonomy":"product_brand","embeddable":true,"href":"https:\/\/vapestornado.com\/hu\/wp-json\/wp\/v2\/product_brand?post=3275"},{"taxonomy":"product_cat","embeddable":true,"href":"https:\/\/vapestornado.com\/hu\/wp-json\/wp\/v2\/product_cat?post=3275"},{"taxonomy":"product_tag","embeddable":true,"href":"https:\/\/vapestornado.com\/hu\/wp-json\/wp\/v2\/product_tag?post=3275"}],"curies":[{"name":"wp","href":"https:\/\/api.w.org\/{rel}","templated":true}]}}