{"id":3246,"date":"2024-12-19T07:46:10","date_gmt":"2024-12-19T07:46:10","guid":{"rendered":"https:\/\/vapestornado.com\/?post_type=product&#038;p=3246"},"modified":"2025-08-23T12:26:13","modified_gmt":"2025-08-23T12:26:13","slug":"vapsolo-king-10000-puffs-2-5-low-nicotine-rechargeable-disposable-vapes-pen-wholesale-bulk-buy","status":"publish","type":"product","link":"https:\/\/vapestornado.com\/hu\/product\/vapsolo-king-10000-puffs-2-5-low-nicotine-rechargeable-disposable-vapes-pen-wholesale-bulk-buy\/","title":{"rendered":"Vapsolo King 10000 Puffs 2% 5% Alacsony Nikotin \u00dajrat\u00f6lthet\u0151 Eldobhat\u00f3 Vape Toll Nagykereskedelmi \u00d6mlesztett V\u00e1s\u00e1rl\u00e1s"},"content":{"rendered":"<h1 class=\"product-title\">Vapsolo King 10000 Puffs 2% 5% Alacsony Nikotin \u00dajrat\u00f6lthet\u0151 Eldobhat\u00f3 Vape Toll Nagykereskedelmi \u00d6mlesztett V\u00e1s\u00e1rl\u00e1s<\/h1>\n<p>A <strong>Vapsolo King 10000 Puffs Alacsony nikotintartalm\u00fa \u00fajrat\u00f6lthet\u0151 eldobhat\u00f3 vape toll<\/strong> egy pr\u00e9mium v\u00e1laszt\u00e1s a vaperek sz\u00e1m\u00e1ra, akik <strong>hosszantart\u00f3 teljes\u00edtm\u00e9nyt<\/strong>, <strong>szab\u00e1lyozhat\u00f3 l\u00e9g\u00e1raml\u00e1s<\/strong>, \u00e9s kiv\u00e1l\u00f3 \u00e9rt\u00e9ket keresnek. A leny\u0171g\u00f6z\u0151 <strong>10 000 f\u00faj\u00e1ssal<\/strong> k\u00e9sz\u00fcl\u00e9kenk\u00e9nt ez a vape hosszan tart\u00f3 el\u00e9gedetts\u00e9get biztos\u00edt an\u00e9lk\u00fcl, hogy gyakori cser\u00e9re lenne sz\u00fcks\u00e9g.<\/p>\n<p>Mit\u0151l egyedi a Bang Vape 35000? <strong>20 ml e-liquid kapacit\u00e1s<\/strong> p\u00e1ros\u00edtva <strong>mesh coil technol\u00f3gi\u00e1val<\/strong> sim\u00e1bb g\u0151ztermel\u00e9st \u00e9s kiv\u00e9teles \u00edzt biztos\u00edt minden f\u00faj\u00e1sn\u00e1l. A <strong>650mAh-s \u00fajrat\u00f6lthet\u0151 akkumul\u00e1tor<\/strong> konzisztens teljes\u00edtm\u00e9nyt biztos\u00edt, \u00e9s a <strong>Type-C gyorst\u00f6lt\u00e9ssel<\/strong> minim\u00e1lis \u00e1ll\u00e1sid\u0151vel k\u00e9szen tartja a vape-re.<\/p>\n<p>A szem\u00e9lyre szab\u00e1sra tervezett <strong>szab\u00e1lyozhat\u00f3 l\u00e9g\u00e1raml\u00e1ssal<\/strong> funkci\u00f3 h\u00e1rom be\u00e1ll\u00edt\u00e1st k\u00edn\u00e1l a k\u00edv\u00e1nt vaping st\u00edlushoz \u2013 ak\u00e1r szorosabb h\u00faz\u00e1st, ak\u00e1r nyitottabb l\u00e9g\u00e1raml\u00e1st szeretne. A <strong>k\u00f6nny\u0171 \u00e9s hordozhat\u00f3 kialak\u00edt\u00e1s<\/strong>mind\u00f6ssze 95 g s\u00faly\u00e1val t\u00f6k\u00e9letes a \u00fatk\u00f6zben l\u00e9v\u0151 vaperek sz\u00e1m\u00e1ra. R\u00e1ad\u00e1sul a <strong>nagykereskedelmi \u00e1raz\u00e1si<\/strong>a Vapsolo King 10000 megfizethet\u0151 \u00e9s megb\u00edzhat\u00f3 lehet\u0151s\u00e9g mind az egy\u00e9nek, mind a kiskeresked\u0151k sz\u00e1m\u00e1ra.<\/p>\n<p>&nbsp;<\/p>\n<p><strong>Add meg Amy Whatsappj\u00e1t a gyors v\u00e1lasz\u00e9rt \u00e9s vape kupon\u00e9rt!<\/strong><\/p>\n<p><img fetchpriority=\"high\" decoding=\"async\" class=\"size-full wp-image-2932\" src=\"https:\/\/vapestornado.com\/wp-content\/uploads\/2024\/12\/Vape-Wholesale.jpg\" alt=\"Vape nagykereskedelem\" width=\"229\" height=\"300\" \/><\/p>\n<h3><a href=\"https:\/\/wa.me\/8617776015835\" target=\"_blank\" rel=\"noopener\"><span style=\"color: #ff0000;\"><strong>WhatsApp: +86 17776015835<\/strong><\/span><\/a><\/h3>\n<p>&nbsp;<\/p>\n<h2><strong>Vapsolo King 10000 Puffs term\u00e9kjellemz\u0151k<\/strong><\/h2>\n<div role=\"article\" data-tabster=\"{&quot;groupper&quot;:{&quot;tabbability&quot;:2},&quot;focusable&quot;:{}}\" data-content=\"ai-message\" aria-labelledby=\"juhNTJ6o7Gk1cgwZMJgv2-author juhNTJ6o7Gk1cgwZMJgv2-content\">\n<div id=\"juhNTJ6o7Gk1cgwZMJgv2-content\">\n<div role=\"article\" data-tabster=\"{&quot;groupper&quot;:{&quot;tabbability&quot;:2},&quot;focusable&quot;:{}}\" data-content=\"ai-message\" aria-labelledby=\"x4EZuCZWrTbh3weWUt7CU-author x4EZuCZWrTbh3weWUt7CU-content\">\n<div id=\"x4EZuCZWrTbh3weWUt7CU-content\">\n<h3><\/h3>\n<ol>\n<li style=\"list-style-type: none;\">\n<ol>\n<li><strong>10 000 sz\u00edv\u00e1s:<\/strong> Hosszan tart\u00f3 g\u0151z\u00f6l\u00e9si \u00e9lm\u00e9ny a zavartalan el\u00e9gedetts\u00e9g\u00e9rt.<\/li>\n<li><strong>\u00dajrat\u00f6lthet\u0151 akkumul\u00e1tor:<\/strong> <strong>650mAh akkumul\u00e1torral<\/strong> \u00e1ltal m\u0171k\u00f6dtetve <strong>Type-C gyorst\u00f6lt\u00e9ssel<\/strong> a k\u00e9nyelem\u00e9rt.<\/li>\n<li><strong>\u00c1ll\u00edthat\u00f3 l\u00e9g\u00e1raml\u00e1s:<\/strong> H\u00e1rom testreszabhat\u00f3 be\u00e1ll\u00edt\u00e1s a szem\u00e9lyre szabott sz\u00edv\u00e1s\u00e9rt.<\/li>\n<li><strong>H\u00e1l\u00f3s tekercs technol\u00f3gia:<\/strong> Biztos\u00edtja a sima g\u0151zk\u00e9pz\u0151d\u00e9st \u00e9s a fokozott \u00edzt.<\/li>\n<li><strong>20 ml E-Liquid kapacit\u00e1s:<\/strong> Kevesebb ut\u00e1nt\u00f6lt\u00e9s a nagyobb k\u00e9nyelem \u00e9rdek\u00e9ben.<\/li>\n<li><strong>Testreszabhat\u00f3 nikotinszintek:<\/strong> El\u00e9rhet\u0151 <strong>2% \u00e9s 5% alacsony nikotintartalom<\/strong> opci\u00f3k.<\/li>\n<li><strong>K\u00f6nny\u0171 kialak\u00edt\u00e1s:<\/strong> S\u00falya mind\u00f6ssze <strong>95g<\/strong>, t\u00f6k\u00e9letes a hordozhat\u00f3s\u00e1ghoz \u00e9s az utaz\u00e1shoz.<\/li>\n<li><strong>Nagykereskedelmi el\u00e9rhet\u0151s\u00e9g:<\/strong> Megfizethet\u0151 t\u00f6meges v\u00e1s\u00e1rl\u00e1si lehet\u0151s\u00e9gek, ide\u00e1lisak szem\u00e9lyes \u00e9s kiskereskedelmi haszn\u00e1latra.<\/li>\n<\/ol>\n<\/li>\n<\/ol>\n<figure id=\"attachment_3241\" aria-describedby=\"caption-attachment-3241\" style=\"width: 600px\" class=\"wp-caption alignnone\"><img decoding=\"async\" class=\"wp-image-3241\" src=\"https:\/\/vapestornado.com\/wp-content\/uploads\/2024\/12\/Vapsolo-Disposable-Vape-Wholesale-300x300.jpg\" alt=\"Eldobhat\u00f3 Vape Nagykereskedelem Vapsolo King 10000 Slukk\" width=\"600\" height=\"600\" srcset=\"https:\/\/vapestornado.com\/wp-content\/uploads\/2024\/12\/Vapsolo-Disposable-Vape-Wholesale-300x300.jpg 300w, https:\/\/vapestornado.com\/wp-content\/uploads\/2024\/12\/Vapsolo-Disposable-Vape-Wholesale-150x150.jpg 150w, https:\/\/vapestornado.com\/wp-content\/uploads\/2024\/12\/Vapsolo-Disposable-Vape-Wholesale-768x768.jpg 768w, https:\/\/vapestornado.com\/wp-content\/uploads\/2024\/12\/Vapsolo-Disposable-Vape-Wholesale-600x600.jpg 600w, https:\/\/vapestornado.com\/wp-content\/uploads\/2024\/12\/Vapsolo-Disposable-Vape-Wholesale-100x100.jpg 100w, https:\/\/vapestornado.com\/wp-content\/uploads\/2024\/12\/Vapsolo-Disposable-Vape-Wholesale.jpg 1000w\" sizes=\"(max-width: 600px) 100vw, 600px\" \/><figcaption id=\"caption-attachment-3241\" class=\"wp-caption-text\">Eldobhat\u00f3 Vape Nagykereskedelem Vapsolo King 10000 Slukk<\/figcaption><\/figure>\n<\/div>\n<\/div>\n<\/div>\n<\/div>\n<h2 class=\"product-title\"><strong>Vapsolo King 10000 \u00cdzek list\u00e1ja<\/strong><\/h2>\n<p>1.\u00c1fonya m\u00e1lna<br \/>\n2.k\u00e9k m\u00e1lna<br \/>\n3.eper kiwi<br \/>\n4.\u0151szibarack mang\u00f3 anan\u00e1sz<br \/>\n5. piros bors<br \/>\n6. ban\u00e1n j\u00e9g<br \/>\n7. savany\u00fa anan\u00e1sz j\u00e9g<br \/>\n8. eper m\u00e1lna cseresznye j\u00e9g<br \/>\n9. kivi maracuja guava<br \/>\n10. eper ban\u00e1n<br \/>\n11. sz\u00e9nsavas cseresznye<br \/>\n12. \u00e1fonya j\u00e9g<br \/>\n13. prime eper g\u00f6r\u00f6gdinnye<br \/>\n14. lila es\u0151<br \/>\n15. citrom lime<br \/>\n16. Mr. Blue<br \/>\n17. Piros alma<br \/>\n18. Vegyes bogy\u00f3k<br \/>\n19. G\u00f6r\u00f6gdinnye j\u00e9g<br \/>\n20. Eper j\u00e9g<\/p>\n<h3>Mi\u00e9rt v\u00e1lassza a vapestornado-t a Vapsolo King 10k Puffs Vape nagykereskedelm\u00e9hez?<\/h3>\n<div class=\"flex-shrink-0 flex flex-col relative items-end\">\n<div class=\"pt-0\">\n<div class=\"gizmo-bot-avatar flex h-8 w-8 items-center justify-center overflow-hidden rounded-full\">\n<div class=\"relative p-1 rounded-sm flex items-center justify-center bg-token-main-surface-primary text-token-text-primary h-8 w-8\">\n<p>\u00dcdv\u00f6z\u00f6lj\u00fck a vapestornado-n, az \u00d6n megb\u00edzhat\u00f3 online vape boltj\u00e1ban a pr\u00e9mium eldobhat\u00f3 vape-okhoz. T\u00f6bb mint 5 \u00e9ves szak\u00e9rtelemmel hozunk el \u00d6nnek n\u00e9pszer\u0171 eldobhat\u00f3 vape m\u00e1rk\u00e1kat, mint p\u00e9ld\u00e1ul a Fumot RandM Vape, <a href=\"https:\/\/vapestornado.com\/hu\/product\/vapme-crystal-7000-puffs-rechargeable-disposable-vape-wholesale-cheap-price\/\">Vapme<\/a>, Bang Vape, Waspe Vape \u00e9s WGA Vape, stb.<\/p>\n<p>K\u00edn\u00e1latunkban szerepelnek n\u00e9pszer\u0171 vape-ok, mint a <a href=\"https:\/\/vapestornado.com\/hu\/product\/fumot-randm-tornado-15000-puffs-rechargeable-disposable-vape-wholesale\/\">RandM Torn\u00e1d\u00f3 15000<\/a>, \u00e9s \u00edzgazdag v\u00e1laszt\u00e1sok, mint a <a href=\"https:\/\/vapestornado.com\/hu\/product\/vapsolo-dg-18000-puffs-smart-screen-wholesale-disposable-cheap-vapes\/\">\u00a0Vapsolo DG18000 Puffs<\/a> . Minden term\u00e9k\u00fcnket a min\u0151s\u00e9g, \u00e9rt\u00e9k \u00e9s v\u00e1ltozatoss\u00e1g figyelembev\u00e9tel\u00e9vel v\u00e1lasztjuk ki, biztos\u00edtva, hogy megtal\u00e1lja az ig\u00e9nyeinek legmegfelel\u0151bbet. Fedezze fel a kiv\u00e9teles szolg\u00e1ltat\u00e1st \u00e9s a top term\u00e9kek sz\u00e9les v\u00e1laszt\u00e9k\u00e1t nagykereskedelmi \u00e1ron a vapestornado-n.<\/p>\n<\/div>\n<h3><\/h3>\n<div class=\"relative p-1 rounded-sm flex items-center justify-center bg-token-main-surface-primary text-token-text-primary h-8 w-8\">\n<h3>GYIK a Vapsolo King 10000 eldobhat\u00f3 vape-hez<\/h3>\n<\/div>\n<\/div>\n<\/div>\n<\/div>\n<div class=\"flex-shrink-0 flex flex-col relative items-end\">\n<div class=\"pt-0\">\n<div class=\"gizmo-bot-avatar flex h-8 w-8 items-center justify-center overflow-hidden rounded-full\">\n<div class=\"relative p-1 rounded-sm flex items-center justify-center bg-token-main-surface-primary text-token-text-primary h-8 w-8\">\n<div class=\"mb-2 flex gap-3 empty:hidden -ml-2\">\n<div role=\"article\" data-tabster=\"{&quot;groupper&quot;:{&quot;tabbability&quot;:2},&quot;focusable&quot;:{}}\" data-content=\"ai-message\" aria-labelledby=\"Vdt5ez4X7Tg813x6rFVha-author Vdt5ez4X7Tg813x6rFVha-content\">\n<div id=\"Vdt5ez4X7Tg813x6rFVha-content\">\n<div role=\"article\" data-tabster=\"{&quot;groupper&quot;:{&quot;tabbability&quot;:2},&quot;focusable&quot;:{}}\" data-content=\"ai-message\" aria-labelledby=\"o968oC7CEo2fGHsGdsRYC-author o968oC7CEo2fGHsGdsRYC-content\">\n<div id=\"o968oC7CEo2fGHsGdsRYC-content\">\n<h3><\/h3>\n<ol>\n<li><strong>H\u00e1ny slukk\u00f6t k\u00edn\u00e1l a Vapsolo 10000?<\/strong><br \/>\nLeny\u0171g\u00f6z\u0151 <strong>10 000 f\u00faj\u00e1ssal<\/strong>k\u00edn\u00e1l, \u00edgy kiv\u00e1l\u00f3 v\u00e1laszt\u00e1s a tart\u00f3s eldobhat\u00f3 vape-ekhez.<\/li>\n<li><strong>\u00dajrat\u00f6lthetem a Vapsolo King 10k-t?<\/strong><br \/>\nIgen, rendelkezik egy <strong>650mAh-s \u00fajrat\u00f6lthet\u0151 akkumul\u00e1tor<\/strong> egy <strong>Type-C t\u00f6lt\u0151porttal<\/strong> a gyors \u00e9s egyszer\u0171 \u00fajrat\u00f6lt\u00e9shez.<\/li>\n<li><strong>Milyen nikotiner\u0151ss\u00e9gek \u00e9rhet\u0151k el?<\/strong><br \/>\nA k\u00e9sz\u00fcl\u00e9k <strong>2% \u00e9s 5% alacsony nikotintartalom<\/strong> opci\u00f3kban \u00e9rhet\u0151 el, a preferenci\u00e1k sz\u00e9les sk\u00e1l\u00e1j\u00e1t kiel\u00e9g\u00edtve.<\/li>\n<li><strong>Hogyan m\u0171k\u00f6dik az \u00e1ll\u00edthat\u00f3 l\u00e9g\u00e1raml\u00e1s?<\/strong><br \/>\nA Vapsolo King 10000 <strong>h\u00e1rom l\u00e9g\u00e1raml\u00e1si be\u00e1ll\u00edt\u00e1ssal rendelkezik<\/strong>, amely lehet\u0151v\u00e9 teszi, hogy testre szabja a vaping \u00e9lm\u00e9nyt a szorosabb vagy laz\u00e1bb h\u00faz\u00e1shoz.<\/li>\n<li><strong>Hol v\u00e1s\u00e1rolhatom meg a Vapsolo King 10000-et nagykereskedelmi \u00e1ron?<\/strong><br \/>\nA legjobb <strong>nagykereskedelmi eldobhat\u00f3 vape<\/strong> aj\u00e1nlatok, l\u00e1togasson el a vapestornado oldalra<strong>\u00a0online vape bolt<\/strong>, ahol megtal\u00e1lja <strong>olcs\u00f3 eldobhat\u00f3 vape-ok<\/strong> kiv\u00e1l\u00f3 min\u0151s\u00e9g\u0171 teljes\u00edtm\u00e9nnyel.<\/li>\n<\/ol>\n<\/div>\n<\/div>\n<\/div>\n<\/div>\n<\/div>\n<\/div>\n<\/div>\n<\/div>\n<\/div>","protected":false},"excerpt":{"rendered":"<p>Vapsolo King 10000 Puffs 2% 5% Alacsony nikotintartalm\u00fa eldobhat\u00f3 vape nagy t\u00e9telben<br \/>\nVapsolo King 10000 Puffs \u00dajrat\u00f6lthet\u0151 eldobhat\u00f3 vape nagykeresked\u00e9s<br \/>\nOlcs\u00f3 gy\u00e1ri Vapsolo King 10000 Puffs 2% 5% Alacsony nikotintartalm\u00fa eldobhat\u00f3 vape<\/p>\n<p><strong>Adja hozz\u00e1 Amy-t WhatsApp-on, hogy azonnali v\u00e1laszt \u00e9s vape kupont kapjon!<\/strong><\/p>\n<p><img fetchpriority=\"high\" decoding=\"async\" class=\"size-full wp-image-2932\" src=\"https:\/\/vapestornado.com\/wp-content\/uploads\/2024\/12\/Vape-Wholesale.jpg\" alt=\"Vape nagykereskedelem\" width=\"229\" height=\"300\" \/><\/p>\n<h3><a href=\"https:\/\/wa.me\/8617776015835\"><span style=\"color: #ff0000;\"><strong>WhatsApp: +86 17776015835<\/strong><\/span><\/a><\/h3>\n<p>&nbsp;<\/p>","protected":false},"featured_media":3240,"comment_status":"open","ping_status":"closed","template":"","meta":{"_acf_changed":false,"_uag_custom_page_level_css":"","_lmt_disableupdate":"no","_lmt_disable":"","_monsterinsights_skip_tracking":false,"_monsterinsights_sitenote_active":false,"_monsterinsights_sitenote_note":"","_monsterinsights_sitenote_category":0,"site-sidebar-layout":"default","site-content-layout":"","ast-site-content-layout":"default","site-content-style":"default","site-sidebar-style":"default","ast-global-header-display":"","ast-banner-title-visibility":"","ast-main-header-display":"","ast-hfb-above-header-display":"","ast-hfb-below-header-display":"","ast-hfb-mobile-header-display":"","site-post-title":"","ast-breadcrumbs-content":"","ast-featured-img":"","footer-sml-layout":"","ast-disable-related-posts":"","theme-transparent-header-meta":"default","adv-header-id-meta":"","stick-header-meta":"","header-above-stick-meta":"","header-main-stick-meta":"","header-below-stick-meta":"","astra-migrate-meta-layouts":"set","ast-page-background-enabled":"default","ast-page-background-meta":{"desktop":{"background-color":"","background-image":"","background-repeat":"repeat","background-position":"center center","background-size":"auto","background-attachment":"scroll","background-type":"","background-media":"","overlay-type":"","overlay-color":"","overlay-opacity":"","overlay-gradient":""},"tablet":{"background-color":"","background-image":"","background-repeat":"repeat","background-position":"center center","background-size":"auto","background-attachment":"scroll","background-type":"","background-media":"","overlay-type":"","overlay-color":"","overlay-opacity":"","overlay-gradient":""},"mobile":{"background-color":"","background-image":"","background-repeat":"repeat","background-position":"center center","background-size":"auto","background-attachment":"scroll","background-type":"","background-media":"","overlay-type":"","overlay-color":"","overlay-opacity":"","overlay-gradient":""}},"ast-content-background-meta":{"desktop":{"background-color":"var(--ast-global-color-5)","background-image":"","background-repeat":"repeat","background-position":"center center","background-size":"auto","background-attachment":"scroll","background-type":"","background-media":"","overlay-type":"","overlay-color":"","overlay-opacity":"","overlay-gradient":""},"tablet":{"background-color":"var(--ast-global-color-5)","background-image":"","background-repeat":"repeat","background-position":"center center","background-size":"auto","background-attachment":"scroll","background-type":"","background-media":"","overlay-type":"","overlay-color":"","overlay-opacity":"","overlay-gradient":""},"mobile":{"background-color":"var(--ast-global-color-5)","background-image":"","background-repeat":"repeat","background-position":"center center","background-size":"auto","background-attachment":"scroll","background-type":"","background-media":"","overlay-type":"","overlay-color":"","overlay-opacity":"","overlay-gradient":""}},"_joinchat":{"telephone":"+8617776015835"}},"product_brand":[],"product_cat":[106,151,154,160,144,146,19,171],"product_tag":[165,97,166,94,139,180],"class_list":{"0":"post-3246","1":"product","2":"type-product","3":"status-publish","4":"has-post-thumbnail","6":"product_cat-10000-puff","7":"product_cat-buy-disposable-vapes-in-france","8":"product_cat-buy-disposable-vapes-in-netherlands","9":"product_cat-buy-disposable-vapes-in-switzerland","10":"product_cat-low-nicotine-disposable-vapes","11":"product_cat-rechargeable-disposable-vapes","12":"product_cat-vapes","13":"product_cat-vapsolo-disposable-vapes","14":"product_tag-cheap-vapes","15":"product_tag-hot-sale-disposable-vape","16":"product_tag-low-nicotine-vape","17":"product_tag-rechargeable-disposable-vape","18":"product_tag-vapsolo","19":"product_tag-vapsolo-king-10000","20":"desktop-align-left","21":"tablet-align-left","22":"mobile-align-left","24":"first","25":"instock","26":"sale","27":"shipping-taxable","28":"purchasable","29":"product-type-simple"},"acf":[],"uagb_featured_image_src":{"full":["https:\/\/vapestornado.com\/wp-content\/uploads\/2024\/12\/Disposable-Vape-Wholesale-Vapsolo-King-10000-Puffs.jpg",1000,1000,false],"thumbnail":["https:\/\/vapestornado.com\/wp-content\/uploads\/2024\/12\/Disposable-Vape-Wholesale-Vapsolo-King-10000-Puffs-150x150.jpg",150,150,true],"medium":["https:\/\/vapestornado.com\/wp-content\/uploads\/2024\/12\/Disposable-Vape-Wholesale-Vapsolo-King-10000-Puffs-300x300.jpg",300,300,true],"medium_large":["https:\/\/vapestornado.com\/wp-content\/uploads\/2024\/12\/Disposable-Vape-Wholesale-Vapsolo-King-10000-Puffs-768x768.jpg",768,768,true],"large":["https:\/\/vapestornado.com\/wp-content\/uploads\/2024\/12\/Disposable-Vape-Wholesale-Vapsolo-King-10000-Puffs.jpg",1000,1000,false],"1536x1536":["https:\/\/vapestornado.com\/wp-content\/uploads\/2024\/12\/Disposable-Vape-Wholesale-Vapsolo-King-10000-Puffs.jpg",1000,1000,false],"2048x2048":["https:\/\/vapestornado.com\/wp-content\/uploads\/2024\/12\/Disposable-Vape-Wholesale-Vapsolo-King-10000-Puffs.jpg",1000,1000,false],"trp-custom-language-flag":["https:\/\/vapestornado.com\/wp-content\/uploads\/2024\/12\/Disposable-Vape-Wholesale-Vapsolo-King-10000-Puffs.jpg",12,12,false],"woocommerce_thumbnail":["https:\/\/vapestornado.com\/wp-content\/uploads\/2024\/12\/Disposable-Vape-Wholesale-Vapsolo-King-10000-Puffs-300x300.jpg",300,300,true],"woocommerce_single":["https:\/\/vapestornado.com\/wp-content\/uploads\/2024\/12\/Disposable-Vape-Wholesale-Vapsolo-King-10000-Puffs-600x600.jpg",600,600,true],"woocommerce_gallery_thumbnail":["https:\/\/vapestornado.com\/wp-content\/uploads\/2024\/12\/Disposable-Vape-Wholesale-Vapsolo-King-10000-Puffs-100x100.jpg",100,100,true]},"uagb_author_info":{"display_name":"ESAMY","author_link":"https:\/\/vapestornado.com\/hu\/author\/"},"uagb_comment_info":1,"uagb_excerpt":"Vapsolo King 10000 Puffs 2% 5% Low Nicotine Disposable Vape Bulk Buy Price Vapsolo King 10000 Puffs Rechargeable Disposable Vape Wholesale Cheap Factory Vapsolo King 10000 Puffs 2% 5% Low Nicotine Disposable Vape Add Amy's whatsapp get right reply and vape vape coupon! WhatsApp: +86 17776015835 &nbsp;","_links":{"self":[{"href":"https:\/\/vapestornado.com\/hu\/wp-json\/wp\/v2\/product\/3246","targetHints":{"allow":["GET"]}}],"collection":[{"href":"https:\/\/vapestornado.com\/hu\/wp-json\/wp\/v2\/product"}],"about":[{"href":"https:\/\/vapestornado.com\/hu\/wp-json\/wp\/v2\/types\/product"}],"replies":[{"embeddable":true,"href":"https:\/\/vapestornado.com\/hu\/wp-json\/wp\/v2\/comments?post=3246"}],"wp:featuredmedia":[{"embeddable":true,"href":"https:\/\/vapestornado.com\/hu\/wp-json\/wp\/v2\/media\/3240"}],"wp:attachment":[{"href":"https:\/\/vapestornado.com\/hu\/wp-json\/wp\/v2\/media?parent=3246"}],"wp:term":[{"taxonomy":"product_brand","embeddable":true,"href":"https:\/\/vapestornado.com\/hu\/wp-json\/wp\/v2\/product_brand?post=3246"},{"taxonomy":"product_cat","embeddable":true,"href":"https:\/\/vapestornado.com\/hu\/wp-json\/wp\/v2\/product_cat?post=3246"},{"taxonomy":"product_tag","embeddable":true,"href":"https:\/\/vapestornado.com\/hu\/wp-json\/wp\/v2\/product_tag?post=3246"}],"curies":[{"name":"wp","href":"https:\/\/api.w.org\/{rel}","templated":true}]}}