{"id":3231,"date":"2024-12-18T09:42:32","date_gmt":"2024-12-18T09:42:32","guid":{"rendered":"https:\/\/vapestornado.com\/?post_type=product&#038;p=3231"},"modified":"2025-08-23T12:12:36","modified_gmt":"2025-08-23T12:12:36","slug":"wholesale-price-aivono-curved-smart-screen-35000-puffs-disposable-vape","status":"publish","type":"product","link":"https:\/\/vapestornado.com\/hu\/product\/wholesale-price-aivono-curved-smart-screen-35000-puffs-disposable-vape\/","title":{"rendered":"Nagykereskedelmi \u00e1r AIVONO Curved Smart Screen 35000 Puffs eldobhat\u00f3 vape"},"content":{"rendered":"<h1>Nagykereskedelmi \u00e1r AIVONO Curved Smart Screen 35000 Puffs eldobhat\u00f3 vape<\/h1>\n<p>A <strong data-start=\"346\" data-end=\"404\">AIVONO \u00cdvelt Okos K\u00e9perny\u0151s 35000 Puffs Eldobhat\u00f3 Vape<\/strong> a fejlett technol\u00f3gi\u00e1t, a pr\u00e9mium diz\u00e1jnt \u00e9s a hosszan tart\u00f3 teljes\u00edtm\u00e9nyt \u00e9rt\u00e9kel\u0151 vaperek sz\u00e1m\u00e1ra k\u00e9sz\u00fclt. Ak\u00e1r <strong data-start=\"524\" data-end=\"540\">35 000 slukkot<\/strong>puffs-ot is biztos\u00edt, ez az eszk\u00f6z egy megb\u00edzhat\u00f3 <strong data-start=\"579\" data-end=\"622\">850mAh tiszta kobalt \u00fajrat\u00f6lthet\u0151 akkumul\u00e1torral<\/strong> \u00e1ltal m\u0171k\u00f6dtetve <strong data-start=\"628\" data-end=\"652\">Type-C gyorst\u00f6lt\u00e9ssel<\/strong>m\u0171k\u00f6dik, amely biztos\u00edtja a zavartalan g\u0151z\u00f6l\u00e9st. A <strong data-start=\"689\" data-end=\"726\">28 ml el\u0151ret\u00f6lt\u00f6tt e-liquid kapacit\u00e1sa<\/strong> \u00e9s a t\u00f6bbf\u00e9le nikotiner\u0151ss\u00e9g (0%, 2%, 3%, 5%) miatt sz\u00e9les k\u00f6z\u00f6ns\u00e9g sz\u00e1m\u00e1ra alkalmas.<\/p>\n<p>A <strong data-start=\"825\" data-end=\"848\">1.0\u03a9 duplah\u00e1l\u00f3s kaz\u00e1n<\/strong> biztos\u00edtja a gazdag \u00edzt \u00e9s a sima felh\u0151ket, m\u00edg a <strong data-start=\"898\" data-end=\"927\">\u00e1ll\u00edthat\u00f3 teljes\u00edtm\u00e9ny be\u00e1ll\u00edt\u00e1sokkal<\/strong> lehet\u0151v\u00e9 teszi a felhaszn\u00e1l\u00f3k sz\u00e1m\u00e1ra a g\u0151zs\u0171r\u0171s\u00e9g \u00e9s az intenzit\u00e1s testreszab\u00e1s\u00e1t. Az \u00edvelt dinamikus <strong data-start=\"998\" data-end=\"1015\">okos kijelz\u0151vel<\/strong> val\u00f3s id\u0151ben mutatja az akkumul\u00e1tor \u00e9lettartam\u00e1t \u00e9s az e-liquid szintj\u00e9t, amelyet anim\u00e1lt t\u00f6lt\u00e9si vizu\u00e1lis elemek \u00e9s egy testreszabhat\u00f3 megvil\u00e1g\u00edtott log\u00f3 eg\u00e9sz\u00edt ki.<\/p>\n<p>A <strong data-start=\"1166\" data-end=\"1190\">eleg\u00e1ns, kompakt fel\u00e9p\u00edt\u00e9se<\/strong> \u00e9s az OEM\/ODM opci\u00f3k miatt az AIVONO \u00cdvelt Okos K\u00e9perny\u0151s 35K ide\u00e1lis mind a szem\u00e9lyes felhaszn\u00e1l\u00f3k, mind a <strong data-start=\"1284\" data-end=\"1304\">nagykereskedelmi v\u00e1s\u00e1rl\u00f3k<\/strong> magyarorsz\u00e1gi viszontelad\u00f3k sz\u00e1m\u00e1ra. Az innov\u00e1ci\u00f3t, a tart\u00f3ss\u00e1got \u00e9s a st\u00edlust \u00f6tv\u00f6zve kiemelked\u0151 v\u00e1laszt\u00e1s a <strong data-start=\"1392\" data-end=\"1452\">kiskeresked\u0151k \u00e9s forgalmaz\u00f3k sz\u00e1m\u00e1ra, akik nagy t\u00e9telben keresnek eldobhat\u00f3 vape-eket<\/strong> versenyk\u00e9pes \u00e1ron.<\/p>\n<figure id=\"attachment_3474\" aria-describedby=\"caption-attachment-3474\" style=\"width: 800px\" class=\"wp-caption alignnone\"><img fetchpriority=\"high\" decoding=\"async\" class=\"wp-image-3474 size-full\" src=\"https:\/\/vapestornado.com\/wp-content\/uploads\/2024\/12\/AIVONO-35k-puff-vape-Box.jpg\" alt=\"AIVONO 35k puff vape doboz\" width=\"800\" height=\"800\" srcset=\"https:\/\/vapestornado.com\/wp-content\/uploads\/2024\/12\/AIVONO-35k-puff-vape-Box.jpg 800w, https:\/\/vapestornado.com\/wp-content\/uploads\/2024\/12\/AIVONO-35k-puff-vape-Box-300x300.jpg 300w, https:\/\/vapestornado.com\/wp-content\/uploads\/2024\/12\/AIVONO-35k-puff-vape-Box-150x150.jpg 150w, https:\/\/vapestornado.com\/wp-content\/uploads\/2024\/12\/AIVONO-35k-puff-vape-Box-768x768.jpg 768w, https:\/\/vapestornado.com\/wp-content\/uploads\/2024\/12\/AIVONO-35k-puff-vape-Box-600x600.jpg 600w, https:\/\/vapestornado.com\/wp-content\/uploads\/2024\/12\/AIVONO-35k-puff-vape-Box-100x100.jpg 100w\" sizes=\"(max-width: 800px) 100vw, 800px\" \/><figcaption id=\"caption-attachment-3474\" class=\"wp-caption-text\">AIVONO 35k puff vape doboz<\/figcaption><\/figure>\n<p><img decoding=\"async\" class=\"wp-image-2951\" src=\"https:\/\/vapestornado.com\/wp-content\/uploads\/2024\/12\/Wholesale-Disposable-Vape-265x300.jpg\" alt=\"Nagykereskedelmi eldobhat\u00f3 Vape\" width=\"295\" height=\"334\" srcset=\"https:\/\/vapestornado.com\/wp-content\/uploads\/2024\/12\/Wholesale-Disposable-Vape-265x300.jpg 265w, https:\/\/vapestornado.com\/wp-content\/uploads\/2024\/12\/Wholesale-Disposable-Vape-768x871.jpg 768w, https:\/\/vapestornado.com\/wp-content\/uploads\/2024\/12\/Wholesale-Disposable-Vape-600x680.jpg 600w, https:\/\/vapestornado.com\/wp-content\/uploads\/2024\/12\/Wholesale-Disposable-Vape.jpg 823w\" sizes=\"(max-width: 295px) 100vw, 295px\" \/><\/p>\n<h6>K\u00e9rj\u00fck, vegye fel a kapcsolatot Mandy WhatsApp-j\u00e1val a kedvezm\u00e9nyes \u00e1r\u00e9rt<a href=\"https:\/\/wa.me\/8618077105796\" target=\"_blank\" rel=\"noopener\">+8618077105796<\/a><\/h6>\n<h2><strong>AIVONO Vape Hajl\u00edtott K\u00e9perny\u0151 35000 Puffs \u2013 F\u0151bb specifik\u00e1ci\u00f3k<\/strong><\/h2>\n<div class=\"flex max-w-full flex-col flex-grow\">\n<div class=\"min-h-8 text-message flex w-full flex-col items-end gap-2 whitespace-normal break-words text-start [.text-message+&amp;]:mt-5\" dir=\"auto\" data-message-author-role=\"assistant\" data-message-id=\"cdb991c0-f594-4bff-b2d5-fbbdd7ce9e54\" data-message-model-slug=\"gpt-4o-mini\">\n<div class=\"flex w-full flex-col gap-1 empty:hidden first:pt-[3px]\">\n<div class=\"markdown prose w-full break-words dark:prose-invert light\">\n<ul>\n<li><strong>Sz\u00edv\u00e1sok:<\/strong> Ak\u00e1r 35 000 slukk<\/li>\n<li><strong>E-liquid kapacit\u00e1s:<\/strong> 28ml<\/li>\n<li><strong>Akkumul\u00e1tor:<\/strong> 17350 tiszta kobalt, 850mAh (\u00dajrat\u00f6lthet\u0151, Type-C)<\/li>\n<li><strong>Ellen\u00e1ll\u00e1s:<\/strong> 1.0\u03a9 duplah\u00e1l\u00f3s kaz\u00e1n<\/li>\n<li><strong>Nikotin opci\u00f3k:<\/strong> 5%, 3%, 2%, 0%<\/li>\n<li><strong>K\u00e9perny\u0151 funkci\u00f3k:<\/strong> E-liquid \u00e9s akkumul\u00e1tor jelz\u0151f\u00e9nyek, testreszabhat\u00f3 megvil\u00e1g\u00edtott log\u00f3<\/li>\n<li><strong>Kijelz\u0151:<\/strong> \u00cdvelt dinamikus k\u00e9perny\u0151 t\u00f6lt\u00e9si \u00e9s g\u0151zeffektusokkal<\/li>\n<li><strong>\u00c1ll\u00edthat\u00f3 teljes\u00edtm\u00e9ny:<\/strong> T\u00e1mogatja az \u00edz \u00e9s g\u0151zszab\u00e1lyoz\u00e1st<\/li>\n<li><strong>Tervez\u00e9s:<\/strong> Kompakt m\u00e9ret (55*95mm), t\u00e1mogatja az OEM\/ODM testreszab\u00e1st<\/li>\n<\/ul>\n<\/div>\n<\/div>\n<\/div>\n<\/div>\n<div class=\"mb-2 flex gap-3 empty:hidden -ml-2\">\n<div class=\"items-center justify-start rounded-xl p-1 flex\"><\/div>\n<\/div>\n<h2><strong>AIVONO 35K Puff \u00edvelt k\u00e9perny\u0151s eldobhat\u00f3 vape \u00edzlista:<\/strong><\/h2>\n<p>1.AIM FLASH: Eper j\u00e9g<br \/>\n2.AIM FLASH: Eper g\u00f6r\u00f6gdinnye<br \/>\n3.AIM FLASH: Cseresznye m\u00e1lna<br \/>\n4.AIM FLASH: K\u00e9k m\u00e1lna j\u00e9g<br \/>\n5.AIM FLASH: Citromos<br \/>\n6.AIM FLASH: \u0150szibarack l\u00e9<br \/>\n7.AIM FLASH: \u00c1fonya sz\u0151l\u0151<br \/>\n8.AIM FLASH: G\u00f6r\u00f6gdinnye j\u00e9g<br \/>\n9.AIM FLASH: Alma bogy\u00f3<br \/>\n10.AIM FLASH:Mango Anan\u00e1sz<br \/>\n11.AIM FLASH:K\u00e9k Ranch<br \/>\n12.AIM FLASH:Eper J\u00e9g<br \/>\n13.AIM FLASH:Sz\u0151l\u0151<br \/>\n14.AIM FLASH:Vegyes Bogy\u00f3k<br \/>\n15.AIM FLASH:Eper Kivi J\u00e9g<\/p>\n<div role=\"article\" data-tabster=\"{&quot;groupper&quot;:{&quot;tabbability&quot;:2},&quot;focusable&quot;:{}}\" data-content=\"ai-message\" aria-labelledby=\"dARUyEWDoEYhnSPXFwx5A-author dARUyEWDoEYhnSPXFwx5A-content\">\n<div id=\"dARUyEWDoEYhnSPXFwx5A-content\">\n<h3>Mi\u00e9rt v\u00e1lassza az AIVONO \u00edvelt okos k\u00e9perny\u0151s 35000 slukkot? <a href=\"https:\/\/vapestornado.com\/hu\/store\/\">vapestornado.hu<\/a>?<\/h3>\n<ol>\n<li><strong>Pr\u00e9mium min\u0151s\u00e9g \u00e9s teljes\u00edtm\u00e9ny<\/strong><br \/>\nAz AIVONO \u00edvelt okos k\u00e9perny\u0151s 35000 slukk eldobhat\u00f3 vape kiv\u00e9teles g\u0151z\u00f6l\u00e9si \u00e9lm\u00e9nyt ny\u00fajt ak\u00e1r 35 000 slukkal. A nagy kapacit\u00e1s\u00fa, 850mAh-s \u00fajrat\u00f6lthet\u0151 akkumul\u00e1torral m\u0171k\u00f6dve egyenletes teljes\u00edtm\u00e9nyt \u00e9s kiv\u00e1l\u00f3 tart\u00f3ss\u00e1got biztos\u00edt.<\/li>\n<li><strong>Fejlett funkci\u00f3k a kiv\u00e1l\u00f3 \u00e9lm\u00e9ny\u00e9rt<\/strong><br \/>\nAz 1,0\u03a9-os kett\u0151s h\u00e1l\u00f3s tekerccsel felszerelt eszk\u00f6z minden f\u00faj\u00e1sn\u00e1l sima g\u0151ztermel\u00e9st \u00e9s gazdag \u00edzt biztos\u00edt. A \u00edvelt dinamikus okos k\u00e9perny\u0151 val\u00f3s idej\u0171 inform\u00e1ci\u00f3kat szolg\u00e1ltat az e-liquid \u00e9s az akkumul\u00e1tor szintj\u00e9r\u0151l, m\u00edg a testreszabhat\u00f3 megvil\u00e1g\u00edtott log\u00f3 egy csipetnyi kifinomults\u00e1got ad hozz\u00e1.<\/li>\n<li><strong>Minden vape-haszn\u00e1l\u00f3hoz igaz\u00edtva<\/strong><br \/>\nT\u00f6bbf\u00e9le nikotinopci\u00f3val (5%, 3%, 2%, 0%) az AIVONO vape k\u00fcl\u00f6nf\u00e9le preferenci\u00e1kat el\u00e9g\u00edt ki, \u00edgy minden vape-haszn\u00e1l\u00f3 sz\u00e1m\u00e1ra ide\u00e1lis v\u00e1laszt\u00e1s.<\/li>\n<li><strong>Eleg\u00e1ns, kompakt kialak\u00edt\u00e1s<\/strong><br \/>\nA k\u00e9nyelmet szem el\u0151tt tartva tervezett AIVONO \u00edvelt okos k\u00e9perny\u0151s vape kompakt 55*95 mm-es form\u00e1j\u00e1val k\u00f6nnyen hordozhat\u00f3, mik\u00f6zben st\u00edlusos \u00e9s modern megjelen\u00e9st biztos\u00edt.<\/li>\n<li><strong>Exkluz\u00edv el\u00e9rhet\u0151s\u00e9g a vapestornado.com-on<\/strong><br \/>\nA vapestornado.com exkluz\u00edv hozz\u00e1f\u00e9r\u00e9st k\u00edn\u00e1l az AIVONO \u00edvelt okos k\u00e9perny\u0151s 35000 Puffs-hoz, biztos\u00edtva a versenyk\u00e9pes \u00e1rakat, a gyors sz\u00e1ll\u00edt\u00e1st \u00e9s a kiv\u00e1l\u00f3 \u00fcgyf\u00e9lszolg\u00e1latot a magyarorsz\u00e1gi \u00e9s m\u00e1s v\u00e1s\u00e1rl\u00f3k sz\u00e1m\u00e1ra.<\/li>\n<li><strong>Ide\u00e1lis a magyar vape-haszn\u00e1l\u00f3k sz\u00e1m\u00e1ra<\/strong><br \/>\nAz innovat\u00edv diz\u00e1jnnal \u00e9s pr\u00e9mium teljes\u00edtm\u00e9nnyel rendelkez\u0151 AIVONO \u00edvelt okos k\u00e9perny\u0151s vape t\u00f6k\u00e9letesen illeszkedik a magyar vape-haszn\u00e1l\u00f3k kifinomult \u00edzl\u00e9s\u00e9hez, kombin\u00e1lva a cs\u00facstechnol\u00f3gi\u00e1t \u00e9s a tart\u00f3ss\u00e1got egyetlen eszk\u00f6zben.<\/li>\n<\/ol>\n<\/div>\n<\/div>\n<h3>Gyakran Ism\u00e9telt K\u00e9rd\u00e9sek az AIVONO \u00edvelt okos k\u00e9perny\u0151s 35000 Puffs-r\u00f3l<\/h3>\n<p><strong>K: H\u00e1ny f\u00faj\u00e1sra sz\u00e1m\u00edthatok az AIVONO \u00edvelt okos k\u00e9perny\u0151s 35000 Puffs-t\u00f3l?<\/strong><br \/>\n<strong>A:<\/strong> Az AIVONO \u00edvelt okos k\u00e9perny\u0151 ak\u00e1r <strong>35 000 slukkot<\/strong>-t is biztos\u00edt, ami hosszan tart\u00f3 \u00e9s kiel\u00e9g\u00edt\u0151 vaping \u00e9lm\u00e9nyt garant\u00e1l.<\/p>\n<p><strong>K: Mekkora az akkumul\u00e1tor kapacit\u00e1sa a 35k f\u00faj\u00e1sos AIVONO \u00edvelt k\u00e9perny\u0151s vape-nak?<\/strong><br \/>\n<strong>A:<\/strong> Az eszk\u00f6z egy <strong>17350 tiszta kobalt \u00fajrat\u00f6lthet\u0151 akkumul\u00e1torral<\/strong> m\u0171k\u00f6dik <strong>850mAh<\/strong>kapacit\u00e1ssal, amely megb\u00edzhat\u00f3 teljes\u00edtm\u00e9nyt \u00e9s hossz\u00fa akkumul\u00e1tor-\u00e9lettartamot k\u00edn\u00e1l.<\/p>\n<p><strong>K: T\u00e1mogatja-e az AIVONO k\u00e9perny\u0151s vape 35k f\u00faj\u00e1sos a C t\u00edpus\u00fa t\u00f6lt\u00e9st?<\/strong><br \/>\n<strong>A:<\/strong> Igen, az eszk\u00f6z rendelkezik <strong>Type-C t\u00f6lt\u0151porttal<\/strong>lehet\u0151v\u00e9 t\u00e9ve a gyors \u00e9s k\u00e9nyelmes \u00fajrat\u00f6lt\u00e9st.<\/p>\n<p><strong>K: Milyen t\u00edpus\u00fa tekercset haszn\u00e1l az AIVONO hajl\u00edtott k\u00e9perny\u0151s 35k sz\u00edv\u00e1sos e-cigi?<\/strong><br \/>\n<strong>A:<\/strong> Ez a vape egy <strong>1.0\u03a9 duplah\u00e1l\u00f3s kaz\u00e1n<\/strong>, biztos\u00edtva a sima \u00e9s egyenletes g\u0151ztermel\u00e9st, valamint a gazdag \u00e9s \u00edzletes slukkokat.<\/p>\n<p><strong>K: Hogyan ellen\u0151rizhetem az e-liquid \u00e9s az akkumul\u00e1tor t\u00f6lt\u00f6tts\u00e9gi szintj\u00e9t az AIVONO hajl\u00edtott okos k\u00e9perny\u0151s 35000 vape b\u00e1rban?<\/strong><br \/>\n<strong>A:<\/strong> Az eszk\u00f6z rendelkezik egy <strong>hajl\u00edtott dinamikus okos k\u00e9perny\u0151<\/strong> amely val\u00f3s id\u0151ben mutatja az e-liquid \u00e9s az akkumul\u00e1tor t\u00f6lt\u00f6tts\u00e9gi szintj\u00e9t, \u00edgy mindig tudni fogja, mikor kell \u00fajrat\u00f6lteni.<\/p>\n<p><strong>K: Mit\u0151l ide\u00e1lis a kedvez\u0151 \u00e1r\u00fa AIVONO hajl\u00edtott okos k\u00e9perny\u0151s 35k Vapes a magyarorsz\u00e1gi vaperek sz\u00e1m\u00e1ra?<\/strong><br \/>\n<strong>A:<\/strong> Az AIVONO hajl\u00edtott 35k sz\u00edv\u00e1sos vape a legmodernebb technol\u00f3gi\u00e1t, a letisztult diz\u00e1jnt \u00e9s a t\u00f6bb nikotinos opci\u00f3t \u00f6tv\u00f6zi, \u00edgy t\u00f6k\u00e9letes v\u00e1laszt\u00e1s a magyarorsz\u00e1gi vaperek kifinomult \u00edzl\u00e9s\u00e9hez.<\/p>","protected":false},"excerpt":{"rendered":"<p>AIVONO Hajl\u00edtott Smart Screen 35000 Puffs vape pod: Pr\u00e9mium eldobhat\u00f3 vape, 35 000 slukk, testreszabhat\u00f3 funkci\u00f3k, kett\u0151s h\u00e1l\u00f3s tekercs, Type-C t\u00f6lt\u00e9s, ide\u00e1lis magyar vaperek sz\u00e1m\u00e1ra.<\/p>\n<figure id=\"attachment_2951\" aria-describedby=\"caption-attachment-2951\" style=\"width: 265px\" class=\"wp-caption alignnone\"><img decoding=\"async\" class=\"size-medium wp-image-2951\" src=\"https:\/\/vapestornado.com\/wp-content\/uploads\/2024\/12\/Wholesale-Disposable-Vape-265x300.jpg\" alt=\"Nagykereskedelmi eldobhat\u00f3 Vape\" width=\"265\" height=\"300\" srcset=\"https:\/\/vapestornado.com\/wp-content\/uploads\/2024\/12\/Wholesale-Disposable-Vape-265x300.jpg 265w, https:\/\/vapestornado.com\/wp-content\/uploads\/2024\/12\/Wholesale-Disposable-Vape-768x871.jpg 768w, https:\/\/vapestornado.com\/wp-content\/uploads\/2024\/12\/Wholesale-Disposable-Vape-600x680.jpg 600w, https:\/\/vapestornado.com\/wp-content\/uploads\/2024\/12\/Wholesale-Disposable-Vape.jpg 823w\" sizes=\"(max-width: 265px) 100vw, 265px\" \/><figcaption id=\"caption-attachment-2951\" class=\"wp-caption-text\">K\u00e9rj\u00fck, vegye fel a kapcsolatot Mandy WhatsApp-j\u00e1val a kedvezm\u00e9nyes \u00e1r\u00e9rt\u00a0 <a href=\"https:\/\/wa.me\/8618077105796\">+8618077105796<\/a><\/figcaption><\/figure>\n<p>&nbsp;<\/p>","protected":false},"featured_media":3479,"comment_status":"open","ping_status":"closed","template":"","meta":{"_acf_changed":false,"_uag_custom_page_level_css":"","_lmt_disableupdate":"no","_lmt_disable":"","_monsterinsights_skip_tracking":false,"_monsterinsights_sitenote_active":false,"_monsterinsights_sitenote_note":"","_monsterinsights_sitenote_category":0,"site-sidebar-layout":"default","site-content-layout":"","ast-site-content-layout":"default","site-content-style":"default","site-sidebar-style":"default","ast-global-header-display":"","ast-banner-title-visibility":"","ast-main-header-display":"","ast-hfb-above-header-display":"","ast-hfb-below-header-display":"","ast-hfb-mobile-header-display":"","site-post-title":"","ast-breadcrumbs-content":"","ast-featured-img":"","footer-sml-layout":"","ast-disable-related-posts":"","theme-transparent-header-meta":"default","adv-header-id-meta":"","stick-header-meta":"","header-above-stick-meta":"","header-main-stick-meta":"","header-below-stick-meta":"","astra-migrate-meta-layouts":"set","ast-page-background-enabled":"default","ast-page-background-meta":{"desktop":{"background-color":"","background-image":"","background-repeat":"repeat","background-position":"center center","background-size":"auto","background-attachment":"scroll","background-type":"","background-media":"","overlay-type":"","overlay-color":"","overlay-opacity":"","overlay-gradient":""},"tablet":{"background-color":"","background-image":"","background-repeat":"repeat","background-position":"center center","background-size":"auto","background-attachment":"scroll","background-type":"","background-media":"","overlay-type":"","overlay-color":"","overlay-opacity":"","overlay-gradient":""},"mobile":{"background-color":"","background-image":"","background-repeat":"repeat","background-position":"center center","background-size":"auto","background-attachment":"scroll","background-type":"","background-media":"","overlay-type":"","overlay-color":"","overlay-opacity":"","overlay-gradient":""}},"ast-content-background-meta":{"desktop":{"background-color":"var(--ast-global-color-5)","background-image":"","background-repeat":"repeat","background-position":"center center","background-size":"auto","background-attachment":"scroll","background-type":"","background-media":"","overlay-type":"","overlay-color":"","overlay-opacity":"","overlay-gradient":""},"tablet":{"background-color":"var(--ast-global-color-5)","background-image":"","background-repeat":"repeat","background-position":"center center","background-size":"auto","background-attachment":"scroll","background-type":"","background-media":"","overlay-type":"","overlay-color":"","overlay-opacity":"","overlay-gradient":""},"mobile":{"background-color":"var(--ast-global-color-5)","background-image":"","background-repeat":"repeat","background-position":"center center","background-size":"auto","background-attachment":"scroll","background-type":"","background-media":"","overlay-type":"","overlay-color":"","overlay-opacity":"","overlay-gradient":""}},"_joinchat":{"telephone":"+8618077105796"}},"product_brand":[],"product_cat":[175,176,140,153,157],"product_tag":[177,97],"class_list":{"0":"post-3231","1":"product","2":"type-product","3":"status-publish","4":"has-post-thumbnail","6":"product_cat-35000-puff","7":"product_cat-aivono-vape","8":"product_cat-big-puffs-disposable-vapes","9":"product_cat-buy-disposable-vapes-in-italy","10":"product_cat-buy-disposable-vapes-in-portugal","11":"product_tag-aivono-35000-puffs","12":"product_tag-hot-sale-disposable-vape","13":"desktop-align-left","14":"tablet-align-left","15":"mobile-align-left","17":"first","18":"instock","19":"sale","20":"shipping-taxable","21":"purchasable","22":"product-type-simple"},"acf":[],"uagb_featured_image_src":{"full":["https:\/\/vapestornado.com\/wp-content\/uploads\/2024\/12\/AIVONO-35000-Puffs-Good-Sale-Vape.jpg",800,800,false],"thumbnail":["https:\/\/vapestornado.com\/wp-content\/uploads\/2024\/12\/AIVONO-35000-Puffs-Good-Sale-Vape-150x150.jpg",150,150,true],"medium":["https:\/\/vapestornado.com\/wp-content\/uploads\/2024\/12\/AIVONO-35000-Puffs-Good-Sale-Vape-300x300.jpg",300,300,true],"medium_large":["https:\/\/vapestornado.com\/wp-content\/uploads\/2024\/12\/AIVONO-35000-Puffs-Good-Sale-Vape-768x768.jpg",768,768,true],"large":["https:\/\/vapestornado.com\/wp-content\/uploads\/2024\/12\/AIVONO-35000-Puffs-Good-Sale-Vape.jpg",800,800,false],"1536x1536":["https:\/\/vapestornado.com\/wp-content\/uploads\/2024\/12\/AIVONO-35000-Puffs-Good-Sale-Vape.jpg",800,800,false],"2048x2048":["https:\/\/vapestornado.com\/wp-content\/uploads\/2024\/12\/AIVONO-35000-Puffs-Good-Sale-Vape.jpg",800,800,false],"trp-custom-language-flag":["https:\/\/vapestornado.com\/wp-content\/uploads\/2024\/12\/AIVONO-35000-Puffs-Good-Sale-Vape.jpg",12,12,false],"woocommerce_thumbnail":["https:\/\/vapestornado.com\/wp-content\/uploads\/2024\/12\/AIVONO-35000-Puffs-Good-Sale-Vape-300x300.jpg",300,300,true],"woocommerce_single":["https:\/\/vapestornado.com\/wp-content\/uploads\/2024\/12\/AIVONO-35000-Puffs-Good-Sale-Vape-600x600.jpg",600,600,true],"woocommerce_gallery_thumbnail":["https:\/\/vapestornado.com\/wp-content\/uploads\/2024\/12\/AIVONO-35000-Puffs-Good-Sale-Vape-100x100.jpg",100,100,true]},"uagb_author_info":{"display_name":"ESMANDY","author_link":"https:\/\/vapestornado.com\/hu\/author\/"},"uagb_comment_info":0,"uagb_excerpt":"AIVONO Curved Smart Screen 35000 Puff\u00a0 vape pods : Premium disposable vape, 35,000 puffs, customizable features, dual mesh coil, Type-C charging, ideal for European vapers. [caption id=\"attachment_2951\" align=\"alignnone\" width=\"265\"] Pls Contact Mandy's WhatsApp For Discount Price\u00a0 +8618077105796[\/caption] &nbsp;","_links":{"self":[{"href":"https:\/\/vapestornado.com\/hu\/wp-json\/wp\/v2\/product\/3231","targetHints":{"allow":["GET"]}}],"collection":[{"href":"https:\/\/vapestornado.com\/hu\/wp-json\/wp\/v2\/product"}],"about":[{"href":"https:\/\/vapestornado.com\/hu\/wp-json\/wp\/v2\/types\/product"}],"replies":[{"embeddable":true,"href":"https:\/\/vapestornado.com\/hu\/wp-json\/wp\/v2\/comments?post=3231"}],"wp:featuredmedia":[{"embeddable":true,"href":"https:\/\/vapestornado.com\/hu\/wp-json\/wp\/v2\/media\/3479"}],"wp:attachment":[{"href":"https:\/\/vapestornado.com\/hu\/wp-json\/wp\/v2\/media?parent=3231"}],"wp:term":[{"taxonomy":"product_brand","embeddable":true,"href":"https:\/\/vapestornado.com\/hu\/wp-json\/wp\/v2\/product_brand?post=3231"},{"taxonomy":"product_cat","embeddable":true,"href":"https:\/\/vapestornado.com\/hu\/wp-json\/wp\/v2\/product_cat?post=3231"},{"taxonomy":"product_tag","embeddable":true,"href":"https:\/\/vapestornado.com\/hu\/wp-json\/wp\/v2\/product_tag?post=3231"}],"curies":[{"name":"wp","href":"https:\/\/api.w.org\/{rel}","templated":true}]}}