{"id":3223,"date":"2024-12-18T08:28:53","date_gmt":"2024-12-18T08:28:53","guid":{"rendered":"https:\/\/vapestornado.com\/?post_type=product&#038;p=3223"},"modified":"2025-08-23T12:21:59","modified_gmt":"2025-08-23T12:21:59","slug":"vapsolo-triple-30000-puffs-3-flavors-in-1-rechargeable-disposable-vapes-pen-bulk-buy-wholesale","status":"publish","type":"product","link":"https:\/\/vapestornado.com\/hu\/product\/vapsolo-triple-30000-puffs-3-flavors-in-1-rechargeable-disposable-vapes-pen-bulk-buy-wholesale\/","title":{"rendered":"Vapsolo Triple 30000 Sz\u00edv\u00e1s 3 \u00cdz 1-ben \u00dajrat\u00f6lthet\u0151 Eldobhat\u00f3 Vape Toll T\u00f6meges V\u00e1s\u00e1rl\u00e1s Nagykeresked\u00e9s"},"content":{"rendered":"<h1 class=\"product-title\">Vapsolo Triple 30000 Sz\u00edv\u00e1s 3 \u00cdz 1-ben \u00dajrat\u00f6lthet\u0151 Eldobhat\u00f3 Vape Toll T\u00f6meges V\u00e1s\u00e1rl\u00e1s Nagykeresked\u00e9s<\/h1>\n<p>A <strong>Vapsolo Tripla 30000<\/strong> forradalmas\u00edtja a p\u00e1rologtat\u00e1si \u00e9lm\u00e9nyt egyedi <strong>3 \u00edz 1 Eldobhat\u00f3 Vape-ban<\/strong> kialak\u00edt\u00e1s\u00e1val. \u00c9lvezzen ak\u00e1r <strong>30 000 slukk<\/strong> h\u00e1rom k\u00fcl\u00f6nb\u00f6z\u0151 \u00edz k\u00f6z\u00f6tt z\u00f6kken\u0151mentesen v\u00e1ltva, mindezt egyetlen eleg\u00e1ns, \u00fajrat\u00f6lthet\u0151 k\u00e9sz\u00fcl\u00e9kben. A tov\u00e1bbfejlesztett \u00edz \u00e9s g\u0151ztermel\u00e9s \u00e9rdek\u00e9ben <strong>h\u00e1rmas h\u00e1l\u00f3s tekercsekkel<\/strong> felszerelt k\u00e9sz\u00fcl\u00e9k biztos\u00edtja, hogy minden slukk sima \u00e9s kiel\u00e9g\u00edt\u0151 legyen.<\/p>\n<p>Egy <strong>45 ml e-folyad\u00e9k kapacit\u00e1s<\/strong> (15 ml \u00edzenk\u00e9nt), a <strong>Vapsolo Tripla 30000<\/strong> minimaliz\u00e1lja a t\u00f6lt\u00e9s sz\u00fcks\u00e9gess\u00e9g\u00e9t, m\u00edg a <strong>650mAh-s \u00fajrat\u00f6lthet\u0151 akkumul\u00e1tor<\/strong> \u00e1ltal m\u0171k\u00f6dtetve <strong>Type-C gyorst\u00f6lt\u00e9ssel<\/strong> garant\u00e1lja a folyamatos teljes\u00edtm\u00e9nyt. A be\u00e9p\u00edtett <strong>LCD kijelz\u0151<\/strong> t\u00e1j\u00e9koztatja az e-folyad\u00e9k szintj\u00e9r\u0151l, az akkumul\u00e1tor \u00e9lettartam\u00e1r\u00f3l \u00e9s az \u00edzbe\u00e1ll\u00edt\u00e1sokr\u00f3l a t\u00f6k\u00e9letes vez\u00e9rl\u00e9s \u00e9rdek\u00e9ben.<\/p>\n<p>El\u00e9rhet\u0151 <strong>2% \u00e9s 5% alacsony nikotin opci\u00f3k<\/strong>, ez a <strong>legjobb eldobhat\u00f3 vape<\/strong> t\u00f6k\u00e9letes alkalmi \u00e9s tapasztalt p\u00e1rologtat\u00f3k sz\u00e1m\u00e1ra egyar\u00e1nt. A <strong>nagykereskedelmi eldobhat\u00f3 vape<\/strong> \u00e1rk\u00e9pz\u00e9s k\u00f6lts\u00e9ghat\u00e9kony megold\u00e1st k\u00edn\u00e1l a t\u00f6meges v\u00e1s\u00e1rl\u00f3k sz\u00e1m\u00e1ra, biztos\u00edtva, hogy kiv\u00e1l\u00f3 min\u0151s\u00e9g\u0171 funkci\u00f3kat kapjon <strong>Olcs\u00f3 vape<\/strong> \u00e1ron.<\/p>\n<p>&nbsp;<\/p>\n<p><strong>Add meg Amy Whatsappj\u00e1t a gyors v\u00e1lasz\u00e9rt \u00e9s vape kupon\u00e9rt!<\/strong><\/p>\n<p><img fetchpriority=\"high\" decoding=\"async\" class=\"size-full wp-image-2932\" src=\"https:\/\/vapestornado.com\/wp-content\/uploads\/2024\/12\/Vape-Wholesale.jpg\" alt=\"Vape nagykereskedelem\" width=\"229\" height=\"300\" \/><\/p>\n<h3><a href=\"https:\/\/wa.me\/8617776015835\" target=\"_blank\" rel=\"noopener\"><span style=\"color: #ff0000;\"><strong>WhatsApp: +86 17776015835<\/strong><\/span><\/a><\/h3>\n<p>&nbsp;<\/p>\n<h2><strong>Vapsolo Triple 30000 Puffs Term\u00e9kjellemz\u0151k<\/strong><\/h2>\n<div role=\"article\" data-tabster=\"{&quot;groupper&quot;:{&quot;tabbability&quot;:2},&quot;focusable&quot;:{}}\" data-content=\"ai-message\" aria-labelledby=\"juhNTJ6o7Gk1cgwZMJgv2-author juhNTJ6o7Gk1cgwZMJgv2-content\">\n<div id=\"juhNTJ6o7Gk1cgwZMJgv2-content\">\n<div role=\"article\" data-tabster=\"{&quot;groupper&quot;:{&quot;tabbability&quot;:2},&quot;focusable&quot;:{}}\" data-content=\"ai-message\" aria-labelledby=\"x4EZuCZWrTbh3weWUt7CU-author x4EZuCZWrTbh3weWUt7CU-content\">\n<div id=\"x4EZuCZWrTbh3weWUt7CU-content\">\n<h3><\/h3>\n<ol>\n<li><strong>30 000 slukk:<\/strong> Hatalmas slukksz\u00e1m a hosszan tart\u00f3 g\u0151z\u00f6l\u00e9shez.<\/li>\n<li><strong>3 \u00edz egy k\u00e9sz\u00fcl\u00e9kben:<\/strong> K\u00f6nnyed\u00e9n v\u00e1lthat h\u00e1rom \u00edzletes \u00edz k\u00f6z\u00f6tt.<\/li>\n<li><strong>H\u00e1romszoros h\u00e1l\u00f3s tekercsek:<\/strong> Fokozott \u00edz- \u00e9s g\u0151ztermel\u00e9s.<\/li>\n<li><strong>\u00dajrat\u00f6lthet\u0151 akkumul\u00e1tor:<\/strong> 650mAh akkumul\u00e1tor, gyors Type-C t\u00f6lt\u00e9ssel.<\/li>\n<li><strong>45ml e-liquid kapacit\u00e1s:<\/strong> B\u0151s\u00e9ges folyad\u00e9kt\u00e1rol\u00f3, \u00edzenk\u00e9nt 15 ml.<\/li>\n<li><strong>LCD kijelz\u0151:<\/strong> A slukkok, az akkumul\u00e1tor \u00e9s az \u00edzbe\u00e1ll\u00edt\u00e1sok val\u00f3s idej\u0171 nyomon k\u00f6vet\u00e9se.<\/li>\n<li><strong>Alacsony nikotintartalm\u00fa opci\u00f3k:<\/strong> 2% \u00e9s 5% nikotinszinttel kaphat\u00f3 a testreszabhat\u00f3 nikotinszinthez.<\/li>\n<li><strong>Tart\u00f3s<\/strong> K\u00f6nny\u0171, kompakt kialak\u00edt\u00e1s a b\u00e1rhol t\u00f6rt\u00e9n\u0151 g\u0151z\u00f6l\u00e9shez.<\/li>\n<li><strong>Nagykereskedelmi forgalomra k\u00e9sz:<\/strong> Megfizethet\u0151 \u00f6mlesztett \u00e1rak kiskeresked\u0151k \u00e9s viszontelad\u00f3k sz\u00e1m\u00e1ra.<\/li>\n<li><strong>10 \u00edzkombin\u00e1ci\u00f3:<\/strong> Sz\u00e9les \u00edzv\u00e1laszt\u00e9k minden \u00edzl\u00e9shez.<\/li>\n<\/ol>\n<figure id=\"attachment_3224\" aria-describedby=\"caption-attachment-3224\" style=\"width: 600px\" class=\"wp-caption alignnone\"><img decoding=\"async\" class=\"wp-image-3224\" src=\"https:\/\/vapestornado.com\/wp-content\/uploads\/2024\/12\/Vapsolo-Triple-30000-Puffs-3-Flavors-in-1-Disposable-Vape-300x300.jpg\" alt=\"Vapsolo Triple 30000 Puffs 3 \u00edz egy eldobhat\u00f3 vape-ben\" width=\"600\" height=\"600\" srcset=\"https:\/\/vapestornado.com\/wp-content\/uploads\/2024\/12\/Vapsolo-Triple-30000-Puffs-3-Flavors-in-1-Disposable-Vape-300x300.jpg 300w, https:\/\/vapestornado.com\/wp-content\/uploads\/2024\/12\/Vapsolo-Triple-30000-Puffs-3-Flavors-in-1-Disposable-Vape-1024x1024.jpg 1024w, https:\/\/vapestornado.com\/wp-content\/uploads\/2024\/12\/Vapsolo-Triple-30000-Puffs-3-Flavors-in-1-Disposable-Vape-150x150.jpg 150w, https:\/\/vapestornado.com\/wp-content\/uploads\/2024\/12\/Vapsolo-Triple-30000-Puffs-3-Flavors-in-1-Disposable-Vape-768x768.jpg 768w, https:\/\/vapestornado.com\/wp-content\/uploads\/2024\/12\/Vapsolo-Triple-30000-Puffs-3-Flavors-in-1-Disposable-Vape-600x600.jpg 600w, https:\/\/vapestornado.com\/wp-content\/uploads\/2024\/12\/Vapsolo-Triple-30000-Puffs-3-Flavors-in-1-Disposable-Vape-100x100.jpg 100w, https:\/\/vapestornado.com\/wp-content\/uploads\/2024\/12\/Vapsolo-Triple-30000-Puffs-3-Flavors-in-1-Disposable-Vape.jpg 1126w\" sizes=\"(max-width: 600px) 100vw, 600px\" \/><figcaption id=\"caption-attachment-3224\" class=\"wp-caption-text\">Vapsolo Triple 30000 Puffs 3 \u00edz egy eldobhat\u00f3 vape-ben<\/figcaption><\/figure>\n<\/div>\n<\/div>\n<\/div>\n<\/div>\n<h2 class=\"product-title\"><strong>Vapsolo Triple 30000 Puffs \u00cdzlista<\/strong><\/h2>\n<p>1.G\u00f6r\u00f6gdinnye j\u00e9g<br \/>\n2.Citrom-lime<br \/>\n3.Eper-ban\u00e1n<br \/>\n4.Eper-kivi<br \/>\n5.Tr\u00f3pusi gy\u00fcm\u00f6lcs<br \/>\n6.Anan\u00e1sz-k\u00f3kusz<br \/>\n7.Eper-m\u00e1lna<br \/>\n8.M\u00e1lna-g\u00f6r\u00f6gdinnye<br \/>\n9.Eper-van\u00edlia k\u00f3la<br \/>\n10.G\u00f6r\u00f6gdinnye j\u00e9g<\/p>\n<h3>Mi\u00e9rt v\u00e1lassza a vapestornad\u00f3t a Vapsolo 30000 Puffs nagykereskedelmi vape-hez?<\/h3>\n<div class=\"flex-shrink-0 flex flex-col relative items-end\">\n<div class=\"pt-0\">\n<div class=\"gizmo-bot-avatar flex h-8 w-8 items-center justify-center overflow-hidden rounded-full\">\n<div class=\"relative p-1 rounded-sm flex items-center justify-center bg-token-main-surface-primary text-token-text-primary h-8 w-8\">\n<p>\u00dcdv\u00f6z\u00f6lj\u00fck a vapestornado-n, az \u00d6n megb\u00edzhat\u00f3 online vape boltj\u00e1ban a pr\u00e9mium eldobhat\u00f3 vape-okhoz. T\u00f6bb mint 5 \u00e9ves szak\u00e9rtelemmel hozunk el \u00d6nnek n\u00e9pszer\u0171 eldobhat\u00f3 vape m\u00e1rk\u00e1kat, mint p\u00e9ld\u00e1ul a Fumot RandM Vape, <a href=\"https:\/\/vapestornado.com\/hu\/product\/vapme-crystal-7000-puffs-rechargeable-disposable-vape-wholesale-cheap-price\/\">Vapme<\/a>, Bang Vape, Waspe Vape \u00e9s WGA Vape, stb.<\/p>\n<p>K\u00edn\u00e1latunkban szerepelnek n\u00e9pszer\u0171 vape-ok, mint a <a href=\"https:\/\/vapestornado.com\/hu\/product\/fumot-randm-tornado-15000-puffs-rechargeable-disposable-vape-wholesale\/\">RandM Torn\u00e1d\u00f3 15000<\/a>, \u00e9s \u00edzgazdag v\u00e1laszt\u00e1sok, mint a <a href=\"https:\/\/vapestornado.com\/hu\/product\/vapsolo-dg-18000-puffs-smart-screen-wholesale-disposable-cheap-vapes\/\">\u00a0Vapsolo DG18000 Puffs<\/a> . Minden term\u00e9k\u00fcnket a min\u0151s\u00e9g, \u00e9rt\u00e9k \u00e9s v\u00e1ltozatoss\u00e1g figyelembev\u00e9tel\u00e9vel v\u00e1lasztjuk ki, biztos\u00edtva, hogy megtal\u00e1lja az ig\u00e9nyeinek legmegfelel\u0151bbet. Fedezze fel a kiv\u00e9teles szolg\u00e1ltat\u00e1st \u00e9s a top term\u00e9kek sz\u00e9les v\u00e1laszt\u00e9k\u00e1t nagykereskedelmi \u00e1ron a vapestornado-n.<\/p>\n<\/div>\n<h3><\/h3>\n<div class=\"relative p-1 rounded-sm flex items-center justify-center bg-token-main-surface-primary text-token-text-primary h-8 w-8\">\n<h3>GYIK a Vapsolo Triple 30000 Puffs Eldobhat\u00f3 Vape-hez<\/h3>\n<\/div>\n<\/div>\n<\/div>\n<\/div>\n<div class=\"flex-shrink-0 flex flex-col relative items-end\">\n<div class=\"pt-0\">\n<div class=\"gizmo-bot-avatar flex h-8 w-8 items-center justify-center overflow-hidden rounded-full\">\n<div class=\"relative p-1 rounded-sm flex items-center justify-center bg-token-main-surface-primary text-token-text-primary h-8 w-8\">\n<div class=\"mb-2 flex gap-3 empty:hidden -ml-2\">\n<div role=\"article\" data-tabster=\"{&quot;groupper&quot;:{&quot;tabbability&quot;:2},&quot;focusable&quot;:{}}\" data-content=\"ai-message\" aria-labelledby=\"Vdt5ez4X7Tg813x6rFVha-author Vdt5ez4X7Tg813x6rFVha-content\">\n<div id=\"Vdt5ez4X7Tg813x6rFVha-content\">\n<div role=\"article\" data-tabster=\"{&quot;groupper&quot;:{&quot;tabbability&quot;:2},&quot;focusable&quot;:{}}\" data-content=\"ai-message\" aria-labelledby=\"o968oC7CEo2fGHsGdsRYC-author o968oC7CEo2fGHsGdsRYC-content\">\n<div id=\"o968oC7CEo2fGHsGdsRYC-content\">\n<h3><\/h3>\n<ol>\n<li><strong>Mit\u0151l egyed\u00fcl\u00e1ll\u00f3 a Vapsolo Triple 30000?<\/strong><br \/>\nA k\u00e9sz\u00fcl\u00e9k <strong>3 \u00edz egy eldobhat\u00f3 vape-ben<\/strong>, lehet\u0151v\u00e9 t\u00e9ve a felhaszn\u00e1l\u00f3k sz\u00e1m\u00e1ra, hogy k\u00f6nnyed\u00e9n v\u00e1lthassanak a h\u00e1rom k\u00fcl\u00f6nb\u00f6z\u0151 \u00edz k\u00f6z\u00f6tt.<\/li>\n<li><strong>Mennyi ideig b\u00edrja a k\u00e9sz\u00fcl\u00e9k?<\/strong><br \/>\nEgy <strong>30 000 slukk kapacit\u00e1s<\/strong> \u00e9s egy <strong>650mAh-s \u00fajrat\u00f6lthet\u0151 akkumul\u00e1tor<\/strong>, tart\u00f3s haszn\u00e1latra tervezt\u00e9k.<\/li>\n<li><strong>Hol v\u00e1s\u00e1rolhatom meg ezt a vape-et nagykereskedelmi \u00e1ron?<\/strong><br \/>\nV\u00e1s\u00e1rolja meg a <strong>Vapsolo Tripla 30000<\/strong> a vapestornad\u00f3n<strong>\u00a0online vape bolt<\/strong>, a megb\u00edzhat\u00f3 forr\u00e1son <strong>nagykereskedelmi eldobhat\u00f3 vape-ekhez<\/strong>.<\/li>\n<li><strong>T\u00e1mogatja a k\u00e9sz\u00fcl\u00e9k a gyorst\u00f6lt\u00e9st?<\/strong><br \/>\nIgen, tartozik hozz\u00e1 egy <strong>Type-C t\u00f6lt\u0151porttal<\/strong> a gyors \u00e9s hat\u00e9kony \u00fajrat\u00f6lt\u00e9shez.<\/li>\n<li><strong>Milyen nikotinszintek \u00e1llnak rendelkez\u00e9sre?<\/strong><br \/>\nA k\u00e9sz\u00fcl\u00e9k mindk\u00e9t v\u00e1ltozatban kaphat\u00f3 <strong>2% \u00e9s 5% alacsony nikotintartalom<\/strong> opci\u00f3kkal kaphat\u00f3, hogy megfeleljen a k\u00fcl\u00f6nb\u00f6z\u0151 preferenci\u00e1knak.<\/li>\n<\/ol>\n<\/div>\n<\/div>\n<\/div>\n<\/div>\n<\/div>\n<\/div>\n<\/div>\n<\/div>\n<\/div>","protected":false},"excerpt":{"rendered":"<p>Legjobb Vapsolo Triple 30000 Puffs 2% 5% Alacsony nikotintartalm\u00fa Eldobhat\u00f3 Vape Nagykereskedelmi \u00e1r<br \/>\nVapsolo Triple 30000 Puffs \u00dajrat\u00f6lthet\u0151 Eldobhat\u00f3 Vape Nagykereskedelem<br \/>\nOlcs\u00f3 Gy\u00e1ri Vapsolo Triple 30000 Puffs 2% 5% Alacsony nikotintartalm\u00fa Eldobhat\u00f3 Vape<\/p>\n<p><strong>Adja hozz\u00e1 Amy-t WhatsApp-on, hogy azonnali v\u00e1laszt \u00e9s vape kupont kapjon!<\/strong><\/p>\n<p><img fetchpriority=\"high\" decoding=\"async\" class=\"size-full wp-image-2932\" src=\"https:\/\/vapestornado.com\/wp-content\/uploads\/2024\/12\/Vape-Wholesale.jpg\" alt=\"Vape nagykereskedelem\" width=\"229\" height=\"300\" \/><\/p>\n<h3><a href=\"https:\/\/wa.me\/8617776015835\"><span style=\"color: #ff0000;\"><strong>WhatsApp: +86 17776015835<\/strong><\/span><\/a><\/h3>\n<p>&nbsp;<\/p>","protected":false},"featured_media":3230,"comment_status":"open","ping_status":"closed","template":"","meta":{"_acf_changed":false,"_uag_custom_page_level_css":"","_lmt_disableupdate":"no","_lmt_disable":"","_monsterinsights_skip_tracking":false,"_monsterinsights_sitenote_active":false,"_monsterinsights_sitenote_note":"","_monsterinsights_sitenote_category":0,"site-sidebar-layout":"default","site-content-layout":"","ast-site-content-layout":"default","site-content-style":"default","site-sidebar-style":"default","ast-global-header-display":"","ast-banner-title-visibility":"","ast-main-header-display":"","ast-hfb-above-header-display":"","ast-hfb-below-header-display":"","ast-hfb-mobile-header-display":"","site-post-title":"","ast-breadcrumbs-content":"","ast-featured-img":"","footer-sml-layout":"","ast-disable-related-posts":"","theme-transparent-header-meta":"default","adv-header-id-meta":"","stick-header-meta":"","header-above-stick-meta":"","header-main-stick-meta":"","header-below-stick-meta":"","astra-migrate-meta-layouts":"set","ast-page-background-enabled":"default","ast-page-background-meta":{"desktop":{"background-color":"","background-image":"","background-repeat":"repeat","background-position":"center center","background-size":"auto","background-attachment":"scroll","background-type":"","background-media":"","overlay-type":"","overlay-color":"","overlay-opacity":"","overlay-gradient":""},"tablet":{"background-color":"","background-image":"","background-repeat":"repeat","background-position":"center center","background-size":"auto","background-attachment":"scroll","background-type":"","background-media":"","overlay-type":"","overlay-color":"","overlay-opacity":"","overlay-gradient":""},"mobile":{"background-color":"","background-image":"","background-repeat":"repeat","background-position":"center center","background-size":"auto","background-attachment":"scroll","background-type":"","background-media":"","overlay-type":"","overlay-color":"","overlay-opacity":"","overlay-gradient":""}},"ast-content-background-meta":{"desktop":{"background-color":"var(--ast-global-color-5)","background-image":"","background-repeat":"repeat","background-position":"center center","background-size":"auto","background-attachment":"scroll","background-type":"","background-media":"","overlay-type":"","overlay-color":"","overlay-opacity":"","overlay-gradient":""},"tablet":{"background-color":"var(--ast-global-color-5)","background-image":"","background-repeat":"repeat","background-position":"center center","background-size":"auto","background-attachment":"scroll","background-type":"","background-media":"","overlay-type":"","overlay-color":"","overlay-opacity":"","overlay-gradient":""},"mobile":{"background-color":"var(--ast-global-color-5)","background-image":"","background-repeat":"repeat","background-position":"center center","background-size":"auto","background-attachment":"scroll","background-type":"","background-media":"","overlay-type":"","overlay-color":"","overlay-opacity":"","overlay-gradient":""}},"_joinchat":{"telephone":"+8617776015835"}},"product_brand":[],"product_cat":[67,149,151,143,144,277,146,171],"product_tag":[165,97,166,94,139,174,173],"class_list":{"0":"post-3223","1":"product","2":"type-product","3":"status-publish","4":"has-post-thumbnail","6":"product_cat-30000-puff","7":"product_cat-buy-disposable-vapes-in-austria","8":"product_cat-buy-disposable-vapes-in-france","9":"product_cat-dual-mesh-disposable-vapes","10":"product_cat-low-nicotine-disposable-vapes","11":"product_cat-mesii-vape","12":"product_cat-rechargeable-disposable-vapes","13":"product_cat-vapsolo-disposable-vapes","14":"product_tag-cheap-vapes","15":"product_tag-hot-sale-disposable-vape","16":"product_tag-low-nicotine-vape","17":"product_tag-rechargeable-disposable-vape","18":"product_tag-vapsolo","19":"product_tag-vapsolo-30000","20":"product_tag-vapsolo-triple-30000","21":"desktop-align-left","22":"tablet-align-left","23":"mobile-align-left","25":"first","26":"instock","27":"sale","28":"shipping-taxable","29":"purchasable","30":"product-type-simple"},"acf":[],"uagb_featured_image_src":{"full":["https:\/\/vapestornado.com\/wp-content\/uploads\/2024\/12\/Vapsolo-Triple-30000-Puffs-Rechargeable-Disposable-Vape.jpg",1126,1126,false],"thumbnail":["https:\/\/vapestornado.com\/wp-content\/uploads\/2024\/12\/Vapsolo-Triple-30000-Puffs-Rechargeable-Disposable-Vape-150x150.jpg",150,150,true],"medium":["https:\/\/vapestornado.com\/wp-content\/uploads\/2024\/12\/Vapsolo-Triple-30000-Puffs-Rechargeable-Disposable-Vape-300x300.jpg",300,300,true],"medium_large":["https:\/\/vapestornado.com\/wp-content\/uploads\/2024\/12\/Vapsolo-Triple-30000-Puffs-Rechargeable-Disposable-Vape-768x768.jpg",768,768,true],"large":["https:\/\/vapestornado.com\/wp-content\/uploads\/2024\/12\/Vapsolo-Triple-30000-Puffs-Rechargeable-Disposable-Vape-1024x1024.jpg",1024,1024,true],"1536x1536":["https:\/\/vapestornado.com\/wp-content\/uploads\/2024\/12\/Vapsolo-Triple-30000-Puffs-Rechargeable-Disposable-Vape.jpg",1126,1126,false],"2048x2048":["https:\/\/vapestornado.com\/wp-content\/uploads\/2024\/12\/Vapsolo-Triple-30000-Puffs-Rechargeable-Disposable-Vape.jpg",1126,1126,false],"trp-custom-language-flag":["https:\/\/vapestornado.com\/wp-content\/uploads\/2024\/12\/Vapsolo-Triple-30000-Puffs-Rechargeable-Disposable-Vape.jpg",12,12,false],"woocommerce_thumbnail":["https:\/\/vapestornado.com\/wp-content\/uploads\/2024\/12\/Vapsolo-Triple-30000-Puffs-Rechargeable-Disposable-Vape-300x300.jpg",300,300,true],"woocommerce_single":["https:\/\/vapestornado.com\/wp-content\/uploads\/2024\/12\/Vapsolo-Triple-30000-Puffs-Rechargeable-Disposable-Vape-600x600.jpg",600,600,true],"woocommerce_gallery_thumbnail":["https:\/\/vapestornado.com\/wp-content\/uploads\/2024\/12\/Vapsolo-Triple-30000-Puffs-Rechargeable-Disposable-Vape-100x100.jpg",100,100,true]},"uagb_author_info":{"display_name":"ESAMY","author_link":"https:\/\/vapestornado.com\/hu\/author\/"},"uagb_comment_info":0,"uagb_excerpt":"Best Vapsolo Triple 30000 Puffs 2% 5% Low Nicotine Disposable Vape Bulk Buy Price Vapsolo Triple 30000 Puffs Rechargeable Disposable Vape Wholesale Cheap Factory Vapsolo Triple 30000 Puffs 2% 5% Low Nicotine Disposable Vape Add Amy's whatsapp get right reply and vape vape coupon! WhatsApp: +86 17776015835 &nbsp;","_links":{"self":[{"href":"https:\/\/vapestornado.com\/hu\/wp-json\/wp\/v2\/product\/3223","targetHints":{"allow":["GET"]}}],"collection":[{"href":"https:\/\/vapestornado.com\/hu\/wp-json\/wp\/v2\/product"}],"about":[{"href":"https:\/\/vapestornado.com\/hu\/wp-json\/wp\/v2\/types\/product"}],"replies":[{"embeddable":true,"href":"https:\/\/vapestornado.com\/hu\/wp-json\/wp\/v2\/comments?post=3223"}],"wp:featuredmedia":[{"embeddable":true,"href":"https:\/\/vapestornado.com\/hu\/wp-json\/wp\/v2\/media\/3230"}],"wp:attachment":[{"href":"https:\/\/vapestornado.com\/hu\/wp-json\/wp\/v2\/media?parent=3223"}],"wp:term":[{"taxonomy":"product_brand","embeddable":true,"href":"https:\/\/vapestornado.com\/hu\/wp-json\/wp\/v2\/product_brand?post=3223"},{"taxonomy":"product_cat","embeddable":true,"href":"https:\/\/vapestornado.com\/hu\/wp-json\/wp\/v2\/product_cat?post=3223"},{"taxonomy":"product_tag","embeddable":true,"href":"https:\/\/vapestornado.com\/hu\/wp-json\/wp\/v2\/product_tag?post=3223"}],"curies":[{"name":"wp","href":"https:\/\/api.w.org\/{rel}","templated":true}]}}