{"id":3222,"date":"2024-12-18T08:11:42","date_gmt":"2024-12-18T08:11:42","guid":{"rendered":"https:\/\/vapestornado.com\/?post_type=product&#038;p=3222"},"modified":"2025-08-23T09:46:41","modified_gmt":"2025-08-23T09:46:41","slug":"vapsolo-tornado-pro-12000-puffs-2-5-low-nicotine-bulk-buy-rechargeable-disposable-vapes-pen-wholesale-price","status":"publish","type":"product","link":"https:\/\/vapestornado.com\/hu\/product\/vapsolo-tornado-pro-12000-puffs-2-5-low-nicotine-bulk-buy-rechargeable-disposable-vapes-pen-wholesale-price\/","title":{"rendered":"Vapsolo Tornado Pro 12000 Puffs 2% 5% Alacsony Nikotintartalm\u00fa \u00dajrat\u00f6lthet\u0151 Eldobhat\u00f3 Vape Toll Nagykereskedelmi \u00c1ron"},"content":{"rendered":"<h1 class=\"product-title\">Vapsolo Tornado Pro 12000 Puffs 2% 5% Alacsony Nikotintartalm\u00fa \u00dajrat\u00f6lthet\u0151 Eldobhat\u00f3 Vape Toll Nagykereskedelmi \u00c1ron<\/h1>\n<p>A <strong>Vapsolo Tornado Pro 12000<\/strong> puffs a t\u00f6k\u00e9letes <strong>\u00fajrat\u00f6lthet\u0151 eldobhat\u00f3 vape<\/strong> amely \u00f6tv\u00f6zi a legmodernebb technol\u00f3gi\u00e1t a st\u00edlussal. K\u00edn\u00e1l <strong>ak\u00e1r 12 000 p\u00f6ffet\u00e9st<\/strong>ez az eszk\u00f6z t\u00f6k\u00e9letes a hosszabb vaping \u00fcl\u00e9sekhez. A <strong>20 ml e-liquid kapacit\u00e1s<\/strong> minimaliz\u00e1lja az \u00fajrat\u00f6lt\u00e9seket, m\u00edg a <strong>650mAh-s \u00fajrat\u00f6lthet\u0151 akkumul\u00e1tor<\/strong> biztos\u00edtja, hogy mindig k\u00e9szen \u00e1lljon a vapingre, k\u00f6sz\u00f6nhet\u0151en <strong>Type-C gyorst\u00f6lt\u00e9ssel<\/strong>.<\/p>\n<p>Mi k\u00fcl\u00f6nb\u00f6zteti meg a <strong>Vapsolo Tornado Pro 12000<\/strong> az a <strong>RGB vil\u00e1g\u00edt\u00e1s<\/strong>amely dinamikus, sz\u00ednes vaping \u00e9lm\u00e9nyt ny\u00fajt, ami megragadja a tekintetet. A <strong>LCD kijelz\u0151<\/strong> t\u00e1j\u00e9koztatja \u00d6nt az olyan l\u00e9nyeges r\u00e9szletekr\u0151l, mint a puff sz\u00e1ma \u00e9s az akkumul\u00e1tor \u00e1llapota, biztos\u00edtva a probl\u00e9mamentes haszn\u00e1latot. A <strong>szab\u00e1lyozhat\u00f3 l\u00e9g\u00e1raml\u00e1ssal<\/strong> \u00e9s a <strong>mesh coil technol\u00f3gi\u00e1val<\/strong>sim\u00e1bb, \u00edzletesebb g\u0151zt biztos\u00edt minden alkalommal.<\/p>\n<p>El\u00e9rhet\u0151 <strong>nagykereskedelmi eldobhat\u00f3 vape<\/strong> \u00e1ron, a <strong>Vapsolo Tornado Pro 12000<\/strong> t\u00f6k\u00e9letes a kiskeresked\u0151k \u00e9s a nagy mennyis\u00e9gben v\u00e1s\u00e1rl\u00f3k sz\u00e1m\u00e1ra, akik kiv\u00e1l\u00f3 min\u0151s\u00e9g\u0171, funkci\u00f3kban gazdag eszk\u00f6zt keresnek. Ak\u00e1r egy <strong>alacsony nikotintartalm\u00fa vape<\/strong> vagy egy st\u00edlusos <strong>olcs\u00f3 eldobhat\u00f3 vape<\/strong>ez a modell minden t\u00e9ren teljes\u00edt.<\/p>\n<p>&nbsp;<\/p>\n<p><strong>Add meg Amy Whatsappj\u00e1t a gyors v\u00e1lasz\u00e9rt \u00e9s vape kupon\u00e9rt!<\/strong><\/p>\n<p><img fetchpriority=\"high\" decoding=\"async\" class=\"size-full wp-image-2932\" src=\"https:\/\/vapestornado.com\/wp-content\/uploads\/2024\/12\/Vape-Wholesale.jpg\" alt=\"Vape nagykereskedelem\" width=\"229\" height=\"300\" \/><\/p>\n<h3><a href=\"https:\/\/wa.me\/8617776015835\" target=\"_blank\" rel=\"noopener\"><span style=\"color: #ff0000;\"><strong>WhatsApp: +86 17776015835<\/strong><\/span><\/a><\/h3>\n<p>&nbsp;<\/p>\n<h2><strong>Vapsolo Tornado Pro 12000 Puffs Term\u00e9kjellemz\u0151k<\/strong><\/h2>\n<div role=\"article\" data-tabster=\"{&quot;groupper&quot;:{&quot;tabbability&quot;:2},&quot;focusable&quot;:{}}\" data-content=\"ai-message\" aria-labelledby=\"juhNTJ6o7Gk1cgwZMJgv2-author juhNTJ6o7Gk1cgwZMJgv2-content\">\n<div id=\"juhNTJ6o7Gk1cgwZMJgv2-content\">\n<div role=\"article\" data-tabster=\"{&quot;groupper&quot;:{&quot;tabbability&quot;:2},&quot;focusable&quot;:{}}\" data-content=\"ai-message\" aria-labelledby=\"x4EZuCZWrTbh3weWUt7CU-author x4EZuCZWrTbh3weWUt7CU-content\">\n<div id=\"x4EZuCZWrTbh3weWUt7CU-content\">\n<h3><\/h3>\n<ol>\n<li><strong>12 000 Puffs:<\/strong> Hosszabb haszn\u00e1lat gyakori csere n\u00e9lk\u00fcl.<\/li>\n<li><strong>\u00dajrat\u00f6lthet\u0151 akkumul\u00e1tor:<\/strong> 650mAh Type-C t\u00edpus\u00fa gyorst\u00f6lt\u00e9ssel.<\/li>\n<li><strong>20 ml E-Liquid kapacit\u00e1s:<\/strong> Ritk\u00e1bb \u00fajrat\u00f6lt\u00e9s a k\u00e9nyelem \u00e9rdek\u00e9ben.<\/li>\n<li><strong>RGB vil\u00e1g\u00edt\u00e1s:<\/strong> St\u00edlusos, sz\u00ednes vizu\u00e1lis effektek a modern megjelen\u00e9s\u00e9rt.<\/li>\n<li><strong>LCD kijelz\u0151:<\/strong> A puffsz\u00e1m \u00e9s az akkumul\u00e1tor t\u00f6lt\u00f6tts\u00e9gi szintj\u00e9nek egyszer\u0171 nyomon k\u00f6vet\u00e9se.<\/li>\n<li><strong>\u00c1ll\u00edthat\u00f3 l\u00e9g\u00e1raml\u00e1s:<\/strong> N\u00e9gy be\u00e1ll\u00edt\u00e1s a szem\u00e9lyre szabott sz\u00edv\u00e1sokhoz.<\/li>\n<li><strong>H\u00e1l\u00f3s tekercs technol\u00f3gia:<\/strong> Egyenletes g\u0151z fokozott \u00edzzel.<\/li>\n<li><strong>Alacsony nikotintartalm\u00fa opci\u00f3k:<\/strong> V\u00e1lasszon 2% \u00e9s 5% nikotinszint k\u00f6z\u00f6tt.<\/li>\n<li><strong>Hordozhat\u00f3 kialak\u00edt\u00e1s:<\/strong> K\u00f6nny\u0171, tart\u00f3s \u00e9s k\u00f6nnyen hordozhat\u00f3.<\/li>\n<li><strong>Nagykereskedelmi szempontb\u00f3l kedvez\u0151:<\/strong> Megfizethet\u0151 \u00e1rak t\u00f6meges v\u00e1s\u00e1rl\u00e1sokhoz.<\/li>\n<\/ol>\n<p>&nbsp;<\/p>\n<\/div>\n<\/div>\n<\/div>\n<\/div>\n<h2 class=\"product-title\"><strong>Vapsolo Tornado 12000 Puffs \u00cdzek list\u00e1ja<\/strong><\/h2>\n<p>1. g\u00f6r\u00f6gdinnye j\u00e9g<br \/>\n2. eper kiwi<br \/>\n3. k\u00e9k m\u00e1lna<br \/>\n4. Sz\u00e9nsavas cseresznye<br \/>\n5. \u00e1fonya j\u00e9g<br \/>\n6. Eper M\u00e1lna Cseresznye J\u00e9g<br \/>\n7. \u0150szibarack Mang\u00f3 Anan\u00e1sz<br \/>\n8. Sz\u0151l\u0151 J\u00e9g<br \/>\n9. M\u00e1lna G\u00f6r\u00f6gdinnye<br \/>\n10. Eper Ban\u00e1n<\/p>\n<figure id=\"attachment_3211\" aria-describedby=\"caption-attachment-3211\" style=\"width: 600px\" class=\"wp-caption alignnone\"><img decoding=\"async\" class=\"wp-image-3211\" src=\"https:\/\/vapestornado.com\/wp-content\/uploads\/2024\/12\/Best-Vapsolo-Tornado-Pro-12000-Disposable-Vapes-Wholesale-300x300.jpg\" alt=\"Legjobb Vapsolo Tornado Pro 12000 eldobhat\u00f3 vape-ek nagykereskedelme\" width=\"600\" height=\"600\" srcset=\"https:\/\/vapestornado.com\/wp-content\/uploads\/2024\/12\/Best-Vapsolo-Tornado-Pro-12000-Disposable-Vapes-Wholesale-300x300.jpg 300w, https:\/\/vapestornado.com\/wp-content\/uploads\/2024\/12\/Best-Vapsolo-Tornado-Pro-12000-Disposable-Vapes-Wholesale-1024x1024.jpg 1024w, https:\/\/vapestornado.com\/wp-content\/uploads\/2024\/12\/Best-Vapsolo-Tornado-Pro-12000-Disposable-Vapes-Wholesale-150x150.jpg 150w, https:\/\/vapestornado.com\/wp-content\/uploads\/2024\/12\/Best-Vapsolo-Tornado-Pro-12000-Disposable-Vapes-Wholesale-768x768.jpg 768w, https:\/\/vapestornado.com\/wp-content\/uploads\/2024\/12\/Best-Vapsolo-Tornado-Pro-12000-Disposable-Vapes-Wholesale-600x600.jpg 600w, https:\/\/vapestornado.com\/wp-content\/uploads\/2024\/12\/Best-Vapsolo-Tornado-Pro-12000-Disposable-Vapes-Wholesale-100x100.jpg 100w, https:\/\/vapestornado.com\/wp-content\/uploads\/2024\/12\/Best-Vapsolo-Tornado-Pro-12000-Disposable-Vapes-Wholesale.jpg 1126w\" sizes=\"(max-width: 600px) 100vw, 600px\" \/><figcaption id=\"caption-attachment-3211\" class=\"wp-caption-text\">Legjobb Vapsolo Tornado Pro 12000 eldobhat\u00f3 vape-ek nagykereskedelme<\/figcaption><\/figure>\n<h3>Mi\u00e9rt v\u00e1lassza a vapestornado-t a Vapsolo Tornado 12000 Puffs Vape nagykereskedelm\u00e9hez?<\/h3>\n<div class=\"flex-shrink-0 flex flex-col relative items-end\">\n<div class=\"pt-0\">\n<div class=\"gizmo-bot-avatar flex h-8 w-8 items-center justify-center overflow-hidden rounded-full\">\n<div class=\"relative p-1 rounded-sm flex items-center justify-center bg-token-main-surface-primary text-token-text-primary h-8 w-8\">\n<p>\u00dcdv\u00f6z\u00f6lj\u00fck a vapestornado-n, az \u00d6n megb\u00edzhat\u00f3 online vape boltj\u00e1ban a pr\u00e9mium eldobhat\u00f3 vape-okhoz. T\u00f6bb mint 5 \u00e9ves szak\u00e9rtelemmel hozunk el \u00d6nnek n\u00e9pszer\u0171 eldobhat\u00f3 vape m\u00e1rk\u00e1kat, mint p\u00e9ld\u00e1ul a Fumot RandM Vape, <a href=\"https:\/\/vapestornado.com\/hu\/product\/vapme-crystal-7000-puffs-rechargeable-disposable-vape-wholesale-cheap-price\/\">Vapme<\/a>, Bang Vape, Waspe Vape \u00e9s WGA Vape, stb.<\/p>\n<p>K\u00edn\u00e1latunkban szerepelnek n\u00e9pszer\u0171 vape-ok, mint a <a href=\"https:\/\/vapestornado.com\/hu\/product\/fumot-randm-tornado-15000-puffs-rechargeable-disposable-vape-wholesale\/\">RandM Torn\u00e1d\u00f3 15000<\/a>, \u00e9s \u00edzgazdag v\u00e1laszt\u00e1sok, mint a <a href=\"https:\/\/vapestornado.com\/hu\/product\/vapsolo-dg-18000-puffs-smart-screen-wholesale-disposable-cheap-vapes\/\">\u00a0Vapsolo DG18000 Puffs<\/a> . Minden term\u00e9k\u00fcnket a min\u0151s\u00e9g, \u00e9rt\u00e9k \u00e9s v\u00e1ltozatoss\u00e1g figyelembev\u00e9tel\u00e9vel v\u00e1lasztjuk ki, biztos\u00edtva, hogy megtal\u00e1lja az ig\u00e9nyeinek legmegfelel\u0151bbet. Fedezze fel a kiv\u00e9teles szolg\u00e1ltat\u00e1st \u00e9s a top term\u00e9kek sz\u00e9les v\u00e1laszt\u00e9k\u00e1t nagykereskedelmi \u00e1ron a vapestornado-n.<\/p>\n<\/div>\n<h3><\/h3>\n<div class=\"relative p-1 rounded-sm flex items-center justify-center bg-token-main-surface-primary text-token-text-primary h-8 w-8\">\n<h3>GYIK a Vapsolo Tornado Pro 12000 Puffs eldobhat\u00f3 vape-hez<\/h3>\n<\/div>\n<\/div>\n<\/div>\n<\/div>\n<div class=\"flex-shrink-0 flex flex-col relative items-end\">\n<div class=\"pt-0\">\n<div class=\"gizmo-bot-avatar flex h-8 w-8 items-center justify-center overflow-hidden rounded-full\">\n<div class=\"relative p-1 rounded-sm flex items-center justify-center bg-token-main-surface-primary text-token-text-primary h-8 w-8\">\n<div class=\"mb-2 flex gap-3 empty:hidden -ml-2\">\n<div role=\"article\" data-tabster=\"{&quot;groupper&quot;:{&quot;tabbability&quot;:2},&quot;focusable&quot;:{}}\" data-content=\"ai-message\" aria-labelledby=\"Vdt5ez4X7Tg813x6rFVha-author Vdt5ez4X7Tg813x6rFVha-content\">\n<div id=\"Vdt5ez4X7Tg813x6rFVha-content\">\n<div role=\"article\" data-tabster=\"{&quot;groupper&quot;:{&quot;tabbability&quot;:2},&quot;focusable&quot;:{}}\" data-content=\"ai-message\" aria-labelledby=\"o968oC7CEo2fGHsGdsRYC-author o968oC7CEo2fGHsGdsRYC-content\">\n<div id=\"o968oC7CEo2fGHsGdsRYC-content\">\n<h3><\/h3>\n<ol>\n<li><strong>H\u00e1ny slukk\u00f6t biztos\u00edt a Vapsolo Tornado Pro 12000?<\/strong><br \/>\nEz az eszk\u00f6z ak\u00e1r <strong>12 000 slukk<\/strong>, \u00edgy ide\u00e1lis a hossz\u00fa t\u00e1v\u00fa haszn\u00e1latra csere n\u00e9lk\u00fcl.<\/li>\n<li><strong>Rendelkezik a Vapsolo 12000 k\u00e9sz\u00fcl\u00e9k \u00fajrat\u00f6lthet\u0151 funkci\u00f3kkal?<\/strong><br \/>\nIgen, rendelkezik egy <strong>650mAh-s \u00fajrat\u00f6lthet\u0151 akkumul\u00e1tor<\/strong> egy <strong>Type-C t\u00f6lt\u0151porttal<\/strong> a gyors \u00e9s hat\u00e9kony t\u00f6lt\u00e9shez.<\/li>\n<li><strong>Mit\u0151l egyedi a Vapsolo Tornado Pro 12000 RGB vil\u00e1g\u00edt\u00e1sa?<\/strong><br \/>\nA <strong>RGB vil\u00e1g\u00edt\u00e1s<\/strong> \u00e9l\u00e9nk, sz\u00ednes effektusokkal fokozza a vaping \u00e9lm\u00e9nyt, modern \u00e9s st\u00edlusos megjelen\u00e9st k\u00f6lcs\u00f6n\u00f6zve neki.<\/li>\n<li><strong>Hogyan m\u0171k\u00f6dik a Vapsolo Tornado 12000 \u00e1ll\u00edthat\u00f3 l\u00e9g\u00e1raml\u00e1sa?<\/strong><br \/>\nA <strong>n\u00e9gyszint\u0171 l\u00e9g\u00e1raml\u00e1si rendszer<\/strong> lehet\u0151v\u00e9 teszi a vaping \u00e9lm\u00e9ny testreszab\u00e1s\u00e1t, a sz\u0171k sz\u00edv\u00e1sokt\u00f3l a laza puffokig.<\/li>\n<li><strong>Mi\u00e9rt ide\u00e1lis a Vapsolo Tornado Pro 12000 a nagykereskedelmi v\u00e1s\u00e1rl\u00f3k sz\u00e1m\u00e1ra?<\/strong><br \/>\n\u00d6tv\u00f6zi a <strong>nagy slukkkapacit\u00e1st<\/strong>, <strong>pr\u00e9mium funkci\u00f3kat<\/strong>, \u00e9s <strong>megfizethet\u0151 t\u00f6meges \u00e1rakat<\/strong>, \u00edgy t\u00f6k\u00e9letes kiskeresked\u0151k \u00e9s viszontelad\u00f3k sz\u00e1m\u00e1ra.<\/li>\n<\/ol>\n<\/div>\n<\/div>\n<\/div>\n<\/div>\n<\/div>\n<\/div>\n<\/div>\n<\/div>\n<\/div>","protected":false},"excerpt":{"rendered":"<p>VapSolo Tornado Pro 12000 Puffs 2% 5% Alacsony Nikotintartalm\u00fa Eldobhat\u00f3 Vape Nagykereskedelmi \u00c1ron<br \/>\nVapSolo Tornado Pro 12000 Puffs \u00dajrat\u00f6lthet\u0151 Eldobhat\u00f3 Vape Nagykereskedelmi<br \/>\nOlcs\u00f3 Gy\u00e1ri Tornado 12000 Puffs 2% 5% Alacsony Nikotintartalm\u00fa Eldobhat\u00f3 Vape<\/p>\n<p><strong>Adja hozz\u00e1 Amy-t WhatsApp-on, hogy azonnali v\u00e1laszt \u00e9s vape kupont kapjon!<\/strong><\/p>\n<p><img fetchpriority=\"high\" decoding=\"async\" class=\"size-full wp-image-2932\" src=\"https:\/\/vapestornado.com\/wp-content\/uploads\/2024\/12\/Vape-Wholesale.jpg\" alt=\"Vape nagykereskedelem\" width=\"229\" height=\"300\" \/><\/p>\n<h3><a href=\"https:\/\/wa.me\/8617776015835\"><span style=\"color: #ff0000;\"><strong>WhatsApp: +86 17776015835<\/strong><\/span><\/a><\/h3>\n<p>&nbsp;<\/p>","protected":false},"featured_media":3215,"comment_status":"open","ping_status":"closed","template":"","meta":{"_acf_changed":false,"_uag_custom_page_level_css":"","_lmt_disableupdate":"no","_lmt_disable":"","_monsterinsights_skip_tracking":false,"_monsterinsights_sitenote_active":false,"_monsterinsights_sitenote_note":"","_monsterinsights_sitenote_category":0,"site-sidebar-layout":"default","site-content-layout":"","ast-site-content-layout":"default","site-content-style":"default","site-sidebar-style":"default","ast-global-header-display":"","ast-banner-title-visibility":"","ast-main-header-display":"","ast-hfb-above-header-display":"","ast-hfb-below-header-display":"","ast-hfb-mobile-header-display":"","site-post-title":"","ast-breadcrumbs-content":"","ast-featured-img":"","footer-sml-layout":"","ast-disable-related-posts":"","theme-transparent-header-meta":"default","adv-header-id-meta":"","stick-header-meta":"","header-above-stick-meta":"","header-main-stick-meta":"","header-below-stick-meta":"","astra-migrate-meta-layouts":"set","ast-page-background-enabled":"default","ast-page-background-meta":{"desktop":{"background-color":"","background-image":"","background-repeat":"repeat","background-position":"center center","background-size":"auto","background-attachment":"scroll","background-type":"","background-media":"","overlay-type":"","overlay-color":"","overlay-opacity":"","overlay-gradient":""},"tablet":{"background-color":"","background-image":"","background-repeat":"repeat","background-position":"center center","background-size":"auto","background-attachment":"scroll","background-type":"","background-media":"","overlay-type":"","overlay-color":"","overlay-opacity":"","overlay-gradient":""},"mobile":{"background-color":"","background-image":"","background-repeat":"repeat","background-position":"center center","background-size":"auto","background-attachment":"scroll","background-type":"","background-media":"","overlay-type":"","overlay-color":"","overlay-opacity":"","overlay-gradient":""}},"ast-content-background-meta":{"desktop":{"background-color":"var(--ast-global-color-5)","background-image":"","background-repeat":"repeat","background-position":"center center","background-size":"auto","background-attachment":"scroll","background-type":"","background-media":"","overlay-type":"","overlay-color":"","overlay-opacity":"","overlay-gradient":""},"tablet":{"background-color":"var(--ast-global-color-5)","background-image":"","background-repeat":"repeat","background-position":"center center","background-size":"auto","background-attachment":"scroll","background-type":"","background-media":"","overlay-type":"","overlay-color":"","overlay-opacity":"","overlay-gradient":""},"mobile":{"background-color":"var(--ast-global-color-5)","background-image":"","background-repeat":"repeat","background-position":"center center","background-size":"auto","background-attachment":"scroll","background-type":"","background-media":"","overlay-type":"","overlay-color":"","overlay-opacity":"","overlay-gradient":""}},"_joinchat":{"telephone":"+8617776015835"}},"product_brand":[],"product_cat":[72,153,154,159,142,143,171],"product_tag":[165,97,166,94,139,172,169],"class_list":{"0":"post-3222","1":"product","2":"type-product","3":"status-publish","4":"has-post-thumbnail","6":"product_cat-12000-puff","7":"product_cat-buy-disposable-vapes-in-italy","8":"product_cat-buy-disposable-vapes-in-netherlands","9":"product_cat-buy-disposable-vapes-in-sweden","10":"product_cat-digital-box-disposable-vapes","11":"product_cat-dual-mesh-disposable-vapes","12":"product_cat-vapsolo-disposable-vapes","13":"product_tag-cheap-vapes","14":"product_tag-hot-sale-disposable-vape","15":"product_tag-low-nicotine-vape","16":"product_tag-rechargeable-disposable-vape","17":"product_tag-vapsolo","18":"product_tag-vapsolo-tornado-pro-12000","19":"product_tag-vasolo-12000","20":"desktop-align-left","21":"tablet-align-left","22":"mobile-align-left","24":"first","25":"instock","26":"sale","27":"shipping-taxable","28":"purchasable","29":"product-type-simple"},"acf":[],"uagb_featured_image_src":{"full":["https:\/\/vapestornado.com\/wp-content\/uploads\/2024\/12\/Vapsolo-Tornado-Pro-12000-Rechargeable-Disposable-Vapes-Bulk-Buy-Wholesale.jpg",1126,1126,false],"thumbnail":["https:\/\/vapestornado.com\/wp-content\/uploads\/2024\/12\/Vapsolo-Tornado-Pro-12000-Rechargeable-Disposable-Vapes-Bulk-Buy-Wholesale-150x150.jpg",150,150,true],"medium":["https:\/\/vapestornado.com\/wp-content\/uploads\/2024\/12\/Vapsolo-Tornado-Pro-12000-Rechargeable-Disposable-Vapes-Bulk-Buy-Wholesale-300x300.jpg",300,300,true],"medium_large":["https:\/\/vapestornado.com\/wp-content\/uploads\/2024\/12\/Vapsolo-Tornado-Pro-12000-Rechargeable-Disposable-Vapes-Bulk-Buy-Wholesale-768x768.jpg",768,768,true],"large":["https:\/\/vapestornado.com\/wp-content\/uploads\/2024\/12\/Vapsolo-Tornado-Pro-12000-Rechargeable-Disposable-Vapes-Bulk-Buy-Wholesale-1024x1024.jpg",1024,1024,true],"1536x1536":["https:\/\/vapestornado.com\/wp-content\/uploads\/2024\/12\/Vapsolo-Tornado-Pro-12000-Rechargeable-Disposable-Vapes-Bulk-Buy-Wholesale.jpg",1126,1126,false],"2048x2048":["https:\/\/vapestornado.com\/wp-content\/uploads\/2024\/12\/Vapsolo-Tornado-Pro-12000-Rechargeable-Disposable-Vapes-Bulk-Buy-Wholesale.jpg",1126,1126,false],"trp-custom-language-flag":["https:\/\/vapestornado.com\/wp-content\/uploads\/2024\/12\/Vapsolo-Tornado-Pro-12000-Rechargeable-Disposable-Vapes-Bulk-Buy-Wholesale.jpg",12,12,false],"woocommerce_thumbnail":["https:\/\/vapestornado.com\/wp-content\/uploads\/2024\/12\/Vapsolo-Tornado-Pro-12000-Rechargeable-Disposable-Vapes-Bulk-Buy-Wholesale-300x300.jpg",300,300,true],"woocommerce_single":["https:\/\/vapestornado.com\/wp-content\/uploads\/2024\/12\/Vapsolo-Tornado-Pro-12000-Rechargeable-Disposable-Vapes-Bulk-Buy-Wholesale-600x600.jpg",600,600,true],"woocommerce_gallery_thumbnail":["https:\/\/vapestornado.com\/wp-content\/uploads\/2024\/12\/Vapsolo-Tornado-Pro-12000-Rechargeable-Disposable-Vapes-Bulk-Buy-Wholesale-100x100.jpg",100,100,true]},"uagb_author_info":{"display_name":"ESAMY","author_link":"https:\/\/vapestornado.com\/hu\/author\/"},"uagb_comment_info":0,"uagb_excerpt":"VapSolo Tornado Pro 12000 Puffs 2% 5% Low Nicotine Disposable Vape Bulk Buy Price VapSolo Tornado Pro 12000 Puffs Rechargeable Disposable Vape Wholesale Cheap Factory Tornado 12000 Puffs 2% 5% Low Nicotine Disposable Vape Add Amy's whatsapp get right reply and vape vape coupon! WhatsApp: +86 17776015835 &nbsp;","_links":{"self":[{"href":"https:\/\/vapestornado.com\/hu\/wp-json\/wp\/v2\/product\/3222","targetHints":{"allow":["GET"]}}],"collection":[{"href":"https:\/\/vapestornado.com\/hu\/wp-json\/wp\/v2\/product"}],"about":[{"href":"https:\/\/vapestornado.com\/hu\/wp-json\/wp\/v2\/types\/product"}],"replies":[{"embeddable":true,"href":"https:\/\/vapestornado.com\/hu\/wp-json\/wp\/v2\/comments?post=3222"}],"wp:featuredmedia":[{"embeddable":true,"href":"https:\/\/vapestornado.com\/hu\/wp-json\/wp\/v2\/media\/3215"}],"wp:attachment":[{"href":"https:\/\/vapestornado.com\/hu\/wp-json\/wp\/v2\/media?parent=3222"}],"wp:term":[{"taxonomy":"product_brand","embeddable":true,"href":"https:\/\/vapestornado.com\/hu\/wp-json\/wp\/v2\/product_brand?post=3222"},{"taxonomy":"product_cat","embeddable":true,"href":"https:\/\/vapestornado.com\/hu\/wp-json\/wp\/v2\/product_cat?post=3222"},{"taxonomy":"product_tag","embeddable":true,"href":"https:\/\/vapestornado.com\/hu\/wp-json\/wp\/v2\/product_tag?post=3222"}],"curies":[{"name":"wp","href":"https:\/\/api.w.org\/{rel}","templated":true}]}}