{"id":3201,"date":"2024-12-18T03:39:14","date_gmt":"2024-12-18T03:39:14","guid":{"rendered":"https:\/\/vapestornado.com\/?post_type=product&#038;p=3201"},"modified":"2025-08-23T09:47:27","modified_gmt":"2025-08-23T09:47:27","slug":"vapsolo-viking-12000-puffs-2-5-low-nicotine-bulk-buy-rechargeable-disposable-vapes-pen-wholesale-price","status":"publish","type":"product","link":"https:\/\/vapestornado.com\/hu\/product\/vapsolo-viking-12000-puffs-2-5-low-nicotine-bulk-buy-rechargeable-disposable-vapes-pen-wholesale-price\/","title":{"rendered":"VapSolo Viking 12000 Sz\u00edv\u00e1s 2% 5% Alacsony Nikotintartalm\u00fa T\u00f6meges V\u00e1s\u00e1rl\u00e1s \u00dajrat\u00f6lthet\u0151 Eldobhat\u00f3 Vape Toll Nagykereskedelmi \u00c1r"},"content":{"rendered":"<h1 class=\"product-title\">VapSolo Viking 12000 Sz\u00edv\u00e1s 2% 5% Alacsony Nikotintartalm\u00fa T\u00f6meges V\u00e1s\u00e1rl\u00e1s \u00dajrat\u00f6lthet\u0151 Eldobhat\u00f3 Vape Toll Nagykereskedelmi \u00c1r<\/h1>\n<p data-start=\"403\" data-end=\"652\">A <strong data-start=\"407\" data-end=\"453\">VapSolo Viking 12000 Puffs Eldobhat\u00f3 Vape<\/strong> hossz\u00fa t\u00e1v\u00fa teljes\u00edtm\u00e9nyt \u00e9s rugalmass\u00e1got k\u00edn\u00e1l egy eleg\u00e1ns, hordozhat\u00f3 kivitelben. A <strong data-start=\"536\" data-end=\"562\">22 ml-es e-liquid kapacit\u00e1ssal<\/strong> \u00e9s ak\u00e1r <strong data-start=\"573\" data-end=\"589\">12 000 slukk<\/strong>haszn\u00e1lat\u00e1val hosszan tart\u00f3 haszn\u00e1latot biztos\u00edt, \u00e1lland\u00f3 csere n\u00e9lk\u00fcl.<\/p>\n<p data-start=\"654\" data-end=\"909\">Egy <strong data-start=\"667\" data-end=\"698\">650mAh-s \u00fajrat\u00f6lthet\u0151 akkumul\u00e1tor<\/strong> \u00e1ltal m\u0171k\u00f6dtetve <strong data-start=\"704\" data-end=\"728\">Type-C gyorst\u00f6lt\u00e9ssel<\/strong>a Viking 12K konzisztens haszn\u00e1latot \u00e9s hat\u00e9kony \u00fajrat\u00f6lt\u00e9st biztos\u00edt. A k\u00f6vetkez\u0151 \u00edzekben kaphat\u00f3: <strong data-start=\"811\" data-end=\"843\">2% \u00e9s 5% nikotinszint<\/strong>\u00edgy alkalmas mind a m\u00e9rs\u00e9kelt, mind az er\u0151sebb preferenci\u00e1khoz.<\/p>\n<p data-start=\"911\" data-end=\"1150\">Felszerelve <strong data-start=\"925\" data-end=\"949\">mesh coil technol\u00f3gi\u00e1val<\/strong> \u00e9s a <strong data-start=\"954\" data-end=\"984\">4-szint\u0171 \u00e1ll\u00edthat\u00f3 l\u00e9g\u00e1raml\u00e1s<\/strong>ez az eszk\u00f6z garant\u00e1lja a sima g\u0151ztermel\u00e9st \u00e9s a testreszabhat\u00f3 sz\u00edv\u00e1sokat. A <strong data-start=\"1061\" data-end=\"1076\">LCD kijelz\u0151<\/strong> k\u00e9nyelmet ny\u00fajt a slukkok sz\u00e1m\u00e1nak \u00e9s az akkumul\u00e1tor \u00e1llapot\u00e1nak val\u00f3s id\u0151ben t\u00f6rt\u00e9n\u0151 megjelen\u00edt\u00e9s\u00e9vel.<\/p>\n<p data-start=\"1152\" data-end=\"1410\">K\u00f6nny\u0171 \u00e9s k\u00f6nnyen hordozhat\u00f3, a <strong data-start=\"1187\" data-end=\"1211\">VapSolo Viking 12000<\/strong> ide\u00e1lis mindennapi felhaszn\u00e1l\u00f3k \u00e9s nagykeresked\u0151k sz\u00e1m\u00e1ra egyar\u00e1nt. Kapacit\u00e1s\u00e1nak, fejlett funkci\u00f3inak \u00e9s versenyk\u00e9pes <strong data-start=\"1326\" data-end=\"1347\">nagykereskedelmi \u00e1raz\u00e1si<\/strong> \u00e1ra miatt j\u00f6vedelmez\u0151 lehet\u0151s\u00e9g a kiskeresked\u0151k \u00e9s a forgalmaz\u00f3k sz\u00e1m\u00e1ra.<\/p>\n<p><strong>Add meg Amy Whatsappj\u00e1t a gyors v\u00e1lasz\u00e9rt \u00e9s vape kupon\u00e9rt!<\/strong><\/p>\n<p><img fetchpriority=\"high\" decoding=\"async\" class=\"size-full wp-image-2932\" src=\"https:\/\/vapestornado.com\/wp-content\/uploads\/2024\/12\/Vape-Wholesale.jpg\" alt=\"Vape nagykereskedelem\" width=\"229\" height=\"300\" \/><\/p>\n<h3><a href=\"https:\/\/wa.me\/8617776015835\" target=\"_blank\" rel=\"noopener\"><span style=\"color: #ff0000;\"><strong>WhatsApp: +86 17776015835<\/strong><\/span><\/a><\/h3>\n<p>&nbsp;<\/p>\n<h2><strong>VapSolo Viking 12000 term\u00e9kjellemz\u0151k<\/strong><\/h2>\n<div role=\"article\" data-tabster=\"{&quot;groupper&quot;:{&quot;tabbability&quot;:2},&quot;focusable&quot;:{}}\" data-content=\"ai-message\" aria-labelledby=\"juhNTJ6o7Gk1cgwZMJgv2-author juhNTJ6o7Gk1cgwZMJgv2-content\">\n<div id=\"juhNTJ6o7Gk1cgwZMJgv2-content\">\n<div role=\"article\" data-tabster=\"{&quot;groupper&quot;:{&quot;tabbability&quot;:2},&quot;focusable&quot;:{}}\" data-content=\"ai-message\" aria-labelledby=\"x4EZuCZWrTbh3weWUt7CU-author x4EZuCZWrTbh3weWUt7CU-content\">\n<div id=\"x4EZuCZWrTbh3weWUt7CU-content\">\n<h3><\/h3>\n<ol>\n<li><strong>12 000 slukk k\u00e9sz\u00fcl\u00e9kenk\u00e9nt:<\/strong> Hosszabb haszn\u00e1lat a probl\u00e9mamentes g\u0151z\u00f6l\u00e9si \u00e9lm\u00e9ny\u00e9rt.<\/li>\n<li><strong>Alacsony nikotintartalm\u00fa opci\u00f3k:<\/strong> 2%-os \u00e9s 5%-os v\u00e1ltozatban kaphat\u00f3, \u00edgy sokf\u00e9le ig\u00e9nyt kiel\u00e9g\u00edt.<\/li>\n<li><strong>\u00dajrat\u00f6lthet\u0151 akkumul\u00e1tor:<\/strong> 650mAh kapacit\u00e1s k\u00e9nyelmes C t\u00edpus\u00fa gyorst\u00f6lt\u00e9ssel.<\/li>\n<li><strong>4-Szint\u0171 \u00c1ll\u00edthat\u00f3 L\u00e9g\u00e1raml\u00e1s:<\/strong> Testre szabhatja g\u0151z\u00f6l\u00e9si st\u00edlus\u00e1t pontoss\u00e1ggal.<\/li>\n<li><strong>H\u00e1l\u00f3s tekercs technol\u00f3gia:<\/strong> Minden alkalommal sima g\u0151zt \u00e9s fokozott \u00edzt biztos\u00edt.<\/li>\n<li><strong>22ml E-folyad\u00e9k kapacit\u00e1s:<\/strong> Hosszabb g\u0151z\u00f6l\u00e9si \u00e9lm\u00e9nyt ny\u00fajt gyakori ut\u00e1nt\u00f6lt\u00e9s n\u00e9lk\u00fcl.<\/li>\n<li><strong>LCD kijelz\u0151:<\/strong> K\u00f6nnyen nyomon k\u00f6vetheti a slukksz\u00e1mot \u00e9s az akkumul\u00e1tor \u00e1llapot\u00e1t val\u00f3s id\u0151ben.<\/li>\n<li><strong>Kompakt \u00e9s k\u00f6nny\u0171:<\/strong> Hordozhat\u00f3 kivitel, mind\u00f6ssze 95g a k\u00f6nny\u0171, \u00fatk\u00f6zbeni haszn\u00e1lathoz.<\/li>\n<li><strong>Megfizethet\u0151 nagykereskedelmi \u00e1rak:<\/strong> Ide\u00e1lis t\u00f6meges v\u00e1s\u00e1rl\u00e1shoz \u00e9s viszontelad\u00e1shoz.<\/li>\n<li><strong>Pr\u00e9mium eldobhat\u00f3 vape m\u00e1rka:<\/strong> K\u00e9nyelem, teljes\u00edtm\u00e9ny \u00e9s st\u00edlus kombin\u00e1ci\u00f3ja.<\/li>\n<\/ol>\n<\/div>\n<\/div>\n<\/div>\n<\/div>\n<h2 class=\"product-title\"><strong>VapSolo 12000 Puffs \u00cdzek List\u00e1ja<\/strong><\/h2>\n<p>1.\u00c1fonya M\u00e1lna<br \/>\n2.\u00c1fonya<br \/>\n3.Sz\u00e9nsavas cseresznye<br \/>\n4. g\u00f6r\u00f6gdinnye j\u00e9g<br \/>\n5. eper kiwi<br \/>\n6.Eper g\u00f6r\u00f6gdinnye<br \/>\n7.Ny\u00e1ri \u00e1lom<br \/>\n8. \u00e1fonya cseresznye \u00e1fonya<br \/>\n9. citrom lime<br \/>\n10.Gumicukor<br \/>\n11.Eper Ban\u00e1n<br \/>\n12.Friss menta<br \/>\n13.Eper M\u00e1lna j\u00e9g<br \/>\n14.Citrom \u0151szibarack<br \/>\n15.V\u00f6r\u00f6s Alma J\u00e9g<\/p>\n<figure id=\"attachment_3194\" aria-describedby=\"caption-attachment-3194\" style=\"width: 600px\" class=\"wp-caption alignnone\"><img decoding=\"async\" class=\"wp-image-3194\" src=\"https:\/\/vapestornado.com\/wp-content\/uploads\/2024\/12\/VapSolo-12000-Puffs-Disposable-Vape-Wholesale-Cheap-Price-300x300.jpg\" alt=\"VapSolo 12000 Puffs Eldobhat\u00f3 Vape Nagykereskedelem Olcs\u00f3 \u00c1r\" width=\"600\" height=\"600\" srcset=\"https:\/\/vapestornado.com\/wp-content\/uploads\/2024\/12\/VapSolo-12000-Puffs-Disposable-Vape-Wholesale-Cheap-Price-300x300.jpg 300w, https:\/\/vapestornado.com\/wp-content\/uploads\/2024\/12\/VapSolo-12000-Puffs-Disposable-Vape-Wholesale-Cheap-Price-1024x1024.jpg 1024w, https:\/\/vapestornado.com\/wp-content\/uploads\/2024\/12\/VapSolo-12000-Puffs-Disposable-Vape-Wholesale-Cheap-Price-150x150.jpg 150w, https:\/\/vapestornado.com\/wp-content\/uploads\/2024\/12\/VapSolo-12000-Puffs-Disposable-Vape-Wholesale-Cheap-Price-768x768.jpg 768w, https:\/\/vapestornado.com\/wp-content\/uploads\/2024\/12\/VapSolo-12000-Puffs-Disposable-Vape-Wholesale-Cheap-Price-600x600.jpg 600w, https:\/\/vapestornado.com\/wp-content\/uploads\/2024\/12\/VapSolo-12000-Puffs-Disposable-Vape-Wholesale-Cheap-Price-100x100.jpg 100w, https:\/\/vapestornado.com\/wp-content\/uploads\/2024\/12\/VapSolo-12000-Puffs-Disposable-Vape-Wholesale-Cheap-Price.jpg 1126w\" sizes=\"(max-width: 600px) 100vw, 600px\" \/><figcaption id=\"caption-attachment-3194\" class=\"wp-caption-text\">VapSolo 12000 Puffs Eldobhat\u00f3 Vape Nagykereskedelem Olcs\u00f3 \u00c1r<\/figcaption><\/figure>\n<h3>Mi\u00e9rt v\u00e1lassza a vapestornado-t a VapSolo Viking 12000 Puffs Vape Nagykereskedelemhez?<\/h3>\n<div class=\"flex-shrink-0 flex flex-col relative items-end\">\n<div class=\"pt-0\">\n<div class=\"gizmo-bot-avatar flex h-8 w-8 items-center justify-center overflow-hidden rounded-full\">\n<div class=\"relative p-1 rounded-sm flex items-center justify-center bg-token-main-surface-primary text-token-text-primary h-8 w-8\">\n<p>\u00dcdv\u00f6z\u00f6lj\u00fck a vapestornado-n, az \u00d6n megb\u00edzhat\u00f3 online vape boltj\u00e1ban a pr\u00e9mium eldobhat\u00f3 vape-okhoz. T\u00f6bb mint 5 \u00e9ves szak\u00e9rtelemmel hozunk el \u00d6nnek n\u00e9pszer\u0171 eldobhat\u00f3 vape m\u00e1rk\u00e1kat, mint p\u00e9ld\u00e1ul a Fumot RandM Vape, <a href=\"https:\/\/vapestornado.com\/hu\/product\/vapme-crystal-7000-puffs-rechargeable-disposable-vape-wholesale-cheap-price\/\">Vapme<\/a>, Bang Vape, Waspe Vape \u00e9s WGA Vape, stb.<\/p>\n<p>K\u00edn\u00e1latunkban szerepelnek n\u00e9pszer\u0171 vape-ok, mint a <a href=\"https:\/\/vapestornado.com\/hu\/product\/fumot-randm-tornado-15000-puffs-rechargeable-disposable-vape-wholesale\/\">RandM Torn\u00e1d\u00f3 15000<\/a>, \u00e9s \u00edzgazdag v\u00e1laszt\u00e1sok, mint a <a href=\"https:\/\/vapestornado.com\/hu\/product\/waspe-40000-puffs-double-flavour-led-display-disposable-vape-wholesale\/\">WASPE Dupla \u00cdz 40000 Puffs<\/a> . Minden term\u00e9k\u00fcnket a min\u0151s\u00e9g, \u00e9rt\u00e9k \u00e9s v\u00e1ltozatoss\u00e1g figyelembev\u00e9tel\u00e9vel v\u00e1lasztjuk ki, biztos\u00edtva, hogy megtal\u00e1lja az ig\u00e9nyeinek legmegfelel\u0151bbet. Fedezze fel a kiv\u00e9teles szolg\u00e1ltat\u00e1st \u00e9s a top term\u00e9kek sz\u00e9les v\u00e1laszt\u00e9k\u00e1t nagykereskedelmi \u00e1ron a vapestornado-n.<\/p>\n<\/div>\n<h3><\/h3>\n<div class=\"relative p-1 rounded-sm flex items-center justify-center bg-token-main-surface-primary text-token-text-primary h-8 w-8\">\n<h3>GYIK a VapSolo Viking 12k Puff eldobhat\u00f3 vape-hoz<\/h3>\n<\/div>\n<\/div>\n<\/div>\n<\/div>\n<div class=\"flex-shrink-0 flex flex-col relative items-end\">\n<div class=\"pt-0\">\n<div class=\"gizmo-bot-avatar flex h-8 w-8 items-center justify-center overflow-hidden rounded-full\">\n<div class=\"relative p-1 rounded-sm flex items-center justify-center bg-token-main-surface-primary text-token-text-primary h-8 w-8\">\n<div class=\"mb-2 flex gap-3 empty:hidden -ml-2\">\n<div role=\"article\" data-tabster=\"{&quot;groupper&quot;:{&quot;tabbability&quot;:2},&quot;focusable&quot;:{}}\" data-content=\"ai-message\" aria-labelledby=\"Vdt5ez4X7Tg813x6rFVha-author Vdt5ez4X7Tg813x6rFVha-content\">\n<div id=\"Vdt5ez4X7Tg813x6rFVha-content\">\n<div role=\"article\" data-tabster=\"{&quot;groupper&quot;:{&quot;tabbability&quot;:2},&quot;focusable&quot;:{}}\" data-content=\"ai-message\" aria-labelledby=\"o968oC7CEo2fGHsGdsRYC-author o968oC7CEo2fGHsGdsRYC-content\">\n<div id=\"o968oC7CEo2fGHsGdsRYC-content\">\n<ol>\n<li><strong>Mekkora a VapSolo Viking 12000 szippant\u00e1si kapacit\u00e1sa?<\/strong><br \/>\nA <strong>VapSolo Viking 12000<\/strong> ak\u00e1r <strong>12 000 slukk<\/strong>, minim\u00e1lis karbantart\u00e1ssal biztos\u00edtva a hosszan tart\u00f3 haszn\u00e1latot.<\/li>\n<li><strong>\u00dajrat\u00f6lthetem a VapSolo Viking 12000-et?<\/strong><br \/>\nIgen, a k\u00e9sz\u00fcl\u00e9k fel van szerelve egy <strong>650mAh-s \u00fajrat\u00f6lthet\u0151 akkumul\u00e1tor<\/strong> \u00e9s egy <strong>Type-C t\u00f6lt\u0151porttal<\/strong> a gyors \u00e9s hat\u00e9kony t\u00f6lt\u00e9s \u00e9rdek\u00e9ben.<\/li>\n<li><strong>Milyen nikotinszintek \u00e1llnak rendelkez\u00e9sre?<\/strong><br \/>\nA k\u00e9sz\u00fcl\u00e9k <strong>2% \u00e9s 5% alacsony nikotin opci\u00f3k<\/strong>, kiel\u00e9g\u00edtve a felhaszn\u00e1l\u00f3i preferenci\u00e1k sz\u00e9les sk\u00e1l\u00e1j\u00e1t.<\/li>\n<li><strong>Hogyan m\u0171k\u00f6dik az \u00e1ll\u00edthat\u00f3 l\u00e9g\u00e1raml\u00e1s?<\/strong><br \/>\nA <strong>4-szint\u0171 \u00e1ll\u00edthat\u00f3 l\u00e9g\u00e1raml\u00e1s<\/strong> lehet\u0151v\u00e9 teszi, hogy szorosabb \u00e9s laz\u00e1bb h\u00faz\u00e1sok k\u00f6z\u00f6tt v\u00e1ltson, \u00edgy teljes ellen\u0151rz\u00e9st biztos\u00edtva a g\u0151z\u00f6l\u00e9si st\u00edlusa felett.<\/li>\n<li><strong>Mi\u00e9rt ide\u00e1lis a VapSolo Viking 12000 a nagykereskedelmi vev\u0151k sz\u00e1m\u00e1ra?<\/strong><br \/>\nA <strong>magas slukksz\u00e1m<\/strong>, <strong>LCD kijelz\u0151<\/strong>, \u00e9s <strong>megfizethet\u0151 t\u00f6meges \u00e1rakat<\/strong>, t\u00f6k\u00e9letes azoknak a kiskeresked\u0151knek, akik min\u0151s\u00e9gi, funkci\u00f3kban gazdag term\u00e9keket szeretn\u00e9nek rakt\u00e1rozni versenyk\u00e9pes \u00e1ron. <strong>eldobhat\u00f3 vape<\/strong> term\u00e9keket versenyk\u00e9pes \u00e1ron.<\/li>\n<\/ol>\n<\/div>\n<\/div>\n<\/div>\n<\/div>\n<\/div>\n<\/div>\n<\/div>\n<\/div>\n<\/div>","protected":false},"excerpt":{"rendered":"<p>VapSolo Viking 12000 Puffs 2% 5% Alacsony nikotintartalm\u00fa eldobhat\u00f3 vape k\u00e9sz\u00fcl\u00e9k t\u00f6meges v\u00e1s\u00e1rl\u00e1s eset\u00e9n<br \/>\nVapSolo Viking 12000 Puffs \u00fajrat\u00f6lthet\u0151 eldobhat\u00f3 vape k\u00e9sz\u00fcl\u00e9k nagykeresked\u00e9s<br \/>\nOlcs\u00f3 gy\u00e1ri VapSolo 12000 Puffs 2% 5% alacsony nikotintartalm\u00fa eldobhat\u00f3 vape k\u00e9sz\u00fcl\u00e9k<\/p>\n<p><strong>Adja hozz\u00e1 Amy-t WhatsApp-on, hogy azonnali v\u00e1laszt \u00e9s vape kupont kapjon!<\/strong><\/p>\n<p><img fetchpriority=\"high\" decoding=\"async\" class=\"size-full wp-image-2932\" src=\"https:\/\/vapestornado.com\/wp-content\/uploads\/2024\/12\/Vape-Wholesale.jpg\" alt=\"Vape nagykereskedelem\" width=\"229\" height=\"300\" \/><\/p>\n<h3><a href=\"https:\/\/wa.me\/8617776015835\"><span style=\"color: #ff0000;\"><strong>WhatsApp: +86 17776015835<\/strong><\/span><\/a><\/h3>\n<p>&nbsp;<\/p>","protected":false},"featured_media":3193,"comment_status":"open","ping_status":"closed","template":"","meta":{"_acf_changed":false,"_uag_custom_page_level_css":"","_lmt_disableupdate":"no","_lmt_disable":"","_monsterinsights_skip_tracking":false,"_monsterinsights_sitenote_active":false,"_monsterinsights_sitenote_note":"","_monsterinsights_sitenote_category":0,"site-sidebar-layout":"default","site-content-layout":"","ast-site-content-layout":"default","site-content-style":"default","site-sidebar-style":"default","ast-global-header-display":"","ast-banner-title-visibility":"","ast-main-header-display":"","ast-hfb-above-header-display":"","ast-hfb-below-header-display":"","ast-hfb-mobile-header-display":"","site-post-title":"","ast-breadcrumbs-content":"","ast-featured-img":"","footer-sml-layout":"","ast-disable-related-posts":"","theme-transparent-header-meta":"default","adv-header-id-meta":"","stick-header-meta":"","header-above-stick-meta":"","header-main-stick-meta":"","header-below-stick-meta":"","astra-migrate-meta-layouts":"set","ast-page-background-enabled":"default","ast-page-background-meta":{"desktop":{"background-color":"","background-image":"","background-repeat":"repeat","background-position":"center center","background-size":"auto","background-attachment":"scroll","background-type":"","background-media":"","overlay-type":"","overlay-color":"","overlay-opacity":"","overlay-gradient":""},"tablet":{"background-color":"","background-image":"","background-repeat":"repeat","background-position":"center center","background-size":"auto","background-attachment":"scroll","background-type":"","background-media":"","overlay-type":"","overlay-color":"","overlay-opacity":"","overlay-gradient":""},"mobile":{"background-color":"","background-image":"","background-repeat":"repeat","background-position":"center center","background-size":"auto","background-attachment":"scroll","background-type":"","background-media":"","overlay-type":"","overlay-color":"","overlay-opacity":"","overlay-gradient":""}},"ast-content-background-meta":{"desktop":{"background-color":"var(--ast-global-color-5)","background-image":"","background-repeat":"repeat","background-position":"center center","background-size":"auto","background-attachment":"scroll","background-type":"","background-media":"","overlay-type":"","overlay-color":"","overlay-opacity":"","overlay-gradient":""},"tablet":{"background-color":"var(--ast-global-color-5)","background-image":"","background-repeat":"repeat","background-position":"center center","background-size":"auto","background-attachment":"scroll","background-type":"","background-media":"","overlay-type":"","overlay-color":"","overlay-opacity":"","overlay-gradient":""},"mobile":{"background-color":"var(--ast-global-color-5)","background-image":"","background-repeat":"repeat","background-position":"center center","background-size":"auto","background-attachment":"scroll","background-type":"","background-media":"","overlay-type":"","overlay-color":"","overlay-opacity":"","overlay-gradient":""}},"_joinchat":{"telephone":"+8617776015835"}},"product_brand":[],"product_cat":[72,149,150,156,144,146,171],"product_tag":[165,97,166,94,139,170,169],"class_list":{"0":"post-3201","1":"product","2":"type-product","3":"status-publish","4":"has-post-thumbnail","6":"product_cat-12000-puff","7":"product_cat-buy-disposable-vapes-in-austria","8":"product_cat-buy-disposable-vapes-in-belgium","9":"product_cat-buy-disposable-vapes-in-poland","10":"product_cat-low-nicotine-disposable-vapes","11":"product_cat-rechargeable-disposable-vapes","12":"product_cat-vapsolo-disposable-vapes","13":"product_tag-cheap-vapes","14":"product_tag-hot-sale-disposable-vape","15":"product_tag-low-nicotine-vape","16":"product_tag-rechargeable-disposable-vape","17":"product_tag-vapsolo","18":"product_tag-vapsolo-viking-12000","19":"product_tag-vasolo-12000","20":"desktop-align-left","21":"tablet-align-left","22":"mobile-align-left","24":"first","25":"instock","26":"sale","27":"shipping-taxable","28":"purchasable","29":"product-type-simple"},"acf":[],"uagb_featured_image_src":{"full":["https:\/\/vapestornado.com\/wp-content\/uploads\/2024\/12\/VapSolo-12000-Puffs-Disposable-Vape-Bulk-Buy-Price.jpg",1126,1126,false],"thumbnail":["https:\/\/vapestornado.com\/wp-content\/uploads\/2024\/12\/VapSolo-12000-Puffs-Disposable-Vape-Bulk-Buy-Price-150x150.jpg",150,150,true],"medium":["https:\/\/vapestornado.com\/wp-content\/uploads\/2024\/12\/VapSolo-12000-Puffs-Disposable-Vape-Bulk-Buy-Price-300x300.jpg",300,300,true],"medium_large":["https:\/\/vapestornado.com\/wp-content\/uploads\/2024\/12\/VapSolo-12000-Puffs-Disposable-Vape-Bulk-Buy-Price-768x768.jpg",768,768,true],"large":["https:\/\/vapestornado.com\/wp-content\/uploads\/2024\/12\/VapSolo-12000-Puffs-Disposable-Vape-Bulk-Buy-Price-1024x1024.jpg",1024,1024,true],"1536x1536":["https:\/\/vapestornado.com\/wp-content\/uploads\/2024\/12\/VapSolo-12000-Puffs-Disposable-Vape-Bulk-Buy-Price.jpg",1126,1126,false],"2048x2048":["https:\/\/vapestornado.com\/wp-content\/uploads\/2024\/12\/VapSolo-12000-Puffs-Disposable-Vape-Bulk-Buy-Price.jpg",1126,1126,false],"trp-custom-language-flag":["https:\/\/vapestornado.com\/wp-content\/uploads\/2024\/12\/VapSolo-12000-Puffs-Disposable-Vape-Bulk-Buy-Price.jpg",12,12,false],"woocommerce_thumbnail":["https:\/\/vapestornado.com\/wp-content\/uploads\/2024\/12\/VapSolo-12000-Puffs-Disposable-Vape-Bulk-Buy-Price-300x300.jpg",300,300,true],"woocommerce_single":["https:\/\/vapestornado.com\/wp-content\/uploads\/2024\/12\/VapSolo-12000-Puffs-Disposable-Vape-Bulk-Buy-Price-600x600.jpg",600,600,true],"woocommerce_gallery_thumbnail":["https:\/\/vapestornado.com\/wp-content\/uploads\/2024\/12\/VapSolo-12000-Puffs-Disposable-Vape-Bulk-Buy-Price-100x100.jpg",100,100,true]},"uagb_author_info":{"display_name":"ESAMY","author_link":"https:\/\/vapestornado.com\/hu\/author\/"},"uagb_comment_info":0,"uagb_excerpt":"VapSolo Viking 12000 Puffs 2% 5% Low Nicotine Disposable VapeBulk Buy Price VapSolo Viking 12000 Puffs Rechargeable Disposable Vape Wholesale Cheap Factory VapSolo 12000 Puffs 2% 5% Low Nicotine Disposable Vape Add Amy's whatsapp get right reply and vape vape coupon! WhatsApp: +86 17776015835 &nbsp;","_links":{"self":[{"href":"https:\/\/vapestornado.com\/hu\/wp-json\/wp\/v2\/product\/3201","targetHints":{"allow":["GET"]}}],"collection":[{"href":"https:\/\/vapestornado.com\/hu\/wp-json\/wp\/v2\/product"}],"about":[{"href":"https:\/\/vapestornado.com\/hu\/wp-json\/wp\/v2\/types\/product"}],"replies":[{"embeddable":true,"href":"https:\/\/vapestornado.com\/hu\/wp-json\/wp\/v2\/comments?post=3201"}],"wp:featuredmedia":[{"embeddable":true,"href":"https:\/\/vapestornado.com\/hu\/wp-json\/wp\/v2\/media\/3193"}],"wp:attachment":[{"href":"https:\/\/vapestornado.com\/hu\/wp-json\/wp\/v2\/media?parent=3201"}],"wp:term":[{"taxonomy":"product_brand","embeddable":true,"href":"https:\/\/vapestornado.com\/hu\/wp-json\/wp\/v2\/product_brand?post=3201"},{"taxonomy":"product_cat","embeddable":true,"href":"https:\/\/vapestornado.com\/hu\/wp-json\/wp\/v2\/product_cat?post=3201"},{"taxonomy":"product_tag","embeddable":true,"href":"https:\/\/vapestornado.com\/hu\/wp-json\/wp\/v2\/product_tag?post=3201"}],"curies":[{"name":"wp","href":"https:\/\/api.w.org\/{rel}","templated":true}]}}