{"id":3179,"date":"2024-12-16T03:01:14","date_gmt":"2024-12-16T03:01:14","guid":{"rendered":"https:\/\/vapestornado.com\/?post_type=product&#038;p=3179"},"modified":"2025-08-23T09:54:56","modified_gmt":"2025-08-23T09:54:56","slug":"china-factory-vapsolo-super-15000-puffs-disposable-wholesale-price-disposable-vape-rechargeable-disposable-vapes-pen-bulk-buy-wholesale","status":"publish","type":"product","link":"https:\/\/vapestornado.com\/hu\/product\/china-factory-vapsolo-super-15000-puffs-disposable-wholesale-price-disposable-vape-rechargeable-disposable-vapes-pen-bulk-buy-wholesale\/","title":{"rendered":"K\u00ednai Gy\u00e1ri Vapsolo Super 15000 Puffs Eldobhat\u00f3 Nagykereskedelmi \u00c1r Eldobhat\u00f3 Vape \u00dajrat\u00f6lthet\u0151 Eldobhat\u00f3 Vape Toll T\u00f6meges V\u00e1s\u00e1rl\u00e1s Nagykereskedelem"},"content":{"rendered":"<h1 class=\"product-title\">K\u00ednai Gy\u00e1ri Vapsolo Super 15000 Puffs Eldobhat\u00f3 Nagykereskedelmi \u00c1r Eldobhat\u00f3 Vape \u00dajrat\u00f6lthet\u0151 Eldobhat\u00f3 Vape Toll T\u00f6meges V\u00e1s\u00e1rl\u00e1s Nagykereskedelem<\/h1>\n<p data-start=\"396\" data-end=\"669\">A <strong data-start=\"400\" data-end=\"445\">Vapsolo Super 15000 Puffs Eldobhat\u00f3 Vape<\/strong> \u00f6tv\u00f6zi a kapacit\u00e1st, a teljes\u00edtm\u00e9nyt \u00e9s a testreszabhat\u00f3s\u00e1got egy kompakt eszk\u00f6zben. Ak\u00e1r <strong data-start=\"528\" data-end=\"544\">15 000 slukk<\/strong> \u00e9s egy <strong data-start=\"551\" data-end=\"584\">25 ml el\u0151ret\u00f6lt\u00f6tt e-liquid tart\u00e1llyal<\/strong>puffot is biztos\u00edt, hosszan tart\u00f3 el\u00e9gedetts\u00e9get ny\u00fajtva mind a szem\u00e9lyes haszn\u00e1latra, mind a nagykereskedelmi v\u00e1s\u00e1rl\u00f3k sz\u00e1m\u00e1ra.<\/p>\n<p data-start=\"671\" data-end=\"981\">Egy <strong data-start=\"684\" data-end=\"715\">650mAh-s \u00fajrat\u00f6lthet\u0151 akkumul\u00e1tor<\/strong> \u00e1ltal m\u0171k\u00f6dtetve <strong data-start=\"721\" data-end=\"745\">Type-C gyorst\u00f6lt\u00e9ssel<\/strong>a Super 15K egyenletes teljes\u00edtm\u00e9nyt \u00e9s minim\u00e1lis le\u00e1ll\u00e1st biztos\u00edt. A <strong data-start=\"813\" data-end=\"843\">4-szint\u0171 \u00e1ll\u00edthat\u00f3 l\u00e9g\u00e1raml\u00e1s<\/strong> lehet\u0151v\u00e9 teszi a felhaszn\u00e1l\u00f3k sz\u00e1m\u00e1ra, hogy sz\u0171kebb MTL h\u00faz\u00e1sok vagy sim\u00e1bb, nyitottabb slukkok k\u00f6z\u00f6tt v\u00e1lasszanak, m\u00edg a <strong data-start=\"922\" data-end=\"935\">h\u00e1l\u00f3s tekercs<\/strong> fokozza az \u00edzek \u00e1tad\u00e1s\u00e1t \u00e9s a g\u0151z s\u0171r\u0171s\u00e9g\u00e9t.<\/p>\n<p data-start=\"983\" data-end=\"1292\">El\u00e9rhet\u0151 <strong data-start=\"996\" data-end=\"1020\">alacsony nikotinszint\u0171 opci\u00f3kat<\/strong>, a <strong data-start=\"1026\" data-end=\"1049\">Vapsolo Super 15000<\/strong> \u00fagy tervezt\u00e9k, hogy megfeleljen a k\u00fcl\u00f6nb\u00f6z\u0151 ig\u00e9nyeknek. A fejlett funkci\u00f3k, a tart\u00f3s min\u0151s\u00e9g \u00e9s a versenyk\u00e9pes <strong data-start=\"1159\" data-end=\"1180\">nagykereskedelmi \u00e1raz\u00e1si<\/strong>kombin\u00e1ci\u00f3j\u00e1val er\u0151s v\u00e1laszt\u00e1s a kiskeresked\u0151k, forgalmaz\u00f3k \u00e9s nagy t\u00e9telben v\u00e1s\u00e1rl\u00f3k sz\u00e1m\u00e1ra, akik nagy kereslet\u0171 eldobhat\u00f3 vape-eket keresnek.<\/p>\n<p><strong>Add meg Amy Whatsappj\u00e1t a gyors v\u00e1lasz\u00e9rt \u00e9s vape kupon\u00e9rt!<\/strong><\/p>\n<p><img fetchpriority=\"high\" decoding=\"async\" class=\"size-full wp-image-2932\" src=\"https:\/\/vapestornado.com\/wp-content\/uploads\/2024\/12\/Vape-Wholesale.jpg\" alt=\"Vape nagykereskedelem\" width=\"229\" height=\"300\" \/><\/p>\n<h3><a href=\"https:\/\/wa.me\/8617776015835\" target=\"_blank\" rel=\"noopener\"><span style=\"color: #ff0000;\"><strong>WhatsApp: +86 17776015835<\/strong><\/span><\/a><\/h3>\n<p>&nbsp;<\/p>\n<h2><strong>Vapsolo Super 15000 Term\u00e9kjellemz\u0151k<\/strong><\/h2>\n<div role=\"article\" data-tabster=\"{&quot;groupper&quot;:{&quot;tabbability&quot;:2},&quot;focusable&quot;:{}}\" data-content=\"ai-message\" aria-labelledby=\"juhNTJ6o7Gk1cgwZMJgv2-author juhNTJ6o7Gk1cgwZMJgv2-content\">\n<div id=\"juhNTJ6o7Gk1cgwZMJgv2-content\">\n<div role=\"article\" data-tabster=\"{&quot;groupper&quot;:{&quot;tabbability&quot;:2},&quot;focusable&quot;:{}}\" data-content=\"ai-message\" aria-labelledby=\"x4EZuCZWrTbh3weWUt7CU-author x4EZuCZWrTbh3weWUt7CU-content\">\n<div id=\"x4EZuCZWrTbh3weWUt7CU-content\">\n<h3><\/h3>\n<ol>\n<li><strong>15 000 Sz\u00edv\u00e1s Kapacit\u00e1s:<\/strong> Hosszantart\u00f3 haszn\u00e1lat a zavartalan el\u00e9gedetts\u00e9g\u00e9rt.<\/li>\n<li><strong>25 ml E-Liquid Tart\u00e1ly:<\/strong> Nagy kapacit\u00e1s a ritk\u00e1bb \u00fajrat\u00f6lt\u00e9shez \u00e9s a maxim\u00e1lis k\u00e9nyelemhez.<\/li>\n<li><strong>650mAh \u00dajrat\u00f6lthet\u0151 Akkumul\u00e1tor:<\/strong> Megb\u00edzhat\u00f3 teljes\u00edtm\u00e9ny gyors Type-C t\u00f6lt\u00e9ssel.<\/li>\n<li><strong>4-Szint\u0171 \u00c1ll\u00edthat\u00f3 L\u00e9g\u00e1raml\u00e1s:<\/strong> Testreszabhat\u00f3 sz\u00edv\u00e1s a szem\u00e9lyre szabott g\u0151z\u00f6l\u00e9s \u00e9lm\u00e9ny\u00e9\u00e9rt.<\/li>\n<li><strong>H\u00e1l\u00f3s tekercs technol\u00f3gia:<\/strong> Fokozza az \u00edzt \u00e9s sima, egyenletes g\u0151zt biztos\u00edt.<\/li>\n<li><strong>Kompakt \u00e9s Hordozhat\u00f3 Kialak\u00edt\u00e1s:<\/strong> K\u00f6nnyen hordozhat\u00f3 \u00e9s b\u00e1rhol haszn\u00e1lhat\u00f3.<\/li>\n<li><strong>Alacsony Nikotintartalm\u00fa Vape Opci\u00f3k:<\/strong> T\u00f6k\u00e9letes azok sz\u00e1m\u00e1ra, akik cs\u00f6kkentett nikotinszintre v\u00e1gynak.<\/li>\n<li><strong>Megfizethet\u0151 nagykereskedelmi \u00e1rak:<\/strong> Ide\u00e1lis t\u00f6meges v\u00e1s\u00e1rl\u00e1sokhoz \u00e9s viszontelad\u00e1shoz.<\/li>\n<li><strong>Tart\u00f3s Kivitel:<\/strong> Hossz\u00fa t\u00e1v\u00fa haszn\u00e1latra tervezve a min\u0151s\u00e9g kompromisszumok n\u00e9lk\u00fcl.<\/li>\n<li><strong>Legjobb Eldobhat\u00f3 Vape M\u00e1rka:<\/strong> Megb\u00edzhat\u00f3 v\u00e1laszt\u00e1s a kiv\u00e1l\u00f3 min\u0151s\u00e9g\u0171 eldobhat\u00f3 vape-ekhez.<\/li>\n<\/ol>\n<\/div>\n<\/div>\n<\/div>\n<\/div>\n<h2 class=\"product-title\"><strong>Vapsolo Super 15000 Puffs \u00cdzek List\u00e1ja<\/strong><\/h2>\n<p>1. k\u00e9k m\u00e1lna<br \/>\n2. \u00e1fonya j\u00e9g<br \/>\n3. dupla alma<br \/>\n4. g\u00f6r\u00f6gdinnye j\u00e9g<br \/>\n5. eper kiwi<br \/>\n6. vegyes bogy\u00f3s gy\u00fcm\u00f6lcs\u00f6k<br \/>\n7. red bull<br \/>\n8. \u00e1fonya cseresznye \u00e1fonya<br \/>\n9. citrom lime<br \/>\n10. skittles<br \/>\n11. Ny\u00e1ri \u00e1lom<br \/>\n12. Epres ban\u00e1n<br \/>\n13. M\u00e1lna g\u00f6r\u00f6gdinnye<br \/>\n14. \u00c1fonya cseresznye k\u00f3la<br \/>\n15. Fekete j\u00e9g s\u00e1rk\u00e1nygy\u00fcm\u00f6lcs eper<\/p>\n<h3>Mi\u00e9rt v\u00e1lassza a vapestornado-t a Vapsolo Super 15000 Puffs Vape nagykereskedelm\u00e9hez?<\/h3>\n<div class=\"flex-shrink-0 flex flex-col relative items-end\">\n<div class=\"pt-0\">\n<div class=\"gizmo-bot-avatar flex h-8 w-8 items-center justify-center overflow-hidden rounded-full\">\n<div class=\"relative p-1 rounded-sm flex items-center justify-center bg-token-main-surface-primary text-token-text-primary h-8 w-8\">\n<p>\u00dcdv\u00f6z\u00f6lj\u00fck a vapestornado-n, az \u00d6n megb\u00edzhat\u00f3 online vape boltj\u00e1ban a pr\u00e9mium eldobhat\u00f3 vape-okhoz. T\u00f6bb mint 5 \u00e9ves szak\u00e9rtelemmel hozunk el \u00d6nnek n\u00e9pszer\u0171 eldobhat\u00f3 vape m\u00e1rk\u00e1kat, mint p\u00e9ld\u00e1ul a Fumot RandM Vape, <a href=\"https:\/\/vapestornado.com\/hu\/product\/vapme-crystal-7000-puffs-rechargeable-disposable-vape-wholesale-cheap-price\/\">Vapme<\/a>, Bang Vape, Waspe Vape \u00e9s WGA Vape, stb.<\/p>\n<p>K\u00edn\u00e1latunkban szerepelnek n\u00e9pszer\u0171 vape-ok, mint a <a href=\"https:\/\/vapestornado.com\/hu\/product\/fumot-randm-tornado-15000-puffs-rechargeable-disposable-vape-wholesale\/\">RandM Torn\u00e1d\u00f3 15000<\/a>, \u00e9s \u00edzgazdag v\u00e1laszt\u00e1sok, mint a <a href=\"https:\/\/vapestornado.com\/hu\/product\/waspe-40000-puffs-double-flavour-led-display-disposable-vape-wholesale\/\">WASPE Dupla \u00cdz 40000 Puffs<\/a> . Minden term\u00e9k\u00fcnket a min\u0151s\u00e9g, \u00e9rt\u00e9k \u00e9s v\u00e1ltozatoss\u00e1g figyelembev\u00e9tel\u00e9vel v\u00e1lasztjuk ki, biztos\u00edtva, hogy megtal\u00e1lja az ig\u00e9nyeinek legmegfelel\u0151bbet. Fedezze fel a kiv\u00e9teles szolg\u00e1ltat\u00e1st \u00e9s a top term\u00e9kek sz\u00e9les v\u00e1laszt\u00e9k\u00e1t nagykereskedelmi \u00e1ron a vapestornado-n.<\/p>\n<\/div>\n<h3><\/h3>\n<div class=\"relative p-1 rounded-sm flex items-center justify-center bg-token-main-surface-primary text-token-text-primary h-8 w-8\">\n<h3>GYIK a Vapsolo Super 15000 Puff eldobhat\u00f3 vape-hez<\/h3>\n<\/div>\n<\/div>\n<\/div>\n<\/div>\n<div class=\"flex-shrink-0 flex flex-col relative items-end\">\n<div class=\"pt-0\">\n<div class=\"gizmo-bot-avatar flex h-8 w-8 items-center justify-center overflow-hidden rounded-full\">\n<div class=\"relative p-1 rounded-sm flex items-center justify-center bg-token-main-surface-primary text-token-text-primary h-8 w-8\">\n<div class=\"mb-2 flex gap-3 empty:hidden -ml-2\">\n<div role=\"article\" data-tabster=\"{&quot;groupper&quot;:{&quot;tabbability&quot;:2},&quot;focusable&quot;:{}}\" data-content=\"ai-message\" aria-labelledby=\"Vdt5ez4X7Tg813x6rFVha-author Vdt5ez4X7Tg813x6rFVha-content\">\n<div id=\"Vdt5ez4X7Tg813x6rFVha-content\">\n<div role=\"article\" data-tabster=\"{&quot;groupper&quot;:{&quot;tabbability&quot;:2},&quot;focusable&quot;:{}}\" data-content=\"ai-message\" aria-labelledby=\"o968oC7CEo2fGHsGdsRYC-author o968oC7CEo2fGHsGdsRYC-content\">\n<div id=\"o968oC7CEo2fGHsGdsRYC-content\">\n<h3><\/h3>\n<ol>\n<li><strong>H\u00e1ny slukk \u00e9rhet\u0151 el a Vapsolo Super 15k-val?<\/strong><br \/>\nA <strong>Vapsolo 15000<\/strong> ak\u00e1r <strong>15 000 slukk<\/strong>slukkot biztos\u00edt, \u00edgy rendk\u00edv\u00fcl tart\u00f3s \u00e9s hossz\u00fa \u00e9lettartam\u00fa.<\/li>\n<li><strong>Testreszabhatom a l\u00e9g\u00e1raml\u00e1st?<\/strong><br \/>\nIgen, rendelkezik <strong>4-szint\u0171 \u00e1ll\u00edthat\u00f3 l\u00e9g\u00e1raml\u00e1s<\/strong>funkci\u00f3val, amely lehet\u0151v\u00e9 teszi, hogy a sz\u00edv\u00e1st az \u00d6n ig\u00e9nyeihez igaz\u00edtsa.<\/li>\n<li><strong>A Vapsolo Super 15000 \u00fajrat\u00f6lthet\u0151?<\/strong><br \/>\nTerm\u00e9szetesen! Tartozik hozz\u00e1 egy <strong>650mAh-s \u00fajrat\u00f6lthet\u0151 akkumul\u00e1tor<\/strong> \u00e9s a <strong>Type-C t\u00f6lt\u0151porttal<\/strong> a gyors \u00fajrat\u00f6lt\u00e9shez.<\/li>\n<li><strong>Mit\u0151l alkalmas a Vapsolo Super 15000 a nagykereskedelemre?<\/strong><br \/>\nMit\u0151l egyedi a Bang Vape 35000? <strong>alacsony \u00e1r<\/strong>, magas slukksz\u00e1m \u00e9s pr\u00e9mium funkci\u00f3k ide\u00e1liss\u00e1 teszik a <strong>nagykereskedelmi eldobhat\u00f3 vape-ekhez<\/strong> \u00e9s nagy t\u00e9telben v\u00e1s\u00e1rl\u00f3k sz\u00e1m\u00e1ra.<\/li>\n<li><strong>A Vapsolo Super 15000 j\u00f3 v\u00e1laszt\u00e1s az alacsony nikotintartalm\u00fa term\u00e9keket kedvel\u0151k sz\u00e1m\u00e1ra?<\/strong><br \/>\nIgen, ez <strong>alacsony nikotintartalm\u00fa eldobhat\u00f3 vape<\/strong> t\u00f6k\u00e9letes azoknak a felhaszn\u00e1l\u00f3knak, akik cs\u00f6kkentett nikotinszintet keresnek, mik\u00f6zben pr\u00e9mium vaping \u00e9lm\u00e9nyt \u00e9lveznek.<\/li>\n<\/ol>\n<\/div>\n<\/div>\n<\/div>\n<\/div>\n<\/div>\n<\/div>\n<\/div>\n<\/div>\n<\/div>","protected":false},"excerpt":{"rendered":"<p>Vapsolo Super 15000 Puffs 2% 5% Alacsony Nikotin Tartalm\u00fa Nagy Mennyis\u00e9g\u0171 V\u00e1s\u00e1rl\u00e1s<br \/>\nVapsolo Super 15000 Puffs \u00dajrat\u00f6lthet\u0151 Eldobhat\u00f3 Vape<br \/>\nK\u00ednai Gy\u00e1r Vapsolo 15000 Puffs 2% 5% Alacsony Nikotin Tartalm\u00fa Eldobhat\u00f3 Vape<\/p>\n<p><strong>Adja hozz\u00e1 Amy-t WhatsApp-on, hogy azonnali v\u00e1laszt \u00e9s vape kupont kapjon!<\/strong><\/p>\n<p><img fetchpriority=\"high\" decoding=\"async\" class=\"size-full wp-image-2932\" src=\"https:\/\/vapestornado.com\/wp-content\/uploads\/2024\/12\/Vape-Wholesale.jpg\" alt=\"Vape nagykereskedelem\" width=\"229\" height=\"300\" \/><\/p>\n<h3><a href=\"https:\/\/wa.me\/8617776015835\"><span style=\"color: #ff0000;\"><strong>WhatsApp: +86 17776015835<\/strong><\/span><\/a><\/h3>\n<p>&nbsp;<\/p>","protected":false},"featured_media":3189,"comment_status":"open","ping_status":"closed","template":"","meta":{"_acf_changed":false,"_uag_custom_page_level_css":"","_lmt_disableupdate":"no","_lmt_disable":"","_monsterinsights_skip_tracking":false,"_monsterinsights_sitenote_active":false,"_monsterinsights_sitenote_note":"","_monsterinsights_sitenote_category":0,"site-sidebar-layout":"default","site-content-layout":"","ast-site-content-layout":"default","site-content-style":"default","site-sidebar-style":"default","ast-global-header-display":"","ast-banner-title-visibility":"","ast-main-header-display":"","ast-hfb-above-header-display":"","ast-hfb-below-header-display":"","ast-hfb-mobile-header-display":"","site-post-title":"","ast-breadcrumbs-content":"","ast-featured-img":"","footer-sml-layout":"","ast-disable-related-posts":"","theme-transparent-header-meta":"default","adv-header-id-meta":"","stick-header-meta":"","header-above-stick-meta":"","header-main-stick-meta":"","header-below-stick-meta":"","astra-migrate-meta-layouts":"set","ast-page-background-enabled":"default","ast-page-background-meta":{"desktop":{"background-color":"","background-image":"","background-repeat":"repeat","background-position":"center center","background-size":"auto","background-attachment":"scroll","background-type":"","background-media":"","overlay-type":"","overlay-color":"","overlay-opacity":"","overlay-gradient":""},"tablet":{"background-color":"","background-image":"","background-repeat":"repeat","background-position":"center center","background-size":"auto","background-attachment":"scroll","background-type":"","background-media":"","overlay-type":"","overlay-color":"","overlay-opacity":"","overlay-gradient":""},"mobile":{"background-color":"","background-image":"","background-repeat":"repeat","background-position":"center center","background-size":"auto","background-attachment":"scroll","background-type":"","background-media":"","overlay-type":"","overlay-color":"","overlay-opacity":"","overlay-gradient":""}},"ast-content-background-meta":{"desktop":{"background-color":"var(--ast-global-color-5)","background-image":"","background-repeat":"repeat","background-position":"center center","background-size":"auto","background-attachment":"scroll","background-type":"","background-media":"","overlay-type":"","overlay-color":"","overlay-opacity":"","overlay-gradient":""},"tablet":{"background-color":"var(--ast-global-color-5)","background-image":"","background-repeat":"repeat","background-position":"center center","background-size":"auto","background-attachment":"scroll","background-type":"","background-media":"","overlay-type":"","overlay-color":"","overlay-opacity":"","overlay-gradient":""},"mobile":{"background-color":"var(--ast-global-color-5)","background-image":"","background-repeat":"repeat","background-position":"center center","background-size":"auto","background-attachment":"scroll","background-type":"","background-media":"","overlay-type":"","overlay-color":"","overlay-opacity":"","overlay-gradient":""}},"_joinchat":{"telephone":"+8617776015835"}},"product_brand":[],"product_cat":[71,140,157,159,143,146,171],"product_tag":[165,97,166,94,139,168,167],"class_list":{"0":"post-3179","1":"product","2":"type-product","3":"status-publish","4":"has-post-thumbnail","6":"product_cat-15000-puff","7":"product_cat-big-puffs-disposable-vapes","8":"product_cat-buy-disposable-vapes-in-portugal","9":"product_cat-buy-disposable-vapes-in-sweden","10":"product_cat-dual-mesh-disposable-vapes","11":"product_cat-rechargeable-disposable-vapes","12":"product_cat-vapsolo-disposable-vapes","13":"product_tag-cheap-vapes","14":"product_tag-hot-sale-disposable-vape","15":"product_tag-low-nicotine-vape","16":"product_tag-rechargeable-disposable-vape","17":"product_tag-vapsolo","18":"product_tag-vapsolo-15000","19":"product_tag-vapsolo-super-15000","20":"desktop-align-left","21":"tablet-align-left","22":"mobile-align-left","24":"first","25":"instock","26":"sale","27":"shipping-taxable","28":"purchasable","29":"product-type-simple"},"acf":[],"uagb_featured_image_src":{"full":["https:\/\/vapestornado.com\/wp-content\/uploads\/2024\/12\/Vapsolo-Super-15000-Puffs-Disposable-Vapes-Bulk-Buy.jpg",1713,1713,false],"thumbnail":["https:\/\/vapestornado.com\/wp-content\/uploads\/2024\/12\/Vapsolo-Super-15000-Puffs-Disposable-Vapes-Bulk-Buy-150x150.jpg",150,150,true],"medium":["https:\/\/vapestornado.com\/wp-content\/uploads\/2024\/12\/Vapsolo-Super-15000-Puffs-Disposable-Vapes-Bulk-Buy-300x300.jpg",300,300,true],"medium_large":["https:\/\/vapestornado.com\/wp-content\/uploads\/2024\/12\/Vapsolo-Super-15000-Puffs-Disposable-Vapes-Bulk-Buy-768x768.jpg",768,768,true],"large":["https:\/\/vapestornado.com\/wp-content\/uploads\/2024\/12\/Vapsolo-Super-15000-Puffs-Disposable-Vapes-Bulk-Buy-1024x1024.jpg",1024,1024,true],"1536x1536":["https:\/\/vapestornado.com\/wp-content\/uploads\/2024\/12\/Vapsolo-Super-15000-Puffs-Disposable-Vapes-Bulk-Buy-1536x1536.jpg",1536,1536,true],"2048x2048":["https:\/\/vapestornado.com\/wp-content\/uploads\/2024\/12\/Vapsolo-Super-15000-Puffs-Disposable-Vapes-Bulk-Buy.jpg",1713,1713,false],"trp-custom-language-flag":["https:\/\/vapestornado.com\/wp-content\/uploads\/2024\/12\/Vapsolo-Super-15000-Puffs-Disposable-Vapes-Bulk-Buy.jpg",12,12,false],"woocommerce_thumbnail":["https:\/\/vapestornado.com\/wp-content\/uploads\/2024\/12\/Vapsolo-Super-15000-Puffs-Disposable-Vapes-Bulk-Buy-300x300.jpg",300,300,true],"woocommerce_single":["https:\/\/vapestornado.com\/wp-content\/uploads\/2024\/12\/Vapsolo-Super-15000-Puffs-Disposable-Vapes-Bulk-Buy-600x600.jpg",600,600,true],"woocommerce_gallery_thumbnail":["https:\/\/vapestornado.com\/wp-content\/uploads\/2024\/12\/Vapsolo-Super-15000-Puffs-Disposable-Vapes-Bulk-Buy-100x100.jpg",100,100,true]},"uagb_author_info":{"display_name":"ESAMY","author_link":"https:\/\/vapestornado.com\/hu\/author\/"},"uagb_comment_info":0,"uagb_excerpt":"Vapsolo Super 15000 Puffs 2% 5% Low Nicotine Bulk Buy Price Vapsolo Super 15000 Puffs Rechargeable Disposable Vape China Factory Vapsolo 15000 Puffs 2% 5% Low Nicotine Disposable Vape Add Amy's whatsapp get right reply and vape vape coupon! WhatsApp: +86 17776015835 &nbsp;","_links":{"self":[{"href":"https:\/\/vapestornado.com\/hu\/wp-json\/wp\/v2\/product\/3179","targetHints":{"allow":["GET"]}}],"collection":[{"href":"https:\/\/vapestornado.com\/hu\/wp-json\/wp\/v2\/product"}],"about":[{"href":"https:\/\/vapestornado.com\/hu\/wp-json\/wp\/v2\/types\/product"}],"replies":[{"embeddable":true,"href":"https:\/\/vapestornado.com\/hu\/wp-json\/wp\/v2\/comments?post=3179"}],"wp:featuredmedia":[{"embeddable":true,"href":"https:\/\/vapestornado.com\/hu\/wp-json\/wp\/v2\/media\/3189"}],"wp:attachment":[{"href":"https:\/\/vapestornado.com\/hu\/wp-json\/wp\/v2\/media?parent=3179"}],"wp:term":[{"taxonomy":"product_brand","embeddable":true,"href":"https:\/\/vapestornado.com\/hu\/wp-json\/wp\/v2\/product_brand?post=3179"},{"taxonomy":"product_cat","embeddable":true,"href":"https:\/\/vapestornado.com\/hu\/wp-json\/wp\/v2\/product_cat?post=3179"},{"taxonomy":"product_tag","embeddable":true,"href":"https:\/\/vapestornado.com\/hu\/wp-json\/wp\/v2\/product_tag?post=3179"}],"curies":[{"name":"wp","href":"https:\/\/api.w.org\/{rel}","templated":true}]}}