{"id":3178,"date":"2024-12-16T02:59:47","date_gmt":"2024-12-16T02:59:47","guid":{"rendered":"https:\/\/vapestornado.com\/?post_type=product&#038;p=3178"},"modified":"2025-08-23T09:55:35","modified_gmt":"2025-08-23T09:55:35","slug":"waspe-15000-puffs-low-nicotine-tornado-vape-bulk-buy-cheap-price","status":"publish","type":"product","link":"https:\/\/vapestornado.com\/hu\/product\/waspe-15000-puffs-low-nicotine-tornado-vape-bulk-buy-cheap-price\/","title":{"rendered":"Waspe 15000 Puffs Alacsony Nikotintartalm\u00fa Tornado Vape Nagy t\u00e9telben Olcs\u00f3 \u00e1ron"},"content":{"rendered":"<h1 class=\"product-title\">Waspe 15000 Puffs Alacsony Nikotintartalm\u00fa Tornado Vape Nagy t\u00e9telben Olcs\u00f3 \u00e1ron<\/h1>\n<p data-start=\"297\" data-end=\"604\">he <strong data-start=\"301\" data-end=\"346\">Waspe 15000 Puffs Tornado Eldobhat\u00f3 Vape<\/strong> \u00f6tv\u00f6zi a megn\u00f6velt kapacit\u00e1st, a k\u00e9nyelmet \u00e9s a fejlett funkci\u00f3kat, \u00edgy er\u0151s v\u00e1laszt\u00e1s mind az egy\u00e9ni felhaszn\u00e1l\u00f3k, mind a nagykereskedelmi v\u00e1s\u00e1rl\u00f3k sz\u00e1m\u00e1ra. Ak\u00e1r <strong data-start=\"496\" data-end=\"512\">15 000 slukk<\/strong> \u00e9s egy kompakt kialak\u00edt\u00e1s, hosszan tart\u00f3 teljes\u00edtm\u00e9nyt ny\u00fajt gyakori csere n\u00e9lk\u00fcl.<\/p>\n<p data-start=\"606\" data-end=\"854\">Felszerelve egy <strong data-start=\"622\" data-end=\"642\">\u00e1tl\u00e1tsz\u00f3 LED-kijelz\u0151<\/strong>a felhaszn\u00e1l\u00f3k val\u00f3s id\u0151ben figyelhetik a slukkok sz\u00e1m\u00e1t \u00e9s az akkumul\u00e1tor \u00e9lettartam\u00e1t. A <strong data-start=\"708\" data-end=\"726\">0,8\u03a9 mesh coil<\/strong> fokozza az \u00edzek lead\u00e1s\u00e1t \u00e9s a g\u0151ztermel\u00e9st, m\u00edg a <strong data-start=\"784\" data-end=\"808\">Type-C gyorst\u00f6lt\u00e9ssel<\/strong> gyors felt\u00f6lt\u00e9st biztos\u00edt a folyamatos haszn\u00e1lathoz.<\/p>\n<p data-start=\"856\" data-end=\"1111\">El\u00e9rhet\u0151 <strong data-start=\"869\" data-end=\"910\">0%, 2%, 3% \u00e9s 5% nikotiner\u0151ss\u00e9gben<\/strong>, ez a <strong data-start=\"917\" data-end=\"938\">alacsony nikotintartalm\u00fa vape<\/strong> a preferenci\u00e1k sz\u00e9les sk\u00e1l\u00e1j\u00e1t el\u00e9g\u00edti ki. A nagykeresked\u0151k \u00e9s a t\u00f6meges v\u00e1s\u00e1rl\u00f3k sz\u00e1m\u00e1ra a <strong data-start=\"1015\" data-end=\"1033\">Waspe 15K Vape<\/strong> versenyk\u00e9pes \u00e1rat, megb\u00edzhat\u00f3 teljes\u00edtm\u00e9nyt \u00e9s er\u0151s piaci keresletet k\u00edn\u00e1l.<\/p>\n<p><strong>Add meg Amy Whatsappj\u00e1t a gyors v\u00e1lasz\u00e9rt \u00e9s vape kupon\u00e9rt!<\/strong><\/p>\n<p><img fetchpriority=\"high\" decoding=\"async\" class=\"size-full wp-image-2932\" src=\"https:\/\/vapestornado.com\/wp-content\/uploads\/2024\/12\/Vape-Wholesale.jpg\" alt=\"Vape nagykereskedelem\" width=\"229\" height=\"300\" \/><\/p>\n<h3><a href=\"https:\/\/wa.me\/8617776015835\" target=\"_blank\" rel=\"noopener\"><span style=\"color: #ff0000;\"><strong>WhatsApp: +86 17776015835<\/strong><\/span><\/a><\/h3>\n<p>&nbsp;<\/p>\n<h2><strong>Waspe 15000 Puffs Term\u00e9kjellemz\u0151k<\/strong><\/h2>\n<div role=\"article\" data-tabster=\"{&quot;groupper&quot;:{&quot;tabbability&quot;:2},&quot;focusable&quot;:{}}\" data-content=\"ai-message\" aria-labelledby=\"juhNTJ6o7Gk1cgwZMJgv2-author juhNTJ6o7Gk1cgwZMJgv2-content\">\n<div id=\"juhNTJ6o7Gk1cgwZMJgv2-content\">\n<div role=\"article\" data-tabster=\"{&quot;groupper&quot;:{&quot;tabbability&quot;:2},&quot;focusable&quot;:{}}\" data-content=\"ai-message\" aria-labelledby=\"x4EZuCZWrTbh3weWUt7CU-author x4EZuCZWrTbh3weWUt7CU-content\">\n<div id=\"x4EZuCZWrTbh3weWUt7CU-content\">\n<ul>\n<li><strong>Testreszabhat\u00f3 nikotin opci\u00f3k:<\/strong> V\u00e1lasszon 0%, 2%, 3%, vagy 5% nikotint a szem\u00e9lyre szabott \u00e9lm\u00e9ny\u00e9rt.<\/li>\n<li><strong>Kiterjesztett slukkkapacit\u00e1s:<\/strong> Ak\u00e1r 15 000 slukk egy nagy, 22 ml-es e-liquid tart\u00e1llyal.<\/li>\n<li><strong>LED-kijelz\u0151:<\/strong> Az \u00e1tl\u00e1tsz\u00f3 kijelz\u0151 mutatja az akkumul\u00e1tor \u00e9lettartam\u00e1t \u00e9s a slukkok sz\u00e1m\u00e1t.<\/li>\n<li><strong>Gyors t\u00f6lt\u00e9s:<\/strong> Type-C port a gyors \u00e9s k\u00e9nyelmes t\u00f6lt\u00e9shez.<\/li>\n<li><strong>H\u00e1l\u00f3s tekercs technol\u00f3gia:<\/strong> A 0.8\u03a9-os tekercs gazdag \u00edzt \u00e9s l\u00e1gy g\u0151zt biztos\u00edt.<\/li>\n<li><strong>Hordozhat\u00f3 \u00e9s eleg\u00e1ns kialak\u00edt\u00e1s:<\/strong> Kompakt \u00e9s st\u00edlusos a mindennapi haszn\u00e1latra.<\/li>\n<li><strong>Alacsony nikotintartalm\u00fa vape:<\/strong> T\u00f6k\u00e9letes azok sz\u00e1m\u00e1ra, akik cs\u00f6kkentett nikotintartalm\u00fa opci\u00f3kat keresnek.<\/li>\n<li><strong>Vape nagykereskedelem sz\u00e1m\u00e1ra:<\/strong> T\u00f6meges v\u00e1s\u00e1rl\u00e1si lehet\u0151s\u00e9gek kiskeresked\u0151k sz\u00e1m\u00e1ra, versenyk\u00e9pes \u00e1ron.<\/li>\n<li><strong>Tart\u00f3s Kivitel:<\/strong> Megb\u00edzhat\u00f3 \u00e9s hossz\u00fa t\u00e1v\u00fa teljes\u00edtm\u00e9nyre tervezve.<\/li>\n<li><strong>Megfizethet\u0151 min\u0151s\u00e9g:<\/strong> A <strong>Olcs\u00f3 vape<\/strong> pr\u00e9mium funkci\u00f3kkal.<\/li>\n<\/ul>\n<\/div>\n<\/div>\n<\/div>\n<\/div>\n<h2 class=\"product-title\"><strong>Waspe Tornado 15000 Puffs \u00cdzlista<\/strong><\/h2>\n<p>1 Dinnye j\u00e9g<br \/>\n2 Eper g\u00f6r\u00f6gdinnye<br \/>\n3 Narancs sz\u00f3dav\u00edz<br \/>\n4 Dupla alma<br \/>\n5 Eper kiwi<br \/>\n6 Cseresznye<br \/>\n7 Sz\u0151l\u0151<br \/>\n8 Vegyes bogy\u00f3s gy\u00fcm\u00f6lcs\u00f6k<br \/>\n9 \u00c1fonya j\u00e9g<br \/>\n10 Eper mang\u00f3<br \/>\n11 K\u00e9k m\u00e1lna citrom<br \/>\n12 \u0150szibarack j\u00e9g<\/p>\n<h3>Mi\u00e9rt \u00e9rdemes a vapestornado-t v\u00e1lasztani a Waspe 15k Puffs Vape nagykeresked\u00e9s\u00e9hez?<\/h3>\n<div class=\"flex-shrink-0 flex flex-col relative items-end\">\n<div class=\"pt-0\">\n<div class=\"gizmo-bot-avatar flex h-8 w-8 items-center justify-center overflow-hidden rounded-full\">\n<div class=\"relative p-1 rounded-sm flex items-center justify-center bg-token-main-surface-primary text-token-text-primary h-8 w-8\">\n<p>\u00dcdv\u00f6z\u00f6lj\u00fck a vapestornado-n, az \u00d6n megb\u00edzhat\u00f3 online vape boltj\u00e1ban a pr\u00e9mium eldobhat\u00f3 vape-okhoz. T\u00f6bb mint 5 \u00e9ves szak\u00e9rtelemmel hozunk el \u00d6nnek n\u00e9pszer\u0171 eldobhat\u00f3 vape m\u00e1rk\u00e1kat, mint p\u00e9ld\u00e1ul a Fumot RandM Vape, <a href=\"https:\/\/vapestornado.com\/hu\/product\/vapme-crystal-7000-puffs-rechargeable-disposable-vape-wholesale-cheap-price\/\">Vapme<\/a>, Bang Vape, Waspe Vape \u00e9s WGA Vape, stb.<\/p>\n<p>K\u00edn\u00e1latunkban szerepelnek n\u00e9pszer\u0171 vape-ok, mint a <a href=\"https:\/\/vapestornado.com\/hu\/product\/fumot-randm-tornado-15000-puffs-rechargeable-disposable-vape-wholesale\/\">RandM Torn\u00e1d\u00f3 15000<\/a>, \u00e9s \u00edzgazdag v\u00e1laszt\u00e1sok, mint a <a href=\"https:\/\/vapestornado.com\/hu\/product\/waspe-40000-puffs-double-flavour-led-display-disposable-vape-wholesale\/\">WASPE Dupla \u00cdz 40000 Puffs<\/a> . Minden term\u00e9k\u00fcnket a min\u0151s\u00e9g, \u00e9rt\u00e9k \u00e9s v\u00e1ltozatoss\u00e1g figyelembev\u00e9tel\u00e9vel v\u00e1lasztjuk ki, biztos\u00edtva, hogy megtal\u00e1lja az ig\u00e9nyeinek legmegfelel\u0151bbet. Fedezze fel a kiv\u00e9teles szolg\u00e1ltat\u00e1st \u00e9s a top term\u00e9kek sz\u00e9les v\u00e1laszt\u00e9k\u00e1t nagykereskedelmi \u00e1ron a vapestornado-n.<\/p>\n<\/div>\n<h3><\/h3>\n<div class=\"relative p-1 rounded-sm flex items-center justify-center bg-token-main-surface-primary text-token-text-primary h-8 w-8\">\n<h3>GYIK a Waspe 15000 Puffs eldobhat\u00f3 vape-r\u0151l<\/h3>\n<\/div>\n<\/div>\n<\/div>\n<\/div>\n<div class=\"flex-shrink-0 flex flex-col relative items-end\">\n<div class=\"pt-0\">\n<div class=\"gizmo-bot-avatar flex h-8 w-8 items-center justify-center overflow-hidden rounded-full\">\n<div class=\"relative p-1 rounded-sm flex items-center justify-center bg-token-main-surface-primary text-token-text-primary h-8 w-8\">\n<div class=\"mb-2 flex gap-3 empty:hidden -ml-2\">\n<div role=\"article\" data-tabster=\"{&quot;groupper&quot;:{&quot;tabbability&quot;:2},&quot;focusable&quot;:{}}\" data-content=\"ai-message\" aria-labelledby=\"Vdt5ez4X7Tg813x6rFVha-author Vdt5ez4X7Tg813x6rFVha-content\">\n<div id=\"Vdt5ez4X7Tg813x6rFVha-content\">\n<div role=\"article\" data-tabster=\"{&quot;groupper&quot;:{&quot;tabbability&quot;:2},&quot;focusable&quot;:{}}\" data-content=\"ai-message\" aria-labelledby=\"o968oC7CEo2fGHsGdsRYC-author o968oC7CEo2fGHsGdsRYC-content\">\n<div id=\"o968oC7CEo2fGHsGdsRYC-content\">\n<h3><\/h3>\n<ol>\n<li><strong>Mekkora a Waspe 15000 kapacit\u00e1sa?<\/strong><br \/>\nA <strong>Tornado 15000<\/strong> ak\u00e1r <strong>15 000 slukk<\/strong> nagy, 22 ml-es e-liquid kapacit\u00e1s\u00e1val.<\/li>\n<li><strong>Be\u00e1ll\u00edthatom a nikotinszintet?<\/strong><br \/>\nIgen, v\u00e1laszthat <strong>0%, 2%, 3% vagy 5% nikotinkoncentr\u00e1ci\u00f3k k\u00f6z\u00fcl<\/strong> a szem\u00e9lyre szabott vaping \u00e9lm\u00e9ny \u00e9rdek\u00e9ben.<\/li>\n<li><strong>T\u00e1mogatja a Waspe 15000 a gyorst\u00f6lt\u00e9st?<\/strong><br \/>\nAbszol\u00fat! Egy <strong>Type-C t\u00f6lt\u0151porttal<\/strong> a gyors \u00e9s hat\u00e9kony t\u00f6lt\u00e9shez.<\/li>\n<li><strong>Mi teszi a Waspe 15000-et ide\u00e1liss\u00e1 a nagykereskedelem sz\u00e1m\u00e1ra?<\/strong><br \/>\nMit\u0151l egyedi a Bang Vape 35000? <strong>alacsony \u00e1r<\/strong>, a nagy kereslet \u00e9s a pr\u00e9mium funkci\u00f3k teszik t\u00f6k\u00e9letess\u00e9 <strong>vape nagykereskedelmi<\/strong> \u00e9s nagy t\u00e9telben v\u00e1s\u00e1rl\u00f3k sz\u00e1m\u00e1ra.<\/li>\n<li><strong>Alkalmas a Waspe 15000 alacsony nikotinszint\u0171 felhaszn\u00e1l\u00f3k sz\u00e1m\u00e1ra?<\/strong><br \/>\nIgen, \u00fagy tervezt\u00e9k, hogy egy <strong>alacsony nikotintartalm\u00fa vape<\/strong>, \u00edgy ide\u00e1lis a cs\u00f6kkentett nikotintartalm\u00fa opci\u00f3kat keres\u0151 felhaszn\u00e1l\u00f3k sz\u00e1m\u00e1ra.<\/li>\n<\/ol>\n<\/div>\n<\/div>\n<\/div>\n<\/div>\n<\/div>\n<\/div>\n<\/div>\n<\/div>\n<\/div>","protected":false},"excerpt":{"rendered":"<p>Vapsolo DG 18000 Intelligens K\u00e9perny\u0151s Nagykereskedelmi Eldobhat\u00f3 Vape<br \/>\nVapsolo DG 18000 Puffs 2% 5% Alacsony Nikotintartalm\u00fa Vape Nagy t\u00e9telben<br \/>\nVapsolo DG18000 Puffs 2% 5% Alacsony Nikotintartalm\u00fa \u00dajrat\u00f6lthet\u0151 Eldobhat\u00f3 Vape<\/p>\n<p><strong>Adja hozz\u00e1 Amy-t WhatsApp-on, hogy azonnali v\u00e1laszt \u00e9s vape kupont kapjon!<\/strong><\/p>\n<p><img fetchpriority=\"high\" decoding=\"async\" class=\"size-full wp-image-2932\" src=\"https:\/\/vapestornado.com\/wp-content\/uploads\/2024\/12\/Vape-Wholesale.jpg\" alt=\"Vape nagykereskedelem\" width=\"229\" height=\"300\" \/><\/p>\n<h3><a href=\"https:\/\/wa.me\/8617776015835\"><span style=\"color: #ff0000;\"><strong>WhatsApp: +86 17776015835<\/strong><\/span><\/a><\/h3>\n<p>&nbsp;<\/p>","protected":false},"featured_media":3184,"comment_status":"open","ping_status":"closed","template":"","meta":{"_acf_changed":false,"_uag_custom_page_level_css":"","_lmt_disableupdate":"no","_lmt_disable":"","_monsterinsights_skip_tracking":false,"_monsterinsights_sitenote_active":false,"_monsterinsights_sitenote_note":"","_monsterinsights_sitenote_category":0,"site-sidebar-layout":"default","site-content-layout":"","ast-site-content-layout":"default","site-content-style":"default","site-sidebar-style":"default","ast-global-header-display":"","ast-banner-title-visibility":"","ast-main-header-display":"","ast-hfb-above-header-display":"","ast-hfb-below-header-display":"","ast-hfb-mobile-header-display":"","site-post-title":"","ast-breadcrumbs-content":"","ast-featured-img":"","footer-sml-layout":"","ast-disable-related-posts":"","theme-transparent-header-meta":"default","adv-header-id-meta":"","stick-header-meta":"","header-above-stick-meta":"","header-main-stick-meta":"","header-below-stick-meta":"","astra-migrate-meta-layouts":"set","ast-page-background-enabled":"default","ast-page-background-meta":{"desktop":{"background-color":"","background-image":"","background-repeat":"repeat","background-position":"center center","background-size":"auto","background-attachment":"scroll","background-type":"","background-media":"","overlay-type":"","overlay-color":"","overlay-opacity":"","overlay-gradient":""},"tablet":{"background-color":"","background-image":"","background-repeat":"repeat","background-position":"center center","background-size":"auto","background-attachment":"scroll","background-type":"","background-media":"","overlay-type":"","overlay-color":"","overlay-opacity":"","overlay-gradient":""},"mobile":{"background-color":"","background-image":"","background-repeat":"repeat","background-position":"center center","background-size":"auto","background-attachment":"scroll","background-type":"","background-media":"","overlay-type":"","overlay-color":"","overlay-opacity":"","overlay-gradient":""}},"ast-content-background-meta":{"desktop":{"background-color":"var(--ast-global-color-5)","background-image":"","background-repeat":"repeat","background-position":"center center","background-size":"auto","background-attachment":"scroll","background-type":"","background-media":"","overlay-type":"","overlay-color":"","overlay-opacity":"","overlay-gradient":""},"tablet":{"background-color":"var(--ast-global-color-5)","background-image":"","background-repeat":"repeat","background-position":"center center","background-size":"auto","background-attachment":"scroll","background-type":"","background-media":"","overlay-type":"","overlay-color":"","overlay-opacity":"","overlay-gradient":""},"mobile":{"background-color":"var(--ast-global-color-5)","background-image":"","background-repeat":"repeat","background-position":"center center","background-size":"auto","background-attachment":"scroll","background-type":"","background-media":"","overlay-type":"","overlay-color":"","overlay-opacity":"","overlay-gradient":""}},"_joinchat":{"telephone":"+8617776015835"}},"product_brand":[],"product_cat":[71,152,160,142,144,148,60],"product_tag":[97,94,114,164,163],"class_list":{"0":"post-3178","1":"product","2":"type-product","3":"status-publish","4":"has-post-thumbnail","6":"product_cat-15000-puff","7":"product_cat-buy-disposable-vapes-in-cermany","8":"product_cat-buy-disposable-vapes-in-switzerland","9":"product_cat-digital-box-disposable-vapes","10":"product_cat-low-nicotine-disposable-vapes","11":"product_cat-tornado-disposable-vapes","12":"product_cat-waspe-fihp-vape","13":"product_tag-hot-sale-disposable-vape","14":"product_tag-rechargeable-disposable-vape","15":"product_tag-tornado-vape","16":"product_tag-waspe-15000","17":"product_tag-waspe-vape","18":"desktop-align-left","19":"tablet-align-left","20":"mobile-align-left","22":"first","23":"instock","24":"sale","25":"shipping-taxable","26":"purchasable","27":"product-type-simple"},"acf":[],"uagb_featured_image_src":{"full":["https:\/\/vapestornado.com\/wp-content\/uploads\/2024\/12\/WASPE-15000-Puffs-Disposable-Vape.jpg",1713,1713,false],"thumbnail":["https:\/\/vapestornado.com\/wp-content\/uploads\/2024\/12\/WASPE-15000-Puffs-Disposable-Vape-150x150.jpg",150,150,true],"medium":["https:\/\/vapestornado.com\/wp-content\/uploads\/2024\/12\/WASPE-15000-Puffs-Disposable-Vape-300x300.jpg",300,300,true],"medium_large":["https:\/\/vapestornado.com\/wp-content\/uploads\/2024\/12\/WASPE-15000-Puffs-Disposable-Vape-768x768.jpg",768,768,true],"large":["https:\/\/vapestornado.com\/wp-content\/uploads\/2024\/12\/WASPE-15000-Puffs-Disposable-Vape-1024x1024.jpg",1024,1024,true],"1536x1536":["https:\/\/vapestornado.com\/wp-content\/uploads\/2024\/12\/WASPE-15000-Puffs-Disposable-Vape-1536x1536.jpg",1536,1536,true],"2048x2048":["https:\/\/vapestornado.com\/wp-content\/uploads\/2024\/12\/WASPE-15000-Puffs-Disposable-Vape.jpg",1713,1713,false],"trp-custom-language-flag":["https:\/\/vapestornado.com\/wp-content\/uploads\/2024\/12\/WASPE-15000-Puffs-Disposable-Vape.jpg",12,12,false],"woocommerce_thumbnail":["https:\/\/vapestornado.com\/wp-content\/uploads\/2024\/12\/WASPE-15000-Puffs-Disposable-Vape-300x300.jpg",300,300,true],"woocommerce_single":["https:\/\/vapestornado.com\/wp-content\/uploads\/2024\/12\/WASPE-15000-Puffs-Disposable-Vape-600x600.jpg",600,600,true],"woocommerce_gallery_thumbnail":["https:\/\/vapestornado.com\/wp-content\/uploads\/2024\/12\/WASPE-15000-Puffs-Disposable-Vape-100x100.jpg",100,100,true]},"uagb_author_info":{"display_name":"ESAMY","author_link":"https:\/\/vapestornado.com\/hu\/author\/"},"uagb_comment_info":0,"uagb_excerpt":"Vapsolo DG 18000 Smart Screen Wholesale Disposable Vape Vapsolo DG 18000 Puffs 2% 5% Low Nicotine Bulk Buy Vapes Vapsolo DG18000 Puffs 2% 5% Low Nicotine Rechargeable Disposable Vape Add Amy's whatsapp get right reply and vape vape coupon! WhatsApp: +86 17776015835 &nbsp;","_links":{"self":[{"href":"https:\/\/vapestornado.com\/hu\/wp-json\/wp\/v2\/product\/3178","targetHints":{"allow":["GET"]}}],"collection":[{"href":"https:\/\/vapestornado.com\/hu\/wp-json\/wp\/v2\/product"}],"about":[{"href":"https:\/\/vapestornado.com\/hu\/wp-json\/wp\/v2\/types\/product"}],"replies":[{"embeddable":true,"href":"https:\/\/vapestornado.com\/hu\/wp-json\/wp\/v2\/comments?post=3178"}],"wp:featuredmedia":[{"embeddable":true,"href":"https:\/\/vapestornado.com\/hu\/wp-json\/wp\/v2\/media\/3184"}],"wp:attachment":[{"href":"https:\/\/vapestornado.com\/hu\/wp-json\/wp\/v2\/media?parent=3178"}],"wp:term":[{"taxonomy":"product_brand","embeddable":true,"href":"https:\/\/vapestornado.com\/hu\/wp-json\/wp\/v2\/product_brand?post=3178"},{"taxonomy":"product_cat","embeddable":true,"href":"https:\/\/vapestornado.com\/hu\/wp-json\/wp\/v2\/product_cat?post=3178"},{"taxonomy":"product_tag","embeddable":true,"href":"https:\/\/vapestornado.com\/hu\/wp-json\/wp\/v2\/product_tag?post=3178"}],"curies":[{"name":"wp","href":"https:\/\/api.w.org\/{rel}","templated":true}]}}