{"id":3177,"date":"2024-12-16T02:49:21","date_gmt":"2024-12-16T02:49:21","guid":{"rendered":"https:\/\/vapestornado.com\/?post_type=product&#038;p=3177"},"modified":"2025-08-23T09:58:57","modified_gmt":"2025-08-23T09:58:57","slug":"vapsolo-dg-18000-puffs-smart-screen-wholesale-disposable-cheap-vapes","status":"publish","type":"product","link":"https:\/\/vapestornado.com\/hu\/product\/vapsolo-dg-18000-puffs-smart-screen-wholesale-disposable-cheap-vapes\/","title":{"rendered":"Vapsolo DG 18000 Puffs Smart Kijelz\u0151 Nagykereskedelmi Eldobhat\u00f3 Olcs\u00f3 Vape"},"content":{"rendered":"<h1 class=\"product-title\">Vapsolo DG 18000 Puffs Smart Kijelz\u0151 Nagykereskedelmi Eldobhat\u00f3 Olcs\u00f3 Vape<\/h1>\n<p>A <strong>Vapsolo DG 18000 Puffs Intelligens K\u00e9perny\u0151s Eldobhat\u00f3 Olcs\u00f3 Vape<\/strong>\u00a0\u00fajradefini\u00e1lja a k\u00e9nyelmet \u00e9s a teljes\u00edtm\u00e9nyt a vaping ter\u00e9n. Egy hatalmas <strong>18 000 slukk kapacit\u00e1ssal<\/strong>, ez a <strong>eldobhat\u00f3 vape<\/strong> toll p\u00e1ratlan \u00e9lettartamot \u00e9s min\u0151s\u00e9get k\u00edn\u00e1l, \u00edgy egy <strong>keresett vape<\/strong> a piacon. A k\u00f6vetkez\u0151vel tervezt\u00e9k: <strong>okos k\u00e9perny\u0151 kijelz\u0151<\/strong>, t\u00e1j\u00e9koztat az akkumul\u00e1tor \u00e9lettartam\u00e1r\u00f3l \u00e9s a haszn\u00e1lati statisztik\u00e1kr\u00f3l, mik\u00f6zben a <strong>szab\u00e1lyozhat\u00f3 l\u00e9g\u00e1raml\u00e1ssal<\/strong> lehet\u0151v\u00e9 teszi a szem\u00e9lyre szabott vapingot. A <strong>Intelligens m\u00f3d<\/strong> automatikusan optimaliz\u00e1lja a be\u00e1ll\u00edt\u00e1sokat a k\u00f6nnyed vaping \u00e9rdek\u00e9ben, m\u00edg a <strong>Boost m\u00f3d<\/strong> intenz\u00edv l\u00f6ketet biztos\u00edt az \u00edzlel\u0151 rajong\u00f3knak. A <strong>650mAh-s \u00fajrat\u00f6lthet\u0151 akkumul\u00e1tor<\/strong> Type-C t\u00edpus\u00fa gyorst\u00f6lt\u00e9ssel ez az eszk\u00f6z t\u00f6k\u00e9letes a hat\u00e9konys\u00e1got \u00e9s a teljes\u00edtm\u00e9nyt keres\u0151 felhaszn\u00e1l\u00f3k sz\u00e1m\u00e1ra. A nagy t\u00e9telben v\u00e1s\u00e1rl\u00f3k versenyk\u00e9pes \u00e1rakat \u00e9lvezhetnek <strong>vape nagykereskedelmi<\/strong> \u00e1raknak k\u00f6sz\u00f6nhet\u0151en, \u00edgy kiv\u00e1l\u00f3 v\u00e1laszt\u00e1s a <strong>Vapsolo nagykereskedelem sz\u00e1m\u00e1ra<\/strong>.<\/p>\n<p><strong>Add meg Amy Whatsappj\u00e1t a gyors v\u00e1lasz\u00e9rt \u00e9s vape kupon\u00e9rt!<\/strong><\/p>\n<p><img fetchpriority=\"high\" decoding=\"async\" class=\"size-full wp-image-2932\" src=\"https:\/\/vapestornado.com\/wp-content\/uploads\/2024\/12\/Vape-Wholesale.jpg\" alt=\"Vape nagykereskedelem\" width=\"229\" height=\"300\" \/><\/p>\n<h3><a href=\"https:\/\/wa.me\/8617776015835\" target=\"_blank\" rel=\"noopener\"><span style=\"color: #ff0000;\"><strong>WhatsApp: +86 17776015835<\/strong><\/span><\/a><\/h3>\n<p>&nbsp;<\/p>\n<h2><strong>Vapsolo DG 18000 Term\u00e9kjellemz\u0151k<\/strong><\/h2>\n<div role=\"article\" data-tabster=\"{&quot;groupper&quot;:{&quot;tabbability&quot;:2},&quot;focusable&quot;:{}}\" data-content=\"ai-message\" aria-labelledby=\"juhNTJ6o7Gk1cgwZMJgv2-author juhNTJ6o7Gk1cgwZMJgv2-content\">\n<div id=\"juhNTJ6o7Gk1cgwZMJgv2-content\">\n<div role=\"article\" data-tabster=\"{&quot;groupper&quot;:{&quot;tabbability&quot;:2},&quot;focusable&quot;:{}}\" data-content=\"ai-message\" aria-labelledby=\"x4EZuCZWrTbh3weWUt7CU-author x4EZuCZWrTbh3weWUt7CU-content\">\n<div id=\"x4EZuCZWrTbh3weWUt7CU-content\">\n<h3><\/h3>\n<ol>\n<li><strong>18 000 sz\u00edv\u00e1s:<\/strong> Hosszan tart\u00f3 teljes\u00edtm\u00e9ny a hosszan tart\u00f3 \u00e9lvezet\u00e9rt.<\/li>\n<li><strong>Okos k\u00e9perny\u0151:<\/strong> K\u00f6nnyen nyomon k\u00f6vetheti az akkumul\u00e1tor \u00e9lettartam\u00e1t \u00e9s a haszn\u00e1latot.<\/li>\n<li><strong>\u00c1ll\u00edthat\u00f3 l\u00e9g\u00e1raml\u00e1s:<\/strong> Szabja testre a sz\u00edv\u00e1st a t\u00f6k\u00e9letes tal\u00e1lathoz.<\/li>\n<li><strong>Kett\u0151s m\u00f3d:<\/strong> V\u00e1lasszon a Smart Mode a k\u00f6nnyeds\u00e9g\u00e9rt \u00e9s a Boost Mode az intenzit\u00e1s\u00e9rt.<\/li>\n<li><strong>\u00dajrat\u00f6lthet\u0151 akkumul\u00e1tor:<\/strong> 650mAh akkumul\u00e1tor Type-C t\u00f6lt\u00e9ssel a gyors felt\u00f6lt\u00e9shez.<\/li>\n<li><strong>Nagy E-Liquid kapacit\u00e1s:<\/strong> Nagyvonal\u00fa kapacit\u00e1s a ritk\u00e1bb \u00fajrat\u00f6lt\u00e9shez.<\/li>\n<li><strong>Min\u0151s\u00e9gi kivitel:<\/strong> A tart\u00f3s, sziv\u00e1rg\u00e1smentes kialak\u00edt\u00e1s probl\u00e9mamentes \u00e9lm\u00e9nyt biztos\u00edt.<\/li>\n<li><strong>Nikotin opci\u00f3k:<\/strong> El\u00e9rhet\u0151 <strong>alacsony nikotintartalm\u00fa eldobhat\u00f3 vape<\/strong> er\u0151ss\u00e9gek.<\/li>\n<li><strong>St\u00edlusos design:<\/strong> Kompakt \u00e9s ergonomikus a hordozhat\u00f3s\u00e1g \u00e9rdek\u00e9ben.<\/li>\n<li><strong>Nagykereskedelmi \u00e1rak:<\/strong> Ide\u00e1lis t\u00f6meges v\u00e1s\u00e1rl\u00f3k sz\u00e1m\u00e1ra k\u00f6lts\u00e9ghat\u00e9kony \u00e1raz\u00e1ssal.<\/li>\n<\/ol>\n<\/div>\n<\/div>\n<\/div>\n<\/div>\n<h2 class=\"product-title\"><strong>Vapsolo DG 18000 Puffs \u00cdzek list\u00e1ja<\/strong><\/h2>\n<p>1. \u0150szibarack mang\u00f3 anan\u00e1sz<br \/>\n2. Maracuja kivi j\u00e9g<br \/>\n3. \u00c1fonya cseresznye \u00e1fonya<br \/>\n4. g\u00f6r\u00f6gdinnye j\u00e9g<br \/>\n5. Eper kivi<br \/>\n6. Citrom-lime<br \/>\n7. Eper-ban\u00e1n<br \/>\n8. Redbull<br \/>\n9. Vegyes bogy\u00f3s gy\u00fcm\u00f6lcs<br \/>\n10. Prime eper g\u00f6r\u00f6gdinnye<\/p>\n<h3>Mi\u00e9rt v\u00e1lassza a vapestornado-t a Vapsolo DG 18000 Puffs Vape nagykereskedelm\u00e9hez?<\/h3>\n<div class=\"flex-shrink-0 flex flex-col relative items-end\">\n<div class=\"pt-0\">\n<div class=\"gizmo-bot-avatar flex h-8 w-8 items-center justify-center overflow-hidden rounded-full\">\n<div class=\"relative p-1 rounded-sm flex items-center justify-center bg-token-main-surface-primary text-token-text-primary h-8 w-8\">\n<p>\u00dcdv\u00f6z\u00f6lj\u00fck a vapestornado-n, az \u00d6n megb\u00edzhat\u00f3 online vape boltj\u00e1ban a pr\u00e9mium eldobhat\u00f3 vape-okhoz. T\u00f6bb mint 5 \u00e9ves szak\u00e9rtelemmel hozunk el \u00d6nnek n\u00e9pszer\u0171 eldobhat\u00f3 vape m\u00e1rk\u00e1kat, mint p\u00e9ld\u00e1ul a Fumot RandM Vape, <a href=\"https:\/\/vapestornado.com\/hu\/product\/vapme-crystal-7000-puffs-rechargeable-disposable-vape-wholesale-cheap-price\/\">Vapme<\/a>, Bang Vape, Waspe Vape \u00e9s WGA Vape, stb.<\/p>\n<p>K\u00edn\u00e1latunkban szerepelnek n\u00e9pszer\u0171 vape-ok, mint a <a href=\"https:\/\/vapestornado.com\/hu\/product\/fumot-randm-tornado-15000-puffs-rechargeable-disposable-vape-wholesale\/\">RandM Torn\u00e1d\u00f3 15000<\/a>, \u00e9s \u00edzgazdag v\u00e1laszt\u00e1sok, mint a <a href=\"https:\/\/vapestornado.com\/hu\/product\/waspe-40000-puffs-double-flavour-led-display-disposable-vape-wholesale\/\">WASPE Dupla \u00cdz 40000 Puffs<\/a> . Minden term\u00e9k\u00fcnket a min\u0151s\u00e9g, \u00e9rt\u00e9k \u00e9s v\u00e1ltozatoss\u00e1g figyelembev\u00e9tel\u00e9vel v\u00e1lasztjuk ki, biztos\u00edtva, hogy megtal\u00e1lja az ig\u00e9nyeinek legmegfelel\u0151bbet. Fedezze fel a kiv\u00e9teles szolg\u00e1ltat\u00e1st \u00e9s a top term\u00e9kek sz\u00e9les v\u00e1laszt\u00e9k\u00e1t nagykereskedelmi \u00e1ron a vapestornado-n.<\/p>\n<\/div>\n<h3><\/h3>\n<div class=\"relative p-1 rounded-sm flex items-center justify-center bg-token-main-surface-primary text-token-text-primary h-8 w-8\">\n<h3>GYIK a Vapsolo DG 18k Puffs eldobhat\u00f3 vape-hez<\/h3>\n<\/div>\n<\/div>\n<\/div>\n<\/div>\n<div class=\"flex-shrink-0 flex flex-col relative items-end\">\n<div class=\"pt-0\">\n<div class=\"gizmo-bot-avatar flex h-8 w-8 items-center justify-center overflow-hidden rounded-full\">\n<div class=\"relative p-1 rounded-sm flex items-center justify-center bg-token-main-surface-primary text-token-text-primary h-8 w-8\">\n<div class=\"mb-2 flex gap-3 empty:hidden -ml-2\">\n<div role=\"article\" data-tabster=\"{&quot;groupper&quot;:{&quot;tabbability&quot;:2},&quot;focusable&quot;:{}}\" data-content=\"ai-message\" aria-labelledby=\"Vdt5ez4X7Tg813x6rFVha-author Vdt5ez4X7Tg813x6rFVha-content\">\n<div id=\"Vdt5ez4X7Tg813x6rFVha-content\">\n<div role=\"article\" data-tabster=\"{&quot;groupper&quot;:{&quot;tabbability&quot;:2},&quot;focusable&quot;:{}}\" data-content=\"ai-message\" aria-labelledby=\"o968oC7CEo2fGHsGdsRYC-author o968oC7CEo2fGHsGdsRYC-content\">\n<div id=\"o968oC7CEo2fGHsGdsRYC-content\">\n<h3><\/h3>\n<ol>\n<li><strong>Mi az a VapSolo DG18000?<\/strong><br \/>\nA <strong>VapSolo DG18000<\/strong> egy nagy kapacit\u00e1s\u00fa <strong>eldobhat\u00f3 vape<\/strong> k\u00edn\u00e1lat <strong>18 000 slukk<\/strong>, egy intelligens kijelz\u0151 \u00e9s \u00fajrat\u00f6lthet\u0151 funkci\u00f3.<\/li>\n<li><strong>Hogyan m\u0171k\u00f6dik az Intelligens M\u00f3d?<\/strong><br \/>\n<strong>Intelligens m\u00f3d<\/strong> automatikusan optimaliz\u00e1lja a be\u00e1ll\u00edt\u00e1sokat a z\u00f6kken\u0151mentes \u00e9s k\u00f6nnyed g\u0151z\u00f6l\u00e9s \u00e9rdek\u00e9ben, a haszn\u00e1lati szok\u00e1said alapj\u00e1n.<\/li>\n<li><strong>Mi a Boost M\u00f3d?<\/strong><br \/>\n<strong>Boost m\u00f3d<\/strong> er\u0151sebb, intenz\u00edvebb \u00fct\u00e9st biztos\u00edt azoknak a felhaszn\u00e1l\u00f3knak, akik a mer\u00e9szebb \u00edzt \u00e9s g\u0151ztermel\u00e9st r\u00e9szes\u00edtik el\u0151nyben.<\/li>\n<li><strong>A VapSolo DG18000 \u00fajrat\u00f6lthet\u0151?<\/strong><br \/>\nIgen, rendelkezik egy <strong>650mAh akkumul\u00e1torral<\/strong> , amely a Type-C t\u00f6lt\u0151port seg\u00edts\u00e9g\u00e9vel gyorsan \u00fajrat\u00f6lthet\u0151.<\/li>\n<li><strong>Mi\u00e9rt v\u00e1lassza a VapSolo DG18000-et nagykereskedelmi forgalmaz\u00e1sra?<\/strong><br \/>\nTart\u00f3ss\u00e1g\u00e1val, magas slukksz\u00e1m\u00e1val \u00e9s versenyk\u00e9pes <strong>vape nagykereskedelmi<\/strong> \u00e1rk\u00e9pz\u00e9s\u00e9vel nagyszer\u0171 v\u00e1laszt\u00e1s kiskeresked\u0151k \u00e9s t\u00f6meges v\u00e1s\u00e1rl\u00f3k sz\u00e1m\u00e1ra.<\/li>\n<\/ol>\n<\/div>\n<\/div>\n<\/div>\n<\/div>\n<p>&nbsp;<\/p>\n<\/div>\n<\/div>\n<\/div>\n<\/div>\n<\/div>\n<div class=\"group\/conversation-turn relative flex w-full min-w-0 flex-col agent-turn\">\n<div class=\"flex-col gap-1 md:gap-3\">\n<div class=\"flex max-w-full flex-col flex-grow\">\n<div class=\"min-h-8 text-message flex w-full flex-col items-end gap-2 whitespace-normal break-words [.text-message+&amp;]:mt-5\" dir=\"auto\" data-message-author-role=\"assistant\" data-message-id=\"db716a1c-9ed0-4b8d-b3b0-7bdb913c3d42\" data-message-model-slug=\"gpt-4o\">\n<div class=\"flex w-full flex-col gap-1 empty:hidden first:pt-[3px]\">\n<div class=\"markdown prose w-full break-words dark:prose-invert light\">\n<p>&nbsp;<\/p>\n<\/div>\n<\/div>\n<\/div>\n<\/div>\n<\/div>\n<\/div>","protected":false},"excerpt":{"rendered":"<p>Vapsolo DG 18000 Intelligens K\u00e9perny\u0151s Nagykereskedelmi Eldobhat\u00f3 Vape<br \/>\nVapsolo DG 18000 Puffs 2% 5% Alacsony Nikotintartalm\u00fa Vape Nagy t\u00e9telben<br \/>\nVapsolo DG18000 Puffs 2% 5% Alacsony Nikotintartalm\u00fa \u00dajrat\u00f6lthet\u0151 Eldobhat\u00f3 Vape<\/p>\n<p><strong>Adja hozz\u00e1 Amy-t WhatsApp-on, hogy azonnali v\u00e1laszt \u00e9s vape kupont kapjon!<\/strong><\/p>\n<p><img fetchpriority=\"high\" decoding=\"async\" class=\"size-full wp-image-2932\" src=\"https:\/\/vapestornado.com\/wp-content\/uploads\/2024\/12\/Vape-Wholesale.jpg\" alt=\"Vape nagykereskedelem\" width=\"229\" height=\"300\" \/><\/p>\n<h3><a href=\"https:\/\/wa.me\/8617776015835\"><span style=\"color: #ff0000;\"><strong>WhatsApp: +86 17776015835<\/strong><\/span><\/a><\/h3>\n<p>&nbsp;<\/p>","protected":false},"featured_media":3173,"comment_status":"open","ping_status":"closed","template":"","meta":{"_acf_changed":false,"_uag_custom_page_level_css":"","_lmt_disableupdate":"no","_lmt_disable":"","_monsterinsights_skip_tracking":false,"_monsterinsights_sitenote_active":false,"_monsterinsights_sitenote_note":"","_monsterinsights_sitenote_category":0,"site-sidebar-layout":"default","site-content-layout":"","ast-site-content-layout":"default","site-content-style":"default","site-sidebar-style":"default","ast-global-header-display":"","ast-banner-title-visibility":"","ast-main-header-display":"","ast-hfb-above-header-display":"","ast-hfb-below-header-display":"","ast-hfb-mobile-header-display":"","site-post-title":"","ast-breadcrumbs-content":"","ast-featured-img":"","footer-sml-layout":"","ast-disable-related-posts":"","theme-transparent-header-meta":"default","adv-header-id-meta":"","stick-header-meta":"","header-above-stick-meta":"","header-main-stick-meta":"","header-below-stick-meta":"","astra-migrate-meta-layouts":"set","ast-page-background-enabled":"default","ast-page-background-meta":{"desktop":{"background-color":"","background-image":"","background-repeat":"repeat","background-position":"center center","background-size":"auto","background-attachment":"scroll","background-type":"","background-media":"","overlay-type":"","overlay-color":"","overlay-opacity":"","overlay-gradient":""},"tablet":{"background-color":"","background-image":"","background-repeat":"repeat","background-position":"center center","background-size":"auto","background-attachment":"scroll","background-type":"","background-media":"","overlay-type":"","overlay-color":"","overlay-opacity":"","overlay-gradient":""},"mobile":{"background-color":"","background-image":"","background-repeat":"repeat","background-position":"center center","background-size":"auto","background-attachment":"scroll","background-type":"","background-media":"","overlay-type":"","overlay-color":"","overlay-opacity":"","overlay-gradient":""}},"ast-content-background-meta":{"desktop":{"background-color":"var(--ast-global-color-5)","background-image":"","background-repeat":"repeat","background-position":"center center","background-size":"auto","background-attachment":"scroll","background-type":"","background-media":"","overlay-type":"","overlay-color":"","overlay-opacity":"","overlay-gradient":""},"tablet":{"background-color":"var(--ast-global-color-5)","background-image":"","background-repeat":"repeat","background-position":"center center","background-size":"auto","background-attachment":"scroll","background-type":"","background-media":"","overlay-type":"","overlay-color":"","overlay-opacity":"","overlay-gradient":""},"mobile":{"background-color":"var(--ast-global-color-5)","background-image":"","background-repeat":"repeat","background-position":"center center","background-size":"auto","background-attachment":"scroll","background-type":"","background-media":"","overlay-type":"","overlay-color":"","overlay-opacity":"","overlay-gradient":""}},"_joinchat":{"telephone":"+8617776015835"}},"product_brand":[],"product_cat":[70,150,154,157,142,144,171],"product_tag":[97,94,139,162,161],"class_list":{"0":"post-3177","1":"product","2":"type-product","3":"status-publish","4":"has-post-thumbnail","6":"product_cat-18000-puff","7":"product_cat-buy-disposable-vapes-in-belgium","8":"product_cat-buy-disposable-vapes-in-netherlands","9":"product_cat-buy-disposable-vapes-in-portugal","10":"product_cat-digital-box-disposable-vapes","11":"product_cat-low-nicotine-disposable-vapes","12":"product_cat-vapsolo-disposable-vapes","13":"product_tag-hot-sale-disposable-vape","14":"product_tag-rechargeable-disposable-vape","15":"product_tag-vapsolo","16":"product_tag-vapsolo-18000","17":"product_tag-vapsolo-dg-18000-puffs","18":"desktop-align-left","19":"tablet-align-left","20":"mobile-align-left","22":"first","23":"instock","24":"sale","25":"shipping-taxable","26":"purchasable","27":"product-type-simple"},"acf":[],"uagb_featured_image_src":{"full":["https:\/\/vapestornado.com\/wp-content\/uploads\/2024\/12\/Vapsolo-DG-18000-Puffs-Smart-Screen-Wholesale-Disposable-Vape.jpg",1126,1126,false],"thumbnail":["https:\/\/vapestornado.com\/wp-content\/uploads\/2024\/12\/Vapsolo-DG-18000-Puffs-Smart-Screen-Wholesale-Disposable-Vape-150x150.jpg",150,150,true],"medium":["https:\/\/vapestornado.com\/wp-content\/uploads\/2024\/12\/Vapsolo-DG-18000-Puffs-Smart-Screen-Wholesale-Disposable-Vape-300x300.jpg",300,300,true],"medium_large":["https:\/\/vapestornado.com\/wp-content\/uploads\/2024\/12\/Vapsolo-DG-18000-Puffs-Smart-Screen-Wholesale-Disposable-Vape-768x768.jpg",768,768,true],"large":["https:\/\/vapestornado.com\/wp-content\/uploads\/2024\/12\/Vapsolo-DG-18000-Puffs-Smart-Screen-Wholesale-Disposable-Vape-1024x1024.jpg",1024,1024,true],"1536x1536":["https:\/\/vapestornado.com\/wp-content\/uploads\/2024\/12\/Vapsolo-DG-18000-Puffs-Smart-Screen-Wholesale-Disposable-Vape.jpg",1126,1126,false],"2048x2048":["https:\/\/vapestornado.com\/wp-content\/uploads\/2024\/12\/Vapsolo-DG-18000-Puffs-Smart-Screen-Wholesale-Disposable-Vape.jpg",1126,1126,false],"trp-custom-language-flag":["https:\/\/vapestornado.com\/wp-content\/uploads\/2024\/12\/Vapsolo-DG-18000-Puffs-Smart-Screen-Wholesale-Disposable-Vape.jpg",12,12,false],"woocommerce_thumbnail":["https:\/\/vapestornado.com\/wp-content\/uploads\/2024\/12\/Vapsolo-DG-18000-Puffs-Smart-Screen-Wholesale-Disposable-Vape-300x300.jpg",300,300,true],"woocommerce_single":["https:\/\/vapestornado.com\/wp-content\/uploads\/2024\/12\/Vapsolo-DG-18000-Puffs-Smart-Screen-Wholesale-Disposable-Vape-600x600.jpg",600,600,true],"woocommerce_gallery_thumbnail":["https:\/\/vapestornado.com\/wp-content\/uploads\/2024\/12\/Vapsolo-DG-18000-Puffs-Smart-Screen-Wholesale-Disposable-Vape-100x100.jpg",100,100,true]},"uagb_author_info":{"display_name":"ESAMY","author_link":"https:\/\/vapestornado.com\/hu\/author\/"},"uagb_comment_info":0,"uagb_excerpt":"Vapsolo DG 18000 Smart Screen Wholesale Disposable Vape Vapsolo DG 18000 Puffs 2% 5% Low Nicotine Bulk Buy Vapes Vapsolo DG18000 Puffs 2% 5% Low Nicotine Rechargeable Disposable Vape Add Amy's whatsapp get right reply and vape vape coupon! WhatsApp: +86 17776015835 &nbsp;","_links":{"self":[{"href":"https:\/\/vapestornado.com\/hu\/wp-json\/wp\/v2\/product\/3177","targetHints":{"allow":["GET"]}}],"collection":[{"href":"https:\/\/vapestornado.com\/hu\/wp-json\/wp\/v2\/product"}],"about":[{"href":"https:\/\/vapestornado.com\/hu\/wp-json\/wp\/v2\/types\/product"}],"replies":[{"embeddable":true,"href":"https:\/\/vapestornado.com\/hu\/wp-json\/wp\/v2\/comments?post=3177"}],"wp:featuredmedia":[{"embeddable":true,"href":"https:\/\/vapestornado.com\/hu\/wp-json\/wp\/v2\/media\/3173"}],"wp:attachment":[{"href":"https:\/\/vapestornado.com\/hu\/wp-json\/wp\/v2\/media?parent=3177"}],"wp:term":[{"taxonomy":"product_brand","embeddable":true,"href":"https:\/\/vapestornado.com\/hu\/wp-json\/wp\/v2\/product_brand?post=3177"},{"taxonomy":"product_cat","embeddable":true,"href":"https:\/\/vapestornado.com\/hu\/wp-json\/wp\/v2\/product_cat?post=3177"},{"taxonomy":"product_tag","embeddable":true,"href":"https:\/\/vapestornado.com\/hu\/wp-json\/wp\/v2\/product_tag?post=3177"}],"curies":[{"name":"wp","href":"https:\/\/api.w.org\/{rel}","templated":true}]}}