{"id":3171,"date":"2024-12-14T09:23:10","date_gmt":"2024-12-14T09:23:10","guid":{"rendered":"https:\/\/vapestornado.com\/?post_type=product&#038;p=3171"},"modified":"2025-08-23T10:02:23","modified_gmt":"2025-08-23T10:02:23","slug":"waspe-40000-puffs-double-flavor-rechargeable-vape-cheap-price","status":"publish","type":"product","link":"https:\/\/vapestornado.com\/hu\/product\/waspe-40000-puffs-double-flavor-rechargeable-vape-cheap-price\/","title":{"rendered":"WASPE 40000 Sz\u00edv\u00e1s Dupla \u00cdz\u0171 \u00dajrat\u00f6lthet\u0151 Vape Olcs\u00f3 \u00c1ron"},"content":{"rendered":"<h1>WASPE 40000 Sz\u00edv\u00e1s Dupla \u00cdz\u0171 \u00dajrat\u00f6lthet\u0151 Vape Olcs\u00f3 \u00c1ron<\/h1>\n<p>&nbsp;<\/p>\n<div role=\"article\" data-tabster=\"{&quot;groupper&quot;:{&quot;tabbability&quot;:2},&quot;focusable&quot;:{}}\" data-content=\"ai-message\" aria-labelledby=\"64JRvXrTnY7mRmPkEQLLT-author 64JRvXrTnY7mRmPkEQLLT-content\">\n<div id=\"64JRvXrTnY7mRmPkEQLLT-content\">\n<p>A WASPE 40000 Puffs dupla \u00edz\u0171 \u00fajrat\u00f6lthet\u0151 Vape a fejlett technol\u00f3gi\u00e1t a kiemelked\u0151 \u00edz\u00e1tad\u00e1ssal \u00f6tv\u00f6zi. A hossz\u00fa t\u00e1v\u00fa haszn\u00e1latra tervezett WASPE VAPES ak\u00e1r 40 000 slukkot is k\u00edn\u00e1l, hosszan tart\u00f3 el\u00e9gedetts\u00e9get biztos\u00edtva. A kett\u0151s 0,9\u03a9-os h\u00e1l\u00f3s tekercsek sima, testes g\u0151zt biztos\u00edtanak fokozott \u00edzintenzit\u00e1ssal \u00e9s kiel\u00e9g\u00edt\u0151 torok\u00fct\u00e9ssel. A 36 ml-es e-liquid kapacit\u00e1sa cs\u00f6kkenti a gyakori ut\u00e1nt\u00f6lt\u00e9s sz\u00fcks\u00e9gess\u00e9g\u00e9t, m\u00edg a 850 mAh-s \u00fajrat\u00f6lthet\u0151 akkumul\u00e1tor megb\u00edzhat\u00f3 teljes\u00edtm\u00e9nyt biztos\u00edt. A Type-C gyorst\u00f6lt\u00e9si funkci\u00f3 minim\u00e1lisra cs\u00f6kkenti az \u00e1ll\u00e1sid\u0151t. Az intelligens LED kijelz\u0151 val\u00f3s idej\u0171 friss\u00edt\u00e9seket k\u00edn\u00e1l az akkumul\u00e1tor \u00e9s az e-liquid szintekr\u0151l a nagyobb k\u00e9nyelem \u00e9rdek\u00e9ben. A kett\u0151s \u00edzrendszerrel a felhaszn\u00e1l\u00f3k k\u00f6nnyed\u00e9n v\u00e1lthatnak k\u00e9t k\u00fcl\u00f6nb\u00f6z\u0151 \u00edz k\u00f6z\u00f6tt, fokozva a g\u0151z\u00f6l\u00e9s \u00e9lm\u00e9ny\u00e9t. El\u00e9rhet\u0151 2% \u00e9s 5% nikotinszil\u00e1rds\u00e1gban \u00e9s 16 egyedi \u00edzben, \u00edgy mind az \u00faj, mind a tapasztalt g\u0151z\u00f6l\u0151 sz\u00e1m\u00e1ra megfelel\u0151. V\u00e1lassza a WASPE FIHP 40000 Puffs Vape-t a legkorszer\u0171bb funkci\u00f3k, az eleg\u00e1ns kialak\u00edt\u00e1s \u00e9s a pr\u00e9mium g\u0151z\u00f6l\u00e9si \u00e9lm\u00e9ny \u00e9rdek\u00e9ben, amely az \u00d6n preferenci\u00e1ira szabva.<\/p>\n<\/div>\n<\/div>\n<p><img fetchpriority=\"high\" decoding=\"async\" class=\"alignnone size-medium wp-image-4245\" src=\"https:\/\/vapestornado.com\/wp-content\/uploads\/2024\/12\/Waspe-DOUBLE-FLAVOUR-40k-Vape-Cheap-Price-300x300.jpg\" alt=\"\" width=\"300\" height=\"300\" srcset=\"https:\/\/vapestornado.com\/wp-content\/uploads\/2024\/12\/Waspe-DOUBLE-FLAVOUR-40k-Vape-Cheap-Price-300x300.jpg 300w, https:\/\/vapestornado.com\/wp-content\/uploads\/2024\/12\/Waspe-DOUBLE-FLAVOUR-40k-Vape-Cheap-Price-1024x1024.jpg 1024w, https:\/\/vapestornado.com\/wp-content\/uploads\/2024\/12\/Waspe-DOUBLE-FLAVOUR-40k-Vape-Cheap-Price-150x150.jpg 150w, https:\/\/vapestornado.com\/wp-content\/uploads\/2024\/12\/Waspe-DOUBLE-FLAVOUR-40k-Vape-Cheap-Price-768x768.jpg 768w, https:\/\/vapestornado.com\/wp-content\/uploads\/2024\/12\/Waspe-DOUBLE-FLAVOUR-40k-Vape-Cheap-Price-12x12.jpg 12w, https:\/\/vapestornado.com\/wp-content\/uploads\/2024\/12\/Waspe-DOUBLE-FLAVOUR-40k-Vape-Cheap-Price-600x600.jpg 600w, https:\/\/vapestornado.com\/wp-content\/uploads\/2024\/12\/Waspe-DOUBLE-FLAVOUR-40k-Vape-Cheap-Price-100x100.jpg 100w, https:\/\/vapestornado.com\/wp-content\/uploads\/2024\/12\/Waspe-DOUBLE-FLAVOUR-40k-Vape-Cheap-Price.jpg 1500w\" sizes=\"(max-width: 300px) 100vw, 300px\" \/><\/p>\n<p><img decoding=\"async\" class=\"wp-image-2951\" src=\"https:\/\/vapestornado.com\/wp-content\/uploads\/2024\/12\/Wholesale-Disposable-Vape-265x300.jpg\" alt=\"Nagykereskedelmi eldobhat\u00f3 Vape\" width=\"295\" height=\"334\" srcset=\"https:\/\/vapestornado.com\/wp-content\/uploads\/2024\/12\/Wholesale-Disposable-Vape-265x300.jpg 265w, https:\/\/vapestornado.com\/wp-content\/uploads\/2024\/12\/Wholesale-Disposable-Vape-768x871.jpg 768w, https:\/\/vapestornado.com\/wp-content\/uploads\/2024\/12\/Wholesale-Disposable-Vape-600x680.jpg 600w, https:\/\/vapestornado.com\/wp-content\/uploads\/2024\/12\/Wholesale-Disposable-Vape.jpg 823w\" sizes=\"(max-width: 295px) 100vw, 295px\" \/><\/p>\n<h6>K\u00e9rj\u00fck, vegye fel a kapcsolatot Mandy WhatsApp-j\u00e1val a kedvezm\u00e9nyes \u00e1r\u00e9rt<a href=\"https:\/\/wa.me\/8618077105796\" target=\"_blank\" rel=\"noopener\">+8618077105796<\/a><\/h6>\n<p>&nbsp;<\/p>\n<h2><strong>WASPE 40000 Puffs eldobhat\u00f3 Vapes specifik\u00e1ci\u00f3k<\/strong><\/h2>\n<ul>\n<li><strong>Nikotin er\u0151ss\u00e9ge<\/strong>: 2% \u00e9s 5% opci\u00f3kban kaphat\u00f3 a testre szabott g\u0151z\u00f6l\u00e9si \u00e9lm\u00e9ny \u00e9rdek\u00e9ben.<\/li>\n<li><strong>Slukkkapacit\u00e1s<\/strong>: Ak\u00e1r 40 000 slukk, ide\u00e1lis hossz\u00fa t\u00e1v\u00fa haszn\u00e1latra minim\u00e1lis cser\u00e9vel.<\/li>\n<li><strong>E-liquid kapacit\u00e1s<\/strong>: El\u0151re megt\u00f6ltve 36 ml pr\u00e9mium g\u0151zl\u00e9vel a hosszan tart\u00f3 haszn\u00e1lathoz.<\/li>\n<li><strong>Fejlett h\u00e1l\u00f3s tekercsek<\/strong>: A kett\u0151s 0,9\u03a9-os h\u00e1l\u00f3s tekercsek sima, gazdag g\u0151zt \u00e9s fokozott \u00edzt biztos\u00edtanak.<\/li>\n<li><strong>Type-C t\u00f6lthet\u0151<\/strong>: Gyors \u00e9s hat\u00e9kony Type-C t\u00f6lt\u00e9s minim\u00e1lisra cs\u00f6kkenti az \u00e1ll\u00e1sid\u0151t.<\/li>\n<li><strong>Akkumul\u00e1tor kapacit\u00e1sa<\/strong>: A robusztus 850mAh-s \u00fajrat\u00f6lthet\u0151 akkumul\u00e1tor egyenletes teljes\u00edtm\u00e9nyt biztos\u00edt.<\/li>\n<li><strong>Intelligens LED kijelz\u0151<\/strong>: Val\u00f3s idej\u0171 akkumul\u00e1tor- \u00e9s e-liquid szintfriss\u00edt\u00e9sek a z\u00f6kken\u0151mentes haszn\u00e1lhat\u00f3s\u00e1g \u00e9rdek\u00e9ben.<\/li>\n<li><strong>Kett\u0151s \u00edz technol\u00f3gia<\/strong>: V\u00e1lt\u00e1s k\u00e9t k\u00fcl\u00f6nb\u00f6z\u0151 \u00edz k\u00f6z\u00f6tt a dinamikus \u00e9s szem\u00e9lyre szabott g\u0151z\u00f6l\u00e9si \u00e9lm\u00e9ny \u00e9rdek\u00e9ben.<\/li>\n<\/ul>\n<h2><strong>WASPE Tornado Vape 40k Puffs \u00edzlista:<\/strong><\/h2>\n<p class=\"selectable-text copyable-text x15bjb6t x1n2onr6\" dir=\"ltr\"><span class=\"selectable-text copyable-text false\">1.G\u00f6r\u00f6gdinnye j\u00e9g<\/span><\/p>\n<p class=\"selectable-text copyable-text x15bjb6t x1n2onr6\" dir=\"ltr\"><span class=\"selectable-text copyable-text false x1sdyfia xss6m8b\">2.<\/span><span class=\"selectable-text copyable-text false\"> Fizzy cseresznye j\u00e9g<\/span><\/p>\n<p class=\"selectable-text copyable-text x15bjb6t x1n2onr6\" dir=\"ltr\"><span class=\"selectable-text copyable-text false x1sdyfia xss6m8b\">3.<\/span><span class=\"selectable-text copyable-text false\"> Eper g\u00f6r\u00f6gdinnye<\/span><\/p>\n<p class=\"selectable-text copyable-text x15bjb6t x1n2onr6\" dir=\"ltr\"><span class=\"selectable-text copyable-text false x1sdyfia xss6m8b\">4.<\/span><span class=\"selectable-text copyable-text false\"> Red Bull J\u00e9g<\/span><\/p>\n<p class=\"selectable-text copyable-text x15bjb6t x1n2onr6\" dir=\"ltr\"><span class=\"selectable-text copyable-text false x1sdyfia xss6m8b\">5.<\/span><span class=\"selectable-text copyable-text false\"> \u0150szibarack j\u00e9g<\/span><\/p>\n<p class=\"selectable-text copyable-text x15bjb6t x1n2onr6\" dir=\"ltr\"><span class=\"selectable-text copyable-text false x1sdyfia xss6m8b\">6.<\/span><span class=\"selectable-text copyable-text false\"> Jeges Sz\u0151l\u0151<\/span><\/p>\n<p class=\"selectable-text copyable-text x15bjb6t x1n2onr6\" dir=\"ltr\"><span class=\"selectable-text copyable-text false x1sdyfia xss6m8b\">7.<\/span><span class=\"selectable-text copyable-text false\"> K\u00e9k m\u00e1lna limon\u00e1d\u00e9<\/span><\/p>\n<p class=\"selectable-text copyable-text x15bjb6t x1n2onr6\" dir=\"ltr\"><span class=\"selectable-text copyable-text false x1sdyfia xss6m8b\">8.<\/span><span class=\"selectable-text copyable-text false\"> Vegyes bogy\u00f3s gy\u00fcm\u00f6lcs\u00f6k<\/span><\/p>\n<p class=\"selectable-text copyable-text x15bjb6t x1n2onr6\" dir=\"ltr\"><span class=\"selectable-text copyable-text false x1sdyfia xss6m8b\">9.<\/span><span class=\"selectable-text copyable-text false\"> Eper M\u00e1lna Cseresznye<\/span><\/p>\n<p class=\"selectable-text copyable-text x15bjb6t x1n2onr6\" dir=\"ltr\"><span class=\"selectable-text copyable-text false x1sdyfia xss6m8b\">10.<\/span><span class=\"selectable-text copyable-text false\"> Eper Ban\u00e1n<\/span><\/p>\n<p class=\"selectable-text copyable-text x15bjb6t x1n2onr6\" dir=\"ltr\"><span class=\"selectable-text copyable-text false x1sdyfia xss6m8b\">11.<\/span><span class=\"selectable-text copyable-text false\"> Eper g\u00f6r\u00f6gdinnye r\u00e1g\u00f3gumi<\/span><\/p>\n<p class=\"selectable-text copyable-text x15bjb6t x1n2onr6\" dir=\"ltr\"><span class=\"selectable-text copyable-text false x1sdyfia xss6m8b\">12.<\/span><span class=\"selectable-text copyable-text false\"> Cseresznye k\u00f3la j\u00e9g<\/span><\/p>\n<p class=\"selectable-text copyable-text x15bjb6t x1n2onr6\" dir=\"ltr\"><span class=\"selectable-text copyable-text false x1sdyfia xss6m8b\">13.<\/span><span class=\"selectable-text copyable-text false\"> Savany\u00fa alma m\u00e1lna<\/span><\/p>\n<p class=\"selectable-text copyable-text x15bjb6t x1n2onr6\" dir=\"ltr\"><span class=\"selectable-text copyable-text false x1sdyfia xss6m8b\">14.<\/span><span class=\"selectable-text copyable-text false\"> \u0150szibarack bogy\u00f3s gy\u00fcm\u00f6lcs<\/span><\/p>\n<p class=\"selectable-text copyable-text x15bjb6t x1n2onr6\" dir=\"ltr\"><span class=\"selectable-text copyable-text false x1sdyfia xss6m8b\">15.<\/span><span class=\"selectable-text copyable-text false\"> \u00c1fonya J\u00e9g<\/span><\/p>\n<p class=\"selectable-text copyable-text x15bjb6t x1n2onr6\" dir=\"ltr\"><span class=\"selectable-text copyable-text false x1sdyfia xss6m8b\">16.<\/span><span class=\"selectable-text copyable-text false\"> Eper cseresznye<\/span><\/p>\n<div role=\"article\" data-tabster=\"{&quot;groupper&quot;:{&quot;tabbability&quot;:2},&quot;focusable&quot;:{}}\" data-content=\"ai-message\" aria-labelledby=\"dARUyEWDoEYhnSPXFwx5A-author dARUyEWDoEYhnSPXFwx5A-content\">\n<div id=\"dARUyEWDoEYhnSPXFwx5A-content\">\n<h2><strong>Mi\u00e9rt v\u00e1lassza a WASPE 40k Puffs Vape Podokat a vapestornado.com-on?<\/strong><\/h2>\n<ul>\n<li><strong>P\u00e1ratlan \u00e9lettartam<\/strong>: A leny\u0171g\u00f6z\u0151 40 000 slukkal a WASPE 40K t\u00f6k\u00e9letes azoknak a vapereknek, akik hosszabb haszn\u00e1latot keresnek, gyakori cser\u00e9k n\u00e9lk\u00fcl.<\/li>\n<li><strong>Fejlett vaping technol\u00f3gia<\/strong>: A kett\u0151s, 0,9\u03a9-os h\u00e1l\u00f3s tekercsekkel ez az eszk\u00f6z sima, \u00edzletes g\u0151zt biztos\u00edt minden slukkal, pr\u00e9mium vaping \u00e9lm\u00e9nyt ny\u00fajtva.<\/li>\n<li><strong>Hatalmas e-liquid kapacit\u00e1s<\/strong>: 36 ml kiv\u00e1l\u00f3 min\u0151s\u00e9g\u0171 vape folyad\u00e9kkal el\u0151re felt\u00f6ltve, megszak\u00edt\u00e1s n\u00e9lk\u00fcli, hosszan tart\u00f3 haszn\u00e1latra tervezt\u00e9k.<\/li>\n<li><strong>K\u00e9nyelmes \u00fajrat\u00f6lthet\u0151s\u00e9g<\/strong>: A 850 mAh-s C t\u00edpus\u00fa \u00fajrat\u00f6lthet\u0151 akkumul\u00e1torral a WASPE 40000 slukk megb\u00edzhat\u00f3 teljes\u00edtm\u00e9nyt \u00e9s gyors t\u00f6lt\u00e9st biztos\u00edt, \u00edgy mindig k\u00e9szen \u00e1ll a g\u0151z\u00f6l\u00e9sre.<\/li>\n<li><strong>Innovat\u00edv kett\u0151s \u00edz funkci\u00f3<\/strong>: \u00c9lvezze a k\u00e9t \u00edzt egyetlen eszk\u00f6zben, amely szem\u00e9lyre szabhat\u00f3 \u00e9s dinamikus g\u0151z\u00f6l\u00e9si \u00e9lm\u00e9nyt k\u00edn\u00e1l az \u00d6n preferenci\u00e1inak megfelel\u0151en.<\/li>\n<li><strong>Felhaszn\u00e1l\u00f3bar\u00e1t kialak\u00edt\u00e1s<\/strong>: Az intelligens LED kijelz\u0151 t\u00e1j\u00e9koztatja az akkumul\u00e1tor \u00e9s az e-liquid szintekr\u0151l, ami k\u00e9nyelmesebb\u00e9 teszi a g\u0151z\u00f6l\u00e9si rutint.<\/li>\n<li><strong>Rugalmas nikotin opci\u00f3k<\/strong>: 2% \u00e9s 5% nikotinszintben kaphat\u00f3, mind a kezd\u0151, mind a tapasztalt g\u0151z\u00f6l\u0151k sz\u00e1m\u00e1ra.<\/li>\n<li><strong>A vapestornado Pr\u00e9mium Szolg\u00e1ltat\u00e1sa<\/strong>: A vapestornado.com oldalon t\u00f6rt\u00e9n\u0151 v\u00e1s\u00e1rl\u00e1s hozz\u00e1f\u00e9r\u00e9st jelent az autentikus term\u00e9kekhez, versenyk\u00e9pes \u00e1rakhoz \u00e9s kiv\u00e9teles \u00fcgyf\u00e9lszolg\u00e1lathoz.<\/li>\n<\/ul>\n<\/div>\n<\/div>\n<h2>GYIK a <strong>WASPE 40K Puffs nagykereskedelmi \u00e1ron kaphat\u00f3 \u00fajrat\u00f6lthet\u0151 vape-ekr\u0151l<\/strong><\/h2>\n<p><strong>K1: Hogyan k\u00f6vethetem nyomon a WASPE VAPES 40k Puffs rendel\u00e9sem?<\/strong><br \/>\nV: A rendel\u00e9s felad\u00e1s\u00e1t k\u00f6vet\u0151en e-mailben kap egy nyomon k\u00f6vet\u00e9si sz\u00e1mot, amellyel figyelemmel k\u00eds\u00e9rheti a sz\u00e1ll\u00edt\u00e1si folyamatot.<\/p>\n<p><strong>Q2: Mennyi a WASPE 40000 PUFF becs\u00fclt sz\u00e1ll\u00edt\u00e1si ideje?<\/strong><br \/>\nV: A K\u00edn\u00e1b\u00f3l feladott rendel\u00e9sek \u00e1ltal\u00e1ban 7-14 munkanapot vesznek ig\u00e9nybe, m\u00edg az eur\u00f3pai rakt\u00e1rakb\u00f3l \u00e9rkez\u0151 rendel\u00e9sek 3-6 munkanap alatt meg\u00e9rkeznek.<\/p>\n<p><strong>Q3: Kaphatok gyorsabb sz\u00e1ll\u00edt\u00e1st?<\/strong><br \/>\nV: A gyorsabb sz\u00e1ll\u00edt\u00e1s \u00e9rdek\u00e9ben \u00e9rdemes megfontolni a magyarorsz\u00e1gi rakt\u00e1rainkban rakt\u00e1rozott term\u00e9kek rendel\u00e9s\u00e9t.<\/p>\n<p><strong>Q4: V\u00e1laszthatok specifikus \u00edzeket a WASPE FIHP VAPE 40000 PUFFS-hoz?<\/strong><br \/>\nV: Az \u00edzeket \u00e1ltal\u00e1ban v\u00e9letlenszer\u0171en \u00e1ll\u00edtjuk \u00f6ssze, de a megrendel\u00e9skor megjegyz\u00e9st hagyhat a preferenci\u00e1ival kapcsolatban, \u00e9s mi mindent megtesz\u00fcnk, hogy teljes\u00edts\u00fck k\u00e9r\u00e9s\u00e9t.<\/p>\n<p><strong>Q5: Sz\u00e1ll\u00edtanak nemzetk\u00f6zileg WASPE 40000 puffokat?<\/strong><br \/>\nV: Igen, a vil\u00e1g legt\u00f6bb orsz\u00e1g\u00e1ba sz\u00e1ll\u00edtunk \u00e9s kezelj\u00fck a v\u00e1mkezel\u00e9st.<\/p>\n<p><strong>Q6: Hogyan l\u00e9phetek kapcsolatba az \u00fcgyf\u00e9lszolg\u00e1lattal?<\/strong><br \/>\nV: Keressen minket e-mailben, WhatsApp-on vagy \u00e9l\u0151 chaten a weboldalunkon a gyors seg\u00edts\u00e9g\u00e9rt.<\/p>","protected":false},"excerpt":{"rendered":"<ul>\n<li><strong>Szerezzen WASPE FIHP 40000 Puffs \u00fajrat\u00f6lthet\u0151 Vape-t verhetetlen \u00e1ron<\/strong><\/li>\n<li><strong>Nagykereskedelmi aj\u00e1nlatok a WASPE FIHP 40K Puffs Vapes-re \u2013 Takar\u00edtson meg sokat t\u00f6meges rendel\u00e9seken<\/strong><\/li>\n<li><strong>V\u00e1s\u00e1roljon WASPE 40000 Puffs k\u00e9t \u00edz\u0171 Vape-t \u2013 Fejlett funkci\u00f3k, megfizethet\u0151 \u00e1rak<\/strong><\/li>\n<\/ul>\n<figure id=\"attachment_2951\" aria-describedby=\"caption-attachment-2951\" style=\"width: 265px\" class=\"wp-caption alignnone\"><img decoding=\"async\" class=\"size-medium wp-image-2951\" src=\"https:\/\/vapestornado.com\/wp-content\/uploads\/2024\/12\/Wholesale-Disposable-Vape-265x300.jpg\" alt=\"Nagykereskedelmi eldobhat\u00f3 Vape\" width=\"265\" height=\"300\" srcset=\"https:\/\/vapestornado.com\/wp-content\/uploads\/2024\/12\/Wholesale-Disposable-Vape-265x300.jpg 265w, https:\/\/vapestornado.com\/wp-content\/uploads\/2024\/12\/Wholesale-Disposable-Vape-768x871.jpg 768w, https:\/\/vapestornado.com\/wp-content\/uploads\/2024\/12\/Wholesale-Disposable-Vape-600x680.jpg 600w, https:\/\/vapestornado.com\/wp-content\/uploads\/2024\/12\/Wholesale-Disposable-Vape.jpg 823w\" sizes=\"(max-width: 265px) 100vw, 265px\" \/><figcaption id=\"caption-attachment-2951\" class=\"wp-caption-text\">K\u00e9rj\u00fck, vegye fel a kapcsolatot Mandy WhatsApp-j\u00e1val a kedvezm\u00e9nyes \u00e1r\u00e9rt\u00a0 <a href=\"https:\/\/wa.me\/8618077105796\">+8618077105796<\/a><\/figcaption><\/figure>\n<p>&nbsp;<\/p>","protected":false},"featured_media":4245,"comment_status":"open","ping_status":"closed","template":"","meta":{"_acf_changed":false,"_uag_custom_page_level_css":"","_lmt_disableupdate":"no","_lmt_disable":"","_monsterinsights_skip_tracking":false,"_monsterinsights_sitenote_active":false,"_monsterinsights_sitenote_note":"","_monsterinsights_sitenote_category":0,"site-sidebar-layout":"default","site-content-layout":"","ast-site-content-layout":"default","site-content-style":"default","site-sidebar-style":"default","ast-global-header-display":"","ast-banner-title-visibility":"","ast-main-header-display":"","ast-hfb-above-header-display":"","ast-hfb-below-header-display":"","ast-hfb-mobile-header-display":"","site-post-title":"","ast-breadcrumbs-content":"","ast-featured-img":"","footer-sml-layout":"","ast-disable-related-posts":"","theme-transparent-header-meta":"default","adv-header-id-meta":"","stick-header-meta":"","header-above-stick-meta":"","header-main-stick-meta":"","header-below-stick-meta":"","astra-migrate-meta-layouts":"set","ast-page-background-enabled":"default","ast-page-background-meta":{"desktop":{"background-color":"","background-image":"","background-repeat":"repeat","background-position":"center center","background-size":"auto","background-attachment":"scroll","background-type":"","background-media":"","overlay-type":"","overlay-color":"","overlay-opacity":"","overlay-gradient":""},"tablet":{"background-color":"","background-image":"","background-repeat":"repeat","background-position":"center center","background-size":"auto","background-attachment":"scroll","background-type":"","background-media":"","overlay-type":"","overlay-color":"","overlay-opacity":"","overlay-gradient":""},"mobile":{"background-color":"","background-image":"","background-repeat":"repeat","background-position":"center center","background-size":"auto","background-attachment":"scroll","background-type":"","background-media":"","overlay-type":"","overlay-color":"","overlay-opacity":"","overlay-gradient":""}},"ast-content-background-meta":{"desktop":{"background-color":"var(--ast-global-color-5)","background-image":"","background-repeat":"repeat","background-position":"center center","background-size":"auto","background-attachment":"scroll","background-type":"","background-media":"","overlay-type":"","overlay-color":"","overlay-opacity":"","overlay-gradient":""},"tablet":{"background-color":"var(--ast-global-color-5)","background-image":"","background-repeat":"repeat","background-position":"center center","background-size":"auto","background-attachment":"scroll","background-type":"","background-media":"","overlay-type":"","overlay-color":"","overlay-opacity":"","overlay-gradient":""},"mobile":{"background-color":"var(--ast-global-color-5)","background-image":"","background-repeat":"repeat","background-position":"center center","background-size":"auto","background-attachment":"scroll","background-type":"","background-media":"","overlay-type":"","overlay-color":"","overlay-opacity":"","overlay-gradient":""}},"_joinchat":{"telephone":"+8618077105796"}},"product_brand":[],"product_cat":[65,149,153,156,157,158,60],"product_tag":[97,89],"class_list":{"0":"post-3171","1":"product","2":"type-product","3":"status-publish","4":"has-post-thumbnail","6":"product_cat-40000-puff","7":"product_cat-buy-disposable-vapes-in-austria","8":"product_cat-buy-disposable-vapes-in-italy","9":"product_cat-buy-disposable-vapes-in-poland","10":"product_cat-buy-disposable-vapes-in-portugal","11":"product_cat-buy-disposable-vapes-in-spain","12":"product_cat-waspe-fihp-vape","13":"product_tag-hot-sale-disposable-vape","14":"product_tag-waspe-40000-puffs","15":"desktop-align-left","16":"tablet-align-left","17":"mobile-align-left","19":"first","20":"instock","21":"sale","22":"shipping-taxable","23":"purchasable","24":"product-type-simple"},"acf":[],"uagb_featured_image_src":{"full":["https:\/\/vapestornado.com\/wp-content\/uploads\/2024\/12\/Waspe-DOUBLE-FLAVOUR-40k-Vape-Cheap-Price.jpg",1500,1500,false],"thumbnail":["https:\/\/vapestornado.com\/wp-content\/uploads\/2024\/12\/Waspe-DOUBLE-FLAVOUR-40k-Vape-Cheap-Price-150x150.jpg",150,150,true],"medium":["https:\/\/vapestornado.com\/wp-content\/uploads\/2024\/12\/Waspe-DOUBLE-FLAVOUR-40k-Vape-Cheap-Price-300x300.jpg",300,300,true],"medium_large":["https:\/\/vapestornado.com\/wp-content\/uploads\/2024\/12\/Waspe-DOUBLE-FLAVOUR-40k-Vape-Cheap-Price-768x768.jpg",768,768,true],"large":["https:\/\/vapestornado.com\/wp-content\/uploads\/2024\/12\/Waspe-DOUBLE-FLAVOUR-40k-Vape-Cheap-Price-1024x1024.jpg",1024,1024,true],"1536x1536":["https:\/\/vapestornado.com\/wp-content\/uploads\/2024\/12\/Waspe-DOUBLE-FLAVOUR-40k-Vape-Cheap-Price.jpg",1500,1500,false],"2048x2048":["https:\/\/vapestornado.com\/wp-content\/uploads\/2024\/12\/Waspe-DOUBLE-FLAVOUR-40k-Vape-Cheap-Price.jpg",1500,1500,false],"trp-custom-language-flag":["https:\/\/vapestornado.com\/wp-content\/uploads\/2024\/12\/Waspe-DOUBLE-FLAVOUR-40k-Vape-Cheap-Price-12x12.jpg",12,12,true],"woocommerce_thumbnail":["https:\/\/vapestornado.com\/wp-content\/uploads\/2024\/12\/Waspe-DOUBLE-FLAVOUR-40k-Vape-Cheap-Price-300x300.jpg",300,300,true],"woocommerce_single":["https:\/\/vapestornado.com\/wp-content\/uploads\/2024\/12\/Waspe-DOUBLE-FLAVOUR-40k-Vape-Cheap-Price-600x600.jpg",600,600,true],"woocommerce_gallery_thumbnail":["https:\/\/vapestornado.com\/wp-content\/uploads\/2024\/12\/Waspe-DOUBLE-FLAVOUR-40k-Vape-Cheap-Price-100x100.jpg",100,100,true]},"uagb_author_info":{"display_name":"ESMANDY","author_link":"https:\/\/vapestornado.com\/hu\/author\/"},"uagb_comment_info":0,"uagb_excerpt":"Get WASPE FIHP 40000 Puff Rechargeable Vape at Unbeatable Prices Wholesale Deals on WASPE FIHP 40K Puffs Vapes \u2013 Save Big on Bulk Orders Shop WASPE 40000 Puffs Dual Flavor Vape \u2013 Advanced Features, Affordable Prices [caption id=\"attachment_2951\" align=\"alignnone\" width=\"265\"] Pls Contact Mandy's WhatsApp For Discount Price\u00a0 +8618077105796[\/caption] &nbsp;","_links":{"self":[{"href":"https:\/\/vapestornado.com\/hu\/wp-json\/wp\/v2\/product\/3171","targetHints":{"allow":["GET"]}}],"collection":[{"href":"https:\/\/vapestornado.com\/hu\/wp-json\/wp\/v2\/product"}],"about":[{"href":"https:\/\/vapestornado.com\/hu\/wp-json\/wp\/v2\/types\/product"}],"replies":[{"embeddable":true,"href":"https:\/\/vapestornado.com\/hu\/wp-json\/wp\/v2\/comments?post=3171"}],"wp:featuredmedia":[{"embeddable":true,"href":"https:\/\/vapestornado.com\/hu\/wp-json\/wp\/v2\/media\/4245"}],"wp:attachment":[{"href":"https:\/\/vapestornado.com\/hu\/wp-json\/wp\/v2\/media?parent=3171"}],"wp:term":[{"taxonomy":"product_brand","embeddable":true,"href":"https:\/\/vapestornado.com\/hu\/wp-json\/wp\/v2\/product_brand?post=3171"},{"taxonomy":"product_cat","embeddable":true,"href":"https:\/\/vapestornado.com\/hu\/wp-json\/wp\/v2\/product_cat?post=3171"},{"taxonomy":"product_tag","embeddable":true,"href":"https:\/\/vapestornado.com\/hu\/wp-json\/wp\/v2\/product_tag?post=3171"}],"curies":[{"name":"wp","href":"https:\/\/api.w.org\/{rel}","templated":true}]}}