{"id":3132,"date":"2024-12-13T09:10:35","date_gmt":"2024-12-13T09:10:35","guid":{"rendered":"https:\/\/vapestornado.com\/?post_type=product&#038;p=3132"},"modified":"2025-08-23T10:04:00","modified_gmt":"2025-08-23T10:04:00","slug":"vapsolo-twins-20000-double-flavour-rechargeable-disposable-vape-wholesale-price","status":"publish","type":"product","link":"https:\/\/vapestornado.com\/hu\/product\/vapsolo-twins-20000-double-flavour-rechargeable-disposable-vape-wholesale-price\/","title":{"rendered":"Vapsolo Twins 20000 Dupla \u00cdz\u0171 \u00dajrat\u00f6lthet\u0151 Eldobhat\u00f3 Vape Nagyker \u00c1r"},"content":{"rendered":"<h1 class=\"product-title\">Vapsolo Twins 20000 Dupla \u00cdz\u0171 \u00dajrat\u00f6lthet\u0151 Eldobhat\u00f3 Vape Nagyker \u00c1r<\/h1>\n<p data-start=\"319\" data-end=\"581\">A <strong data-start=\"323\" data-end=\"377\">Vapsolo Twins 20000 Kett\u0151s \u00cdz\u0171 Eldobhat\u00f3 Vape<\/strong> kiskeresked\u0151k \u00e9s nagykeresked\u0151k sz\u00e1m\u00e1ra k\u00e9sz\u00fclt, akiknek megb\u00edzhat\u00f3, tart\u00f3s k\u00e9szletre van sz\u00fcks\u00e9g\u00fck. Ak\u00e1r <strong data-start=\"470\" data-end=\"497\">20 000 sz\u00edv\u00e1s eszk\u00f6z\u00f6nk\u00e9nt<\/strong> \u00e9s egy <strong data-start=\"504\" data-end=\"526\">25 ml e-liquid tart\u00e1ly<\/strong>, meghosszabb\u00edtott haszn\u00e1latot \u00e9s er\u0151s viszontelad\u00e1si potenci\u00e1lt k\u00edn\u00e1l.<\/p>\n<p data-start=\"583\" data-end=\"946\">Mit\u0151l egyedi a Bang Vape 35000? <strong data-start=\"587\" data-end=\"612\">kett\u0151s \u00edzrendszer<\/strong> lehet\u0151v\u00e9 teszi az \u00fcgyfelek sz\u00e1m\u00e1ra, hogy egyetlen eszk\u00f6z\u00f6n bel\u00fcl v\u00e1ltsanak k\u00e9t kever\u00e9k k\u00f6z\u00f6tt, vonz\u00f3bb\u00e1 t\u00e9ve a v\u00e1s\u00e1rl\u00f3k sz\u00e1m\u00e1ra, akik v\u00e1ltozatoss\u00e1got szeretn\u00e9nek t\u00f6bb vape cipel\u00e9se n\u00e9lk\u00fcl. A <strong data-start=\"759\" data-end=\"783\">mesh coil technol\u00f3gi\u00e1val<\/strong> biztos\u00edtja a sima g\u0151zt \u00e9s a k\u00f6vetkezetes \u00edzt, m\u00edg a <strong data-start=\"837\" data-end=\"868\">650mAh-s \u00fajrat\u00f6lthet\u0151 akkumul\u00e1tor<\/strong> \u00e1ltal m\u0171k\u00f6dtetve <strong data-start=\"874\" data-end=\"898\">Type-C gyorst\u00f6lt\u00e9ssel<\/strong> stabilan tartja a teljes\u00edtm\u00e9nyt az utols\u00f3 cseppig.<\/p>\n<p data-start=\"948\" data-end=\"1202\">El\u00e9rhet\u0151 <strong data-start=\"961\" data-end=\"993\">2% \u00e9s 5% nikotinszint<\/strong>, a <strong data-start=\"999\" data-end=\"1025\">Vapsolo Kettes 20K Vape<\/strong> k\u00fcl\u00f6nb\u00f6z\u0151 v\u00e1s\u00e1rl\u00f3i ig\u00e9nyeket el\u00e9g\u00edt ki. Versenyk\u00e9pes <strong data-start=\"1085\" data-end=\"1106\">nagykereskedelmi \u00e1raz\u00e1si<\/strong> \u00e9s er\u0151s piaci kereslettel okos v\u00e1laszt\u00e1s a kis \u00fczletek \u00e9s a magyarorsz\u00e1gi forgalmaz\u00f3k sz\u00e1m\u00e1ra<\/p>\n<p><strong>Add meg Amy Whatsappj\u00e1t a gyors v\u00e1lasz\u00e9rt \u00e9s vape kupon\u00e9rt!<\/strong><\/p>\n<p><img fetchpriority=\"high\" decoding=\"async\" class=\"size-full wp-image-2932\" src=\"https:\/\/vapestornado.com\/wp-content\/uploads\/2024\/12\/Vape-Wholesale.jpg\" alt=\"Vape nagykereskedelem\" width=\"229\" height=\"300\" \/><\/p>\n<h3><a href=\"https:\/\/wa.me\/8617776015835\" target=\"_blank\" rel=\"noopener\"><span style=\"color: #ff0000;\"><strong>WhatsApp: +86 17776015835<\/strong><\/span><\/a><\/h3>\n<p>&nbsp;<\/p>\n<h2><strong>Vapsolo Twins 20000 term\u00e9kjellemz\u0151k<\/strong><\/h2>\n<div role=\"article\" data-tabster=\"{&quot;groupper&quot;:{&quot;tabbability&quot;:2},&quot;focusable&quot;:{}}\" data-content=\"ai-message\" aria-labelledby=\"juhNTJ6o7Gk1cgwZMJgv2-author juhNTJ6o7Gk1cgwZMJgv2-content\">\n<div id=\"juhNTJ6o7Gk1cgwZMJgv2-content\">\n<div role=\"article\" data-tabster=\"{&quot;groupper&quot;:{&quot;tabbability&quot;:2},&quot;focusable&quot;:{}}\" data-content=\"ai-message\" aria-labelledby=\"x4EZuCZWrTbh3weWUt7CU-author x4EZuCZWrTbh3weWUt7CU-content\">\n<div id=\"x4EZuCZWrTbh3weWUt7CU-content\">\n<h3><\/h3>\n<ol>\n<li><strong>Dupla \u00edz\u00e9lm\u00e9ny:<\/strong> K\u00e9t tart\u00e1lyos rendszer k\u00e9t \u00edzhez egy k\u00e9sz\u00fcl\u00e9kben.<\/li>\n<li><strong>Hatalmas slukksz\u00e1m:<\/strong> Leny\u0171g\u00f6z\u0151 <strong>20 000 puffot<\/strong>.<\/li>\n<li><strong>\u00dajrat\u00f6lthet\u0151 akkumul\u00e1tor:<\/strong> Hosszan tart\u00f3, 650 mAh-s akkumul\u00e1tor Type-C t\u00f6lt\u00e9ssel.<\/li>\n<li><strong>B\u0151s\u00e9ges e-liquid kapacit\u00e1s:<\/strong> <strong>25 ml-es el\u0151re t\u00f6lt\u00f6tt tart\u00e1lyok<\/strong> a hosszabb haszn\u00e1lat \u00e9rdek\u00e9ben.<\/li>\n<li><strong>Nikotin er\u0151ss\u00e9g opci\u00f3k:<\/strong> V\u00e1lasszon a <strong>2% vagy 5%<\/strong> nikotinszintek k\u00f6z\u00fcl.<\/li>\n<li><strong>H\u00e1l\u00f3s tekercs technol\u00f3gia:<\/strong> Sima \u00e9s \u00edzletes g\u0151ztermel\u00e9st biztos\u00edt.<\/li>\n<li><strong>\u00c1ll\u00edthat\u00f3 l\u00e9g\u00e1raml\u00e1s:<\/strong> Testreszabhatja a g\u0151zer\u0151ss\u00e9get st\u00edlus\u00e1hoz.<\/li>\n<li><strong>Felhaszn\u00e1l\u00f3bar\u00e1t kialak\u00edt\u00e1s:<\/strong> Bel\u00e9gz\u00e9sre aktiv\u00e1l\u00f3d\u00f3 rendszer a k\u00f6nny\u0171 \u00e9s k\u00e9nyelmes g\u0151z\u00f6l\u00e9shez.<\/li>\n<li><strong>Kompakt<\/strong> St\u00edlusos kialak\u00edt\u00e1s, t\u00f6k\u00e9letes az \u00fatk\u00f6zben l\u00e9v\u0151 felhaszn\u00e1l\u00f3k sz\u00e1m\u00e1ra.<\/li>\n<li><strong>Intelligens kijelz\u0151:<\/strong> Val\u00f3s idej\u0171 adatok az akkumul\u00e1tor \u00e9lettartam\u00e1r\u00f3l \u00e9s a slukkok sz\u00e1m\u00e1r\u00f3l.<\/li>\n<\/ol>\n<\/div>\n<\/div>\n<\/div>\n<\/div>\n<h2 class=\"product-title\"><strong>Vapsolo Twins 20000 \u00edzlista<\/strong><\/h2>\n<p>1.Citromos lime<br \/>\n2.Sz\u0151l\u0151 j\u00e9g<br \/>\n3.Anan\u00e1sz k\u00f3kusz<br \/>\n4.Narancs mang\u00f3 g\u00f6r\u00f6gdinnye<br \/>\n5.\u00c1fonya j\u00e9g<br \/>\n6.G\u00f6r\u00f6gdinnye j\u00e9g<br \/>\n7.Eper ban\u00e1n<br \/>\n8.Eper M\u00e1lna Cseresznye J\u00e9g<br \/>\n9.K\u00e9k M\u00e1lna Limon\u00e1d\u00e9<br \/>\n10.G\u00f6r\u00f6gdinnye J\u00e9g<br \/>\n11.Tripla Dinnye<br \/>\n12.Fekete J\u00e9g S\u00e1rk\u00e1nygy\u00fcm\u00f6lcs Eper<br \/>\n13.Anan\u00e1sz K\u00f3kusz<br \/>\n14.Eper J\u00e9g<br \/>\n15.Eper Kiwi<br \/>\n16.Tripla Dinnye<\/p>\n<h3>Mi\u00e9rt v\u00e1lassza a vapestornado-t a Vapsolo Twins 20k Puff Vape nagykereskedelemhez?<\/h3>\n<div class=\"flex-shrink-0 flex flex-col relative items-end\">\n<div class=\"pt-0\">\n<div class=\"gizmo-bot-avatar flex h-8 w-8 items-center justify-center overflow-hidden rounded-full\">\n<div class=\"relative p-1 rounded-sm flex items-center justify-center bg-token-main-surface-primary text-token-text-primary h-8 w-8\">\n<p>\u00dcdv\u00f6z\u00f6lj\u00fck a vapestornado-n, az \u00d6n megb\u00edzhat\u00f3 online vape boltj\u00e1ban a pr\u00e9mium eldobhat\u00f3 vape-okhoz. T\u00f6bb mint 5 \u00e9ves szak\u00e9rtelemmel hozunk el \u00d6nnek n\u00e9pszer\u0171 eldobhat\u00f3 vape m\u00e1rk\u00e1kat, mint p\u00e9ld\u00e1ul a Fumot RandM Vape, <a href=\"https:\/\/vapestornado.com\/hu\/product\/vapme-crystal-7000-puffs-rechargeable-disposable-vape-wholesale-cheap-price\/\">Vapme<\/a>, Bang Vape, Waspe Vape \u00e9s WGA Vape, stb.<\/p>\n<p>K\u00edn\u00e1latunkban szerepelnek n\u00e9pszer\u0171 vape-ok, mint a <a href=\"https:\/\/vapestornado.com\/hu\/product\/fumot-randm-tornado-15000-puffs-rechargeable-disposable-vape-wholesale\/\">RandM Torn\u00e1d\u00f3 15000<\/a>, \u00e9s \u00edzgazdag v\u00e1laszt\u00e1sok, mint a <a href=\"https:\/\/vapestornado.com\/hu\/product\/waspe-40000-puffs-double-flavour-led-display-disposable-vape-wholesale\/\">WASPE Dupla \u00cdz 40000 Puffs<\/a> . Minden term\u00e9k\u00fcnket a min\u0151s\u00e9g, \u00e9rt\u00e9k \u00e9s v\u00e1ltozatoss\u00e1g figyelembev\u00e9tel\u00e9vel v\u00e1lasztjuk ki, biztos\u00edtva, hogy megtal\u00e1lja az ig\u00e9nyeinek legmegfelel\u0151bbet. Fedezze fel a kiv\u00e9teles szolg\u00e1ltat\u00e1st \u00e9s a top term\u00e9kek sz\u00e9les v\u00e1laszt\u00e9k\u00e1t nagykereskedelmi \u00e1ron a vapestornado-n.<\/p>\n<\/div>\n<h3><\/h3>\n<div class=\"relative p-1 rounded-sm flex items-center justify-center bg-token-main-surface-primary text-token-text-primary h-8 w-8\">\n<h3>GYIK a Vapsolo 20k Puff eldobhat\u00f3 vape-r\u0151l<\/h3>\n<\/div>\n<\/div>\n<\/div>\n<\/div>\n<div class=\"flex-shrink-0 flex flex-col relative items-end\">\n<div class=\"pt-0\">\n<div class=\"gizmo-bot-avatar flex h-8 w-8 items-center justify-center overflow-hidden rounded-full\">\n<div class=\"relative p-1 rounded-sm flex items-center justify-center bg-token-main-surface-primary text-token-text-primary h-8 w-8\">\n<div class=\"mb-2 flex gap-3 empty:hidden -ml-2\">\n<div role=\"article\" data-tabster=\"{&quot;groupper&quot;:{&quot;tabbability&quot;:2},&quot;focusable&quot;:{}}\" data-content=\"ai-message\" aria-labelledby=\"Vdt5ez4X7Tg813x6rFVha-author Vdt5ez4X7Tg813x6rFVha-content\">\n<div id=\"Vdt5ez4X7Tg813x6rFVha-content\">\n<div role=\"article\" data-tabster=\"{&quot;groupper&quot;:{&quot;tabbability&quot;:2},&quot;focusable&quot;:{}}\" data-content=\"ai-message\" aria-labelledby=\"o968oC7CEo2fGHsGdsRYC-author o968oC7CEo2fGHsGdsRYC-content\">\n<div id=\"o968oC7CEo2fGHsGdsRYC-content\">\n<ol>\n<li><strong>Mit\u0151l egyedi a Vapsolo Twins 20000?<\/strong><br \/>\nA <strong>dupla \u00edztart\u00e1ly rendszer<\/strong> lehet\u0151v\u00e9 teszi, hogy k\u00e9t k\u00fcl\u00f6nb\u00f6z\u0151 \u00edzt \u00e9lvezzen egyetlen eszk\u00f6zben, ami rendk\u00edv\u00fcl sokoldal\u00fav\u00e1 teszi.<\/li>\n<li><strong>H\u00e1ny slukkot biztos\u00edt a Vapsolo Twins 20000?<\/strong><br \/>\nLeny\u0171g\u00f6z\u0151 <strong>20 000 puffot<\/strong>, \u00edgy ide\u00e1lis hossz\u00fa t\u00e1v\u00fa haszn\u00e1latra.<\/li>\n<li><strong>\u00dajrat\u00f6lthet\u0151 a Vapsolo Twins?<\/strong><br \/>\nIgen, rendelkezik egy <strong>650mAh-s \u00fajrat\u00f6lthet\u0151 akkumul\u00e1tor<\/strong> gyors Type-C t\u00f6lt\u00e9ssel a k\u00e9nyelem \u00e9rdek\u00e9ben.<\/li>\n<li><strong>Milyen nikotiner\u0151ss\u00e9g opci\u00f3k \u00e1llnak rendelkez\u00e9sre?<\/strong><br \/>\nAz eszk\u00f6z kaphat\u00f3 <strong>2% \u00e9s 5% nikotinszinteken<\/strong>, kiel\u00e9g\u00edtve a k\u00f6nny\u0171 \u00e9s er\u0151s nikotinfogyaszt\u00f3k ig\u00e9nyeit.<\/li>\n<li><strong>Alkalmas a Vapsolo Twins kezd\u0151k sz\u00e1m\u00e1ra?<\/strong><br \/>\nTerm\u00e9szetesen! A <strong>slukk-aktiv\u00e1lt rendszer<\/strong> \u00e9s az egyszer\u0171 kezel\u0151szervek megk\u00f6nny\u00edtik a kezd\u0151k dolg\u00e1t, mik\u00f6zben halad\u00f3 funkci\u00f3kat k\u00edn\u00e1lnak a tapasztalt vaperek sz\u00e1m\u00e1ra.<\/li>\n<\/ol>\n<\/div>\n<\/div>\n<\/div>\n<\/div>\n<p>&nbsp;<\/p>\n<\/div>\n<\/div>\n<\/div>\n<\/div>\n<\/div>\n<div class=\"group\/conversation-turn relative flex w-full min-w-0 flex-col agent-turn\">\n<div class=\"flex-col gap-1 md:gap-3\">\n<div class=\"flex max-w-full flex-col flex-grow\">\n<div class=\"min-h-8 text-message flex w-full flex-col items-end gap-2 whitespace-normal break-words [.text-message+&amp;]:mt-5\" dir=\"auto\" data-message-author-role=\"assistant\" data-message-id=\"db716a1c-9ed0-4b8d-b3b0-7bdb913c3d42\" data-message-model-slug=\"gpt-4o\">\n<div class=\"flex w-full flex-col gap-1 empty:hidden first:pt-[3px]\">\n<div class=\"markdown prose w-full break-words dark:prose-invert light\">\n<p>&nbsp;<\/p>\n<\/div>\n<\/div>\n<\/div>\n<\/div>\n<\/div>\n<\/div>","protected":false},"excerpt":{"rendered":"<p>Vapsolo Twins 20000 Puffs 2 az 1-ben eldobhat\u00f3 vape nagykereskedelmi \u00e1ron<br \/>\nVapsolo 20000 dupla \u00edz\u0171, \u00fajrat\u00f6lthet\u0151 eldobhat\u00f3 vape forr\u00f3 aj\u00e1nlat<br \/>\nVapsolo Twins 20k 2 \u00edz 1 eldobhat\u00f3 vape \u00f6mlesztett v\u00e1s\u00e1rl\u00e1si \u00e1r<\/p>\n<p><strong>Adja hozz\u00e1 Amy-t WhatsApp-on, hogy azonnali v\u00e1laszt \u00e9s vape kupont kapjon!<\/strong><\/p>\n<p><img fetchpriority=\"high\" decoding=\"async\" class=\"size-full wp-image-2932\" src=\"https:\/\/vapestornado.com\/wp-content\/uploads\/2024\/12\/Vape-Wholesale.jpg\" alt=\"Vape nagykereskedelem\" width=\"229\" height=\"300\" \/><\/p>\n<h3><a href=\"https:\/\/wa.me\/8617776015835\"><span style=\"color: #ff0000;\"><strong>WhatsApp: +86 17776015835<\/strong><\/span><\/a><\/h3>\n<p>&nbsp;<\/p>","protected":false},"featured_media":3129,"comment_status":"open","ping_status":"closed","template":"","meta":{"_acf_changed":false,"_uag_custom_page_level_css":"","_lmt_disableupdate":"no","_lmt_disable":"","_monsterinsights_skip_tracking":false,"_monsterinsights_sitenote_active":false,"_monsterinsights_sitenote_note":"","_monsterinsights_sitenote_category":0,"site-sidebar-layout":"default","site-content-layout":"","ast-site-content-layout":"default","site-content-style":"default","site-sidebar-style":"default","ast-global-header-display":"","ast-banner-title-visibility":"","ast-main-header-display":"","ast-hfb-above-header-display":"","ast-hfb-below-header-display":"","ast-hfb-mobile-header-display":"","site-post-title":"","ast-breadcrumbs-content":"","ast-featured-img":"","footer-sml-layout":"","ast-disable-related-posts":"","theme-transparent-header-meta":"default","adv-header-id-meta":"","stick-header-meta":"","header-above-stick-meta":"","header-main-stick-meta":"","header-below-stick-meta":"","astra-migrate-meta-layouts":"set","ast-page-background-enabled":"default","ast-page-background-meta":{"desktop":{"background-color":"","background-image":"","background-repeat":"repeat","background-position":"center center","background-size":"auto","background-attachment":"scroll","background-type":"","background-media":"","overlay-type":"","overlay-color":"","overlay-opacity":"","overlay-gradient":""},"tablet":{"background-color":"","background-image":"","background-repeat":"repeat","background-position":"center center","background-size":"auto","background-attachment":"scroll","background-type":"","background-media":"","overlay-type":"","overlay-color":"","overlay-opacity":"","overlay-gradient":""},"mobile":{"background-color":"","background-image":"","background-repeat":"repeat","background-position":"center center","background-size":"auto","background-attachment":"scroll","background-type":"","background-media":"","overlay-type":"","overlay-color":"","overlay-opacity":"","overlay-gradient":""}},"ast-content-background-meta":{"desktop":{"background-color":"var(--ast-global-color-5)","background-image":"","background-repeat":"repeat","background-position":"center center","background-size":"auto","background-attachment":"scroll","background-type":"","background-media":"","overlay-type":"","overlay-color":"","overlay-opacity":"","overlay-gradient":""},"tablet":{"background-color":"var(--ast-global-color-5)","background-image":"","background-repeat":"repeat","background-position":"center center","background-size":"auto","background-attachment":"scroll","background-type":"","background-media":"","overlay-type":"","overlay-color":"","overlay-opacity":"","overlay-gradient":""},"mobile":{"background-color":"var(--ast-global-color-5)","background-image":"","background-repeat":"repeat","background-position":"center center","background-size":"auto","background-attachment":"scroll","background-type":"","background-media":"","overlay-type":"","overlay-color":"","overlay-opacity":"","overlay-gradient":""}},"_joinchat":{"telephone":"+8617776015835"}},"product_brand":[],"product_cat":[69,171],"product_tag":[97,94,139,137,138],"class_list":{"0":"post-3132","1":"product","2":"type-product","3":"status-publish","4":"has-post-thumbnail","6":"product_cat-20000-puff","7":"product_cat-vapsolo-disposable-vapes","8":"product_tag-hot-sale-disposable-vape","9":"product_tag-rechargeable-disposable-vape","10":"product_tag-vapsolo","11":"product_tag-vapsolo-twins-20000","12":"product_tag-vapsolo-twins-20k","13":"desktop-align-left","14":"tablet-align-left","15":"mobile-align-left","17":"first","18":"instock","19":"sale","20":"shipping-taxable","21":"purchasable","22":"product-type-simple"},"acf":[],"uagb_featured_image_src":{"full":["https:\/\/vapestornado.com\/wp-content\/uploads\/2024\/12\/Vapsolo-Twins-EU-Electronic-Cigarette-Wholesale.jpg",1126,1126,false],"thumbnail":["https:\/\/vapestornado.com\/wp-content\/uploads\/2024\/12\/Vapsolo-Twins-EU-Electronic-Cigarette-Wholesale-150x150.jpg",150,150,true],"medium":["https:\/\/vapestornado.com\/wp-content\/uploads\/2024\/12\/Vapsolo-Twins-EU-Electronic-Cigarette-Wholesale-300x300.jpg",300,300,true],"medium_large":["https:\/\/vapestornado.com\/wp-content\/uploads\/2024\/12\/Vapsolo-Twins-EU-Electronic-Cigarette-Wholesale-768x768.jpg",768,768,true],"large":["https:\/\/vapestornado.com\/wp-content\/uploads\/2024\/12\/Vapsolo-Twins-EU-Electronic-Cigarette-Wholesale-1024x1024.jpg",1024,1024,true],"1536x1536":["https:\/\/vapestornado.com\/wp-content\/uploads\/2024\/12\/Vapsolo-Twins-EU-Electronic-Cigarette-Wholesale.jpg",1126,1126,false],"2048x2048":["https:\/\/vapestornado.com\/wp-content\/uploads\/2024\/12\/Vapsolo-Twins-EU-Electronic-Cigarette-Wholesale.jpg",1126,1126,false],"trp-custom-language-flag":["https:\/\/vapestornado.com\/wp-content\/uploads\/2024\/12\/Vapsolo-Twins-EU-Electronic-Cigarette-Wholesale.jpg",12,12,false],"woocommerce_thumbnail":["https:\/\/vapestornado.com\/wp-content\/uploads\/2024\/12\/Vapsolo-Twins-EU-Electronic-Cigarette-Wholesale-300x300.jpg",300,300,true],"woocommerce_single":["https:\/\/vapestornado.com\/wp-content\/uploads\/2024\/12\/Vapsolo-Twins-EU-Electronic-Cigarette-Wholesale-600x600.jpg",600,600,true],"woocommerce_gallery_thumbnail":["https:\/\/vapestornado.com\/wp-content\/uploads\/2024\/12\/Vapsolo-Twins-EU-Electronic-Cigarette-Wholesale-100x100.jpg",100,100,true]},"uagb_author_info":{"display_name":"ESAMY","author_link":"https:\/\/vapestornado.com\/hu\/author\/"},"uagb_comment_info":0,"uagb_excerpt":"Vapsolo Twins 20000 Puffs 2 in 1 Disposable Vape Wholesale Price Vapsolo 20000 Double Flavour Rechargeable Disposable Vape Hot Sale Vapsolo Twins 20k 2 Flavour in 1 Disposable Vape Bulk Buy Price Add Amy's whatsapp get right reply and vape vape coupon! WhatsApp: +86 17776015835 &nbsp;","_links":{"self":[{"href":"https:\/\/vapestornado.com\/hu\/wp-json\/wp\/v2\/product\/3132","targetHints":{"allow":["GET"]}}],"collection":[{"href":"https:\/\/vapestornado.com\/hu\/wp-json\/wp\/v2\/product"}],"about":[{"href":"https:\/\/vapestornado.com\/hu\/wp-json\/wp\/v2\/types\/product"}],"replies":[{"embeddable":true,"href":"https:\/\/vapestornado.com\/hu\/wp-json\/wp\/v2\/comments?post=3132"}],"wp:featuredmedia":[{"embeddable":true,"href":"https:\/\/vapestornado.com\/hu\/wp-json\/wp\/v2\/media\/3129"}],"wp:attachment":[{"href":"https:\/\/vapestornado.com\/hu\/wp-json\/wp\/v2\/media?parent=3132"}],"wp:term":[{"taxonomy":"product_brand","embeddable":true,"href":"https:\/\/vapestornado.com\/hu\/wp-json\/wp\/v2\/product_brand?post=3132"},{"taxonomy":"product_cat","embeddable":true,"href":"https:\/\/vapestornado.com\/hu\/wp-json\/wp\/v2\/product_cat?post=3132"},{"taxonomy":"product_tag","embeddable":true,"href":"https:\/\/vapestornado.com\/hu\/wp-json\/wp\/v2\/product_tag?post=3132"}],"curies":[{"name":"wp","href":"https:\/\/api.w.org\/{rel}","templated":true}]}}