{"id":3107,"date":"2024-12-13T02:59:26","date_gmt":"2024-12-13T02:59:26","guid":{"rendered":"https:\/\/vapestornado.com\/?post_type=product&#038;p=3107"},"modified":"2025-08-22T10:31:24","modified_gmt":"2025-08-22T10:31:24","slug":"randm-tornado-music-30000-puffs-fumot-bulk-sale-disposable","status":"publish","type":"product","link":"https:\/\/vapestornado.com\/hu\/product\/randm-tornado-music-30000-puffs-fumot-bulk-sale-disposable\/","title":{"rendered":"Randm Tornado Music 30000 Fumot T\u00f6meges \u00c9rt\u00e9kes\u00edt\u00e9s Eldobhat\u00f3 Vape"},"content":{"rendered":"<h1>Randm Tornado Music 30000 Puffs Fumot T\u00f6meges Elad\u00e1s Eldobhat\u00f3 Vape<\/h1>\n<p data-start=\"293\" data-end=\"626\">A <strong data-start=\"297\" data-end=\"364\">Randm Tornado Music 30000 Puffs Fumot T\u00f6meges Elad\u00e1s Eldobhat\u00f3 Vape<\/strong> azoknak a vapereknek k\u00e9sz\u00fclt, akik tart\u00f3s teljes\u00edtm\u00e9nyt \u00e9s k\u00e9nyelmet szeretn\u00e9nek. Egy leny\u0171g\u00f6z\u0151 <strong data-start=\"458\" data-end=\"482\">30 000 slukk kapacit\u00e1s<\/strong>, egy <strong data-start=\"486\" data-end=\"517\">600mAh-s \u00fajrat\u00f6lthet\u0151 akkumul\u00e1tor<\/strong>, \u00e9s fejlett <strong data-start=\"532\" data-end=\"569\">1.0\u03a9 mesh coil l\u00e9g\u00e1raml\u00e1si technol\u00f3gia<\/strong>sim\u00e1bb, egyenletesebb g\u0151zt biztos\u00edt minden egyes sz\u00edv\u00e1ssal.<\/p>\n<p data-start=\"628\" data-end=\"848\">A kompakt \u00e9s st\u00edlusos Tornado Music 30K k\u00f6nnyen hordozhat\u00f3, \u00e9s ide\u00e1lis eg\u00e9sz napos vapinghez. El\u0151re felt\u00f6ltve a sz\u00e9les v\u00e1laszt\u00e9k\u00e1val <strong data-start=\"750\" data-end=\"771\">30 egyedi \u00edz<\/strong>minden \u00edzl\u00e9snek k\u00edn\u00e1l valamit \u2013 a gy\u00fcm\u00f6lcs\u00f6st\u0151l a jeges kever\u00e9kekig.<\/p>\n<p data-start=\"850\" data-end=\"1048\">A nagykeresked\u0151k \u00e9s kiskeresked\u0151k sz\u00e1m\u00e1ra a <strong data-start=\"885\" data-end=\"920\">A Fumot Randm 30k Eldobhat\u00f3 Vape<\/strong> kombin\u00e1lja a nagy kapacit\u00e1st, az er\u0151s m\u00e1rkaismerts\u00e9get \u00e9s a t\u00f6meges \u00e9rt\u00e9kes\u00edt\u00e9si \u00e9rt\u00e9ket, \u00edgy j\u00f6vedelmez\u0151 v\u00e1laszt\u00e1s a magyar piac sz\u00e1m\u00e1ra.<\/p>\n<p><img fetchpriority=\"high\" decoding=\"async\" class=\"wp-image-3114 alignleft\" src=\"https:\/\/vapestornado.com\/wp-content\/uploads\/2024\/12\/Randm-tornado-vape-30000-puffs.jpg\" alt=\"Randm tornado vape 30000 puffs nagykereskedelmi \u00e1r\" width=\"559\" height=\"559\" srcset=\"https:\/\/vapestornado.com\/wp-content\/uploads\/2024\/12\/Randm-tornado-vape-30000-puffs.jpg 800w, https:\/\/vapestornado.com\/wp-content\/uploads\/2024\/12\/Randm-tornado-vape-30000-puffs-300x300.jpg 300w, https:\/\/vapestornado.com\/wp-content\/uploads\/2024\/12\/Randm-tornado-vape-30000-puffs-150x150.jpg 150w, https:\/\/vapestornado.com\/wp-content\/uploads\/2024\/12\/Randm-tornado-vape-30000-puffs-768x768.jpg 768w, https:\/\/vapestornado.com\/wp-content\/uploads\/2024\/12\/Randm-tornado-vape-30000-puffs-600x600.jpg 600w, https:\/\/vapestornado.com\/wp-content\/uploads\/2024\/12\/Randm-tornado-vape-30000-puffs-100x100.jpg 100w\" sizes=\"(max-width: 559px) 100vw, 559px\" \/><\/p>\n<p style=\"padding-left: 40px;\">\u00a0<img decoding=\"async\" class=\"wp-image-3124 alignleft\" src=\"https:\/\/vapestornado.com\/wp-content\/uploads\/2024\/12\/LYN-whatsapp-846x1024.jpg\" alt=\"LYN whatsapp\" width=\"290\" height=\"351\" srcset=\"https:\/\/vapestornado.com\/wp-content\/uploads\/2024\/12\/LYN-whatsapp-846x1024.jpg 846w, https:\/\/vapestornado.com\/wp-content\/uploads\/2024\/12\/LYN-whatsapp-248x300.jpg 248w, https:\/\/vapestornado.com\/wp-content\/uploads\/2024\/12\/LYN-whatsapp-768x930.jpg 768w, https:\/\/vapestornado.com\/wp-content\/uploads\/2024\/12\/LYN-whatsapp-600x726.jpg 600w, https:\/\/vapestornado.com\/wp-content\/uploads\/2024\/12\/LYN-whatsapp.jpg 1046w\" sizes=\"(max-width: 290px) 100vw, 290px\" \/><\/p>\n<p><em><strong><span style=\"color: #ff0000;\">L\u00e9pjen kapcsolatba velem a k\u00f3d beolvas\u00e1s\u00e1val, hogy t\u00f6bbet megtudjon a slukkr\u00f3l<\/span><\/strong><\/em><\/p>\n<p><em><strong>Whatsapp\uff1a<a href=\"https:\/\/wa.me\/8617840853976\" target=\"_blank\" rel=\"noopener\">+86178 4085 3976<\/a><\/strong><\/em><\/p>\n<p>&nbsp;<\/p>\n<h2><\/h2>\n<h2><strong>Term\u00e9kjellemz\u0151k a 30k Music Fumot Vape-hez.<br \/>\n<\/strong><\/h2>\n<p>(1) akkumul\u00e1tor\uff1a<span style=\"color: #ff0000;\">600mAh<\/span> \u00fajrat\u00f6lthet\u0151 a hosszan tart\u00f3 energia biztos\u00edt\u00e1sa \u00e9rdek\u00e9ben.<\/p>\n<p>(2) Nikotin\uff1abiztos\u00edtja a <span style=\"color: #ff0000;\">2%\/5% nikotint<\/span> k\u00fcl\u00f6nb\u00f6z\u0151 felhaszn\u00e1l\u00f3k sz\u00e1m\u00e1ra v\u00e1laszthat\u00f3.<\/p>\n<p>(3) Szippant\u00e1sok: t\u00f6bb mint<span style=\"color: #ff0000;\">30000 szippant\u00e1st k\u00edn\u00e1l<\/span>, hossz\u00fa ideig haszn\u00e1lhat\u00f3, \u00e9s nincs sz\u00fcks\u00e9g gyakori cser\u00e9re.<\/p>\n<p>(4) <span style=\"color: #ff0000;\">30 \u00edz<\/span>: t\u00f6bb \u00edz k\u00f6z\u00fcl lehet v\u00e1lasztani, \u00e9s 50 darab eset\u00e9n legal\u00e1bb 5 \u00edz v\u00e1laszthat\u00f3.<\/p>\n<p>(5) T\u00f6lt\u0151port:<span style=\"color: #ff0000;\">Type-C<\/span> gyors t\u00f6lt\u00e9si fel\u00fclet, t\u00e1mogatja a t\u00f6lt\u00e9si funkci\u00f3t.<\/p>\n<p>(6) <span style=\"color: #ff0000;\">Zenei f\u00e9ny<\/span>: A Randm 30k f\u00e9nye a zene \u00fctem\u00e9re v\u00e1ltozik haszn\u00e1lat k\u00f6zben, fokozva a vaping \u00e9lm\u00e9nyt.<\/p>\n<h2><strong>Milyen \u00edzekben kaphat\u00f3 a 30k Fumot eldobhat\u00f3 vape?<br \/>\n<\/strong><\/h2>\n<p><em><span style=\"color: #000000;\"><strong>1. Ban\u00e1n j\u00e9g: <\/strong><\/span><\/em>\u00c9rett ban\u00e1nok l\u00e1gy kever\u00e9ke friss\u00edt\u0151en jeges befejez\u00e9ssel.<br \/>\n<span style=\"color: #000000;\"><strong><em>2. Fekete j\u00e9g:<\/em> <\/strong><\/span>Mer\u00e9sz feketeribizli h\u0171v\u00f6s mentolos csavarral.<br \/>\n<em><strong><span style=\"color: #000000;\">3. K\u00e9k m\u00e1lna j\u00e9g:<\/span> <\/strong><\/em>\u00c9des \u00e9s fanyar k\u00e9k m\u00e1lna fagyos r\u00fag\u00e1ssal.<br \/>\n<em><strong><span style=\"color: #000000;\">4. \u00c1fonya j\u00e9gen:<\/span><\/strong> <\/em>L\u00e9d\u00fas \u00e1fonya p\u00e1ros\u00edtva egy h\u0171s\u00edt\u0151 mentolos szell\u0151vel.<br \/>\n<em><strong><span style=\"color: #000000;\">5. \u00c1fonya m\u00e1lna:<\/span><\/strong><\/em> \u00c9des \u00e1fonya \u00e9s savanyk\u00e1s m\u00e1lna kellemes kever\u00e9ke.<br \/>\n<em><strong><span style=\"color: #000000;\">6. \u00c1fonya Savany\u00fa M\u00e1lna:<\/span> <\/strong><\/em>\u00c1fonya \u00e9s m\u00e1lna savanyk\u00e1s \u00e9llel.<br \/>\n<em><strong><span style=\"color: #000000;\">7. Cseresznye J\u00e9g:<\/span> <\/strong><\/em>\u00c9des cseresznye friss\u00edt\u0151 jeges \u00e9rint\u00e9ssel.<br \/>\n<em><strong><span style=\"color: #000000;\">8. Cseresznye Cola:<\/span> <\/strong><\/em>Klasszikus k\u00f3la \u00edz cseresznye \u00e1rnyalat\u00e1val.<br \/>\n<em><strong><span style=\"color: #000000;\">9. Cola J\u00e9g:<\/span> <\/strong><\/em>Sz\u00e9nsavas k\u00f3la h\u0171s mentolos befejez\u00e9ssel.<br \/>\n<em><strong><span style=\"color: #000000;\">10. H\u0171s Menta:<\/span><\/strong> <\/em>Friss\u00edt\u0151 \u00e9s \u00fcd\u00edt\u0151 menta \u00edz.<br \/>\n<em><strong><span style=\"color: #000000;\">11. Dupla Alma:<\/span><\/strong> <\/em>\u00c9des \u00e9s savanyk\u00e1s alm\u00e1k kever\u00e9ke.<br \/>\n<em><strong><span style=\"color: #000000;\">12. Dr. Blue:<\/span><\/strong> <\/em>Titokzatos bogy\u00f3s gy\u00fcm\u00f6lcs\u00f6k h\u0171s\u00edt\u0151 befejez\u00e9ssel.<br \/>\n<em><strong><span style=\"color: #000000;\">13. Sz\u0151l\u0151 J\u00e9g:<\/span> <\/strong><\/em>\u00c9des sz\u0151l\u0151 jeges mentolos csavarral.<br \/>\n<em><strong><span style=\"color: #000000;\">14. J\u00e9gkr\u00e9m:<\/span> <\/strong><\/em>Gy\u00fcm\u00f6lcs\u00f6s j\u00e9gkr\u00e9m \u00edzek nosztalgikus kever\u00e9ke.<br \/>\n<em><strong><span style=\"color: #000000;\">15. Kiwi Maracuja Guava:<\/span><\/strong> <\/em>Exotikus kiwi, maracuja \u00e9s guava kever\u00e9ke.<br \/>\n<em><strong><span style=\"color: #000000;\">16. Szeretet 66:<\/span> <\/strong><\/em>Tr\u00f3pusi gy\u00fcm\u00f6lcs\u00f6k egyedi kever\u00e9ke egy csipetnyi mentollal.<br \/>\n<em><strong><span style=\"color: #000000;\">17. Lush Ice:<\/span><\/strong> <\/em>G\u00f6r\u00f6gdinnye friss\u00edt\u0151 jeges befejez\u00e9ssel.<br \/>\n<em><strong><span style=\"color: #000000;\">18. Vegyes Bogy\u00f3k:<\/span><\/strong><\/em> K\u00fcl\u00f6nf\u00e9le bogy\u00f3k egyvelege.<br \/>\n<em><strong><span style=\"color: #000000;\">19. \u0150szibarack Bogy\u00f3:<\/span> <\/strong><\/em>L\u00e9d\u00fas \u0151szibarack bogy\u00f3s csavarral.<br \/>\n<em><strong><span style=\"color: #000000;\">20. \u0150szibarack J\u00e9g:<\/span> <\/strong><\/em>\u00c9des \u0151szibarack h\u0171s mentolos befejez\u00e9ssel.<br \/>\n<em><strong><span style=\"color: #000000;\">21. Barackos Mang\u00f3 Anan\u00e1sz:<\/span><\/strong> <\/em>A barack, mang\u00f3 \u00e9s anan\u00e1sz tr\u00f3pusi kever\u00e9ke.<br \/>\n<em><strong><span style=\"color: #000000;\">22. Anan\u00e1sz J\u00e9g:<\/span> <\/strong><\/em>\u00c9des \u00e9s pik\u00e1ns anan\u00e1sz jeges \u00e9rint\u00e9ssel.<br \/>\n<em><strong><span style=\"color: #000000;\">23. Pink Limon\u00e1d\u00e9:<\/span> <\/strong><\/em>Pik\u00e1ns limon\u00e1d\u00e9 egy csipetnyi bogy\u00f3s gy\u00fcm\u00f6lccsel.<br \/>\n<em><strong><span style=\"color: #000000;\">24. Skittles:<\/span> <\/strong><\/em>Gy\u00fcm\u00f6lcs\u00f6s \u00edzek sziv\u00e1rv\u00e1nya.<br \/>\n<em><strong><span style=\"color: #000000;\">25. Eper Ban\u00e1n:<\/span> <\/strong><\/em>Az \u00e9des eper \u00e9s a kr\u00e9mes ban\u00e1n klasszikus kever\u00e9ke.<br \/>\n<em><strong><span style=\"color: #000000;\">26. Eper Sz\u0151l\u0151:<\/span><\/strong> <\/em>\u00c9des eper l\u00e9d\u00fas sz\u0151l\u0151vel p\u00e1ros\u00edtva.<br \/>\n<em><strong><span style=\"color: #000000;\">27. Eper J\u00e9g:<\/span><\/strong> <\/em>Friss eper h\u0171s mentolos befejez\u00e9ssel.<br \/>\n<em><strong><span style=\"color: #000000;\">28. Eper G\u00f6r\u00f6gdinnye:<\/span> <\/strong><\/em>Az eper \u00e9s a g\u00f6r\u00f6gdinnye friss\u00edt\u0151 kever\u00e9ke.<br \/>\n<em><strong><span style=\"color: #000000;\">29. Tripla Mang\u00f3:<\/span> <\/strong><\/em>Intenz\u00edv mang\u00f3 \u00edz h\u00e1romszoros er\u0151vel.<br \/>\n<em><strong><span style=\"color: #000000;\">30. Vimto:<\/span> <\/strong><\/em>A klasszikus ital \u00e1ltal ihletett vegyes gy\u00fcm\u00f6lcs\u00f6k egyedi kever\u00e9ke.<\/p>\n<div class=\"flex-shrink-0 flex flex-col relative items-end\">\n<div class=\"pt-0\">\n<div class=\"gizmo-bot-avatar flex h-8 w-8 items-center justify-center overflow-hidden rounded-full\">\n<div class=\"relative p-1 rounded-sm flex items-center justify-center bg-token-main-surface-primary text-token-text-primary h-8 w-8\">\n<h2><strong>GYIK:<\/strong><\/h2>\n<h4>K: Mi\u00e9rt v\u00e1lassza a Fumot RANDM Tornado 30000 slukkos eldobhat\u00f3 vape-et?<\/h4>\n<p><span style=\"color: #000000;\"><b>A\uff1a<\/b><\/span>V\u00e1lassza a Fumot RANDM Tornado 30000 slukkot a hosszan tart\u00f3, \u00edzletes \u00e9s probl\u00e9mamentes vaping \u00e9lm\u00e9ny\u00e9rt. T\u00f6k\u00e9letes nagy mennyis\u00e9g\u0171 v\u00e1s\u00e1rl\u00e1shoz.<\/p>\n<h4>K: Mennyi a Fumot eldobhat\u00f3 30k vape minim\u00e1lis rendel\u00e9si mennyis\u00e9ge nagykeresked\u00e9sben?<\/h4>\n<p><span style=\"color: #000000;\"><b>A\uff1a<\/b><\/span>A Fumot 30k Tornado Music eldobhat\u00f3 vape minim\u00e1lis rendel\u00e9si mennyis\u00e9ge 50 db, min\u00e9l t\u00f6bbet rendel, ann\u00e1l jobb \u00e1rat kap.<\/p>\n<h4>K: A kedvezm\u00e9ny n\u00f6vekszik a rendel\u00e9sek sz\u00e1m\u00e1val?<\/h4>\n<p><span style=\"color: #000000;\"><b>A\uff1a<\/b>M\u00e1r nagyon alacsony \u00e1ron k\u00edn\u00e1ljuk a kedvezm\u00e9nyt, de az \u00e1r nem cs\u00f6kken a rendel\u00e9si mennyis\u00e9g n\u00f6veked\u00e9s\u00e9vel. De mindent megtesz\u00fcnk, hogy mint\u00e1t k\u00e9rj\u00fcnk az \u00d6n sz\u00e1m\u00e1ra, v\u00e9g\u00fcl rem\u00e9lj\u00fck, hogy ez j\u00f3 \u00e9lm\u00e9nyt ny\u00fajt \u00d6nnek.<\/span><\/p>\n<h4>K: Nyomon k\u00f6vethet\u0151 a csomag egy\u00e9nileg?<\/h4>\n<p><strong><span style=\"color: #000000;\"><b>A\uff1a<\/b><\/span><\/strong><span style=\"color: #000000;\">Igen, amint a csomagot feladtuk, k\u00fcld\u00fcnk \u00d6nnek egy nyomk\u00f6vet\u00e9si sz\u00e1mot, <\/span><span style=\"color: #000000;\">hogy ellen\u0151rizhesse annak \u00e1llapot\u00e1t. Ezenk\u00edv\u00fcl nyomon k\u00f6vetj\u00fck a csomagot, am\u00edg meg nem kapja, garant\u00e1lva, hogy folyamatosan t\u00e1j\u00e9koztatjuk a folyamat sor\u00e1n.<\/span><\/p>\n<p>egy\u00e9b vape, ami szint\u00e9n tetszhet<br \/>\n<a href=\"https:\/\/vapestornado.com\/hu\/product-category\/30000-puff\/\">30000 Puffos vape<\/a><\/p>\n<\/div>\n<\/div>\n<\/div>\n<\/div>","protected":false},"excerpt":{"rendered":"<p><em><strong>Randm 30k eldobhat\u00f3 zenei vape, amely 30 000 slukkot \u00e9s 30 \u00edzt k\u00edn\u00e1l.\u00a0 <\/strong><\/em><\/p>\n<p><em><strong>2% vagy 5% nikotinszint v\u00e1laszthat\u00f3 a Fumot 30k vape-ekben. Emellett nagy t\u00e9telben \u00e9rt\u00e9kes\u00edt\u00fcnk, \u00e9s a legjobb szolg\u00e1ltat\u00e1st ny\u00fajtjuk.<\/strong><\/em><\/p>\n<figure id=\"attachment_3124\" aria-describedby=\"caption-attachment-3124\" style=\"width: 248px\" class=\"wp-caption alignleft\"><img decoding=\"async\" class=\"size-medium wp-image-3124\" src=\"https:\/\/vapestornado.com\/wp-content\/uploads\/2024\/12\/LYN-whatsapp-248x300.jpg\" alt=\"LYN whatsapp\" width=\"248\" height=\"300\" srcset=\"https:\/\/vapestornado.com\/wp-content\/uploads\/2024\/12\/LYN-whatsapp-248x300.jpg 248w, https:\/\/vapestornado.com\/wp-content\/uploads\/2024\/12\/LYN-whatsapp-846x1024.jpg 846w, https:\/\/vapestornado.com\/wp-content\/uploads\/2024\/12\/LYN-whatsapp-768x930.jpg 768w, https:\/\/vapestornado.com\/wp-content\/uploads\/2024\/12\/LYN-whatsapp-600x726.jpg 600w, https:\/\/vapestornado.com\/wp-content\/uploads\/2024\/12\/LYN-whatsapp.jpg 1046w\" sizes=\"(max-width: 248px) 100vw, 248px\" \/><figcaption id=\"caption-attachment-3124\" class=\"wp-caption-text\"><a href=\"https:\/\/wa.me\/8617840853976\"><em><strong>L\u00e9pjen kapcsolatba Lynnel, hogy t\u00f6bbet megtudjon a slukkokr\u00f3l<\/strong><\/em><\/a><\/figcaption><\/figure>","protected":false},"featured_media":3109,"comment_status":"open","ping_status":"closed","template":"","meta":{"_acf_changed":false,"_uag_custom_page_level_css":"","_lmt_disableupdate":"no","_lmt_disable":"","_monsterinsights_skip_tracking":false,"_monsterinsights_sitenote_active":false,"_monsterinsights_sitenote_note":"","_monsterinsights_sitenote_category":0,"site-sidebar-layout":"default","site-content-layout":"","ast-site-content-layout":"default","site-content-style":"default","site-sidebar-style":"default","ast-global-header-display":"","ast-banner-title-visibility":"","ast-main-header-display":"","ast-hfb-above-header-display":"","ast-hfb-below-header-display":"","ast-hfb-mobile-header-display":"","site-post-title":"","ast-breadcrumbs-content":"","ast-featured-img":"","footer-sml-layout":"","ast-disable-related-posts":"","theme-transparent-header-meta":"default","adv-header-id-meta":"","stick-header-meta":"","header-above-stick-meta":"","header-main-stick-meta":"","header-below-stick-meta":"","astra-migrate-meta-layouts":"set","ast-page-background-enabled":"default","ast-page-background-meta":{"desktop":{"background-color":"","background-image":"","background-repeat":"repeat","background-position":"center center","background-size":"auto","background-attachment":"scroll","background-type":"","background-media":"","overlay-type":"","overlay-color":"","overlay-opacity":"","overlay-gradient":""},"tablet":{"background-color":"","background-image":"","background-repeat":"repeat","background-position":"center center","background-size":"auto","background-attachment":"scroll","background-type":"","background-media":"","overlay-type":"","overlay-color":"","overlay-opacity":"","overlay-gradient":""},"mobile":{"background-color":"","background-image":"","background-repeat":"repeat","background-position":"center center","background-size":"auto","background-attachment":"scroll","background-type":"","background-media":"","overlay-type":"","overlay-color":"","overlay-opacity":"","overlay-gradient":""}},"ast-content-background-meta":{"desktop":{"background-color":"var(--ast-global-color-5)","background-image":"","background-repeat":"repeat","background-position":"center center","background-size":"auto","background-attachment":"scroll","background-type":"","background-media":"","overlay-type":"","overlay-color":"","overlay-opacity":"","overlay-gradient":""},"tablet":{"background-color":"var(--ast-global-color-5)","background-image":"","background-repeat":"repeat","background-position":"center center","background-size":"auto","background-attachment":"scroll","background-type":"","background-media":"","overlay-type":"","overlay-color":"","overlay-opacity":"","overlay-gradient":""},"mobile":{"background-color":"var(--ast-global-color-5)","background-image":"","background-repeat":"repeat","background-position":"center center","background-size":"auto","background-attachment":"scroll","background-type":"","background-media":"","overlay-type":"","overlay-color":"","overlay-opacity":"","overlay-gradient":""}},"_joinchat":{"telephone":"17776015835"}},"product_brand":[],"product_cat":[19,67,58],"product_tag":[83,125,124,126,78,114],"class_list":{"0":"post-3107","1":"product","2":"type-product","3":"status-publish","4":"has-post-thumbnail","6":"product_cat-vapes","7":"product_cat-30000-puff","8":"product_cat-fumot-vape","9":"product_tag-fumot-vape","10":"product_tag-randm-30000","11":"product_tag-randm-tornado-30000","12":"product_tag-randm-tornado-30k","13":"product_tag-randm-vape","14":"product_tag-tornado-vape","15":"desktop-align-left","16":"tablet-align-left","17":"mobile-align-left","19":"first","20":"instock","21":"sale","22":"shipping-taxable","23":"purchasable","24":"product-type-simple"},"acf":[],"uagb_featured_image_src":{"full":["https:\/\/vapestornado.com\/wp-content\/uploads\/2024\/12\/Randm-disposable-vape-30k-puffs.jpg",800,800,false],"thumbnail":["https:\/\/vapestornado.com\/wp-content\/uploads\/2024\/12\/Randm-disposable-vape-30k-puffs-150x150.jpg",150,150,true],"medium":["https:\/\/vapestornado.com\/wp-content\/uploads\/2024\/12\/Randm-disposable-vape-30k-puffs-300x300.jpg",300,300,true],"medium_large":["https:\/\/vapestornado.com\/wp-content\/uploads\/2024\/12\/Randm-disposable-vape-30k-puffs-768x768.jpg",768,768,true],"large":["https:\/\/vapestornado.com\/wp-content\/uploads\/2024\/12\/Randm-disposable-vape-30k-puffs.jpg",800,800,false],"1536x1536":["https:\/\/vapestornado.com\/wp-content\/uploads\/2024\/12\/Randm-disposable-vape-30k-puffs.jpg",800,800,false],"2048x2048":["https:\/\/vapestornado.com\/wp-content\/uploads\/2024\/12\/Randm-disposable-vape-30k-puffs.jpg",800,800,false],"trp-custom-language-flag":["https:\/\/vapestornado.com\/wp-content\/uploads\/2024\/12\/Randm-disposable-vape-30k-puffs.jpg",12,12,false],"woocommerce_thumbnail":["https:\/\/vapestornado.com\/wp-content\/uploads\/2024\/12\/Randm-disposable-vape-30k-puffs-300x300.jpg",300,300,true],"woocommerce_single":["https:\/\/vapestornado.com\/wp-content\/uploads\/2024\/12\/Randm-disposable-vape-30k-puffs-600x600.jpg",600,600,true],"woocommerce_gallery_thumbnail":["https:\/\/vapestornado.com\/wp-content\/uploads\/2024\/12\/Randm-disposable-vape-30k-puffs-100x100.jpg",100,100,true]},"uagb_author_info":{"display_name":"ESLYN","author_link":"https:\/\/vapestornado.com\/hu\/author\/"},"uagb_comment_info":0,"uagb_excerpt":"Randm 30k disaposable music vape that can offer 30,000 puffs and 30 flavors to choose.\u00a0 We have 2% or 5% Nicotine level can be choose in Fumot 30k vapes. Beside,we are sale Bulk price and have best service. [caption id=\"attachment_3124\" align=\"alignleft\" width=\"248\"] Contact Lyn to know more about puffs[\/caption]","_links":{"self":[{"href":"https:\/\/vapestornado.com\/hu\/wp-json\/wp\/v2\/product\/3107","targetHints":{"allow":["GET"]}}],"collection":[{"href":"https:\/\/vapestornado.com\/hu\/wp-json\/wp\/v2\/product"}],"about":[{"href":"https:\/\/vapestornado.com\/hu\/wp-json\/wp\/v2\/types\/product"}],"replies":[{"embeddable":true,"href":"https:\/\/vapestornado.com\/hu\/wp-json\/wp\/v2\/comments?post=3107"}],"wp:featuredmedia":[{"embeddable":true,"href":"https:\/\/vapestornado.com\/hu\/wp-json\/wp\/v2\/media\/3109"}],"wp:attachment":[{"href":"https:\/\/vapestornado.com\/hu\/wp-json\/wp\/v2\/media?parent=3107"}],"wp:term":[{"taxonomy":"product_brand","embeddable":true,"href":"https:\/\/vapestornado.com\/hu\/wp-json\/wp\/v2\/product_brand?post=3107"},{"taxonomy":"product_cat","embeddable":true,"href":"https:\/\/vapestornado.com\/hu\/wp-json\/wp\/v2\/product_cat?post=3107"},{"taxonomy":"product_tag","embeddable":true,"href":"https:\/\/vapestornado.com\/hu\/wp-json\/wp\/v2\/product_tag?post=3107"}],"curies":[{"name":"wp","href":"https:\/\/api.w.org\/{rel}","templated":true}]}}