{"id":3103,"date":"2024-12-12T09:36:42","date_gmt":"2024-12-12T09:36:42","guid":{"rendered":"https:\/\/vapestornado.com\/?post_type=product&#038;p=3103"},"modified":"2025-08-23T11:16:54","modified_gmt":"2025-08-23T11:16:54","slug":"randm-tornado-7k-puffs-hot-sale-rechargeable-vape","status":"publish","type":"product","link":"https:\/\/vapestornado.com\/hu\/product\/randm-tornado-7k-puffs-hot-sale-rechargeable-vape\/","title":{"rendered":"Randm Tornado 7k Puffs Forr\u00f3 Akci\u00f3s \u00dajrat\u00f6lthet\u0151 Vape"},"content":{"rendered":"<h1>Randm Tornado 7k Puffs Forr\u00f3 Akci\u00f3s \u00dajrat\u00f6lthet\u0151 Vape<\/h1>\n<p>&nbsp;<\/p>\n<div role=\"article\" data-tabster=\"{&quot;groupper&quot;:{&quot;tabbability&quot;:2},&quot;focusable&quot;:{}}\" data-content=\"ai-message\" aria-labelledby=\"64JRvXrTnY7mRmPkEQLLT-author 64JRvXrTnY7mRmPkEQLLT-content\">\n<div id=\"64JRvXrTnY7mRmPkEQLLT-content\">\n<p>Emelje magasabb szintre a g\u0151z\u00f6l\u00e9si \u00e9lm\u00e9ny\u00e9t a Randm Tornado 7000 Puffs el\u0151re t\u00f6lt\u00f6tt, \u00fajrat\u00f6lthet\u0151 vape-el, amely a luxus \u00e9s a teljes\u00edtm\u00e9ny cs\u00facsa. Ez a cs\u00facskateg\u00f3ri\u00e1s k\u00e9sz\u00fcl\u00e9k figyelemre m\u00e9lt\u00f3, 15 ml-es tart\u00e1lykapacit\u00e1ssal b\u00fcszk\u00e9lkedhet, amely hosszan tart\u00f3 g\u0151z\u00f6l\u00e9si \u00e9lvezetet biztos\u00edt az \u00e1lland\u00f3 ut\u00e1nt\u00f6lt\u00e9s sz\u00fcks\u00e9gess\u00e9ge n\u00e9lk\u00fcl. A robusztus, 850 mAh-s akkumul\u00e1tor z\u00f6kken\u0151mentes, megszak\u00edt\u00e1s n\u00e9lk\u00fcli haszn\u00e1latot garant\u00e1l, \u00edgy otthon vagy \u00fatk\u00f6zben is megb\u00edzhat\u00f3 t\u00e1rs.<\/p>\n<p>A RandM Vape Tornado 7000 egyik kiemelked\u0151 tulajdons\u00e1ga az e-liquidekkel val\u00f3 sokoldal\u00fas\u00e1ga. Ez lehet\u0151v\u00e9 teszi, hogy \u00edzek sz\u00e9les sk\u00e1l\u00e1j\u00e1t fedezze fel, a friss\u00edt\u0151 gy\u00fcm\u00f6lcs\u00f6s kever\u00e9kekt\u0151l a gazdag, kiel\u00e9g\u00edt\u0151 doh\u00e1nyig. Szabja szem\u00e9lyre a g\u0151z\u00f6l\u00e9si utaz\u00e1s\u00e1t a kifinomult \u00edzl\u00e9s\u00e9nek megfelel\u0151en, biztos\u00edtva, hogy minden slukk egyedi \u00e9lm\u00e9ny legyen.<\/p>\n<p>A RandM Tornado 7k puffs-ba be\u00e1gyazott fejlett h\u00e1l\u00f3s tekercs technol\u00f3gia maximaliz\u00e1lja az \u00edz- \u00e9s g\u0151ztermel\u00e9st, minden bel\u00e9gz\u00e9st remek \u00edz\u00e9rz\u00e9kel\u00e9ss\u00e9 alak\u00edtva. Felhaszn\u00e1l\u00f3bar\u00e1t kialak\u00edt\u00e1sa, kieg\u00e9sz\u00edtve a k\u00e9nyelmes USB-C t\u00f6lt\u0151rendszerrel, ugyanolyan praktikuss\u00e1 teszi ezt a k\u00e9sz\u00fcl\u00e9ket, mint amilyen er\u0151s.<\/p>\n<p>Azok sz\u00e1m\u00e1ra, akik a legjobb min\u0151s\u00e9get \u00e9s teljes\u00edtm\u00e9nyt ig\u00e9nylik, a RandM Tornado 7000 eldobhat\u00f3 vape a legjobb v\u00e1laszt\u00e1s. A kiv\u00e1l\u00f3 fel\u00e9p\u00edt\u00e9s, az innovat\u00edv funkci\u00f3k \u00e9s az \u00edz sokoldal\u00fas\u00e1g\u00e1nak kever\u00e9ke \u00faj m\u00e9rc\u00e9t \u00e1ll\u00edt a luxus g\u0151z\u00f6l\u00e9sben. Tapasztalja meg a k\u00fcl\u00f6nbs\u00e9get egy olyan eszk\u00f6zzel, amelyet a finomabb dolgokat \u00e9rt\u00e9kel\u0151 \u00ednyencek sz\u00e1m\u00e1ra terveztek.<\/p>\n<\/div>\n<\/div>\n<p>&nbsp;<\/p>\n<p><img fetchpriority=\"high\" decoding=\"async\" class=\"wp-image-2951\" src=\"https:\/\/vapestornado.com\/wp-content\/uploads\/2024\/12\/Wholesale-Disposable-Vape-265x300.jpg\" alt=\"Nagykereskedelmi eldobhat\u00f3 Vape\" width=\"295\" height=\"334\" srcset=\"https:\/\/vapestornado.com\/wp-content\/uploads\/2024\/12\/Wholesale-Disposable-Vape-265x300.jpg 265w, https:\/\/vapestornado.com\/wp-content\/uploads\/2024\/12\/Wholesale-Disposable-Vape-768x871.jpg 768w, https:\/\/vapestornado.com\/wp-content\/uploads\/2024\/12\/Wholesale-Disposable-Vape-600x680.jpg 600w, https:\/\/vapestornado.com\/wp-content\/uploads\/2024\/12\/Wholesale-Disposable-Vape.jpg 823w\" sizes=\"(max-width: 295px) 100vw, 295px\" \/><\/p>\n<h6>K\u00e9rj\u00fck, vegye fel a kapcsolatot Mandy WhatsApp-j\u00e1val a kedvezm\u00e9nyes \u00e1r\u00e9rt<a href=\"https:\/\/wa.me\/8618077105796\" target=\"_blank\" rel=\"noopener\">+8618077105796<\/a><\/h6>\n<h2><strong>Randm Vape 7000 Puffs \u2013 F\u0151bb specifik\u00e1ci\u00f3k<\/strong><\/h2>\n<ul>\n<li><strong>Akkumul\u00e1tor kapacit\u00e1sa<\/strong>: 850 mAh a hosszabb g\u0151z\u00f6l\u00e9shez.<\/li>\n<li><strong>E-liquid \u0171rtartalom<\/strong>: A 15 ml-es tart\u00e1ly hosszan tart\u00f3 \u00edzt \u00e9s el\u00e9gedetts\u00e9get biztos\u00edt.<\/li>\n<li><strong>F\u00faj\u00e1sok sz\u00e1ma<\/strong>: Ak\u00e1r 7000 f\u00faj\u00e1s a hossz\u00fa t\u00e1v\u00fa haszn\u00e1lathoz.<\/li>\n<li><strong>T\u00f6lt\u00e9s<\/strong>: USB-C porttal felszerelve a gyors \u00e9s k\u00e9nyelmes \u00fajrat\u00f6lt\u00e9s \u00e9rdek\u00e9ben.<\/li>\n<li><strong>Tekercs t\u00edpusa<\/strong>: Fejlett h\u00e1l\u00f3s tekercs a sim\u00e1bb \u00e9s \u00edzesebb g\u0151z\u00e9rt.<\/li>\n<li><strong>Vil\u00e1g\u00edt\u00e1si funkci\u00f3<\/strong>: Az RGB tart\u00e1lyvil\u00e1g\u00edt\u00e1s st\u00edlusos \u00e9s dinamikus vizu\u00e1lis elemet ad.<\/li>\n<\/ul>\n<h2><strong>Tornado Vape Randm 7k Puffs \u00edzlista:<\/strong><\/h2>\n<p>1 H\u0171s\u00edt\u0151 menta<br \/>\n2 Lush J\u00e9g<br \/>\n3 Mandarinos J\u00e9g<br \/>\n4 Eper F\u00e1nk<br \/>\n5 Gumimaci<br \/>\n6 \u00c1fony\u00e1s j\u00e9g<br \/>\n7 Mang\u00f3 j\u00e9ggel<br \/>\n8 Barack j\u00e9g<br \/>\n9 Ban\u00e1n j\u00e9g<br \/>\n10 Sz\u0151l\u0151 j\u00e9g<br \/>\n11 R\u00f3zsasz\u00edn Limon\u00e1d\u00e9<br \/>\n12 Pina Colada Rum<br \/>\n13 Vegyes Bogy\u00f3k<br \/>\n14 Ban\u00e1n turmix<br \/>\n15 Epres g\u00f6r\u00f6gdinnye<br \/>\n16 Piros alma citrom<br \/>\n17 Anan\u00e1sz J\u00e9g<br \/>\n18 Cukorka<br \/>\n19 Eper Ban\u00e1n<br \/>\n20 Eper J\u00e9g<br \/>\n21 Eper Kiwi<br \/>\n22. Piros Energia J\u00e9g<br \/>\n23. K\u00e9k M\u00e1lna Limon\u00e1d\u00e9<br \/>\n24. Piros Alma J\u00e9g<br \/>\n25. Bogy\u00f3s Gy\u00fcm\u00f6lcs Limon\u00e1d\u00e9<br \/>\n26. \u00c1fonya R\u00e1g\u00f3gumi<br \/>\n27. K\u00e9k Savany\u00fa M\u00e1lna<br \/>\n28. Dr. Blue<br \/>\n29. Alma \u0150szibarack K\u00f6rte<br \/>\n30. \u00c1fonya Gr\u00e1n\u00e1talma<br \/>\n31. Vimto<br \/>\n32. Kiwi Maracuja Guava<br \/>\n33. Cola J\u00e9g<br \/>\n34. Savany\u00fa Alma<br \/>\n35. Feketeribizli Mentol<br \/>\n36. Tigris V\u00e9r<br \/>\n37. Barackvir\u00e1g \u00c1fonya Cukorka<br \/>\n38. Barack Mang\u00f3<br \/>\n39. Eper Red Bull<br \/>\n40. Feketeribizli J\u00e9g<br \/>\n41. Eper G\u00f6r\u00f6gdinnyelemon\u00e1d\u00e9<br \/>\n42. Cseresznye<br \/>\n43. K\u00e9k M\u00e1lna Cseresznye<br \/>\n44. Skittles<br \/>\n45. \u00c1fonya M\u00e1lna<br \/>\n46. Eper Sz\u0151l\u0151<br \/>\n47. \u00c1fonya Cseresznye T\u0151zeg\u00e1fonya<br \/>\n48. Alma Bogy\u00f3s Gy\u00fcm\u00f6lcs\u00f6k Robban\u00e1s<br \/>\n49. Cseresznye Cola<br \/>\n50. Citrom<br \/>\n51. R\u00f3zsasz\u00edn Robban\u00e1s<br \/>\n52. Csendes-\u00f3ce\u00e1ni H\u0171t\u0151<br \/>\n53. J\u00e9gkr\u00e9m<br \/>\n54. Bingo Crush<br \/>\n55.Vimto Z\u00faz\u00e1s<br \/>\n56.Doh\u00e1ny<\/p>\n<div role=\"article\" data-tabster=\"{&quot;groupper&quot;:{&quot;tabbability&quot;:2},&quot;focusable&quot;:{}}\" data-content=\"ai-message\" aria-labelledby=\"dARUyEWDoEYhnSPXFwx5A-author dARUyEWDoEYhnSPXFwx5A-content\">\n<div id=\"dARUyEWDoEYhnSPXFwx5A-content\">\n<h2>Mi\u00e9rt v\u00e1lassza a RandM Tornado 7000 Puffs Vape-et? <a href=\"https:\/\/vapestornado.com\/hu\/store\/\">vapestornado.hu<\/a>?<\/h2>\n<p><strong>1. Kiv\u00e1l\u00f3 tart\u00e1lykapacit\u00e1s<\/strong>: A RandM Tornado 7000 Puffs Vape kiemelked\u0151, 15 ml-es tart\u00e1lykapacit\u00e1ssal rendelkezik, amely hosszan tart\u00f3 g\u0151z\u00f6l\u00e9st biztos\u00edt az \u00e1lland\u00f3 ut\u00e1nt\u00f6lt\u00e9s sz\u00fcks\u00e9gess\u00e9ge n\u00e9lk\u00fcl. T\u00f6k\u00e9letes a hossz\u00fa napokra \u00e9s a zavartalan \u00e9lvezethez.<\/p>\n<p><strong>2. Robusztus akkumul\u00e1tor teljes\u00edtm\u00e9ny<\/strong>: A 850 mAh-s \u00fajrat\u00f6lthet\u0151 akkumul\u00e1torral felszerelt k\u00e9sz\u00fcl\u00e9k folyamatos \u00e9s megb\u00edzhat\u00f3 teljes\u00edtm\u00e9nyt garant\u00e1l, \u00edgy soha nem marad le semmir\u0151l, ak\u00e1r otthon, ak\u00e1r \u00fatk\u00f6zben.<\/p>\n<p><strong>3. Sokoldal\u00fa \u00edzvil\u00e1g<\/strong>: K\u00fcl\u00f6nf\u00e9le e-liquidekkel kompatibilis, a RandM Tornado 7000 lehet\u0151v\u00e9 teszi a g\u0151z\u00f6l\u00e9si \u00e9lm\u00e9ny testreszab\u00e1s\u00e1t. A friss gy\u00fcm\u00f6lcskever\u00e9kekt\u0151l a gazdag doh\u00e1ny\u00edzekig a lehet\u0151s\u00e9gei korl\u00e1tlanok.<\/p>\n<p><strong>4. Fejlett h\u00e1l\u00f3s tekercs technol\u00f3gia<\/strong>: Az innovat\u00edv h\u00e1l\u00f3s tekercs technol\u00f3gia optim\u00e1lis \u00edzkifejleszt\u00e9st \u00e9s g\u0151ztermel\u00e9st biztos\u00edt, minden slukkot kiv\u00e1l\u00f3 \u00edz\u00e9rz\u00e9kel\u00e9ss\u00e9 var\u00e1zsolva. Tapasztalja meg az \u00edzintenzit\u00e1s cs\u00facs\u00e1t minden bel\u00e9gz\u00e9ssel.<\/p>\n<p><strong>5. Felhaszn\u00e1l\u00f3bar\u00e1t kialak\u00edt\u00e1s<\/strong>: Az egyszer\u0171 ut\u00e1nt\u00f6lthet\u0151s\u00e9gnek \u00e9s a praktikus USB-C t\u00f6lt\u0151rendszernek k\u00f6sz\u00f6nhet\u0151en a RandM Tornado 7000 a k\u00e9nyelemre \u00e9s a hat\u00e9konys\u00e1gra lett tervezve. Nemcsak er\u0151teljes, hanem hihetetlen\u00fcl k\u00f6nnyen is haszn\u00e1lhat\u00f3.<\/p>\n<p>V\u00e1lassza a RandM Tornado 7000 Puffs Vape Pod-ot a k\u00f6vetkez\u0151 helyr\u0151l: <a href=\"https:\/\/vapestornado.com\/hu\/store\/\">vapestornado.hu<\/a> a luxust, teljes\u00edtm\u00e9nyt \u00e9s sokoldal\u00fas\u00e1got \u00f6tv\u00f6z\u0151 g\u0151z\u00f6l\u00e9si \u00e9lm\u00e9ny\u00e9rt.<\/p>\n<\/div>\n<\/div>\n<h2>GYIK a RandM Tornado 7000 Puffs \u00fajrat\u00f6lthet\u0151 g\u0151z\u00f6l\u0151r\u0151l<\/h2>\n<p><strong>K: H\u00e1ny slukkot v\u00e1rhatok a RandM Tornado 7000-t\u0151l?<\/strong><\/p>\n<p><strong>A:<\/strong> A RandM Tornado 7000 hozz\u00e1vet\u0151legesen 7000 slukkot k\u00edn\u00e1l k\u00e9sz\u00fcl\u00e9kenk\u00e9nt, ami hosszan tart\u00f3 g\u0151z\u00f6l\u00e9si \u00e9lm\u00e9nyt biztos\u00edt.<\/p>\n<p><strong>K: Mekkora a RandM Tornado 7000 akkumul\u00e1tor kapacit\u00e1sa?<\/strong><\/p>\n<p><strong>A:<\/strong> A RandM Tornado 7000 egy 850 mAh-s \u00fajrat\u00f6lthet\u0151 akkumul\u00e1torral van felszerelve, amely \u00e1lland\u00f3 teljes\u00edtm\u00e9nyt \u00e9s megb\u00edzhat\u00f3s\u00e1got biztos\u00edt.<\/p>\n<p><strong>K: Hogyan t\u00f6lthetem fel a RandM Tornado 7000 puff g\u0151z\u00f6l\u0151t?<\/strong><\/p>\n<p><strong>A:<\/strong> A k\u00e9sz\u00fcl\u00e9k USB-C t\u00f6lt\u0151porttal rendelkezik, ami megk\u00f6nny\u00edti a t\u00f6lt\u00e9st. Egyszer\u0171en csatlakoztassa a k\u00e9sz\u00fcl\u00e9ket egy kompatibilis t\u00f6lt\u0151h\u00f6z, \u00e9s t\u00f6ltse fel, amikor sz\u00fcks\u00e9ges.<\/p>\n<p><strong>K: Mekkora az e-liquid kapacit\u00e1sa a RandM Tornado 7000 g\u0151z\u00f6l\u0151nek?<\/strong><\/p>\n<p><strong>A:<\/strong> A RandM Tornado 7k puff tart\u00e1lykapacit\u00e1sa 15 ml, ami meghosszabb\u00edtott haszn\u00e1latot tesz lehet\u0151v\u00e9 an\u00e9lk\u00fcl, hogy gyakran kellene ut\u00e1nt\u00f6lteni.<\/p>\n<p>&nbsp;<\/p>","protected":false},"excerpt":{"rendered":"<p><strong>Szerezze be a Randm Tornado 7000 Puffs-ot kedvezm\u00e9nyes \u00e1ron m\u00e9g ma<\/strong><\/p>\n<p><strong>Megfizethet\u0151 nagykereskedelmi \u00e1r a Randm Tornado 7000 Puffs Vapes-re<\/strong><\/p>\n<p><strong>V\u00e1s\u00e1roljon Randm Tornado 7000 Puff Vape-et t\u00f6megesen a maxim\u00e1lis megtakar\u00edt\u00e1s \u00e9rdek\u00e9ben<\/strong><\/p>\n<figure id=\"attachment_2951\" aria-describedby=\"caption-attachment-2951\" style=\"width: 265px\" class=\"wp-caption alignnone\"><img decoding=\"async\" class=\"size-medium wp-image-2951\" src=\"https:\/\/vapestornado.com\/wp-content\/uploads\/2024\/12\/Wholesale-Disposable-Vape-265x300.jpg\" alt=\"Nagykereskedelmi eldobhat\u00f3 Vape\" width=\"265\" height=\"300\" srcset=\"https:\/\/vapestornado.com\/wp-content\/uploads\/2024\/12\/Wholesale-Disposable-Vape-265x300.jpg 265w, https:\/\/vapestornado.com\/wp-content\/uploads\/2024\/12\/Wholesale-Disposable-Vape-768x871.jpg 768w, https:\/\/vapestornado.com\/wp-content\/uploads\/2024\/12\/Wholesale-Disposable-Vape-600x680.jpg 600w, https:\/\/vapestornado.com\/wp-content\/uploads\/2024\/12\/Wholesale-Disposable-Vape.jpg 823w\" sizes=\"(max-width: 265px) 100vw, 265px\" \/><figcaption id=\"caption-attachment-2951\" class=\"wp-caption-text\">K\u00e9rj\u00fck, vegye fel a kapcsolatot Mandy WhatsApp-j\u00e1val a kedvezm\u00e9nyes \u00e1r\u00e9rt\u00a0 <a href=\"https:\/\/wa.me\/8618077105796\">+8618077105796<\/a><\/figcaption><\/figure>\n<p>&nbsp;<\/p>","protected":false},"featured_media":3117,"comment_status":"open","ping_status":"closed","template":"","meta":{"_acf_changed":false,"_uag_custom_page_level_css":"","_lmt_disableupdate":"no","_lmt_disable":"","_monsterinsights_skip_tracking":false,"_monsterinsights_sitenote_active":false,"_monsterinsights_sitenote_note":"","_monsterinsights_sitenote_category":0,"site-sidebar-layout":"default","site-content-layout":"","ast-site-content-layout":"default","site-content-style":"default","site-sidebar-style":"default","ast-global-header-display":"","ast-banner-title-visibility":"","ast-main-header-display":"","ast-hfb-above-header-display":"","ast-hfb-below-header-display":"","ast-hfb-mobile-header-display":"","site-post-title":"","ast-breadcrumbs-content":"","ast-featured-img":"","footer-sml-layout":"","ast-disable-related-posts":"","theme-transparent-header-meta":"default","adv-header-id-meta":"","stick-header-meta":"","header-above-stick-meta":"","header-main-stick-meta":"","header-below-stick-meta":"","astra-migrate-meta-layouts":"set","ast-page-background-enabled":"default","ast-page-background-meta":{"desktop":{"background-color":"","background-image":"","background-repeat":"repeat","background-position":"center center","background-size":"auto","background-attachment":"scroll","background-type":"","background-media":"","overlay-type":"","overlay-color":"","overlay-opacity":"","overlay-gradient":""},"tablet":{"background-color":"","background-image":"","background-repeat":"repeat","background-position":"center center","background-size":"auto","background-attachment":"scroll","background-type":"","background-media":"","overlay-type":"","overlay-color":"","overlay-opacity":"","overlay-gradient":""},"mobile":{"background-color":"","background-image":"","background-repeat":"repeat","background-position":"center center","background-size":"auto","background-attachment":"scroll","background-type":"","background-media":"","overlay-type":"","overlay-color":"","overlay-opacity":"","overlay-gradient":""}},"ast-content-background-meta":{"desktop":{"background-color":"var(--ast-global-color-5)","background-image":"","background-repeat":"repeat","background-position":"center center","background-size":"auto","background-attachment":"scroll","background-type":"","background-media":"","overlay-type":"","overlay-color":"","overlay-opacity":"","overlay-gradient":""},"tablet":{"background-color":"var(--ast-global-color-5)","background-image":"","background-repeat":"repeat","background-position":"center center","background-size":"auto","background-attachment":"scroll","background-type":"","background-media":"","overlay-type":"","overlay-color":"","overlay-opacity":"","overlay-gradient":""},"mobile":{"background-color":"var(--ast-global-color-5)","background-image":"","background-repeat":"repeat","background-position":"center center","background-size":"auto","background-attachment":"scroll","background-type":"","background-media":"","overlay-type":"","overlay-color":"","overlay-opacity":"","overlay-gradient":""}},"_joinchat":{"telephone":"+8618077105796"}},"product_brand":[],"product_cat":[58,74,153,154,148],"product_tag":[97,127],"class_list":{"0":"post-3103","1":"product","2":"type-product","3":"status-publish","4":"has-post-thumbnail","6":"product_cat-fumot-vape","7":"product_cat-7000-puff","8":"product_cat-buy-disposable-vapes-in-italy","9":"product_cat-buy-disposable-vapes-in-netherlands","10":"product_cat-tornado-disposable-vapes","11":"product_tag-hot-sale-disposable-vape","12":"product_tag-randm-tornado-7000","13":"desktop-align-left","14":"tablet-align-left","15":"mobile-align-left","17":"first","18":"instock","19":"sale","20":"shipping-taxable","21":"purchasable","22":"product-type-simple"},"acf":[],"uagb_featured_image_src":{"full":["https:\/\/vapestornado.com\/wp-content\/uploads\/2024\/12\/Randm-7000-Puff-Strawberry-Watermelon-Lemonade.jpg",800,800,false],"thumbnail":["https:\/\/vapestornado.com\/wp-content\/uploads\/2024\/12\/Randm-7000-Puff-Strawberry-Watermelon-Lemonade-150x150.jpg",150,150,true],"medium":["https:\/\/vapestornado.com\/wp-content\/uploads\/2024\/12\/Randm-7000-Puff-Strawberry-Watermelon-Lemonade-300x300.jpg",300,300,true],"medium_large":["https:\/\/vapestornado.com\/wp-content\/uploads\/2024\/12\/Randm-7000-Puff-Strawberry-Watermelon-Lemonade-768x768.jpg",768,768,true],"large":["https:\/\/vapestornado.com\/wp-content\/uploads\/2024\/12\/Randm-7000-Puff-Strawberry-Watermelon-Lemonade.jpg",800,800,false],"1536x1536":["https:\/\/vapestornado.com\/wp-content\/uploads\/2024\/12\/Randm-7000-Puff-Strawberry-Watermelon-Lemonade.jpg",800,800,false],"2048x2048":["https:\/\/vapestornado.com\/wp-content\/uploads\/2024\/12\/Randm-7000-Puff-Strawberry-Watermelon-Lemonade.jpg",800,800,false],"trp-custom-language-flag":["https:\/\/vapestornado.com\/wp-content\/uploads\/2024\/12\/Randm-7000-Puff-Strawberry-Watermelon-Lemonade.jpg",12,12,false],"woocommerce_thumbnail":["https:\/\/vapestornado.com\/wp-content\/uploads\/2024\/12\/Randm-7000-Puff-Strawberry-Watermelon-Lemonade-300x300.jpg",300,300,true],"woocommerce_single":["https:\/\/vapestornado.com\/wp-content\/uploads\/2024\/12\/Randm-7000-Puff-Strawberry-Watermelon-Lemonade-600x600.jpg",600,600,true],"woocommerce_gallery_thumbnail":["https:\/\/vapestornado.com\/wp-content\/uploads\/2024\/12\/Randm-7000-Puff-Strawberry-Watermelon-Lemonade-100x100.jpg",100,100,true]},"uagb_author_info":{"display_name":"ESMANDY","author_link":"https:\/\/vapestornado.com\/hu\/author\/"},"uagb_comment_info":0,"uagb_excerpt":"Grab Randm Tornado 7000 Puffs at a Discount Price Today Affordable Wholesale Price for Randm Tornado 7000 Puffs Vapes Bulk Buy Randm Tornado 7000 Puff Vape for Maximum Savings [caption id=\"attachment_2951\" align=\"alignnone\" width=\"265\"] Pls Contact Mandy's WhatsApp For Discount Price\u00a0 +8618077105796[\/caption] &nbsp;","_links":{"self":[{"href":"https:\/\/vapestornado.com\/hu\/wp-json\/wp\/v2\/product\/3103","targetHints":{"allow":["GET"]}}],"collection":[{"href":"https:\/\/vapestornado.com\/hu\/wp-json\/wp\/v2\/product"}],"about":[{"href":"https:\/\/vapestornado.com\/hu\/wp-json\/wp\/v2\/types\/product"}],"replies":[{"embeddable":true,"href":"https:\/\/vapestornado.com\/hu\/wp-json\/wp\/v2\/comments?post=3103"}],"wp:featuredmedia":[{"embeddable":true,"href":"https:\/\/vapestornado.com\/hu\/wp-json\/wp\/v2\/media\/3117"}],"wp:attachment":[{"href":"https:\/\/vapestornado.com\/hu\/wp-json\/wp\/v2\/media?parent=3103"}],"wp:term":[{"taxonomy":"product_brand","embeddable":true,"href":"https:\/\/vapestornado.com\/hu\/wp-json\/wp\/v2\/product_brand?post=3103"},{"taxonomy":"product_cat","embeddable":true,"href":"https:\/\/vapestornado.com\/hu\/wp-json\/wp\/v2\/product_cat?post=3103"},{"taxonomy":"product_tag","embeddable":true,"href":"https:\/\/vapestornado.com\/hu\/wp-json\/wp\/v2\/product_tag?post=3103"}],"curies":[{"name":"wp","href":"https:\/\/api.w.org\/{rel}","templated":true}]}}