{"id":3100,"date":"2024-12-12T09:05:17","date_gmt":"2024-12-12T09:05:17","guid":{"rendered":"https:\/\/vapestornado.com\/?post_type=product&#038;p=3100"},"modified":"2025-12-05T09:03:35","modified_gmt":"2025-12-05T09:03:35","slug":"tornado-vape-uwin-35000-puff-35k-music-wholesale-price","status":"publish","type":"product","link":"https:\/\/vapestornado.com\/hu\/product\/tornado-vape-uwin-35000-puff-35k-music-wholesale-price\/","title":{"rendered":"Tornado Vape UWIN 35000 Puff 35k Zen\u00e9s Nagykereskedelmi \u00c1ron"},"content":{"rendered":"<h1 class=\"product-title\">Tornado Vape UWIN 35000 Puff 35k Zen\u00e9s Nagykereskedelmi \u00c1ron<\/h1>\n<p data-start=\"257\" data-end=\"514\">Tornado Vape UWIN 35000 szippant\u00e1s magas fut\u00e1s\u00fa \u00fajrat\u00f6lthet\u0151 eldobhat\u00f3, t\u00f6bb mint 30 000 szippant\u00e1ssal, 0\u20135% nikotinszintekkel, 600mAh t\u00edpus-C akkumul\u00e1torral, 1.0\u03a9 h\u00e1l\u00f3tekercs \u00edzstabilit\u00e1ssal \u00e9s zen\u00e9hez szinkroniz\u00e1lt RGB f\u00e9nyekkel k\u00f6nny\u0171 testben.<\/p>\n<p data-start=\"674\" data-end=\"1020\"><strong data-start=\"674\" data-end=\"724\">Hossz\u00fa fut\u00e1si kapacit\u00e1s folyamatos \u00fajrat\u00f6lt\u00e9s n\u00e9lk\u00fcl.<\/strong><br data-start=\"724\" data-end=\"727\" \/>UWIN Tornado 35000 olyan emberek sz\u00e1m\u00e1ra k\u00e9sz\u00fclt, akik naponta vape-elnek, \u00e9s nem akarnak mindig kis eldobhat\u00f3kat v\u00e1s\u00e1rolni. A k\u00e9sz\u00fcl\u00e9k megfelel <strong data-start=\"854\" data-end=\"871\">30 000+ szippant\u00e1snak<\/strong> a legt\u00f6bb list\u00e1z\u00e1sban, \u00edgy hat\u00e1rozottan a nagy kapacit\u00e1s\u00fa kateg\u00f3ri\u00e1ba tartozik. Rendszeres felhaszn\u00e1l\u00f3k sz\u00e1m\u00e1ra ez kevesebb cser\u00e9t jelent egy h\u00f3nap alatt, \u00e9s stabilabb rutint.<\/p>\n<p data-start=\"1022\" data-end=\"1342\"><strong data-start=\"1022\" data-end=\"1070\">Nikotin szintek, amelyek megfelelnek k\u00fcl\u00f6nb\u00f6z\u0151 szok\u00e1soknak.<\/strong><br data-start=\"1070\" data-end=\"1073\" \/>A Tornado sorozatban megtal\u00e1lhat\u00f3 <strong data-start=\"1099\" data-end=\"1130\">0%, 2%, 3% \u00e9s 5% nikotin<\/strong>. Zero-nic csak az \u00edzre koncentr\u00e1l\u00f3 felhaszn\u00e1l\u00f3knak val\u00f3, 2\u20133% k\u00f6nnyebb napi fogyaszt\u00e1shoz, \u00e9s 5% er\u0151sebb hat\u00e1st ny\u00fajt azoknak, akik leszoknak a cigarett\u00e1r\u00f3l. Egy modell sz\u00e9les sk\u00e1l\u00e1t fed le an\u00e9lk\u00fcl, hogy egyetlen er\u0151ss\u00e9ghez k\u00f6tne mindenkit.<\/p>\n<p data-start=\"1344\" data-end=\"1601\"><strong data-start=\"1344\" data-end=\"1399\">\u00dajrat\u00f6lthet\u0151 akkumul\u00e1tor, amely lehet\u0151v\u00e9 teszi a tank befejez\u00e9s\u00e9t.<\/strong><br data-start=\"1399\" data-end=\"1402\" \/>A <strong data-start=\"1404\" data-end=\"1422\">600mAh akkumul\u00e1tor<\/strong> t\u00e1pl\u00e1lja a k\u00e9sz\u00fcl\u00e9ket, \u00e9s t\u00f6lthet\u0151 <strong data-start=\"1463\" data-end=\"1477\">USB Type-C<\/strong>-on kereszt\u00fcl. Ez a fel\u00e1ll\u00e1s k\u00fcl\u00f6n\u00f6sen fontos magas szippant\u00e1ssz\u00e1m\u00fa vape-ekn\u00e9l: amikor az energia cs\u00f6kken, felt\u00f6lt\u00f6d \u00e9s folytatod a haszn\u00e1latot ahelyett, hogy kor\u00e1n kidobn\u00e1d a k\u00e9sz\u00fcl\u00e9ket.<\/p>\n<p data-start=\"1603\" data-end=\"1834\"><strong data-start=\"1603\" data-end=\"1645\">H\u00e1l\u00f3sz\u00e1las tekercs, amely tiszta \u00edzt tart fenn.<\/strong><br data-start=\"1645\" data-end=\"1648\" \/>A <strong data-start=\"1652\" data-end=\"1670\">1.0\u03a9 mesh tekercs<\/strong> egyenletesen meleg\u00edt \u00e9s t\u00e1mogatja a sima l\u00e9g\u00e1raml\u00e1st. Gyakorlati eredm\u00e9ny: stabil g\u0151z \u00e9s kev\u00e9sb\u00e9 \u00edzvesztes\u00e9g a k\u00e9sz\u00fcl\u00e9k v\u00e9g\u00e9n, ahol a nagy eldobhat\u00f3k \u00e1ltal\u00e1ban durv\u00e1v\u00e1 v\u00e1lnak.<\/p>\n<p data-start=\"1836\" data-end=\"2129\"><strong data-start=\"1836\" data-end=\"1883\">Extra vizu\u00e1lis \u00e9rint\u00e9s, opcion\u00e1lis de j\u00f3l kivitelezett.<\/strong><br data-start=\"1883\" data-end=\"1886\" \/>A <strong data-start=\"1890\" data-end=\"1917\">zen\u00e9hez szinkroniz\u00e1lt RGB f\u00e9nyek<\/strong> reakci\u00f3kra a hangokra, st\u00edlust adva an\u00e9lk\u00fcl, hogy bonyol\u00edtan\u00e1 a haszn\u00e1latot. Ha a f\u00e9nyek nem a te vil\u00e1god, h\u00e1tt\u00e9rben maradnak; ha igen, tiszta hat\u00e1st ny\u00fajtanak, ami seg\u00edt, hogy a Tornado k\u00e9zben \u00e9s polcokon is kit\u0171nj\u00f6n.<\/p>\n<p data-start=\"2131\" data-end=\"2370\"><strong data-start=\"2131\" data-end=\"2176\">Sz\u00e9les \u00edzv\u00e1laszt\u00e9k a val\u00f3 \u00e9let ig\u00e9nyeihez.<\/strong><br data-start=\"2176\" data-end=\"2179\" \/>A <strong data-start=\"2184\" data-end=\"2212\">k\u00f6r\u00fclbel\u00fcl 30 \u00edzv\u00e1ltozat<\/strong>, az UWIN Tornado 35K k\u00fcl\u00f6nb\u00f6z\u0151 helyi preferenci\u00e1khoz illeszkedik\u2014gy\u00fcm\u00f6lcs, j\u00e9g, \u00e9des kever\u00e9kek\u2014\u00edgy a felhaszn\u00e1l\u00f3k ragaszkodhatnak kedvenceikhez, \u00e9s a boltok a region\u00e1lis \u00edzekhez igaz\u00edthatj\u00e1k a k\u00e9szleteiket.<\/p>\n<p><strong>Add meg Amy Whatsappj\u00e1t a gyors v\u00e1lasz\u00e9rt \u00e9s vape kupon\u00e9rt!<\/strong><\/p>\n<p><img fetchpriority=\"high\" decoding=\"async\" class=\"size-full wp-image-2932\" src=\"https:\/\/vapestornado.com\/wp-content\/uploads\/2024\/12\/Vape-Wholesale.jpg\" alt=\"Vape nagykereskedelem\" width=\"229\" height=\"300\" \/><\/p>\n<h3><a href=\"https:\/\/wa.me\/8617776015835\" target=\"_blank\" rel=\"noopener\"><span style=\"color: #ff0000;\"><strong>WhatsApp: +86 17776015835<\/strong><\/span><\/a><\/h3>\n<p>&nbsp;<\/p>\n<h2><strong>Tornado Vape UWIN 35000 term\u00e9kjellemz\u0151k<\/strong><\/h2>\n<div role=\"article\" data-tabster=\"{&quot;groupper&quot;:{&quot;tabbability&quot;:2},&quot;focusable&quot;:{}}\" data-content=\"ai-message\" aria-labelledby=\"juhNTJ6o7Gk1cgwZMJgv2-author juhNTJ6o7Gk1cgwZMJgv2-content\">\n<div id=\"juhNTJ6o7Gk1cgwZMJgv2-content\">\n<table>\n<thead>\n<tr>\n<th>Jellemz\u0151 \/ Param\u00e9ter<\/th>\n<th align=\"right\">Spec<\/th>\n<th>Magyar\u00e1zat<\/th>\n<\/tr>\n<\/thead>\n<tbody>\n<tr>\n<td>Term\u00e9k neve<\/td>\n<td align=\"right\">UWIN Tornado 35000 egyszer haszn\u00e1latos vape<\/td>\n<td>\u00c1tl\u00e1that\u00f3 n\u00e9v a rendel\u00e9shez \u00e9s keres\u00e9shez.<\/td>\n<\/tr>\n<tr>\n<td>Slukkkapacit\u00e1s<\/td>\n<td align=\"right\">30 000+ sz\u00edv\u00e1s (list\u00e1z\u00e1si \u00e9rt\u00e9kel\u00e9s)<\/td>\n<td>Magas fut\u00e1s\u00fa egyszer haszn\u00e1latos; kevesebb eszk\u00f6zcsere.<\/td>\n<\/tr>\n<tr>\n<td>Nikotin opci\u00f3k<\/td>\n<td align=\"right\">0% \/ 2% \/ 3% \/ 5%<\/td>\n<td>V\u00e1lassz k\u00f6nny\u0171, k\u00f6zepes, er\u0151s vagy nulla nikotintartalm\u00fa haszn\u00e1latot.<\/td>\n<\/tr>\n<tr>\n<td>Akkumul\u00e1tor<\/td>\n<td align=\"right\">600mAh \u00fajrat\u00f6lthet\u0151<\/td>\n<td>T\u00f6ltsd \u00fajra, hogy az eszk\u00f6z ne haljon meg, miel\u0151tt befejezn\u00e9d.<\/td>\n<\/tr>\n<tr>\n<td>T\u00f6lt\u00e9s<\/td>\n<td align=\"right\">USB Type-C<\/td>\n<td>\u00c1ltal\u00e1nos k\u00e1bel, gyors felt\u00f6lt\u00e9sek.<\/td>\n<\/tr>\n<tr>\n<td>Tekercs t\u00edpusa<\/td>\n<td align=\"right\">1.0\u03a9 mesh tekercs<\/td>\n<td>Egyenletes hev\u00edt\u00e9s = sim\u00e1bb sz\u00edv\u00e1s, stabilabb \u00edz.<\/td>\n<\/tr>\n<tr>\n<td>Vil\u00e1g\u00edt\u00e1s<\/td>\n<td align=\"right\">Zene-szinkron RGB LED-ek<\/td>\n<td>Olyan vizu\u00e1lis hat\u00e1s, amely reag\u00e1l a zen\u00e9re; n\u00f6veli a polcon val\u00f3 megjelen\u00e9st.<\/td>\n<\/tr>\n<tr>\n<td>\u00cdzek<\/td>\n<td align=\"right\">~30 lehet\u0151s\u00e9g<\/td>\n<td>Sz\u00e9les preferenciarendszert fed le az EU piacokon.<\/td>\n<\/tr>\n<tr>\n<td>Forma<\/td>\n<td align=\"right\">K\u00f6nny\u0171, hordozhat\u00f3<\/td>\n<td>Egyszer\u0171 hordoz\u00e1s munkanapokra \u00e9s utaz\u00e1shoz.<\/td>\n<\/tr>\n<tr>\n<td>Aktiv\u00e1l\u00e1s<\/td>\n<td align=\"right\">Sz\u00edv\u00e1sra aktiv\u00e1l\u00f3dik<\/td>\n<td>Nincs sz\u00fcks\u00e9g gombokra a vape-hez.<\/td>\n<\/tr>\n<\/tbody>\n<\/table>\n<\/div>\n<\/div>\n<h2 class=\"product-title\"><strong>Tornado Vape UWIN 35000 \u00edzv\u00e1laszt\u00e9k<\/strong><\/h2>\n<p>1.\u00c1fonya M\u00e1lna<br \/>\n2.Sz\u0151l\u0151 J\u00e9g<br \/>\n3. Strawberry Watermelon<br \/>\n4.\u00c1fonya J\u00e9gen<br \/>\n5.G\u00f6r\u00f6gdinnye J\u00e9g<br \/>\n6.Cseresznye J\u00e9g<br \/>\n7.Eper M\u00e1lna Cseresznye J\u00e9g<br \/>\n8. Kiwi Maracuja Guava<br \/>\n9. Epres J\u00e9g<br \/>\n10. \u0150szibarack Mang\u00f3 Anan\u00e1sz<br \/>\n11. \u00c1fonya Cseresznye T\u0151zeg\u00e1fonya<br \/>\n12. \u0150szibarack Bogy\u00f3sgy\u00fcm\u00f6lcs<br \/>\n13. Cseresznye Cola<br \/>\n14. Vegyes Bogy\u00f3sgy\u00fcm\u00f6lcs\u00f6k<br \/>\n15. Mr. Blue<br \/>\n16. Ny\u00e1ri \u0150szibarack J\u00e9g<\/p>\n<h3>Mi\u00e9rt v\u00e1lassza a vapestornado-t a Vapme 15000 Puffs Vape nagykereskedelm\u00e9hez?<\/h3>\n<div class=\"flex-shrink-0 flex flex-col relative items-end\">\n<div class=\"pt-0\">\n<div class=\"gizmo-bot-avatar flex h-8 w-8 items-center justify-center overflow-hidden rounded-full\">\n<div class=\"relative p-1 rounded-sm flex items-center justify-center bg-token-main-surface-primary text-token-text-primary h-8 w-8\">\n<p>\u00dcdv\u00f6z\u00f6lj\u00fck a vapestornado-n, az \u00d6n megb\u00edzhat\u00f3 online vape boltj\u00e1ban a pr\u00e9mium eldobhat\u00f3 vape-okhoz. T\u00f6bb mint 5 \u00e9ves szak\u00e9rtelemmel hozunk el \u00d6nnek n\u00e9pszer\u0171 eldobhat\u00f3 vape m\u00e1rk\u00e1kat, mint p\u00e9ld\u00e1ul a Fumot RandM Vape, <a href=\"https:\/\/vapestornado.com\/hu\/product\/vapme-crystal-7000-puffs-rechargeable-disposable-vape-wholesale-cheap-price\/\">Vapme<\/a>, Bang Vape, Waspe Vape \u00e9s WGA Vape, stb.<\/p>\n<p>K\u00edn\u00e1latunkban szerepelnek n\u00e9pszer\u0171 vape-ok, mint a <a href=\"https:\/\/vapestornado.com\/hu\/product\/fumot-randm-tornado-15000-puffs-rechargeable-disposable-vape-wholesale\/\">RandM Torn\u00e1d\u00f3 15000<\/a>, \u00e9s \u00edzgazdag v\u00e1laszt\u00e1sok, mint a <a href=\"https:\/\/vapestornado.com\/hu\/product\/waspe-40000-puffs-double-flavour-led-display-disposable-vape-wholesale\/\">WASPE Dupla \u00cdz 40000 Puffs<\/a> . Minden term\u00e9k\u00fcnket a min\u0151s\u00e9g, \u00e9rt\u00e9k \u00e9s v\u00e1ltozatoss\u00e1g figyelembev\u00e9tel\u00e9vel v\u00e1lasztjuk ki, biztos\u00edtva, hogy megtal\u00e1lja az ig\u00e9nyeinek legmegfelel\u0151bbet. Fedezze fel a kiv\u00e9teles szolg\u00e1ltat\u00e1st \u00e9s a top term\u00e9kek sz\u00e9les v\u00e1laszt\u00e9k\u00e1t nagykereskedelmi \u00e1ron a vapestornado-n.<\/p>\n<\/div>\n<h3><\/h3>\n<div class=\"relative p-1 rounded-sm flex items-center justify-center bg-token-main-surface-primary text-token-text-primary h-8 w-8\">\n<h3>GYIK a Tornado Vape UWIN 35000 puff egyszer haszn\u00e1latos vape-hez<\/h3>\n<p data-start=\"3378\" data-end=\"3561\"><strong data-start=\"3378\" data-end=\"3451\">1. Sz\u00fcks\u00e9gem van k\u00fcl\u00f6n t\u00f6lt\u0151re az UWIN Tornado 35K egyszer haszn\u00e1latoshoz?<\/strong><br data-start=\"3451\" data-end=\"3454\" \/>Nem. A <strong data-start=\"3462\" data-end=\"3482\">UWIN Tornado 35K<\/strong> haszn\u00e1lja <strong data-start=\"3488\" data-end=\"3502\">USB Type-C<\/strong>, \u00edgy b\u00e1rmilyen szabv\u00e1nyos Type-C k\u00e1bellel \u00e9s biztons\u00e1gos USB adapterrel m\u0171k\u00f6dik.<\/p>\n<p data-start=\"3563\" data-end=\"3830\"><strong data-start=\"3563\" data-end=\"3635\">2. Milyen er\u0151s a nikotin hat\u00e1s az UWIN Tornado 35000 sorozaton?<\/strong><br data-start=\"3635\" data-end=\"3638\" \/>Az er\u0151ss\u00e9g att\u00f3l f\u00fcgg, melyik opci\u00f3t v\u00e1lasztja. <strong data-start=\"3679\" data-end=\"3710\">UWIN Tornado 35000 2% vagy 3%<\/strong> m\u00e9rs\u00e9kelt napi hat\u00e1st ny\u00fajt, m\u00edg a <strong data-start=\"3749\" data-end=\"3763\">5% verzi\u00f3<\/strong> k\u00f6zelebb \u00e1ll ahhoz, amit a nehezebb doh\u00e1nyz\u00f3k elv\u00e1rnak. <strong data-start=\"3806\" data-end=\"3812\">0%<\/strong> csup\u00e1n \u00edz.<\/p>\n<p data-start=\"3832\" data-end=\"4050\"><strong data-start=\"3832\" data-end=\"3912\">3. Meg\u0151rzi-e az UWIN Tornado 35000 h\u00e1l\u00f3sz\u00e1las tekercs az \u00edzt hossz\u00fa haszn\u00e1lat sor\u00e1n?<\/strong><br data-start=\"3912\" data-end=\"3915\" \/>A <strong data-start=\"3919\" data-end=\"3937\">1.0\u03a9 mesh tekercs<\/strong> egyenletes hev\u00edt\u00e9sre van tervezve, ami seg\u00edt cs\u00f6kkenteni a k\u00e9s\u0151i \u00edzcs\u00f6kken\u00e9st, ami gyakori a nagy kapacit\u00e1s\u00fa eldobhat\u00f3 k\u00e9sz\u00fcl\u00e9kekn\u00e9l.<\/p>\n<p data-start=\"4052\" data-end=\"4286\"><strong data-start=\"4052\" data-end=\"4120\">4. J\u00f3-e az UWIN Tornado 35000 eg\u00e9sz napos hordoz\u00e1sra?<\/strong><br data-start=\"4120\" data-end=\"4123\" \/>Igen. A magas sz\u00edv\u00e1si \u00e9rt\u00e9k ellen\u00e9re is, a <strong data-start=\"4162\" data-end=\"4200\">UWIN Tornado 35000 eldobhat\u00f3 vape<\/strong> k\u00f6nny\u0171 \u00e9s zsebbar\u00e1t marad, ami praktikus munkak\u00f6zben vagy utaz\u00e1s k\u00f6zben.<\/p>\n<p data-start=\"4288\" data-end=\"4521\"><strong data-start=\"4288\" data-end=\"4364\">5. Mi\u00e9rt vannak az UWIN Tornado 35000 zen\u00e9hez szinkroniz\u00e1lt LED f\u00e9nyek?<\/strong><br data-start=\"4364\" data-end=\"4367\" \/>Ezek opcion\u00e1lis st\u00edluselemek, nem alapfunkci\u00f3k. A LED-ek reag\u00e1lnak a zen\u00e9re vagy a k\u00f6rnyezeti hangokra, \u00e9s tiszta vizu\u00e1lis hat\u00e1st adnak an\u00e9lk\u00fcl, hogy befoly\u00e1soln\u00e1k a vape m\u0171k\u00f6d\u00e9s\u00e9t.<\/p>\n<\/div>\n<\/div>\n<\/div>\n<\/div>","protected":false},"excerpt":{"rendered":"<p>UWIN Tornado 35000 Disposable Vape with 30,000+ Puffs<br \/>\nUWIN Tornado 35K Type-C Rechargeable Mesh Coil Performance<br \/>\nUWIN Tornado 35000 Music-Synced RGB Lights and 30 Flavors<\/p>\n<p><strong>Adja hozz\u00e1 Amy-t WhatsApp-on, hogy azonnali v\u00e1laszt \u00e9s vape kupont kapjon!<\/strong><\/p>\n<p><img fetchpriority=\"high\" decoding=\"async\" class=\"size-full wp-image-2932\" src=\"https:\/\/vapestornado.com\/wp-content\/uploads\/2024\/12\/Vape-Wholesale.jpg\" alt=\"Vape nagykereskedelem\" width=\"229\" height=\"300\" \/><\/p>\n<h3><a href=\"https:\/\/wa.me\/8617776015835\"><span style=\"color: #ff0000;\"><strong>WhatsApp: +86 17776015835<\/strong><\/span><\/a><\/h3>\n<p>&nbsp;<\/p>","protected":false},"featured_media":3084,"comment_status":"open","ping_status":"closed","template":"","meta":{"_acf_changed":false,"_uag_custom_page_level_css":"","_lmt_disableupdate":"no","_lmt_disable":"","_monsterinsights_skip_tracking":false,"_monsterinsights_sitenote_active":false,"_monsterinsights_sitenote_note":"","_monsterinsights_sitenote_category":0,"site-sidebar-layout":"default","site-content-layout":"","ast-site-content-layout":"default","site-content-style":"default","site-sidebar-style":"default","ast-global-header-display":"","ast-banner-title-visibility":"","ast-main-header-display":"","ast-hfb-above-header-display":"","ast-hfb-below-header-display":"","ast-hfb-mobile-header-display":"","site-post-title":"","ast-breadcrumbs-content":"","ast-featured-img":"","footer-sml-layout":"","ast-disable-related-posts":"","theme-transparent-header-meta":"default","adv-header-id-meta":"","stick-header-meta":"","header-above-stick-meta":"","header-main-stick-meta":"","header-below-stick-meta":"","astra-migrate-meta-layouts":"set","ast-page-background-enabled":"default","ast-page-background-meta":{"desktop":{"background-color":"","background-image":"","background-repeat":"repeat","background-position":"center center","background-size":"auto","background-attachment":"scroll","background-type":"","background-media":"","overlay-type":"","overlay-color":"","overlay-opacity":"","overlay-gradient":""},"tablet":{"background-color":"","background-image":"","background-repeat":"repeat","background-position":"center center","background-size":"auto","background-attachment":"scroll","background-type":"","background-media":"","overlay-type":"","overlay-color":"","overlay-opacity":"","overlay-gradient":""},"mobile":{"background-color":"","background-image":"","background-repeat":"repeat","background-position":"center center","background-size":"auto","background-attachment":"scroll","background-type":"","background-media":"","overlay-type":"","overlay-color":"","overlay-opacity":"","overlay-gradient":""}},"ast-content-background-meta":{"desktop":{"background-color":"var(--ast-global-color-5)","background-image":"","background-repeat":"repeat","background-position":"center center","background-size":"auto","background-attachment":"scroll","background-type":"","background-media":"","overlay-type":"","overlay-color":"","overlay-opacity":"","overlay-gradient":""},"tablet":{"background-color":"var(--ast-global-color-5)","background-image":"","background-repeat":"repeat","background-position":"center center","background-size":"auto","background-attachment":"scroll","background-type":"","background-media":"","overlay-type":"","overlay-color":"","overlay-opacity":"","overlay-gradient":""},"mobile":{"background-color":"var(--ast-global-color-5)","background-image":"","background-repeat":"repeat","background-position":"center center","background-size":"auto","background-attachment":"scroll","background-type":"","background-media":"","overlay-type":"","overlay-color":"","overlay-opacity":"","overlay-gradient":""}},"_joinchat":{"telephone":"+8617776015835"}},"product_brand":[],"product_cat":[19,175,154,156,158,141,233],"product_tag":[97,94,114,133,480],"class_list":{"0":"post-3100","1":"product","2":"type-product","3":"status-publish","4":"has-post-thumbnail","6":"product_cat-vapes","7":"product_cat-35000-puff","8":"product_cat-buy-disposable-vapes-in-netherlands","9":"product_cat-buy-disposable-vapes-in-poland","10":"product_cat-buy-disposable-vapes-in-spain","11":"product_cat-crystal-disposable-vapes","12":"product_cat-uwin-vape","13":"product_tag-hot-sale-disposable-vape","14":"product_tag-rechargeable-disposable-vape","15":"product_tag-tornado-vape","16":"product_tag-uwin-tornado-35000","17":"product_tag-uwin-vape","18":"desktop-align-left","19":"tablet-align-left","20":"mobile-align-left","22":"first","23":"instock","24":"sale","25":"shipping-taxable","26":"purchasable","27":"product-type-simple"},"acf":[],"uagb_featured_image_src":{"full":["https:\/\/vapestornado.com\/wp-content\/uploads\/2024\/12\/Tornado-Vape-35000-UWIN-Disposable-Vape.jpg",1126,1126,false],"thumbnail":["https:\/\/vapestornado.com\/wp-content\/uploads\/2024\/12\/Tornado-Vape-35000-UWIN-Disposable-Vape-150x150.jpg",150,150,true],"medium":["https:\/\/vapestornado.com\/wp-content\/uploads\/2024\/12\/Tornado-Vape-35000-UWIN-Disposable-Vape-300x300.jpg",300,300,true],"medium_large":["https:\/\/vapestornado.com\/wp-content\/uploads\/2024\/12\/Tornado-Vape-35000-UWIN-Disposable-Vape-768x768.jpg",768,768,true],"large":["https:\/\/vapestornado.com\/wp-content\/uploads\/2024\/12\/Tornado-Vape-35000-UWIN-Disposable-Vape-1024x1024.jpg",1024,1024,true],"1536x1536":["https:\/\/vapestornado.com\/wp-content\/uploads\/2024\/12\/Tornado-Vape-35000-UWIN-Disposable-Vape.jpg",1126,1126,false],"2048x2048":["https:\/\/vapestornado.com\/wp-content\/uploads\/2024\/12\/Tornado-Vape-35000-UWIN-Disposable-Vape.jpg",1126,1126,false],"trp-custom-language-flag":["https:\/\/vapestornado.com\/wp-content\/uploads\/2024\/12\/Tornado-Vape-35000-UWIN-Disposable-Vape.jpg",12,12,false],"woocommerce_thumbnail":["https:\/\/vapestornado.com\/wp-content\/uploads\/2024\/12\/Tornado-Vape-35000-UWIN-Disposable-Vape-300x300.jpg",300,300,true],"woocommerce_single":["https:\/\/vapestornado.com\/wp-content\/uploads\/2024\/12\/Tornado-Vape-35000-UWIN-Disposable-Vape-600x600.jpg",600,600,true],"woocommerce_gallery_thumbnail":["https:\/\/vapestornado.com\/wp-content\/uploads\/2024\/12\/Tornado-Vape-35000-UWIN-Disposable-Vape-100x100.jpg",100,100,true]},"uagb_author_info":{"display_name":"ESAMY","author_link":"https:\/\/vapestornado.com\/hu\/author\/"},"uagb_comment_info":0,"uagb_excerpt":"UWIN Tornado 35000 Disposable Vape with 30,000+ Puffs UWIN Tornado 35K Type-C Rechargeable Mesh Coil Performance UWIN Tornado 35000 Music-Synced RGB Lights and 30 Flavors Add Amy's whatsapp get right reply and vape vape coupon! WhatsApp: +86 17776015835 &nbsp;","_links":{"self":[{"href":"https:\/\/vapestornado.com\/hu\/wp-json\/wp\/v2\/product\/3100","targetHints":{"allow":["GET"]}}],"collection":[{"href":"https:\/\/vapestornado.com\/hu\/wp-json\/wp\/v2\/product"}],"about":[{"href":"https:\/\/vapestornado.com\/hu\/wp-json\/wp\/v2\/types\/product"}],"replies":[{"embeddable":true,"href":"https:\/\/vapestornado.com\/hu\/wp-json\/wp\/v2\/comments?post=3100"}],"wp:featuredmedia":[{"embeddable":true,"href":"https:\/\/vapestornado.com\/hu\/wp-json\/wp\/v2\/media\/3084"}],"wp:attachment":[{"href":"https:\/\/vapestornado.com\/hu\/wp-json\/wp\/v2\/media?parent=3100"}],"wp:term":[{"taxonomy":"product_brand","embeddable":true,"href":"https:\/\/vapestornado.com\/hu\/wp-json\/wp\/v2\/product_brand?post=3100"},{"taxonomy":"product_cat","embeddable":true,"href":"https:\/\/vapestornado.com\/hu\/wp-json\/wp\/v2\/product_cat?post=3100"},{"taxonomy":"product_tag","embeddable":true,"href":"https:\/\/vapestornado.com\/hu\/wp-json\/wp\/v2\/product_tag?post=3100"}],"curies":[{"name":"wp","href":"https:\/\/api.w.org\/{rel}","templated":true}]}}