{"id":3099,"date":"2024-12-12T08:20:28","date_gmt":"2024-12-12T08:20:28","guid":{"rendered":"https:\/\/vapestornado.com\/?post_type=product&#038;p=3099"},"modified":"2025-12-05T09:13:20","modified_gmt":"2025-12-05T09:13:20","slug":"vapme-shisha-hookah-15000-puff-rechargeable-disposable-vape-wholesale-poland","status":"publish","type":"product","link":"https:\/\/vapestornado.com\/hu\/product\/vapme-shisha-hookah-15000-puff-rechargeable-disposable-vape-wholesale-poland\/","title":{"rendered":"Vapme Shisha v\u00edzipipa 15000 Puffs \u00dajrat\u00f6lthet\u0151 Eldobhat\u00f3 Vape Nagykeresked\u00e9s Lengyelorsz\u00e1g"},"content":{"rendered":"<h1 class=\"product-title\">Vapme Shisha v\u00edzipipa 15000 Puffs \u00dajrat\u00f6lthet\u0151 Eldobhat\u00f3 Vape Nagykeresked\u00e9s Lengyelorsz\u00e1g<\/h1>\n<p data-start=\"87\" data-end=\"383\">A <strong data-start=\"91\" data-end=\"136\">Vapme Shisha Hookah 15000 egyszer haszn\u00e1latos vape<\/strong> egy shisha-st\u00edlus\u00fa \u00e9lm\u00e9nyt ny\u00fajt kompakt, k\u00f6nnyen hordozhat\u00f3 testben. Hossz\u00fa napi haszn\u00e1latra k\u00e9sz\u00fclt, \u00e9s a felhaszn\u00e1l\u00f3k \u00e1ltal elv\u00e1rt \u00fczemid\u0151t biztos\u00edtja <strong data-start=\"274\" data-end=\"307\">Vapme Shisha Hookah 15K puff<\/strong> k\u00e9sz\u00fcl\u00e9k, amelyet egy 25 ml-es el\u0151re t\u00f6lt\u00f6tt tart\u00e1ly \u00e9s \u00fajrat\u00f6lthet\u0151 akkumul\u00e1tor t\u00e1mogat.<\/p>\n<p data-start=\"385\" data-end=\"653\">Ez egy val\u00f3di <strong data-start=\"400\" data-end=\"426\">15000 puffos shisha vape<\/strong> nyitott, sima h\u00faz\u00e1s k\u00f6r\u00e9 tervezve. A <strong data-start=\"469\" data-end=\"506\">0,6\u03a9 shisha-st\u00edlus\u00fa egyszer haszn\u00e1latos vape<\/strong> tekercs be\u00e1ll\u00edt\u00e1s vastagabb g\u0151zt \u00e9s sz\u00e9lesebb sz\u00edv\u00e1st eredm\u00e9nyez, mint a szoros MTL disposables, k\u00f6zelebb hozva a hookah \u00e9rz\u00e9st an\u00e9lk\u00fcl, hogy b\u00e1rmilyen be\u00e1ll\u00edt\u00e1sra, sz\u00e9nre vagy rendetlens\u00e9gre lenne sz\u00fcks\u00e9g.<\/p>\n<p data-start=\"655\" data-end=\"1025\">Kapacit\u00e1s val\u00f3di folyad\u00e9kt\u00e9rfogatra alapul. Mint egy <strong data-start=\"702\" data-end=\"728\">Vapme Hookah vape 25ml<\/strong> modell, el\u00e9g e-juice-t tartalmaz a magas puff \u00e9rt\u00e9khez, \u00edgy a felhaszn\u00e1l\u00f3k nem \u00e9getik el a k\u00e9sz\u00fcl\u00e9ket n\u00e9h\u00e1ny nap alatt. Amikor az akkumul\u00e1tor lemer\u00fcl, a <strong data-start=\"876\" data-end=\"922\">Type-C \u00fajrat\u00f6lthet\u0151 shisha egyszer haszn\u00e1latos vape<\/strong> rendszer gyors \u00e9s egyszer\u0171 felt\u00f6lt\u00e9st tesz lehet\u0151v\u00e9, \u00edgy a felhaszn\u00e1l\u00f3k a teljes tart\u00e1lyt ki tudj\u00e1k t\u00f6lteni, ahelyett, hogy kor\u00e1n kidobn\u00e1k.<\/p>\n<p data-start=\"1027\" data-end=\"1209\">A nikotin k\u00e9t \u00e9sszer\u0171 opci\u00f3ban \u00e9rhet\u0151 el\u20140% \u00edz n\u00e9lk\u00fcli \u00e9lm\u00e9nyekhez \u00e9s 2% k\u00f6nny\u0171 mindennapi \u00e9lvezethez\u2014valamint sz\u00e9les \u00edzv\u00e1laszt\u00e9kban, hogy a felhaszn\u00e1l\u00f3k hossz\u00fa t\u00e1von is a kedvenc\u00fcket haszn\u00e1lj\u00e1k.<\/p>\n<p><strong style=\"font-size: 16px;\">Vedd fel a kapcsolatot Amyvel a megfelel\u0151 v\u00e1lasz\u00e9rt \u00e9s vape kupon\u00e9rt!<\/strong><\/p>\n<p><img fetchpriority=\"high\" decoding=\"async\" class=\"size-full wp-image-2932\" src=\"https:\/\/vapestornado.com\/wp-content\/uploads\/2024\/12\/Vape-Wholesale.jpg\" alt=\"Vape nagykereskedelem\" width=\"229\" height=\"300\" \/><\/p>\n<h3><a href=\"https:\/\/wa.me\/8617776015835\" target=\"_blank\" rel=\"noopener\"><span style=\"color: #ff0000;\"><strong>WhatsApp: +86 17776015835<\/strong><\/span><\/a><\/h3>\n<p>&nbsp;<\/p>\n<h2><strong>Vapme Shisha Hookah 15000 term\u00e9kjellemz\u0151k<\/strong><\/h2>\n<table>\n<thead>\n<tr>\n<th>Jellemz\u0151k<\/th>\n<th align=\"right\">Spec<\/th>\n<th>Magyar\u00e1zat<\/th>\n<\/tr>\n<\/thead>\n<tbody>\n<tr>\n<td>Term\u00e9k neve<\/td>\n<td align=\"right\">Vapme Shisha v\u00edzipipa 15000<\/td>\n<td>\u00c1tl\u00e1that\u00f3 n\u00e9v a rendel\u00e9shez \u00e9s keres\u00e9shez.<\/td>\n<\/tr>\n<tr>\n<td>Slukkkapacit\u00e1s<\/td>\n<td align=\"right\">Ak\u00e1r 15 000 szippant\u00e1s<\/td>\n<td>Hosszabb haszn\u00e1lat, mint a standard eldobhat\u00f3 term\u00e9kekn\u00e9l; kevesebb csere.<\/td>\n<\/tr>\n<tr>\n<td>E-liquid \u0171rtartalom<\/td>\n<td align=\"right\">25ml el\u0151re t\u00f6lt\u00f6tt<\/td>\n<td>Nagy tart\u00e1ly t\u00e1mogatja a 15K \u00e9rt\u00e9kel\u00e9st.<\/td>\n<\/tr>\n<tr>\n<td>Tekercs \/ Ellen\u00e1ll\u00e1s<\/td>\n<td align=\"right\">0.6\u03a9<\/td>\n<td>Nyitottabb h\u00faz\u00e1s \u00e9s s\u0171r\u0171bb g\u0151z, k\u00f6zelebb a shisha st\u00edlushoz.<\/td>\n<\/tr>\n<tr>\n<td>Akkumul\u00e1tor<\/td>\n<td align=\"right\">650mAh \u00fajrat\u00f6lthet\u0151<\/td>\n<td>T\u00f6ltsd \u00fajra, hogy haszn\u00e1lhasd a teljes tankot.<\/td>\n<\/tr>\n<tr>\n<td>T\u00f6lt\u00e9s<\/td>\n<td align=\"right\">USB Type-C<\/td>\n<td>\u00c1ltal\u00e1nos k\u00e1bel szabv\u00e1ny; gyors felt\u00f6lt\u00e9sek.<\/td>\n<\/tr>\n<tr>\n<td>Nikotin opci\u00f3k<\/td>\n<td align=\"right\">0% \/ 2%<\/td>\n<td>V\u00e1lasszon \u00edzcsup\u00e1n vagy k\u00f6nny\u0171 nikotinhat\u00e1st.<\/td>\n<\/tr>\n<tr>\n<td>\u00cdzv\u00e1laszt\u00e9kok<\/td>\n<td align=\"right\">24 \u00edz<\/td>\n<td>K\u00fcl\u00f6nb\u00f6z\u0151 preferenci\u00e1k \u00e9s ism\u00e9telt v\u00e1s\u00e1rl\u00e1sok sz\u00e1m\u00e1ra.<\/td>\n<\/tr>\n<tr>\n<td>Aktiv\u00e1l\u00e1s<\/td>\n<td align=\"right\">Sz\u00edv\u00e1sra aktiv\u00e1l\u00f3dik<\/td>\n<td>Nincs gomb; sz\u00edvj be a vap\u00e9zhez.<\/td>\n<\/tr>\n<\/tbody>\n<\/table>\n<h2 class=\"product-title\"><strong>Vapme 15000 E Shisha \u00cdzlista<\/strong><\/h2>\n<ol start=\"1\">\n<li>\u00c1fonya j\u00e9gen<\/li>\n<li>Kivi Maracuja Guava<\/li>\n<li>K\u00e9k m\u00e1lna limon\u00e1d\u00e9<\/li>\n<li>Eper Kiwi<\/li>\n<li>Vegyes Bogy\u00f3k<\/li>\n<li>Eperdinnye<\/li>\n<li>Sz\u0151l\u0151 J\u00e9g<\/li>\n<li>G\u00f6r\u00f6gdinnye J\u00e9g<\/li>\n<li>\u0150szibarack Mang\u00f3 Anan\u00e1sz<\/li>\n<li>Eper j\u00e9g<\/li>\n<li>\u0150szibarack j\u00e9g<\/li>\n<li>Mang\u00f3 Ban\u00e1n<\/li>\n<li>Cseresznye Bogy\u00f3<\/li>\n<li>\u00c1fonya M\u00e1lna<\/li>\n<li>Szeretet 66<\/li>\n<li>G\u00f6r\u00f6gdinnye Bull<\/li>\n<li>Eper Sz\u0151l\u0151<\/li>\n<li>Eper M\u00e1lna Cukorka<\/li>\n<li>Mamba<\/li>\n<li>G\u00f6r\u00f6gdinnye Cseresznye<\/li>\n<li>Fagyasztott Alma<\/li>\n<li>Citromos Menta<\/li>\n<li>Fekete Ribizli J\u00e9g<\/li>\n<li>Anan\u00e1sz Shake<\/li>\n<\/ol>\n<h3>Mi\u00e9rt v\u00e1lassza a vapestornado-t a Vapme 15000 Puffs Vape nagykereskedelm\u00e9hez?<\/h3>\n<div class=\"flex-shrink-0 flex flex-col relative items-end\">\n<div class=\"pt-0\">\n<div class=\"gizmo-bot-avatar flex h-8 w-8 items-center justify-center overflow-hidden rounded-full\">\n<div class=\"relative p-1 rounded-sm flex items-center justify-center bg-token-main-surface-primary text-token-text-primary h-8 w-8\">\n<p>\u00dcdv\u00f6z\u00f6lj\u00fck a vapestornado-n, az \u00d6n megb\u00edzhat\u00f3 online vape boltj\u00e1ban a pr\u00e9mium eldobhat\u00f3 vape-okhoz. T\u00f6bb mint 5 \u00e9ves szak\u00e9rtelemmel hozunk el \u00d6nnek n\u00e9pszer\u0171 eldobhat\u00f3 vape m\u00e1rk\u00e1kat, mint p\u00e9ld\u00e1ul a Fumot RandM Vape, <a href=\"https:\/\/vapestornado.com\/hu\/product\/vapme-crystal-7000-puffs-rechargeable-disposable-vape-wholesale-cheap-price\/\">Vapme<\/a>, Bang Vape, Waspe Vape \u00e9s WGA Vape, stb.<\/p>\n<p>K\u00edn\u00e1latunkban szerepelnek n\u00e9pszer\u0171 vape-ok, mint a <a href=\"https:\/\/vapestornado.com\/hu\/product\/fumot-randm-tornado-15000-puffs-rechargeable-disposable-vape-wholesale\/\">RandM Torn\u00e1d\u00f3 15000<\/a>, \u00e9s \u00edzgazdag v\u00e1laszt\u00e1sok, mint a <a href=\"https:\/\/vapestornado.com\/hu\/product\/waspe-40000-puffs-double-flavour-led-display-disposable-vape-wholesale\/\">WASPE Dupla \u00cdz 40000 Puffs<\/a> . Minden term\u00e9k\u00fcnket a min\u0151s\u00e9g, \u00e9rt\u00e9k \u00e9s v\u00e1ltozatoss\u00e1g figyelembev\u00e9tel\u00e9vel v\u00e1lasztjuk ki, biztos\u00edtva, hogy megtal\u00e1lja az ig\u00e9nyeinek legmegfelel\u0151bbet. Fedezze fel a kiv\u00e9teles szolg\u00e1ltat\u00e1st \u00e9s a top term\u00e9kek sz\u00e9les v\u00e1laszt\u00e9k\u00e1t nagykereskedelmi \u00e1ron a vapestornado-n.<\/p>\n<\/div>\n<h3><\/h3>\n<div class=\"relative p-1 rounded-sm flex items-center justify-center bg-token-main-surface-primary text-token-text-primary h-8 w-8\">\n<h3>GYIK a Vapme Shisha 15000 Puffs Eldobhat\u00f3 Vape-hez<\/h3>\n<p data-start=\"2743\" data-end=\"2944\"><strong data-start=\"2743\" data-end=\"2812\">1. Sz\u00fcks\u00e9gem van k\u00fcl\u00f6n t\u00f6lt\u0151re a Vapme Shisha 15K-hoz?<\/strong><br data-start=\"2812\" data-end=\"2815\" \/>Nem. A <strong data-start=\"2823\" data-end=\"2861\">Vapme Shisha 15K eldobhat\u00f3<\/strong> t\u00f6lthet\u0151 <strong data-start=\"2874\" data-end=\"2888\">USB Type-C<\/strong>, \u00edgy b\u00e1rmilyen szabv\u00e1nyos Type-C k\u00e1bel \u00e9s biztons\u00e1gos adapter m\u0171k\u00f6dik.<\/p>\n<p data-start=\"2946\" data-end=\"3170\"><strong data-start=\"2946\" data-end=\"3021\">2. K\u00f6zelebb \u00e1ll a Vapme Shisha 15000 a shish\u00e1hoz vagy a cigaretta h\u00faz\u00e1s\u00e1hoz?<\/strong><br data-start=\"3021\" data-end=\"3024\" \/>K\u00f6zelebb a shish\u00e1hoz. A <strong data-start=\"3045\" data-end=\"3058\">0.6\u03a9 tekercs<\/strong> a <strong data-start=\"3066\" data-end=\"3100\">Vapme Shisha 15000 g\u0151z\u00f6l\u00e9s<\/strong> nyitottabb bel\u00e9gz\u00e9st \u00e9s s\u0171r\u0171bb g\u0151zt ad, mint a szoros MTL eldobhat\u00f3k.<\/p>\n<p data-start=\"3172\" data-end=\"3428\"><strong data-start=\"3172\" data-end=\"3247\">3. Milyen nikotint k\u00edn\u00e1l a Vapme 15k shisha sorozat?<\/strong><br data-start=\"3247\" data-end=\"3250\" \/>K\u00e9t lehet\u0151s\u00e9g van: <strong data-start=\"3273\" data-end=\"3279\">0%<\/strong> nikotin n\u00e9lk\u00fcl \u00e9s <strong data-start=\"3300\" data-end=\"3306\">2%<\/strong> k\u00f6nny\u0171, \u00e1lland\u00f3 hat\u00e1s\u00e9rt. A <strong data-start=\"3336\" data-end=\"3377\">Vapme 150000 Shisha 2% nikotin<\/strong> A verzi\u00f3 azoknak a doh\u00e1nyz\u00f3knak sz\u00f3l, akik valami m\u00e9rs\u00e9keltebbet keresnek.<\/p>\n<p data-start=\"3430\" data-end=\"3683\"><strong data-start=\"3430\" data-end=\"3510\">4. Mennyi ideig tart egy Vapme Shisha 15000 eldobhat\u00f3 napi haszn\u00e1latban?<\/strong><br data-start=\"3510\" data-end=\"3513\" \/>A haszn\u00e1lat v\u00e1ltoz\u00f3, de a <strong data-start=\"3535\" data-end=\"3557\">15 000 sz\u00edv\u00e1si \u00e9rt\u00e9kel\u00e9s<\/strong> plusz <strong data-start=\"3563\" data-end=\"3578\">25 ml folyad\u00e9k<\/strong> \u00e1ltal\u00e1ban sokkal hosszabb ideig tart, mint a kis eldobhat\u00f3k, k\u00fcl\u00f6n\u00f6sen akkor, amikor sz\u00fcks\u00e9g szerint \u00fajrat\u00f6lt\u00f6d az akkumul\u00e1tort.<\/p>\n<p data-start=\"3685\" data-end=\"3961\"><strong data-start=\"3685\" data-end=\"3758\">5. Milyen \u00edzek \u00e9rhet\u0151k el a Vapme Shisha 15k sz\u00edv\u00e1sra?<\/strong><br data-start=\"3758\" data-end=\"3761\" \/>Ez <strong data-start=\"3765\" data-end=\"3801\">Vapme <\/strong>\u00a0vape sorozat k\u00edn\u00e1lata <strong data-start=\"3814\" data-end=\"3828\">24 \u00edz<\/strong>, amely gy\u00fcm\u00f6lcs\u00f6t, jeget \u00e9s \u00e9desebb kever\u00e9keket fed le. Az \u00fczletek a helyi kereslet alapj\u00e1n k\u00e9szletezhetnek, \u00e9s a felhaszn\u00e1l\u00f3k ragaszkodhatnak a j\u00f3l ismert profilhoz.<\/p>\n<\/div>\n<\/div>\n<\/div>\n<\/div>","protected":false},"excerpt":{"rendered":"<p>Vapme Shisha Hookah 15000 egyszer haszn\u00e1latos vape nagy t\u00e9telben olcs\u00f3 \u00e1r<br \/>\nVapme 15K puff egyszer haszn\u00e1latos Shisha Hookah nagykereskedelmi \u00e1r<br \/>\nVapme Shisha 15k \u00fajrat\u00f6lthet\u0151 Vape teljes \u00edzekkel rakt\u00e1ron<\/p>\n<p><strong>Adja hozz\u00e1 Amy-t WhatsApp-on, hogy azonnali v\u00e1laszt \u00e9s vape kupont kapjon!<\/strong><\/p>\n<p><img fetchpriority=\"high\" decoding=\"async\" class=\"size-full wp-image-2932\" src=\"https:\/\/vapestornado.com\/wp-content\/uploads\/2024\/12\/Vape-Wholesale.jpg\" alt=\"Vape nagykereskedelem\" width=\"229\" height=\"300\" \/><\/p>\n<h3><a href=\"https:\/\/wa.me\/8617776015835\"><span style=\"color: #ff0000;\"><strong>WhatsApp: +86 17776015835<\/strong><\/span><\/a><\/h3>\n<p>&nbsp;<\/p>","protected":false},"featured_media":3094,"comment_status":"open","ping_status":"closed","template":"","meta":{"_acf_changed":false,"_uag_custom_page_level_css":"","_lmt_disableupdate":"no","_lmt_disable":"","_monsterinsights_skip_tracking":false,"_monsterinsights_sitenote_active":false,"_monsterinsights_sitenote_note":"","_monsterinsights_sitenote_category":0,"site-sidebar-layout":"default","site-content-layout":"","ast-site-content-layout":"default","site-content-style":"default","site-sidebar-style":"default","ast-global-header-display":"","ast-banner-title-visibility":"","ast-main-header-display":"","ast-hfb-above-header-display":"","ast-hfb-below-header-display":"","ast-hfb-mobile-header-display":"","site-post-title":"","ast-breadcrumbs-content":"","ast-featured-img":"","footer-sml-layout":"","ast-disable-related-posts":"","theme-transparent-header-meta":"default","adv-header-id-meta":"","stick-header-meta":"","header-above-stick-meta":"","header-main-stick-meta":"","header-below-stick-meta":"","astra-migrate-meta-layouts":"set","ast-page-background-enabled":"default","ast-page-background-meta":{"desktop":{"background-color":"","background-image":"","background-repeat":"repeat","background-position":"center center","background-size":"auto","background-attachment":"scroll","background-type":"","background-media":"","overlay-type":"","overlay-color":"","overlay-opacity":"","overlay-gradient":""},"tablet":{"background-color":"","background-image":"","background-repeat":"repeat","background-position":"center center","background-size":"auto","background-attachment":"scroll","background-type":"","background-media":"","overlay-type":"","overlay-color":"","overlay-opacity":"","overlay-gradient":""},"mobile":{"background-color":"","background-image":"","background-repeat":"repeat","background-position":"center center","background-size":"auto","background-attachment":"scroll","background-type":"","background-media":"","overlay-type":"","overlay-color":"","overlay-opacity":"","overlay-gradient":""}},"ast-content-background-meta":{"desktop":{"background-color":"var(--ast-global-color-5)","background-image":"","background-repeat":"repeat","background-position":"center center","background-size":"auto","background-attachment":"scroll","background-type":"","background-media":"","overlay-type":"","overlay-color":"","overlay-opacity":"","overlay-gradient":""},"tablet":{"background-color":"var(--ast-global-color-5)","background-image":"","background-repeat":"repeat","background-position":"center center","background-size":"auto","background-attachment":"scroll","background-type":"","background-media":"","overlay-type":"","overlay-color":"","overlay-opacity":"","overlay-gradient":""},"mobile":{"background-color":"var(--ast-global-color-5)","background-image":"","background-repeat":"repeat","background-position":"center center","background-size":"auto","background-attachment":"scroll","background-type":"","background-media":"","overlay-type":"","overlay-color":"","overlay-opacity":"","overlay-gradient":""}},"_joinchat":{"telephone":"+8617776015835"}},"product_brand":[],"product_cat":[71,150,154,156,144,146,147,61],"product_tag":[131,93,132,130],"class_list":{"0":"post-3099","1":"product","2":"type-product","3":"status-publish","4":"has-post-thumbnail","6":"product_cat-15000-puff","7":"product_cat-buy-disposable-vapes-in-belgium","8":"product_cat-buy-disposable-vapes-in-netherlands","9":"product_cat-buy-disposable-vapes-in-poland","10":"product_cat-low-nicotine-disposable-vapes","11":"product_cat-rechargeable-disposable-vapes","12":"product_cat-shisha-hookah-disposable-vapes","13":"product_cat-vapme-shisha","14":"product_tag-shisha-hookah","15":"product_tag-vape-wholesale","16":"product_tag-vapme-shisha-15000","17":"product_tag-vapme-shisha-hookah-15000","18":"desktop-align-left","19":"tablet-align-left","20":"mobile-align-left","22":"first","23":"instock","24":"sale","25":"shipping-taxable","26":"purchasable","27":"product-type-simple"},"acf":[],"uagb_featured_image_src":{"full":["https:\/\/vapestornado.com\/wp-content\/uploads\/2024\/12\/JNR-Vapme-Shisha-Hookah-15000-Wholesale.jpg",1126,1126,false],"thumbnail":["https:\/\/vapestornado.com\/wp-content\/uploads\/2024\/12\/JNR-Vapme-Shisha-Hookah-15000-Wholesale-150x150.jpg",150,150,true],"medium":["https:\/\/vapestornado.com\/wp-content\/uploads\/2024\/12\/JNR-Vapme-Shisha-Hookah-15000-Wholesale-300x300.jpg",300,300,true],"medium_large":["https:\/\/vapestornado.com\/wp-content\/uploads\/2024\/12\/JNR-Vapme-Shisha-Hookah-15000-Wholesale-768x768.jpg",768,768,true],"large":["https:\/\/vapestornado.com\/wp-content\/uploads\/2024\/12\/JNR-Vapme-Shisha-Hookah-15000-Wholesale-1024x1024.jpg",1024,1024,true],"1536x1536":["https:\/\/vapestornado.com\/wp-content\/uploads\/2024\/12\/JNR-Vapme-Shisha-Hookah-15000-Wholesale.jpg",1126,1126,false],"2048x2048":["https:\/\/vapestornado.com\/wp-content\/uploads\/2024\/12\/JNR-Vapme-Shisha-Hookah-15000-Wholesale.jpg",1126,1126,false],"trp-custom-language-flag":["https:\/\/vapestornado.com\/wp-content\/uploads\/2024\/12\/JNR-Vapme-Shisha-Hookah-15000-Wholesale.jpg",12,12,false],"woocommerce_thumbnail":["https:\/\/vapestornado.com\/wp-content\/uploads\/2024\/12\/JNR-Vapme-Shisha-Hookah-15000-Wholesale-300x300.jpg",300,300,true],"woocommerce_single":["https:\/\/vapestornado.com\/wp-content\/uploads\/2024\/12\/JNR-Vapme-Shisha-Hookah-15000-Wholesale-600x600.jpg",600,600,true],"woocommerce_gallery_thumbnail":["https:\/\/vapestornado.com\/wp-content\/uploads\/2024\/12\/JNR-Vapme-Shisha-Hookah-15000-Wholesale-100x100.jpg",100,100,true]},"uagb_author_info":{"display_name":"ESAMY","author_link":"https:\/\/vapestornado.com\/hu\/author\/"},"uagb_comment_info":0,"uagb_excerpt":"Vapme Shisha Hookah 15000 Disposable Vape Bulk Buy Cheap Price Vapme 15K Puff Disposable Shisha Hookah Wholesale Price Vapme Shisha 15k Rechargeable Vape with Full Flavors in Stock Add Amy's whatsapp get right reply and vape vape coupon! WhatsApp: +86 17776015835 &nbsp;","_links":{"self":[{"href":"https:\/\/vapestornado.com\/hu\/wp-json\/wp\/v2\/product\/3099","targetHints":{"allow":["GET"]}}],"collection":[{"href":"https:\/\/vapestornado.com\/hu\/wp-json\/wp\/v2\/product"}],"about":[{"href":"https:\/\/vapestornado.com\/hu\/wp-json\/wp\/v2\/types\/product"}],"replies":[{"embeddable":true,"href":"https:\/\/vapestornado.com\/hu\/wp-json\/wp\/v2\/comments?post=3099"}],"wp:featuredmedia":[{"embeddable":true,"href":"https:\/\/vapestornado.com\/hu\/wp-json\/wp\/v2\/media\/3094"}],"wp:attachment":[{"href":"https:\/\/vapestornado.com\/hu\/wp-json\/wp\/v2\/media?parent=3099"}],"wp:term":[{"taxonomy":"product_brand","embeddable":true,"href":"https:\/\/vapestornado.com\/hu\/wp-json\/wp\/v2\/product_brand?post=3099"},{"taxonomy":"product_cat","embeddable":true,"href":"https:\/\/vapestornado.com\/hu\/wp-json\/wp\/v2\/product_cat?post=3099"},{"taxonomy":"product_tag","embeddable":true,"href":"https:\/\/vapestornado.com\/hu\/wp-json\/wp\/v2\/product_tag?post=3099"}],"curies":[{"name":"wp","href":"https:\/\/api.w.org\/{rel}","templated":true}]}}