{"id":3083,"date":"2024-12-11T09:26:24","date_gmt":"2024-12-11T09:26:24","guid":{"rendered":"https:\/\/vapestornado.com\/?post_type=product&#038;p=3083"},"modified":"2025-08-23T11:13:51","modified_gmt":"2025-08-23T11:13:51","slug":"randm-vape-tornado-7000-puffs-disposable-vape-bulk-buy-price-germany","status":"publish","type":"product","link":"https:\/\/vapestornado.com\/hu\/product\/randm-vape-tornado-7000-puffs-disposable-vape-bulk-buy-price-germany\/","title":{"rendered":"RandM Vape Tornado 7000 Sz\u00edv\u00e1s Eldobhat\u00f3 Vape Nagyker \u00c1r N\u00e9metorsz\u00e1g"},"content":{"rendered":"<h1 class=\"product-title\">RandM Vape Tornado 7000 Sz\u00edv\u00e1s Eldobhat\u00f3 Vape Nagyker \u00c1r N\u00e9metorsz\u00e1g<\/h1>\n<p data-start=\"178\" data-end=\"507\">A <strong data-start=\"182\" data-end=\"220\">RandM Tornado 7000 Eldobhat\u00f3 Vape<\/strong> er\u0151s elad\u00f3 a n\u00e9met piacon, megb\u00edzhat\u00f3 teljes\u00edtm\u00e9nyt \u00f6tv\u00f6zve sz\u00e9les \u00edzv\u00e1laszt\u00e9kkal, versenyk\u00e9pes <strong data-start=\"336\" data-end=\"354\">t\u00f6meges v\u00e1s\u00e1rl\u00e1si \u00e1rat<\/strong>. Ak\u00e1r <strong data-start=\"367\" data-end=\"391\">7000 slukk egys\u00e9genk\u00e9nt<\/strong>ez a modell megfizethet\u0151, m\u00e9gis tart\u00f3s opci\u00f3t k\u00edn\u00e1l a kiskeresked\u0151knek azoknak a v\u00e1s\u00e1rl\u00f3knak, akik az \u00edzt \u00e9s a k\u00e9nyelmet egyar\u00e1nt keresik.<span id=\"1\" class=\"notranslate immersive-translate-target-wrapper\" lang=\"zh-CN\" translate=\"no\" data-immersive-translate-loading-id=\"\">\u00a0 <\/span><\/p>\n<p data-start=\"509\" data-end=\"785\">Felszerelve egy <strong data-start=\"525\" data-end=\"557\">1000 mAh-s \u00fajrat\u00f6lthet\u0151 akkumul\u00e1tor<\/strong> \u00e9s a <strong data-start=\"562\" data-end=\"586\">Type-C gyorst\u00f6lt\u00e9ssel<\/strong>a RandM 7K biztos\u00edtja a folyamatos haszn\u00e1latot a pazarl\u00f3 e-liquid n\u00e9lk\u00fcl. Egy <strong data-start=\"654\" data-end=\"683\">\u00e1ll\u00edthat\u00f3 l\u00e9g\u00e1raml\u00e1si rendszer<\/strong> lehet\u0151v\u00e9 teszi a felhaszn\u00e1l\u00f3k sz\u00e1m\u00e1ra, hogy sz\u0171kebb vagy nyitottabb sz\u00edv\u00e1sok k\u00f6z\u00f6tt v\u00e1ltsanak, \u00edgy alkalmas a k\u00fcl\u00f6nb\u00f6z\u0151 preferenci\u00e1khoz.<\/p>\n<p data-start=\"787\" data-end=\"1022\">A <strong data-start=\"792\" data-end=\"816\">56 \u00edzv\u00e1ltozat<\/strong> a gy\u00fcm\u00f6lcs\u00f6st\u0151l a desszert profilokig terjed\u0151en ez az eszk\u00f6z a soksz\u00edn\u0171 n\u00e9met v\u00e1s\u00e1rl\u00f3i b\u00e1zist szolg\u00e1lja ki. A <strong data-start=\"915\" data-end=\"938\">alacsony nikotintartalm\u00fa form\u00e1tum<\/strong> (2% vagy alacsonyabb) vonz\u00f3 lehet\u0151s\u00e9get k\u00edn\u00e1l a sim\u00e1bb \u00fcl\u00e9seket keres\u0151 vaperek sz\u00e1m\u00e1ra.<\/p>\n<p data-start=\"1024\" data-end=\"1096\">A forgalmaz\u00f3k \u00e9s \u00fczlettulajdonosok sz\u00e1m\u00e1ra a <strong data-start=\"1062\" data-end=\"1084\">RandM Tornado 7000<\/strong> biztos\u00edtja:<\/p>\n<ul data-start=\"1097\" data-end=\"1349\">\n<li data-start=\"1097\" data-end=\"1151\">\n<p data-start=\"1099\" data-end=\"1151\">Egy k\u00f6zepes tartom\u00e1ny\u00fa puff kapacit\u00e1s, amely ide\u00e1lis a mindennapi \u00e9rt\u00e9kes\u00edt\u00e9shez<\/p>\n<\/li>\n<li data-start=\"1152\" data-end=\"1200\">\n<p data-start=\"1154\" data-end=\"1200\">Sz\u00e9les \u00edzkatal\u00f3gus az ism\u00e9telt v\u00e1s\u00e1rl\u00e1sokhoz<\/p>\n<\/li>\n<li data-start=\"1201\" data-end=\"1257\">\n<p data-start=\"1203\" data-end=\"1257\">\u00dajrat\u00f6lthet\u0151 kialak\u00edt\u00e1s, cs\u00f6kkentve a visszak\u00fcld\u00e9seket \u00e9s a panaszokat<\/p>\n<\/li>\n<li data-start=\"1258\" data-end=\"1349\">\n<p data-start=\"1260\" data-end=\"1349\"><strong data-start=\"1260\" data-end=\"1312\">Nagykereskedelmi csomagol\u00e1s \u00e9s versenyk\u00e9pes t\u00f6meges \u00e1raz\u00e1s<\/strong> az EU \u00e9s a n\u00e9met piacra szabva<\/p>\n<\/li>\n<\/ul>\n<p><strong>Add meg Amy Whatsappj\u00e1t a gyors v\u00e1lasz\u00e9rt \u00e9s vape kupon\u00e9rt!<\/strong><\/p>\n<p><img fetchpriority=\"high\" decoding=\"async\" class=\"size-full wp-image-2932\" src=\"https:\/\/vapestornado.com\/wp-content\/uploads\/2024\/12\/Vape-Wholesale.jpg\" alt=\"Vape nagykereskedelem\" width=\"229\" height=\"300\" \/><\/p>\n<h3><a href=\"https:\/\/wa.me\/8617776015835\" target=\"_blank\" rel=\"noopener\"><span style=\"color: #ff0000;\"><strong>WhatsApp: +86 17776015835<\/strong><\/span><\/a><\/h3>\n<p>&nbsp;<\/p>\n<h2><strong>RandM Tornado 7000 term\u00e9kjellemz\u0151k<\/strong><\/h2>\n<p>Integr\u00e1lt 1000mAh akkumul\u00e1tor<br \/>\nAkkumul\u00e1tor \u00fajrat\u00f6lthet\u0151<br \/>\n7000 sz\u00edv\u00e1s eszk\u00f6z\u00f6nk\u00e9nt<br \/>\nL\u00e9g\u00e1raml\u00e1s szab\u00e1lyoz\u00e1s<br \/>\n56 el\u00e9rhet\u0151 \u00edz<br \/>\nType-C \u00fajrat\u00f6lt\u00e9s<\/p>\n<h2 class=\"product-title\"><strong>RandM Tornado 7000 \u00edzek list\u00e1ja<\/strong><\/h2>\n<p>1 H\u0171s\u00edt\u0151 menta<br \/>\n2 Lush J\u00e9g<br \/>\n3 Mandarinos J\u00e9g<br \/>\n4 Eper F\u00e1nk<br \/>\n5 Gumimaci<br \/>\n6 \u00c1fony\u00e1s j\u00e9g<br \/>\n7 Mang\u00f3 j\u00e9ggel<br \/>\n8 Barack j\u00e9g<br \/>\n9 Ban\u00e1n j\u00e9g<br \/>\n10 Sz\u0151l\u0151 j\u00e9g<br \/>\n11 R\u00f3zsasz\u00edn Limon\u00e1d\u00e9<br \/>\n12 Pina Colada Rum<br \/>\n13 Vegyes Bogy\u00f3k<br \/>\n14 Ban\u00e1n turmix<br \/>\n15 Epres g\u00f6r\u00f6gdinnye<br \/>\n16 Piros alma citrom<br \/>\n17 Anan\u00e1sz J\u00e9g<br \/>\n18 Cukorka<br \/>\n19 Eper Ban\u00e1n<br \/>\n20 Eper J\u00e9g<br \/>\n21 Eper Kiwi<br \/>\n22. Piros Energia J\u00e9g<br \/>\n23. K\u00e9k M\u00e1lna Limon\u00e1d\u00e9<br \/>\n24. Piros Alma J\u00e9g<br \/>\n25. Bogy\u00f3s Gy\u00fcm\u00f6lcs Limon\u00e1d\u00e9<br \/>\n26. \u00c1fonya R\u00e1g\u00f3gumi<br \/>\n27. K\u00e9k Savany\u00fa M\u00e1lna<br \/>\n28. Dr. Blue<br \/>\n29. Alma \u0150szibarack K\u00f6rte<br \/>\n30. \u00c1fonya Gr\u00e1n\u00e1talma<br \/>\n31. Vimto<br \/>\n32. Kiwi Maracuja Guava<br \/>\n33. Cola J\u00e9g<br \/>\n34. Savany\u00fa Alma<br \/>\n35. Feketeribizli Mentol<br \/>\n36. Tigris V\u00e9r<br \/>\n37. Barackvir\u00e1g \u00c1fonya Cukorka<br \/>\n38. Barack Mang\u00f3<br \/>\n39. Eper Red Bull<br \/>\n40. Feketeribizli J\u00e9g<br \/>\n41. Eper G\u00f6r\u00f6gdinnyelemon\u00e1d\u00e9<br \/>\n42. Cseresznye<br \/>\n43. K\u00e9k M\u00e1lna Cseresznye<br \/>\n44. Skittles<br \/>\n45. \u00c1fonya M\u00e1lna<br \/>\n46. Eper Sz\u0151l\u0151<br \/>\n47. \u00c1fonya Cseresznye T\u0151zeg\u00e1fonya<br \/>\n48. Alma Bogy\u00f3s Gy\u00fcm\u00f6lcs\u00f6k Robban\u00e1s<br \/>\n49. Cseresznye Cola<br \/>\n50. Citrom<br \/>\n51. R\u00f3zsasz\u00edn Robban\u00e1s<br \/>\n52. Csendes-\u00f3ce\u00e1ni H\u0171t\u0151<br \/>\n53. J\u00e9gkr\u00e9m<br \/>\n54. Bingo Crush<\/p>\n<h2>Mi\u00e9rt v\u00e1lassza a vapestornado-t a Fumot RandM 7k Vape nagykereskedelm\u00e9hez?<\/h2>\n<div class=\"flex-shrink-0 flex flex-col relative items-end\">\n<div class=\"pt-0\">\n<div class=\"gizmo-bot-avatar flex h-8 w-8 items-center justify-center overflow-hidden rounded-full\">\n<div class=\"relative p-1 rounded-sm flex items-center justify-center bg-token-main-surface-primary text-token-text-primary h-8 w-8\">\n<p>\u00dcdv\u00f6z\u00f6lj\u00fck a vapestornado-n, az \u00d6n megb\u00edzhat\u00f3 online vape boltj\u00e1ban a pr\u00e9mium eldobhat\u00f3 vape-okhoz. T\u00f6bb mint 5 \u00e9ves szak\u00e9rtelemmel hozunk el \u00d6nnek n\u00e9pszer\u0171 eldobhat\u00f3 vape m\u00e1rk\u00e1kat, mint p\u00e9ld\u00e1ul a Fumot RandM Vape, <a href=\"https:\/\/vapestornado.com\/hu\/product\/vapme-crystal-7000-puffs-rechargeable-disposable-vape-wholesale-cheap-price\/\">Vapme<\/a>, Bang Vape, Waspe Vape \u00e9s WGA Vape, stb.<\/p>\n<p>K\u00edn\u00e1latunkban szerepelnek n\u00e9pszer\u0171 vape-ok, mint a <a href=\"https:\/\/vapestornado.com\/hu\/product\/fumot-randm-tornado-15000-puffs-rechargeable-disposable-vape-wholesale\/\">RandM Torn\u00e1d\u00f3 15000<\/a>, \u00e9s \u00edzgazdag v\u00e1laszt\u00e1sok, mint a <a href=\"https:\/\/vapestornado.com\/hu\/product\/waspe-40000-puffs-double-flavour-led-display-disposable-vape-wholesale\/\">WASPE Dupla \u00cdz 40000 Puffs<\/a> . Minden term\u00e9k\u00fcnket a min\u0151s\u00e9g, \u00e9rt\u00e9k \u00e9s v\u00e1ltozatoss\u00e1g figyelembev\u00e9tel\u00e9vel v\u00e1lasztjuk ki, biztos\u00edtva, hogy megtal\u00e1lja az ig\u00e9nyeinek legmegfelel\u0151bbet. Fedezze fel a kiv\u00e9teles szolg\u00e1ltat\u00e1st \u00e9s a top term\u00e9kek sz\u00e9les v\u00e1laszt\u00e9k\u00e1t nagykereskedelmi \u00e1ron a vapestornado-n.<\/p>\n<\/div>\n<h3><\/h3>\n<div class=\"relative p-1 rounded-sm flex items-center justify-center bg-token-main-surface-primary text-token-text-primary h-8 w-8\">\n<h2>GYIK a RandM 7000 Music eldobhat\u00f3 vape-hez<\/h2>\n<\/div>\n<\/div>\n<\/div>\n<\/div>\n<div class=\"flex-shrink-0 flex flex-col relative items-end\">\n<div class=\"pt-0\">\n<div class=\"gizmo-bot-avatar flex h-8 w-8 items-center justify-center overflow-hidden rounded-full\">\n<div class=\"relative p-1 rounded-sm flex items-center justify-center bg-token-main-surface-primary text-token-text-primary h-8 w-8\">\n<div class=\"mb-2 flex gap-3 empty:hidden -ml-2\">\n<h3><\/h3>\n<ol>\n<li><strong>H\u00e1ny slukk \u00e9rhet\u0151 el a RandM 7000-rel?<\/strong><br \/>\nA RandM 7000 leny\u0171g\u00f6z\u0151 7000 slukkot k\u00edn\u00e1l k\u00e9sz\u00fcl\u00e9kenk\u00e9nt, biztos\u00edtva a hosszan tart\u00f3 haszn\u00e1latot minden egyes vape \u00fcl\u00e9shez.<\/li>\n<li><strong>\u00dajrat\u00f6lthet\u0151 a RandM 7000?<\/strong><br \/>\nIgen, a k\u00e9sz\u00fcl\u00e9k \u00fajrat\u00f6lthet\u0151 1000mAh akkumul\u00e1torral van felszerelve, \u00e9s a k\u00e9nyelem \u00e9rdek\u00e9ben t\u00e1mogatja a gyors Type-C t\u00f6lt\u00e9st.<\/li>\n<li><strong>H\u00e1ny \u00edz \u00e9rhet\u0151 el a Fumot Tornado 7000-hez?<\/strong><br \/>\nA Fumot Tornado 7000 56 k\u00fcl\u00f6nb\u00f6z\u0151 \u00edzzel kaphat\u00f3, sz\u00e9les v\u00e1laszt\u00e9kot k\u00edn\u00e1lva a k\u00fcl\u00f6nf\u00e9le preferenci\u00e1k kiel\u00e9g\u00edt\u00e9s\u00e9re.<\/li>\n<li><strong>A RandM Tornado 7k alkalmas az alacsony nikotintartalm\u00fa felhaszn\u00e1l\u00f3k sz\u00e1m\u00e1ra?<\/strong><br \/>\nIgen, a RandM Tornado 7k egy <strong>alacsony nikotintartalm\u00fa eldobhat\u00f3 vape<\/strong>, \u00edgy nagyszer\u0171 v\u00e1laszt\u00e1s azok sz\u00e1m\u00e1ra, akik a sim\u00e1bb \u00e9s enyh\u00e9bb vaping \u00e9lm\u00e9nyt r\u00e9szes\u00edtik el\u0151nyben.<\/li>\n<li><strong>V\u00e1s\u00e1rolhatok RandM Tornado 7000-et \u00f6mlesztve nagykereskedelmi \u00e1ron?<\/strong><br \/>\nTerm\u00e9szetesen! A RandM Tornado 7000 el\u00e9rhet\u0151 <strong>vape nagykereskedelmi<\/strong>versenyk\u00e9pes nagykereskedelmi \u00e1rakat k\u00edn\u00e1lva a kiskeresked\u0151k sz\u00e1m\u00e1ra N\u00e9metorsz\u00e1gban \u00e9s azon t\u00fal is.<\/li>\n<\/ol>\n<p>&nbsp;<\/p>\n<\/div>\n<\/div>\n<\/div>\n<\/div>\n<\/div>\n<div class=\"group\/conversation-turn relative flex w-full min-w-0 flex-col agent-turn\">\n<div class=\"flex-col gap-1 md:gap-3\">\n<div class=\"flex max-w-full flex-col flex-grow\">\n<div class=\"min-h-8 text-message flex w-full flex-col items-end gap-2 whitespace-normal break-words [.text-message+&amp;]:mt-5\" dir=\"auto\" data-message-author-role=\"assistant\" data-message-id=\"db716a1c-9ed0-4b8d-b3b0-7bdb913c3d42\" data-message-model-slug=\"gpt-4o\">\n<div class=\"flex w-full flex-col gap-1 empty:hidden first:pt-[3px]\">\n<div class=\"markdown prose w-full break-words dark:prose-invert light\">\n<p>&nbsp;<\/p>\n<\/div>\n<\/div>\n<\/div>\n<\/div>\n<\/div>\n<\/div>","protected":false},"excerpt":{"rendered":"<p>A <strong data-start=\"1398\" data-end=\"1426\">RandM Tornado 7000 Puff<\/strong> 56 \u00edzt k\u00edn\u00e1l, 1000mAh-s \u00fajrat\u00f6lthet\u0151 akkumul\u00e1torral \u00e9s \u00e1ll\u00edthat\u00f3 l\u00e9g\u00e1raml\u00e1ssal. Egy k\u00f6zepes kapacit\u00e1s\u00fa eldobhat\u00f3 vape, amelyet a <strong data-start=\"1545\" data-end=\"1578\">N\u00e9metorsz\u00e1gi nagykereskedelmi v\u00e1s\u00e1rl\u00f3k sz\u00e1m\u00e1ra terveztek<\/strong> versenyk\u00e9pes \u00e1ron.<\/p>\n<p><strong>Adja hozz\u00e1 Amy-t WhatsApp-on, hogy azonnali v\u00e1laszt \u00e9s vape kupont kapjon!<\/strong><\/p>\n<p><img fetchpriority=\"high\" decoding=\"async\" class=\"size-full wp-image-2932\" src=\"https:\/\/vapestornado.com\/wp-content\/uploads\/2024\/12\/Vape-Wholesale.jpg\" alt=\"Vape nagykereskedelem\" width=\"229\" height=\"300\" \/><\/p>\n<h3><a href=\"https:\/\/wa.me\/8617776015835\"><span style=\"color: #ff0000;\"><strong>WhatsApp: +86 17776015835<\/strong><\/span><\/a><\/h3>\n<p>&nbsp;<\/p>","protected":false},"featured_media":3080,"comment_status":"open","ping_status":"closed","template":"","meta":{"_acf_changed":false,"_uag_custom_page_level_css":"","_lmt_disableupdate":"no","_lmt_disable":"","_monsterinsights_skip_tracking":false,"_monsterinsights_sitenote_active":false,"_monsterinsights_sitenote_note":"","_monsterinsights_sitenote_category":0,"site-sidebar-layout":"default","site-content-layout":"","ast-site-content-layout":"default","site-content-style":"default","site-sidebar-style":"default","ast-global-header-display":"","ast-banner-title-visibility":"","ast-main-header-display":"","ast-hfb-above-header-display":"","ast-hfb-below-header-display":"","ast-hfb-mobile-header-display":"","site-post-title":"","ast-breadcrumbs-content":"","ast-featured-img":"","footer-sml-layout":"","ast-disable-related-posts":"","theme-transparent-header-meta":"default","adv-header-id-meta":"","stick-header-meta":"","header-above-stick-meta":"","header-main-stick-meta":"","header-below-stick-meta":"","astra-migrate-meta-layouts":"set","ast-page-background-enabled":"default","ast-page-background-meta":{"desktop":{"background-color":"","background-image":"","background-repeat":"repeat","background-position":"center center","background-size":"auto","background-attachment":"scroll","background-type":"","background-media":"","overlay-type":"","overlay-color":"","overlay-opacity":"","overlay-gradient":""},"tablet":{"background-color":"","background-image":"","background-repeat":"repeat","background-position":"center center","background-size":"auto","background-attachment":"scroll","background-type":"","background-media":"","overlay-type":"","overlay-color":"","overlay-opacity":"","overlay-gradient":""},"mobile":{"background-color":"","background-image":"","background-repeat":"repeat","background-position":"center center","background-size":"auto","background-attachment":"scroll","background-type":"","background-media":"","overlay-type":"","overlay-color":"","overlay-opacity":"","overlay-gradient":""}},"ast-content-background-meta":{"desktop":{"background-color":"var(--ast-global-color-5)","background-image":"","background-repeat":"repeat","background-position":"center center","background-size":"auto","background-attachment":"scroll","background-type":"","background-media":"","overlay-type":"","overlay-color":"","overlay-opacity":"","overlay-gradient":""},"tablet":{"background-color":"var(--ast-global-color-5)","background-image":"","background-repeat":"repeat","background-position":"center center","background-size":"auto","background-attachment":"scroll","background-type":"","background-media":"","overlay-type":"","overlay-color":"","overlay-opacity":"","overlay-gradient":""},"mobile":{"background-color":"var(--ast-global-color-5)","background-image":"","background-repeat":"repeat","background-position":"center center","background-size":"auto","background-attachment":"scroll","background-type":"","background-media":"","overlay-type":"","overlay-color":"","overlay-opacity":"","overlay-gradient":""}},"_joinchat":{"telephone":"+8617776015835"}},"product_brand":[],"product_cat":[74,151,152,143,58,144,148],"product_tag":[83,128,127,129,78,114,93],"class_list":{"0":"post-3083","1":"product","2":"type-product","3":"status-publish","4":"has-post-thumbnail","6":"product_cat-7000-puff","7":"product_cat-buy-disposable-vapes-in-france","8":"product_cat-buy-disposable-vapes-in-cermany","9":"product_cat-dual-mesh-disposable-vapes","10":"product_cat-fumot-vape","11":"product_cat-low-nicotine-disposable-vapes","12":"product_cat-tornado-disposable-vapes","13":"product_tag-fumot-vape","14":"product_tag-randm-7000","15":"product_tag-randm-tornado-7000","16":"product_tag-randm-tornado-7000-germany","17":"product_tag-randm-vape","18":"product_tag-tornado-vape","19":"product_tag-vape-wholesale","20":"desktop-align-left","21":"tablet-align-left","22":"mobile-align-left","24":"first","25":"instock","26":"sale","27":"shipping-taxable","28":"purchasable","29":"product-type-simple"},"acf":[],"uagb_featured_image_src":{"full":["https:\/\/vapestornado.com\/wp-content\/uploads\/2024\/12\/RandM-Tornado-7000-Puffs-Disposable-Vape.jpg",1126,1126,false],"thumbnail":["https:\/\/vapestornado.com\/wp-content\/uploads\/2024\/12\/RandM-Tornado-7000-Puffs-Disposable-Vape-150x150.jpg",150,150,true],"medium":["https:\/\/vapestornado.com\/wp-content\/uploads\/2024\/12\/RandM-Tornado-7000-Puffs-Disposable-Vape-300x300.jpg",300,300,true],"medium_large":["https:\/\/vapestornado.com\/wp-content\/uploads\/2024\/12\/RandM-Tornado-7000-Puffs-Disposable-Vape-768x768.jpg",768,768,true],"large":["https:\/\/vapestornado.com\/wp-content\/uploads\/2024\/12\/RandM-Tornado-7000-Puffs-Disposable-Vape-1024x1024.jpg",1024,1024,true],"1536x1536":["https:\/\/vapestornado.com\/wp-content\/uploads\/2024\/12\/RandM-Tornado-7000-Puffs-Disposable-Vape.jpg",1126,1126,false],"2048x2048":["https:\/\/vapestornado.com\/wp-content\/uploads\/2024\/12\/RandM-Tornado-7000-Puffs-Disposable-Vape.jpg",1126,1126,false],"trp-custom-language-flag":["https:\/\/vapestornado.com\/wp-content\/uploads\/2024\/12\/RandM-Tornado-7000-Puffs-Disposable-Vape.jpg",12,12,false],"woocommerce_thumbnail":["https:\/\/vapestornado.com\/wp-content\/uploads\/2024\/12\/RandM-Tornado-7000-Puffs-Disposable-Vape-300x300.jpg",300,300,true],"woocommerce_single":["https:\/\/vapestornado.com\/wp-content\/uploads\/2024\/12\/RandM-Tornado-7000-Puffs-Disposable-Vape-600x600.jpg",600,600,true],"woocommerce_gallery_thumbnail":["https:\/\/vapestornado.com\/wp-content\/uploads\/2024\/12\/RandM-Tornado-7000-Puffs-Disposable-Vape-100x100.jpg",100,100,true]},"uagb_author_info":{"display_name":"ESAMY","author_link":"https:\/\/vapestornado.com\/hu\/author\/"},"uagb_comment_info":0,"uagb_excerpt":"The RandM Tornado 7000 Puffs offers 56 flavours, 1000mAh rechargeable battery, and adjustable airflow. A mid-capacity disposable vape designed for Germany wholesale bulk buyers at competitive prices. Add Amy's whatsapp get right reply and vape vape coupon! WhatsApp: +86 17776015835 &nbsp;","_links":{"self":[{"href":"https:\/\/vapestornado.com\/hu\/wp-json\/wp\/v2\/product\/3083","targetHints":{"allow":["GET"]}}],"collection":[{"href":"https:\/\/vapestornado.com\/hu\/wp-json\/wp\/v2\/product"}],"about":[{"href":"https:\/\/vapestornado.com\/hu\/wp-json\/wp\/v2\/types\/product"}],"replies":[{"embeddable":true,"href":"https:\/\/vapestornado.com\/hu\/wp-json\/wp\/v2\/comments?post=3083"}],"wp:featuredmedia":[{"embeddable":true,"href":"https:\/\/vapestornado.com\/hu\/wp-json\/wp\/v2\/media\/3080"}],"wp:attachment":[{"href":"https:\/\/vapestornado.com\/hu\/wp-json\/wp\/v2\/media?parent=3083"}],"wp:term":[{"taxonomy":"product_brand","embeddable":true,"href":"https:\/\/vapestornado.com\/hu\/wp-json\/wp\/v2\/product_brand?post=3083"},{"taxonomy":"product_cat","embeddable":true,"href":"https:\/\/vapestornado.com\/hu\/wp-json\/wp\/v2\/product_cat?post=3083"},{"taxonomy":"product_tag","embeddable":true,"href":"https:\/\/vapestornado.com\/hu\/wp-json\/wp\/v2\/product_tag?post=3083"}],"curies":[{"name":"wp","href":"https:\/\/api.w.org\/{rel}","templated":true}]}}