{"id":3076,"date":"2024-12-11T08:15:21","date_gmt":"2024-12-11T08:15:21","guid":{"rendered":"https:\/\/vapestornado.com\/?post_type=product&#038;p=3076"},"modified":"2025-12-09T09:39:23","modified_gmt":"2025-12-09T09:39:23","slug":"randm-tornado-30000-puffs-music-rechargeable-disposable-vape-pen-wholesale","status":"publish","type":"product","link":"https:\/\/vapestornado.com\/hu\/product\/randm-tornado-30000-puffs-music-rechargeable-disposable-vape-pen-wholesale\/","title":{"rendered":"RandM Tornado 30000 Puffs Zen\u00e9s \u00dajrat\u00f6lthet\u0151 Eldobhat\u00f3 Vape Toll Nagykeresked\u00e9s"},"content":{"rendered":"<h1 class=\"product-title\">RandM Tornado 30000 Puffs Zen\u00e9s \u00dajrat\u00f6lthet\u0151 Eldobhat\u00f3 Vape Toll Nagykeresked\u00e9s<\/h1>\n<p data-start=\"1141\" data-end=\"1425\">A Fumot RandM Tornado 30000 Puffs egy 30 000 szippant\u00e1sos \u00fajrat\u00f6lthet\u0151 eldobhat\u00f3, 1.0\u03a9 h\u00e1l\u00f3tek\u0151vel \u00e9s zene-szinkron LED vil\u00e1g\u00edt\u00e1ssal, hossz\u00fa szesszi\u00f3kra, stabil \u00edzre \u00e9s kiemelked\u0151 st\u00edlusra tervezve.<\/p>\n<p data-start=\"915\" data-end=\"1120\"><strong data-start=\"915\" data-end=\"946\">Hossz\u00fa \u00e9lettartam, nem bulkos.<\/strong> A <strong data-start=\"951\" data-end=\"1000\">RandM Tornado 30000 Puffs eldobhat\u00f3 vape toll<\/strong> c\u00e9lzott azoknak a rendszeres felhaszn\u00e1l\u00f3knak, akik olyan eszk\u00f6zt keresnek, amely hetekig tart, nem napokig, mik\u00f6zben k\u00f6nnyen hordozhat\u00f3 a mindennapi rutinokhoz.<\/p>\n<p data-start=\"1124\" data-end=\"1346\"><strong data-start=\"1124\" data-end=\"1172\">H\u00e1l\u00f3s tekercs stabilit\u00e1s magas szippant\u00e1ssz\u00e1m mellett.<\/strong> Ez a FUMOT<strong data-start=\"1177\" data-end=\"1232\">\u00a030K h\u00e1l\u00f3tek\u0151s \u00fajrat\u00f6lthet\u0151 eldobhat\u00f3<\/strong> egy <strong data-start=\"1240\" data-end=\"1258\">1.0\u03a9 mesh tekercs<\/strong> hogy sima h\u00faz\u00e1sokat, s\u0171r\u0171 vaport \u00e9s lassabb \u00edzvesztes\u00e9get biztos\u00edtson a 30K tartom\u00e1nyban.<\/p>\n<p data-start=\"1350\" data-end=\"1534\"><strong data-start=\"1350\" data-end=\"1397\">Type-C power, amely megakad\u00e1lyozza az elpazarolt e-folyad\u00e9kot.<\/strong> Egy <strong data-start=\"1405\" data-end=\"1455\">650mAh Type-C \u00fajrat\u00f6lthet\u0151 Tornado Vape 30k<\/strong>, amikor sz\u00fcks\u00e9g szerint felt\u00f6lt\u00f6d, \u00e9s addig vape-elsz, am\u00edg az eszk\u00f6z t\u00e9nylegesen be nem fejezi a haszn\u00e1latot.<\/p>\n<p data-start=\"1538\" data-end=\"1781\"><strong data-start=\"1538\" data-end=\"1577\">Zene-szinkron LED a t\u00e1rsas\u00e1gi k\u00f6rnyezetekhez.<\/strong> Fumot <strong data-start=\"1582\" data-end=\"1616\">Tornado Vape<\/strong> puls\u00e1lja a f\u00e9nyeket a lej\u00e1tsz\u00e1si list\u00e1d szerint, ez a funkci\u00f3 er\u0151sen kelend\u0151 <strong data-start=\"1682\" data-end=\"1736\">Magyarorsz\u00e1gon, Lengyelorsz\u00e1gban, Spanyolorsz\u00e1gban, Olaszorsz\u00e1gban \u00e9s Hollandi\u00e1ban<\/strong>, k\u00fcl\u00f6n\u00f6sen az \u00e9jszakai \u00e9let \u00e9s a h\u00e9tv\u00e9gi szc\u00e9na ter\u00fclet\u00e9n.<\/p>\n<p data-start=\"1785\" data-end=\"1987\"><strong data-start=\"1785\" data-end=\"1820\">Sz\u00e9les \u00edzrot\u00e1ci\u00f3 be\u00e9p\u00edtve.<\/strong> 20 \u00edz fed le gy\u00fcm\u00f6lcs\u00f6t, jeget \u00e9s klasszikus profilokat, \u00edgy a <strong data-start=\"1884\" data-end=\"1922\">RandM 30K eldobhat\u00f3<\/strong> hossz\u00fa haszn\u00e1lat sor\u00e1n is \u00e9rdekes marad, m\u00e1sodik eszk\u00f6z n\u00e9lk\u00fcl.<\/p>\n<p><strong>Add meg Amy Whatsappj\u00e1t a gyors v\u00e1lasz\u00e9rt \u00e9s vape kupon\u00e9rt!<\/strong><\/p>\n<p><img fetchpriority=\"high\" decoding=\"async\" class=\"size-full wp-image-2932\" src=\"https:\/\/vapestornado.com\/wp-content\/uploads\/2024\/12\/Vape-Wholesale.jpg\" alt=\"Vape nagykereskedelem\" width=\"229\" height=\"300\" \/><\/p>\n<h3><a href=\"https:\/\/wa.me\/8617776015835\" target=\"_blank\" rel=\"noopener\"><span style=\"color: #ff0000;\"><strong>WhatsApp: +86 17776015835<\/strong><\/span><\/a><\/h3>\n<p>&nbsp;<\/p>\n<h2><strong>RandM Tornado 30000 Term\u00e9kjellemz\u0151k<\/strong><\/h2>\n<table>\n<thead>\n<tr>\n<th>Jellemz\u0151k<\/th>\n<th>Spec<\/th>\n<th>R\u00e9szletek<\/th>\n<\/tr>\n<\/thead>\n<tbody>\n<tr>\n<td>Term\u00e9k neve<\/td>\n<td>RandM Tornado 30000 Puffs Zene Vape<\/td>\n<td>Nagy kapacit\u00e1s\u00fa \u00fajrat\u00f6lthet\u0151 eldobhat\u00f3 f\u00e9nyes funkci\u00f3kkal.<\/td>\n<\/tr>\n<tr>\n<td>Slukkkapacit\u00e1s<\/td>\n<td>Ak\u00e1r 30 000 sz\u00edv\u00e1s<\/td>\n<td>Kifejezetten hosszabb napi haszn\u00e1latra tervezt\u00e9k kevesebb cser\u00e9vel.<\/td>\n<\/tr>\n<tr>\n<td>Tekercs t\u00edpusa<\/td>\n<td>1.0\u03a9 mesh tekercs<\/td>\n<td>Egyenletes hev\u00edt\u00e9s a sima g\u0151z \u00e9s az \u00e1lland\u00f3 \u00edz \u00e9rdek\u00e9ben.<\/td>\n<\/tr>\n<tr>\n<td>Akkumul\u00e1tor<\/td>\n<td>650mAh \u00fajrat\u00f6lthet\u0151<\/td>\n<td>Megb\u00edzhat\u00f3 kimenet; t\u00f6ltsd \u00fajra az eszk\u00f6z teljes \u00e9lettartam\u00e1nak kihaszn\u00e1l\u00e1s\u00e1hoz.<\/td>\n<\/tr>\n<tr>\n<td>T\u00f6lt\u00e9s<\/td>\n<td>Type-C gyors t\u00f6lt\u00e9s<\/td>\n<td>Gyors felt\u00f6lt\u00e9s modern EU-s szabv\u00e1ny\u00fa k\u00e1belekkel.<\/td>\n<\/tr>\n<tr>\n<td>Vil\u00e1g\u00edt\u00e1si funkci\u00f3<\/td>\n<td>Zene-szinkron LED rendszer<\/td>\n<td>LED-ek pulz\u00e1lnak a zen\u00e9re a vizu\u00e1lis, interakt\u00edv hat\u00e1s\u00e9rt.<\/td>\n<\/tr>\n<tr>\n<td>\u00cdzv\u00e1laszt\u00e9k<\/td>\n<td>30 \u00edz<\/td>\n<td>Sz\u00e9les v\u00e1laszt\u00e9k hossz\u00fa t\u00e1v\u00fa rot\u00e1ci\u00f3hoz.<\/td>\n<\/tr>\n<tr>\n<td>Nikotint\u00edpus<\/td>\n<td>Alacsony nikotintartalm\u00fa opci\u00f3 t\u00e1mogatott<\/td>\n<td>Olyan felhaszn\u00e1l\u00f3knak ide\u00e1lis, akik enyh\u00e9bb hat\u00e1st kedvelnek.<\/td>\n<\/tr>\n<tr>\n<td>Poz\u00edcion\u00e1l\u00e1s<\/td>\n<td>Kiskereskedelmi \u00e9s nagykereskedelmi gyorsforgalmi modell<\/td>\n<td>Polcra hat\u00f3 kialak\u00edt\u00e1s, hossz\u00fa \u00fczemid\u0151vel.<\/td>\n<\/tr>\n<\/tbody>\n<\/table>\n<h2 class=\"product-title\"><strong>RandM Tornado 30000 \u00cdzek List\u00e1ja<\/strong><\/h2>\n<p>1. Ban\u00e1n J\u00e9g<br \/>\n2. Fekete J\u00e9g<br \/>\n3. K\u00e9k M\u00e1lna J\u00e9g<br \/>\n4. \u00c1fonya J\u00e9g<br \/>\n5. \u00c1fonya M\u00e1lna<br \/>\n6. \u00c1fonya Savany\u00fa M\u00e1lna<br \/>\n7. Cseresznye J\u00e9g<br \/>\n8. Cseresznye Cola<br \/>\n9. Cola J\u00e9g<br \/>\n10. H\u0171s Menta<br \/>\n11. Dupla Alma<br \/>\n12. Dr. Blue<br \/>\n13. Sz\u0151l\u0151 J\u00e9g<br \/>\n14. J\u00e9gkr\u00e9m<br \/>\n15. Kiwi Maracuja Guava<br \/>\n16. Szeretet 66<br \/>\n17. Lush Ice<br \/>\n18. Vegyes Bogy\u00f3s Gy\u00fcm\u00f6lcs\u00f6k<br \/>\n19. \u0150szibarack Bogy\u00f3<br \/>\n20. \u0150szibarack J\u00e9g<br \/>\n21. Barack Mang\u00f3 Anan\u00e1sz<br \/>\n22. Anan\u00e1sz J\u00e9g<br \/>\n23. Pink Limon\u00e1d\u00e9<br \/>\n24. Skittles<br \/>\n25. Eper Ban\u00e1n<br \/>\n26. Eper Sz\u0151l\u0151<br \/>\n27. Eper J\u00e9g<br \/>\n28. Eper G\u00f6r\u00f6gdinnye<br \/>\n29. Tripla Mang\u00f3<br \/>\n30. Vimto<\/p>\n<h2>Mi\u00e9rt v\u00e1lassza a vapestornado-t a Fumot 30k Vape nagykereskedelm\u00e9hez?<\/h2>\n<div class=\"flex-shrink-0 flex flex-col relative items-end\">\n<div class=\"pt-0\">\n<div class=\"gizmo-bot-avatar flex h-8 w-8 items-center justify-center overflow-hidden rounded-full\">\n<div class=\"relative p-1 rounded-sm flex items-center justify-center bg-token-main-surface-primary text-token-text-primary h-8 w-8\">\n<p>\u00dcdv\u00f6z\u00f6lj\u00fck a vapestornado-n, az \u00d6n megb\u00edzhat\u00f3 online vape boltj\u00e1ban a pr\u00e9mium eldobhat\u00f3 vape-okhoz. T\u00f6bb mint 5 \u00e9ves szak\u00e9rtelemmel hozunk el \u00d6nnek n\u00e9pszer\u0171 eldobhat\u00f3 vape m\u00e1rk\u00e1kat, mint p\u00e9ld\u00e1ul a Fumot RandM Vape, <a href=\"https:\/\/vapestornado.com\/hu\/product\/vapme-crystal-7000-puffs-rechargeable-disposable-vape-wholesale-cheap-price\/\">Vapme<\/a>, Bang Vape, Waspe Vape \u00e9s WGA Vape, stb.<\/p>\n<p>K\u00edn\u00e1latunkban szerepelnek n\u00e9pszer\u0171 vape-ok, mint a <a href=\"https:\/\/vapestornado.com\/hu\/product\/fumot-randm-tornado-15000-puffs-rechargeable-disposable-vape-wholesale\/\">RandM Torn\u00e1d\u00f3 15000<\/a>, \u00e9s \u00edzgazdag v\u00e1laszt\u00e1sok, mint a <a href=\"https:\/\/vapestornado.com\/hu\/product\/waspe-40000-puffs-double-flavour-led-display-disposable-vape-wholesale\/\">WASPE Dupla \u00cdz 40000 Puffs<\/a> . Minden term\u00e9k\u00fcnket a min\u0151s\u00e9g, \u00e9rt\u00e9k \u00e9s v\u00e1ltozatoss\u00e1g figyelembev\u00e9tel\u00e9vel v\u00e1lasztjuk ki, biztos\u00edtva, hogy megtal\u00e1lja az ig\u00e9nyeinek legmegfelel\u0151bbet. Fedezze fel a kiv\u00e9teles szolg\u00e1ltat\u00e1st \u00e9s a top term\u00e9kek sz\u00e9les v\u00e1laszt\u00e9k\u00e1t nagykereskedelmi \u00e1ron a vapestornado-n.<\/p>\n<\/div>\n<h3><\/h3>\n<div class=\"relative p-1 rounded-sm flex items-center justify-center bg-token-main-surface-primary text-token-text-primary h-8 w-8\">\n<h2>GYIK a RandM 30k Music eldobhat\u00f3 vape-hez<\/h2>\n<\/div>\n<\/div>\n<\/div>\n<\/div>\n<div class=\"flex-shrink-0 flex flex-col relative items-end\">\n<div class=\"pt-0\">\n<div class=\"gizmo-bot-avatar flex h-8 w-8 items-center justify-center overflow-hidden rounded-full\">\n<div class=\"relative p-1 rounded-sm flex items-center justify-center bg-token-main-surface-primary text-token-text-primary h-8 w-8\">\n<div class=\"mb-2 flex gap-3 empty:hidden -ml-2\">\n<h2 data-start=\"2910\" data-end=\"2929\"><\/h2>\n<ol data-start=\"2931\" data-end=\"4128\">\n<li data-start=\"2931\" data-end=\"3167\">\n<p data-start=\"2934\" data-end=\"3167\"><strong data-start=\"2934\" data-end=\"3034\">Hogyan tartja a RandM Tornado 30000 Puffs h\u00e1l\u00f3s tekercses eldobhat\u00f3 k\u00e9sz\u00fcl\u00e9k az \u00edzt stabilan hossz\u00fa haszn\u00e1lat sor\u00e1n?<\/strong><br data-start=\"3034\" data-end=\"3037\" \/>A <strong data-start=\"3041\" data-end=\"3059\">1.0\u03a9 mesh tekercs<\/strong> egyenletesen osztja el a h\u0151t, seg\u00edtve a g\u0151z simas\u00e1g\u00e1t \u00e9s az \u00edz m\u00e9lyebb meg\u0151rz\u00e9s\u00e9t a k\u00e9sz\u00fcl\u00e9k \u00e9lettartama alatt.<\/p>\n<\/li>\n<li data-start=\"3169\" data-end=\"3415\">\n<p data-start=\"3172\" data-end=\"3415\"><strong data-start=\"3172\" data-end=\"3281\">Mi k\u00fcl\u00f6nb\u00f6zteti meg a RandM Tornado 30K Music \u00fajrat\u00f6lthet\u0151 eldobhat\u00f3 vapet a szabv\u00e1nyos 30K k\u00e9sz\u00fcl\u00e9kt\u0151l?<\/strong><br data-start=\"3281\" data-end=\"3284\" \/>A <strong data-start=\"3288\" data-end=\"3315\">zenei szinkron LED vil\u00e1g\u00edt\u00e1s<\/strong> reag\u00e1l a lej\u00e1tsz\u00e1si list\u00e1dra, vizu\u00e1lis ritmus effektet adva, ami illik a t\u00e1rsas\u00e1gi \u00e9s \u00e9jszakai k\u00f6rnyezetekhez.<\/p>\n<\/li>\n<li data-start=\"3417\" data-end=\"3661\">\n<p data-start=\"3420\" data-end=\"3661\"><strong data-start=\"3420\" data-end=\"3533\">A Fumot Tornado 30000 Type-C \u00fajrat\u00f6lthet\u0151 vape el\u00e9ri-e teljes puff-kapacit\u00e1s\u00e1t akkumul\u00e1torcs\u00f6kken\u00e9s n\u00e9lk\u00fcl?<\/strong><br data-start=\"3533\" data-end=\"3536\" \/>Az \u00fajrat\u00f6lthet\u0151s\u00e9g megoldja a korai akkumul\u00e1tor probl\u00e9m\u00e1t. Amikor az energia alacsony, a Type-C t\u00f6lt\u00e9s folytatja a haszn\u00e1latot, am\u00edg a puffok el nem fogynak.<\/p>\n<\/li>\n<li data-start=\"3663\" data-end=\"3885\">\n<p data-start=\"3666\" data-end=\"3885\"><strong data-start=\"3666\" data-end=\"3768\">Alkalmas-e a Fumot 30K LED eldobhat\u00f3 vape mindennapi hordoz\u00e1sra \u00e9s esti sz\u00f3rakoz\u00e1sra?<\/strong><br data-start=\"3768\" data-end=\"3771\" \/>Igen. Napk\u00f6zben hordozhat\u00f3 marad, m\u00edg az LED funkci\u00f3 vonz\u00f3v\u00e1 teszi b\u00e1rokban, klubokban \u00e9s h\u00e9tv\u00e9gi esem\u00e9nyeken.<\/p>\n<\/li>\n<li data-start=\"3887\" data-end=\"4128\">\n<p data-start=\"3890\" data-end=\"4128\"><strong data-start=\"3890\" data-end=\"3982\">Hogyan seg\u00edtik a RandM Tornado 30000 Puffs Music Vape 30 \u00edze a hossz\u00fa t\u00e1v\u00fa felhaszn\u00e1l\u00f3kat?<\/strong><br data-start=\"3982\" data-end=\"3985\" \/>Egy nagy \u00edzv\u00e1laszt\u00e9k \u00e9lvezetesebb\u00e9 teszi a hossz\u00fa haszn\u00e1lat\u00fa k\u00e9sz\u00fcl\u00e9keket, lehet\u0151v\u00e9 t\u00e9ve a felhaszn\u00e1l\u00f3knak, hogy profilokat v\u00e1ltogassanak, ahelyett, hogy heteken \u00e1t ugyanazt az \u00edzt haszn\u00e1ln\u00e1k.<\/p>\n<\/li>\n<\/ol>\n<\/div>\n<\/div>\n<\/div>\n<\/div>\n<\/div>\n<div class=\"group\/conversation-turn relative flex w-full min-w-0 flex-col agent-turn\">\n<div class=\"flex-col gap-1 md:gap-3\">\n<div class=\"flex max-w-full flex-col flex-grow\">\n<div class=\"min-h-8 text-message flex w-full flex-col items-end gap-2 whitespace-normal break-words [.text-message+&amp;]:mt-5\" dir=\"auto\" data-message-author-role=\"assistant\" data-message-id=\"db716a1c-9ed0-4b8d-b3b0-7bdb913c3d42\" data-message-model-slug=\"gpt-4o\">\n<div class=\"flex w-full flex-col gap-1 empty:hidden first:pt-[3px]\">\n<div class=\"markdown prose w-full break-words dark:prose-invert light\">\n<p>&nbsp;<\/p>\n<\/div>\n<\/div>\n<\/div>\n<\/div>\n<\/div>\n<\/div>","protected":false},"excerpt":{"rendered":"<p data-start=\"1465\" data-end=\"1662\">Fumot RandM Tornado 30000 Puffs Zene \u00fajrat\u00f6lthet\u0151 eldobhat\u00f3 vape 1.0\u03a9 h\u00e1l\u00f3tek\u0151vel, 650mAh Type-C gyors t\u00f6lt\u00e9ssel, zene-szinkron LED vil\u00e1g\u00edt\u00e1ssal \u00e9s 20 \u00edzben. Hossz\u00fa, sima szesszi\u00f3kra \u00e9s er\u0151s EU kiskereskedelmi keresletre tervezve. Egy kiemelked\u0151 eldobhat\u00f3, amelyet arra terveztek <strong data-start=\"1624\" data-end=\"1659\">eur\u00f3pai nagykereskedelmi v\u00e1s\u00e1rl\u00f3k sz\u00e1m\u00e1ra terveztek<\/strong>.<\/p>\n<p><strong>Adja hozz\u00e1 Amy-t WhatsApp-on, hogy azonnali v\u00e1laszt \u00e9s vape kupont kapjon!<\/strong><\/p>\n<p><img fetchpriority=\"high\" decoding=\"async\" class=\"size-full wp-image-2932\" src=\"https:\/\/vapestornado.com\/wp-content\/uploads\/2024\/12\/Vape-Wholesale.jpg\" alt=\"Vape nagykereskedelem\" width=\"229\" height=\"300\" \/><\/p>\n<h3><a href=\"https:\/\/wa.me\/8617776015835\"><span style=\"color: #ff0000;\"><strong>WhatsApp: +86 17776015835<\/strong><\/span><\/a><\/h3>\n<p>&nbsp;<\/p>","protected":false},"featured_media":3025,"comment_status":"open","ping_status":"closed","template":"","meta":{"_acf_changed":false,"_uag_custom_page_level_css":"","_lmt_disableupdate":"no","_lmt_disable":"","_monsterinsights_skip_tracking":false,"_monsterinsights_sitenote_active":false,"_monsterinsights_sitenote_note":"","_monsterinsights_sitenote_category":0,"site-sidebar-layout":"default","site-content-layout":"","ast-site-content-layout":"default","site-content-style":"default","site-sidebar-style":"default","ast-global-header-display":"","ast-banner-title-visibility":"","ast-main-header-display":"","ast-hfb-above-header-display":"","ast-hfb-below-header-display":"","ast-hfb-mobile-header-display":"","site-post-title":"","ast-breadcrumbs-content":"","ast-featured-img":"","footer-sml-layout":"","ast-disable-related-posts":"","theme-transparent-header-meta":"default","adv-header-id-meta":"","stick-header-meta":"","header-above-stick-meta":"","header-main-stick-meta":"","header-below-stick-meta":"","astra-migrate-meta-layouts":"set","ast-page-background-enabled":"default","ast-page-background-meta":{"desktop":{"background-color":"","background-image":"","background-repeat":"repeat","background-position":"center center","background-size":"auto","background-attachment":"scroll","background-type":"","background-media":"","overlay-type":"","overlay-color":"","overlay-opacity":"","overlay-gradient":""},"tablet":{"background-color":"","background-image":"","background-repeat":"repeat","background-position":"center center","background-size":"auto","background-attachment":"scroll","background-type":"","background-media":"","overlay-type":"","overlay-color":"","overlay-opacity":"","overlay-gradient":""},"mobile":{"background-color":"","background-image":"","background-repeat":"repeat","background-position":"center center","background-size":"auto","background-attachment":"scroll","background-type":"","background-media":"","overlay-type":"","overlay-color":"","overlay-opacity":"","overlay-gradient":""}},"ast-content-background-meta":{"desktop":{"background-color":"var(--ast-global-color-5)","background-image":"","background-repeat":"repeat","background-position":"center center","background-size":"auto","background-attachment":"scroll","background-type":"","background-media":"","overlay-type":"","overlay-color":"","overlay-opacity":"","overlay-gradient":""},"tablet":{"background-color":"var(--ast-global-color-5)","background-image":"","background-repeat":"repeat","background-position":"center center","background-size":"auto","background-attachment":"scroll","background-type":"","background-media":"","overlay-type":"","overlay-color":"","overlay-opacity":"","overlay-gradient":""},"mobile":{"background-color":"var(--ast-global-color-5)","background-image":"","background-repeat":"repeat","background-position":"center center","background-size":"auto","background-attachment":"scroll","background-type":"","background-media":"","overlay-type":"","overlay-color":"","overlay-opacity":"","overlay-gradient":""}},"_joinchat":{"telephone":"+8617776015835"}},"product_brand":[],"product_cat":[67,153,154,160,142,58,148],"product_tag":[83,125,124,126,78,114],"class_list":{"0":"post-3076","1":"product","2":"type-product","3":"status-publish","4":"has-post-thumbnail","6":"product_cat-30000-puff","7":"product_cat-buy-disposable-vapes-in-italy","8":"product_cat-buy-disposable-vapes-in-netherlands","9":"product_cat-buy-disposable-vapes-in-switzerland","10":"product_cat-digital-box-disposable-vapes","11":"product_cat-fumot-vape","12":"product_cat-tornado-disposable-vapes","13":"product_tag-fumot-vape","14":"product_tag-randm-30000","15":"product_tag-randm-tornado-30000","16":"product_tag-randm-tornado-30k","17":"product_tag-randm-vape","18":"product_tag-tornado-vape","19":"desktop-align-left","20":"tablet-align-left","21":"mobile-align-left","23":"first","24":"instock","25":"sale","26":"shipping-taxable","27":"purchasable","28":"product-type-simple"},"acf":[],"uagb_featured_image_src":{"full":["https:\/\/vapestornado.com\/wp-content\/uploads\/2024\/12\/Randm-Tornado-30K-Puffs-Rechargeable-Disposable-Vapes.jpg",1126,1126,false],"thumbnail":["https:\/\/vapestornado.com\/wp-content\/uploads\/2024\/12\/Randm-Tornado-30K-Puffs-Rechargeable-Disposable-Vapes-150x150.jpg",150,150,true],"medium":["https:\/\/vapestornado.com\/wp-content\/uploads\/2024\/12\/Randm-Tornado-30K-Puffs-Rechargeable-Disposable-Vapes-300x300.jpg",300,300,true],"medium_large":["https:\/\/vapestornado.com\/wp-content\/uploads\/2024\/12\/Randm-Tornado-30K-Puffs-Rechargeable-Disposable-Vapes-768x768.jpg",768,768,true],"large":["https:\/\/vapestornado.com\/wp-content\/uploads\/2024\/12\/Randm-Tornado-30K-Puffs-Rechargeable-Disposable-Vapes-1024x1024.jpg",1024,1024,true],"1536x1536":["https:\/\/vapestornado.com\/wp-content\/uploads\/2024\/12\/Randm-Tornado-30K-Puffs-Rechargeable-Disposable-Vapes.jpg",1126,1126,false],"2048x2048":["https:\/\/vapestornado.com\/wp-content\/uploads\/2024\/12\/Randm-Tornado-30K-Puffs-Rechargeable-Disposable-Vapes.jpg",1126,1126,false],"trp-custom-language-flag":["https:\/\/vapestornado.com\/wp-content\/uploads\/2024\/12\/Randm-Tornado-30K-Puffs-Rechargeable-Disposable-Vapes.jpg",12,12,false],"woocommerce_thumbnail":["https:\/\/vapestornado.com\/wp-content\/uploads\/2024\/12\/Randm-Tornado-30K-Puffs-Rechargeable-Disposable-Vapes-300x300.jpg",300,300,true],"woocommerce_single":["https:\/\/vapestornado.com\/wp-content\/uploads\/2024\/12\/Randm-Tornado-30K-Puffs-Rechargeable-Disposable-Vapes-600x600.jpg",600,600,true],"woocommerce_gallery_thumbnail":["https:\/\/vapestornado.com\/wp-content\/uploads\/2024\/12\/Randm-Tornado-30K-Puffs-Rechargeable-Disposable-Vapes-100x100.jpg",100,100,true]},"uagb_author_info":{"display_name":"ESAMY","author_link":"https:\/\/vapestornado.com\/hu\/author\/"},"uagb_comment_info":0,"uagb_excerpt":"Fumot RandM Tornado 30000 Puffs Music rechargeable disposable vape with 1.0\u03a9 mesh coil, 650mAh Type-C fast charging, music-sync LED lighting, and 20 flavours. Built for long, smooth sessions and strong EU retail demand.\u00a0A standout disposable designed for wholesale bulk buyers in Europe. Add Amy's whatsapp get right reply and vape vape coupon! WhatsApp: +86 17776015835&hellip;","_links":{"self":[{"href":"https:\/\/vapestornado.com\/hu\/wp-json\/wp\/v2\/product\/3076","targetHints":{"allow":["GET"]}}],"collection":[{"href":"https:\/\/vapestornado.com\/hu\/wp-json\/wp\/v2\/product"}],"about":[{"href":"https:\/\/vapestornado.com\/hu\/wp-json\/wp\/v2\/types\/product"}],"replies":[{"embeddable":true,"href":"https:\/\/vapestornado.com\/hu\/wp-json\/wp\/v2\/comments?post=3076"}],"wp:featuredmedia":[{"embeddable":true,"href":"https:\/\/vapestornado.com\/hu\/wp-json\/wp\/v2\/media\/3025"}],"wp:attachment":[{"href":"https:\/\/vapestornado.com\/hu\/wp-json\/wp\/v2\/media?parent=3076"}],"wp:term":[{"taxonomy":"product_brand","embeddable":true,"href":"https:\/\/vapestornado.com\/hu\/wp-json\/wp\/v2\/product_brand?post=3076"},{"taxonomy":"product_cat","embeddable":true,"href":"https:\/\/vapestornado.com\/hu\/wp-json\/wp\/v2\/product_cat?post=3076"},{"taxonomy":"product_tag","embeddable":true,"href":"https:\/\/vapestornado.com\/hu\/wp-json\/wp\/v2\/product_tag?post=3076"}],"curies":[{"name":"wp","href":"https:\/\/api.w.org\/{rel}","templated":true}]}}