{"id":3064,"date":"2024-12-10T08:39:40","date_gmt":"2024-12-10T08:39:40","guid":{"rendered":"https:\/\/vapestornado.com\/?post_type=product&#038;p=3064"},"modified":"2025-12-04T07:06:41","modified_gmt":"2025-12-04T07:06:41","slug":"fumot-randm-tornado-25000-puffs-touch-disposable-vape-wholesale-online","status":"publish","type":"product","link":"https:\/\/vapestornado.com\/hu\/product\/fumot-randm-tornado-25000-puffs-touch-disposable-vape-wholesale-online\/","title":{"rendered":"Fumot RandM Tornado 25000 Puffs \u00e9rint\u0151k\u00e9perny\u0151s eldobhat\u00f3 Vape nagykereskedelme online"},"content":{"rendered":"<h2 class=\"product-title\">Fumot RandM Tornado 25000 Puff Touch Egyszer haszn\u00e1latos Vape \u2014 Okos Energia, Hossz\u00fa \u00dczemid\u0151, Pr\u00e9mium \u00cdz<\/h2>\n<p data-start=\"285\" data-end=\"669\">Ha egy olyan <strong data-start=\"309\" data-end=\"337\">25k puffos egyszer haszn\u00e1latos vape-t keresel<\/strong> ami val\u00f3ban tart\u00f3s \u00e9s m\u00e9g mindig modernnek \u00e9rzi mag\u00e1t, akkor a <strong data-start=\"390\" data-end=\"430\">Fumot RandM Tornado 25000 Puff egyszer haszn\u00e1latos vape<\/strong> kiv\u00e1l\u00f3an fel\u00fclm\u00falja a tipikus nagy kapacit\u00e1s\u00fa lehet\u0151s\u00e9geket. Azzal <strong data-start=\"491\" data-end=\"508\">25 000+ puff<\/strong>, sima kett\u0151s h\u00e1l\u00f3s tekercsrendszerrel \u00e9s \u00e9rz\u00e9keny Okos \u00c9rint\u0151k\u00e9perny\u0151vel, hossz\u00fa \u00fcl\u00e9seket, k\u00f6vetkezetes \u00edzt \u00e9s k\u00f6nny\u0171 kezel\u00e9st biztos\u00edt egy zsebm\u00e9ret\u0171 eszk\u00f6zben.<\/p>\n<h3 data-start=\"671\" data-end=\"723\">Mi\u00e9rt ez a legjobb 25K puffos vape napi haszn\u00e1latra<\/h3>\n<p data-start=\"724\" data-end=\"1134\">A legt\u00f6bb hossz\u00fa \u00e9lettartam\u00fa egyszer haszn\u00e1latos term\u00e9k fel\u00e1ldozza az \u00edzt vagy elhal a folyad\u00e9k elfogy\u00e1sa el\u0151tt. A <strong data-start=\"809\" data-end=\"854\">Fumot RandM Tornado 25000 Puff Touch vape<\/strong> ezt az egyens\u00falyt egy <strong data-start=\"882\" data-end=\"920\">kett\u0151s h\u00e1l\u00f3s tekercses egyszer haszn\u00e1latos vape 25k<\/strong> tervez\u00e9ssel oldja meg, amely egyenletesen meleg\u00edt \u00e9s tiszta \u00edzt tart fenn az els\u0151 sz\u00edvt\u00f3l az utols\u00f3ig. Ak\u00e1r gy\u00fcm\u00f6lcs\u00f6s kever\u00e9keket, h\u0171s j\u00e9gprofilokat vagy desszert-szer\u0171 \u00e9dess\u00e9get kedvel, az \u00edz stabil marad, nem halv\u00e1nyodik el a k\u00e9sz\u00fcl\u00e9k k\u00f6zep\u00e9n.<\/p>\n<p data-start=\"1136\" data-end=\"1312\">Mivel kifejezetten hosszabb haszn\u00e1latra tervezt\u00e9k, sok v\u00e1s\u00e1rl\u00f3 a <strong data-start=\"1206\" data-end=\"1228\">legjobb 25k puffos vape<\/strong> k\u00e9nt \u00e9rt\u00e9keli a mindennapi intenz\u00edv vapinghez, m\u00edg a alkalmi felhaszn\u00e1l\u00f3k szeretik, hogy milyen ritk\u00e1n kell cser\u00e9lni.<\/p>\n<h3 data-start=\"1314\" data-end=\"1383\">Okos \u00c9rint\u0151k\u00e9perny\u0151 + \u00c1ll\u00edthat\u00f3 Watt-teljes\u00edtm\u00e9ny (Egyszer\u0171, Nem Bonyolult)<\/h3>\n<p data-start=\"1384\" data-end=\"1533\">Ez t\u00f6bb, mint egy \u00e1tlagos egyszer haszn\u00e1latos. Ez egy <strong data-start=\"1432\" data-end=\"1476\">\u00e9rint\u0151k\u00e9perny\u0151s egyszer haszn\u00e1latos vape 25000 puff<\/strong> egy Smart Touch fel\u00fclettel, amely val\u00f3di k\u00e9nyelmet ny\u00fajt:<\/p>\n<ul data-start=\"1535\" data-end=\"1669\">\n<li data-start=\"1535\" data-end=\"1598\">\n<p data-start=\"1537\" data-end=\"1598\"><strong data-start=\"1537\" data-end=\"1551\">Dupla koppint\u00e1s<\/strong> az akkumul\u00e1tor \u00e9lettartam\u00e1nak \u00e9s wattage-\u00e1nak azonnali ellen\u0151rz\u00e9s\u00e9hez.<\/p>\n<\/li>\n<li data-start=\"1599\" data-end=\"1669\">\n<p data-start=\"1601\" data-end=\"1669\"><strong data-start=\"1601\" data-end=\"1615\">H\u00e1romszoros koppint\u00e1s<\/strong> kimenet be\u00e1ll\u00edt\u00e1s\u00e1hoz sim\u00e1bb h\u00faz\u00e1sokhoz vagy mer\u00e9szebb felh\u0151kh\u00f6z.<\/p>\n<\/li>\n<\/ul>\n<p data-start=\"1671\" data-end=\"1969\">Ez\u00e9rt val\u00f3di <strong data-start=\"1692\" data-end=\"1742\">okos \u00e9rint\u00e9ses eldobhat\u00f3 vape \u00e1ll\u00edthat\u00f3 wattage<\/strong> opci\u00f3\u2014t\u00f6k\u00e9letes azok sz\u00e1m\u00e1ra, akik kontrollt szeretn\u00e9nek men\u00fck vagy alkalmaz\u00e1sok n\u00e9lk\u00fcl. Ha szereted egy\u00e9rtelm\u0171en l\u00e1tni az eszk\u00f6z \u00e1llapot\u00e1t, \u00e9rt\u00e9kelni fogod a <strong data-start=\"1877\" data-end=\"1912\">TFT k\u00e9perny\u0151s eldobhat\u00f3 vape<\/strong> st\u00edlus\u00fa kijelz\u0151t, amely minden l\u00e1that\u00f3 egy pillant\u00e1sra.<\/p>\n<h3 data-start=\"1971\" data-end=\"2012\">Type-C \u00fajrat\u00f6lthet\u0151 minden sz\u00edv\u00e1sra<\/h3>\n<p data-start=\"2013\" data-end=\"2239\">A <strong data-start=\"2017\" data-end=\"2067\">RandM 25K Type-C \u00fajrat\u00f6lthet\u0151 eldobhat\u00f3<\/strong> egy strapab\u00edr\u00f3 <strong data-start=\"2086\" data-end=\"2104\">700mAh-s akkumul\u00e1toron fut<\/strong> gyors Type-C t\u00f6lt\u00e9ssel. Ez azt jelenti, hogy sz\u00fcks\u00e9g szerint \u00fajra t\u00f6ltheted, \u00e9s befejezheted az eg\u00e9sz tankot\u2014nincs pazarolt sz\u00edv\u00e1s, nincs korai akkumul\u00e1tor kikapcsol\u00e1s.<\/p>\n<h3 data-start=\"2241\" data-end=\"2269\">Egy sz\u00f3rakoztat\u00f3 extra: J\u00e1t\u00e9km\u00f3d<\/h3>\n<p data-start=\"2270\" data-end=\"2523\">Azok sz\u00e1m\u00e1ra, akik valami m\u00e1st keresnek, az opcion\u00e1lis <strong data-start=\"2323\" data-end=\"2363\">RandM Tornado 25000 j\u00e1t\u00e9km\u00f3d vape<\/strong> funkci\u00f3 interakt\u00edv csavart ad. Nem k\u00f6telez\u0151 a vapinghez\u2014csak egy egyedi kieg\u00e9sz\u00edt\u0151, amely pr\u00e9miumabb\u00e1 teszi az eszk\u00f6zt, \u00e9s seg\u00edt kit\u0171nni a polcokon.<\/p>\n<p>&nbsp;<\/p>\n<p><strong>Add meg Amy Whatsappj\u00e1t a gyors v\u00e1lasz\u00e9rt \u00e9s vape kupon\u00e9rt!<\/strong><\/p>\n<p><img fetchpriority=\"high\" decoding=\"async\" class=\"size-full wp-image-2932\" src=\"https:\/\/vapestornado.com\/wp-content\/uploads\/2024\/12\/Vape-Wholesale.jpg\" alt=\"Vape nagykereskedelem\" width=\"229\" height=\"300\" \/><\/p>\n<h3><a href=\"https:\/\/wa.me\/8617776015835\" target=\"_blank\" rel=\"noopener\"><span style=\"color: #ff0000;\"><strong>WhatsApp: +86 17776015835<\/strong><\/span><\/a><\/h3>\n<p>&nbsp;<\/p>\n<h2><strong>RandM Tornado 25000 term\u00e9kjellemz\u0151k<\/strong><\/h2>\n<table>\n<thead>\n<tr>\n<th>Param\u00e9ter<\/th>\n<th align=\"right\">Spec<\/th>\n<th>Emberi magyar\u00e1zat<\/th>\n<\/tr>\n<\/thead>\n<tbody>\n<tr>\n<td>Slukkkapacit\u00e1s<\/td>\n<td align=\"right\">25 000+ puff<\/td>\n<td>A legt\u00f6bb felhaszn\u00e1l\u00f3n\u00e1l heteken \u00e1t tart; kevesebb csere.<\/td>\n<\/tr>\n<tr>\n<td>Akkumul\u00e1tor<\/td>\n<td align=\"right\">700mAh-s \u00fajrat\u00f6lthet\u0151<\/td>\n<td>Nagyobb akkumul\u00e1tor t\u00e1mogatja a teljes sz\u00edv\u00e1si sz\u00e1mot; t\u00f6ltsd \u00fajra, hogy minden folyad\u00e9kot elfogyassz.<\/td>\n<\/tr>\n<tr>\n<td>T\u00f6lt\u00e9s<\/td>\n<td align=\"right\">USB Type-C<\/td>\n<td>Modern gyors t\u00f6lt\u00e9si szabv\u00e1ny; k\u00f6nny\u0171 megtal\u00e1lni a k\u00e1belt.<\/td>\n<\/tr>\n<tr>\n<td>Tekercs t\u00edpusa<\/td>\n<td align=\"right\">Dupla h\u00e1l\u00f3s tekercsek<\/td>\n<td>Egys\u00e9ges hev\u00edt\u00e9s = er\u0151sebb \u00edzkonzisztencia \u00e9s sima g\u0151z.<\/td>\n<\/tr>\n<tr>\n<td>Kijelz\u0151 \/ Vez\u00e9rl\u00e9s<\/td>\n<td align=\"right\">Intelligens \u00c9rint\u00e9s + Digit\u00e1lis K\u00e9perny\u0151<\/td>\n<td>\u00c9rintse meg az akkumul\u00e1tor\/watt ellen\u0151rz\u00e9s\u00e9hez; \u00e1ll\u00edtsa be a teljes\u00edtm\u00e9nyt men\u00fck n\u00e9lk\u00fcl.<\/td>\n<\/tr>\n<tr>\n<td>Teljes\u00edtm\u00e9ny Be\u00e1ll\u00edt\u00e1sa<\/td>\n<td align=\"right\">H\u00e1romszori \u00e9rint\u00e9s a kimenet v\u00e1lt\u00e1s\u00e1hoz<\/td>\n<td>Lehet\u0151v\u00e9 teszi sim\u00e1bb h\u00faz\u00e1sok vagy mer\u00e9szebb felh\u0151k kiv\u00e1laszt\u00e1s\u00e1t.<\/td>\n<\/tr>\n<tr>\n<td>J\u00e1t\u00e9km\u00f3d<\/td>\n<td align=\"right\">Interakt\u00edv opcion\u00e1lis m\u00f3d<\/td>\n<td>\u00dajdons\u00e1got \u00e9s polcfel\u00fcletet ad fiatalabb\/technol\u00f3gia kedvel\u0151 felhaszn\u00e1l\u00f3knak.<\/td>\n<\/tr>\n<tr>\n<td>Aktiv\u00e1l\u00e1s<\/td>\n<td align=\"right\">Sz\u00edv\u00e1sra aktiv\u00e1l\u00f3dik<\/td>\n<td>Nincs sz\u00fcks\u00e9g gombokra a vapel\u00e9shez; sz\u00edvjon a haszn\u00e1lathoz.<\/td>\n<\/tr>\n<tr>\n<td>C\u00e9lzott Felhaszn\u00e1l\u00f3k<\/td>\n<td align=\"right\">K\u00f6z\u00f6ns\u00e9ges \u00e9s intenz\u00edv vaperek<\/td>\n<td>Minden nap haszn\u00e1l\u00f3k \u00e9s alkalmi vaperek sz\u00e1m\u00e1ra egyar\u00e1nt megfelel\u0151.<\/td>\n<\/tr>\n<tr>\n<td>Piaci Illeszked\u00e9s<\/td>\n<td align=\"right\">EU kiskereskedelem &amp; nagykereskedelem<\/td>\n<td>Nagy kapacit\u00e1s + pr\u00e9mium funkci\u00f3k \u00f6szt\u00f6nzik az ism\u00e9telt v\u00e1s\u00e1rl\u00e1sokat.<\/td>\n<\/tr>\n<\/tbody>\n<\/table>\n<h2 class=\"product-title\"><strong>RandM 25000 \u00cdzek list\u00e1ja<\/strong><\/h2>\n<p>1. Ban\u00e1n J\u00e9g<br \/>\n2. Eper G\u00f6r\u00f6gdinnye<br \/>\n3. Miami Menta<br \/>\n4. \u00c1fonya M\u00e1lna<br \/>\n5. Fekete J\u00e9g<br \/>\n6. Feh\u00e9r Gumicukor J\u00e9g<br \/>\n7. G\u00f6r\u00f6gdinnye J\u00e9g<br \/>\n8. L\u00e9d\u00fas \u0150szibarack J\u00e9g<br \/>\n9. Pink Limon\u00e1d\u00e9<br \/>\n10. Eper Mang\u00f3<br \/>\n11. \u0150szibarack Mang\u00f3 G\u00f6r\u00f6gdinnye<br \/>\n12. Sz\u0151l\u0151 Citrom<br \/>\n13. Tr\u00f3pusi Sziv\u00e1rv\u00e1ny Robban\u00e1s<br \/>\n14. Cseresznye Bomba<br \/>\n15. Eper Menta Cukorka<br \/>\n16. Dupla Alma<br \/>\n17. \u00c1fonya J\u00e9gen<br \/>\n18. Eper J\u00e9g<br \/>\n19. Buja J\u00e9g<br \/>\n20. Anan\u00e1sz J\u00e9g<br \/>\n21. Sz\u0151l\u0151 J\u00e9g<br \/>\n22. Dr. Blue<br \/>\n23. Kiwi Maracuja Guava<br \/>\n24. Cseresznye Cola<\/p>\n<figure id=\"attachment_3266\" aria-describedby=\"caption-attachment-3266\" style=\"width: 300px\" class=\"wp-caption alignnone\"><img decoding=\"async\" class=\"size-medium wp-image-3266\" src=\"https:\/\/vapestornado.com\/wp-content\/uploads\/2024\/12\/Buy-RandM-Tornado-25K-Vape-300x201.png\" alt=\"V\u00e1s\u00e1roljon Fumot RandM Tornado 250000 Vape-t\" width=\"300\" height=\"201\" srcset=\"https:\/\/vapestornado.com\/wp-content\/uploads\/2024\/12\/Buy-RandM-Tornado-25K-Vape-300x201.png 300w, https:\/\/vapestornado.com\/wp-content\/uploads\/2024\/12\/Buy-RandM-Tornado-25K-Vape-768x515.png 768w, https:\/\/vapestornado.com\/wp-content\/uploads\/2024\/12\/Buy-RandM-Tornado-25K-Vape-600x403.png 600w, https:\/\/vapestornado.com\/wp-content\/uploads\/2024\/12\/Buy-RandM-Tornado-25K-Vape.png 900w\" sizes=\"(max-width: 300px) 100vw, 300px\" \/><figcaption id=\"caption-attachment-3266\" class=\"wp-caption-text\">V\u00e1s\u00e1roljon Fumot RandM Tornado 250000 Vape-t<\/figcaption><\/figure>\n<figure id=\"attachment_3266\" aria-describedby=\"caption-attachment-3266\" style=\"width: 300px\" class=\"wp-caption alignnone\"><img decoding=\"async\" class=\"size-medium wp-image-3266\" src=\"https:\/\/vapestornado.com\/wp-content\/uploads\/2024\/12\/Buy-RandM-Tornado-25K-Vape-300x201.png\" alt=\"V\u00e1s\u00e1roljon Fumot RandM Tornado 250000 Vape-t\" width=\"300\" height=\"201\" srcset=\"https:\/\/vapestornado.com\/wp-content\/uploads\/2024\/12\/Buy-RandM-Tornado-25K-Vape-300x201.png 300w, https:\/\/vapestornado.com\/wp-content\/uploads\/2024\/12\/Buy-RandM-Tornado-25K-Vape-768x515.png 768w, https:\/\/vapestornado.com\/wp-content\/uploads\/2024\/12\/Buy-RandM-Tornado-25K-Vape-600x403.png 600w, https:\/\/vapestornado.com\/wp-content\/uploads\/2024\/12\/Buy-RandM-Tornado-25K-Vape.png 900w\" sizes=\"(max-width: 300px) 100vw, 300px\" \/><figcaption id=\"caption-attachment-3266\" class=\"wp-caption-text\">V\u00e1s\u00e1roljon Fumot RandM Tornado 250000 Vape-t<\/figcaption><\/figure>\n<h3>Mi\u00e9rt \u00e9rdemes a vapestornadot v\u00e1lasztani Fumot 25k Vape nagykereskedelemre?<\/h3>\n<div class=\"flex-shrink-0 flex flex-col relative items-end\">\n<div class=\"pt-0\">\n<div class=\"gizmo-bot-avatar flex h-8 w-8 items-center justify-center overflow-hidden rounded-full\">\n<div class=\"relative p-1 rounded-sm flex items-center justify-center bg-token-main-surface-primary text-token-text-primary h-8 w-8\">\n<p>\u00dcdv\u00f6z\u00f6lj\u00fck a vapestornado-n\u00e1l, a pr\u00e9mium eldobhat\u00f3 vape-ek megb\u00edzhat\u00f3 online vape boltj\u00e1ban. T\u00f6bb mint 5 \u00e9ves szak\u00e9rtelemmel olyan n\u00e9pszer\u0171 eldobhat\u00f3 vape m\u00e1rk\u00e1kat k\u00edn\u00e1lunk, mint a Fumot RandM Vape, Vapme, Bang Vape, Waspe Vape \u00e9s WGA Vape stb.<\/p>\n<p>K\u00edn\u00e1latunkban szerepelnek n\u00e9pszer\u0171 vape-ok, mint a <a href=\"https:\/\/vapestornado.com\/hu\/product\/fumot-randm-tornado-15000-puffs-rechargeable-disposable-vape-wholesale\/\">RandM Torn\u00e1d\u00f3 15000<\/a>, \u00e9s \u00edzgazdag v\u00e1laszt\u00e1sok, mint a <a href=\"https:\/\/vapestornado.com\/hu\/product\/waspe-40000-puffs-double-flavour-led-display-disposable-vape-wholesale\/\">WASPE Dupla \u00cdz 40000 Puffs<\/a> . Minden term\u00e9k\u00fcnket a min\u0151s\u00e9g, \u00e9rt\u00e9k \u00e9s v\u00e1ltozatoss\u00e1g figyelembev\u00e9tel\u00e9vel v\u00e1lasztjuk ki, biztos\u00edtva, hogy megtal\u00e1lja az ig\u00e9nyeinek legmegfelel\u0151bbet. Fedezze fel a kiv\u00e9teles szolg\u00e1ltat\u00e1st \u00e9s a top term\u00e9kek sz\u00e9les v\u00e1laszt\u00e9k\u00e1t nagykereskedelmi \u00e1ron a vapestornado-n.<\/p>\n<\/div>\n<h3><\/h3>\n<div class=\"relative p-1 rounded-sm flex items-center justify-center bg-token-main-surface-primary text-token-text-primary h-8 w-8\">\n<h3>GYIK a RandM 25k eldobhat\u00f3 vape-r\u0151l<\/h3>\n<p data-start=\"4913\" data-end=\"5124\"><strong data-start=\"4913\" data-end=\"4989\">1. Sz\u00fcks\u00e9g\u00fck van k\u00fcl\u00f6n t\u00f6lt\u0151re a Fumot RandM 25K Puff eldobhat\u00f3hoz?<\/strong><br data-start=\"4989\" data-end=\"4992\" \/>Nem. A <strong data-start=\"5000\" data-end=\"5046\">Fumot RandM 25K Puff Touch Egyszer haszn\u00e1latos Vape<\/strong> alap\u00e9rtelmezett <strong data-start=\"5061\" data-end=\"5075\">USB Type-C<\/strong>, \u00edgy b\u00e1rmilyen Type-C k\u00e1bel \u00e9s biztons\u00e1gos USB adapter m\u0171k\u00f6dik.<\/p>\n<p data-start=\"5126\" data-end=\"5380\"><strong data-start=\"5126\" data-end=\"5212\">2. Gyorsabban v\u00e1lik f\u00fcgg\u0151v\u00e9 az egyszer haszn\u00e1latos k\u00e9sz\u00fcl\u00e9k \u2014 bele\u00e9rtve a Fumot RandM 25K Puff-et is?<\/strong><br data-start=\"5212\" data-end=\"5215\" \/>A f\u00fcgg\u0151s\u00e9g kock\u00e1zata f\u00fcgg <strong data-start=\"5241\" data-end=\"5287\">a nikotinszintt\u0151l \u00e9s att\u00f3l, hogy milyen gyakran haszn\u00e1lod<\/strong>, nem csak a puffok sz\u00e1ma sz\u00e1m\u00edt. Ha agg\u00f3dsz, v\u00e1lassz alacsonyabb nikotinszint\u0171 v\u00e1ltozatot \u00e9s m\u00e9rs\u00e9kelt haszn\u00e1latot.<\/p>\n<p data-start=\"5382\" data-end=\"5657\"><strong data-start=\"5382\" data-end=\"5462\">3. Melyik egyszer haszn\u00e1latos k\u00e9sz\u00fcl\u00e9k tart tov\u00e1bb: Fumot RandM 25K Puff vagy 10k\/20k eszk\u00f6z\u00f6k?<\/strong><br data-start=\"5462\" data-end=\"5465\" \/>Val\u00f3s haszn\u00e1lat sor\u00e1n a <strong data-start=\"5482\" data-end=\"5506\">Fumot RandM 25K Puff<\/strong> \u00e1ltal\u00e1ban tov\u00e1bb tart, mert egyes\u00edti a <strong data-start=\"5550\" data-end=\"5612\">25 000+ puff, kett\u0151s h\u00e1l\u00f3s tekercsek \u00e9s \u00fajrat\u00f6lthet\u0151 akkumul\u00e1tor<\/strong>, m\u00edg az alacsonyabb puffsz\u00e1m\u00fa k\u00e9sz\u00fcl\u00e9kek hamarabb elfogynak.<\/p>\n<p data-start=\"5659\" data-end=\"5949\"><strong data-start=\"5659\" data-end=\"5743\">4. Melyek a legjobb \u00edzek a Fumot 25K Puff Touch sorozatban jelenleg?<\/strong><br data-start=\"5743\" data-end=\"5746\" \/>A legkelend\u0151bbek \u00e1ltal\u00e1ban <strong data-start=\"5776\" data-end=\"5814\">gy\u00fcm\u00f6lcs-ice \u00e9s kevert gy\u00fcm\u00f6lcs \u00edzprofilok<\/strong>, mert hosszabb haszn\u00e1lat sor\u00e1n is friss\u00edt\u0151ek maradnak. El\u00e9rhet\u0151s\u00e9g r\u00e9gi\u00f3nk\u00e9nt v\u00e1ltozik, ez\u00e9rt ellen\u0151rizd a term\u00e9koldalon a jelenlegi \u00edzv\u00e1laszt\u00e9kot.<\/p>\n<p data-start=\"5951\" data-end=\"6200\"><strong data-start=\"5951\" data-end=\"6022\">5. Bevihetem-e a RandM 25000 Puff egyszer haszn\u00e1latos vape-et rep\u00fcl\u0151re?<\/strong><br data-start=\"6022\" data-end=\"6025\" \/>A legt\u00f6bb l\u00e9git\u00e1rsas\u00e1g enged\u00e9lyezi az eldobhat\u00f3 eszk\u00f6z\u00f6ket <strong data-start=\"6057\" data-end=\"6085\">csak k\u00e9zipoggy\u00e1szk\u00e9nt<\/strong>, nem feladott poggy\u00e1szk\u00e9nt, az akkumul\u00e1torszab\u00e1lyok miatt. Tartsa z\u00e1rva, \u00e9s miel\u0151tt utazik, ellen\u0151rizze l\u00e9git\u00e1rsas\u00e1ga legfrissebb ir\u00e1nyelveit.<\/p>\n<\/div>\n<\/div>\n<\/div>\n<\/div>","protected":false},"excerpt":{"rendered":"<p>Fumot RandM Tornado 25000 Puffs Touch eldobhat\u00f3 vape<br \/>\nPUFF 25000 RandM Vape Tornado nagykereskedelmi \u00e1r<br \/>\nRandM Vape Tornado 25000 digit\u00e1lis kijelz\u0151s eldobhat\u00f3 vape<\/p>\n<p><strong>Adja hozz\u00e1 Amy-t WhatsApp-on, hogy azonnali v\u00e1laszt \u00e9s vape kupont kapjon!<\/strong><\/p>\n<p><img fetchpriority=\"high\" decoding=\"async\" class=\"size-full wp-image-2932\" src=\"https:\/\/vapestornado.com\/wp-content\/uploads\/2024\/12\/Vape-Wholesale.jpg\" alt=\"Vape nagykereskedelem\" width=\"229\" height=\"300\" \/><\/p>\n<h3><a href=\"https:\/\/wa.me\/8617776015835\"><span style=\"color: #ff0000;\"><strong>WhatsApp: +86 17776015835<\/strong><\/span><\/a><\/h3>\n<p>&nbsp;<\/p>","protected":false},"featured_media":3038,"comment_status":"open","ping_status":"closed","template":"","meta":{"_acf_changed":false,"_uag_custom_page_level_css":"","_lmt_disableupdate":"no","_lmt_disable":"","_monsterinsights_skip_tracking":false,"_monsterinsights_sitenote_active":false,"_monsterinsights_sitenote_note":"","_monsterinsights_sitenote_category":0,"site-sidebar-layout":"default","site-content-layout":"","ast-site-content-layout":"default","site-content-style":"default","site-sidebar-style":"default","ast-global-header-display":"","ast-banner-title-visibility":"","ast-main-header-display":"","ast-hfb-above-header-display":"","ast-hfb-below-header-display":"","ast-hfb-mobile-header-display":"","site-post-title":"","ast-breadcrumbs-content":"","ast-featured-img":"","footer-sml-layout":"","ast-disable-related-posts":"","theme-transparent-header-meta":"default","adv-header-id-meta":"","stick-header-meta":"","header-above-stick-meta":"","header-main-stick-meta":"","header-below-stick-meta":"","astra-migrate-meta-layouts":"set","ast-page-background-enabled":"default","ast-page-background-meta":{"desktop":{"background-color":"","background-image":"","background-repeat":"repeat","background-position":"center center","background-size":"auto","background-attachment":"scroll","background-type":"","background-media":"","overlay-type":"","overlay-color":"","overlay-opacity":"","overlay-gradient":""},"tablet":{"background-color":"","background-image":"","background-repeat":"repeat","background-position":"center center","background-size":"auto","background-attachment":"scroll","background-type":"","background-media":"","overlay-type":"","overlay-color":"","overlay-opacity":"","overlay-gradient":""},"mobile":{"background-color":"","background-image":"","background-repeat":"repeat","background-position":"center center","background-size":"auto","background-attachment":"scroll","background-type":"","background-media":"","overlay-type":"","overlay-color":"","overlay-opacity":"","overlay-gradient":""}},"ast-content-background-meta":{"desktop":{"background-color":"var(--ast-global-color-5)","background-image":"","background-repeat":"repeat","background-position":"center center","background-size":"auto","background-attachment":"scroll","background-type":"","background-media":"","overlay-type":"","overlay-color":"","overlay-opacity":"","overlay-gradient":""},"tablet":{"background-color":"var(--ast-global-color-5)","background-image":"","background-repeat":"repeat","background-position":"center center","background-size":"auto","background-attachment":"scroll","background-type":"","background-media":"","overlay-type":"","overlay-color":"","overlay-opacity":"","overlay-gradient":""},"mobile":{"background-color":"var(--ast-global-color-5)","background-image":"","background-repeat":"repeat","background-position":"center center","background-size":"auto","background-attachment":"scroll","background-type":"","background-media":"","overlay-type":"","overlay-color":"","overlay-opacity":"","overlay-gradient":""}},"_joinchat":{"telephone":"+8617776015835"}},"product_brand":[],"product_cat":[68,58,19],"product_tag":[83,115,117,116,78,114],"class_list":{"0":"post-3064","1":"product","2":"type-product","3":"status-publish","4":"has-post-thumbnail","6":"product_cat-25000-puff","7":"product_cat-fumot-vape","8":"product_cat-vapes","9":"product_tag-fumot-vape","10":"product_tag-randm-25000","11":"product_tag-randm-25k","12":"product_tag-randm-tornado-25000","13":"product_tag-randm-vape","14":"product_tag-tornado-vape","15":"desktop-align-left","16":"tablet-align-left","17":"mobile-align-left","19":"first","20":"instock","21":"sale","22":"shipping-taxable","23":"purchasable","24":"product-type-simple"},"acf":[],"uagb_featured_image_src":{"full":["https:\/\/vapestornado.com\/wp-content\/uploads\/2024\/12\/PUFF-25000-Tornado-RandM-Vape.jpg",1182,1182,false],"thumbnail":["https:\/\/vapestornado.com\/wp-content\/uploads\/2024\/12\/PUFF-25000-Tornado-RandM-Vape-150x150.jpg",150,150,true],"medium":["https:\/\/vapestornado.com\/wp-content\/uploads\/2024\/12\/PUFF-25000-Tornado-RandM-Vape-300x300.jpg",300,300,true],"medium_large":["https:\/\/vapestornado.com\/wp-content\/uploads\/2024\/12\/PUFF-25000-Tornado-RandM-Vape-768x768.jpg",768,768,true],"large":["https:\/\/vapestornado.com\/wp-content\/uploads\/2024\/12\/PUFF-25000-Tornado-RandM-Vape-1024x1024.jpg",1024,1024,true],"1536x1536":["https:\/\/vapestornado.com\/wp-content\/uploads\/2024\/12\/PUFF-25000-Tornado-RandM-Vape.jpg",1182,1182,false],"2048x2048":["https:\/\/vapestornado.com\/wp-content\/uploads\/2024\/12\/PUFF-25000-Tornado-RandM-Vape.jpg",1182,1182,false],"trp-custom-language-flag":["https:\/\/vapestornado.com\/wp-content\/uploads\/2024\/12\/PUFF-25000-Tornado-RandM-Vape.jpg",12,12,false],"woocommerce_thumbnail":["https:\/\/vapestornado.com\/wp-content\/uploads\/2024\/12\/PUFF-25000-Tornado-RandM-Vape-300x300.jpg",300,300,true],"woocommerce_single":["https:\/\/vapestornado.com\/wp-content\/uploads\/2024\/12\/PUFF-25000-Tornado-RandM-Vape-600x600.jpg",600,600,true],"woocommerce_gallery_thumbnail":["https:\/\/vapestornado.com\/wp-content\/uploads\/2024\/12\/PUFF-25000-Tornado-RandM-Vape-100x100.jpg",100,100,true]},"uagb_author_info":{"display_name":"ESAMY","author_link":"https:\/\/vapestornado.com\/hu\/author\/"},"uagb_comment_info":0,"uagb_excerpt":"Fumot RandM Tornado 25000 Puffs Touch Disposable Vape PUFF 25000 RandM Vape Tornado Wholesale Price RandM Vape Tornado 25000 Digital Display Disposable Vape Add Amy's whatsapp get right reply and vape vape coupon! WhatsApp: +86 17776015835 &nbsp;","_links":{"self":[{"href":"https:\/\/vapestornado.com\/hu\/wp-json\/wp\/v2\/product\/3064","targetHints":{"allow":["GET"]}}],"collection":[{"href":"https:\/\/vapestornado.com\/hu\/wp-json\/wp\/v2\/product"}],"about":[{"href":"https:\/\/vapestornado.com\/hu\/wp-json\/wp\/v2\/types\/product"}],"replies":[{"embeddable":true,"href":"https:\/\/vapestornado.com\/hu\/wp-json\/wp\/v2\/comments?post=3064"}],"wp:featuredmedia":[{"embeddable":true,"href":"https:\/\/vapestornado.com\/hu\/wp-json\/wp\/v2\/media\/3038"}],"wp:attachment":[{"href":"https:\/\/vapestornado.com\/hu\/wp-json\/wp\/v2\/media?parent=3064"}],"wp:term":[{"taxonomy":"product_brand","embeddable":true,"href":"https:\/\/vapestornado.com\/hu\/wp-json\/wp\/v2\/product_brand?post=3064"},{"taxonomy":"product_cat","embeddable":true,"href":"https:\/\/vapestornado.com\/hu\/wp-json\/wp\/v2\/product_cat?post=3064"},{"taxonomy":"product_tag","embeddable":true,"href":"https:\/\/vapestornado.com\/hu\/wp-json\/wp\/v2\/product_tag?post=3064"}],"curies":[{"name":"wp","href":"https:\/\/api.w.org\/{rel}","templated":true}]}}