{"id":3062,"date":"2024-12-10T08:21:23","date_gmt":"2024-12-10T08:21:23","guid":{"rendered":"https:\/\/vapestornado.com\/?post_type=product&#038;p=3062"},"modified":"2025-12-05T09:32:41","modified_gmt":"2025-12-05T09:32:41","slug":"randm-tornado-9000-puffs-rechargeable-disposable-vape-wholesale-online","status":"publish","type":"product","link":"https:\/\/vapestornado.com\/hu\/product\/randm-tornado-9000-puffs-rechargeable-disposable-vape-wholesale-online\/","title":{"rendered":"RandM Tornado 9000 Puffs \u00dajrat\u00f6lthet\u0151 Eldobhat\u00f3 Vape Nagykeresked\u00e9s Online"},"content":{"rendered":"<h1 class=\"product-title\">RandM Tornado 9000 Puffs \u00dajrat\u00f6lthet\u0151 Eldobhat\u00f3 Vape Nagykeresked\u00e9s Online<\/h1>\n<p data-start=\"1186\" data-end=\"1344\">RandM Tornado 9000 egy kompakt \u00fajrat\u00f6lthet\u0151 eldobhat\u00f3 k\u00e9sz\u00fcl\u00e9k, t\u00f6bb mint 9 000 sz\u00edv\u00e1ssal, 18 ml el\u0151re t\u00f6lt\u00f6tt folyad\u00e9kkal, 850 mAh-os Type-C akkumul\u00e1torral, h\u00e1l\u00f3s tekercs kimenettel \u00e9s RGB kijelz\u0151vel\u2014hossz\u00fa napi haszn\u00e1latra \u00e9s egy\u00e9rtelm\u0171 nyomon k\u00f6vet\u00e9sre tervezve.<\/p>\n<p data-start=\"545\" data-end=\"882\"><strong data-start=\"545\" data-end=\"591\">T\u00f6bb mint 9 000 sz\u00edv\u00e1s, ami meghosszabb\u00edtja a k\u00e9sz\u00fcl\u00e9k \u00e9lettartam\u00e1t.<\/strong><br data-start=\"591\" data-end=\"594\" \/>A <strong data-start=\"598\" data-end=\"636\">RandM Tornado 9000 eldobhat\u00f3 vape<\/strong> a \u201eegy ideig haszn\u00e1lom\u201d kateg\u00f3ri\u00e1ba tartozik. Ez <strong data-start=\"680\" data-end=\"699\">9K+ sz\u00edv\u00e1si \u00e9rt\u00e9kkel<\/strong> egy stabil l\u00e9p\u00e9s a kis eldobhat\u00f3 k\u00e9sz\u00fcl\u00e9kekhez k\u00e9pest, \u00edgy nem kell minden m\u00e1snap cser\u00e9lni a vapet. Azoknak a rendszeres doh\u00e1nyz\u00f3knak, akik munkak\u00f6zben \u00e9s estefel\u00e9 vapelnek, ez a k\u00f6vetkezetess\u00e9g fontos.<\/p>\n<p data-start=\"884\" data-end=\"1120\"><strong data-start=\"884\" data-end=\"919\">18 ml-es tart\u00e1ly, nincs ut\u00e1nt\u00f6lt\u00e9s, nincs rendetlens\u00e9g.<\/strong><br data-start=\"919\" data-end=\"922\" \/>Minden egys\u00e9g <strong data-start=\"938\" data-end=\"971\">el\u0151re t\u00f6lt\u00f6tt 18 ml-es e-liquiddel \u00e9rkezik<\/strong>, ami megfelel a sz\u00edv\u00e1si sz\u00e1mnak. Az \u00f6tlet egyszer\u0171: nyisd ki a csomagot, vapelj, t\u00f6ltsd \u00fajra, amikor sz\u00fcks\u00e9ges, \u00e9s haszn\u00e1ld el an\u00e9lk\u00fcl, hogy palackokat vagy podokat kellene kezelni.<\/p>\n<p data-start=\"1122\" data-end=\"1338\"><strong data-start=\"1122\" data-end=\"1159\">H\u00e1l\u00f3s tekercs h\u00faz\u00e1s, ami sim\u00e1n tartja a l\u00e9gz\u00e9st.<\/strong><br data-start=\"1159\" data-end=\"1162\" \/>A <strong data-start=\"1164\" data-end=\"1177\">h\u00e1l\u00f3s tekercs<\/strong> egyenletesen osztja el a h\u0151t, \u00edgy a g\u0151z \u00e1lland\u00f3 marad, \u00e9s az \u00edz hosszabb ideig megmarad. Emellett seg\u00edt elker\u00fclni a sz\u00e1raz, meg\u00e9gett sz\u00e9l\u00e9t, amit az alap tekercsek kialak\u00edthatnak, amikor a tart\u00e1ly alacsonyra cs\u00f6kken.<\/p>\n<p data-start=\"1340\" data-end=\"1599\"><strong data-start=\"1340\" data-end=\"1384\">\u00dajrat\u00f6lthet\u0151 850mAh-os akkumul\u00e1tor Type-C csatlakoz\u00f3val.<\/strong><br data-start=\"1384\" data-end=\"1387\" \/>A <strong data-start=\"1391\" data-end=\"1409\">850mAh akkumul\u00e1torral<\/strong> \u00fajrat\u00f6lthet\u0151, \u00e9s <strong data-start=\"1431\" data-end=\"1459\">USB Type-C gyorst\u00f6lt\u00e9ssel<\/strong> praktikus marad. Amikor az energia cs\u00f6kken, egy r\u00f6vid felt\u00f6lt\u00e9s visszahozza a teljes teljes\u00edtm\u00e9nyt, \u00edgy befejezheted az eg\u00e9sz 18 ml-t an\u00e9lk\u00fcl, hogy pazaroln\u00e1d.<\/p>\n<p data-start=\"1822\" data-end=\"2064\"><strong data-start=\"1822\" data-end=\"1857\">54 \u00edz \u00e9s alacsony nikotin opci\u00f3k.<\/strong><br data-start=\"1857\" data-end=\"1860\" \/>A <strong data-start=\"1865\" data-end=\"1879\">54 \u00edz<\/strong>, a RandM Tornado 9K lefedi a szok\u00e1sos EU kedvenceket\u2014gy\u00fcm\u00f6lcs, j\u00e9g, \u00e9des kever\u00e9kek\u2014\u00edgy az emberek a kedvenc\u00fckn\u00e9l maradhatnak. El\u00e9rhet\u0151 alacsony nikotintartalm\u00fa v\u00e1ltozat azok sz\u00e1m\u00e1ra, akik k\u00f6nnyebb napi \u00e9lm\u00e9nyt keresnek.<\/p>\n<p>&nbsp;<\/p>\n<p><strong>Add meg Amy Whatsappj\u00e1t a gyors v\u00e1lasz\u00e9rt \u00e9s vape kupon\u00e9rt!<\/strong><\/p>\n<p><img fetchpriority=\"high\" decoding=\"async\" class=\"size-full wp-image-2932\" src=\"https:\/\/vapestornado.com\/wp-content\/uploads\/2024\/12\/Vape-Wholesale.jpg\" alt=\"Vape nagykereskedelem\" width=\"229\" height=\"300\" \/><\/p>\n<h3><a href=\"https:\/\/wa.me\/8617776015835\" target=\"_blank\" rel=\"noopener\"><span style=\"color: #ff0000;\"><strong>WhatsApp: +86 17776015835<\/strong><\/span><\/a><\/h3>\n<p>&nbsp;<\/p>\n<h2><strong>RandM Tornado 9000 Term\u00e9kjellemz\u0151k<\/strong><\/h2>\n<table>\n<thead>\n<tr>\n<th>Jellemz\u0151 \/ Param\u00e9ter<\/th>\n<th align=\"right\">Spec<\/th>\n<th>Magyar\u00e1zat<\/th>\n<\/tr>\n<\/thead>\n<tbody>\n<tr>\n<td>Term\u00e9k neve<\/td>\n<td align=\"right\">RandM Torn\u00e1d\u00f3 9000<\/td>\n<td>Vil\u00e1gos modelln\u00e9v a rendel\u00e9shez \u00e9s keres\u00e9shez.<\/td>\n<\/tr>\n<tr>\n<td>Slukkkapacit\u00e1s<\/td>\n<td align=\"right\">T\u00f6bb mint 9 000 sz\u00edv\u00e1s<\/td>\n<td>Hosszabb haszn\u00e1lat, mint a standard eldobhat\u00f3 k\u00e9sz\u00fcl\u00e9kek; kevesebb csere.<\/td>\n<\/tr>\n<tr>\n<td>E-liquid \u0171rtartalom<\/td>\n<td align=\"right\">18ml el\u0151re t\u00f6lt\u00f6tt<\/td>\n<td>El\u00e9g nagy ahhoz, hogy a 9K \u00e9rt\u00e9kel\u00e9st \u00fajrat\u00f6lt\u00e9s n\u00e9lk\u00fcl t\u00e1mogassa.<\/td>\n<\/tr>\n<tr>\n<td>Tekercs t\u00edpusa<\/td>\n<td align=\"right\">H\u00e1l\u00f3s tekercs<\/td>\n<td>Egyenletes hev\u00edt\u00e9s = sim\u00e1bb h\u00faz\u00e1s \u00e9s stabilabb \u00edz.<\/td>\n<\/tr>\n<tr>\n<td>Akkumul\u00e1tor<\/td>\n<td align=\"right\">850mAh \u00fajrat\u00f6lthet\u0151<\/td>\n<td>T\u00f6ltse \u00fajra a tankot a befejez\u00e9shez, ahelyett, hogy kor\u00e1n kidobn\u00e1.<\/td>\n<\/tr>\n<tr>\n<td>T\u00f6lt\u00e9s<\/td>\n<td align=\"right\">USB Type-C gyors t\u00f6lt\u00e9s<\/td>\n<td>\u00c1ltal\u00e1nos k\u00e1bel szabv\u00e1ny; gyors felt\u00f6lt\u00e9sek.<\/td>\n<\/tr>\n<tr>\n<td>Kijelz\u0151<\/td>\n<td align=\"right\">RGB kijelz\u0151 felh\u00faz\u00e1ssal + akkumul\u00e1tor inform\u00e1ci\u00f3k<\/td>\n<td>Haszn\u00e1lat \u00e9s marad\u00e9k energia nyomon k\u00f6vet\u00e9se egy pillant\u00e1ssal.<\/td>\n<\/tr>\n<tr>\n<td>\u00cdzek<\/td>\n<td align=\"right\">54 lehet\u0151s\u00e9g<\/td>\n<td>Sz\u00e9les v\u00e1laszt\u00e9k k\u00fcl\u00f6nb\u00f6z\u0151 \u00edzekhez \u00e9s piacokhoz.<\/td>\n<\/tr>\n<tr>\n<td>Nikotin<\/td>\n<td align=\"right\">Alacsony-nikotin v\u00e1ltozatok el\u00e9rhet\u0151k<\/td>\n<td>K\u00f6nnyebb napi fogyaszt\u00e1shoz vagy cs\u00f6kkent\u0151 felhaszn\u00e1l\u00f3knak megfelel\u0151.<\/td>\n<\/tr>\n<tr>\n<td>Forma<\/td>\n<td align=\"right\">Kompakt, hordozhat\u00f3 test<\/td>\n<td>Egyszer\u0171 hordoz\u00e1s munkanapokra \u00e9s utaz\u00e1shoz.<\/td>\n<\/tr>\n<tr>\n<td>Aktiv\u00e1l\u00e1s<\/td>\n<td align=\"right\">Sz\u00edv\u00e1sra aktiv\u00e1l\u00f3dik<\/td>\n<td>Nincs gomb; sz\u00edvj be a vap\u00e9zhez.<\/td>\n<\/tr>\n<\/tbody>\n<\/table>\n<h2 class=\"product-title\"><strong>RandM 9000 \u00cdzek List\u00e1ja<\/strong><\/h2>\n<p>1 \u00c1fonya M\u00e1lna<br \/>\n2 Mr. K\u00e9k<br \/>\n3 Eper G\u00f6r\u00f6gdinnye<br \/>\n4 Narancssz\u00f3da<br \/>\n5 G\u00f6r\u00f6gdinnye R\u00e1g\u00f3gumi<br \/>\n6 Sziv\u00e1rv\u00e1ny Cukorka<br \/>\n7 R\u00f3zsasz\u00edn Limon\u00e1d\u00e9<br \/>\n8 \u0150szibarack Mang\u00f3 Anan\u00e1sz<br \/>\n9 Eper Ban\u00e1n<br \/>\n10 Buja J\u00e9g<br \/>\n11 Fekete S\u00e1rk\u00e1ny J\u00e9g<br \/>\n12 Aloe Sz\u0151l\u0151<br \/>\n13 K\u00e9k Razz J\u00e9g<br \/>\n14 Kivi Maracuja Guava<br \/>\n15 Gumimaci<br \/>\n16 Vegyes Bogy\u00f3k<br \/>\n17 H\u0171v\u00f6s Menta<br \/>\n18 M\u00e1lna G\u00f6r\u00f6gdinnye<br \/>\n19 Barack Limon\u00e1d\u00e9<br \/>\n20 Guava J\u00e9g<br \/>\n21 Eper Limon\u00e1d\u00e9<br \/>\n22 G\u00f6r\u00f6gdinnye Brazz J\u00e9g<br \/>\n23 Ban\u00e1nkr\u00e9m<br \/>\n24 Barack Bogy\u00f3<br \/>\n25 Eperkr\u00e9m<br \/>\n26 Savany\u00fa Cukorka<br \/>\n27 Citrom<br \/>\n28 Cseresznye<br \/>\n29 Pezsg\u0151 cseresznye<br \/>\n30 \u00c1fonya cseresznye t\u0151zeg\u00e1fonya<br \/>\n31 Vimto<br \/>\n32 Skittles<br \/>\n33 Fekete j\u00e9g<br \/>\n34 Sz\u0151l\u0151<br \/>\n35 Bluelicious j\u00e9g<br \/>\n36 Eper j\u00e9g<br \/>\n37 K\u00e9k m\u00e1lna Kush<br \/>\n38 J\u00e9gnyal\u00f3ka<br \/>\n39 \u00c1fonya savany\u00fa m\u00e1lna<br \/>\n40 Anan\u00e1sz<br \/>\n41 Cseresznye \u0151szibarack limon\u00e1d\u00e9<br \/>\n42 Eper m\u00e1lna cseresznye j\u00e9g<br \/>\n43 H\u00e1romszoros mang\u00f3<br \/>\n44 Eper m\u00e1lna j\u00e9g<br \/>\n45 Eper g\u00f6r\u00f6gdinnye r\u00e1g\u00f3gumi<br \/>\n46 Prime Eper g\u00f6r\u00f6gdinnye<br \/>\n47 G\u00f6r\u00f6gdinnye j\u00e9g<\/p>\n<h3>Mi\u00e9rt v\u00e1lassza a vapestornado-t a RandM Tornado 9k Vape nagykereskedelm\u00e9hez?<\/h3>\n<div class=\"flex-shrink-0 flex flex-col relative items-end\">\n<div class=\"pt-0\">\n<div class=\"gizmo-bot-avatar flex h-8 w-8 items-center justify-center overflow-hidden rounded-full\">\n<div class=\"relative p-1 rounded-sm flex items-center justify-center bg-token-main-surface-primary text-token-text-primary h-8 w-8\">\n<p>\u00dcdv\u00f6z\u00f6lj\u00fck a vapestornado-n\u00e1l, a pr\u00e9mium eldobhat\u00f3 vape-ek megb\u00edzhat\u00f3 online vape boltj\u00e1ban. T\u00f6bb mint 5 \u00e9ves szak\u00e9rtelemmel olyan n\u00e9pszer\u0171 eldobhat\u00f3 vape m\u00e1rk\u00e1kat k\u00edn\u00e1lunk, mint a Fumot RandM Vape, Vapme, Bang Vape, Waspe Vape \u00e9s WGA Vape stb.<\/p>\n<p>K\u00edn\u00e1latunkban szerepelnek n\u00e9pszer\u0171 vape-ok, mint a <a href=\"https:\/\/vapestornado.com\/hu\/product\/randm-12000-puffs-fumot-digital-disposable-vape-wholesale-price\/\">RandM Torn\u00e1d\u00f3 12000<\/a>, \u00e9s \u00edzgazdag v\u00e1laszt\u00e1sok, mint a <a href=\"https:\/\/vapestornado.com\/hu\/product\/fumot-randm-tornado-15000-puffs-rechargeable-disposable-vape-wholesale\/\">Randm 15000 Puffs<\/a> . Minden term\u00e9k min\u0151s\u00e9gre, \u00e9rt\u00e9kre \u00e9s v\u00e1ltozatoss\u00e1gra f\u00f3kusz\u00e1lva van kiv\u00e1lasztva, \u00edgy biztosan megtal\u00e1lja az ig\u00e9nyeinek legink\u00e1bb megfelel\u0151t. Fedezze fel a kiv\u00e9teles szolg\u00e1ltat\u00e1st \u00e9s a min\u0151s\u00e9gi term\u00e9kek sz\u00e9les v\u00e1laszt\u00e9k\u00e1t a vapestornad\u00f3n\u00e1l.<\/p>\n<\/div>\n<h3><\/h3>\n<div class=\"relative p-1 rounded-sm flex items-center justify-center bg-token-main-surface-primary text-token-text-primary h-8 w-8\">\n<h3>GYIK a Fumot 9k eldobhat\u00f3 vape-r\u0151l<\/h3>\n<\/div>\n<\/div>\n<\/div>\n<\/div>\n<div class=\"flex-shrink-0 flex flex-col relative items-end\">\n<div class=\"pt-0\">\n<div class=\"gizmo-bot-avatar flex h-8 w-8 items-center justify-center overflow-hidden rounded-full\">\n<p data-start=\"3174\" data-end=\"3366\"><strong data-start=\"3174\" data-end=\"3237\">1. Sz\u00fcks\u00e9ge van-e a RandM Tornado 9K t\u00f6lt\u00e9s\u00e9re els\u0151 haszn\u00e1lat el\u0151tt<\/strong><br data-start=\"3237\" data-end=\"3240\" \/>Nem. A <strong data-start=\"3248\" data-end=\"3279\">RandM Tornado 9K eldobhat\u00f3<\/strong> k\u00e9sz a dobozb\u00f3l. A t\u00f6lt\u00e9s csak k\u00e9s\u0151bb sz\u00fcks\u00e9ges a teljes 18 ml-es k\u00e9szlet befejez\u00e9s\u00e9hez.<\/p>\n<p data-start=\"3368\" data-end=\"3611\"><strong data-start=\"3368\" data-end=\"3444\">2. Mennyit b\u00edr egy RandM Tornado 9000 Puffs vape egy napi doh\u00e1nyos sz\u00e1m\u00e1ra<\/strong><br data-start=\"3444\" data-end=\"3447\" \/>A haszn\u00e1lat v\u00e1ltoz\u00f3, de a <strong data-start=\"3469\" data-end=\"3497\">RandM Tornado 9000 Puffs<\/strong> modell \u00e1ltal\u00e1ban sokkal tov\u00e1bb tart, mint a 3k\u20135k eldobhat\u00f3, magasabb puff \u00e9rt\u00e9ke \u00e9s \u00fajrat\u00f6lthet\u0151 akkumul\u00e1tora miatt.<\/p>\n<p data-start=\"3613\" data-end=\"3838\"><strong data-start=\"3613\" data-end=\"3683\">3. Jobb-e a RandM Tornado 9000 h\u00e1l\u00f3s spir\u00e1l, mint egy standard spir\u00e1l<\/strong><br data-start=\"3683\" data-end=\"3686\" \/>Igen a gyakorlatban. A <strong data-start=\"3707\" data-end=\"3739\">RandM Tornado 9000 h\u00e1l\u00f3sz\u00e1las tekercs<\/strong> egyenletesebben melegszik, ami sim\u00e1bb g\u0151zt t\u00e1mogat, \u00e9s seg\u00edt cs\u00f6kkenteni az \u00edzvesztes\u00e9get k\u00e9s\u0151bb a k\u00e9sz\u00fcl\u00e9kben.<\/p>\n<p data-start=\"3840\" data-end=\"4039\"><strong data-start=\"3840\" data-end=\"3901\">4. Haszn\u00e1lhat\u00f3-e a RandM Tornado 9,000+ alacsony nikotintartalm\u00faval<\/strong><br data-start=\"3901\" data-end=\"3904\" \/>Igen. <strong data-start=\"3909\" data-end=\"3950\">A RandM Tornado 9,000+ alacsony nikotintartalm\u00fa v\u00e1ltozatai<\/strong> el\u00e9rhet\u0151k azok sz\u00e1m\u00e1ra, akik ink\u00e1bb k\u00f6nnyebb napi adagokat szeretn\u00e9nek vagy t\u00f6bb kontrollt akarnak az adagol\u00e1s felett.<\/p>\n<p data-start=\"4041\" data-end=\"4330\"><strong data-start=\"4041\" data-end=\"4113\">5. Mi k\u00fcl\u00f6nb\u00f6zteti meg a RandM Tornado 9000-et m\u00e1s 9K eldobhat\u00f3kt\u00f3l<\/strong><br data-start=\"4113\" data-end=\"4116\" \/>A <strong data-start=\"4120\" data-end=\"4142\">RandM Torn\u00e1d\u00f3 9000<\/strong> egy magas puff \u00e9rt\u00e9kkel kombin\u00e1lva <strong data-start=\"4179\" data-end=\"4210\">850mAh-s \u00fajrat\u00f6lthet\u0151 akkumul\u00e1torral<\/strong>, <strong data-start=\"4212\" data-end=\"4231\">\u00e9s a Type-C t\u00f6lt\u00e9s<\/strong>, \u00e9s egy <strong data-start=\"4240\" data-end=\"4254\">RGB kijelz\u0151<\/strong> amely nyomon k\u00f6veti mind a puffokat, mind a teljes\u00edtm\u00e9nyt\u2014ezek a funkci\u00f3k nem mindig vannak jelen ebben a kateg\u00f3ri\u00e1ban.<\/p>\n<\/div>\n<\/div>\n<\/div>","protected":false},"excerpt":{"rendered":"<p>RandM Tornado 9000 Egyszer haszn\u00e1latos Vape \u2014 t\u00f6bb mint 9K sz\u00edv\u00e1s a mindennapi megb\u00edzhat\u00f3s\u00e1g\u00e9rt<br \/>\nRandM Tornado 9K Mesh Tekercs \u00cdz \u00e9s Type-C \u00dajrat\u00f6lthet\u0151 Energia<br \/>\nFumot Tornado 9000 \u00cdzek (54 Opci\u00f3) RGB \u00c9l\u0151 K\u00e9perny\u0151 Vez\u00e9rl\u00e9ssel<\/p>\n<p><strong>Adja hozz\u00e1 Amy-t WhatsApp-on, hogy azonnali v\u00e1laszt \u00e9s vape kupont kapjon!<\/strong><\/p>\n<p><img fetchpriority=\"high\" decoding=\"async\" class=\"size-full wp-image-2932\" src=\"https:\/\/vapestornado.com\/wp-content\/uploads\/2024\/12\/Vape-Wholesale.jpg\" alt=\"Vape nagykereskedelem\" width=\"229\" height=\"300\" \/><\/p>\n<h3><a href=\"https:\/\/wa.me\/8617776015835\"><span style=\"color: #ff0000;\"><strong>WhatsApp: +86 17776015835<\/strong><\/span><\/a><\/h3>\n<p>&nbsp;<\/p>","protected":false},"featured_media":3050,"comment_status":"open","ping_status":"closed","template":"","meta":{"_acf_changed":false,"_uag_custom_page_level_css":"","_lmt_disableupdate":"no","_lmt_disable":"","_monsterinsights_skip_tracking":false,"_monsterinsights_sitenote_active":false,"_monsterinsights_sitenote_note":"","_monsterinsights_sitenote_category":0,"site-sidebar-layout":"default","site-content-layout":"","ast-site-content-layout":"default","site-content-style":"default","site-sidebar-style":"default","ast-global-header-display":"","ast-banner-title-visibility":"","ast-main-header-display":"","ast-hfb-above-header-display":"","ast-hfb-below-header-display":"","ast-hfb-mobile-header-display":"","site-post-title":"","ast-breadcrumbs-content":"","ast-featured-img":"","footer-sml-layout":"","ast-disable-related-posts":"","theme-transparent-header-meta":"default","adv-header-id-meta":"","stick-header-meta":"","header-above-stick-meta":"","header-main-stick-meta":"","header-below-stick-meta":"","astra-migrate-meta-layouts":"set","ast-page-background-enabled":"default","ast-page-background-meta":{"desktop":{"background-color":"","background-image":"","background-repeat":"repeat","background-position":"center center","background-size":"auto","background-attachment":"scroll","background-type":"","background-media":"","overlay-type":"","overlay-color":"","overlay-opacity":"","overlay-gradient":""},"tablet":{"background-color":"","background-image":"","background-repeat":"repeat","background-position":"center center","background-size":"auto","background-attachment":"scroll","background-type":"","background-media":"","overlay-type":"","overlay-color":"","overlay-opacity":"","overlay-gradient":""},"mobile":{"background-color":"","background-image":"","background-repeat":"repeat","background-position":"center center","background-size":"auto","background-attachment":"scroll","background-type":"","background-media":"","overlay-type":"","overlay-color":"","overlay-opacity":"","overlay-gradient":""}},"ast-content-background-meta":{"desktop":{"background-color":"var(--ast-global-color-5)","background-image":"","background-repeat":"repeat","background-position":"center center","background-size":"auto","background-attachment":"scroll","background-type":"","background-media":"","overlay-type":"","overlay-color":"","overlay-opacity":"","overlay-gradient":""},"tablet":{"background-color":"var(--ast-global-color-5)","background-image":"","background-repeat":"repeat","background-position":"center center","background-size":"auto","background-attachment":"scroll","background-type":"","background-media":"","overlay-type":"","overlay-color":"","overlay-opacity":"","overlay-gradient":""},"mobile":{"background-color":"var(--ast-global-color-5)","background-image":"","background-repeat":"repeat","background-position":"center center","background-size":"auto","background-attachment":"scroll","background-type":"","background-media":"","overlay-type":"","overlay-color":"","overlay-opacity":"","overlay-gradient":""}},"_joinchat":{"telephone":"+8617776015835"}},"product_brand":[],"product_cat":[73,154,157,160,58,148],"product_tag":[83,113,112,78,114],"class_list":{"0":"post-3062","1":"product","2":"type-product","3":"status-publish","4":"has-post-thumbnail","6":"product_cat-9000-puff","7":"product_cat-buy-disposable-vapes-in-netherlands","8":"product_cat-buy-disposable-vapes-in-portugal","9":"product_cat-buy-disposable-vapes-in-switzerland","10":"product_cat-fumot-vape","11":"product_cat-tornado-disposable-vapes","12":"product_tag-fumot-vape","13":"product_tag-randm-9000","14":"product_tag-randm-tornado-9000","15":"product_tag-randm-vape","16":"product_tag-tornado-vape","17":"desktop-align-left","18":"tablet-align-left","19":"mobile-align-left","21":"first","22":"instock","23":"sale","24":"shipping-taxable","25":"purchasable","26":"product-type-simple"},"acf":[],"uagb_featured_image_src":{"full":["https:\/\/vapestornado.com\/wp-content\/uploads\/2024\/12\/RandM-9000-Tornado-Fumot-Vape.jpg",800,800,false],"thumbnail":["https:\/\/vapestornado.com\/wp-content\/uploads\/2024\/12\/RandM-9000-Tornado-Fumot-Vape-150x150.jpg",150,150,true],"medium":["https:\/\/vapestornado.com\/wp-content\/uploads\/2024\/12\/RandM-9000-Tornado-Fumot-Vape-300x300.jpg",300,300,true],"medium_large":["https:\/\/vapestornado.com\/wp-content\/uploads\/2024\/12\/RandM-9000-Tornado-Fumot-Vape-768x768.jpg",768,768,true],"large":["https:\/\/vapestornado.com\/wp-content\/uploads\/2024\/12\/RandM-9000-Tornado-Fumot-Vape.jpg",800,800,false],"1536x1536":["https:\/\/vapestornado.com\/wp-content\/uploads\/2024\/12\/RandM-9000-Tornado-Fumot-Vape.jpg",800,800,false],"2048x2048":["https:\/\/vapestornado.com\/wp-content\/uploads\/2024\/12\/RandM-9000-Tornado-Fumot-Vape.jpg",800,800,false],"trp-custom-language-flag":["https:\/\/vapestornado.com\/wp-content\/uploads\/2024\/12\/RandM-9000-Tornado-Fumot-Vape.jpg",12,12,false],"woocommerce_thumbnail":["https:\/\/vapestornado.com\/wp-content\/uploads\/2024\/12\/RandM-9000-Tornado-Fumot-Vape-300x300.jpg",300,300,true],"woocommerce_single":["https:\/\/vapestornado.com\/wp-content\/uploads\/2024\/12\/RandM-9000-Tornado-Fumot-Vape-600x600.jpg",600,600,true],"woocommerce_gallery_thumbnail":["https:\/\/vapestornado.com\/wp-content\/uploads\/2024\/12\/RandM-9000-Tornado-Fumot-Vape-100x100.jpg",100,100,true]},"uagb_author_info":{"display_name":"ESAMY","author_link":"https:\/\/vapestornado.com\/hu\/author\/"},"uagb_comment_info":0,"uagb_excerpt":"RandM Tornado 9000 Disposable Vape \u2014 9K+ Puffs for Day-to-Day Reliability RandM Tornado 9K Mesh Coil Flavor and Type-C Rechargeable Power Fumot Tornado 9000 Flavors (54 Options) with RGB Live Screen Control Add Amy's whatsapp get right reply and vape vape coupon! WhatsApp: +86 17776015835 &nbsp;","_links":{"self":[{"href":"https:\/\/vapestornado.com\/hu\/wp-json\/wp\/v2\/product\/3062","targetHints":{"allow":["GET"]}}],"collection":[{"href":"https:\/\/vapestornado.com\/hu\/wp-json\/wp\/v2\/product"}],"about":[{"href":"https:\/\/vapestornado.com\/hu\/wp-json\/wp\/v2\/types\/product"}],"replies":[{"embeddable":true,"href":"https:\/\/vapestornado.com\/hu\/wp-json\/wp\/v2\/comments?post=3062"}],"wp:featuredmedia":[{"embeddable":true,"href":"https:\/\/vapestornado.com\/hu\/wp-json\/wp\/v2\/media\/3050"}],"wp:attachment":[{"href":"https:\/\/vapestornado.com\/hu\/wp-json\/wp\/v2\/media?parent=3062"}],"wp:term":[{"taxonomy":"product_brand","embeddable":true,"href":"https:\/\/vapestornado.com\/hu\/wp-json\/wp\/v2\/product_brand?post=3062"},{"taxonomy":"product_cat","embeddable":true,"href":"https:\/\/vapestornado.com\/hu\/wp-json\/wp\/v2\/product_cat?post=3062"},{"taxonomy":"product_tag","embeddable":true,"href":"https:\/\/vapestornado.com\/hu\/wp-json\/wp\/v2\/product_tag?post=3062"}],"curies":[{"name":"wp","href":"https:\/\/api.w.org\/{rel}","templated":true}]}}