{"id":3033,"date":"2024-12-10T06:54:50","date_gmt":"2024-12-10T06:54:50","guid":{"rendered":"https:\/\/vapestornado.com\/?post_type=product&#038;p=3033"},"modified":"2025-08-23T10:12:12","modified_gmt":"2025-08-23T10:12:12","slug":"wga-crystal-pro-max-15k-puffs-wholesale-price-vape-pods","status":"publish","type":"product","link":"https:\/\/vapestornado.com\/hu\/product\/wga-crystal-pro-max-15k-puffs-wholesale-price-vape-pods\/","title":{"rendered":"WGA Crystal Pro Max 15k Puffs nagykereskedelmi \u00e1r\u00fa Vape Pods"},"content":{"rendered":"<h1>WGA Crystal Pro Max 15k Puffs nagykereskedelmi \u00e1r\u00fa Vape Pods<\/h1>\n<p data-start=\"286\" data-end=\"581\">A <strong data-start=\"290\" data-end=\"339\">WGA Crystal Pro Max 15K Puffs Eldobhat\u00f3 Vape<\/strong> a nagykeresked\u0151k \u00e9s kiskeresked\u0151k sz\u00e1m\u00e1ra k\u00e9sz\u00fclt, akik megb\u00edzhat\u00f3, nagy kereslet\u0171 term\u00e9keket keresnek az eur\u00f3pai piacon. Ak\u00e1r <strong data-start=\"457\" data-end=\"484\">15000 bef\u00faj\u00e1s \u2013 Meghosszabb\u00edtott Vaping \u00c9lvezet<\/strong> \u00e9s egy <strong data-start=\"491\" data-end=\"524\">25 ml el\u0151ret\u00f6lt\u00f6tt e-liquid tart\u00e1llyal<\/strong>hosszabb haszn\u00e1latot \u00e9s er\u0151s viszontelad\u00e1si potenci\u00e1lt biztos\u00edt.<\/p>\n<p data-start=\"583\" data-end=\"874\">Egy <strong data-start=\"596\" data-end=\"627\">650mAh-s \u00fajrat\u00f6lthet\u0151 akkumul\u00e1tor<\/strong> \u00e1ltal m\u0171k\u00f6dtetve <strong data-start=\"633\" data-end=\"657\">Type-C gyorst\u00f6lt\u00e9ssel<\/strong>a Crystal Pro Max megszak\u00edt\u00e1s n\u00e9lk\u00fcli, egyenletes haszn\u00e1latot biztos\u00edt. A <strong data-start=\"732\" data-end=\"759\">val\u00f3s idej\u0171 LED kijelz\u0151<\/strong> t\u00e1j\u00e9koztatja a felhaszn\u00e1l\u00f3kat az akkumul\u00e1tor \u00e1llapot\u00e1r\u00f3l, m\u00edg a <strong data-start=\"810\" data-end=\"828\">0,8\u03a9 mesh coil<\/strong> fokozza a g\u0151z s\u0171r\u0171s\u00e9g\u00e9t \u00e9s az \u00edzek \u00e1tad\u00e1s\u00e1t.<\/p>\n<p data-start=\"876\" data-end=\"1231\">Kompakt \u00e9s hordozhat\u00f3 <strong data-start=\"900\" data-end=\"923\">43 mm \u00d7 23 mm \u00d7 105 mm<\/strong>, a <strong data-start=\"929\" data-end=\"961\">WGA Krist\u00e1ly Pro Max 15K Vape<\/strong> k\u00f6nnyen hordozhat\u00f3, st\u00edlusos a megjelen\u00e9se, \u00e9s sz\u00e1mos \u00edzben kaphat\u00f3, hogy megfeleljen a k\u00fcl\u00f6nb\u00f6z\u0151 preferenci\u00e1knak. Kapacit\u00e1s\u00e1nak, kialak\u00edt\u00e1s\u00e1nak \u00e9s versenyk\u00e9pes <strong data-start=\"1133\" data-end=\"1154\">nagykereskedelmi \u00e1raz\u00e1si<\/strong> \u00e1r\u00e1nak k\u00f6sz\u00f6nhet\u0151en kiv\u00e1l\u00f3 v\u00e1laszt\u00e1s a magyarorsz\u00e1gi kiskeresked\u0151k \u00e9s forgalmaz\u00f3k sz\u00e1m\u00e1ra.<\/p>\n<p>&nbsp;<\/p>\n<p><img fetchpriority=\"high\" decoding=\"async\" class=\"size-medium wp-image-2951\" src=\"https:\/\/vapestornado.com\/wp-content\/uploads\/2024\/12\/Wholesale-Disposable-Vape-265x300.jpg\" alt=\"Nagykereskedelmi eldobhat\u00f3 Vape\" width=\"265\" height=\"300\" srcset=\"https:\/\/vapestornado.com\/wp-content\/uploads\/2024\/12\/Wholesale-Disposable-Vape-265x300.jpg 265w, https:\/\/vapestornado.com\/wp-content\/uploads\/2024\/12\/Wholesale-Disposable-Vape-768x871.jpg 768w, https:\/\/vapestornado.com\/wp-content\/uploads\/2024\/12\/Wholesale-Disposable-Vape-600x680.jpg 600w, https:\/\/vapestornado.com\/wp-content\/uploads\/2024\/12\/Wholesale-Disposable-Vape.jpg 823w\" sizes=\"(max-width: 265px) 100vw, 265px\" \/><\/p>\n<h6><span style=\"font-size: 1.1em; font-weight: bold;\">K\u00e9rj\u00fck, vegye fel a kapcsolatot Mandy WhatsApp-j\u00e1val a kedvezm\u00e9nyes \u00e1r\u00e9rt<\/span><a style=\"font-size: 1.1em; font-weight: bold; background-color: #ffffff;\" href=\"https:\/\/wa.me\/8618077105796\" target=\"_blank\" rel=\"noopener\">+8618077105796<\/a><\/h6>\n<p>&nbsp;<\/p>\n<h2><strong>WGA The Crystal Pro Max Extra 15 000 Puffs Vape \u2013 F\u0151bb specifik\u00e1ci\u00f3k<\/strong><\/h2>\n<ul>\n<li><strong>Kiterjedt slukk kapacit\u00e1s<\/strong>: Ak\u00e1r 15 000 slukkot biztos\u00edt eszk\u00f6z\u00f6nk\u00e9nt, ami hosszan tart\u00f3 haszn\u00e1latot \u00e9s kevesebb cser\u00e9t tesz lehet\u0151v\u00e9.<\/li>\n<li><strong>650mAh \u00fajrat\u00f6lthet\u0151 akkumul\u00e1tor<\/strong>: Tart\u00f3s 650 mAh-s akkumul\u00e1torral rendelkezik a stabil energiaell\u00e1t\u00e1s \u00e9rdek\u00e9ben minden egyes \u00fcl\u00e9s sor\u00e1n.<\/li>\n<li><strong>Hat\u00e9kony Type-C t\u00f6lt\u00e9s<\/strong>: Modern Type-C portot tartalmaz a gyors \u00e9s k\u00e9nyelmes t\u00f6lt\u00e9shez, hogy eszk\u00f6ze mindig k\u00e9szen \u00e1lljon.<\/li>\n<li><strong>Nagy e-liquid kapacit\u00e1s<\/strong>: 25 ml-es e-liquid tart\u00e1llyal van felszerelve, amely t\u00e1mogatja a hossz\u00fa vaping \u00fcl\u00e9seket \u00e1lland\u00f3 \u00fajrat\u00f6lt\u00e9s n\u00e9lk\u00fcl.<\/li>\n<li><strong>LED akkumul\u00e1tor \u00e1llapotjelz\u0151<\/strong>: Val\u00f3s idej\u0171 LED jelz\u0151t tartalmaz az akkumul\u00e1tor t\u00f6lt\u00f6tts\u00e9gi szintj\u00e9nek figyel\u00e9s\u00e9re \u00e9s a v\u00e1ratlan megszak\u00edt\u00e1sok elker\u00fcl\u00e9s\u00e9re.<\/li>\n<li><strong>Hordozhat\u00f3 \u00e9s st\u00edlusos kialak\u00edt\u00e1s<\/strong>: A 43 mm x 23 mm x 105 mm-es kompakt m\u00e9retek biztos\u00edtj\u00e1k a k\u00f6nny\u0171 kezelhet\u0151s\u00e9get \u00e9s a hordozhat\u00f3s\u00e1got, ide\u00e1lis \u00fatk\u00f6zbeni haszn\u00e1latra.<\/li>\n<\/ul>\n<h2><strong>WGA Crystal Pro Max 15k Puffs \u00cdzlista:<\/strong><\/h2>\n<p>1.G\u00d6R\u00d6GDINNYE J\u00c9G<br \/>\n2.\u00c1FONYA M\u00c1LNA<br \/>\n3.SZ\u00c9NSAVAS CSERESZNYE<br \/>\n4.GUMICUKOR<br \/>\n5.CITROM LIME<br \/>\n6.EPER J\u00c9G<br \/>\n7.\u00c1FONYA SAVANY\u00da M\u00c1LNA<br \/>\n8.K\u00c9K RAZZ J\u00c9G<br \/>\n9.MR K\u00c9K<br \/>\n10.SKITTLES<br \/>\n11.\u00c1FONYA CSERESZNYE \u00c1FONYA<br \/>\n12.SZAFTOS \u0150SZIBARACK<br \/>\n13.Eper m\u00e1lna cseresznye j\u00e9g<br \/>\n14.HUBBA BUBBA<br \/>\n15.Szeder \u00e1fonya m\u00e1lna<br \/>\n16.Epres j\u00e9gkr\u00e9m<br \/>\n17.\u00c1fony\u00e1s j\u00e9gkr\u00e9m<br \/>\n18.Prime eper g\u00f6r\u00f6gdinnye<br \/>\n19.Eper cseresznye r\u00e1g\u00f3gumi<br \/>\n20. M\u00e1lna cseresznye j\u00e9g<br \/>\n21. ANAN\u00c1SZ J\u00c9G<br \/>\n22. NY\u00c1RI \u00c1LOM<br \/>\n23. WGA PINK<br \/>\n24. FRISS MENTA<br \/>\n25. K\u00c9TSZERES ALMA<br \/>\n26. H\u00c1ROMSZOROS MANG\u00d3<br \/>\n27. FEKETE S\u00c1RK\u00c1NY J\u00c9G<br \/>\n28. COLA J\u00c9G<br \/>\n29. ANAN\u00c1SZ CITROM<br \/>\n30.MR Fekete<br \/>\n31.KIWI MARACUJA GUAVA<\/p>\n<h3><strong>Mi\u00e9rt v\u00e1lassza a WGA The Crystal Pro Max 15 000 Puffs Vape-et?<\/strong><\/h3>\n<ul>\n<li><strong>Kiv\u00e9teles \u00edzprofilok<\/strong>: Mer\u00fclj\u00f6n el az \u00e9l\u00e9nk \u00e9s friss\u00edt\u0151 gy\u00fcm\u00f6lcs\u00edzek v\u00e1logatott k\u00edn\u00e1lat\u00e1ban, amelyek mindegyike \u00fagy lett kialak\u00edtva, hogy folyamatosan kellemes g\u0151z\u00f6l\u00e9si \u00e9lm\u00e9nyt ny\u00fajtson.<\/li>\n<li><strong>K\u00f6nnyed k\u00e9nyelem<\/strong>: Az egyszer\u0171s\u00e9get szem el\u0151tt tartva tervezt\u00e9k, ez az eldobhat\u00f3 vape z\u00f6kken\u0151mentes \u00e9s stresszmentes m\u00f3dot k\u00edn\u00e1l a pr\u00e9mium g\u0151z\u00f6l\u00e9s \u00e9lvezet\u00e9re b\u00e1rmikor, b\u00e1rhol.<\/li>\n<li><strong>Tart\u00f3ss\u00e1g \u00e9s teljes\u00edtm\u00e9ny<\/strong>: Ak\u00e1r 15 000 slukkig, egy robusztus 650 mAh-s \u00fajrat\u00f6lthet\u0151 akkumul\u00e1torral \u00e9s egy 25 ml-es e-liquid kapacit\u00e1ssal ez a vape \u00fagy lett meg\u00e9p\u00edtve, hogy megb\u00edzhat\u00f3 teljes\u00edtm\u00e9nyt ny\u00fajtson hosszabb ideig.<\/li>\n<li><strong>Modern \u00e9s kompakt design<\/strong>: Eleg\u00e1ns m\u00e9retei \u00e9s eleg\u00e1ns fel\u00e9p\u00edt\u00e9se biztos\u00edtj\u00e1k a hordozhat\u00f3s\u00e1got a st\u00edlus vagy a funkcionalit\u00e1s fel\u00e1ldoz\u00e1sa n\u00e9lk\u00fcl.<\/li>\n<\/ul>\n<p>A <strong>WGA A Krist\u00e1ly Pro Max Extra 15000 Puffs Vape Pod\u00a0<\/strong> a t\u00f6k\u00e9letes v\u00e1laszt\u00e1s a k\u00e9nyelmet, a teljes\u00edtm\u00e9nyt \u00e9s a kiv\u00e9teles \u00e9rz\u00e9kszervi \u00e9lm\u00e9nyt keres\u0151 g\u0151z\u00f6l\u0151k sz\u00e1m\u00e1ra. A cs\u00facstechnol\u00f3gia \u00e9s a kiv\u00e1l\u00f3 \u00edz t\u00f6k\u00e9letes f\u00fazi\u00f3ja v\u00e1r r\u00e1d.<\/p>\n<p>&nbsp;<\/p>\n<h3><strong>GYIK a WGA The Crystal Pro Max 15 000 Puffs \u00fajrat\u00f6lthet\u0151 Vape-r\u0151l<\/strong><\/h3>\n<ol>\n<li><strong>H\u00e1ny slukkot k\u00edn\u00e1l a WGA Crystal Pro Max 15k?<\/strong><br \/>\nAz eszk\u00f6z ak\u00e1r 15 000 slukkot is biztos\u00edt, \u00edgy ide\u00e1lis a hosszabb haszn\u00e1latra gyakori csere n\u00e9lk\u00fcl.<\/li>\n<li><strong>Milyen t\u00edpus\u00fa akkumul\u00e1tort haszn\u00e1l?<\/strong><br \/>\n650 mAh-s \u00fajrat\u00f6lthet\u0151 akkumul\u00e1torral rendelkezik, Type-C t\u00f6lt\u0151porttal, amely biztos\u00edtja a gyors \u00e9s hat\u00e9kony t\u00f6lt\u00e9st.<\/li>\n<li><strong>Mekkora a Vape 15000 Puffs e-liquid kapacit\u00e1sa? <a href=\"https:\/\/vapestornado.com\/hu\/product\/wga-crystal-pro-max-15k-puffs-wholesale-price-vape-pods\/\">WGA Vape<\/a>?<\/strong><br \/>\nA Crystal Pro Max nagylelk\u0171, 25 ml-es e-liquid kapacit\u00e1ssal rendelkezik, amely hosszan tart\u00f3 g\u0151z\u00f6l\u00e9si \u00fcl\u00e9seket k\u00edn\u00e1l.<\/li>\n<li><strong>Van-e akkumul\u00e1tor-jelz\u0151je a WGA Crystal Vape 15000 Puffs k\u00e9sz\u00fcl\u00e9knek?<\/strong><br \/>\nIgen, val\u00f3s idej\u0171 LED akkumul\u00e1tor-jelz\u0151t tartalmaz, \u00edgy nyomon k\u00f6vetheti az akkumul\u00e1tor t\u00f6lt\u00f6tts\u00e9gi szintj\u00e9t, \u00e9s sz\u00fcks\u00e9g szerint \u00fajrat\u00f6ltheti.<\/li>\n<li><strong>\u00dajrat\u00f6lthet\u0151 a WGA 15000 Puffs e-liquid?<\/strong><br \/>\nNem, a WGA Crystal Pro Max 15000 Puffs egy el\u0151ret\u00f6lt\u00f6tt eldobhat\u00f3 eszk\u00f6z, \u00e9s nem t\u00e1mogatja az \u00fajrat\u00f6lt\u00e9st.<\/li>\n<\/ol>","protected":false},"excerpt":{"rendered":"<p>WGA Crystal Pro Max 15k Puffs vape podok nagykereskedelmi \u00e1ron. \u00c9lvezze a hosszan tart\u00f3 slukkokat, a pr\u00e9mium \u00edzeket \u00e9s a t\u00f6meges v\u00e1s\u00e1rl\u00e1si lehet\u0151s\u00e9geket v\u00e1llalkoz\u00e1sa sz\u00e1m\u00e1ra.<\/p>\n<figure id=\"attachment_2951\" aria-describedby=\"caption-attachment-2951\" style=\"width: 265px\" class=\"wp-caption alignnone\"><img fetchpriority=\"high\" decoding=\"async\" class=\"size-medium wp-image-2951\" src=\"https:\/\/vapestornado.com\/wp-content\/uploads\/2024\/12\/Wholesale-Disposable-Vape-265x300.jpg\" alt=\"Nagykereskedelmi eldobhat\u00f3 Vape\" width=\"265\" height=\"300\" srcset=\"https:\/\/vapestornado.com\/wp-content\/uploads\/2024\/12\/Wholesale-Disposable-Vape-265x300.jpg 265w, https:\/\/vapestornado.com\/wp-content\/uploads\/2024\/12\/Wholesale-Disposable-Vape-768x871.jpg 768w, https:\/\/vapestornado.com\/wp-content\/uploads\/2024\/12\/Wholesale-Disposable-Vape-600x680.jpg 600w, https:\/\/vapestornado.com\/wp-content\/uploads\/2024\/12\/Wholesale-Disposable-Vape.jpg 823w\" sizes=\"(max-width: 265px) 100vw, 265px\" \/><figcaption id=\"caption-attachment-2951\" class=\"wp-caption-text\">K\u00e9rj\u00fck, vegye fel a kapcsolatot Mandy WhatsApp-j\u00e1val a kedvezm\u00e9nyes \u00e1r\u00e9rt<a href=\"https:\/\/wa.me\/8618077105796\">+8618077105796<\/a><\/figcaption><\/figure>\n<p>&nbsp;<\/p>","protected":false},"featured_media":3052,"comment_status":"open","ping_status":"closed","template":"","meta":{"_acf_changed":false,"_uag_custom_page_level_css":"","_lmt_disableupdate":"no","_lmt_disable":"","_monsterinsights_skip_tracking":false,"_monsterinsights_sitenote_active":false,"_monsterinsights_sitenote_note":"","_monsterinsights_sitenote_category":0,"site-sidebar-layout":"default","site-content-layout":"","ast-site-content-layout":"default","site-content-style":"default","site-sidebar-style":"default","ast-global-header-display":"","ast-banner-title-visibility":"","ast-main-header-display":"","ast-hfb-above-header-display":"","ast-hfb-below-header-display":"","ast-hfb-mobile-header-display":"","site-post-title":"","ast-breadcrumbs-content":"","ast-featured-img":"","footer-sml-layout":"","ast-disable-related-posts":"","theme-transparent-header-meta":"default","adv-header-id-meta":"","stick-header-meta":"","header-above-stick-meta":"","header-main-stick-meta":"","header-below-stick-meta":"","astra-migrate-meta-layouts":"set","ast-page-background-enabled":"default","ast-page-background-meta":{"desktop":{"background-color":"","background-image":"","background-repeat":"repeat","background-position":"center center","background-size":"auto","background-attachment":"scroll","background-type":"","background-media":"","overlay-type":"","overlay-color":"","overlay-opacity":"","overlay-gradient":""},"tablet":{"background-color":"","background-image":"","background-repeat":"repeat","background-position":"center center","background-size":"auto","background-attachment":"scroll","background-type":"","background-media":"","overlay-type":"","overlay-color":"","overlay-opacity":"","overlay-gradient":""},"mobile":{"background-color":"","background-image":"","background-repeat":"repeat","background-position":"center center","background-size":"auto","background-attachment":"scroll","background-type":"","background-media":"","overlay-type":"","overlay-color":"","overlay-opacity":"","overlay-gradient":""}},"ast-content-background-meta":{"desktop":{"background-color":"var(--ast-global-color-5)","background-image":"","background-repeat":"repeat","background-position":"center center","background-size":"auto","background-attachment":"scroll","background-type":"","background-media":"","overlay-type":"","overlay-color":"","overlay-opacity":"","overlay-gradient":""},"tablet":{"background-color":"var(--ast-global-color-5)","background-image":"","background-repeat":"repeat","background-position":"center center","background-size":"auto","background-attachment":"scroll","background-type":"","background-media":"","overlay-type":"","overlay-color":"","overlay-opacity":"","overlay-gradient":""},"mobile":{"background-color":"var(--ast-global-color-5)","background-image":"","background-repeat":"repeat","background-position":"center center","background-size":"auto","background-attachment":"scroll","background-type":"","background-media":"","overlay-type":"","overlay-color":"","overlay-opacity":"","overlay-gradient":""}},"_joinchat":{"telephone":"+8618077105796"}},"product_brand":[],"product_cat":[71,140,153,158,159,160,141,59],"product_tag":[97,111],"class_list":{"0":"post-3033","1":"product","2":"type-product","3":"status-publish","4":"has-post-thumbnail","6":"product_cat-15000-puff","7":"product_cat-big-puffs-disposable-vapes","8":"product_cat-buy-disposable-vapes-in-italy","9":"product_cat-buy-disposable-vapes-in-spain","10":"product_cat-buy-disposable-vapes-in-sweden","11":"product_cat-buy-disposable-vapes-in-switzerland","12":"product_cat-crystal-disposable-vapes","13":"product_cat-wga-crystal-vape","14":"product_tag-hot-sale-disposable-vape","15":"product_tag-wga-15k-puffs","16":"desktop-align-left","17":"tablet-align-left","18":"mobile-align-left","20":"first","21":"instock","22":"sale","23":"shipping-taxable","24":"purchasable","25":"product-type-simple"},"acf":[],"uagb_featured_image_src":{"full":["https:\/\/vapestornado.com\/wp-content\/uploads\/2024\/12\/WGA-15000-PUFFS-JUICY-PEACH-Disposable-Vape.jpg",800,800,false],"thumbnail":["https:\/\/vapestornado.com\/wp-content\/uploads\/2024\/12\/WGA-15000-PUFFS-JUICY-PEACH-Disposable-Vape-150x150.jpg",150,150,true],"medium":["https:\/\/vapestornado.com\/wp-content\/uploads\/2024\/12\/WGA-15000-PUFFS-JUICY-PEACH-Disposable-Vape-300x300.jpg",300,300,true],"medium_large":["https:\/\/vapestornado.com\/wp-content\/uploads\/2024\/12\/WGA-15000-PUFFS-JUICY-PEACH-Disposable-Vape-768x768.jpg",768,768,true],"large":["https:\/\/vapestornado.com\/wp-content\/uploads\/2024\/12\/WGA-15000-PUFFS-JUICY-PEACH-Disposable-Vape.jpg",800,800,false],"1536x1536":["https:\/\/vapestornado.com\/wp-content\/uploads\/2024\/12\/WGA-15000-PUFFS-JUICY-PEACH-Disposable-Vape.jpg",800,800,false],"2048x2048":["https:\/\/vapestornado.com\/wp-content\/uploads\/2024\/12\/WGA-15000-PUFFS-JUICY-PEACH-Disposable-Vape.jpg",800,800,false],"trp-custom-language-flag":["https:\/\/vapestornado.com\/wp-content\/uploads\/2024\/12\/WGA-15000-PUFFS-JUICY-PEACH-Disposable-Vape.jpg",12,12,false],"woocommerce_thumbnail":["https:\/\/vapestornado.com\/wp-content\/uploads\/2024\/12\/WGA-15000-PUFFS-JUICY-PEACH-Disposable-Vape-300x300.jpg",300,300,true],"woocommerce_single":["https:\/\/vapestornado.com\/wp-content\/uploads\/2024\/12\/WGA-15000-PUFFS-JUICY-PEACH-Disposable-Vape-600x600.jpg",600,600,true],"woocommerce_gallery_thumbnail":["https:\/\/vapestornado.com\/wp-content\/uploads\/2024\/12\/WGA-15000-PUFFS-JUICY-PEACH-Disposable-Vape-100x100.jpg",100,100,true]},"uagb_author_info":{"display_name":"ESMANDY","author_link":"https:\/\/vapestornado.com\/hu\/author\/"},"uagb_comment_info":0,"uagb_excerpt":"WGA Crystal Pro Max 15k Puffs vape pods at wholesale prices. Enjoy long-lasting puffs, premium flavors, and bulk purchase options for your business. [caption id=\"attachment_2951\" align=\"alignnone\" width=\"265\"] Pls Contact Mandy's WhatsApp For Discount Price+8618077105796[\/caption] &nbsp;","_links":{"self":[{"href":"https:\/\/vapestornado.com\/hu\/wp-json\/wp\/v2\/product\/3033","targetHints":{"allow":["GET"]}}],"collection":[{"href":"https:\/\/vapestornado.com\/hu\/wp-json\/wp\/v2\/product"}],"about":[{"href":"https:\/\/vapestornado.com\/hu\/wp-json\/wp\/v2\/types\/product"}],"replies":[{"embeddable":true,"href":"https:\/\/vapestornado.com\/hu\/wp-json\/wp\/v2\/comments?post=3033"}],"wp:featuredmedia":[{"embeddable":true,"href":"https:\/\/vapestornado.com\/hu\/wp-json\/wp\/v2\/media\/3052"}],"wp:attachment":[{"href":"https:\/\/vapestornado.com\/hu\/wp-json\/wp\/v2\/media?parent=3033"}],"wp:term":[{"taxonomy":"product_brand","embeddable":true,"href":"https:\/\/vapestornado.com\/hu\/wp-json\/wp\/v2\/product_brand?post=3033"},{"taxonomy":"product_cat","embeddable":true,"href":"https:\/\/vapestornado.com\/hu\/wp-json\/wp\/v2\/product_cat?post=3033"},{"taxonomy":"product_tag","embeddable":true,"href":"https:\/\/vapestornado.com\/hu\/wp-json\/wp\/v2\/product_tag?post=3033"}],"curies":[{"name":"wp","href":"https:\/\/api.w.org\/{rel}","templated":true}]}}