{"id":3021,"date":"2024-12-09T09:52:59","date_gmt":"2024-12-09T09:52:59","guid":{"rendered":"https:\/\/vapestornado.com\/?post_type=product&#038;p=3021"},"modified":"2025-12-05T09:42:57","modified_gmt":"2025-12-05T09:42:57","slug":"bang-36000-smart-disposable-vape-wholesale-shop-online","status":"publish","type":"product","link":"https:\/\/vapestornado.com\/hu\/product\/bang-36000-smart-disposable-vape-wholesale-shop-online\/","title":{"rendered":"Bang 36000 Smart Eldobhat\u00f3 Vape Nagykereskedelmi Bolt Online"},"content":{"rendered":"<div class=\"flex-shrink-0 flex flex-col relative items-end\">\n<div>\n<div class=\"pt-0\">\n<div class=\"gizmo-bot-avatar flex h-8 w-8 items-center justify-center overflow-hidden rounded-full\">\n<div class=\"relative p-1 rounded-sm flex items-center justify-center bg-token-main-surface-primary text-token-text-primary h-8 w-8\"><\/div>\n<\/div>\n<\/div>\n<\/div>\n<\/div>\n<div class=\"group\/conversation-turn relative flex w-full min-w-0 flex-col agent-turn\">\n<div class=\"flex-col gap-1 md:gap-3\">\n<div class=\"flex max-w-full flex-col flex-grow\">\n<div class=\"min-h-8 text-message flex w-full flex-col items-end gap-2 whitespace-normal break-words text-start [.text-message+&amp;]:mt-5\" dir=\"auto\" data-message-author-role=\"assistant\" data-message-id=\"24923bbb-bc24-49c4-aeeb-a72cf182457d\" data-message-model-slug=\"gpt-4o\">\n<div class=\"flex w-full flex-col gap-1 empty:hidden first:pt-[3px]\">\n<div class=\"markdown prose w-full break-words dark:prose-invert light\">\n<h3><strong>Bang 36000 Smart Eldobhat\u00f3 Vape Nagykereskedelmi Bolt Online<\/strong><\/h3>\n<\/div>\n<\/div>\n<\/div>\n<\/div>\n<\/div>\n<\/div>\n<p data-start=\"289\" data-end=\"603\">A Bang 36000 Okos Egyszer haszn\u00e1latos vape hossz\u00fa t\u00e1v\u00fa 36 000 sz\u00edv\u00e1s \u00e9lettartamot k\u00edn\u00e1l, 30 ml-es tart\u00e1llyal, 0,6\u03a9 h\u00e1l\u00f3s tekercsel, \u00e1ll\u00edthat\u00f3 \u00e1raml\u00e1ssal, \u00e9l\u0151 LED st\u00e1tuszk\u00e9perny\u0151vel \u00e9s 650mAh Type-C \u00fajrat\u00f6lthet\u0151 akkumul\u00e1torral egy kompakt eszk\u00f6zben.<\/p>\n<p data-start=\"571\" data-end=\"921\"><strong data-start=\"571\" data-end=\"615\">36 000 sz\u00edv\u00e1s egy teljes 30 ml-es tart\u00e1llyal t\u00e1mogatva.<\/strong><br data-start=\"615\" data-end=\"618\" \/>A <strong data-start=\"622\" data-end=\"658\">Bang 36000 Smart Eldobhat\u00f3 Vape<\/strong> a magas kapacit\u00e1s\u00fa kateg\u00f3ri\u00e1ba tartozik azok sz\u00e1m\u00e1ra, akik minden nap vapelnek, \u00e9s nem akarnak folyamatosan cser\u00e9lgetni kism\u00e9ret\u0171 egys\u00e9geket. Egy <strong data-start=\"768\" data-end=\"797\">30 ml-es el\u0151re t\u00f6lt\u00f6tt tart\u00e1ly<\/strong> t\u00e1mogatja a sz\u00edv\u00e1si \u00e9rt\u00e9ket norm\u00e1l haszn\u00e1lat mellett, \u00edgy az eszk\u00f6z hosszabb ideig tart, mint a standard egyszer haszn\u00e1latosak, \u00e9s fenntartja a rutint.<\/p>\n<p data-start=\"923\" data-end=\"1193\"><strong data-start=\"923\" data-end=\"971\">Okos LED k\u00e9perny\u0151, ami megmutatja, mi van h\u00e1tra.<\/strong><br data-start=\"971\" data-end=\"974\" \/>A be\u00e9p\u00edtett <strong data-start=\"985\" data-end=\"1010\">LED jelz\u0151kijelz\u0151<\/strong> mutatja <strong data-start=\"1017\" data-end=\"1067\">akku szint \u00e9s az e-liquid \u00e1llapota val\u00f3s id\u0151ben<\/strong>. Ez egy egyszer\u0171 funkci\u00f3, de hasznos: tudod, mikor kell \u00fajrat\u00f6lteni, \u00e9s mikor fogy el a tart\u00e1ly, an\u00e9lk\u00fcl, hogy k\u00f6zben tal\u00e1lgatn\u00e1l.<\/p>\n<p data-start=\"1195\" data-end=\"1456\"><strong data-start=\"1195\" data-end=\"1238\">0,6\u03a9 h\u00e1l\u00f3s tekercs a s\u0171r\u0171, sima g\u0151z\u00e9rt.<\/strong><br data-start=\"1238\" data-end=\"1241\" \/>A <strong data-start=\"1245\" data-end=\"1265\">0,6ohm h\u00e1l\u00f3s tekercs<\/strong> nyitott h\u00faz\u00e1sra \u00e9s vastagabb g\u0151zre van hangolva. A h\u00e1l\u00f3s f\u0171t\u00e9s egyenletesen osztja el a h\u0151t, seg\u00edtve az \u00edz tisztas\u00e1g\u00e1t, \u00e9s cs\u00f6kkenti a sz\u00e1raz, meg\u00e9gett sz\u00e9l\u00e9t, amit sok magas sz\u00edv\u00e1s\u00fa egyszer haszn\u00e1latosn\u00e1l tapasztalhatunk a v\u00e9g\u00e9n.<\/p>\n<p data-start=\"1458\" data-end=\"1688\"><strong data-start=\"1458\" data-end=\"1496\">\u00c1raml\u00e1s szab\u00e1lyoz\u00e1s a st\u00edlusodhoz.<\/strong><br data-start=\"1496\" data-end=\"1499\" \/>Az \u00e1raml\u00e1s szab\u00e1lyoz\u00f3 lehet\u0151v\u00e9 teszi, hogy szorosabb h\u00faz\u00e1st vagy nyitottabb sz\u00edv\u00e1st v\u00e1lassz. A doh\u00e1nyz\u00f3k, akik ellen\u00e1ll\u00e1st keresnek, hasonl\u00f3 a cigarett\u00e1hoz, cs\u00f6kkenthetik; azok, akik laz\u00e1bb h\u00faz\u00e1st kedvelnek, nyithatnak rajta.<\/p>\n<p data-start=\"1690\" data-end=\"1987\"><strong data-start=\"1690\" data-end=\"1740\">\u00dajrat\u00f6lthet\u0151 Type-C power plus nikotin tartom\u00e1ny.<\/strong><br data-start=\"1740\" data-end=\"1743\" \/>Bang 36k Okos Egyszer haszn\u00e1latos Vape, amely egy <strong data-start=\"1745\" data-end=\"1776\">650mAh-s \u00fajrat\u00f6lthet\u0151 akkumul\u00e1tor<\/strong> \u00e1ltal m\u0171k\u00f6dtetve <strong data-start=\"1782\" data-end=\"1810\">USB Type-C gyorst\u00f6lt\u00e9ssel<\/strong> r\u00f6vid\u00edti a le\u00e1ll\u00e1si id\u0151t, \u00e9s lehet\u0151v\u00e9 teszi, hogy befejezd a tankot ahelyett, hogy kor\u00e1n kidobn\u00e1d a vapet. Nikotin opci\u00f3k lefedik <strong data-start=\"1919\" data-end=\"1941\">0%, 2%, 3% \u00e9s 5%<\/strong>, \u00edgy a felhaszn\u00e1l\u00f3k a napi szok\u00e1sokhoz igaz\u00edthatj\u00e1k az er\u0151ss\u00e9get.<\/p>\n<p>&nbsp;<\/p>\n<p><strong>Add hozz\u00e1 Amy Whatsappj\u00e1t, hogy azonnali v\u00e1laszt \u00e9s vape kupont kapj!<\/strong><\/p>\n<p><img fetchpriority=\"high\" decoding=\"async\" class=\"size-full wp-image-2932\" src=\"https:\/\/vapestornado.com\/wp-content\/uploads\/2024\/12\/Vape-Wholesale.jpg\" alt=\"Vape nagykereskedelem\" width=\"229\" height=\"300\" \/><\/p>\n<h3><a href=\"https:\/\/wa.me\/8617776015835\" target=\"_blank\" rel=\"noopener\"><span style=\"color: #ff0000;\"><strong>WhatsApp: +86 17776015835<\/strong><\/span><\/a><\/h3>\n<p>&nbsp;<\/p>\n<h4><strong style=\"font-size: 1.7em;\">\u00a0Bang 36000 Term\u00e9kjellemz\u0151k<\/strong><\/h4>\n<table>\n<thead>\n<tr>\n<th>Jellemz\u0151 \/ Param\u00e9ter<\/th>\n<th align=\"right\">Spec<\/th>\n<th>Magyar\u00e1zat<\/th>\n<\/tr>\n<\/thead>\n<tbody>\n<tr>\n<td>Term\u00e9k neve<\/td>\n<td align=\"right\">Bang 36000 Smart Eldobhat\u00f3 Vape<\/td>\n<td>\u00c1tl\u00e1that\u00f3 modelln\u00e9v ism\u00e9telt rendel\u00e9sekhez \u00e9s keres\u00e9shez.<\/td>\n<\/tr>\n<tr>\n<td>Slukkkapacit\u00e1s<\/td>\n<td align=\"right\">Ak\u00e1r 36 000 sz\u00edv\u00e1s<\/td>\n<td>Magas fut\u00e1s\u00fa egyszer haszn\u00e1latos; kevesebb csere.<\/td>\n<\/tr>\n<tr>\n<td>E-liquid \u0171rtartalom<\/td>\n<td align=\"right\">30ml el\u0151re t\u00f6lt\u00f6tt<\/td>\n<td>Nagy tank t\u00e1mogatja a 36K \u00e9rt\u00e9kel\u00e9st.<\/td>\n<\/tr>\n<tr>\n<td>Tekercs \/ Ellen\u00e1ll\u00e1s<\/td>\n<td align=\"right\">0.6\u03a9 mesh tekercs<\/td>\n<td>Nyitott h\u00faz\u00e1s, s\u0171r\u0171 g\u0151z, stabilabb \u00edz.<\/td>\n<\/tr>\n<tr>\n<td>Leveg\u0151\u00e1raml\u00e1s<\/td>\n<td align=\"right\">\u00c1ll\u00edthat\u00f3<\/td>\n<td>Szoros h\u00faz\u00e1s vagy nyitott bel\u00e9gz\u00e9s, a felhaszn\u00e1l\u00f3 d\u00f6nt.<\/td>\n<\/tr>\n<tr>\n<td>Akkumul\u00e1tor<\/td>\n<td align=\"right\">650mAh \u00fajrat\u00f6lthet\u0151<\/td>\n<td>T\u00f6ltsd \u00fajra, hogy haszn\u00e1lhasd a teljes tankot.<\/td>\n<\/tr>\n<tr>\n<td>T\u00f6lt\u00e9s<\/td>\n<td align=\"right\">USB Type-C gyors t\u00f6lt\u00e9s<\/td>\n<td>\u00c1ltal\u00e1nos k\u00e1bel szabv\u00e1ny \u00e9s gyors felt\u00f6lt\u00e9sek.<\/td>\n<\/tr>\n<tr>\n<td>Nikotin opci\u00f3k<\/td>\n<td align=\"right\">0% \/ 2% \/ 3% \/ 5%<\/td>\n<td>V\u00e1lassz nulla-nikotin vagy er\u0151sebb hat\u00e1s k\u00f6z\u00f6tt.<\/td>\n<\/tr>\n<tr>\n<td>\u00cdzek<\/td>\n<td align=\"right\">12 lehet\u0151s\u00e9g<\/td>\n<td>Fedezi az EU f\u0151 \u00edztrendjeit.<\/td>\n<\/tr>\n<tr>\n<td>Kijelz\u0151<\/td>\n<td align=\"right\">Okos LED akkumul\u00e1tor + e-liquid kijelz\u0151<\/td>\n<td>Val\u00f3s idej\u0171 \u00e1llapotk\u00f6vet\u00e9s vaping k\u00f6zben.<\/td>\n<\/tr>\n<tr>\n<td>Forma<\/td>\n<td align=\"right\">Kompakt, zsebbar\u00e1t kialak\u00edt\u00e1s\u00fa test<\/td>\n<td>Gyakorlati mindennapi hordoz\u00e1shoz \u00e9s utaz\u00e1shoz.<\/td>\n<\/tr>\n<\/tbody>\n<\/table>\n<p>&nbsp;<\/p>\n<h2 class=\"product-title\"><strong>\u00a0Bang 36000 \u00cdzek List\u00e1ja<\/strong><\/h2>\n<p>1.Eper Kivi<br \/>\n2. Vegyes bogy\u00f3s gy\u00fcm\u00f6lcs\u00f6k<br \/>\n3.\u00c1fonya j\u00e9gen<br \/>\n4. Sz\u0151l\u0151 J\u00e9g<br \/>\n5.Cseresznye j\u00e9g<br \/>\n6.\u00c1fonya M\u00e1lna Limon\u00e1d\u00e9<br \/>\n7. \u0150szibarack J\u00e9g<br \/>\n8. Eper G\u00f6r\u00f6gdinnye<br \/>\n9. Barack mang\u00f3 g\u00f6r\u00f6gdinnye<br \/>\n10.G\u00f6r\u00f6gdinnye j\u00e9g<\/p>\n<h3>Mi\u00e9rt v\u00e1lassza a vapestornado-t a Bang 36k Vape nagykeresked\u00e9shez?<\/h3>\n<div class=\"flex-shrink-0 flex flex-col relative items-end\">\n<div class=\"pt-0\">\n<div class=\"gizmo-bot-avatar flex h-8 w-8 items-center justify-center overflow-hidden rounded-full\">\n<div class=\"relative p-1 rounded-sm flex items-center justify-center bg-token-main-surface-primary text-token-text-primary h-8 w-8\">\n<p>\u00dcdv\u00f6z\u00f6lj\u00fck a vapestornado-n\u00e1l, a pr\u00e9mium eldobhat\u00f3 vape-ek megb\u00edzhat\u00f3 online vape boltj\u00e1ban. T\u00f6bb mint 5 \u00e9ves szak\u00e9rtelemmel olyan n\u00e9pszer\u0171 eldobhat\u00f3 vape m\u00e1rk\u00e1kat k\u00edn\u00e1lunk, mint a Fumot RandM Vape, Vapme, Bang Vape, Waspe Vape \u00e9s WGA Vape stb.<\/p>\n<p>K\u00edn\u00e1latunkban szerepelnek n\u00e9pszer\u0171 vape-ok, mint a <a href=\"https:\/\/vapestornado.com\/hu\/product\/fumot-randm-tornado-15000-puffs-rechargeable-disposable-vape-wholesale\/\">RandM Torn\u00e1d\u00f3 15000<\/a>, \u00e9s \u00edzgazdag v\u00e1laszt\u00e1sok, mint a <a href=\"https:\/\/vapestornado.com\/hu\/product\/waspe-40000-puffs-double-flavour-led-display-disposable-vape-wholesale\/\">WASPE Dupla \u00cdz 40000 Puffs<\/a> . Minden term\u00e9k min\u0151s\u00e9gre, \u00e9rt\u00e9kre \u00e9s v\u00e1ltozatoss\u00e1gra f\u00f3kusz\u00e1lva van kiv\u00e1lasztva, \u00edgy biztosan megtal\u00e1lja az ig\u00e9nyeinek legink\u00e1bb megfelel\u0151t. Fedezze fel a kiv\u00e9teles szolg\u00e1ltat\u00e1st \u00e9s a min\u0151s\u00e9gi term\u00e9kek sz\u00e9les v\u00e1laszt\u00e9k\u00e1t a vapestornad\u00f3n\u00e1l.<\/p>\n<\/div>\n<h3><\/h3>\n<div class=\"relative p-1 rounded-sm flex items-center justify-center bg-token-main-surface-primary text-token-text-primary h-8 w-8\">\n<h3>GYIK a Bang 36000 \u00dajrat\u00f6lthet\u0151 Eldobhat\u00f3 Vape-r\u0151l<\/h3>\n<\/div>\n<\/div>\n<\/div>\n<\/div>\n<div class=\"group\/conversation-turn relative flex w-full min-w-0 flex-col agent-turn\">\n<div class=\"flex-col gap-1 md:gap-3\">\n<div class=\"flex max-w-full flex-col flex-grow\">\n<div class=\"min-h-8 text-message flex w-full flex-col items-end gap-2 whitespace-normal break-words [.text-message+&amp;]:mt-5\" dir=\"auto\" data-message-author-role=\"assistant\" data-message-id=\"db716a1c-9ed0-4b8d-b3b0-7bdb913c3d42\" data-message-model-slug=\"gpt-4o\">\n<div class=\"flex w-full flex-col gap-1 empty:hidden first:pt-[3px]\">\n<div class=\"markdown prose w-full break-words dark:prose-invert light\">\n<div class=\"flex max-w-full flex-col flex-grow\">\n<div class=\"min-h-8 text-message flex w-full flex-col items-end gap-2 whitespace-normal break-words text-start [.text-message+&amp;]:mt-5\" dir=\"auto\" data-message-author-role=\"assistant\" data-message-id=\"2dbf2369-71ab-44c2-8168-31d5a517a1e4\" data-message-model-slug=\"gpt-4o-mini\">\n<div class=\"flex w-full flex-col gap-1 empty:hidden first:pt-[3px]\">\n<div class=\"markdown prose w-full break-words dark:prose-invert light\">\n<article class=\"text-token-text-primary w-full focus:outline-none [--shadow-height:45px] has-data-writing-block:pointer-events-none has-data-writing-block:-mt-(--shadow-height) has-data-writing-block:pt-(--shadow-height) [&amp;:has([data-writing-block])&gt;*]:pointer-events-auto scroll-mt-[calc(var(--header-height)+min(200px,max(70px,20svh)))]\" dir=\"auto\" tabindex=\"-1\" data-turn-id=\"ee759558-2db1-4861-8932-66c87485c242\" data-testid=\"conversation-turn-82\" data-scroll-anchor=\"true\" data-turn=\"assistant\">\n<div class=\"text-base my-auto mx-auto pb-10 [--thread-content-margin:--spacing(4)] @w-sm\/main:[--thread-content-margin:--spacing(6)] @w-lg\/main:[--thread-content-margin:--spacing(16)] px-(--thread-content-margin)\">\n<div class=\"[--thread-content-max-width:40rem] @w-lg\/main:[--thread-content-max-width:48rem] mx-auto max-w-(--thread-content-max-width) flex-1 group\/turn-messages focus-visible:outline-hidden relative flex w-full min-w-0 flex-col agent-turn\" tabindex=\"-1\">\n<div class=\"flex max-w-full flex-col grow\">\n<div class=\"min-h-8 text-message relative flex w-full flex-col items-end gap-2 text-start break-words whitespace-normal [.text-message+&amp;]:mt-1\" dir=\"auto\" data-message-author-role=\"assistant\" data-message-id=\"370325a1-2e03-4ed2-9b16-18960ddf0293\" data-message-model-slug=\"gpt-5-1\">\n<div class=\"flex w-full flex-col gap-1 empty:hidden first:pt-[1px]\">\n<div class=\"markdown prose dark:prose-invert w-full break-words light markdown-new-styling\">\n<p data-start=\"0\" data-end=\"139\">\n<ol data-start=\"141\" data-end=\"1633\">\n<li data-start=\"141\" data-end=\"427\">\n<p data-start=\"144\" data-end=\"427\"><strong data-start=\"144\" data-end=\"221\">Alkalmas-e a Bang 36000 Okos Egyszer haszn\u00e1latos Vape MTL vagy laz\u00e1bb h\u00faz\u00e1sra<\/strong><br data-start=\"221\" data-end=\"224\" \/>Igen. A <strong data-start=\"233\" data-end=\"269\" data-is-only-node=\"\">Bang 36000 Smart Eldobhat\u00f3 Vape<\/strong> \u00e1ll\u00edthat\u00f3 l\u00e9g\u00e1raml\u00e1ssal rendelkezik, \u00edgy be\u00e1ll\u00edthat\u00f3 szorosabb MTL-st\u00edlus\u00fa h\u00faz\u00e1sra vagy laz\u00e1bb sz\u00edv\u00e1sra. Ez seg\u00edt a volt doh\u00e1nyz\u00f3knak a megszokott h\u00faz\u00e1sm\u00f3dhoz igazodni.<\/p>\n<\/li>\n<li data-start=\"429\" data-end=\"754\">\n<p data-start=\"432\" data-end=\"754\"><strong data-start=\"432\" data-end=\"517\">Haszn\u00e1lhat\u00f3-e a Bang King 36K az utols\u00f3 cseppig, an\u00e9lk\u00fcl, hogy a teljes\u00edtm\u00e9ny cs\u00f6kkenne<\/strong><br data-start=\"517\" data-end=\"520\" \/>A <strong data-start=\"524\" data-end=\"552\" data-is-only-node=\"\">Bang King 36K egyszer haszn\u00e1latos<\/strong> 0,6\u03a9-os h\u00e1l\u00f3tek\u0151 \u00e9s \u00fajrat\u00f6lthet\u0151 akkumul\u00e1tor haszn\u00e1lat\u00e1val. A h\u00e1l\u00f3 f\u0171t\u00e9se egyenletesebb kimenetet biztos\u00edt egy nagy tart\u00e1ly eset\u00e9n, \u00e9s az \u00fajrat\u00f6lt\u00e9s megakad\u00e1lyozza az id\u0151 el\u0151tti akkumul\u00e1tor le\u00e1ll\u00e1s\u00e1t, \u00edgy a teljes\u00edtm\u00e9ny hosszabb ideig stabil marad.<\/p>\n<\/li>\n<li data-start=\"756\" data-end=\"1035\">\n<p data-start=\"759\" data-end=\"1035\"><strong data-start=\"759\" data-end=\"839\">Mi\u00e9rt \u00e9rzem n\u00e9ha gyeng\u00e9bbnek a Bang 36 000 szippant\u00e1sos egyszer haszn\u00e1latos k\u00e9sz\u00fcl\u00e9ket t\u00f6lt\u00e9s ut\u00e1n<\/strong><br data-start=\"839\" data-end=\"842\" \/>Azonnal t\u00f6lt\u00e9s ut\u00e1n a l\u00e9g\u00e1raml\u00e1s kondenz\u00e1ci\u00f3ja kiss\u00e9 l\u00e1gy\u00edthatja az els\u0151 n\u00e9h\u00e1ny h\u00faz\u00e1st. Vegy\u00e9l n\u00e9h\u00e1ny r\u00f6vid sz\u00edv\u00e1st, \u00e9s \u00e1ltal\u00e1ban megsz\u0171nik. Ha tov\u00e1bbra is gyeng\u00e9nek \u00e9rzed, ellen\u0151rizd, hogy a l\u00e9g\u00e1raml\u00e1s nincs-e t\u00fal szorosra \u00e1ll\u00edtva.<\/p>\n<\/li>\n<li data-start=\"1037\" data-end=\"1313\">\n<p data-start=\"1040\" data-end=\"1313\"><strong data-start=\"1040\" data-end=\"1120\">Sz\u00e1ll\u00edt-e a Bang 36000 Okos Egyszer haszn\u00e1latos kever\u00e9k \u00edzeket nagyobb t\u00e9telekhez<\/strong><br data-start=\"1120\" data-end=\"1123\" \/>A legt\u00f6bb nagykeresked\u0151 lehet\u0151v\u00e9 teszi a kevert \u00edz\u0171 kartonokat a <strong data-start=\"1175\" data-end=\"1206\" data-is-only-node=\"\">Bang 36000 Okos Egyszer haszn\u00e1latos<\/strong> term\u00e9kcsal\u00e1dhoz. 12 el\u00e9rhet\u0151 \u00edzzel a boltok gyakran keverik a legkelend\u0151bbeket n\u00e9h\u00e1ny region\u00e1lis kedvencel, hogy tesztelj\u00e9k a keresletet.<\/p>\n<\/li>\n<li data-start=\"1315\" data-end=\"1633\">\n<p data-start=\"1318\" data-end=\"1633\"><strong data-start=\"1318\" data-end=\"1399\">Hogyan t\u00e1roljam a Bang 36K Okos Egyszer haszn\u00e1latos k\u00e9sz\u00fcl\u00e9ket, hogy elker\u00fcljem a sziv\u00e1rg\u00e1st vagy a sz\u00e1raz sz\u00edv\u00e1st<\/strong><br data-start=\"1399\" data-end=\"1402\" \/>T\u00e1rold a <strong data-start=\"1412\" data-end=\"1446\" data-is-only-node=\"\">Bang 36K Okos Egyszer haszn\u00e1latos Vape-et<\/strong> f\u00fcgg\u0151legesen, ha lehets\u00e9ges, \u00e9s tartsd t\u00e1vol forr\u00f3 aut\u00f3kt\u00f3l vagy fagyos k\u00f6r\u00fclm\u00e9nyekt\u0151l. A sz\u00e9ls\u0151s\u00e9ges h\u0151m\u00e9rs\u00e9klet-ingadoz\u00e1sok kondenz\u00e1ci\u00f3t vagy az e-liquid v\u00e9konyod\u00e1s\u00e1t okozhatj\u00e1k, ami a kisebb sziv\u00e1rg\u00e1sok \u00e1ltal\u00e1nos okai.<\/p>\n<\/li>\n<\/ol>\n<\/div>\n<\/div>\n<\/div>\n<\/div>\n<\/div>\n<\/div>\n<\/article>\n<\/div>\n<\/div>\n<\/div>\n<\/div>\n<\/div>\n<\/div>\n<\/div>\n<\/div>\n<\/div>\n<\/div>","protected":false},"excerpt":{"rendered":"<p>Bang 36000 Okos Egyszer haszn\u00e1latos Vape \u2014 36K Sz\u00edv\u00e1s Hossz\u00fa Napi Haszn\u00e1latra Tervezve<br \/>\nBang 36K H\u00e1l\u00f3s Tekercs \u00e9s \u00c1ll\u00edthat\u00f3 \u00c1raml\u00e1s a Sim\u00e1bb, S\u0171r\u0171bb G\u0151z\u00e9rt<br \/>\nBang 36000 Okos Egyszer haszn\u00e1latos LED K\u00e9perny\u0151vel \u00e9s Type-C \u00dajrat\u00f6lthet\u0151 \u00c1ramforr\u00e1ssal<\/p>\n<p><strong>Adja hozz\u00e1 Amy-t WhatsApp-on, hogy azonnali v\u00e1laszt \u00e9s vape kupont kapjon!<\/strong><\/p>\n<p><img fetchpriority=\"high\" decoding=\"async\" class=\"size-full wp-image-2932\" src=\"https:\/\/vapestornado.com\/wp-content\/uploads\/2024\/12\/Vape-Wholesale.jpg\" alt=\"Vape nagykereskedelem\" width=\"229\" height=\"300\" \/><\/p>\n<h3><a href=\"https:\/\/wa.me\/8617776015835\"><span style=\"color: #ff0000;\"><strong>WhatsApp: +86 17776015835<\/strong><\/span><\/a><\/h3>\n<p>&nbsp;<\/p>","protected":false},"featured_media":3006,"comment_status":"open","ping_status":"closed","template":"","meta":{"_acf_changed":false,"_uag_custom_page_level_css":"","_lmt_disableupdate":"no","_lmt_disable":"","_monsterinsights_skip_tracking":false,"_monsterinsights_sitenote_active":false,"_monsterinsights_sitenote_note":"","_monsterinsights_sitenote_category":0,"site-sidebar-layout":"default","site-content-layout":"","ast-site-content-layout":"default","site-content-style":"default","site-sidebar-style":"default","ast-global-header-display":"","ast-banner-title-visibility":"","ast-main-header-display":"","ast-hfb-above-header-display":"","ast-hfb-below-header-display":"","ast-hfb-mobile-header-display":"","site-post-title":"","ast-breadcrumbs-content":"","ast-featured-img":"","footer-sml-layout":"","ast-disable-related-posts":"","theme-transparent-header-meta":"default","adv-header-id-meta":"","stick-header-meta":"","header-above-stick-meta":"","header-main-stick-meta":"","header-below-stick-meta":"","astra-migrate-meta-layouts":"set","ast-page-background-enabled":"default","ast-page-background-meta":{"desktop":{"background-color":"","background-image":"","background-repeat":"repeat","background-position":"center center","background-size":"auto","background-attachment":"scroll","background-type":"","background-media":"","overlay-type":"","overlay-color":"","overlay-opacity":"","overlay-gradient":""},"tablet":{"background-color":"","background-image":"","background-repeat":"repeat","background-position":"center center","background-size":"auto","background-attachment":"scroll","background-type":"","background-media":"","overlay-type":"","overlay-color":"","overlay-opacity":"","overlay-gradient":""},"mobile":{"background-color":"","background-image":"","background-repeat":"repeat","background-position":"center center","background-size":"auto","background-attachment":"scroll","background-type":"","background-media":"","overlay-type":"","overlay-color":"","overlay-opacity":"","overlay-gradient":""}},"ast-content-background-meta":{"desktop":{"background-color":"var(--ast-global-color-5)","background-image":"","background-repeat":"repeat","background-position":"center center","background-size":"auto","background-attachment":"scroll","background-type":"","background-media":"","overlay-type":"","overlay-color":"","overlay-opacity":"","overlay-gradient":""},"tablet":{"background-color":"var(--ast-global-color-5)","background-image":"","background-repeat":"repeat","background-position":"center center","background-size":"auto","background-attachment":"scroll","background-type":"","background-media":"","overlay-type":"","overlay-color":"","overlay-opacity":"","overlay-gradient":""},"mobile":{"background-color":"var(--ast-global-color-5)","background-image":"","background-repeat":"repeat","background-position":"center center","background-size":"auto","background-attachment":"scroll","background-type":"","background-media":"","overlay-type":"","overlay-color":"","overlay-opacity":"","overlay-gradient":""}},"_joinchat":{"telephone":"+8617776015835"}},"product_brand":[],"product_cat":[66,62,149,154,160,146],"product_tag":[109,108,110,105,93],"class_list":{"0":"post-3021","1":"product","2":"type-product","3":"status-publish","4":"has-post-thumbnail","6":"product_cat-36000-puff","7":"product_cat-bang-vape","8":"product_cat-buy-disposable-vapes-in-austria","9":"product_cat-buy-disposable-vapes-in-netherlands","10":"product_cat-buy-disposable-vapes-in-switzerland","11":"product_cat-rechargeable-disposable-vapes","12":"product_tag-bang-36000","13":"product_tag-bang-vape-36000","14":"product_tag-bang-vape-36k","15":"product_tag-digital-disposable-vape","16":"product_tag-vape-wholesale","17":"desktop-align-left","18":"tablet-align-left","19":"mobile-align-left","21":"first","22":"instock","23":"sale","24":"shipping-taxable","25":"purchasable","26":"product-type-simple"},"acf":[],"uagb_featured_image_src":{"full":["https:\/\/vapestornado.com\/wp-content\/uploads\/2024\/12\/Bang-36000-Puffs-Disposable-Vape-Wholesale-Price.jpg",1126,1126,false],"thumbnail":["https:\/\/vapestornado.com\/wp-content\/uploads\/2024\/12\/Bang-36000-Puffs-Disposable-Vape-Wholesale-Price-150x150.jpg",150,150,true],"medium":["https:\/\/vapestornado.com\/wp-content\/uploads\/2024\/12\/Bang-36000-Puffs-Disposable-Vape-Wholesale-Price-300x300.jpg",300,300,true],"medium_large":["https:\/\/vapestornado.com\/wp-content\/uploads\/2024\/12\/Bang-36000-Puffs-Disposable-Vape-Wholesale-Price-768x768.jpg",768,768,true],"large":["https:\/\/vapestornado.com\/wp-content\/uploads\/2024\/12\/Bang-36000-Puffs-Disposable-Vape-Wholesale-Price-1024x1024.jpg",1024,1024,true],"1536x1536":["https:\/\/vapestornado.com\/wp-content\/uploads\/2024\/12\/Bang-36000-Puffs-Disposable-Vape-Wholesale-Price.jpg",1126,1126,false],"2048x2048":["https:\/\/vapestornado.com\/wp-content\/uploads\/2024\/12\/Bang-36000-Puffs-Disposable-Vape-Wholesale-Price.jpg",1126,1126,false],"trp-custom-language-flag":["https:\/\/vapestornado.com\/wp-content\/uploads\/2024\/12\/Bang-36000-Puffs-Disposable-Vape-Wholesale-Price.jpg",12,12,false],"woocommerce_thumbnail":["https:\/\/vapestornado.com\/wp-content\/uploads\/2024\/12\/Bang-36000-Puffs-Disposable-Vape-Wholesale-Price-300x300.jpg",300,300,true],"woocommerce_single":["https:\/\/vapestornado.com\/wp-content\/uploads\/2024\/12\/Bang-36000-Puffs-Disposable-Vape-Wholesale-Price-600x600.jpg",600,600,true],"woocommerce_gallery_thumbnail":["https:\/\/vapestornado.com\/wp-content\/uploads\/2024\/12\/Bang-36000-Puffs-Disposable-Vape-Wholesale-Price-100x100.jpg",100,100,true]},"uagb_author_info":{"display_name":"ESAMY","author_link":"https:\/\/vapestornado.com\/hu\/author\/"},"uagb_comment_info":0,"uagb_excerpt":"Bang 36000 Smart Disposable Vape \u2014 36K Puffs Built for Long Daily Use Bang 36K Mesh Coil and Adjustable Airflow for Smooth, Dense Vapor Bang 36000 Smart Disposable with LED Screen and Type-C Rechargeable Power Add Amy's whatsapp to get right reply and vape vape coupon! WhatsApp: +86 17776015835 &nbsp;","_links":{"self":[{"href":"https:\/\/vapestornado.com\/hu\/wp-json\/wp\/v2\/product\/3021","targetHints":{"allow":["GET"]}}],"collection":[{"href":"https:\/\/vapestornado.com\/hu\/wp-json\/wp\/v2\/product"}],"about":[{"href":"https:\/\/vapestornado.com\/hu\/wp-json\/wp\/v2\/types\/product"}],"replies":[{"embeddable":true,"href":"https:\/\/vapestornado.com\/hu\/wp-json\/wp\/v2\/comments?post=3021"}],"wp:featuredmedia":[{"embeddable":true,"href":"https:\/\/vapestornado.com\/hu\/wp-json\/wp\/v2\/media\/3006"}],"wp:attachment":[{"href":"https:\/\/vapestornado.com\/hu\/wp-json\/wp\/v2\/media?parent=3021"}],"wp:term":[{"taxonomy":"product_brand","embeddable":true,"href":"https:\/\/vapestornado.com\/hu\/wp-json\/wp\/v2\/product_brand?post=3021"},{"taxonomy":"product_cat","embeddable":true,"href":"https:\/\/vapestornado.com\/hu\/wp-json\/wp\/v2\/product_cat?post=3021"},{"taxonomy":"product_tag","embeddable":true,"href":"https:\/\/vapestornado.com\/hu\/wp-json\/wp\/v2\/product_tag?post=3021"}],"curies":[{"name":"wp","href":"https:\/\/api.w.org\/{rel}","templated":true}]}}