{"id":3020,"date":"2024-12-09T09:13:52","date_gmt":"2024-12-09T09:13:52","guid":{"rendered":"https:\/\/vapestornado.com\/?post_type=product&#038;p=3020"},"modified":"2025-08-23T10:17:17","modified_gmt":"2025-08-23T10:17:17","slug":"vapme-uwin-crystal-10000-puff-vape-pen-cheap-price-2-5-nicotine","status":"publish","type":"product","link":"https:\/\/vapestornado.com\/hu\/product\/vapme-uwin-crystal-10000-puff-vape-pen-cheap-price-2-5-nicotine\/","title":{"rendered":"Vapme UWIN Crystal 10000 PUFF Vape Toll Olcs\u00f3 \u00c1ron 2% 5% Nikotin"},"content":{"rendered":"<h1>Vapme UWIN Crystal 10000 PUFF Vape Toll Olcs\u00f3 \u00c1ron 2% 5% Nikotin<\/h1>\n<p data-start=\"391\" data-end=\"692\">A <strong data-start=\"395\" data-end=\"439\">UWIN Crystal 10000 Puffs Eldobhat\u00f3 Vape<\/strong> \u00f6tv\u00f6zi a kapacit\u00e1st, a diz\u00e1jnt \u00e9s a megb\u00edzhat\u00f3 teljes\u00edtm\u00e9nyt, \u00edgy er\u0151s v\u00e1laszt\u00e1s a <strong data-start=\"523\" data-end=\"562\">nagykeresked\u0151k \u00e9s kiskeresked\u0151k sz\u00e1m\u00e1ra Eur\u00f3p\u00e1ban<\/strong>. Ak\u00e1r <strong data-start=\"575\" data-end=\"591\">10 000 f\u00faj\u00e1ssal<\/strong> \u00e9s egy <strong data-start=\"599\" data-end=\"632\">18 ml el\u0151ret\u00f6lt\u00f6tt e-liquid tart\u00e1ly<\/strong>hosszabb haszn\u00e1latot k\u00edn\u00e1l a szok\u00e1sos eldobhat\u00f3 eszk\u00f6z\u00f6kh\u00f6z k\u00e9pest.<\/p>\n<p data-start=\"694\" data-end=\"952\">Egy <strong data-start=\"707\" data-end=\"738\">650mAh-s \u00fajrat\u00f6lthet\u0151 akkumul\u00e1tor<\/strong> \u00e1ltal m\u0171k\u00f6dtetve <strong data-start=\"744\" data-end=\"768\">Type-C gyorst\u00f6lt\u00e9ssel<\/strong>az UWIN 10K egyenletes teljes\u00edtm\u00e9nyt \u00e9s cs\u00f6kkentett \u00e1ll\u00e1sid\u0151t biztos\u00edt. A <strong data-start=\"831\" data-end=\"849\">0,8\u03a9 mesh coil<\/strong> sim\u00e1bb g\u0151ztermel\u00e9st \u00e9s k\u00f6vetkezetes \u00edzlead\u00e1st biztos\u00edt, ami a felhaszn\u00e1l\u00f3k sz\u00e9les k\u00f6r\u00e9nek tetszik.<\/p>\n<p data-start=\"954\" data-end=\"1246\">Egy <strong data-start=\"966\" data-end=\"994\">\u00e1tl\u00e1tsz\u00f3 krist\u00e1lytest<\/strong> \u00e1ltal m\u0171k\u00f6dtetve <strong data-start=\"1000\" data-end=\"1016\">RGB vil\u00e1g\u00edt\u00e1s<\/strong>ez a vape kiemelkedik az \u00fczletek polcain, mik\u00f6zben kompakt \u00e9s k\u00f6nnyen hordozhat\u00f3 marad. El\u00e9rhet\u0151 <strong data-start=\"1112\" data-end=\"1144\">2% \u00e9s 5% nikotinszint<\/strong>, a <strong data-start=\"1150\" data-end=\"1177\">UWIN Krist\u00e1ly 10000 Vape<\/strong> k\u00fcl\u00f6nb\u00f6z\u0151 v\u00e1s\u00e1rl\u00f3i ig\u00e9nyeket el\u00e9g\u00edt ki, az alkalmi felhaszn\u00e1l\u00f3kt\u00f3l a rendszeres vaperekig.<\/p>\n<p data-start=\"1248\" data-end=\"1373\">A nagykeresked\u0151k sz\u00e1m\u00e1ra a <strong data-start=\"1269\" data-end=\"1297\">versenyk\u00e9pes t\u00f6meges \u00e1rakat<\/strong> \u00e9s az er\u0151s fogyaszt\u00f3i vonzer\u0151 miatt j\u00f6vedelmez\u0151 term\u00e9k a 2025-\u00f6s k\u00e9szletben.<\/p>\n<p><img fetchpriority=\"high\" decoding=\"async\" class=\"size-medium wp-image-2951\" src=\"https:\/\/vapestornado.com\/wp-content\/uploads\/2024\/12\/Wholesale-Disposable-Vape-265x300.jpg\" alt=\"Nagykereskedelmi eldobhat\u00f3 Vape\" width=\"265\" height=\"300\" srcset=\"https:\/\/vapestornado.com\/wp-content\/uploads\/2024\/12\/Wholesale-Disposable-Vape-265x300.jpg 265w, https:\/\/vapestornado.com\/wp-content\/uploads\/2024\/12\/Wholesale-Disposable-Vape-768x871.jpg 768w, https:\/\/vapestornado.com\/wp-content\/uploads\/2024\/12\/Wholesale-Disposable-Vape-600x680.jpg 600w, https:\/\/vapestornado.com\/wp-content\/uploads\/2024\/12\/Wholesale-Disposable-Vape.jpg 823w\" sizes=\"(max-width: 265px) 100vw, 265px\" \/><\/p>\n<h6>K\u00e9rj\u00fck, vegye fel a kapcsolatot Mandy WhatsApp-j\u00e1val a kedvezm\u00e9nyes \u00e1r\u00e9rt<a href=\"https:\/\/wa.me\/8618077105796\" target=\"_blank\" rel=\"noopener\">+8618077105796<\/a><\/h6>\n<p>&nbsp;<\/p>\n<h2><strong>Uwin Crystal 10000 Puffs vape podok F\u0151bb jellemz\u0151k<\/strong><\/h2>\n<ul>\n<li><strong>Ak\u00e1r 10000 Puffs<\/strong>: Hosszan tart\u00f3 teljes\u00edtm\u00e9ny a hosszabb haszn\u00e1lat \u00e9rdek\u00e9ben.<\/li>\n<li><strong>T\u00f6bbf\u00e9le nikotiner\u0151ss\u00e9g<\/strong>: El\u00e9rhet\u0151 0%, 2%, 3% \u00e9s 5% nikotin opci\u00f3kban.<\/li>\n<li><strong>18 ml E-Liquid kapacit\u00e1s<\/strong>: Nagy tart\u00e1ly a ritk\u00e1bb ut\u00e1nt\u00f6lt\u00e9shez.<\/li>\n<li><strong>650mAh \u00fajrat\u00f6lthet\u0151 akkumul\u00e1tor<\/strong>: Gyors Type-C t\u00f6lt\u00e9s a gyors felt\u00f6lt\u00e9shez.<\/li>\n<li><strong>0.8\u03a9 H\u00e1l\u00f3s Tekercs<\/strong>: Fokozott \u00edz \u00e9s g\u0151ztermel\u00e9s.<\/li>\n<li><strong>RGB f\u00e9nyek<\/strong>: Dinamikus vil\u00e1g\u00edt\u00e1s a modern megjelen\u00e9s\u00e9rt.<\/li>\n<li><strong>T\u00f6meges v\u00e1s\u00e1rl\u00e1s<\/strong>: Nagykereskedelmi lehet\u0151s\u00e9gek 200 darabbal kartononk\u00e9nt.<\/li>\n<li><strong>Hordozhat\u00f3 \u00e9s k\u00f6nny\u0171<\/strong>: K\u00f6nnyen hordozhat\u00f3 \u00e9s ide\u00e1lis kezd\u0151knek \u00e9s tapasztalt vapereknek egyar\u00e1nt.<\/li>\n<\/ul>\n<h2><strong>\u00cdzek sokf\u00e9les\u00e9ge<\/strong><\/h2>\n<p>Az Uwin Crystal 10000 Puffs gondosan v\u00e1logatott, 15 k\u00fcl\u00f6nleges \u00edzb\u0151l \u00e1ll\u00f3 v\u00e1laszt\u00e9kot k\u00edn\u00e1l, melyet \u00fagy terveztek, hogy minden \u00edzl\u00e9st kiel\u00e9g\u00edtsen. Ak\u00e1r az \u00e9des, gy\u00fcm\u00f6lcs\u00f6s kever\u00e9keket, ak\u00e1r a h\u0171s\u00edt\u0151 mentolokat r\u00e9szes\u00edti el\u0151nyben, mindenki megtal\u00e1lja a kedv\u00e9re val\u00f3t. \u00cdme egy k\u00f6zelebbi pillant\u00e1s a rendelkez\u00e9sre \u00e1ll\u00f3 lehet\u0151s\u00e9gekre:<\/p>\n<p>1.\u00c1fonya M\u00e1lna<br \/>\n2. Sz\u0151l\u0151 j\u00e9g<br \/>\n3. Strawberry Watermelon<br \/>\n4. \u00c1fonya j\u00e9gen<br \/>\n5. G\u00f6r\u00f6gdinnye j\u00e9g<br \/>\n6. Cseresznye j\u00e9g<br \/>\n7. Eper m\u00e1lna cseresznye<br \/>\n8. Kiwi maracuja guava<br \/>\n9. Eper j\u00e9g<br \/>\n10. \u0150szibarack j\u00e9g<br \/>\n11. Eper kiwi<br \/>\n12. \u0150szibarack bogy\u00f3<br \/>\n13. Cseresznye k\u00f3la<br \/>\n14. Vegyes bogy\u00f3s gy\u00fcm\u00f6lcs\u00f6k<br \/>\n15. Mr. blue<\/p>\n<h3><strong>Mi\u00e9rt v\u00e1lassza? <a href=\"https:\/\/vapestornado.com\/hu\/product\/vapme-uwin-crystal-10000-puff-vape-pen-cheap-price-2-5-nicotine\/\">Uwin Krist\u00e1ly 10000 Puffs<\/a> sz\u00e1rmaz\u00f3 <a href=\"https:\/\/vapestornado.com\/hu\/store\/\">vapestornado.hu<\/a>?<\/strong><\/h3>\n<ul>\n<li><strong>Pr\u00e9mium min\u0151s\u00e9g<\/strong>: Az Uwin Crystal 10000 Puffs kiv\u00e9teles teljes\u00edtm\u00e9nyt ny\u00fajt a fejlett h\u00e1l\u00f3s tekercs technol\u00f3gi\u00e1val, amely minden egyes slukkn\u00e1l egyenletes \u00edzt \u00e9s s\u0171r\u0171 g\u0151zt biztos\u00edt.<\/li>\n<li><strong>Hosszantart\u00f3<\/strong>: Ak\u00e1r 10 000 slukk \u00e9s egy nagym\u00e9ret\u0171, 18 ml-es e-liquid kapacit\u00e1s\u00e1val ez az eszk\u00f6z hosszan tart\u00f3 haszn\u00e1latot biztos\u00edt, \u00edgy k\u00f6lts\u00e9ghat\u00e9kony v\u00e1laszt\u00e1s alkalmi \u00e9s rendszeres g\u0151z\u00f6l\u0151k sz\u00e1m\u00e1ra egyar\u00e1nt.<\/li>\n<li><strong>Testreszabhat\u00f3 nikotinszintek<\/strong>: 0%, 2%, 3% \u00e9s 5% nikotiner\u0151ss\u00e9gben kaphat\u00f3, a preferenci\u00e1k sz\u00e9les sk\u00e1l\u00e1j\u00e1t kiel\u00e9g\u00edtve.<\/li>\n<li><strong>Gyors t\u00f6lt\u00e9s<\/strong>: A 650 mAh-s \u00fajrat\u00f6lthet\u0151 akkumul\u00e1tor Type-C t\u00f6lt\u00e9ssel gyors, megb\u00edzhat\u00f3 felt\u00f6lt\u00e9st biztos\u00edt, \u00edgy hosszabb ideig g\u0151z\u00f6lhet.<\/li>\n<li><strong>Eleg\u00e1ns \u00e9s st\u00edlusos<\/strong>: Az \u00e1tl\u00e1tsz\u00f3 kialak\u00edt\u00e1s \u00e9l\u00e9nk RGB f\u00e9nyekkel nemcsak a megjelen\u00e9st fokozza, hanem kiemelked\u0151 kieg\u00e9sz\u00edt\u0151v\u00e9 is teszi.<\/li>\n<li><strong>K\u00e9nyelem<\/strong>: K\u00f6nnyen hordozhat\u00f3 \u00e9s haszn\u00e1latra k\u00e9sz, t\u00f6k\u00e9letes \u00fatk\u00f6zbeni g\u0151z\u00f6l\u00e9shez.<\/li>\n<li><strong>Versenyk\u00e9pes \u00e1raz\u00e1s<\/strong>: A vapestornado verhetetlen \u00e1ron k\u00edn\u00e1lja az Uwin Crystal 10000 Puffs term\u00e9ket, nagykeresked\u0151k sz\u00e1m\u00e1ra t\u00f6meges v\u00e1s\u00e1rl\u00e1si lehet\u0151s\u00e9gekkel.<\/li>\n<li><strong>Megb\u00edzhat\u00f3 szolg\u00e1ltat\u00e1s<\/strong>: \u00c9lvezze a gyors sz\u00e1ll\u00edt\u00e1st, a kiv\u00e1l\u00f3 \u00fcgyf\u00e9lszolg\u00e1latot \u00e9s a probl\u00e9mamentes v\u00e1s\u00e1rl\u00e1si \u00e9lm\u00e9nyt a vapestornado.com oldalon.<\/li>\n<\/ul>\n<p>&nbsp;<\/p>\n<h3><strong>A t\u00f6meges v\u00e1s\u00e1rl\u00e1s el\u0151nyei a vapestornado.com oldalon<\/strong><\/h3>\n<ul>\n<li><strong>K\u00f6lts\u00e9gmegtakar\u00edt\u00e1s<\/strong>: A t\u00f6meges v\u00e1s\u00e1rl\u00e1s cs\u00f6kkenti az egys\u00e9gnyi k\u00f6lts\u00e9get, n\u00f6velve az \u00e1ltal\u00e1nos j\u00f6vedelmez\u0151s\u00e9get.<\/li>\n<li><strong>Folyamatos el\u00e9rhet\u0151s\u00e9g<\/strong>: Tartson fenn megb\u00edzhat\u00f3 k\u00e9szletet, hogy megszak\u00edt\u00e1s n\u00e9lk\u00fcl kiel\u00e9g\u00edtse az \u00fcgyfelek ig\u00e9nyeit, ami t\u00f6k\u00e9letes az \u00fczleti folyamatok fenntart\u00e1s\u00e1hoz.<\/li>\n<li><strong>Rugalmas rendel\u00e9sek<\/strong>: Szabja testre t\u00f6meges v\u00e1s\u00e1rl\u00e1s\u00e1t k\u00fcl\u00f6nf\u00e9le \u00edzekkel \u00e9s nikotiner\u0151ss\u00e9gekkel, hogy megfeleljen \u00fcgyf\u00e9lk\u00f6r\u00e9nek.<\/li>\n<li><strong>Exkluz\u00edv nagykereskedelmi kedvezm\u00e9nyek<\/strong>: \u00c9lvezze a k\u00fcl\u00f6nleges \u00e1rakat a t\u00f6meges megrendel\u00e9sekre, biztos\u00edtva, hogy a legjobb \u00e9rt\u00e9ket kapja a pr\u00e9mium term\u00e9kekre.<\/li>\n<\/ul>\n<div class=\"flex-shrink-0 flex flex-col relative items-end\">\n<div>\n<div class=\"pt-0\">\n<div class=\"gizmo-bot-avatar flex h-8 w-8 items-center justify-center overflow-hidden rounded-full\">\n<div class=\"relative p-1 rounded-sm flex items-center justify-center bg-token-main-surface-primary text-token-text-primary h-8 w-8\"><\/div>\n<\/div>\n<\/div>\n<\/div>\n<\/div>\n<div class=\"group\/conversation-turn relative flex w-full min-w-0 flex-col agent-turn\">\n<div class=\"flex-col gap-1 md:gap-3\">\n<div class=\"flex max-w-full flex-col flex-grow\">\n<div class=\"min-h-8 text-message flex w-full flex-col items-end gap-2 whitespace-normal break-words text-start [.text-message+&amp;]:mt-5\" dir=\"auto\" data-message-author-role=\"assistant\" data-message-id=\"782e374d-2cea-4922-b41d-46c77a1b831e\" data-message-model-slug=\"gpt-4o\">\n<div class=\"flex w-full flex-col gap-1 empty:hidden first:pt-[3px]\">\n<div class=\"markdown prose w-full break-words dark:prose-invert light\">\n<h3><strong>GYIK az Uwin Crystal 10000 Puffs \u00fajrat\u00f6lthet\u0151 vape-r\u0151l<\/strong><\/h3>\n<\/div>\n<\/div>\n<\/div>\n<\/div>\n<\/div>\n<\/div>\n<div class=\"flex max-w-full flex-col flex-grow\">\n<div class=\"min-h-8 text-message flex w-full flex-col items-end gap-2 whitespace-normal break-words text-start [.text-message+&amp;]:mt-5\" dir=\"auto\" data-message-author-role=\"assistant\" data-message-id=\"782e374d-2cea-4922-b41d-46c77a1b831e\" data-message-model-slug=\"gpt-4o\">\n<div class=\"flex w-full flex-col gap-1 empty:hidden first:pt-[3px]\">\n<div class=\"markdown prose w-full break-words dark:prose-invert light\">\n<ol>\n<li><strong>Mennyi ideig b\u00edrja az Uwin Crystal Vape 10000 Puffs?<\/strong><br \/>\nAk\u00e1r 10 000 slukkig ez az eszk\u00f6z \u00fagy lett tervezve, hogy t\u00f6bb napig vagy ak\u00e1r h\u00e9tig is kitartson, a haszn\u00e1lati szok\u00e1sokt\u00f3l f\u00fcgg\u0151en.<\/li>\n<li><strong>Az Uwin Crystal 10k Puffs \u00fajrat\u00f6lthet\u0151?<\/strong><br \/>\nIgen, 650 mAh-s \u00fajrat\u00f6lthet\u0151 akkumul\u00e1torral rendelkezik, C t\u00edpus\u00fa t\u00f6lt\u00e9ssel a gyors \u00e9s hat\u00e9kony felt\u00f6lt\u00e9s \u00e9rdek\u00e9ben.<\/li>\n<li><strong>Milyen nikotiner\u0151ss\u00e9gek \u00e9rhet\u0151k el az Uwin Crystal 10000 Puffs-hoz?<\/strong><br \/>\nEz az eszk\u00f6z 0%, 2%, 3% \u00e9s 5% nikotinszintekben kaphat\u00f3, \u00edgy a k\u00fcl\u00f6nb\u00f6z\u0151 preferenci\u00e1knak megfelel\u0151 lehet\u0151s\u00e9geket k\u00edn\u00e1l.<\/li>\n<li><strong>Mit\u0151l egyedi az Uwin Crystal 10000 Puff?<\/strong><br \/>\nAz Uwin Crystal kiemelkedik 18 ml-es e-liquid kapacit\u00e1s\u00e1val, a tov\u00e1bbfejlesztett 0,8 \u03a9-os mesh coil-lal a fokozott \u00edz\u00e9lm\u00e9ny\u00e9rt, a letisztult, krist\u00e1lytiszta diz\u00e1jnnal \u00e9s a dinamikus RGB vil\u00e1g\u00edt\u00e1ssal.<\/li>\n<li><strong>V\u00e1s\u00e1rolhatok Uwin Crystal 10000 Puffs term\u00e9ket nagy t\u00e9telben?<\/strong><br \/>\nIgen, a vapestornado nagykereskedelmi lehet\u0151s\u00e9geket k\u00edn\u00e1l 200 darabos kartononk\u00e9nt, ide\u00e1lis kiskeresked\u0151k vagy v\u00e1llalkoz\u00e1sok sz\u00e1m\u00e1ra.<\/li>\n<li><strong>Az Uwin Crystal 10000 Puffs eldobhat\u00f3 vape kezd\u0151bar\u00e1t?<\/strong><br \/>\nTeljesen! Felhaszn\u00e1l\u00f3bar\u00e1t, sz\u00edv\u00e1ssal aktiv\u00e1lhat\u00f3 kialak\u00edt\u00e1sa t\u00f6k\u00e9letess\u00e9 teszi mind az \u00faj, mind a tapasztalt vaperek sz\u00e1m\u00e1ra.<\/li>\n<\/ol>\n<\/div>\n<\/div>\n<\/div>\n<\/div>\n<div class=\"mb-2 flex gap-3 empty:hidden -ml-2\">\n<div class=\"items-center justify-start rounded-xl p-1 flex\"><\/div>\n<\/div>","protected":false},"excerpt":{"rendered":"<p>Az UWIN Crystal 10000 Puffs \u00fajrat\u00f6lthet\u0151 vape hosszan tart\u00f3 teljes\u00edtm\u00e9nyt, \u00e9l\u00e9nk diz\u00e1jnt \u00e9s pr\u00e9mium \u00edzt k\u00edn\u00e1l fejlett vaping technol\u00f3gi\u00e1val.<\/p>\n<figure id=\"attachment_2951\" aria-describedby=\"caption-attachment-2951\" style=\"width: 265px\" class=\"wp-caption alignnone\"><img fetchpriority=\"high\" decoding=\"async\" class=\"size-medium wp-image-2951\" src=\"https:\/\/vapestornado.com\/wp-content\/uploads\/2024\/12\/Wholesale-Disposable-Vape-265x300.jpg\" alt=\"Nagykereskedelmi eldobhat\u00f3 Vape\" width=\"265\" height=\"300\" srcset=\"https:\/\/vapestornado.com\/wp-content\/uploads\/2024\/12\/Wholesale-Disposable-Vape-265x300.jpg 265w, https:\/\/vapestornado.com\/wp-content\/uploads\/2024\/12\/Wholesale-Disposable-Vape-768x871.jpg 768w, https:\/\/vapestornado.com\/wp-content\/uploads\/2024\/12\/Wholesale-Disposable-Vape-600x680.jpg 600w, https:\/\/vapestornado.com\/wp-content\/uploads\/2024\/12\/Wholesale-Disposable-Vape.jpg 823w\" sizes=\"(max-width: 265px) 100vw, 265px\" \/><figcaption id=\"caption-attachment-2951\" class=\"wp-caption-text\">L\u00e9pjen kapcsolatba Mandyvel a kedvezm\u00e9nyes \u00e1r\u00e9rt<a href=\"https:\/\/wa.me\/8618077105796\">+86 18077105796<\/a><\/figcaption><\/figure>\n<p>&nbsp;<\/p>","protected":false},"featured_media":3009,"comment_status":"open","ping_status":"closed","template":"","meta":{"_acf_changed":false,"_uag_custom_page_level_css":"","_lmt_disableupdate":"no","_lmt_disable":"","_monsterinsights_skip_tracking":false,"_monsterinsights_sitenote_active":false,"_monsterinsights_sitenote_note":"","_monsterinsights_sitenote_category":0,"site-sidebar-layout":"default","site-content-layout":"","ast-site-content-layout":"default","site-content-style":"default","site-sidebar-style":"default","ast-global-header-display":"","ast-banner-title-visibility":"","ast-main-header-display":"","ast-hfb-above-header-display":"","ast-hfb-below-header-display":"","ast-hfb-mobile-header-display":"","site-post-title":"","ast-breadcrumbs-content":"","ast-featured-img":"","footer-sml-layout":"","ast-disable-related-posts":"","theme-transparent-header-meta":"default","adv-header-id-meta":"","stick-header-meta":"","header-above-stick-meta":"","header-main-stick-meta":"","header-below-stick-meta":"","astra-migrate-meta-layouts":"set","ast-page-background-enabled":"default","ast-page-background-meta":{"desktop":{"background-color":"","background-image":"","background-repeat":"repeat","background-position":"center center","background-size":"auto","background-attachment":"scroll","background-type":"","background-media":"","overlay-type":"","overlay-color":"","overlay-opacity":"","overlay-gradient":""},"tablet":{"background-color":"","background-image":"","background-repeat":"repeat","background-position":"center center","background-size":"auto","background-attachment":"scroll","background-type":"","background-media":"","overlay-type":"","overlay-color":"","overlay-opacity":"","overlay-gradient":""},"mobile":{"background-color":"","background-image":"","background-repeat":"repeat","background-position":"center center","background-size":"auto","background-attachment":"scroll","background-type":"","background-media":"","overlay-type":"","overlay-color":"","overlay-opacity":"","overlay-gradient":""}},"ast-content-background-meta":{"desktop":{"background-color":"var(--ast-global-color-5)","background-image":"","background-repeat":"repeat","background-position":"center center","background-size":"auto","background-attachment":"scroll","background-type":"","background-media":"","overlay-type":"","overlay-color":"","overlay-opacity":"","overlay-gradient":""},"tablet":{"background-color":"var(--ast-global-color-5)","background-image":"","background-repeat":"repeat","background-position":"center center","background-size":"auto","background-attachment":"scroll","background-type":"","background-media":"","overlay-type":"","overlay-color":"","overlay-opacity":"","overlay-gradient":""},"mobile":{"background-color":"var(--ast-global-color-5)","background-image":"","background-repeat":"repeat","background-position":"center center","background-size":"auto","background-attachment":"scroll","background-type":"","background-media":"","overlay-type":"","overlay-color":"","overlay-opacity":"","overlay-gradient":""}},"_joinchat":{"telephone":"+8618077105796"}},"product_brand":[],"product_cat":[106,140,149,150,153,155,158,141,233],"product_tag":[97,107],"class_list":{"0":"post-3020","1":"product","2":"type-product","3":"status-publish","4":"has-post-thumbnail","6":"product_cat-10000-puff","7":"product_cat-big-puffs-disposable-vapes","8":"product_cat-buy-disposable-vapes-in-austria","9":"product_cat-buy-disposable-vapes-in-belgium","10":"product_cat-buy-disposable-vapes-in-italy","11":"product_cat-buy-disposable-vapes-in-norway","12":"product_cat-buy-disposable-vapes-in-spain","13":"product_cat-crystal-disposable-vapes","14":"product_cat-uwin-vape","15":"product_tag-hot-sale-disposable-vape","16":"product_tag-uwin-crystal-10000-puffs","17":"desktop-align-left","18":"tablet-align-left","19":"mobile-align-left","21":"first","22":"instock","23":"sale","24":"shipping-taxable","25":"purchasable","26":"product-type-simple"},"acf":[],"uagb_featured_image_src":{"full":["https:\/\/vapestornado.com\/wp-content\/uploads\/2024\/12\/UWIN-Crystal-10000-Puffs-Vape-Pen-cherry-cola.jpg",800,800,false],"thumbnail":["https:\/\/vapestornado.com\/wp-content\/uploads\/2024\/12\/UWIN-Crystal-10000-Puffs-Vape-Pen-cherry-cola-150x150.jpg",150,150,true],"medium":["https:\/\/vapestornado.com\/wp-content\/uploads\/2024\/12\/UWIN-Crystal-10000-Puffs-Vape-Pen-cherry-cola-300x300.jpg",300,300,true],"medium_large":["https:\/\/vapestornado.com\/wp-content\/uploads\/2024\/12\/UWIN-Crystal-10000-Puffs-Vape-Pen-cherry-cola-768x768.jpg",768,768,true],"large":["https:\/\/vapestornado.com\/wp-content\/uploads\/2024\/12\/UWIN-Crystal-10000-Puffs-Vape-Pen-cherry-cola.jpg",800,800,false],"1536x1536":["https:\/\/vapestornado.com\/wp-content\/uploads\/2024\/12\/UWIN-Crystal-10000-Puffs-Vape-Pen-cherry-cola.jpg",800,800,false],"2048x2048":["https:\/\/vapestornado.com\/wp-content\/uploads\/2024\/12\/UWIN-Crystal-10000-Puffs-Vape-Pen-cherry-cola.jpg",800,800,false],"trp-custom-language-flag":["https:\/\/vapestornado.com\/wp-content\/uploads\/2024\/12\/UWIN-Crystal-10000-Puffs-Vape-Pen-cherry-cola.jpg",12,12,false],"woocommerce_thumbnail":["https:\/\/vapestornado.com\/wp-content\/uploads\/2024\/12\/UWIN-Crystal-10000-Puffs-Vape-Pen-cherry-cola-300x300.jpg",300,300,true],"woocommerce_single":["https:\/\/vapestornado.com\/wp-content\/uploads\/2024\/12\/UWIN-Crystal-10000-Puffs-Vape-Pen-cherry-cola-600x600.jpg",600,600,true],"woocommerce_gallery_thumbnail":["https:\/\/vapestornado.com\/wp-content\/uploads\/2024\/12\/UWIN-Crystal-10000-Puffs-Vape-Pen-cherry-cola-100x100.jpg",100,100,true]},"uagb_author_info":{"display_name":"ESMANDY","author_link":"https:\/\/vapestornado.com\/hu\/author\/"},"uagb_comment_info":0,"uagb_excerpt":"UWIN Crystal 10000 Puffs Rechargeable vape offers long-lasting performance, vibrant design, and premium flavor with advanced vaping technology. [caption id=\"attachment_2951\" align=\"alignnone\" width=\"265\"] Contact Mandy For Discount Price+86 18077105796[\/caption] &nbsp;","_links":{"self":[{"href":"https:\/\/vapestornado.com\/hu\/wp-json\/wp\/v2\/product\/3020","targetHints":{"allow":["GET"]}}],"collection":[{"href":"https:\/\/vapestornado.com\/hu\/wp-json\/wp\/v2\/product"}],"about":[{"href":"https:\/\/vapestornado.com\/hu\/wp-json\/wp\/v2\/types\/product"}],"replies":[{"embeddable":true,"href":"https:\/\/vapestornado.com\/hu\/wp-json\/wp\/v2\/comments?post=3020"}],"wp:featuredmedia":[{"embeddable":true,"href":"https:\/\/vapestornado.com\/hu\/wp-json\/wp\/v2\/media\/3009"}],"wp:attachment":[{"href":"https:\/\/vapestornado.com\/hu\/wp-json\/wp\/v2\/media?parent=3020"}],"wp:term":[{"taxonomy":"product_brand","embeddable":true,"href":"https:\/\/vapestornado.com\/hu\/wp-json\/wp\/v2\/product_brand?post=3020"},{"taxonomy":"product_cat","embeddable":true,"href":"https:\/\/vapestornado.com\/hu\/wp-json\/wp\/v2\/product_cat?post=3020"},{"taxonomy":"product_tag","embeddable":true,"href":"https:\/\/vapestornado.com\/hu\/wp-json\/wp\/v2\/product_tag?post=3020"}],"curies":[{"name":"wp","href":"https:\/\/api.w.org\/{rel}","templated":true}]}}