{"id":3000,"date":"2024-12-09T07:00:42","date_gmt":"2024-12-09T07:00:42","guid":{"rendered":"https:\/\/vapestornado.com\/?post_type=product&#038;p=3000"},"modified":"2025-08-23T10:18:27","modified_gmt":"2025-08-23T10:18:27","slug":"waspe-25000-puffs-digital-disposable-vape-wholesale-price-in-poland","status":"publish","type":"product","link":"https:\/\/vapestornado.com\/hu\/product\/waspe-25000-puffs-digital-disposable-vape-wholesale-price-in-poland\/","title":{"rendered":"Waspe 25000 Puffs Digit\u00e1lis Eldobhat\u00f3 Vape Nagykereskedelmi \u00c1ron Lengyelorsz\u00e1gban"},"content":{"rendered":"<h1 class=\"product-title\">Waspe 25000 Puffs Digit\u00e1lis Eldobhat\u00f3 Vape Nagykereskedelmi \u00c1ron Lengyelorsz\u00e1gban<\/h1>\n<p data-start=\"525\" data-end=\"808\">A <strong data-start=\"529\" data-end=\"574\">Waspe 25000 sz\u00edv\u00e1sos digit\u00e1lis eldobhat\u00f3 vape-pel<\/strong> praktikus v\u00e1laszt\u00e1s a lengyelorsz\u00e1gi nagykeresked\u0151k \u00e9s kiskeresked\u0151k sz\u00e1m\u00e1ra, akik tart\u00f3s, funkci\u00f3kban gazdag k\u00e9szletet keresnek. Ak\u00e1r <strong data-start=\"690\" data-end=\"715\">25 000 slukk egys\u00e9genk\u00e9nt<\/strong> \u00e9s egy <strong data-start=\"722\" data-end=\"744\">kett\u0151s \u00edzrendszer<\/strong>, ez\u00e1ltal a v\u00e1s\u00e1rl\u00f3k hosszabb haszn\u00e1latot \u00e9s nagyobb v\u00e1ltozatoss\u00e1got \u00e9lvezhetnek.<\/p>\n<p data-start=\"810\" data-end=\"1090\">Felszerelve egy <strong data-start=\"826\" data-end=\"848\">digit\u00e1lis LED k\u00e9perny\u0151<\/strong>, a Waspe 25K val\u00f3s id\u0151ben t\u00e1j\u00e9koztatja a felhaszn\u00e1l\u00f3kat az akkumul\u00e1tor \u00e9lettartam\u00e1r\u00f3l \u00e9s a slukkok sz\u00e1m\u00e1r\u00f3l. A <strong data-start=\"937\" data-end=\"960\">\u00fajrat\u00f6lthet\u0151 kialak\u00edt\u00e1ssal<\/strong> \u00e1ltal m\u0171k\u00f6dtetve <strong data-start=\"966\" data-end=\"990\">Type-C gyorst\u00f6lt\u00e9ssel<\/strong> biztos\u00edtja a k\u00f6vetkezetes teljes\u00edtm\u00e9nyt \u00e9s cs\u00f6kkenti a pazarl\u00e1st, \u00edgy k\u00f6lts\u00e9ghat\u00e9kony \u00e9s k\u00f6rnyezetbar\u00e1t.<\/p>\n<p data-start=\"1092\" data-end=\"1373\">T\u00f6bbf\u00e9le <strong data-start=\"1114\" data-end=\"1133\">nikotinszintek<\/strong> \u00e9s a <strong data-start=\"1138\" data-end=\"1161\">\u00edz kombin\u00e1ci\u00f3k<\/strong>, a <strong data-start=\"1167\" data-end=\"1185\">Waspe 25K Vape<\/strong> a kezd\u0151kt\u0151l a tapasztalt vaperekig sz\u00e9les fogyaszt\u00f3i b\u00e1zist vonz. Kompakt \u00e9s hordozhat\u00f3, alkalmas a mindennapi haszn\u00e1latra, mik\u00f6zben a fejlett tekercstechnol\u00f3gi\u00e1nak k\u00f6sz\u00f6nhet\u0151en egyenletes \u00edzt biztos\u00edt.<\/p>\n<p data-start=\"1375\" data-end=\"1604\">A magyarorsz\u00e1gi forgalmaz\u00f3k \u00e9s \u00fczlettulajdonosok sz\u00e1m\u00e1ra a <strong data-start=\"1423\" data-end=\"1449\">Waspe 25000 Puffos Vape<\/strong> \u00f6tv\u00f6zi a nagy slukkkapacit\u00e1st, az innovat\u00edv funkci\u00f3kat \u00e9s a <strong data-start=\"1504\" data-end=\"1537\">versenyk\u00e9pes nagykereskedelmi \u00e1rakb\u00f3l<\/strong>\u00edgy j\u00f6vedelmez\u0151 kieg\u00e9sz\u00edt\u0151je az eldobhat\u00f3 vape k\u00e9szleteknek.<\/p>\n<p>&nbsp;<\/p>\n<p><strong>Add hozz\u00e1 Amy Whatsappj\u00e1t, hogy azonnali v\u00e1laszt \u00e9s vape kupont kapj!<\/strong><\/p>\n<p><img fetchpriority=\"high\" decoding=\"async\" class=\"size-full wp-image-2932\" src=\"https:\/\/vapestornado.com\/wp-content\/uploads\/2024\/12\/Vape-Wholesale.jpg\" alt=\"Vape nagykereskedelem\" width=\"229\" height=\"300\" \/><\/p>\n<h3><a href=\"https:\/\/wa.me\/8617776015835\" target=\"_blank\" rel=\"noopener\"><span style=\"color: #ff0000;\"><strong>WhatsApp: +86 17776015835<\/strong><\/span><\/a><\/h3>\n<p>&nbsp;<\/p>\n<h4><strong style=\"font-size: 1.7em;\">Waspe Vape 25000 term\u00e9kjellemz\u0151k<\/strong><\/h4>\n<ul>\n<li><strong>25.000 sz\u00edv\u00e1s tiszta el\u00e9gedetts\u00e9g<\/strong>: \u00c9lvezze a hosszabb g\u0151z\u00f6l\u00e9si \u00e9lm\u00e9nyt az ak\u00e1r <strong>25 000 sz\u00edv\u00e1snyi<\/strong>, amellyel a <strong>WASPE 25000 slukk<\/strong> ide\u00e1lis v\u00e1laszt\u00e1s k\u00f6nny\u0171 \u00e9s er\u0151s felhaszn\u00e1l\u00f3k sz\u00e1m\u00e1ra egyar\u00e1nt.<\/li>\n<li><strong>T\u00f6bbf\u00e9le nikotiner\u0151ss\u00e9g<\/strong>: V\u00e1lasszon a <strong>0%, 2% vagy 5% nikotin<\/strong>k\u00f6z\u00fcl, amely szem\u00e9lyre szabott \u00e9lm\u00e9nyt k\u00edn\u00e1l azoknak a felhaszn\u00e1l\u00f3knak, akik a <strong>alacsony nikotintartalm\u00fa eldobhat\u00f3 vape<\/strong> vagy egy er\u0151sebb slukkot r\u00e9szes\u00edti el\u0151nyben.<\/li>\n<li><strong>25 ml-es E-Liquid kapacit\u00e1s<\/strong>: El\u0151re felt\u00f6ltve egy b\u0151s\u00e9ges <strong>25 ml e-folyad\u00e9kkal<\/strong>, biztos\u00edtva a kevesebb megszak\u00edt\u00e1st \u00e9s a hosszabb \u00e9lvezetet.<\/li>\n<li><strong>Fejlett kett\u0151s h\u00e1l\u00f3s tekercsek<\/strong>: A be\u00e9p\u00edtett kett\u0151s h\u00e1l\u00f3s tekercsek garant\u00e1lj\u00e1k a sima g\u0151ztermel\u00e9st, a k\u00f6vetkezetes \u00edzsz\u00e1ll\u00edt\u00e1st \u00e9s a pr\u00e9mium \u00e9lm\u00e9nyt minden egyes slukkn\u00e1l.<\/li>\n<li><strong>Digit\u00e1lis LED kijelz\u0151<\/strong>: A <strong>LED kijelz\u0151s eldobhat\u00f3 vape<\/strong> egy intelligens LCD k\u00e9perny\u0151vel rendelkezik, amely lehet\u0151v\u00e9 teszi, hogy k\u00f6nnyed\u00e9n figyelemmel k\u00eds\u00e9rje az <strong>akkumul\u00e1tor \u00e9lettartam\u00e1t \u00e9s a slukkok sz\u00e1m\u00e1t<\/strong> .<\/li>\n<li><strong>\u00dajrat\u00f6lthet\u0151 \u00e9s tart\u00f3s<\/strong>: Egy <strong>650mAh akkumul\u00e1torral<\/strong> \u00e9s t\u00e1mogatta <strong>Type-C gyorst\u00f6lt\u00e9ssel<\/strong>, ez a <strong>\u00fajrat\u00f6lthet\u0151 vape-val<\/strong> hossz\u00fa le\u00e1ll\u00e1sok n\u00e9lk\u00fcl biztos\u00edtja az energi\u00e1t a hosszan tart\u00f3 haszn\u00e1lathoz.<\/li>\n<li><strong>Kompakt kivitel nagykereskedelmi v\u00e1s\u00e1rl\u00e1shoz<\/strong>: K\u00f6nny\u0171 \u00e9s k\u00f6nnyen kezelhet\u0151, a Waspe 25k t\u00f6k\u00e9letes nagykereskedelmi v\u00e1s\u00e1rl\u00e1sokhoz, \u00edgy ide\u00e1lis a megb\u00edzhat\u00f3 term\u00e9ket keres\u0151 disztrib\u00fatorok sz\u00e1m\u00e1ra <strong>vape nagykereskedelmi<\/strong>.<\/li>\n<\/ul>\n<p>&nbsp;<\/p>\n<h2 class=\"product-title\"><strong>WASPE 25000 \u00edzek list\u00e1ja<\/strong><\/h2>\n<p>1.Eper Kivi<br \/>\n2. Vegyes bogy\u00f3s gy\u00fcm\u00f6lcs\u00f6k<br \/>\n3.\u00c1fonya j\u00e9gen<br \/>\n4. Sz\u0151l\u0151 J\u00e9g<br \/>\n5.Cseresznye j\u00e9g<br \/>\n6.\u00c1fonya M\u00e1lna Limon\u00e1d\u00e9<br \/>\n7. \u0150szibarack J\u00e9g<br \/>\n8. Eper G\u00f6r\u00f6gdinnye<br \/>\n9. Barack mang\u00f3 g\u00f6r\u00f6gdinnye<br \/>\n10.G\u00f6r\u00f6gdinnye j\u00e9g<\/p>\n<h3>Mi\u00e9rt v\u00e1lassza a vapestornado-t a WASPE 25k Vape nagykereskedelmi forgalmaz\u00e1s\u00e1hoz?<\/h3>\n<div class=\"flex-shrink-0 flex flex-col relative items-end\">\n<div class=\"pt-0\">\n<div class=\"gizmo-bot-avatar flex h-8 w-8 items-center justify-center overflow-hidden rounded-full\">\n<div class=\"relative p-1 rounded-sm flex items-center justify-center bg-token-main-surface-primary text-token-text-primary h-8 w-8\">\n<p>\u00dcdv\u00f6z\u00f6lj\u00fck a vapestornado-n\u00e1l, a pr\u00e9mium eldobhat\u00f3 vape-ek megb\u00edzhat\u00f3 online vape boltj\u00e1ban. T\u00f6bb mint 5 \u00e9ves szak\u00e9rtelemmel olyan n\u00e9pszer\u0171 eldobhat\u00f3 vape m\u00e1rk\u00e1kat k\u00edn\u00e1lunk, mint a Fumot RandM Vape, Vapme, Bang Vape, Waspe Vape \u00e9s WGA Vape stb.<\/p>\n<p>K\u00edn\u00e1latunkban szerepelnek n\u00e9pszer\u0171 vape-ok, mint a <a href=\"https:\/\/vapestornado.com\/hu\/product\/fumot-randm-tornado-15000-puffs-rechargeable-disposable-vape-wholesale\/\">RandM Torn\u00e1d\u00f3 15000<\/a>, \u00e9s \u00edzgazdag v\u00e1laszt\u00e1sok, mint a <a href=\"https:\/\/vapestornado.com\/hu\/product\/waspe-40000-puffs-double-flavour-led-display-disposable-vape-wholesale\/\">WASPE Dupla \u00cdz 40000 Puffs<\/a> . Minden term\u00e9k min\u0151s\u00e9gre, \u00e9rt\u00e9kre \u00e9s v\u00e1ltozatoss\u00e1gra f\u00f3kusz\u00e1lva van kiv\u00e1lasztva, \u00edgy biztosan megtal\u00e1lja az ig\u00e9nyeinek legink\u00e1bb megfelel\u0151t. Fedezze fel a kiv\u00e9teles szolg\u00e1ltat\u00e1st \u00e9s a min\u0151s\u00e9gi term\u00e9kek sz\u00e9les v\u00e1laszt\u00e9k\u00e1t a vapestornad\u00f3n\u00e1l.<\/p>\n<\/div>\n<h3><\/h3>\n<div class=\"relative p-1 rounded-sm flex items-center justify-center bg-token-main-surface-primary text-token-text-primary h-8 w-8\">\n<h3>GYIK a t\u00f6lthet\u0151, eldobhat\u00f3 WASPE 25k vape-hez<\/h3>\n<\/div>\n<\/div>\n<\/div>\n<\/div>\n<div class=\"group\/conversation-turn relative flex w-full min-w-0 flex-col agent-turn\">\n<div class=\"flex-col gap-1 md:gap-3\">\n<div class=\"flex max-w-full flex-col flex-grow\">\n<div class=\"min-h-8 text-message flex w-full flex-col items-end gap-2 whitespace-normal break-words [.text-message+&amp;]:mt-5\" dir=\"auto\" data-message-author-role=\"assistant\" data-message-id=\"db716a1c-9ed0-4b8d-b3b0-7bdb913c3d42\" data-message-model-slug=\"gpt-4o\">\n<div class=\"flex w-full flex-col gap-1 empty:hidden first:pt-[3px]\">\n<div class=\"markdown prose w-full break-words dark:prose-invert light\">\n<h3><\/h3>\n<ol>\n<li><strong>Hol v\u00e1s\u00e1rolhatom meg a Waspe 25000 Puffs Digital eldobhat\u00f3 vape-et nagykereskedelmi \u00e1ron Magyarorsz\u00e1gon?<\/strong><br \/>\nA Waspe 25000 Puffs Digital eldobhat\u00f3 vape-et versenyk\u00e9pes nagykereskedelmi \u00e1ron szerezheti be megb\u00edzhat\u00f3 forgalmaz\u00f3kt\u00f3l, amelyek erre szakosodtak <strong>vape nagykereskedelmi<\/strong> Magyarorsz\u00e1gon.<\/li>\n<li><strong>H\u00e1ny slukkot biztos\u00edt a Waspe 25000 Puffs Digital eldobhat\u00f3 vape?<\/strong><br \/>\nA Waspe 25k leny\u0171g\u00f6z\u0151 <strong>25 000 sz\u00edv\u00e1snyi<\/strong>, hossz\u00fa \u00e9lettartamot \u00e9s kiv\u00e1l\u00f3 \u00e1r-\u00e9rt\u00e9k ar\u00e1nyt biztos\u00edtva.<\/li>\n<li><strong>Miben k\u00fcl\u00f6nb\u00f6zik a Waspe 25000 Puffs vape m\u00e1s eldobhat\u00f3 vape-ekt\u0151l?<\/strong><br \/>\nA Waspe 25k kiemelkedik <strong>LED digit\u00e1lis k\u00e9perny\u0151<\/strong> a slukksz\u00e1m \u00e9s az akkumul\u00e1tor \u00e9lettartam\u00e1nak nyomon k\u00f6vet\u00e9s\u00e9re, <strong>kett\u0151s \u00edz<\/strong> lehet\u0151s\u00e9gekkel \u00e9s <strong>\u00fajrat\u00f6lthet\u0151 kialak\u00edt\u00e1ssal<\/strong> egy gyorsan t\u00f6lthet\u0151 <strong>Type-C csatlakoz\u00f3<\/strong>.<\/li>\n<li><strong>Milyen nikotinszintek \u00e1llnak rendelkez\u00e9sre a Waspe 25000 Puffs eldobhat\u00f3 vape-hez?<\/strong><br \/>\nA Waspe 25k h\u00e1rom nikotinszint-opci\u00f3t k\u00edn\u00e1l: <strong>0%, 2% \u00e9s 5%<\/strong>, azoknak a felhaszn\u00e1l\u00f3knak, akik a <strong>alacsony nikotintartalm\u00fa eldobhat\u00f3 vape<\/strong> gyeng\u00e9bb vagy er\u0151sebb slukkokat r\u00e9szes\u00edtik el\u0151nyben.<\/li>\n<li><strong>Hogyan biztos\u00edtja a Waspe 25k a kiv\u00e1l\u00f3 g\u0151z\u00f6l\u00e9si \u00e9lm\u00e9nyt?<\/strong><br \/>\nFelszerelve <strong>dupla h\u00e1l\u00f3s tekercsek<\/strong> a jobb g\u0151ztermel\u00e9s \u00e9rdek\u00e9ben, egy nagy <strong>25 ml e-liquid kapacit\u00e1s<\/strong>, \u00e9s a testreszabhat\u00f3 l\u00e9g\u00e1raml\u00e1s r\u00e9v\u00e9n a Waspe 25k egys\u00e9ges, \u00edzletes slukkokat biztos\u00edt a kiv\u00e9teles g\u0151z\u00f6l\u00e9si \u00e9lm\u00e9ny\u00e9rt.<\/li>\n<\/ol>\n<\/div>\n<\/div>\n<\/div>\n<\/div>\n<\/div>\n<\/div>","protected":false},"excerpt":{"rendered":"<p>A <strong data-start=\"290\" data-end=\"327\">Waspe 25000 Puffs Eldobhat\u00f3 Vape<\/strong> kett\u0151s \u00edzeket, LED kijelz\u0151t \u00e9s ak\u00e1r 25 ezer slukkot k\u00edn\u00e1l. T\u00f6k\u00e9letes a <strong data-start=\"395\" data-end=\"425\">lengyelorsz\u00e1gi nagykereskedelmi v\u00e1s\u00e1rl\u00f3k sz\u00e1m\u00e1ra<\/strong>, \u00f6tv\u00f6zve a kapacit\u00e1st, az \u00edzv\u00e1laszt\u00e9kot \u00e9s a versenyk\u00e9pes t\u00f6meges \u00e1raz\u00e1st.<\/p>\n<p><strong>Adja hozz\u00e1 Amy-t WhatsApp-on, hogy azonnali v\u00e1laszt \u00e9s vape kupont kapjon!<\/strong><\/p>\n<p><img fetchpriority=\"high\" decoding=\"async\" class=\"size-full wp-image-2932\" src=\"https:\/\/vapestornado.com\/wp-content\/uploads\/2024\/12\/Vape-Wholesale.jpg\" alt=\"Vape nagykereskedelem\" width=\"229\" height=\"300\" \/><\/p>\n<h3><a href=\"https:\/\/wa.me\/8617776015835\"><span style=\"color: #ff0000;\"><strong>WhatsApp: +86 17776015835<\/strong><\/span><\/a><\/h3>\n<p>&nbsp;<\/p>","protected":false},"featured_media":2995,"comment_status":"open","ping_status":"closed","template":"","meta":{"_acf_changed":false,"_uag_custom_page_level_css":"","_lmt_disableupdate":"no","_lmt_disable":"","_monsterinsights_skip_tracking":false,"_monsterinsights_sitenote_active":false,"_monsterinsights_sitenote_note":"","_monsterinsights_sitenote_category":0,"site-sidebar-layout":"default","site-content-layout":"","ast-site-content-layout":"default","site-content-style":"default","site-sidebar-style":"default","ast-global-header-display":"","ast-banner-title-visibility":"","ast-main-header-display":"","ast-hfb-above-header-display":"","ast-hfb-below-header-display":"","ast-hfb-mobile-header-display":"","site-post-title":"","ast-breadcrumbs-content":"","ast-featured-img":"","footer-sml-layout":"","ast-disable-related-posts":"","theme-transparent-header-meta":"default","adv-header-id-meta":"","stick-header-meta":"","header-above-stick-meta":"","header-main-stick-meta":"","header-below-stick-meta":"","astra-migrate-meta-layouts":"set","ast-page-background-enabled":"default","ast-page-background-meta":{"desktop":{"background-color":"","background-image":"","background-repeat":"repeat","background-position":"center center","background-size":"auto","background-attachment":"scroll","background-type":"","background-media":"","overlay-type":"","overlay-color":"","overlay-opacity":"","overlay-gradient":""},"tablet":{"background-color":"","background-image":"","background-repeat":"repeat","background-position":"center center","background-size":"auto","background-attachment":"scroll","background-type":"","background-media":"","overlay-type":"","overlay-color":"","overlay-opacity":"","overlay-gradient":""},"mobile":{"background-color":"","background-image":"","background-repeat":"repeat","background-position":"center center","background-size":"auto","background-attachment":"scroll","background-type":"","background-media":"","overlay-type":"","overlay-color":"","overlay-opacity":"","overlay-gradient":""}},"ast-content-background-meta":{"desktop":{"background-color":"var(--ast-global-color-5)","background-image":"","background-repeat":"repeat","background-position":"center center","background-size":"auto","background-attachment":"scroll","background-type":"","background-media":"","overlay-type":"","overlay-color":"","overlay-opacity":"","overlay-gradient":""},"tablet":{"background-color":"var(--ast-global-color-5)","background-image":"","background-repeat":"repeat","background-position":"center center","background-size":"auto","background-attachment":"scroll","background-type":"","background-media":"","overlay-type":"","overlay-color":"","overlay-opacity":"","overlay-gradient":""},"mobile":{"background-color":"var(--ast-global-color-5)","background-image":"","background-repeat":"repeat","background-position":"center center","background-size":"auto","background-attachment":"scroll","background-type":"","background-media":"","overlay-type":"","overlay-color":"","overlay-opacity":"","overlay-gradient":""}},"_joinchat":{"telephone":"+8617776015835"}},"product_brand":[],"product_cat":[68,151,158,159,144,60],"product_tag":[105,100,103,104],"class_list":{"0":"post-3000","1":"product","2":"type-product","3":"status-publish","4":"has-post-thumbnail","6":"product_cat-25000-puff","7":"product_cat-buy-disposable-vapes-in-france","8":"product_cat-buy-disposable-vapes-in-spain","9":"product_cat-buy-disposable-vapes-in-sweden","10":"product_cat-low-nicotine-disposable-vapes","11":"product_cat-waspe-fihp-vape","12":"product_tag-digital-disposable-vape","13":"product_tag-wasoe-vape","14":"product_tag-waspe-25000","15":"product_tag-waspe-25k","16":"desktop-align-left","17":"tablet-align-left","18":"mobile-align-left","20":"first","21":"instock","22":"sale","23":"shipping-taxable","24":"purchasable","25":"product-type-simple"},"acf":[],"uagb_featured_image_src":{"full":["https:\/\/vapestornado.com\/wp-content\/uploads\/2024\/12\/WASPE-25000-Puffs-Disposable-Vape-Wholesale-Price.jpg",1126,1137,false],"thumbnail":["https:\/\/vapestornado.com\/wp-content\/uploads\/2024\/12\/WASPE-25000-Puffs-Disposable-Vape-Wholesale-Price-150x150.jpg",150,150,true],"medium":["https:\/\/vapestornado.com\/wp-content\/uploads\/2024\/12\/WASPE-25000-Puffs-Disposable-Vape-Wholesale-Price-297x300.jpg",297,300,true],"medium_large":["https:\/\/vapestornado.com\/wp-content\/uploads\/2024\/12\/WASPE-25000-Puffs-Disposable-Vape-Wholesale-Price-768x776.jpg",768,776,true],"large":["https:\/\/vapestornado.com\/wp-content\/uploads\/2024\/12\/WASPE-25000-Puffs-Disposable-Vape-Wholesale-Price-1014x1024.jpg",1014,1024,true],"1536x1536":["https:\/\/vapestornado.com\/wp-content\/uploads\/2024\/12\/WASPE-25000-Puffs-Disposable-Vape-Wholesale-Price.jpg",1126,1137,false],"2048x2048":["https:\/\/vapestornado.com\/wp-content\/uploads\/2024\/12\/WASPE-25000-Puffs-Disposable-Vape-Wholesale-Price.jpg",1126,1137,false],"trp-custom-language-flag":["https:\/\/vapestornado.com\/wp-content\/uploads\/2024\/12\/WASPE-25000-Puffs-Disposable-Vape-Wholesale-Price.jpg",12,12,false],"woocommerce_thumbnail":["https:\/\/vapestornado.com\/wp-content\/uploads\/2024\/12\/WASPE-25000-Puffs-Disposable-Vape-Wholesale-Price-300x300.jpg",300,300,true],"woocommerce_single":["https:\/\/vapestornado.com\/wp-content\/uploads\/2024\/12\/WASPE-25000-Puffs-Disposable-Vape-Wholesale-Price-600x606.jpg",600,606,true],"woocommerce_gallery_thumbnail":["https:\/\/vapestornado.com\/wp-content\/uploads\/2024\/12\/WASPE-25000-Puffs-Disposable-Vape-Wholesale-Price-100x100.jpg",100,100,true]},"uagb_author_info":{"display_name":"ESAMY","author_link":"https:\/\/vapestornado.com\/hu\/author\/"},"uagb_comment_info":0,"uagb_excerpt":"The Waspe 25000 Puffs Disposable Vape offers dual flavors, LED display, and up to 25K puffs. Perfect for wholesale buyers in Poland, combining capacity, flavor variety, and competitive bulk pricing. Add Amy's whatsapp to get right reply and vape vape coupon! WhatsApp: +86 17776015835 &nbsp;","_links":{"self":[{"href":"https:\/\/vapestornado.com\/hu\/wp-json\/wp\/v2\/product\/3000","targetHints":{"allow":["GET"]}}],"collection":[{"href":"https:\/\/vapestornado.com\/hu\/wp-json\/wp\/v2\/product"}],"about":[{"href":"https:\/\/vapestornado.com\/hu\/wp-json\/wp\/v2\/types\/product"}],"replies":[{"embeddable":true,"href":"https:\/\/vapestornado.com\/hu\/wp-json\/wp\/v2\/comments?post=3000"}],"wp:featuredmedia":[{"embeddable":true,"href":"https:\/\/vapestornado.com\/hu\/wp-json\/wp\/v2\/media\/2995"}],"wp:attachment":[{"href":"https:\/\/vapestornado.com\/hu\/wp-json\/wp\/v2\/media?parent=3000"}],"wp:term":[{"taxonomy":"product_brand","embeddable":true,"href":"https:\/\/vapestornado.com\/hu\/wp-json\/wp\/v2\/product_brand?post=3000"},{"taxonomy":"product_cat","embeddable":true,"href":"https:\/\/vapestornado.com\/hu\/wp-json\/wp\/v2\/product_cat?post=3000"},{"taxonomy":"product_tag","embeddable":true,"href":"https:\/\/vapestornado.com\/hu\/wp-json\/wp\/v2\/product_tag?post=3000"}],"curies":[{"name":"wp","href":"https:\/\/api.w.org\/{rel}","templated":true}]}}