{"id":2993,"date":"2024-12-06T08:51:10","date_gmt":"2024-12-06T08:51:10","guid":{"rendered":"https:\/\/vapestornado.com\/?post_type=product&#038;p=2993"},"modified":"2025-08-23T10:20:29","modified_gmt":"2025-08-23T10:20:29","slug":"randm-tornado-25000-puffs-2-nicotine-bulk-buy-vape-pods","status":"publish","type":"product","link":"https:\/\/vapestornado.com\/hu\/product\/randm-tornado-25000-puffs-2-nicotine-bulk-buy-vape-pods\/","title":{"rendered":"Randm Tornado 25000 Puffs 2% Nikotin Vape Podok Nagykereskedelmi V\u00e1s\u00e1rl\u00e1s"},"content":{"rendered":"<h1>Randm Tornado 25000 Puffs 2% Nikotin Vape Podok Nagykereskedelmi V\u00e1s\u00e1rl\u00e1s<\/h1>\n<p>&nbsp;<\/p>\n<p data-start=\"281\" data-end=\"553\">A <strong data-start=\"285\" data-end=\"323\">Randm Tornado 25000 Puffos Vape Pod<\/strong> nagykeresked\u0151k \u00e9s \u00fczlettulajdonosok sz\u00e1m\u00e1ra k\u00e9sz\u00fclt, akik nagy kapacit\u00e1s\u00fa, funkci\u00f3kkal teli eldobhat\u00f3 vape-et keresnek. Ak\u00e1r <strong data-start=\"436\" data-end=\"463\">25 000 slukk eszk\u00f6z\u00f6nk\u00e9nt<\/strong> \u00e9s egy <strong data-start=\"470\" data-end=\"492\">20 ml e-liquid tart\u00e1ly<\/strong>hossz\u00fa t\u00e1v\u00fa haszn\u00e1latot \u00e9s er\u0151s viszontelad\u00e1si potenci\u00e1lt biztos\u00edt.<\/p>\n<p data-start=\"555\" data-end=\"811\">Felszerelve egy <strong data-start=\"571\" data-end=\"602\">700mAh-s \u00fajrat\u00f6lthet\u0151 akkumul\u00e1tor<\/strong> \u00e9s a <strong data-start=\"607\" data-end=\"631\">Type-C gyorst\u00f6lt\u00e9ssel<\/strong>a Randm 25K minimaliz\u00e1lja az \u00e1ll\u00e1sid\u0151t. A <strong data-start=\"671\" data-end=\"698\">\u00e9rint\u0151kapcsol\u00f3 technol\u00f3gi\u00e1ja<\/strong> \u00e9s a <strong data-start=\"703\" data-end=\"720\">sz\u00f3rakoztat\u00f3 j\u00e1t\u00e9k m\u00f3d<\/strong> interaktivit\u00e1st ad, ami n\u00e9pszer\u0171v\u00e9 teszi a fiatalabb eur\u00f3pai fogyaszt\u00f3k k\u00f6r\u00e9ben. Jellemz\u0151k:<\/p>\n<ul data-start=\"812\" data-end=\"925\">\n<li data-start=\"812\" data-end=\"849\">\n<p data-start=\"814\" data-end=\"849\"><strong data-start=\"814\" data-end=\"828\">Dupla koppint\u00e1s<\/strong> a k\u00e9perny\u0151 fel\u00e9breszt\u00e9s\u00e9hez<\/p>\n<\/li>\n<li data-start=\"850\" data-end=\"886\">\n<p data-start=\"852\" data-end=\"886\"><strong data-start=\"852\" data-end=\"866\">H\u00e1romszoros koppint\u00e1s<\/strong> a teljes\u00edtm\u00e9ny be\u00e1ll\u00edt\u00e1s\u00e1hoz<\/p>\n<\/li>\n<li data-start=\"887\" data-end=\"925\">\n<p data-start=\"889\" data-end=\"925\"><strong data-start=\"889\" data-end=\"901\">N\u00e9gyszeres koppint\u00e1s<\/strong> a j\u00e1t\u00e9k m\u00f3d aktiv\u00e1l\u00e1s\u00e1hoz<\/p>\n<\/li>\n<\/ul>\n<p data-start=\"927\" data-end=\"1181\">El\u00e9rhet\u0151 <strong data-start=\"940\" data-end=\"979\">0%, 2%, 3% \u00e9s 5% nikotin opci\u00f3k<\/strong>, a <strong data-start=\"985\" data-end=\"1006\">Randm Tornado 25K<\/strong> a k\u00f6nny\u0171 \u00e9s a nagy felhaszn\u00e1l\u00f3k ig\u00e9nyeit is kiel\u00e9g\u00edti. Kompakt, st\u00edlusos \u00e9s hordozhat\u00f3, \u00f6tv\u00f6zi a teljes\u00edtm\u00e9nyt a k\u00e9nyelemmel, \u00edgy er\u0151s elad\u00f3 a magyarorsz\u00e1gi nagykereskedelmi vape piacon.<\/p>\n<p><img fetchpriority=\"high\" decoding=\"async\" class=\"size-medium wp-image-2951\" src=\"https:\/\/vapestornado.com\/wp-content\/uploads\/2024\/12\/Wholesale-Disposable-Vape-265x300.jpg\" alt=\"Nagykereskedelmi eldobhat\u00f3 Vape\" width=\"265\" height=\"300\" srcset=\"https:\/\/vapestornado.com\/wp-content\/uploads\/2024\/12\/Wholesale-Disposable-Vape-265x300.jpg 265w, https:\/\/vapestornado.com\/wp-content\/uploads\/2024\/12\/Wholesale-Disposable-Vape-768x871.jpg 768w, https:\/\/vapestornado.com\/wp-content\/uploads\/2024\/12\/Wholesale-Disposable-Vape-600x680.jpg 600w, https:\/\/vapestornado.com\/wp-content\/uploads\/2024\/12\/Wholesale-Disposable-Vape.jpg 823w\" sizes=\"(max-width: 265px) 100vw, 265px\" \/><\/p>\n<h6>K\u00e9rj\u00fck, vegye fel a kapcsolatot Mandy WhatsApp-j\u00e1val a kedvezm\u00e9nyes \u00e1r\u00e9rt<a href=\"https:\/\/wa.me\/8618077105796\" target=\"_blank\" rel=\"noopener\">+8618077105796<\/a><\/h6>\n<p>&nbsp;<\/p>\n<h2><strong>Fumot Tornado Vape 25000 Puffs F\u0151bb Jellemz\u0151k<\/strong><\/h2>\n<ul>\n<li><strong>Sz\u00edv\u00e1sok sz\u00e1ma:<\/strong> 25 000 sz\u00edv\u00e1s<\/li>\n<li><strong>Akkumul\u00e1tor:<\/strong> 700mAh, \u00fajrat\u00f6lthet\u0151<\/li>\n<li><strong>E-liquid kapacit\u00e1s:<\/strong> 20ml<\/li>\n<li><strong>Nikotinszintek:<\/strong> 0%, 2%, 3%, 5%<\/li>\n<li><strong>T\u00f6lt\u00e9s:<\/strong> Type-C gyorst\u00f6lt\u00e9ssel<\/li>\n<li><strong>J\u00e1t\u00e9k m\u00f3d:<\/strong> Interakt\u00edv sz\u00f3rakoztat\u00f3 j\u00e1t\u00e9k funkci\u00f3<\/li>\n<li><strong>\u00c9rint\u0151kapcsol\u00f3 funkci\u00f3k:<\/strong>\n<ul>\n<li>Dupla \u00e9rint\u00e9s: K\u00e9perny\u0151 fel\u00e9breszt\u00e9se<\/li>\n<li>H\u00e1romszoros \u00e9rint\u00e9s: Teljes\u00edtm\u00e9ny be\u00e1ll\u00edt\u00e1sa<\/li>\n<li>N\u00e9gyszeres \u00e9rint\u00e9s: J\u00e1t\u00e9k m\u00f3dba l\u00e9p\u00e9s; egyszeri kattint\u00e1ssal j\u00e1tszhat<\/li>\n<\/ul>\n<\/li>\n<li><strong>Tervez\u00e9s:<\/strong> Hordozhat\u00f3 \u00e9s felhaszn\u00e1l\u00f3bar\u00e1t vape pod<\/li>\n<\/ul>\n<h2><strong>RandM Tornado 25k Puffs Eldobhat\u00f3 Vape \u00cdzlista:<\/strong><\/h2>\n<p>1. Ban\u00e1n J\u00e9g<br \/>\n2. Eper G\u00f6r\u00f6gdinnye<br \/>\n3. Miami Menta<br \/>\n4. \u00c1fonya M\u00e1lna<br \/>\n5. Fekete J\u00e9g<br \/>\n6. Feh\u00e9r Gumicukor J\u00e9g<br \/>\n7. G\u00f6r\u00f6gdinnye J\u00e9g<br \/>\n8. L\u00e9d\u00fas \u0150szibarack J\u00e9g<br \/>\n9. Pink Limon\u00e1d\u00e9<br \/>\n10. Eper Mang\u00f3<br \/>\n11. \u0150szibarack Mang\u00f3 G\u00f6r\u00f6gdinnye<br \/>\n12. Sz\u0151l\u0151 Citrom<br \/>\n13. Tr\u00f3pusi Sziv\u00e1rv\u00e1ny Robban\u00e1s<br \/>\n14. Cseresznye Bomba<br \/>\n15. Eper Menta Cukorka<br \/>\n16. Dupla Alma<br \/>\n17. \u00c1fonya J\u00e9gen<br \/>\n18. Eper J\u00e9g<br \/>\n19. Buja J\u00e9g<br \/>\n20. Anan\u00e1sz J\u00e9g<br \/>\n21. Sz\u0151l\u0151 J\u00e9g<br \/>\n22. Dr. Blue<br \/>\n23. Kiwi Maracuja Guava<br \/>\n24. Cseresznye Cola<\/p>\n<h3>Mi\u00e9rt v\u00e1lassza a RandM Tornado 25000 Puffs term\u00e9ket a <a href=\"https:\/\/vapestornado.com\/hu\/\">vapestornado<\/a>?<\/h3>\n<p><strong>1. A vapestornado-n\u00e1l t\u00f6rt\u00e9n\u0151 v\u00e1s\u00e1rl\u00e1s el\u0151nyei<\/strong><\/p>\n<ul>\n<li><strong>Sz\u00e9les v\u00e1laszt\u00e9k<\/strong>: A vapestornado a kiv\u00e1l\u00f3 min\u0151s\u00e9g\u0171 vape m\u00e1rk\u00e1k \u00e9s modellek \u00e1tfog\u00f3 v\u00e1laszt\u00e9k\u00e1t k\u00edn\u00e1lja, egy helyen kiel\u00e9g\u00edtve az \u00f6sszes \u00fcgyf\u00e9lig\u00e9nyt.<\/li>\n<li><strong>Kiv\u00e1l\u00f3 szolg\u00e1ltat\u00e1s<\/strong>: \u00c9lvezze a gyors sz\u00e1ll\u00edt\u00e1st \u00e9s a megb\u00edzhat\u00f3 \u00e9rt\u00e9kes\u00edt\u00e9s ut\u00e1ni t\u00e1mogat\u00e1st a gondtalan v\u00e1s\u00e1rl\u00e1si \u00e9lm\u00e9ny \u00e9rdek\u00e9ben.<\/li>\n<li><strong>\u00c1tl\u00e1that\u00f3 \u00e1raz\u00e1s<\/strong>: Minden term\u00e9k vil\u00e1gos \u00e9s r\u00e9szletes \u00e1raz\u00e1ssal van felt\u00fcntetve \u2013 nincsenek rejtett k\u00f6lts\u00e9gek.<\/li>\n<li><strong>K\u00fcl\u00f6nleges aj\u00e1nlatok<\/strong>: Rendszeres kedvezm\u00e9nyek \u00e9s prom\u00f3ci\u00f3k, exkluz\u00edv aj\u00e1nlatokkal a tagok sz\u00e1m\u00e1ra.<\/li>\n<li><strong>Felhaszn\u00e1l\u00f3bar\u00e1t platform<\/strong>: K\u00f6nnyen navig\u00e1lhat\u00f3 weboldal, amely t\u00f6bb nyelvet \u00e9s fizet\u00e9si m\u00f3dot t\u00e1mogat, bele\u00e9rtve a hitelk\u00e1rty\u00e1kat \u00e9s a PayPal-t.<\/li>\n<\/ul>\n<p><strong>2. A RandM Tornado 25k Puffs f\u0151bb jellemz\u0151i<\/strong><\/p>\n<ul>\n<li><strong>Hossz\u00fa t\u00e1v\u00fa haszn\u00e1lat<\/strong>: 25 000 slukkal tervezt\u00e9k, biztos\u00edtva a tart\u00f3ss\u00e1got \u00e9s a hosszabb haszn\u00e1latot a gyakori g\u0151z\u00f6l\u0151k sz\u00e1m\u00e1ra.<\/li>\n<li><strong>Er\u0151s akkumul\u00e1tor<\/strong>: 700 mAh-s \u00fajrat\u00f6lthet\u0151 akkumul\u00e1torral \u00e9s Type-C gyorst\u00f6lt\u00e9ssel van felszerelve a k\u00f6rnyezetbar\u00e1t k\u00e9nyelem \u00e9rdek\u00e9ben.<\/li>\n<li><strong>Gazdag \u00edzv\u00e1laszt\u00e9k<\/strong>: Ak\u00e1r 30 \u00edzt k\u00edn\u00e1l, bele\u00e9rtve a gy\u00fcm\u00f6lcs\u00f6s, mentolos \u00e9s ital ihlette profilokat, hogy megfeleljen a v\u00e1ltozatos \u00edzl\u00e9seknek.<\/li>\n<li><strong>St\u00edlusos design<\/strong>: LED-es l\u00e1mp\u00e1kkal rendelkezik a divatos \u00e9s szemet gy\u00f6ny\u00f6rk\u00f6dtet\u0151 megjelen\u00e9s\u00e9rt.<\/li>\n<li><strong>K\u00f6nny\u0171 haszn\u00e1lat<\/strong>: Haszn\u00e1latra k\u00e9sz a dobozb\u00f3l kiv\u00e9ve, nincs sz\u00fcks\u00e9g be\u00e1ll\u00edt\u00e1sra, t\u00f6k\u00e9letes kezd\u0151knek \u00e9s tapasztalt felhaszn\u00e1l\u00f3knak egyar\u00e1nt.<\/li>\n<\/ul>\n<p><strong>3. A vapestornado k\u00fcl\u00f6nleges \u00e1raz\u00e1sa<\/strong><\/p>\n<ul>\n<li><strong>Megfizethet\u0151 \u00e1r<\/strong>: A RandM Tornado 25000 Puffs a vapestornado akci\u00f3s \u00e1ron \u00e9rhet\u0151 el, \u00edgy X%-t takar\u00edthat meg a piaci \u00e1rakhoz k\u00e9pest.<\/li>\n<li><strong>T\u00f6meges kedvezm\u00e9nyek<\/strong>: Tov\u00e1bbi megtakar\u00edt\u00e1sok nagykereskedelmi v\u00e1s\u00e1rl\u00e1sok eset\u00e9n, ide\u00e1lis forgalmaz\u00f3k \u00e9s nagy mennyis\u00e9gben v\u00e1s\u00e1rl\u00f3k sz\u00e1m\u00e1ra.<\/li>\n<li><strong>Korl\u00e1tozott idej\u0171 aj\u00e1nlatok<\/strong>: N\u00e9zze meg a kezd\u0151lapot a RandM term\u00e9kek exkluz\u00edv kedvezm\u00e9nyes kuponjai\u00e9rt.<\/li>\n<\/ul>\n<p>V\u00e1s\u00e1roljon most a vapestornado oldalon, \u00e9s \u00e9lvezze a verhetetlen aj\u00e1nlatokat \u00e9s a kiv\u00e9teles vaping \u00e9lm\u00e9nyt a RandM Tornado 25000 Puffs term\u00e9kkel!<\/p>\n<h3><\/h3>\n<h3>GYIK a Randm Vape 25000 Puffs \u00fajrat\u00f6lthet\u0151 vape-r\u0151l:<\/h3>\n<ul>\n<li><strong>Meddig b\u00edrja a RandM Tornado 25000 Puffs?<\/strong><br \/>\nA RandM Tornado 25000 Puffs hosszan tart\u00f3 vaping \u00e9lm\u00e9nyt k\u00edn\u00e1l, ak\u00e1r 25 000 bef\u00faj\u00e1st biztos\u00edt, \u00edgy t\u00f6k\u00e9letes a hosszabb haszn\u00e1latra, gyakori csere n\u00e9lk\u00fcl.<\/li>\n<li><strong>Hogyan aktiv\u00e1lja a RandM Tornado 25000 Puffs-ot?<\/strong><br \/>\nA RandM Tornado 25000 Puffs azonnal haszn\u00e1latra k\u00e9sz. Egyszer\u0171en sz\u00edvjon a sz\u00e1jr\u00e9szen kereszt\u00fcl a k\u00e9sz\u00fcl\u00e9k aktiv\u00e1l\u00e1s\u00e1hoz \u2013 nincs sz\u00fcks\u00e9g gombokra vagy bonyolult be\u00e1ll\u00edt\u00e1sokra.<\/li>\n<li><strong>A RandM Tornado 25000 Puffs \u00fajrat\u00f6lthet\u0151?<\/strong><br \/>\nIgen, a RandM Tornado 25000 Puffs \u00fajrat\u00f6lthet\u0151, 700 mAh-s akkumul\u00e1torral rendelkezik, amely biztos\u00edtja a k\u00f6vetkezetes teljes\u00edtm\u00e9nyt a gyors Type-C t\u00f6lt\u00e9ssel.<\/li>\n<li><strong>Honnan tudom, hogy a RandM Tornado 25000 Puffs k\u00e9sz\u00fcl\u00e9kem akkumul\u00e1tora vagy e-liquidje mer\u00fcl\u0151ben van?<\/strong><br \/>\nAmikor a g\u0151ztermel\u00e9s cs\u00f6kken, vagy az \u00edz kev\u00e9sb\u00e9 intenz\u00edvv\u00e9 v\u00e1lik, az annak a jele, hogy az akkumul\u00e1tor vagy az e-liquid a v\u00e9g\u00e9t j\u00e1rja. T\u00f6ltse fel az akkumul\u00e1tort, vagy cser\u00e9lje ki a k\u00e9sz\u00fcl\u00e9ket, ha az e-liquid elfogyott.<\/li>\n<\/ul>","protected":false},"excerpt":{"rendered":"<p data-start=\"1221\" data-end=\"1388\">A <strong data-start=\"1225\" data-end=\"1263\">Randm Tornado 25000 Puffos Vape Pod<\/strong> kett\u0151s nikotin opci\u00f3t, intelligens \u00e9rint\u00e9svez\u00e9rl\u00e9st \u00e9s 25 ezer slukkot k\u00edn\u00e1l. Megb\u00edzhat\u00f3 v\u00e1laszt\u00e1s a <strong data-start=\"1353\" data-end=\"1385\">nagykereskedelmi t\u00f6meges v\u00e1s\u00e1rl\u00e1shoz Eur\u00f3p\u00e1ban<\/strong>.<\/p>\n<figure id=\"attachment_2951\" aria-describedby=\"caption-attachment-2951\" style=\"width: 265px\" class=\"wp-caption alignnone\"><img fetchpriority=\"high\" decoding=\"async\" class=\"size-medium wp-image-2951\" src=\"https:\/\/vapestornado.com\/wp-content\/uploads\/2024\/12\/Wholesale-Disposable-Vape-265x300.jpg\" alt=\"Nagykereskedelmi eldobhat\u00f3 Vape\" width=\"265\" height=\"300\" srcset=\"https:\/\/vapestornado.com\/wp-content\/uploads\/2024\/12\/Wholesale-Disposable-Vape-265x300.jpg 265w, https:\/\/vapestornado.com\/wp-content\/uploads\/2024\/12\/Wholesale-Disposable-Vape-768x871.jpg 768w, https:\/\/vapestornado.com\/wp-content\/uploads\/2024\/12\/Wholesale-Disposable-Vape-600x680.jpg 600w, https:\/\/vapestornado.com\/wp-content\/uploads\/2024\/12\/Wholesale-Disposable-Vape.jpg 823w\" sizes=\"(max-width: 265px) 100vw, 265px\" \/><figcaption id=\"caption-attachment-2951\" class=\"wp-caption-text\">K\u00e9rj\u00fck, vegye fel a kapcsolatot Mandy WhatsApp-j\u00e1val a kedvezm\u00e9nyes \u00e1r\u00e9rt<a href=\"https:\/\/wa.me\/8618077105796\">+8618077105796<\/a><\/figcaption><\/figure>\n<p>&nbsp;<\/p>","protected":false},"featured_media":2987,"comment_status":"open","ping_status":"closed","template":"","meta":{"_acf_changed":false,"_uag_custom_page_level_css":"","_lmt_disableupdate":"no","_lmt_disable":"","_monsterinsights_skip_tracking":false,"_monsterinsights_sitenote_active":false,"_monsterinsights_sitenote_note":"","_monsterinsights_sitenote_category":0,"site-sidebar-layout":"default","site-content-layout":"","ast-site-content-layout":"default","site-content-style":"default","site-sidebar-style":"default","ast-global-header-display":"","ast-banner-title-visibility":"","ast-main-header-display":"","ast-hfb-above-header-display":"","ast-hfb-below-header-display":"","ast-hfb-mobile-header-display":"","site-post-title":"","ast-breadcrumbs-content":"","ast-featured-img":"","footer-sml-layout":"","ast-disable-related-posts":"","theme-transparent-header-meta":"default","adv-header-id-meta":"","stick-header-meta":"","header-above-stick-meta":"","header-main-stick-meta":"","header-below-stick-meta":"","astra-migrate-meta-layouts":"set","ast-page-background-enabled":"default","ast-page-background-meta":{"desktop":{"background-color":"","background-image":"","background-repeat":"repeat","background-position":"center center","background-size":"auto","background-attachment":"scroll","background-type":"","background-media":"","overlay-type":"","overlay-color":"","overlay-opacity":"","overlay-gradient":""},"tablet":{"background-color":"","background-image":"","background-repeat":"repeat","background-position":"center center","background-size":"auto","background-attachment":"scroll","background-type":"","background-media":"","overlay-type":"","overlay-color":"","overlay-opacity":"","overlay-gradient":""},"mobile":{"background-color":"","background-image":"","background-repeat":"repeat","background-position":"center center","background-size":"auto","background-attachment":"scroll","background-type":"","background-media":"","overlay-type":"","overlay-color":"","overlay-opacity":"","overlay-gradient":""}},"ast-content-background-meta":{"desktop":{"background-color":"var(--ast-global-color-5)","background-image":"","background-repeat":"repeat","background-position":"center center","background-size":"auto","background-attachment":"scroll","background-type":"","background-media":"","overlay-type":"","overlay-color":"","overlay-opacity":"","overlay-gradient":""},"tablet":{"background-color":"var(--ast-global-color-5)","background-image":"","background-repeat":"repeat","background-position":"center center","background-size":"auto","background-attachment":"scroll","background-type":"","background-media":"","overlay-type":"","overlay-color":"","overlay-opacity":"","overlay-gradient":""},"mobile":{"background-color":"var(--ast-global-color-5)","background-image":"","background-repeat":"repeat","background-position":"center center","background-size":"auto","background-attachment":"scroll","background-type":"","background-media":"","overlay-type":"","overlay-color":"","overlay-opacity":"","overlay-gradient":""}},"_joinchat":{"telephone":"+8618077105796"}},"product_brand":[],"product_cat":[68,153,156,58,148],"product_tag":[97,102],"class_list":{"0":"post-2993","1":"product","2":"type-product","3":"status-publish","4":"has-post-thumbnail","6":"product_cat-25000-puff","7":"product_cat-buy-disposable-vapes-in-italy","8":"product_cat-buy-disposable-vapes-in-poland","9":"product_cat-fumot-vape","10":"product_cat-tornado-disposable-vapes","11":"product_tag-hot-sale-disposable-vape","12":"product_tag-randm-tornado-25k","13":"desktop-align-left","14":"tablet-align-left","15":"mobile-align-left","17":"first","18":"instock","19":"sale","20":"shipping-taxable","21":"purchasable","22":"product-type-simple"},"acf":[],"uagb_featured_image_src":{"full":["https:\/\/vapestornado.com\/wp-content\/uploads\/2024\/12\/RandM-Fumot-25000-Dr-Blue-Disposable-Vape.jpg",800,800,false],"thumbnail":["https:\/\/vapestornado.com\/wp-content\/uploads\/2024\/12\/RandM-Fumot-25000-Dr-Blue-Disposable-Vape-150x150.jpg",150,150,true],"medium":["https:\/\/vapestornado.com\/wp-content\/uploads\/2024\/12\/RandM-Fumot-25000-Dr-Blue-Disposable-Vape-300x300.jpg",300,300,true],"medium_large":["https:\/\/vapestornado.com\/wp-content\/uploads\/2024\/12\/RandM-Fumot-25000-Dr-Blue-Disposable-Vape-768x768.jpg",768,768,true],"large":["https:\/\/vapestornado.com\/wp-content\/uploads\/2024\/12\/RandM-Fumot-25000-Dr-Blue-Disposable-Vape.jpg",800,800,false],"1536x1536":["https:\/\/vapestornado.com\/wp-content\/uploads\/2024\/12\/RandM-Fumot-25000-Dr-Blue-Disposable-Vape.jpg",800,800,false],"2048x2048":["https:\/\/vapestornado.com\/wp-content\/uploads\/2024\/12\/RandM-Fumot-25000-Dr-Blue-Disposable-Vape.jpg",800,800,false],"trp-custom-language-flag":["https:\/\/vapestornado.com\/wp-content\/uploads\/2024\/12\/RandM-Fumot-25000-Dr-Blue-Disposable-Vape.jpg",12,12,false],"woocommerce_thumbnail":["https:\/\/vapestornado.com\/wp-content\/uploads\/2024\/12\/RandM-Fumot-25000-Dr-Blue-Disposable-Vape-300x300.jpg",300,300,true],"woocommerce_single":["https:\/\/vapestornado.com\/wp-content\/uploads\/2024\/12\/RandM-Fumot-25000-Dr-Blue-Disposable-Vape-600x600.jpg",600,600,true],"woocommerce_gallery_thumbnail":["https:\/\/vapestornado.com\/wp-content\/uploads\/2024\/12\/RandM-Fumot-25000-Dr-Blue-Disposable-Vape-100x100.jpg",100,100,true]},"uagb_author_info":{"display_name":"ESMANDY","author_link":"https:\/\/vapestornado.com\/hu\/author\/"},"uagb_comment_info":0,"uagb_excerpt":"The Randm Tornado 25000 Puffs Vape Pod offers dual nicotine options, smart touch controls, and 25K puffs. A reliable choice for wholesale bulk buy in Europe. [caption id=\"attachment_2951\" align=\"alignnone\" width=\"265\"] Pls Contact Mandy's WhatsApp For Discount Price+8618077105796[\/caption] &nbsp;","_links":{"self":[{"href":"https:\/\/vapestornado.com\/hu\/wp-json\/wp\/v2\/product\/2993","targetHints":{"allow":["GET"]}}],"collection":[{"href":"https:\/\/vapestornado.com\/hu\/wp-json\/wp\/v2\/product"}],"about":[{"href":"https:\/\/vapestornado.com\/hu\/wp-json\/wp\/v2\/types\/product"}],"replies":[{"embeddable":true,"href":"https:\/\/vapestornado.com\/hu\/wp-json\/wp\/v2\/comments?post=2993"}],"wp:featuredmedia":[{"embeddable":true,"href":"https:\/\/vapestornado.com\/hu\/wp-json\/wp\/v2\/media\/2987"}],"wp:attachment":[{"href":"https:\/\/vapestornado.com\/hu\/wp-json\/wp\/v2\/media?parent=2993"}],"wp:term":[{"taxonomy":"product_brand","embeddable":true,"href":"https:\/\/vapestornado.com\/hu\/wp-json\/wp\/v2\/product_brand?post=2993"},{"taxonomy":"product_cat","embeddable":true,"href":"https:\/\/vapestornado.com\/hu\/wp-json\/wp\/v2\/product_cat?post=2993"},{"taxonomy":"product_tag","embeddable":true,"href":"https:\/\/vapestornado.com\/hu\/wp-json\/wp\/v2\/product_tag?post=2993"}],"curies":[{"name":"wp","href":"https:\/\/api.w.org\/{rel}","templated":true}]}}