{"id":2980,"date":"2024-12-06T06:49:43","date_gmt":"2024-12-06T06:49:43","guid":{"rendered":"https:\/\/vapestornado.com\/?post_type=product&#038;p=2980"},"modified":"2025-08-23T12:26:33","modified_gmt":"2025-08-23T12:26:33","slug":"waspe-vape-30000-fihp-30k-puffs-disposable-vape-wholesale-price-in-germany","status":"publish","type":"product","link":"https:\/\/vapestornado.com\/hu\/product\/waspe-vape-30000-fihp-30k-puffs-disposable-vape-wholesale-price-in-germany\/","title":{"rendered":"Waspe Vape 30000 FIHP 30K Puffs Eldobhat\u00f3 Vape Nagykereskedelmi \u00c1ron N\u00e9metorsz\u00e1gban"},"content":{"rendered":"<h1 class=\"product-title\">Waspe Vape 30000 FIHP 30K Puffs Eldobhat\u00f3 Vape Nagykereskedelmi \u00c1ron N\u00e9metorsz\u00e1gban<\/h1>\n<p>Pr\u00e9mium vaping megold\u00e1st keres, amely \u00f6tv\u00f6zi a nagy teljes\u00edtm\u00e9nyt a kiv\u00e9teles \u00edzv\u00e1laszt\u00e9kkal? A <strong>Waspe Vape FIHP 30000 slukk eldobhat\u00f3 vape<\/strong> itt van, hogy felemelje a vaping \u00e9lm\u00e9ny\u00e9t. Val vel <strong>kett\u0151s \u00fczemm\u00f3d<\/strong>, \u00e1ll\u00edthat\u00f3 nikotinszinttel \u00e9s eleg\u00e1ns LED kijelz\u0151vel ez az eszk\u00f6z t\u00f6k\u00e9letes azok sz\u00e1m\u00e1ra, akik min\u0151s\u00e9get \u00e9s testreszabhat\u00f3s\u00e1got keresnek versenyk\u00e9pes nagykereskedelmi \u00e1ron Magyarorsz\u00e1gon.<\/p>\n<p>Ak\u00e1r kiskeresked\u0151k\u00e9nt keres <strong>vape nagykereskedelmi aj\u00e1nlatokat Magyarorsz\u00e1gon<\/strong> vagy mag\u00e1nszem\u00e9lyk\u00e9nt nagy teljes\u00edtm\u00e9ny\u0171 term\u00e9ket keres, <strong>alacsony nikotintartalm\u00fa eldobhat\u00f3 vape<\/strong>, a Waspe 30K p\u00e1ratlan \u00e9rt\u00e9ket k\u00edn\u00e1l. A <strong>\u00fajrat\u00f6lthet\u0151 vape-val<\/strong> kialak\u00edt\u00e1sa \u00e9s innovat\u00edv funkci\u00f3i kiemelked\u0151v\u00e9 teszik a piacon.<\/p>\n<p>A Waspe FIHP k\u00fcl\u00f6nf\u00e9le <strong>kett\u0151s \u00edzkombin\u00e1ci\u00f3kban<\/strong>kaphat\u00f3, gazdag \u00e9s kiel\u00e9g\u00edt\u0151 \u00edzeket k\u00edn\u00e1lva, amelyek minden \u00edzl\u00e9snek megfelelnek.<\/p>\n<p>Haszn\u00e1lja ki a lehet\u0151s\u00e9get <strong>Waspe Vape 30000 FIHP 30K Puffs Eldobhat\u00f3 Vape Nagykereskedelmi \u00c1ron N\u00e9metorsz\u00e1gban<\/strong> \u00e9s hozza el ezt az \u00e9lvonalbeli term\u00e9ket \u00fcgyfeleinek m\u00e9g ma!<\/p>\n<p>&nbsp;<\/p>\n<p><strong>Add hozz\u00e1 Amy Whatsappj\u00e1t, hogy azonnali v\u00e1laszt \u00e9s vape kupont kapj!<\/strong><\/p>\n<p><img fetchpriority=\"high\" decoding=\"async\" class=\"size-full wp-image-2932\" src=\"https:\/\/vapestornado.com\/wp-content\/uploads\/2024\/12\/Vape-Wholesale.jpg\" alt=\"Vape nagykereskedelem\" width=\"229\" height=\"300\" \/><\/p>\n<h3><a href=\"https:\/\/wa.me\/8617776015835\" target=\"_blank\" rel=\"noopener\"><span style=\"color: #ff0000;\"><strong>WhatsApp: +86 17776015835<\/strong><\/span><\/a><\/h3>\n<p>&nbsp;<\/p>\n<h4><strong style=\"font-size: 1.7em;\">Waspe Vape 30000 term\u00e9kjellemz\u0151k<\/strong><\/h4>\n<h4><\/h4>\n<ul>\n<li><strong>30000 slukk kett\u0151s \u00fczemm\u00f3ddal<\/strong>:<br \/>\n\u00c9lvezze ak\u00e1r <strong>30 000 slukk<\/strong> norm\u00e1l \u00fczemm\u00f3dban a hosszan tart\u00f3 haszn\u00e1lat \u00e9rdek\u00e9ben, vagy v\u00e1ltson <strong>impulzus \u00fczemm\u00f3dra<\/strong> az intenz\u00edvebb \u00e9lm\u00e9ny\u00e9rt, amely 15 000 slukkot biztos\u00edt. T\u00f6k\u00e9letes azoknak a felhaszn\u00e1l\u00f3knak, akik \u00e9rt\u00e9kelik a rugalmass\u00e1got.<\/li>\n<li><strong>T\u00f6bbf\u00e9le nikotin opci\u00f3<\/strong>:<br \/>\nSzabja szem\u00e9lyre a g\u0151z\u00f6l\u00e9si \u00e9lm\u00e9ny\u00e9t a <strong>0%, 2% vagy 5% nikotinszint<\/strong>lehet\u0151s\u00e9ggel, amely mind az alacsony nikotintartalm\u00fa felhaszn\u00e1l\u00f3knak, mind a er\u0151sebb \u00e9lm\u00e9nyt keres\u0151knek megfelel.<\/li>\n<li><strong>28 ml-es E-liquid Kapacit\u00e1s<\/strong>:<br \/>\nEz az eszk\u00f6z b\u0151s\u00e9ges <strong>28 ml e-liquidet<\/strong>tartalmaz, cs\u00f6kkentve a gyakori ut\u00e1nt\u00f6lt\u00e9s sz\u00fcks\u00e9gess\u00e9g\u00e9t \u00e9s biztos\u00edtva a hosszan tart\u00f3 haszn\u00e1latot.<\/li>\n<li><strong>Dupla h\u00e1l\u00f3s tekercs technol\u00f3gia<\/strong>:<br \/>\nFejlett <strong>1ohm + 1ohm kett\u0151s h\u00e1l\u00f3tekercs<\/strong>haszn\u00e1lat\u00e1val a Waspe 30K sim\u00e1bb g\u0151zt \u00e9s folyamatosan gazdag \u00edzt biztos\u00edt.<\/li>\n<li><strong>\u00dajrat\u00f6lthet\u0151 \u00e9s Hat\u00e9kony<\/strong>:<br \/>\negy <strong>850mAh-s \u00fajrat\u00f6lthet\u0151 akkumul\u00e1torral<\/strong> \u00e1ltal m\u0171k\u00f6dtetve <strong>Type-C gyorst\u00f6lt\u00e9ssel<\/strong>\u00fajrat\u00f6lthet\u0151 850mAh akkumul\u00e1torral, ez a vape biztos\u00edtja, hogy eg\u00e9sz napra felt\u00f6ltve maradjon, minim\u00e1lis \u00e1ll\u00e1sid\u0151vel.<\/li>\n<li><strong>LED kijelz\u0151 a K\u00f6nny\u0171 Figyel\u00e9shez<\/strong>:<br \/>\nA be\u00e9p\u00edtett <strong>LED k\u00e9perny\u0151<\/strong> val\u00f3s idej\u0171 slukksz\u00e1mot \u00e9s akkumul\u00e1tor \u00e9lettartamot mutat, teljes kontrollt biztos\u00edtva a g\u0151z\u00f6l\u00e9si \u00e9lm\u00e9ny felett.<\/li>\n<li><strong>\u00c1ll\u00edthat\u00f3 L\u00e9g\u00e1raml\u00e1s a Szem\u00e9lyre szab\u00e1shoz<\/strong>:<br \/>\nEgy <strong>\u00e1ll\u00edthat\u00f3 l\u00e9g\u00e1raml\u00e1si rendszer<\/strong>az \u00e1ll\u00edthat\u00f3 l\u00e9g\u00e1raml\u00e1ssal, m\u00f3dos\u00edthatja a sz\u00edv\u00e1s intenzit\u00e1s\u00e1t a testre szabott g\u0151z\u00f6l\u00e9si \u00e9lm\u00e9ny \u00e9rdek\u00e9ben.<\/li>\n<\/ul>\n<h2 class=\"product-title\"><strong>WASPE 30000 \u00cdzek List\u00e1ja<\/strong><\/h2>\n<p>1. Eper Mang\u00f3<br \/>\n2.Vegyes Bogy\u00f3<br \/>\n3. G\u00f6r\u00f6gdinnye j\u00e9g<br \/>\n4. Eper G\u00f6r\u00f6gdinnye<br \/>\n5.Epres Red Bull<br \/>\n6.Kivi Maracuja Guava<br \/>\n7.Sz\u0151l\u0151 J\u00e9g<br \/>\n8.Dupla Alma J\u00e9g<br \/>\n9.\u00c1fonya M\u00e1lna<br \/>\n10.G\u00f6r\u00f6gdinnye Mang\u00f3 J\u00e9g<br \/>\n11. \u00c1fonya J\u00e9g<br \/>\n12. \u0150szibarack Bogy\u00f3sgy\u00fcm\u00f6lcs<br \/>\n13.Eper Kivi<br \/>\n14.Cseresznye J\u00e9g<br \/>\n15.Eper Szuperrobbant\u00f3 Cseresznye<br \/>\n16.G\u00f6r\u00f6gdinnye R\u00e1g\u00f3gumi<\/p>\n<h3>Mi\u00e9rt a vapestornado-t v\u00e1lassza a WASPE 30k Vape nagykereskedelm\u00e9hez?<\/h3>\n<div class=\"flex-shrink-0 flex flex-col relative items-end\">\n<div class=\"pt-0\">\n<div class=\"gizmo-bot-avatar flex h-8 w-8 items-center justify-center overflow-hidden rounded-full\">\n<div class=\"relative p-1 rounded-sm flex items-center justify-center bg-token-main-surface-primary text-token-text-primary h-8 w-8\">\n<p>\u00dcdv\u00f6z\u00f6lj\u00fck a vapestornado-n\u00e1l, a pr\u00e9mium eldobhat\u00f3 vape-ek megb\u00edzhat\u00f3 online vape boltj\u00e1ban. T\u00f6bb mint 5 \u00e9ves szak\u00e9rtelemmel olyan n\u00e9pszer\u0171 eldobhat\u00f3 vape m\u00e1rk\u00e1kat k\u00edn\u00e1lunk, mint a Fumot RandM Vape, Vapme, Bang Vape, Waspe Vape \u00e9s WGA Vape stb.<\/p>\n<p>K\u00edn\u00e1latunkban szerepelnek n\u00e9pszer\u0171 vape-ok, mint a <a href=\"https:\/\/vapestornado.com\/hu\/product\/fumot-randm-tornado-15000-puffs-rechargeable-disposable-vape-wholesale\/\">RandM Torn\u00e1d\u00f3 15000<\/a>, \u00e9s \u00edzgazdag v\u00e1laszt\u00e1sok, mint a <a href=\"https:\/\/vapestornado.com\/hu\/product\/waspe-40000-puffs-double-flavour-led-display-disposable-vape-wholesale\/\">WASPE Dupla \u00cdz 40000 Puffs<\/a> . Minden term\u00e9k min\u0151s\u00e9gre, \u00e9rt\u00e9kre \u00e9s v\u00e1ltozatoss\u00e1gra f\u00f3kusz\u00e1lva van kiv\u00e1lasztva, \u00edgy biztosan megtal\u00e1lja az ig\u00e9nyeinek legink\u00e1bb megfelel\u0151t. Fedezze fel a kiv\u00e9teles szolg\u00e1ltat\u00e1st \u00e9s a min\u0151s\u00e9gi term\u00e9kek sz\u00e9les v\u00e1laszt\u00e9k\u00e1t a vapestornad\u00f3n\u00e1l.<\/p>\n<\/div>\n<h3><\/h3>\n<div class=\"relative p-1 rounded-sm flex items-center justify-center bg-token-main-surface-primary text-token-text-primary h-8 w-8\">\n<h3>GYIK a WASPE 40k \u00fajrat\u00f6lthet\u0151 eldobhat\u00f3 vape-r\u0151l<\/h3>\n<\/div>\n<\/div>\n<\/div>\n<\/div>\n<div class=\"group\/conversation-turn relative flex w-full min-w-0 flex-col agent-turn\">\n<div class=\"flex-col gap-1 md:gap-3\">\n<div class=\"flex max-w-full flex-col flex-grow\">\n<div class=\"min-h-8 text-message flex w-full flex-col items-end gap-2 whitespace-normal break-words [.text-message+&amp;]:mt-5\" dir=\"auto\" data-message-author-role=\"assistant\" data-message-id=\"db716a1c-9ed0-4b8d-b3b0-7bdb913c3d42\" data-message-model-slug=\"gpt-4o\">\n<div class=\"flex w-full flex-col gap-1 empty:hidden first:pt-[3px]\">\n<div class=\"markdown prose w-full break-words dark:prose-invert light\">\n<ul>\n<li><strong>Hol lehet WASPE FIHP 30000 Puffs eldobhat\u00f3 vape-et v\u00e1s\u00e1rolni nagykereskedelmi \u00e1ron Magyarorsz\u00e1gon?<\/strong><br \/>\nA WASPE FIHP 30000 Puffs eldobhat\u00f3 vape nagykereskedelmi \u00e1ron t\u00f6rt\u00e9n\u0151 beszerz\u00e9s\u00e9re Magyarorsz\u00e1gon megb\u00edzhat\u00f3 <strong>vape nagykeresked\u0151kn\u00e9l<\/strong> vagy online nagykereskedelmi platformokon, mint p\u00e9ld\u00e1ul a vapestornado, amelyek a vaping term\u00e9kekre specializ\u00e1l\u00f3dtak.<\/li>\n<li><strong>H\u00e1ny slukkot biztos\u00edt a WASPE FIHP 30k Puffs?<\/strong><br \/>\nA WASPE FIHP 30K k\u00edn\u00e1l <strong>30 000 slukk<\/strong> norm\u00e1l m\u00f3dban, vagy <strong>15 000 slukk<\/strong> impulzus m\u00f3dban egy intenz\u00edvebb g\u0151z\u00f6l\u00e9si \u00e9lm\u00e9ny\u00e9rt.<\/li>\n<li><strong>Meddig b\u00edrja a n\u00e9pszer\u0171 WASPE vape 30000 puffs Ultra eldobhat\u00f3 vape doboz?<\/strong><br \/>\nA k\u00e9sz\u00fcl\u00e9k \u00e9lettartama a haszn\u00e1lat gyakoris\u00e1g\u00e1t\u00f3l f\u00fcgg. A m\u00e9rs\u00e9kelt haszn\u00e1l\u00f3k sz\u00e1m\u00e1ra a <strong>30 000 slukk<\/strong> ak\u00e1r t\u00f6bb h\u00e9tig is kitarthat, \u00edgy ide\u00e1lis v\u00e1laszt\u00e1s hosszabb haszn\u00e1latra.<\/li>\n<li><strong>Melyek a n\u00e9pszer\u0171 \u00edzek a WASPE 30000 digit\u00e1lis dobozos vape-hez?<\/strong><br \/>\nA WASPE 30000 digit\u00e1lis dobozos vape <strong>kett\u0151s \u00edz\u00e9lm\u00e9nyt<\/strong>k\u00edn\u00e1l, v\u00e1ltozatos \u00e9s kiel\u00e9g\u00edt\u0151 kombin\u00e1ci\u00f3kat ny\u00fajtva. A n\u00e9pszer\u0171 v\u00e1laszt\u00e1sok elt\u00e9r\u0151ek lehetnek, de gyakran tartalmaznak gy\u00fcm\u00f6lcs\u00f6s, mentolos \u00e9s desszert-ihlette kever\u00e9keket, hogy megfeleljenek a k\u00fcl\u00f6nb\u00f6z\u0151 preferenci\u00e1knak.<\/li>\n<li><strong>Mennyi id\u0151be telik a WASPE FIHP 30k eldobhat\u00f3 vape felt\u00f6lt\u00e9se?<\/strong><br \/>\nA <strong>850mAh-s \u00fajrat\u00f6lthet\u0151 akkumul\u00e1torral<\/strong> gyorsan t\u00f6lt\u0151dik <strong>Type-C t\u00f6lt\u0151porttal<\/strong>, \u00e1ltal\u00e1ban k\u00f6r\u00fclbel\u00fcl <strong>1-1,5 \u00f3ra<\/strong> sz\u00fcks\u00e9ges a teljes felt\u00f6lt\u00e9shez.<\/li>\n<li><strong>Mennyi nikotin van a WASPE 30000 Digital k\u00e9perny\u0151s eldobhat\u00f3 vape-ekben?<\/strong><br \/>\nA WASPE 30000 a k\u00f6vetkez\u0151ket k\u00edn\u00e1lja: <strong>0%, 2% vagy 5% nikotin opci\u00f3k<\/strong>, lehet\u0151v\u00e9 t\u00e9ve a felhaszn\u00e1l\u00f3k sz\u00e1m\u00e1ra, hogy a preferenci\u00e1iknak legink\u00e1bb megfelel\u0151 nikotiner\u0151ss\u00e9get v\u00e1lassz\u00e1k.<\/li>\n<\/ul>\n<\/div>\n<\/div>\n<\/div>\n<\/div>\n<\/div>\n<\/div>","protected":false},"excerpt":{"rendered":"<p>WASPE FIHP 30000 slukk LED kijelz\u0151s eldobhat\u00f3 vape<br \/>\nWaspe 30000 slukk FIHP Vape elektromos cigaretta 30k<br \/>\nWASPE Vape 30000 slukk kett\u0151s h\u00e1l\u00f3 01% 21% 51% nikotin<\/p>\n<p><strong>Adja hozz\u00e1 Amy-t WhatsApp-on, hogy azonnali v\u00e1laszt \u00e9s vape kupont kapjon!<\/strong><\/p>\n<p><img fetchpriority=\"high\" decoding=\"async\" class=\"size-full wp-image-2932\" src=\"https:\/\/vapestornado.com\/wp-content\/uploads\/2024\/12\/Vape-Wholesale.jpg\" alt=\"Vape nagykereskedelem\" width=\"229\" height=\"300\" \/><\/p>\n<h3><a href=\"https:\/\/wa.me\/8617776015835\"><span style=\"color: #ff0000;\"><strong>WhatsApp: +86 17776015835<\/strong><\/span><\/a><\/h3>\n<p>&nbsp;<\/p>","protected":false},"featured_media":2977,"comment_status":"open","ping_status":"closed","template":"","meta":{"_acf_changed":false,"_uag_custom_page_level_css":"","_lmt_disableupdate":"no","_lmt_disable":"","_monsterinsights_skip_tracking":false,"_monsterinsights_sitenote_active":false,"_monsterinsights_sitenote_note":"","_monsterinsights_sitenote_category":0,"site-sidebar-layout":"default","site-content-layout":"","ast-site-content-layout":"default","site-content-style":"default","site-sidebar-style":"default","ast-global-header-display":"","ast-banner-title-visibility":"","ast-main-header-display":"","ast-hfb-above-header-display":"","ast-hfb-below-header-display":"","ast-hfb-mobile-header-display":"","site-post-title":"","ast-breadcrumbs-content":"","ast-featured-img":"","footer-sml-layout":"","ast-disable-related-posts":"","theme-transparent-header-meta":"default","adv-header-id-meta":"","stick-header-meta":"","header-above-stick-meta":"","header-main-stick-meta":"","header-below-stick-meta":"","astra-migrate-meta-layouts":"set","ast-page-background-enabled":"default","ast-page-background-meta":{"desktop":{"background-color":"","background-image":"","background-repeat":"repeat","background-position":"center center","background-size":"auto","background-attachment":"scroll","background-type":"","background-media":"","overlay-type":"","overlay-color":"","overlay-opacity":"","overlay-gradient":""},"tablet":{"background-color":"","background-image":"","background-repeat":"repeat","background-position":"center center","background-size":"auto","background-attachment":"scroll","background-type":"","background-media":"","overlay-type":"","overlay-color":"","overlay-opacity":"","overlay-gradient":""},"mobile":{"background-color":"","background-image":"","background-repeat":"repeat","background-position":"center center","background-size":"auto","background-attachment":"scroll","background-type":"","background-media":"","overlay-type":"","overlay-color":"","overlay-opacity":"","overlay-gradient":""}},"ast-content-background-meta":{"desktop":{"background-color":"var(--ast-global-color-5)","background-image":"","background-repeat":"repeat","background-position":"center center","background-size":"auto","background-attachment":"scroll","background-type":"","background-media":"","overlay-type":"","overlay-color":"","overlay-opacity":"","overlay-gradient":""},"tablet":{"background-color":"var(--ast-global-color-5)","background-image":"","background-repeat":"repeat","background-position":"center center","background-size":"auto","background-attachment":"scroll","background-type":"","background-media":"","overlay-type":"","overlay-color":"","overlay-opacity":"","overlay-gradient":""},"mobile":{"background-color":"var(--ast-global-color-5)","background-image":"","background-repeat":"repeat","background-position":"center center","background-size":"auto","background-attachment":"scroll","background-type":"","background-media":"","overlay-type":"","overlay-color":"","overlay-opacity":"","overlay-gradient":""}},"_joinchat":{"telephone":"+8617776015835"}},"product_brand":[],"product_cat":[67,152,157,158,142,146,60],"product_tag":[100,99,101],"class_list":{"0":"post-2980","1":"product","2":"type-product","3":"status-publish","4":"has-post-thumbnail","6":"product_cat-30000-puff","7":"product_cat-buy-disposable-vapes-in-cermany","8":"product_cat-buy-disposable-vapes-in-portugal","9":"product_cat-buy-disposable-vapes-in-spain","10":"product_cat-digital-box-disposable-vapes","11":"product_cat-rechargeable-disposable-vapes","12":"product_cat-waspe-fihp-vape","13":"product_tag-wasoe-vape","14":"product_tag-waspe-30000-puffs","15":"product_tag-waspe-30k","16":"desktop-align-left","17":"tablet-align-left","18":"mobile-align-left","20":"first","21":"instock","22":"sale","23":"shipping-taxable","24":"purchasable","25":"product-type-simple"},"acf":[],"uagb_featured_image_src":{"full":["https:\/\/vapestornado.com\/wp-content\/uploads\/2024\/12\/Waspe-FIHP-30000-30K-Puffs-Disposable-Vape.jpg",800,800,false],"thumbnail":["https:\/\/vapestornado.com\/wp-content\/uploads\/2024\/12\/Waspe-FIHP-30000-30K-Puffs-Disposable-Vape-150x150.jpg",150,150,true],"medium":["https:\/\/vapestornado.com\/wp-content\/uploads\/2024\/12\/Waspe-FIHP-30000-30K-Puffs-Disposable-Vape-300x300.jpg",300,300,true],"medium_large":["https:\/\/vapestornado.com\/wp-content\/uploads\/2024\/12\/Waspe-FIHP-30000-30K-Puffs-Disposable-Vape-768x768.jpg",768,768,true],"large":["https:\/\/vapestornado.com\/wp-content\/uploads\/2024\/12\/Waspe-FIHP-30000-30K-Puffs-Disposable-Vape.jpg",800,800,false],"1536x1536":["https:\/\/vapestornado.com\/wp-content\/uploads\/2024\/12\/Waspe-FIHP-30000-30K-Puffs-Disposable-Vape.jpg",800,800,false],"2048x2048":["https:\/\/vapestornado.com\/wp-content\/uploads\/2024\/12\/Waspe-FIHP-30000-30K-Puffs-Disposable-Vape.jpg",800,800,false],"trp-custom-language-flag":["https:\/\/vapestornado.com\/wp-content\/uploads\/2024\/12\/Waspe-FIHP-30000-30K-Puffs-Disposable-Vape.jpg",12,12,false],"woocommerce_thumbnail":["https:\/\/vapestornado.com\/wp-content\/uploads\/2024\/12\/Waspe-FIHP-30000-30K-Puffs-Disposable-Vape-300x300.jpg",300,300,true],"woocommerce_single":["https:\/\/vapestornado.com\/wp-content\/uploads\/2024\/12\/Waspe-FIHP-30000-30K-Puffs-Disposable-Vape-600x600.jpg",600,600,true],"woocommerce_gallery_thumbnail":["https:\/\/vapestornado.com\/wp-content\/uploads\/2024\/12\/Waspe-FIHP-30000-30K-Puffs-Disposable-Vape-100x100.jpg",100,100,true]},"uagb_author_info":{"display_name":"ESAMY","author_link":"https:\/\/vapestornado.com\/hu\/author\/"},"uagb_comment_info":0,"uagb_excerpt":"WASPE FIHP 30000 Puffs LED Display Disposable Vape Waspe 30000 Puffs FIHP Vape Electric Cigarette 30k WASPE Vape 30000 Puffs Dual Mesh 0% 2% 5% Nicotine Add Amy's whatsapp to get right reply and vape vape coupon! WhatsApp: +86 17776015835 &nbsp;","_links":{"self":[{"href":"https:\/\/vapestornado.com\/hu\/wp-json\/wp\/v2\/product\/2980","targetHints":{"allow":["GET"]}}],"collection":[{"href":"https:\/\/vapestornado.com\/hu\/wp-json\/wp\/v2\/product"}],"about":[{"href":"https:\/\/vapestornado.com\/hu\/wp-json\/wp\/v2\/types\/product"}],"replies":[{"embeddable":true,"href":"https:\/\/vapestornado.com\/hu\/wp-json\/wp\/v2\/comments?post=2980"}],"wp:featuredmedia":[{"embeddable":true,"href":"https:\/\/vapestornado.com\/hu\/wp-json\/wp\/v2\/media\/2977"}],"wp:attachment":[{"href":"https:\/\/vapestornado.com\/hu\/wp-json\/wp\/v2\/media?parent=2980"}],"wp:term":[{"taxonomy":"product_brand","embeddable":true,"href":"https:\/\/vapestornado.com\/hu\/wp-json\/wp\/v2\/product_brand?post=2980"},{"taxonomy":"product_cat","embeddable":true,"href":"https:\/\/vapestornado.com\/hu\/wp-json\/wp\/v2\/product_cat?post=2980"},{"taxonomy":"product_tag","embeddable":true,"href":"https:\/\/vapestornado.com\/hu\/wp-json\/wp\/v2\/product_tag?post=2980"}],"curies":[{"name":"wp","href":"https:\/\/api.w.org\/{rel}","templated":true}]}}