{"id":2958,"date":"2024-12-05T08:16:37","date_gmt":"2024-12-05T08:16:37","guid":{"rendered":"https:\/\/vapestornado.com\/?post_type=product&#038;p=2958"},"modified":"2025-08-23T10:27:04","modified_gmt":"2025-08-23T10:27:04","slug":"randm-vape-tornado-15k-puffs-disposable-vapes-wholesale-price-2-5-nicotine","status":"publish","type":"product","link":"https:\/\/vapestornado.com\/hu\/product\/randm-vape-tornado-15k-puffs-disposable-vapes-wholesale-price-2-5-nicotine\/","title":{"rendered":"Randm Vape Tornado 15k Puffs Eldobhat\u00f3 Vape-ek Nagykereskedelmi \u00c1r 2% 5% Nikotin"},"content":{"rendered":"<h1>Randm Vape Tornado 15k Puffs Eldobhat\u00f3 Vapes Nagykereskedelmi \u00c1r 2% 5% Nikotin<\/h1>\n<p>&nbsp;<\/p>\n<p data-start=\"206\" data-end=\"513\">A <strong data-start=\"210\" data-end=\"247\">RandM Tornado 15K Eldobhat\u00f3 Vape<\/strong> arra \u00e9p\u00fcl, hogy a kiskeresked\u0151ket \u00e9s a forgalmaz\u00f3kat megb\u00edzhat\u00f3, nagy volumen\u0171 opci\u00f3val l\u00e1ssa el a polcaikra. Minden egys\u00e9g el\u0151re fel van t\u00f6ltve <strong data-start=\"383\" data-end=\"403\">25 ml e-folyad\u00e9kkal<\/strong> \u00e9s egy <strong data-start=\"425\" data-end=\"456\">850mAh-s \u00fajrat\u00f6lthet\u0151 akkumul\u00e1torral<\/strong>, ami ak\u00e1r <strong data-start=\"473\" data-end=\"489\">15 000 slukk<\/strong> ak\u00e1r megszak\u00edt\u00e1s n\u00e9lk\u00fcl.<\/p>\n<p data-start=\"515\" data-end=\"845\">Egy <strong data-start=\"533\" data-end=\"553\">h\u00e1l\u00f3s tekercsrendszerrel<\/strong>tervezt\u00e9k, a k\u00e9sz\u00fcl\u00e9k stabil g\u0151zk\u00e9pz\u0151d\u00e9st \u00e9s testes \u00edzt biztos\u00edt. A felhaszn\u00e1l\u00f3k k\u00f6nnyen nyomon k\u00f6vethetik a teljes\u00edtm\u00e9nyt a <strong data-start=\"672\" data-end=\"691\">kett\u0151s kijelz\u0151k\u00f6n<\/strong> kereszt\u00fcl, mind az akkumul\u00e1tor, mind a folyad\u00e9kszint eset\u00e9ben. A <strong data-start=\"732\" data-end=\"767\">h\u00faz\u00e1sra aktiv\u00e1l\u00f3d\u00f3 gy\u00fajt\u00e1si mechanizmusa<\/strong> egyszer\u0171, gomb n\u00e9lk\u00fcli haszn\u00e1latot biztos\u00edt, \u00edgy alkalmas a mindennapi v\u00e1s\u00e1rl\u00f3k sz\u00e1m\u00e1ra.<\/p>\n<p data-start=\"847\" data-end=\"1119\">A <strong data-start=\"851\" data-end=\"875\">Type-C gyorst\u00f6lt\u00e9ssel<\/strong> port cs\u00f6kkenti a munkamenetek k\u00f6z\u00f6tti \u00e1ll\u00e1sid\u0151t, a k\u00f6nny\u0171 <strong data-start=\"936\" data-end=\"950\">103 g-os v\u00e1z<\/strong> pedig megk\u00f6nny\u00edti a hordozhat\u00f3s\u00e1got. A <strong data-start=\"990\" data-end=\"1022\">2% \u00e9s 5% nikotinszint<\/strong>, a <strong data-start=\"1028\" data-end=\"1041\">RandM 15K<\/strong> mind a k\u00f6nnyebb felhaszn\u00e1l\u00f3knak, mind azoknak megfelel, akik er\u0151sebb torokhat\u00e1st szeretnek.<\/p>\n<p data-start=\"1121\" data-end=\"1311\">Nagykereskedelmi szempontokat figyelembe v\u00e9ve tervezt\u00e9k, a <strong data-start=\"1158\" data-end=\"1193\">RandM Tornado 15 000 Puffs Vape<\/strong> egyens\u00falyban tartja a kapacit\u00e1st, a haszn\u00e1lhat\u00f3s\u00e1got \u00e9s a versenyk\u00e9pes t\u00f6meges \u00e1raz\u00e1st \u2013 \u00edgy okos kieg\u00e9sz\u00edt\u0151je a magyarorsz\u00e1gi vape k\u00e9szleteknek.<\/p>\n<p><img fetchpriority=\"high\" decoding=\"async\" class=\"size-medium wp-image-2951\" src=\"https:\/\/vapestornado.com\/wp-content\/uploads\/2024\/12\/Wholesale-Disposable-Vape-265x300.jpg\" alt=\"Nagykereskedelmi eldobhat\u00f3 Vape\" width=\"265\" height=\"300\" srcset=\"https:\/\/vapestornado.com\/wp-content\/uploads\/2024\/12\/Wholesale-Disposable-Vape-265x300.jpg 265w, https:\/\/vapestornado.com\/wp-content\/uploads\/2024\/12\/Wholesale-Disposable-Vape-768x871.jpg 768w, https:\/\/vapestornado.com\/wp-content\/uploads\/2024\/12\/Wholesale-Disposable-Vape-600x680.jpg 600w, https:\/\/vapestornado.com\/wp-content\/uploads\/2024\/12\/Wholesale-Disposable-Vape.jpg 823w\" sizes=\"(max-width: 265px) 100vw, 265px\" \/><\/p>\n<h6>K\u00e9rj\u00fck, vegye fel a kapcsolatot Mandy WhatsApp-j\u00e1val a kedvezm\u00e9nyes \u00e1r\u00e9rt<a href=\"https:\/\/wa.me\/8618077105796\" target=\"_blank\" rel=\"noopener\">+8618077105796<\/a><\/h6>\n<p>&nbsp;<\/p>\n<h2><strong>RandM Tornado Vape 15000 Puffs \u2013 Term\u00e9kjellemz\u0151k<\/strong><\/h2>\n<ul>\n<li><strong>Hossz\u00fa Haszn\u00e1lat<\/strong>: Leny\u0171g\u00f6z\u0151, 15 000 slukkot biztos\u00edt, ezzel hossz\u00fa t\u00e1v\u00fa teljes\u00edtm\u00e9nyt garant\u00e1l a gyakori haszn\u00e1l\u00f3k sz\u00e1m\u00e1ra.<\/li>\n<li><strong>Intelligens Jelz\u0151k<\/strong>: Akkumul\u00e1tor- \u00e9s e-liquid-szint jelz\u0151kkel van felszerelve, val\u00f3s idej\u0171 t\u00e1j\u00e9koztat\u00e1st ny\u00fajtva a v\u00e1ratlan megszak\u00edt\u00e1sok elker\u00fcl\u00e9se \u00e9rdek\u00e9ben.<\/li>\n<li><strong>K\u00f6nny\u0171 Haszn\u00e1lat<\/strong>: Egy egyszer\u0171 bel\u00e9gz\u00e9ssel aktiv\u00e1lhat\u00f3, \u00edgy nincs sz\u00fcks\u00e9g gombokra, probl\u00e9mamentes g\u0151z\u00f6l\u00e9si \u00e9lm\u00e9nyt k\u00edn\u00e1lva.<\/li>\n<li><strong>K\u00f6nnyen T\u00f6lthet\u0151<\/strong>: 850 mAh-s t\u00f6lthet\u0151 akkumul\u00e1torral \u00e9s Type-C t\u00f6lt\u0151porttal rendelkezik a gyors \u00e9s hat\u00e9kony \u00fajrat\u00f6lt\u00e9s \u00e9rdek\u00e9ben.<\/li>\n<li><strong>Kiv\u00e1l\u00f3 Tekercs Rendszer<\/strong>: Fejlett mesh coil technol\u00f3gi\u00e1val rendelkezik, amely egyenletes, gazdag \u00edzeket \u00e9s s\u0171r\u0171 g\u0151zfelh\u0151ket biztos\u00edt.<\/li>\n<li><strong>Nagykereskedelmi C\u00e9lra<\/strong>: A kartononk\u00e9nti 200 egys\u00e9gb\u0151l \u00e1ll\u00f3, nagykereskedelmi kiszerel\u00e9s ide\u00e1lis nagykeresked\u0151k \u00e9s kiskereskedelmi forgalmaz\u00f3k sz\u00e1m\u00e1ra.<\/li>\n<li><strong>Hordozhat\u00f3 Kialak\u00edt\u00e1s<\/strong>: Csak 103 gramm s\u00faly\u00fa, ez a k\u00f6nny\u0171 kialak\u00edt\u00e1s t\u00f6k\u00e9letes az \u00fatk\u00f6zbeni \u00e9letst\u00edlushoz.<\/li>\n<\/ul>\n<p>&nbsp;<\/p>\n<h2><strong>RandM Tornado 15000 Puff R\u00e9szletes \u00cdzle\u00edr\u00e1sok<\/strong><\/h2>\n<p>1. Blue Razz Limon\u00e1d\u00e9<br \/>\n2. \u0150szibarack j\u00e9g<br \/>\n3. Savany\u00fa alma<br \/>\n4. Watermelon Ice<br \/>\n5. \u00c1fonya j\u00e9gen<br \/>\n6. \u00c1fonya m\u00e1lna<br \/>\n7. Anan\u00e1sz j\u00e9g<br \/>\n8. Cseresznye<br \/>\n9. Epres J\u00e9g<br \/>\n10. Vimto<br \/>\n11. Sz\u0151l\u0151 j\u00e9g<br \/>\n12. K\u00f3la j\u00e9g<br \/>\n13. Eper g\u00f6r\u00f6gdinnye<br \/>\n14. Pink limon\u00e1d\u00e9<br \/>\n15. Vegyes bogy\u00f3s gy\u00fcm\u00f6lcs\u00f6k<br \/>\n16. \u0150szibarack mang\u00f3<br \/>\n17. S\u00e1rk\u00e1nygy\u00fcm\u00f6lcs<br \/>\n18. Eper sz\u0151l\u0151<br \/>\n19. Mr. Blue<br \/>\n20. Lush Ice<br \/>\n21. Ice Pop<br \/>\n22. Eper Kiwi<br \/>\n23. Kiwi Maracuja Guava<br \/>\n24. Tripla Bogy\u00f3<br \/>\n25. Ban\u00e1n J\u00e9g<br \/>\n26. \u0150szibarack \u00c1fonya Cukorka<br \/>\n27. Alma \u0150szibarack K\u00f6rte<br \/>\n28. Bogy\u00f3s Limon\u00e1d\u00e9<br \/>\n29. K\u00e9k M\u00e1lna Cseresznye<br \/>\n30. \u00c1fonya R\u00e1g\u00f3gumi<br \/>\n31. \u00c1fonya Cseresznye T\u0151zeg\u00e1fonya<br \/>\n32. \u00c1fonya Gr\u00e1n\u00e1talma<br \/>\n33. K\u00e9ksavany\u00fa M\u00e1lna<br \/>\n34. Cseresznye Cola<br \/>\n35. Gumimaci<br \/>\n36. Citrom<br \/>\n37. Mang\u00f3 J\u00e9gen<br \/>\n38. Piros Energia J\u00e9g<br \/>\n39. Eper Ban\u00e1n<br \/>\n40. Eper Red Bull<br \/>\n41. Eper G\u00f6r\u00f6gdinnye Limon\u00e1d\u00e9<br \/>\n42. Jeges Tea Citrom J\u00e9g<br \/>\n43. Jeges Tea Barack J\u00e9g<br \/>\n44. Sz\u00e9nsavas Cseresznye<br \/>\n45. Skittles<\/p>\n<h3><strong>Mi\u00e9rt v\u00e1lassza a RandM Tornado 15000 Puffs-ot?<\/strong><\/h3>\n<ul>\n<li><strong>P\u00e1ratlan \u00e9lettartam<\/strong><br \/>\n\u00c9lvezze az ak\u00e1r 15 000 slukkot egyetlen eszk\u00f6zzel, amely meghosszabb\u00edtja a haszn\u00e1latot a gyakori cser\u00e9k n\u00e9lk\u00fcl \u2013 t\u00f6k\u00e9letes v\u00e1laszt\u00e1s a k\u00f6vetkezetes vaperek sz\u00e1m\u00e1ra.<\/li>\n<li><strong>Fejlett technol\u00f3gia<\/strong><br \/>\nA h\u00e1l\u00f3s tekercs technol\u00f3gi\u00e1val a RandM Tornado kiv\u00e1l\u00f3 \u00edzprofilokat \u00e9s s\u0171r\u0171 g\u0151zfelh\u0151ket biztos\u00edt, fokozva a vaping \u00e9lm\u00e9nyt.<\/li>\n<li><strong>\u00dajradefini\u00e1lt k\u00e9nyelem<\/strong><br \/>\nAz automatikus slukkol\u00e1si rendszerrel a vaping olyan egyszer\u0171, mint a bel\u00e9gz\u00e9s \u2013 nincsenek gombok, nincsenek gondok, csak k\u00f6nnyed \u00e9lvezet.<\/li>\n<li><strong>\u00dajrat\u00f6lthet\u0151 akkumul\u00e1tor<\/strong><br \/>\nA 850 mAh-s \u00fajrat\u00f6lthet\u0151 akkumul\u00e1tor, a Type-C t\u00f6lt\u0151porttal p\u00e1rosulva, gyors \u00fajrat\u00f6lt\u00e9st tesz lehet\u0151v\u00e9, \u00edgy b\u00e1rmikor k\u00e9szen \u00e1ll a vapingra.<\/li>\n<li><strong>Val\u00f3s idej\u0171 monitoroz\u00e1s<\/strong><br \/>\nAz akkumul\u00e1tor- \u00e9s e-liquid jelz\u0151kkel felszerelve folyamatosan t\u00e1j\u00e9koz\u00f3dhat k\u00e9sz\u00fcl\u00e9ke \u00e1llapot\u00e1r\u00f3l, elker\u00fclve a v\u00e1ratlan megszak\u00edt\u00e1sokat.<\/li>\n<\/ul>\n<h3><strong>RandM Tornado 15000 Puffs v\u00e1s\u00e1rl\u00e1sa nagy t\u00e9telben<\/strong><\/h3>\n<p><strong>Megfizethet\u0151 kiv\u00e1l\u00f3s\u00e1g<\/strong><br \/>\nA RandM Tornado 15000 Puffs nagy t\u00e9telben t\u00f6rt\u00e9n\u0151 v\u00e1s\u00e1rl\u00e1sa k\u00f6lts\u00e9ghat\u00e9kony m\u00f3dja a pr\u00e9mium min\u0151s\u00e9g\u0171 vaping \u00e9lvezet\u00e9nek, alacsonyabb egys\u00e9g\u00e1r mellett. Ez a lehet\u0151s\u00e9g ide\u00e1lis a kiskeresked\u0151k \u00e9s az egy\u00e9ni v\u00e1s\u00e1rl\u00f3k sz\u00e1m\u00e1ra, akik a min\u0151s\u00e9g fel\u00e1ldoz\u00e1sa n\u00e9lk\u00fcl a maxim\u00e1lis \u00e9rt\u00e9ket keresik.<\/p>\n<p><strong>Folyamatos el\u00e9rhet\u0151s\u00e9g<\/strong><br \/>\nGy\u0151z\u0151dj\u00f6n meg r\u00f3la, hogy soha nem fogy ki kedvenc eldobhat\u00f3 vape-j\u00e1b\u00f3l a nagy t\u00e9telben t\u00f6rt\u00e9n\u0151 v\u00e1s\u00e1rl\u00e1sokkal. Legyen sz\u00f3 kiskeresked\u0151r\u0151l vagy lelkes vaper-r\u0151l, a hosszantart\u00f3 eszk\u00f6z\u00f6k folyamatos ut\u00e1np\u00f3tl\u00e1sa garant\u00e1lja a zavartalan el\u00e9gedetts\u00e9get.<\/p>\n<p><strong>T\u00f6k\u00e9letes v\u00e1llalkoz\u00e1sok sz\u00e1m\u00e1ra<\/strong><br \/>\nA kiskeresked\u0151k \u00e9s a vape boltok tulajdonosai sokat profit\u00e1lhatnak a RandM Tornado 15000 k\u00e9szletez\u00e9s\u00e9b\u0151l. H\u00edrneve a nagy teljes\u00edtm\u00e9ny, az \u00fajrat\u00f6lthet\u0151 funkcionalit\u00e1s \u00e9s a leny\u0171g\u00f6z\u0151 slukksz\u00e1m miatt top-elad\u00f3 term\u00e9kk\u00e9 teszi, amely sz\u00e9les v\u00e1s\u00e1rl\u00f3i b\u00e1zist vonz.<\/p>\n<p><strong>Testreszabhat\u00f3 \u00edzv\u00e1laszt\u00e9k<\/strong><br \/>\nAz \u00edzek sz\u00e9les v\u00e1laszt\u00e9k\u00e1val, az \u00e9dest\u0151l \u00e9s gy\u00fcm\u00f6lcs\u00f6st\u0151l a klasszikus \u00e9s mentolosig, a nagy t\u00e9telben t\u00f6rt\u00e9n\u0151 rendel\u00e9sek testreszabhat\u00f3k, hogy sokf\u00e9le opci\u00f3t tartalmazzanak, amelyek k\u00fcl\u00f6nb\u00f6z\u0151 preferenci\u00e1knak felelnek meg. Ez a rugalmass\u00e1g biztos\u00edtja, hogy minden \u00fcgyf\u00e9l megtal\u00e1lja az ide\u00e1lis vaping \u00e9lm\u00e9ny\u00e9t.<\/p>\n<h3><\/h3>\n<h3><strong>Mi\u00e9rt v\u00e1lassza a vapestornado nagy t\u00e9telben t\u00f6rt\u00e9n\u0151 v\u00e1s\u00e1rl\u00e1sokat Randm Vape 15k puff?<\/strong><\/h3>\n<ul>\n<li><strong>Nagykereskedelmi el\u0151ny\u00f6k<\/strong>: A nagy rendel\u00e9sek kedvezm\u00e9nyes \u00e1rakkal j\u00e1rnak, ami okos v\u00e1laszt\u00e1ss\u00e1 teszi a v\u00e1llalkoz\u00e1sok sz\u00e1m\u00e1ra.<\/li>\n<li><strong>K\u00f6rnyezetbar\u00e1t kialak\u00edt\u00e1s<\/strong>: Az \u00fajrat\u00f6lthet\u0151 technol\u00f3gia cs\u00f6kkenti a hullad\u00e9kot az egyszer haszn\u00e1latos eszk\u00f6z\u00f6kh\u00f6z k\u00e9pest.<\/li>\n<li><strong>Nagyobb haszonkulcs<\/strong>A kiskeresked\u0151k kihaszn\u00e1lhatj\u00e1k a nagy kereslet\u0171 term\u00e9k n\u00e9pszer\u0171s\u00e9g\u00e9t.<\/li>\n<\/ul>\n<h3><strong>Fedezd fel a RandM Vape vil\u00e1g\u00e1t<\/strong><\/h3>\n<p>Mer\u00fclj el az izgalmas \u00edzek sz\u00e9les v\u00e1laszt\u00e9k\u00e1ban, mint p\u00e9ld\u00e1ul a <strong>\u00c1fonya j\u00e9g<\/strong>, <strong>Mang\u00f3 Barack<\/strong>, <strong>H\u0171v\u00f6s Mentol<\/strong>, \u00e9s m\u00e9g sok m\u00e1s. Minden \u00edz egyedi \u00e9s k\u00f6vetkezetes \u00edz\u00e9lm\u00e9nyt ny\u00fajt, biztos\u00edtva, hogy minden slukk ugyanolyan \u00e9lvezetes legyen, mint az els\u0151. Fedezd fel a t\u00f6k\u00e9letes g\u0151z\u00f6l\u00e9si \u00e9lm\u00e9nyt a RandM Tornado 15000 Puffs-szal. \u00d6mlesztett opci\u00f3k m\u00e1r el\u00e9rhet\u0151ek a <a href=\"https:\/\/vapestornado.com\/hu\/\"><strong>vapestornado<\/strong><\/a>, az eldobhat\u00f3 pr\u00e9mium vape-ek megb\u00edzhat\u00f3 forr\u00e1s\u00e1n\u00e1l. V\u00e1s\u00e1rolj m\u00e9g ma \u00e9s emeld a k\u00f6vetkez\u0151 szintre a g\u0151z\u00f6l\u00e9si utaz\u00e1sodat!<\/p>","protected":false},"excerpt":{"rendered":"<p>A <strong data-start=\"1355\" data-end=\"1381\">RandM Tornado 15K Vape<\/strong> 25 ml kapacit\u00e1st, 15 000 slukkot \u00e9s kett\u0151s kijelz\u0151t k\u00edn\u00e1l. K\u00f6nny\u0171, \u00fajrat\u00f6lthet\u0151 opci\u00f3, amely a k\u00f6vetkez\u0151h\u00f6z van szabva: <strong data-start=\"1487\" data-end=\"1523\">nagykereskedelmi vape piacok sz\u00e1m\u00e1ra Eur\u00f3p\u00e1ban<\/strong>.<\/p>\n<figure id=\"attachment_2951\" aria-describedby=\"caption-attachment-2951\" style=\"width: 265px\" class=\"wp-caption alignnone\"><img fetchpriority=\"high\" decoding=\"async\" class=\"size-medium wp-image-2951\" src=\"https:\/\/vapestornado.com\/wp-content\/uploads\/2024\/12\/Wholesale-Disposable-Vape-265x300.jpg\" alt=\"Nagykereskedelmi eldobhat\u00f3 Vape\" width=\"265\" height=\"300\" srcset=\"https:\/\/vapestornado.com\/wp-content\/uploads\/2024\/12\/Wholesale-Disposable-Vape-265x300.jpg 265w, https:\/\/vapestornado.com\/wp-content\/uploads\/2024\/12\/Wholesale-Disposable-Vape-768x871.jpg 768w, https:\/\/vapestornado.com\/wp-content\/uploads\/2024\/12\/Wholesale-Disposable-Vape-600x680.jpg 600w, https:\/\/vapestornado.com\/wp-content\/uploads\/2024\/12\/Wholesale-Disposable-Vape.jpg 823w\" sizes=\"(max-width: 265px) 100vw, 265px\" \/><figcaption id=\"caption-attachment-2951\" class=\"wp-caption-text\">K\u00e9rj\u00fck, vegye fel a kapcsolatot Mandy WhatsApp-j\u00e1val a kedvezm\u00e9nyes \u00e1r\u00e9rt<a href=\"https:\/\/wa.me\/8618077105796\">+8618077105796<\/a><\/figcaption><\/figure>\n<p>&nbsp;<\/p>","protected":false},"featured_media":2933,"comment_status":"open","ping_status":"closed","template":"","meta":{"_acf_changed":false,"_uag_custom_page_level_css":"","_lmt_disableupdate":"no","_lmt_disable":"","_monsterinsights_skip_tracking":false,"_monsterinsights_sitenote_active":false,"_monsterinsights_sitenote_note":"","_monsterinsights_sitenote_category":0,"site-sidebar-layout":"default","site-content-layout":"","ast-site-content-layout":"default","site-content-style":"default","site-sidebar-style":"default","ast-global-header-display":"","ast-banner-title-visibility":"","ast-main-header-display":"","ast-hfb-above-header-display":"","ast-hfb-below-header-display":"","ast-hfb-mobile-header-display":"","site-post-title":"","ast-breadcrumbs-content":"","ast-featured-img":"","footer-sml-layout":"","ast-disable-related-posts":"","theme-transparent-header-meta":"default","adv-header-id-meta":"","stick-header-meta":"","header-above-stick-meta":"","header-main-stick-meta":"","header-below-stick-meta":"","astra-migrate-meta-layouts":"set","ast-page-background-enabled":"default","ast-page-background-meta":{"desktop":{"background-color":"","background-image":"","background-repeat":"repeat","background-position":"center center","background-size":"auto","background-attachment":"scroll","background-type":"","background-media":"","overlay-type":"","overlay-color":"","overlay-opacity":"","overlay-gradient":""},"tablet":{"background-color":"","background-image":"","background-repeat":"repeat","background-position":"center center","background-size":"auto","background-attachment":"scroll","background-type":"","background-media":"","overlay-type":"","overlay-color":"","overlay-opacity":"","overlay-gradient":""},"mobile":{"background-color":"","background-image":"","background-repeat":"repeat","background-position":"center center","background-size":"auto","background-attachment":"scroll","background-type":"","background-media":"","overlay-type":"","overlay-color":"","overlay-opacity":"","overlay-gradient":""}},"ast-content-background-meta":{"desktop":{"background-color":"var(--ast-global-color-5)","background-image":"","background-repeat":"repeat","background-position":"center center","background-size":"auto","background-attachment":"scroll","background-type":"","background-media":"","overlay-type":"","overlay-color":"","overlay-opacity":"","overlay-gradient":""},"tablet":{"background-color":"var(--ast-global-color-5)","background-image":"","background-repeat":"repeat","background-position":"center center","background-size":"auto","background-attachment":"scroll","background-type":"","background-media":"","overlay-type":"","overlay-color":"","overlay-opacity":"","overlay-gradient":""},"mobile":{"background-color":"var(--ast-global-color-5)","background-image":"","background-repeat":"repeat","background-position":"center center","background-size":"auto","background-attachment":"scroll","background-type":"","background-media":"","overlay-type":"","overlay-color":"","overlay-opacity":"","overlay-gradient":""}},"_joinchat":{"telephone":"+8618077105796"}},"product_brand":[],"product_cat":[71,154,157,58,148],"product_tag":[97,80],"class_list":{"0":"post-2958","1":"product","2":"type-product","3":"status-publish","4":"has-post-thumbnail","6":"product_cat-15000-puff","7":"product_cat-buy-disposable-vapes-in-netherlands","8":"product_cat-buy-disposable-vapes-in-portugal","9":"product_cat-fumot-vape","10":"product_cat-tornado-disposable-vapes","11":"product_tag-hot-sale-disposable-vape","12":"product_tag-randm-15k","13":"desktop-align-left","14":"tablet-align-left","15":"mobile-align-left","17":"first","18":"instock","19":"sale","20":"shipping-taxable","21":"purchasable","22":"product-type-simple"},"acf":[],"uagb_featured_image_src":{"full":["https:\/\/vapestornado.com\/wp-content\/uploads\/2024\/12\/Discount-Price-Randm-Vape-Tornado-15000-Puffs-Apple-Peach-Pear.jpg",800,800,false],"thumbnail":["https:\/\/vapestornado.com\/wp-content\/uploads\/2024\/12\/Discount-Price-Randm-Vape-Tornado-15000-Puffs-Apple-Peach-Pear-150x150.jpg",150,150,true],"medium":["https:\/\/vapestornado.com\/wp-content\/uploads\/2024\/12\/Discount-Price-Randm-Vape-Tornado-15000-Puffs-Apple-Peach-Pear-300x300.jpg",300,300,true],"medium_large":["https:\/\/vapestornado.com\/wp-content\/uploads\/2024\/12\/Discount-Price-Randm-Vape-Tornado-15000-Puffs-Apple-Peach-Pear-768x768.jpg",768,768,true],"large":["https:\/\/vapestornado.com\/wp-content\/uploads\/2024\/12\/Discount-Price-Randm-Vape-Tornado-15000-Puffs-Apple-Peach-Pear.jpg",800,800,false],"1536x1536":["https:\/\/vapestornado.com\/wp-content\/uploads\/2024\/12\/Discount-Price-Randm-Vape-Tornado-15000-Puffs-Apple-Peach-Pear.jpg",800,800,false],"2048x2048":["https:\/\/vapestornado.com\/wp-content\/uploads\/2024\/12\/Discount-Price-Randm-Vape-Tornado-15000-Puffs-Apple-Peach-Pear.jpg",800,800,false],"trp-custom-language-flag":["https:\/\/vapestornado.com\/wp-content\/uploads\/2024\/12\/Discount-Price-Randm-Vape-Tornado-15000-Puffs-Apple-Peach-Pear.jpg",12,12,false],"woocommerce_thumbnail":["https:\/\/vapestornado.com\/wp-content\/uploads\/2024\/12\/Discount-Price-Randm-Vape-Tornado-15000-Puffs-Apple-Peach-Pear-300x300.jpg",300,300,true],"woocommerce_single":["https:\/\/vapestornado.com\/wp-content\/uploads\/2024\/12\/Discount-Price-Randm-Vape-Tornado-15000-Puffs-Apple-Peach-Pear-600x600.jpg",600,600,true],"woocommerce_gallery_thumbnail":["https:\/\/vapestornado.com\/wp-content\/uploads\/2024\/12\/Discount-Price-Randm-Vape-Tornado-15000-Puffs-Apple-Peach-Pear-100x100.jpg",100,100,true]},"uagb_author_info":{"display_name":"ESMANDY","author_link":"https:\/\/vapestornado.com\/hu\/author\/"},"uagb_comment_info":0,"uagb_excerpt":"The RandM Tornado 15K Vape offers 25ml capacity, 15,000 puffs, and dual indicators. A lightweight, rechargeable option tailored for wholesale vape markets in Europe. [caption id=\"attachment_2951\" align=\"alignnone\" width=\"265\"] Pls Contact Mandy's WhatsApp For Discount Price+8618077105796[\/caption] &nbsp;","_links":{"self":[{"href":"https:\/\/vapestornado.com\/hu\/wp-json\/wp\/v2\/product\/2958","targetHints":{"allow":["GET"]}}],"collection":[{"href":"https:\/\/vapestornado.com\/hu\/wp-json\/wp\/v2\/product"}],"about":[{"href":"https:\/\/vapestornado.com\/hu\/wp-json\/wp\/v2\/types\/product"}],"replies":[{"embeddable":true,"href":"https:\/\/vapestornado.com\/hu\/wp-json\/wp\/v2\/comments?post=2958"}],"wp:featuredmedia":[{"embeddable":true,"href":"https:\/\/vapestornado.com\/hu\/wp-json\/wp\/v2\/media\/2933"}],"wp:attachment":[{"href":"https:\/\/vapestornado.com\/hu\/wp-json\/wp\/v2\/media?parent=2958"}],"wp:term":[{"taxonomy":"product_brand","embeddable":true,"href":"https:\/\/vapestornado.com\/hu\/wp-json\/wp\/v2\/product_brand?post=2958"},{"taxonomy":"product_cat","embeddable":true,"href":"https:\/\/vapestornado.com\/hu\/wp-json\/wp\/v2\/product_cat?post=2958"},{"taxonomy":"product_tag","embeddable":true,"href":"https:\/\/vapestornado.com\/hu\/wp-json\/wp\/v2\/product_tag?post=2958"}],"curies":[{"name":"wp","href":"https:\/\/api.w.org\/{rel}","templated":true}]}}