{"id":2926,"date":"2024-12-03T08:03:07","date_gmt":"2024-12-03T08:03:07","guid":{"rendered":"https:\/\/vapestornado.com\/?post_type=product&#038;p=2926"},"modified":"2025-08-23T10:05:34","modified_gmt":"2025-08-23T10:05:34","slug":"fumot-digital-box-12000-puffs-cheap-price-disposable-vape","status":"publish","type":"product","link":"https:\/\/vapestornado.com\/hu\/product\/fumot-digital-box-12000-puffs-cheap-price-disposable-vape\/","title":{"rendered":"Fumot Digit\u00e1lis Doboz 12000 Sz\u00edv\u00e1s Olcs\u00f3 \u00c1r Eldobhat\u00f3 Vape"},"content":{"rendered":"<h1>Fumot Digit\u00e1lis Doboz 12000 Sz\u00edv\u00e1s Olcs\u00f3 \u00c1r Eldobhat\u00f3 Vape<\/h1>\n<p>&nbsp;<\/p>\n<p data-start=\"298\" data-end=\"609\">A <strong data-start=\"302\" data-end=\"351\">Fumot Digit\u00e1lis Doboz 12000 Sz\u00edv\u00e1s Eldobhat\u00f3 Vape<\/strong> hosszantart\u00f3 teljes\u00edtm\u00e9nyt \u00e9s er\u0151s nagykereskedelmi vonzer\u0151t k\u00edn\u00e1l. Egy <strong data-start=\"420\" data-end=\"453\">20 ml-es el\u0151ret\u00f6lt\u00f6tt e-liquid tart\u00e1llyal<\/strong> \u00e9s ak\u00e1r <strong data-start=\"464\" data-end=\"491\">12 000 sz\u00edv\u00e1s k\u00e9sz\u00fcl\u00e9kenk\u00e9nt<\/strong>hosszabb haszn\u00e1latot \u00e9s egyenletes \u00edzt biztos\u00edt, vonz\u00f3 v\u00e1laszt\u00e1ss\u00e1 t\u00e9ve mind a kiskeresked\u0151k, mind a t\u00f6meges v\u00e1s\u00e1rl\u00f3k sz\u00e1m\u00e1ra.<\/p>\n<p data-start=\"611\" data-end=\"868\">Egy <strong data-start=\"624\" data-end=\"655\">550mAh-s \u00fajrat\u00f6lthet\u0151 akkumul\u00e1tor<\/strong> \u00e1ltal m\u0171k\u00f6dtetve <strong data-start=\"661\" data-end=\"685\">Type-C gyorst\u00f6lt\u00e9ssel<\/strong>ez a vape minim\u00e1lisra cs\u00f6kkenti az \u00e1ll\u00e1sid\u0151t, mik\u00f6zben megb\u00edzhat\u00f3 teljes\u00edtm\u00e9nyt ny\u00fajt. A <strong data-start=\"759\" data-end=\"789\">\u00e1ll\u00edthat\u00f3 l\u00e9g\u00e1raml\u00e1s-szab\u00e1lyoz\u00e1ssal<\/strong> lehet\u0151v\u00e9 teszi az \u00fcgyfelek sz\u00e1m\u00e1ra a p\u00e1rakibocs\u00e1t\u00e1s testreszab\u00e1s\u00e1t, ami a felhaszn\u00e1l\u00f3k sz\u00e9les k\u00f6r\u00e9t vonzza.<\/p>\n<p data-start=\"870\" data-end=\"1111\">Egyed\u00fcl\u00e1ll\u00f3 tulajdons\u00e1ga a <strong data-start=\"894\" data-end=\"919\">Fumot 12K Digit\u00e1lis Doboznak<\/strong> ez a <strong data-start=\"927\" data-end=\"943\">6 RGB f\u00e9ny<\/strong>, amelyek haszn\u00e1lat k\u00f6zben aktiv\u00e1l\u00f3dnak, hogy vizu\u00e1lis vonzer\u0151t adjanak \u2013 n\u00e9pszer\u0171 a fiatalabb eur\u00f3pai fogyaszt\u00f3k k\u00f6r\u00e9ben. Kompakt, tart\u00f3s \u00e9s k\u00f6nnyen hordozhat\u00f3, alkalmas mindennapi \u00e9s t\u00e1rsas\u00e1gi haszn\u00e1latra egyar\u00e1nt.<\/p>\n<p data-start=\"1113\" data-end=\"1315\">A nagy slukk kapacit\u00e1s, a testreszabhat\u00f3 funkci\u00f3k \u00e9s a <strong data-start=\"1180\" data-end=\"1213\">versenyk\u00e9pes nagykereskedelmi \u00e1rakb\u00f3l<\/strong>, a <strong data-start=\"1219\" data-end=\"1246\">Fumot Digit\u00e1lis Doboz 12000<\/strong> egyens\u00faly\u00e1val okos kieg\u00e9sz\u00edt\u0151 a magyarorsz\u00e1gi vape boltok \u00e9s forgalmaz\u00f3k sz\u00e1m\u00e1ra.<\/p>\n<p><img fetchpriority=\"high\" decoding=\"async\" class=\"size-medium wp-image-2951\" src=\"https:\/\/vapestornado.com\/wp-content\/uploads\/2024\/12\/Wholesale-Disposable-Vape-265x300.jpg\" alt=\"Nagykereskedelmi eldobhat\u00f3 Vape\" width=\"265\" height=\"300\" srcset=\"https:\/\/vapestornado.com\/wp-content\/uploads\/2024\/12\/Wholesale-Disposable-Vape-265x300.jpg 265w, https:\/\/vapestornado.com\/wp-content\/uploads\/2024\/12\/Wholesale-Disposable-Vape-768x871.jpg 768w, https:\/\/vapestornado.com\/wp-content\/uploads\/2024\/12\/Wholesale-Disposable-Vape-600x680.jpg 600w, https:\/\/vapestornado.com\/wp-content\/uploads\/2024\/12\/Wholesale-Disposable-Vape.jpg 823w\" sizes=\"(max-width: 265px) 100vw, 265px\" \/><\/p>\n<h6>K\u00e9rj\u00fck, vegye fel a kapcsolatot Mandy WhatsApp-j\u00e1val a kedvezm\u00e9nyes \u00e1r\u00e9rt<a href=\"https:\/\/wa.me\/8618077105796\" target=\"_blank\" rel=\"noopener\">+8618077105796<\/a><\/h6>\n<p>&nbsp;<\/p>\n<h3>Term\u00e9kjellemz\u0151k<\/h3>\n<ul>\n<li><strong>20 ml e-folyad\u00e9k<\/strong>: Kiv\u00e9teles \u00edzt \u00e9s ak\u00e1r 12 000 slukkot biztos\u00edt.<\/li>\n<li><strong>550mAh-s \u00fajrat\u00f6lthet\u0151 akkumul\u00e1tor<\/strong>: Hossz\u00fa \u00e9lettartam\u00fa energi\u00e1t biztos\u00edt gyors Type-C t\u00f6lt\u00e9ssel.<\/li>\n<li><strong>6 RGB f\u00e9ny<\/strong>: H\u0171v\u00f6s \u00e9s st\u00edlusos ragyog\u00e1ssal fokozza a vaping \u00e9lm\u00e9nyt.<\/li>\n<li><strong>L\u00e9g\u00e1raml\u00e1s-szab\u00e1lyoz\u00f3 kapcsol\u00f3<\/strong>: K\u00f6nnyed\u00e9n be\u00e1ll\u00edthatja a g\u0151z intenzit\u00e1s\u00e1t az \u00d6n preferenci\u00e1i szerint.<\/li>\n<li><strong>Kompakt \u00e9s tart\u00f3s<\/strong>: T\u00f6k\u00e9letes \u00fatk\u00f6zbeni haszn\u00e1latra, eleg\u00e1ns, cs\u00facskateg\u00f3ri\u00e1s diz\u00e1jnnal.<\/li>\n<\/ul>\n<h4><strong>Fumot 12000 \u00edzek<\/strong><\/h4>\n<p>1 H\u0171s\u00edt\u0151 menta<br \/>\n2 G\u00f6r\u00f6gdinnye j\u00e9g<br \/>\n3 Sz\u0151l\u0151 j\u00e9g<br \/>\n4 \u00c1fonya m\u00e1lna<br \/>\n5 Eper G\u00f6r\u00f6gdinnye<br \/>\n6 Eper Ban\u00e1n<br \/>\n7 Buja J\u00e9g<br \/>\n8 Cseresznye<br \/>\n9 Eper J\u00e9g<br \/>\n10 J\u00e9gkr\u00e9m<br \/>\n11 R\u00f3zsasz\u00edn Limon\u00e1d\u00e9<br \/>\n12 Mang\u00f3 J\u00e9gen<br \/>\n13 Vegyes Bogy\u00f3k<br \/>\n14 Epres F\u00e1nk<br \/>\n15 Eper Sz\u0151l\u0151<br \/>\n16 Cseresznye Cola<br \/>\n17 Dr. Blue<br \/>\n18 \u00c1fonya J\u00e9gen<br \/>\n19 Kiwi Maracuja Guava<br \/>\n20 Eper Kiwi<br \/>\n21 \u0150szibarack Mang\u00f3<br \/>\n22 \u0150szibarack J\u00e9g<br \/>\n23 Piros Alma J\u00e9g<br \/>\n24 \u00c1fonya R\u00e1g\u00f3gumi<br \/>\n25 Erdei gy\u00fcm\u00f6lcs\u00f6s limon\u00e1d\u00e9<br \/>\n26 K\u00e9k m\u00e1lna limon\u00e1d\u00e9<br \/>\n27 K\u00e9k savany\u00fa m\u00e1lna<br \/>\n28 Epres Red Bull<br \/>\n29 Alma-bogy\u00f3s gy\u00fcm\u00f6lcs mix<br \/>\n30 G\u00f6r\u00f6gdinnye r\u00e1g\u00f3gumi<br \/>\n31 M\u00e1lna g\u00f6r\u00f6gdinnye<br \/>\n32 Fekete j\u00e9g<br \/>\n33 \u00c1fonya-cseresznye-t\u0151zeg\u00e1fonya<br \/>\n34 Eper gr\u00e1n\u00e1talma<br \/>\n35 Vimto<br \/>\n36 Cseresznye bogy\u00f3<br \/>\n37 Citrom<br \/>\n38 Bingo Crush<br \/>\n39 \u00c1fonya kiwi<br \/>\n40 Alma fah\u00e9j<\/p>\n<p>&nbsp;<\/p>\n<h3>Gyakran Ism\u00e9telt K\u00e9rd\u00e9sek a Fumot Digital Box 12000 Puffs Eldobhat\u00f3 Vape-r\u0151l<\/h3>\n<p><strong>K: Min\u0151s\u00e9gi term\u00e9kek a Fumot vape-ek?<\/strong><br \/>\n<strong>A:<\/strong> Igen, a Fumot vape-ek h\u00edresek pr\u00e9mium min\u0151s\u00e9g\u00fckr\u0151l \u00e9s kiv\u00e9teles teljes\u00edtm\u00e9ny\u00fckr\u0151l. Fejlett technol\u00f3gi\u00e1val vannak felszerelve, hogy egyenletes \u00edzt, kiel\u00e9g\u00edt\u0151 vaping \u00e9lm\u00e9nyt \u00e9s leny\u0171g\u00f6z\u0151 sz\u00e1m\u00fa sz\u00edv\u00e1st biztos\u00edtsanak, \u00edgy megb\u00edzhat\u00f3 v\u00e1laszt\u00e1s a vaping rajong\u00f3k sz\u00e1m\u00e1ra.<\/p>\n<p><strong>K: Mennyi ideig tart egy 12 000 sz\u00edv\u00e1sos randm vape?<\/strong><br \/>\n<strong>A:<\/strong> Az id\u0151tartam az egy\u00e9ni haszn\u00e1lati szok\u00e1sokt\u00f3l f\u00fcgg. A nagy felhaszn\u00e1l\u00f3k sz\u00e1m\u00e1ra t\u00f6bb h\u00e9tig is eltarthat, m\u00edg a m\u00e9rs\u00e9kelt felhaszn\u00e1l\u00f3k sz\u00e1m\u00e1ra egy-k\u00e9t h\u00f3napig is elegend\u0151 lehet. A k\u00f6nny\u0171 felhaszn\u00e1l\u00f3k ak\u00e1r h\u00e1rom h\u00f3napig is \u00e9lvezhetik k\u00e9sz\u00fcl\u00e9k\u00fcket, \u00edgy ide\u00e1lis azok sz\u00e1m\u00e1ra, akik a hossz\u00fa \u00e9lettartam\u00fa vaping opci\u00f3t r\u00e9szes\u00edtik el\u0151nyben, gyakori csere n\u00e9lk\u00fcl.<\/p>\n<p><strong>K: Mennyibe ker\u00fcl egy 12 000 sz\u00edv\u00e1sos Fumot vape?<\/strong><br \/>\n<strong>A:<\/strong> Egy 12 000 sz\u00edv\u00e1sos vape \u00e1ra a m\u00e1rk\u00e1t\u00f3l, a funkci\u00f3kt\u00f3l \u00e9s az elad\u00f3t\u00f3l f\u00fcgg\u0151en v\u00e1ltozik. \u00c1ltal\u00e1ban 15 \u00e9s 30 font k\u00f6z\u00f6tt mozog az Egyes\u00fclt Kir\u00e1lys\u00e1gban. Az szezon\u00e1lis kedvezm\u00e9nyek, a rendelkez\u00e9sre \u00e1ll\u00e1s \u00e9s a modellv\u00e1ltozatok szint\u00e9n befoly\u00e1solhatj\u00e1k a k\u00f6lts\u00e9geket.<\/p>\n<p><strong>K: Mennyi nikotin van egy 12 000 sz\u00edv\u00e1sos vape-ben?<\/strong><br \/>\n<strong>A:<\/strong> A Fumot Digital Box t\u00f6bbf\u00e9le nikotiner\u0151ss\u00e9g\u0171 opci\u00f3t k\u00edn\u00e1l, bele\u00e9rtve a 0%, 2%, 3% \u00e9s 5% \u00e9rt\u00e9keket. Ez a v\u00e1ltozatoss\u00e1g lehet\u0151v\u00e9 teszi a felhaszn\u00e1l\u00f3k sz\u00e1m\u00e1ra, hogy olyan szintet v\u00e1lasszanak, amely megfelel az ig\u00e9nyeiknek \u00e9s a vaping szok\u00e1saiknak.<\/p>\n<p><strong>K: Mennyi ideig tart egy Fumot vape felt\u00f6lt\u00e9se?<\/strong><br \/>\n<strong>A:<\/strong> Egy Fumot vape t\u00f6lt\u00e9si ideje k\u00f6r\u00fclbel\u00fcl 1-2 \u00f3ra, a k\u00e9sz\u00fcl\u00e9k akkumul\u00e1tor kapacit\u00e1s\u00e1t\u00f3l \u00e9s a t\u00f6lt\u0151 t\u00edpus\u00e1t\u00f3l f\u00fcgg\u0151en. A gyors \u00fajrat\u00f6lt\u00e9si funkci\u00f3 minim\u00e1lis \u00e1ll\u00e1sid\u0151t biztos\u00edt, \u00edgy a felhaszn\u00e1l\u00f3k azonnal folytathatj\u00e1k a vapinget.<\/p>\n<p>&nbsp;<\/p>\n<h3>Okok a nagykereskedelmi \u00e1r v\u00e1laszt\u00e1s\u00e1hoz <a href=\"https:\/\/vapestornado.com\/hu\/product\/fumot-digital-box-12000-puffs-cheap-price-disposable-vape\/\">Fumot Digit\u00e1lis Doboz 12000 Puff<\/a> Eldobhat\u00f3 Vape <a href=\"https:\/\/vapestornado.com\/hu\/store\/\">vapestornado<\/a><\/h3>\n<ol>\n<li><strong>Magas puffsz\u00e1m a hossz\u00fa \u00e9lettartam\u00e9rt<\/strong><br \/>\nA leny\u0171g\u00f6z\u0151, 12 000 puffos kapacit\u00e1s\u00e1val ez az eszk\u00f6z biztos\u00edtja a hosszan tart\u00f3 haszn\u00e1latot, t\u00f6k\u00e9letes azok sz\u00e1m\u00e1ra, akik gyakori csere n\u00e9lk\u00fcl keresnek tart\u00f3s vape-et.<\/li>\n<li><strong>Testreszabhat\u00f3 nikotin opci\u00f3k<\/strong><br \/>\n0%, 2%, 3% \u00e9s 5% nikotiner\u0151ss\u00e9gben kaphat\u00f3, a Fumot Digital Box a preferenci\u00e1k sz\u00e9les sk\u00e1l\u00e1j\u00e1t el\u00e9g\u00edti ki, ak\u00e1r nikotinmentes, ak\u00e1r er\u0151sebb \u00e9lm\u00e9nyre v\u00e1gysz.<\/li>\n<li><strong>Kompakt kialak\u00edt\u00e1s fejlett funkci\u00f3kkal<\/strong><br \/>\nA karcs\u00fa, k\u00f6nny\u0171 kialak\u00edt\u00e1s olyan modern funkci\u00f3kkal p\u00e1rosul, mint a l\u00e9g\u00e1raml\u00e1s-szab\u00e1lyoz\u00e1s \u00e9s a 6 RGB f\u00e9ny, amely funkcionalit\u00e1st \u00e9s st\u00edlust is biztos\u00edt.<\/li>\n<li><strong>K\u00e9nyelmes \u00fajrat\u00f6lthet\u0151 akkumul\u00e1tor<\/strong><br \/>\nAz 550 mAh-s \u00fajrat\u00f6lthet\u0151 akkumul\u00e1torral \u00e9s a Type-C t\u00f6lt\u0151porttal felszerelve gyors \u00fajrat\u00f6lt\u00e9st k\u00edn\u00e1l, minim\u00e1lisra cs\u00f6kkentve az \u00e1ll\u00e1sid\u0151t.<\/li>\n<li><strong>Megfizethet\u0151 \u00e1raz\u00e1s<\/strong><br \/>\nA pr\u00e9mium funkci\u00f3kat versenyk\u00e9pes \u00e1ron k\u00edn\u00e1l\u00f3 Fumot Digital Box kiv\u00e1l\u00f3 \u00e9rt\u00e9ket ny\u00fajt azok sz\u00e1m\u00e1ra, akik k\u00f6lts\u00e9ghat\u00e9kony, nagy teljes\u00edtm\u00e9ny\u0171 vaping megold\u00e1st keresnek.<\/li>\n<\/ol>","protected":false},"excerpt":{"rendered":"<p>Fedezze fel a verhetetlen aj\u00e1nlatokat a Fumot Digital Box 12000 slukkos \u00fajrat\u00f6lthet\u0151 vape-hez. Vegye fel vel\u00fcnk a kapcsolatot m\u00e9g ma, hogy biztos\u00edtsa k\u00fcl\u00f6nleges kedvezm\u00e9ny\u00e9t!<strong>(A minim\u00e1lis rendel\u00e9si mennyis\u00e9g 50 db)<\/strong><\/p>\n<figure id=\"attachment_2951\" aria-describedby=\"caption-attachment-2951\" style=\"width: 265px\" class=\"wp-caption alignnone\"><img fetchpriority=\"high\" decoding=\"async\" class=\"size-medium wp-image-2951\" src=\"https:\/\/vapestornado.com\/wp-content\/uploads\/2024\/12\/Wholesale-Disposable-Vape-265x300.jpg\" alt=\"Nagykereskedelmi eldobhat\u00f3 Vape\" width=\"265\" height=\"300\" srcset=\"https:\/\/vapestornado.com\/wp-content\/uploads\/2024\/12\/Wholesale-Disposable-Vape-265x300.jpg 265w, https:\/\/vapestornado.com\/wp-content\/uploads\/2024\/12\/Wholesale-Disposable-Vape-768x871.jpg 768w, https:\/\/vapestornado.com\/wp-content\/uploads\/2024\/12\/Wholesale-Disposable-Vape-600x680.jpg 600w, https:\/\/vapestornado.com\/wp-content\/uploads\/2024\/12\/Wholesale-Disposable-Vape.jpg 823w\" sizes=\"(max-width: 265px) 100vw, 265px\" \/><figcaption id=\"caption-attachment-2951\" class=\"wp-caption-text\">K\u00e9rj\u00fck, vegye fel a kapcsolatot Mandy WhatsApp-j\u00e1val a kedvezm\u00e9nyes \u00e1r\u00e9rt<a href=\"https:\/\/wa.me\/8618077105796\">+8618077105796<\/a><\/figcaption><\/figure>","protected":false},"featured_media":2943,"comment_status":"open","ping_status":"closed","template":"","meta":{"_acf_changed":false,"_uag_custom_page_level_css":"","_lmt_disableupdate":"no","_lmt_disable":"","_monsterinsights_skip_tracking":false,"_monsterinsights_sitenote_active":false,"_monsterinsights_sitenote_note":"","_monsterinsights_sitenote_category":0,"site-sidebar-layout":"default","site-content-layout":"","ast-site-content-layout":"default","site-content-style":"default","site-sidebar-style":"default","ast-global-header-display":"","ast-banner-title-visibility":"","ast-main-header-display":"","ast-hfb-above-header-display":"","ast-hfb-below-header-display":"","ast-hfb-mobile-header-display":"","site-post-title":"","ast-breadcrumbs-content":"","ast-featured-img":"","footer-sml-layout":"","ast-disable-related-posts":"","theme-transparent-header-meta":"default","adv-header-id-meta":"","stick-header-meta":"","header-above-stick-meta":"","header-main-stick-meta":"","header-below-stick-meta":"","astra-migrate-meta-layouts":"set","ast-page-background-enabled":"default","ast-page-background-meta":{"desktop":{"background-color":"","background-image":"","background-repeat":"repeat","background-position":"center center","background-size":"auto","background-attachment":"scroll","background-type":"","background-media":"","overlay-type":"","overlay-color":"","overlay-opacity":"","overlay-gradient":""},"tablet":{"background-color":"","background-image":"","background-repeat":"repeat","background-position":"center center","background-size":"auto","background-attachment":"scroll","background-type":"","background-media":"","overlay-type":"","overlay-color":"","overlay-opacity":"","overlay-gradient":""},"mobile":{"background-color":"","background-image":"","background-repeat":"repeat","background-position":"center center","background-size":"auto","background-attachment":"scroll","background-type":"","background-media":"","overlay-type":"","overlay-color":"","overlay-opacity":"","overlay-gradient":""}},"ast-content-background-meta":{"desktop":{"background-color":"var(--ast-global-color-5)","background-image":"","background-repeat":"repeat","background-position":"center center","background-size":"auto","background-attachment":"scroll","background-type":"","background-media":"","overlay-type":"","overlay-color":"","overlay-opacity":"","overlay-gradient":""},"tablet":{"background-color":"var(--ast-global-color-5)","background-image":"","background-repeat":"repeat","background-position":"center center","background-size":"auto","background-attachment":"scroll","background-type":"","background-media":"","overlay-type":"","overlay-color":"","overlay-opacity":"","overlay-gradient":""},"mobile":{"background-color":"var(--ast-global-color-5)","background-image":"","background-repeat":"repeat","background-position":"center center","background-size":"auto","background-attachment":"scroll","background-type":"","background-media":"","overlay-type":"","overlay-color":"","overlay-opacity":"","overlay-gradient":""}},"_joinchat":{"telephone":"+8618077105796"}},"product_brand":[],"product_cat":[72,154,155,142,58],"product_tag":[82,98],"class_list":{"0":"post-2926","1":"product","2":"type-product","3":"status-publish","4":"has-post-thumbnail","6":"product_cat-12000-puff","7":"product_cat-buy-disposable-vapes-in-netherlands","8":"product_cat-buy-disposable-vapes-in-norway","9":"product_cat-digital-box-disposable-vapes","10":"product_cat-fumot-vape","11":"product_tag-fumot-digital-box-12000-puffs","12":"product_tag-wholesale-price-disposable-vape","13":"desktop-align-left","14":"tablet-align-left","15":"mobile-align-left","17":"first","18":"instock","19":"sale","20":"shipping-taxable","21":"purchasable","22":"product-type-simple"},"acf":[],"uagb_featured_image_src":{"full":["https:\/\/vapestornado.com\/wp-content\/uploads\/2024\/12\/Fumot-Digital-Box-12000-Puffs-Grape-Ice.jpg",800,800,false],"thumbnail":["https:\/\/vapestornado.com\/wp-content\/uploads\/2024\/12\/Fumot-Digital-Box-12000-Puffs-Grape-Ice-150x150.jpg",150,150,true],"medium":["https:\/\/vapestornado.com\/wp-content\/uploads\/2024\/12\/Fumot-Digital-Box-12000-Puffs-Grape-Ice-300x300.jpg",300,300,true],"medium_large":["https:\/\/vapestornado.com\/wp-content\/uploads\/2024\/12\/Fumot-Digital-Box-12000-Puffs-Grape-Ice-768x768.jpg",768,768,true],"large":["https:\/\/vapestornado.com\/wp-content\/uploads\/2024\/12\/Fumot-Digital-Box-12000-Puffs-Grape-Ice.jpg",800,800,false],"1536x1536":["https:\/\/vapestornado.com\/wp-content\/uploads\/2024\/12\/Fumot-Digital-Box-12000-Puffs-Grape-Ice.jpg",800,800,false],"2048x2048":["https:\/\/vapestornado.com\/wp-content\/uploads\/2024\/12\/Fumot-Digital-Box-12000-Puffs-Grape-Ice.jpg",800,800,false],"trp-custom-language-flag":["https:\/\/vapestornado.com\/wp-content\/uploads\/2024\/12\/Fumot-Digital-Box-12000-Puffs-Grape-Ice.jpg",12,12,false],"woocommerce_thumbnail":["https:\/\/vapestornado.com\/wp-content\/uploads\/2024\/12\/Fumot-Digital-Box-12000-Puffs-Grape-Ice-300x300.jpg",300,300,true],"woocommerce_single":["https:\/\/vapestornado.com\/wp-content\/uploads\/2024\/12\/Fumot-Digital-Box-12000-Puffs-Grape-Ice-600x600.jpg",600,600,true],"woocommerce_gallery_thumbnail":["https:\/\/vapestornado.com\/wp-content\/uploads\/2024\/12\/Fumot-Digital-Box-12000-Puffs-Grape-Ice-100x100.jpg",100,100,true]},"uagb_author_info":{"display_name":"ESMANDY","author_link":"https:\/\/vapestornado.com\/hu\/author\/"},"uagb_comment_info":0,"uagb_excerpt":"Discover unbeatable deals on the Fumot Digital Box 12000 puff Rechargeable Vape. Reach out today to secure your special discount!(MOQ is 50pcs) [caption id=\"attachment_2951\" align=\"alignnone\" width=\"265\"] Pls Contact Mandy's WhatsApp For Discount Price+8618077105796[\/caption]","_links":{"self":[{"href":"https:\/\/vapestornado.com\/hu\/wp-json\/wp\/v2\/product\/2926","targetHints":{"allow":["GET"]}}],"collection":[{"href":"https:\/\/vapestornado.com\/hu\/wp-json\/wp\/v2\/product"}],"about":[{"href":"https:\/\/vapestornado.com\/hu\/wp-json\/wp\/v2\/types\/product"}],"replies":[{"embeddable":true,"href":"https:\/\/vapestornado.com\/hu\/wp-json\/wp\/v2\/comments?post=2926"}],"wp:featuredmedia":[{"embeddable":true,"href":"https:\/\/vapestornado.com\/hu\/wp-json\/wp\/v2\/media\/2943"}],"wp:attachment":[{"href":"https:\/\/vapestornado.com\/hu\/wp-json\/wp\/v2\/media?parent=2926"}],"wp:term":[{"taxonomy":"product_brand","embeddable":true,"href":"https:\/\/vapestornado.com\/hu\/wp-json\/wp\/v2\/product_brand?post=2926"},{"taxonomy":"product_cat","embeddable":true,"href":"https:\/\/vapestornado.com\/hu\/wp-json\/wp\/v2\/product_cat?post=2926"},{"taxonomy":"product_tag","embeddable":true,"href":"https:\/\/vapestornado.com\/hu\/wp-json\/wp\/v2\/product_tag?post=2926"}],"curies":[{"name":"wp","href":"https:\/\/api.w.org\/{rel}","templated":true}]}}